{"id":748,"date":"2019-06-26T14:16:55","date_gmt":"2019-06-26T12:16:55","guid":{"rendered":"https:\/\/instytutpolski.pl\/tokio\/?page_id=748"},"modified":"2020-06-01T09:48:05","modified_gmt":"2020-06-01T07:48:05","slug":"stypendia-w-ramach-umow-dwustronnych","status":"publish","type":"page","link":"https:\/\/instytutpolski.pl\/tokyo\/pl\/stypendia-w-ramach-umow-dwustronnych\/","title":{"rendered":"Stypendia w ramach um\u00f3w dwustronnych"},"content":{"rendered":"\n<p>Wsp\u00f3\u0142prac\u0105 obj\u0119te s\u0105 m.in.:&nbsp;Armenia, Belgia Walonia, Bia\u0142oru\u015b, Bu\u0142garia, Chiny, Chorwacja, Czechy, Egipt, Francja, Izrael, Japonia, Jemen, Kazachstan,&nbsp;Korea, Macedonia, Mongolia, Rumunia, Serbia, S\u0142owacja, S\u0142owenia, Tajwan, Ukraina, W\u0119gry, Wietnam, W\u0142ochy.<strong>&nbsp;<\/strong>W ramach programu pobyt mo\u017ce trwa\u0107 od 3 dni do 12 miesi\u0119cy w danym roku akademickim.<strong>&nbsp;<\/strong>Wi\u0119cej informacji o programie wsp\u00f3\u0142pracy tutaj:&nbsp;<a href=\"https:\/\/www.nawa.gov.pl\/studenci\/studenci-zagraniczni\/program-wymiany-osobowej-studentow-i-naukowcow-w-ramach-wspolpracy-bilateralnej-oferta-przyjazdowa\">https:\/\/www.nawa.gov.pl\/studenci\/studenci-zagraniczni\/program-wymiany-osobowej-studentow-i-naukowcow-w-ramach-wspolpracy-bilateralnej-oferta-przyjazdowa<\/a>.<\/p>\n\n\n\n<p>Wi\u0119cej o<strong>&nbsp;projektach dedykowanych instytucjom<\/strong>: Promocja Zagraniczna; Program PROM;&nbsp;<a href=\"https:\/\/www.nawa.gov.pl\/instytucje\/akademickie-partnerstwa-miedzynarodowe\">Akademickie Partnerstwa Mi\u0119dzynarodowe<\/a>; Welcome to Poland;&nbsp;<a href=\"https:\/\/www.nawa.gov.pl\/instytucje\/ster-stypendia-doktorskie-dla-cudzoziemcow\">STER &#8211; Stypendia doktorskie dla cudzoziemc\u00f3w<\/a>; KATAMARAN &#8211; Przygotowanie i realizacja wsp\u00f3lnych studi\u00f3w II stopnia:&nbsp;<a href=\"https:\/\/www.nawa.gov.pl\/instytucje\">https:\/\/www.nawa.gov.pl\/instytucje<\/a><strong><\/strong><\/p>\n","protected":false},"excerpt":{"rendered":"<p>Wsp\u00f3\u0142prac\u0105 obj\u0119te s\u0105 m.in.:&nbsp;Armenia, Belgia Walonia, Bia\u0142oru\u015b, Bu\u0142garia, Chiny, Chorwacja, Czechy, Egipt, Francja, Izrael, Japonia, Jemen, Kazachstan,&nbsp;Korea, Macedonia, Mongolia, Rumunia, Serbia, S\u0142owacja, S\u0142owenia, Tajwan, Ukraina, W\u0119gry, Wietnam, W\u0142ochy.&nbsp;W ramach programu pobyt mo\u017ce trwa\u0107 od 3 dni do 12 miesi\u0119cy w danym roku akademickim.&nbsp;Wi\u0119cej informacji o programie wsp\u00f3\u0142pracy tutaj:&nbsp;https:\/\/www.nawa.gov.pl\/studenci\/studenci-zagraniczni\/program-wymiany-osobowej-studentow-i-naukowcow-w-ramach-wspolpracy-bilateralnej-oferta-przyjazdowa. Wi\u0119cej o&nbsp;projektach dedykowanych instytucjom: Promocja Zagraniczna; Program [&hellip;]<\/p>\n","protected":false},"author":1,"featured_media":1962,"parent":0,"menu_order":0,"comment_status":"closed","ping_status":"closed","template":"","meta":{"inline_featured_image":false,"_monsterinsights_skip_tracking":false,"_monsterinsights_sitenote_active":false,"_monsterinsights_sitenote_note":"","_monsterinsights_sitenote_category":0,"footnotes":""},"class_list":["post-748","page","type-page","status-publish","has-post-thumbnail","hentry"],"yoast_head":"<!-- This site is optimized with the Yoast SEO plugin v24.6 - https:\/\/yoast.com\/wordpress\/plugins\/seo\/ -->\n<title>Stypendia w ramach um\u00f3w dwustronnych - Instytut Polski w Tokio<\/title>\n<meta name=\"robots\" content=\"index, follow, max-snippet:-1, max-image-preview:large, max-video-preview:-1\" \/>\n<link rel=\"canonical\" href=\"https:\/\/instytutpolski.pl\/tokyo\/pl\/stypendia-w-ramach-umow-dwustronnych\/\" \/>\n<meta property=\"og:locale\" content=\"pl_PL\" \/>\n<meta property=\"og:type\" content=\"article\" \/>\n<meta property=\"og:title\" content=\"Stypendia w ramach um\u00f3w dwustronnych - Instytut Polski w Tokio\" \/>\n<meta property=\"og:description\" content=\"Wsp\u00f3\u0142prac\u0105 obj\u0119te s\u0105 m.in.:&nbsp;Armenia, Belgia Walonia, Bia\u0142oru\u015b, Bu\u0142garia, Chiny, Chorwacja, Czechy, Egipt, Francja, Izrael, Japonia, Jemen, Kazachstan,&nbsp;Korea, Macedonia, Mongolia, Rumunia, Serbia, S\u0142owacja, S\u0142owenia, Tajwan, Ukraina, W\u0119gry, Wietnam, W\u0142ochy.&nbsp;W ramach programu pobyt mo\u017ce trwa\u0107 od 3 dni do 12 miesi\u0119cy w danym roku akademickim.&nbsp;Wi\u0119cej informacji o programie wsp\u00f3\u0142pracy tutaj:&nbsp;https:\/\/www.nawa.gov.pl\/studenci\/studenci-zagraniczni\/program-wymiany-osobowej-studentow-i-naukowcow-w-ramach-wspolpracy-bilateralnej-oferta-przyjazdowa. Wi\u0119cej o&nbsp;projektach dedykowanych instytucjom: Promocja Zagraniczna; Program [&hellip;]\" \/>\n<meta property=\"og:url\" content=\"https:\/\/instytutpolski.pl\/tokyo\/pl\/stypendia-w-ramach-umow-dwustronnych\/\" \/>\n<meta property=\"og:site_name\" content=\"Instytut Polski w Tokio\" \/>\n<meta property=\"article:modified_time\" content=\"2020-06-01T07:48:05+00:00\" \/>\n<meta property=\"og:image\" content=\"https:\/\/instytutpolski.pl\/tokyo\/wp-content\/uploads\/sites\/22\/2020\/06\/B72.jpg\" \/>\n\t<meta property=\"og:image:width\" content=\"2480\" \/>\n\t<meta property=\"og:image:height\" content=\"1622\" \/>\n\t<meta property=\"og:image:type\" content=\"image\/jpeg\" \/>\n<meta name=\"twitter:card\" content=\"summary_large_image\" \/>\n<meta name=\"twitter:label1\" content=\"Szacowany czas czytania\" \/>\n\t<meta name=\"twitter:data1\" content=\"1 minuta\" \/>\n<script type=\"application\/ld+json\" class=\"yoast-schema-graph\">{\"@context\":\"https:\/\/schema.org\",\"@graph\":[{\"@type\":\"WebPage\",\"@id\":\"https:\/\/instytutpolski.pl\/tokyo\/pl\/stypendia-w-ramach-umow-dwustronnych\/\",\"url\":\"https:\/\/instytutpolski.pl\/tokyo\/pl\/stypendia-w-ramach-umow-dwustronnych\/\",\"name\":\"Stypendia w ramach um\u00f3w dwustronnych - Instytut Polski w Tokio\",\"isPartOf\":{\"@id\":\"https:\/\/instytutpolski.pl\/tokyo\/#website\"},\"primaryImageOfPage\":{\"@id\":\"https:\/\/instytutpolski.pl\/tokyo\/pl\/stypendia-w-ramach-umow-dwustronnych\/#primaryimage\"},\"image\":{\"@id\":\"https:\/\/instytutpolski.pl\/tokyo\/pl\/stypendia-w-ramach-umow-dwustronnych\/#primaryimage\"},\"thumbnailUrl\":\"https:\/\/instytutpolski.pl\/tokyo\/wp-content\/uploads\/sites\/22\/2020\/06\/B72.jpg\",\"datePublished\":\"2019-06-26T12:16:55+00:00\",\"dateModified\":\"2020-06-01T07:48:05+00:00\",\"breadcrumb\":{\"@id\":\"https:\/\/instytutpolski.pl\/tokyo\/pl\/stypendia-w-ramach-umow-dwustronnych\/#breadcrumb\"},\"inLanguage\":\"pl-PL\",\"potentialAction\":[{\"@type\":\"ReadAction\",\"target\":[\"https:\/\/instytutpolski.pl\/tokyo\/pl\/stypendia-w-ramach-umow-dwustronnych\/\"]}]},{\"@type\":\"ImageObject\",\"inLanguage\":\"pl-PL\",\"@id\":\"https:\/\/instytutpolski.pl\/tokyo\/pl\/stypendia-w-ramach-umow-dwustronnych\/#primaryimage\",\"url\":\"https:\/\/instytutpolski.pl\/tokyo\/wp-content\/uploads\/sites\/22\/2020\/06\/B72.jpg\",\"contentUrl\":\"https:\/\/instytutpolski.pl\/tokyo\/wp-content\/uploads\/sites\/22\/2020\/06\/B72.jpg\",\"width\":2480,\"height\":1622},{\"@type\":\"BreadcrumbList\",\"@id\":\"https:\/\/instytutpolski.pl\/tokyo\/pl\/stypendia-w-ramach-umow-dwustronnych\/#breadcrumb\",\"itemListElement\":[{\"@type\":\"ListItem\",\"position\":1,\"name\":\"Home\",\"item\":\"https:\/\/instytutpolski.pl\/tokyo\/\"},{\"@type\":\"ListItem\",\"position\":2,\"name\":\"Stypendia w ramach um\u00f3w dwustronnych\"}]},{\"@type\":\"WebSite\",\"@id\":\"https:\/\/instytutpolski.pl\/tokyo\/#website\",\"url\":\"https:\/\/instytutpolski.pl\/tokyo\/\",\"name\":\"Instytut Polski w Tokio\",\"description\":\"Instytuty Polskie\",\"potentialAction\":[{\"@type\":\"SearchAction\",\"target\":{\"@type\":\"EntryPoint\",\"urlTemplate\":\"https:\/\/instytutpolski.pl\/tokyo\/?s={search_term_string}\"},\"query-input\":{\"@type\":\"PropertyValueSpecification\",\"valueRequired\":true,\"valueName\":\"search_term_string\"}}],\"inLanguage\":\"pl-PL\"}]}<\/script>\n<!-- \/ Yoast SEO plugin. -->","yoast_head_json":{"title":"Stypendia w ramach um\u00f3w dwustronnych - Instytut Polski w Tokio","robots":{"index":"index","follow":"follow","max-snippet":"max-snippet:-1","max-image-preview":"max-image-preview:large","max-video-preview":"max-video-preview:-1"},"canonical":"https:\/\/instytutpolski.pl\/tokyo\/pl\/stypendia-w-ramach-umow-dwustronnych\/","og_locale":"pl_PL","og_type":"article","og_title":"Stypendia w ramach um\u00f3w dwustronnych - Instytut Polski w Tokio","og_description":"Wsp\u00f3\u0142prac\u0105 obj\u0119te s\u0105 m.in.:&nbsp;Armenia, Belgia Walonia, Bia\u0142oru\u015b, Bu\u0142garia, Chiny, Chorwacja, Czechy, Egipt, Francja, Izrael, Japonia, Jemen, Kazachstan,&nbsp;Korea, Macedonia, Mongolia, Rumunia, Serbia, S\u0142owacja, S\u0142owenia, Tajwan, Ukraina, W\u0119gry, Wietnam, W\u0142ochy.&nbsp;W ramach programu pobyt mo\u017ce trwa\u0107 od 3 dni do 12 miesi\u0119cy w danym roku akademickim.&nbsp;Wi\u0119cej informacji o programie wsp\u00f3\u0142pracy tutaj:&nbsp;https:\/\/www.nawa.gov.pl\/studenci\/studenci-zagraniczni\/program-wymiany-osobowej-studentow-i-naukowcow-w-ramach-wspolpracy-bilateralnej-oferta-przyjazdowa. Wi\u0119cej o&nbsp;projektach dedykowanych instytucjom: Promocja Zagraniczna; Program [&hellip;]","og_url":"https:\/\/instytutpolski.pl\/tokyo\/pl\/stypendia-w-ramach-umow-dwustronnych\/","og_site_name":"Instytut Polski w Tokio","article_modified_time":"2020-06-01T07:48:05+00:00","og_image":[{"width":2480,"height":1622,"url":"https:\/\/instytutpolski.pl\/tokyo\/wp-content\/uploads\/sites\/22\/2020\/06\/B72.jpg","type":"image\/jpeg"}],"twitter_card":"summary_large_image","twitter_misc":{"Szacowany czas czytania":"1 minuta"},"schema":{"@context":"https:\/\/schema.org","@graph":[{"@type":"WebPage","@id":"https:\/\/instytutpolski.pl\/tokyo\/pl\/stypendia-w-ramach-umow-dwustronnych\/","url":"https:\/\/instytutpolski.pl\/tokyo\/pl\/stypendia-w-ramach-umow-dwustronnych\/","name":"Stypendia w ramach um\u00f3w dwustronnych - Instytut Polski w Tokio","isPartOf":{"@id":"https:\/\/instytutpolski.pl\/tokyo\/#website"},"primaryImageOfPage":{"@id":"https:\/\/instytutpolski.pl\/tokyo\/pl\/stypendia-w-ramach-umow-dwustronnych\/#primaryimage"},"image":{"@id":"https:\/\/instytutpolski.pl\/tokyo\/pl\/stypendia-w-ramach-umow-dwustronnych\/#primaryimage"},"thumbnailUrl":"https:\/\/instytutpolski.pl\/tokyo\/wp-content\/uploads\/sites\/22\/2020\/06\/B72.jpg","datePublished":"2019-06-26T12:16:55+00:00","dateModified":"2020-06-01T07:48:05+00:00","breadcrumb":{"@id":"https:\/\/instytutpolski.pl\/tokyo\/pl\/stypendia-w-ramach-umow-dwustronnych\/#breadcrumb"},"inLanguage":"pl-PL","potentialAction":[{"@type":"ReadAction","target":["https:\/\/instytutpolski.pl\/tokyo\/pl\/stypendia-w-ramach-umow-dwustronnych\/"]}]},{"@type":"ImageObject","inLanguage":"pl-PL","@id":"https:\/\/instytutpolski.pl\/tokyo\/pl\/stypendia-w-ramach-umow-dwustronnych\/#primaryimage","url":"https:\/\/instytutpolski.pl\/tokyo\/wp-content\/uploads\/sites\/22\/2020\/06\/B72.jpg","contentUrl":"https:\/\/instytutpolski.pl\/tokyo\/wp-content\/uploads\/sites\/22\/2020\/06\/B72.jpg","width":2480,"height":1622},{"@type":"BreadcrumbList","@id":"https:\/\/instytutpolski.pl\/tokyo\/pl\/stypendia-w-ramach-umow-dwustronnych\/#breadcrumb","itemListElement":[{"@type":"ListItem","position":1,"name":"Home","item":"https:\/\/instytutpolski.pl\/tokyo\/"},{"@type":"ListItem","position":2,"name":"Stypendia w ramach um\u00f3w dwustronnych"}]},{"@type":"WebSite","@id":"https:\/\/instytutpolski.pl\/tokyo\/#website","url":"https:\/\/instytutpolski.pl\/tokyo\/","name":"Instytut Polski w Tokio","description":"Instytuty Polskie","potentialAction":[{"@type":"SearchAction","target":{"@type":"EntryPoint","urlTemplate":"https:\/\/instytutpolski.pl\/tokyo\/?s={search_term_string}"},"query-input":{"@type":"PropertyValueSpecification","valueRequired":true,"valueName":"search_term_string"}}],"inLanguage":"pl-PL"}]}},"_links":{"self":[{"href":"https:\/\/instytutpolski.pl\/tokyo\/wp-json\/wp\/v2\/pages\/748","targetHints":{"allow":["GET"]}}],"collection":[{"href":"https:\/\/instytutpolski.pl\/tokyo\/wp-json\/wp\/v2\/pages"}],"about":[{"href":"https:\/\/instytutpolski.pl\/tokyo\/wp-json\/wp\/v2\/types\/page"}],"author":[{"embeddable":true,"href":"https:\/\/instytutpolski.pl\/tokyo\/wp-json\/wp\/v2\/users\/1"}],"replies":[{"embeddable":true,"href":"https:\/\/instytutpolski.pl\/tokyo\/wp-json\/wp\/v2\/comments?post=748"}],"version-history":[{"count":3,"href":"https:\/\/instytutpolski.pl\/tokyo\/wp-json\/wp\/v2\/pages\/748\/revisions"}],"predecessor-version":[{"id":1990,"href":"https:\/\/instytutpolski.pl\/tokyo\/wp-json\/wp\/v2\/pages\/748\/revisions\/1990"}],"wp:featuredmedia":[{"embeddable":true,"href":"https:\/\/instytutpolski.pl\/tokyo\/wp-json\/wp\/v2\/media\/1962"}],"wp:attachment":[{"href":"https:\/\/instytutpolski.pl\/tokyo\/wp-json\/wp\/v2\/media?parent=748"}],"curies":[{"name":"wp","href":"https:\/\/api.w.org\/{rel}","templated":true}]}}