{"id":869,"date":"2019-06-26T14:50:33","date_gmt":"2019-06-26T12:50:33","guid":{"rendered":"https:\/\/instytutpolski.pl\/tokio\/?page_id=869"},"modified":"2023-08-25T07:55:31","modified_gmt":"2023-08-25T05:55:31","slug":"dla-prasy","status":"publish","type":"page","link":"https:\/\/instytutpolski.pl\/tokyo\/pl\/dla-prasy\/","title":{"rendered":"Dla prasy"},"content":{"rendered":"\n<p>24.08.2023 Pomoc Polski dla Ukrainy w p\u00f3\u0142tora roku od wybuchu wojny  <a href=\"https:\/\/instytutpolski.pl\/tokyo\/wp-content\/uploads\/sites\/22\/2023\/08\/News-Release-dot.-polskiej-pomocy-dla-Ukrainy-w-poltora-roku-po-wybuchu-wojny-PL.pdf\" target=\"_blank\" rel=\"noreferrer noopener\">PDF<\/a><\/p>\n\n\n\n<p>26.08.2022 P\u00f3\u0142 roku rosyjskiej inwazji na Ukrain\u0119 <a href=\"https:\/\/instytutpolski.pl\/tokyo\/wp-content\/uploads\/sites\/22\/2022\/09\/Press-release-wojna-na-Ukrainie-PL.pdf\" target=\"_blank\" rel=\"noreferrer noopener\">PDF<\/a><\/p>\n\n\n\n<p>19.08.2022 Ob\u00f3z dzieci\u0119cy w Ehime z udzia\u0142em dzieci z Ukrainy <a href=\"https:\/\/instytutpolski.pl\/tokyo\/wp-content\/uploads\/sites\/22\/2022\/09\/News-Release_PL_Oboz-w-Ehime-z-udzialem-dzieci-z-Ukrainy.pdf\" target=\"_blank\" rel=\"noreferrer noopener\">PDF<\/a><\/p>\n\n\n\n<p>15.06.2022 Ceremonia wr\u0119czenia nagrody im. Marii Sk\u0142odowskiej-Curie dla m\u0142odych kobiet naukowiec z Japonii <a href=\"https:\/\/instytutpolski.pl\/tokyo\/wp-content\/uploads\/sites\/22\/2022\/09\/News-Release_PL_Ceremonia-wreczenia-nagrody-im.-M.-Sklodowskiej-Curie.pdf\" target=\"_blank\" rel=\"noreferrer noopener\">PDF<\/a><\/p>\n\n\n\n<div class=\"wp-block-file\"><a id=\"wp-block-file--media-569595c1-a52f-42ca-99e8-b92ceb12da34\" href=\"https:\/\/instytutpolski.pl\/tokyo\/wp-content\/uploads\/sites\/22\/2021\/04\/Konstytucja-3-Maja-News-Release.pdf\">30.04.2021  230. rocznica uchwalenia Konstytucji 3 Maja<\/a><a href=\"https:\/\/instytutpolski.pl\/tokyo\/wp-content\/uploads\/sites\/22\/2021\/04\/Konstytucja-3-Maja-News-Release.pdf\" class=\"wp-block-file__button\" download aria-describedby=\"wp-block-file--media-569595c1-a52f-42ca-99e8-b92ceb12da34\">Pobierz<\/a><\/div>\n\n\n\n<div class=\"wp-block-file\"><a id=\"wp-block-file--media-9650a716-6a9d-404f-8861-b320dceae44f\" href=\"https:\/\/instytutpolski.pl\/tokyo\/wp-content\/uploads\/sites\/22\/2021\/03\/News-Release-PL-Urodziny-Chopina.pdf\">01.03.2021  Urodziny Chopina<\/a><a href=\"https:\/\/instytutpolski.pl\/tokyo\/wp-content\/uploads\/sites\/22\/2021\/03\/News-Release-PL-Urodziny-Chopina.pdf\" class=\"wp-block-file__button\" download aria-describedby=\"wp-block-file--media-9650a716-6a9d-404f-8861-b320dceae44f\">Pobierz<\/a><\/div>\n\n\n\n<div class=\"wp-block-file\"><a id=\"wp-block-file--media-f5da462c-831f-49ee-8ffe-6bdb427c47a5\" href=\"https:\/\/instytutpolski.pl\/tokyo\/wp-content\/uploads\/sites\/22\/2021\/02\/PL-40.-rocznica-pielgrzymki-Sw.-JP2-do-Japonii.pdf\">19.02.2021  40. rocznica pielgrzymki \u015aw. Jana Paw\u0142a II do Japonii<\/a><a href=\"https:\/\/instytutpolski.pl\/tokyo\/wp-content\/uploads\/sites\/22\/2021\/02\/PL-40.-rocznica-pielgrzymki-Sw.-JP2-do-Japonii.pdf\" class=\"wp-block-file__button\" download aria-describedby=\"wp-block-file--media-f5da462c-831f-49ee-8ffe-6bdb427c47a5\">Pobierz<\/a><\/div>\n\n\n\n<div class=\"wp-block-file\"><a id=\"wp-block-file--media-c4d27702-393c-4c69-b360-3e791fe6274f\" href=\"https:\/\/instytutpolski.pl\/tokyo\/wp-content\/uploads\/sites\/22\/2021\/01\/News-Release_PL_Polscy-Olimpijczycy-z-Igrzysk-w-Tokio-w-1964-roku.pdf\">28.01.2020  Polscy Olimpijczycy z Igrzysk w Tokio w 1964 roku<\/a><a href=\"https:\/\/instytutpolski.pl\/tokyo\/wp-content\/uploads\/sites\/22\/2021\/01\/News-Release_PL_Polscy-Olimpijczycy-z-Igrzysk-w-Tokio-w-1964-roku.pdf\" class=\"wp-block-file__button\" download aria-describedby=\"wp-block-file--media-c4d27702-393c-4c69-b360-3e791fe6274f\">Pobierz<\/a><\/div>\n\n\n\n<div class=\"wp-block-file\"><a id=\"wp-block-file--media-efbdd3cd-aefe-4081-9db3-6527298c52d7\" href=\"https:\/\/instytutpolski.pl\/tokyo\/wp-content\/uploads\/sites\/22\/2021\/01\/Miedzynarodowy-Dzien-Holokaustu-News-Release-PL.pdf\">27.01.2020  Mi\u0119dzynarodowy Dzie\u0144 Holokaustu<\/a><a href=\"https:\/\/instytutpolski.pl\/tokyo\/wp-content\/uploads\/sites\/22\/2021\/01\/Miedzynarodowy-Dzien-Holokaustu-News-Release-PL.pdf\" class=\"wp-block-file__button\" download aria-describedby=\"wp-block-file--media-efbdd3cd-aefe-4081-9db3-6527298c52d7\">Pobierz<\/a><\/div>\n\n\n\n<div class=\"wp-block-file\"><a id=\"wp-block-file--media-1f8ec01d-ee88-4bb8-b554-13af2283fb3c\" href=\"https:\/\/instytutpolski.pl\/tokyo\/wp-content\/uploads\/sites\/22\/2020\/11\/PL-News-Release-o-wystawie-Krakow.-Smok-i-Smok.pdf\">12.11.2020  Wystawa &#8222;Krak\u00f3w Smok i Smok&#8221;<\/a><a href=\"https:\/\/instytutpolski.pl\/tokyo\/wp-content\/uploads\/sites\/22\/2020\/11\/PL-News-Release-o-wystawie-Krakow.-Smok-i-Smok.pdf\" class=\"wp-block-file__button\" download aria-describedby=\"wp-block-file--media-1f8ec01d-ee88-4bb8-b554-13af2283fb3c\">Pobierz<\/a><\/div>\n\n\n\n<div class=\"wp-block-file\"><a id=\"wp-block-file--media-3f3e7682-51e3-4978-ab91-6eed1cb64e20\" href=\"https:\/\/instytutpolski.pl\/tokyo\/wp-content\/uploads\/sites\/22\/2020\/10\/PL-News-Release-o-Roku-Romana-Ingardena.pdf\">27.10.2020  O Roku Romana Ingardena<\/a><a href=\"https:\/\/instytutpolski.pl\/tokyo\/wp-content\/uploads\/sites\/22\/2020\/10\/PL-News-Release-o-Roku-Romana-Ingardena.pdf\" class=\"wp-block-file__button\" download aria-describedby=\"wp-block-file--media-3f3e7682-51e3-4978-ab91-6eed1cb64e20\">Pobierz<\/a><\/div>\n\n\n\n<div class=\"wp-block-file\"><a id=\"wp-block-file--media-c99f1288-d0e9-416b-9ead-9c02cb8ad65b\" href=\"https:\/\/instytutpolski.pl\/tokyo\/wp-content\/uploads\/sites\/22\/2020\/10\/News-Release-Exodus-PL.pdf\">30.10.2020  Spektakl baletowy &#8222;Exodus&#8221; w wykonaniu Zespo\u0142u Pie\u015bni i Ta\u0144ca &#8222;\u015al\u0105sk&#8221;<\/a><a href=\"https:\/\/instytutpolski.pl\/tokyo\/wp-content\/uploads\/sites\/22\/2020\/10\/News-Release-Exodus-PL.pdf\" class=\"wp-block-file__button\" download aria-describedby=\"wp-block-file--media-c99f1288-d0e9-416b-9ead-9c02cb8ad65b\">Pobierz<\/a><\/div>\n\n\n\n<div class=\"wp-block-file\"><a id=\"wp-block-file--media-80de4e86-eb21-4b44-aff0-054ab6f61440\" href=\"https:\/\/instytutpolski.pl\/tokyo\/wp-content\/uploads\/sites\/22\/2020\/09\/News-Release_PL_festiwal-polski-2020-online.pdf\">15.09.2020  Festiwal Polski 2020 online<\/a><a href=\"https:\/\/instytutpolski.pl\/tokyo\/wp-content\/uploads\/sites\/22\/2020\/09\/News-Release_PL_festiwal-polski-2020-online.pdf\" class=\"wp-block-file__button\" download aria-describedby=\"wp-block-file--media-80de4e86-eb21-4b44-aff0-054ab6f61440\">Pobierz<\/a><\/div>\n\n\n\n<div class=\"wp-block-file\"><a id=\"wp-block-file--media-f5d06b35-b84e-4522-aeb3-c94dc4e7999b\" href=\"https:\/\/instytutpolski.pl\/tokyo\/wp-content\/uploads\/sites\/22\/2020\/09\/News-Release_PL_Rok-Fizyki-w-Polsce.pdf\">11.09.2020  Rok 2020 &#8211; Rokiem Fizyki w Polsce<\/a><a href=\"https:\/\/instytutpolski.pl\/tokyo\/wp-content\/uploads\/sites\/22\/2020\/09\/News-Release_PL_Rok-Fizyki-w-Polsce.pdf\" class=\"wp-block-file__button\" download aria-describedby=\"wp-block-file--media-f5d06b35-b84e-4522-aeb3-c94dc4e7999b\">Pobierz<\/a><\/div>\n\n\n\n<div class=\"wp-block-file\"><a id=\"wp-block-file--media-2ac65fcb-6a4a-409b-9dde-f2c16ca2ad1b\" href=\"https:\/\/instytutpolski.pl\/tokyo\/wp-content\/uploads\/sites\/22\/2020\/09\/News-Release_PL_40.-rocznica-Solidarno\u015bci-i-dzia\u0142alno\u015b\u0107-Umedy.pdf\">02.09.2020  Japo\u0144skie w\u0105tki w dzia\u0142alno\u015bci &#8222;Solidarno\u015bci&#8221;w 40. rocznic\u0119 powstania najwi\u0119kszego w Polsce ruchu zawodowego<\/a><a href=\"https:\/\/instytutpolski.pl\/tokyo\/wp-content\/uploads\/sites\/22\/2020\/09\/News-Release_PL_40.-rocznica-Solidarno\u015bci-i-dzia\u0142alno\u015b\u0107-Umedy.pdf\" class=\"wp-block-file__button\" download aria-describedby=\"wp-block-file--media-2ac65fcb-6a4a-409b-9dde-f2c16ca2ad1b\">Pobierz<\/a><\/div>\n\n\n\n<div class=\"wp-block-file\"><a id=\"wp-block-file--media-0f2ca454-0703-4809-9540-987c3d925e57\" href=\"https:\/\/instytutpolski.pl\/tokyo\/wp-content\/uploads\/sites\/22\/2020\/08\/News-Release_PL_wsp\u00f3\u0142praca-wojskowa-mi\u0119dzy-Polsk\u0105-a-Japoni\u0105.pdf\">14.08.2020  O historycznych aspektach wojskowej wsp\u00f3\u0142pracy Polski i Japonii w przededniu \u015awi\u0119ta Wojska Polskiego<\/a><a href=\"https:\/\/instytutpolski.pl\/tokyo\/wp-content\/uploads\/sites\/22\/2020\/08\/News-Release_PL_wsp\u00f3\u0142praca-wojskowa-mi\u0119dzy-Polsk\u0105-a-Japoni\u0105.pdf\" class=\"wp-block-file__button\" download aria-describedby=\"wp-block-file--media-0f2ca454-0703-4809-9540-987c3d925e57\">Pobierz<\/a><\/div>\n\n\n\n<div class=\"wp-block-file\"><a id=\"wp-block-file--media-578940cb-273d-40ed-862b-282f7a2d8239\" href=\"https:\/\/instytutpolski.pl\/tokyo\/wp-content\/uploads\/sites\/22\/2020\/08\/News-Release_PL_Most-Solidarno\u015bci_Polskie-wakacje-dla-dzieci-z-Japonii-1.pdf\">06.08.2020 Most Solidarno\u015bci &#8211; Polskie wakacje dla dzieci z Japonii<\/a><a href=\"https:\/\/instytutpolski.pl\/tokyo\/wp-content\/uploads\/sites\/22\/2020\/08\/News-Release_PL_Most-Solidarno\u015bci_Polskie-wakacje-dla-dzieci-z-Japonii-1.pdf\" class=\"wp-block-file__button\" download aria-describedby=\"wp-block-file--media-578940cb-273d-40ed-862b-282f7a2d8239\">Pobierz<\/a><\/div>\n\n\n\n<div class=\"wp-block-file\"><a id=\"wp-block-file--media-5ae77070-6632-4745-ac30-cd80ec08e8e7\" href=\"https:\/\/instytutpolski.pl\/tokyo\/wp-content\/uploads\/sites\/22\/2020\/07\/PL-News-Release-Amb.-Romer.pdf\">30.07.2020  Wystawa po\u015bwi\u0119cona Tadeuszowi Romerowi &#8211; pierwszemu Ambasadorowi RP w Japonii<\/a><a href=\"https:\/\/instytutpolski.pl\/tokyo\/wp-content\/uploads\/sites\/22\/2020\/07\/PL-News-Release-Amb.-Romer.pdf\" class=\"wp-block-file__button\" download aria-describedby=\"wp-block-file--media-5ae77070-6632-4745-ac30-cd80ec08e8e7\">Pobierz<\/a><\/div>\n\n\n\n<div class=\"wp-block-file\"><a id=\"wp-block-file--media-aad43b06-a43c-4af9-af5d-958c5700ef25\" href=\"https:\/\/instytutpolski.pl\/tokyo\/wp-content\/uploads\/sites\/22\/2020\/07\/PL-News-Release-polska-prezydencja-w-V4.pdf\"><br>01.07.2020  Polska Prezydencja w Grupie Wyszehradzkiej <\/a><a href=\"https:\/\/instytutpolski.pl\/tokyo\/wp-content\/uploads\/sites\/22\/2020\/07\/PL-News-Release-polska-prezydencja-w-V4.pdf\" class=\"wp-block-file__button\" download aria-describedby=\"wp-block-file--media-aad43b06-a43c-4af9-af5d-958c5700ef25\">Pobierz<\/a><\/div>\n\n\n\n<div class=\"wp-block-file\"><a id=\"wp-block-file--media-814491c8-60b3-4af4-b2da-7c8c1c9d2aeb\" href=\"https:\/\/instytutpolski.pl\/tokyo\/wp-content\/uploads\/sites\/22\/2020\/05\/PL-News-Release-100-rocznica-urodzin-\u015aw.-Jana-Paw\u0142a-II.pdf\"><br>18.05.2020&nbsp; 100 rocznica urodzin \u015aw. Jana Paw\u0142a II<\/a><a href=\"https:\/\/instytutpolski.pl\/tokyo\/wp-content\/uploads\/sites\/22\/2020\/05\/PL-News-Release-100-rocznica-urodzin-\u015aw.-Jana-Paw\u0142a-II.pdf\" class=\"wp-block-file__button\" download aria-describedby=\"wp-block-file--media-814491c8-60b3-4af4-b2da-7c8c1c9d2aeb\">Pobierz<\/a><\/div>\n","protected":false},"excerpt":{"rendered":"<p>24.08.2023 Pomoc Polski dla Ukrainy w p\u00f3\u0142tora roku od wybuchu wojny PDF 26.08.2022 P\u00f3\u0142 roku rosyjskiej inwazji na Ukrain\u0119 PDF 19.08.2022 Ob\u00f3z dzieci\u0119cy w Ehime z udzia\u0142em dzieci z Ukrainy PDF 15.06.2022 Ceremonia wr\u0119czenia nagrody im. Marii Sk\u0142odowskiej-Curie dla m\u0142odych kobiet naukowiec z Japonii PDF<\/p>\n","protected":false},"author":1,"featured_media":1967,"parent":0,"menu_order":0,"comment_status":"closed","ping_status":"closed","template":"","meta":{"inline_featured_image":false,"_monsterinsights_skip_tracking":false,"_monsterinsights_sitenote_active":false,"_monsterinsights_sitenote_note":"","_monsterinsights_sitenote_category":0,"footnotes":""},"class_list":["post-869","page","type-page","status-publish","has-post-thumbnail","hentry"],"yoast_head":"<!-- This site is optimized with the Yoast SEO plugin v24.6 - https:\/\/yoast.com\/wordpress\/plugins\/seo\/ -->\n<title>Dla prasy - Instytut Polski w Tokio<\/title>\n<meta name=\"robots\" content=\"index, follow, max-snippet:-1, max-image-preview:large, max-video-preview:-1\" \/>\n<link rel=\"canonical\" href=\"https:\/\/instytutpolski.pl\/tokyo\/pl\/dla-prasy\/\" \/>\n<meta property=\"og:locale\" content=\"pl_PL\" \/>\n<meta property=\"og:type\" content=\"article\" \/>\n<meta property=\"og:title\" content=\"Dla prasy - Instytut Polski w Tokio\" \/>\n<meta property=\"og:description\" content=\"24.08.2023 Pomoc Polski dla Ukrainy w p\u00f3\u0142tora roku od wybuchu wojny PDF 26.08.2022 P\u00f3\u0142 roku rosyjskiej inwazji na Ukrain\u0119 PDF 19.08.2022 Ob\u00f3z dzieci\u0119cy w Ehime z udzia\u0142em dzieci z Ukrainy PDF 15.06.2022 Ceremonia wr\u0119czenia nagrody im. Marii Sk\u0142odowskiej-Curie dla m\u0142odych kobiet naukowiec z Japonii PDF\" \/>\n<meta property=\"og:url\" content=\"https:\/\/instytutpolski.pl\/tokyo\/pl\/dla-prasy\/\" \/>\n<meta property=\"og:site_name\" content=\"Instytut Polski w Tokio\" \/>\n<meta property=\"article:modified_time\" content=\"2023-08-25T05:55:31+00:00\" \/>\n<meta property=\"og:image\" content=\"https:\/\/instytutpolski.pl\/tokyo\/wp-content\/uploads\/sites\/22\/2020\/06\/3G1A9730.jpg\" \/>\n\t<meta property=\"og:image:width\" content=\"1000\" \/>\n\t<meta property=\"og:image:height\" content=\"667\" \/>\n\t<meta property=\"og:image:type\" content=\"image\/jpeg\" \/>\n<meta name=\"twitter:card\" content=\"summary_large_image\" \/>\n<meta name=\"twitter:label1\" content=\"Szacowany czas czytania\" \/>\n\t<meta name=\"twitter:data1\" content=\"2 minuty\" \/>\n<script type=\"application\/ld+json\" class=\"yoast-schema-graph\">{\"@context\":\"https:\/\/schema.org\",\"@graph\":[{\"@type\":\"WebPage\",\"@id\":\"https:\/\/instytutpolski.pl\/tokyo\/pl\/dla-prasy\/\",\"url\":\"https:\/\/instytutpolski.pl\/tokyo\/pl\/dla-prasy\/\",\"name\":\"Dla prasy - Instytut Polski w Tokio\",\"isPartOf\":{\"@id\":\"https:\/\/instytutpolski.pl\/tokyo\/#website\"},\"primaryImageOfPage\":{\"@id\":\"https:\/\/instytutpolski.pl\/tokyo\/pl\/dla-prasy\/#primaryimage\"},\"image\":{\"@id\":\"https:\/\/instytutpolski.pl\/tokyo\/pl\/dla-prasy\/#primaryimage\"},\"thumbnailUrl\":\"https:\/\/instytutpolski.pl\/tokyo\/wp-content\/uploads\/sites\/22\/2020\/06\/3G1A9730.jpg\",\"datePublished\":\"2019-06-26T12:50:33+00:00\",\"dateModified\":\"2023-08-25T05:55:31+00:00\",\"breadcrumb\":{\"@id\":\"https:\/\/instytutpolski.pl\/tokyo\/pl\/dla-prasy\/#breadcrumb\"},\"inLanguage\":\"pl-PL\",\"potentialAction\":[{\"@type\":\"ReadAction\",\"target\":[\"https:\/\/instytutpolski.pl\/tokyo\/pl\/dla-prasy\/\"]}]},{\"@type\":\"ImageObject\",\"inLanguage\":\"pl-PL\",\"@id\":\"https:\/\/instytutpolski.pl\/tokyo\/pl\/dla-prasy\/#primaryimage\",\"url\":\"https:\/\/instytutpolski.pl\/tokyo\/wp-content\/uploads\/sites\/22\/2020\/06\/3G1A9730.jpg\",\"contentUrl\":\"https:\/\/instytutpolski.pl\/tokyo\/wp-content\/uploads\/sites\/22\/2020\/06\/3G1A9730.jpg\",\"width\":1000,\"height\":667},{\"@type\":\"BreadcrumbList\",\"@id\":\"https:\/\/instytutpolski.pl\/tokyo\/pl\/dla-prasy\/#breadcrumb\",\"itemListElement\":[{\"@type\":\"ListItem\",\"position\":1,\"name\":\"Home\",\"item\":\"https:\/\/instytutpolski.pl\/tokyo\/\"},{\"@type\":\"ListItem\",\"position\":2,\"name\":\"Dla prasy\"}]},{\"@type\":\"WebSite\",\"@id\":\"https:\/\/instytutpolski.pl\/tokyo\/#website\",\"url\":\"https:\/\/instytutpolski.pl\/tokyo\/\",\"name\":\"Instytut Polski w Tokio\",\"description\":\"Instytuty Polskie\",\"potentialAction\":[{\"@type\":\"SearchAction\",\"target\":{\"@type\":\"EntryPoint\",\"urlTemplate\":\"https:\/\/instytutpolski.pl\/tokyo\/?s={search_term_string}\"},\"query-input\":{\"@type\":\"PropertyValueSpecification\",\"valueRequired\":true,\"valueName\":\"search_term_string\"}}],\"inLanguage\":\"pl-PL\"}]}<\/script>\n<!-- \/ Yoast SEO plugin. -->","yoast_head_json":{"title":"Dla prasy - Instytut Polski w Tokio","robots":{"index":"index","follow":"follow","max-snippet":"max-snippet:-1","max-image-preview":"max-image-preview:large","max-video-preview":"max-video-preview:-1"},"canonical":"https:\/\/instytutpolski.pl\/tokyo\/pl\/dla-prasy\/","og_locale":"pl_PL","og_type":"article","og_title":"Dla prasy - Instytut Polski w Tokio","og_description":"24.08.2023 Pomoc Polski dla Ukrainy w p\u00f3\u0142tora roku od wybuchu wojny PDF 26.08.2022 P\u00f3\u0142 roku rosyjskiej inwazji na Ukrain\u0119 PDF 19.08.2022 Ob\u00f3z dzieci\u0119cy w Ehime z udzia\u0142em dzieci z Ukrainy PDF 15.06.2022 Ceremonia wr\u0119czenia nagrody im. Marii Sk\u0142odowskiej-Curie dla m\u0142odych kobiet naukowiec z Japonii PDF","og_url":"https:\/\/instytutpolski.pl\/tokyo\/pl\/dla-prasy\/","og_site_name":"Instytut Polski w Tokio","article_modified_time":"2023-08-25T05:55:31+00:00","og_image":[{"width":1000,"height":667,"url":"https:\/\/instytutpolski.pl\/tokyo\/wp-content\/uploads\/sites\/22\/2020\/06\/3G1A9730.jpg","type":"image\/jpeg"}],"twitter_card":"summary_large_image","twitter_misc":{"Szacowany czas czytania":"2 minuty"},"schema":{"@context":"https:\/\/schema.org","@graph":[{"@type":"WebPage","@id":"https:\/\/instytutpolski.pl\/tokyo\/pl\/dla-prasy\/","url":"https:\/\/instytutpolski.pl\/tokyo\/pl\/dla-prasy\/","name":"Dla prasy - Instytut Polski w Tokio","isPartOf":{"@id":"https:\/\/instytutpolski.pl\/tokyo\/#website"},"primaryImageOfPage":{"@id":"https:\/\/instytutpolski.pl\/tokyo\/pl\/dla-prasy\/#primaryimage"},"image":{"@id":"https:\/\/instytutpolski.pl\/tokyo\/pl\/dla-prasy\/#primaryimage"},"thumbnailUrl":"https:\/\/instytutpolski.pl\/tokyo\/wp-content\/uploads\/sites\/22\/2020\/06\/3G1A9730.jpg","datePublished":"2019-06-26T12:50:33+00:00","dateModified":"2023-08-25T05:55:31+00:00","breadcrumb":{"@id":"https:\/\/instytutpolski.pl\/tokyo\/pl\/dla-prasy\/#breadcrumb"},"inLanguage":"pl-PL","potentialAction":[{"@type":"ReadAction","target":["https:\/\/instytutpolski.pl\/tokyo\/pl\/dla-prasy\/"]}]},{"@type":"ImageObject","inLanguage":"pl-PL","@id":"https:\/\/instytutpolski.pl\/tokyo\/pl\/dla-prasy\/#primaryimage","url":"https:\/\/instytutpolski.pl\/tokyo\/wp-content\/uploads\/sites\/22\/2020\/06\/3G1A9730.jpg","contentUrl":"https:\/\/instytutpolski.pl\/tokyo\/wp-content\/uploads\/sites\/22\/2020\/06\/3G1A9730.jpg","width":1000,"height":667},{"@type":"BreadcrumbList","@id":"https:\/\/instytutpolski.pl\/tokyo\/pl\/dla-prasy\/#breadcrumb","itemListElement":[{"@type":"ListItem","position":1,"name":"Home","item":"https:\/\/instytutpolski.pl\/tokyo\/"},{"@type":"ListItem","position":2,"name":"Dla prasy"}]},{"@type":"WebSite","@id":"https:\/\/instytutpolski.pl\/tokyo\/#website","url":"https:\/\/instytutpolski.pl\/tokyo\/","name":"Instytut Polski w Tokio","description":"Instytuty Polskie","potentialAction":[{"@type":"SearchAction","target":{"@type":"EntryPoint","urlTemplate":"https:\/\/instytutpolski.pl\/tokyo\/?s={search_term_string}"},"query-input":{"@type":"PropertyValueSpecification","valueRequired":true,"valueName":"search_term_string"}}],"inLanguage":"pl-PL"}]}},"_links":{"self":[{"href":"https:\/\/instytutpolski.pl\/tokyo\/wp-json\/wp\/v2\/pages\/869","targetHints":{"allow":["GET"]}}],"collection":[{"href":"https:\/\/instytutpolski.pl\/tokyo\/wp-json\/wp\/v2\/pages"}],"about":[{"href":"https:\/\/instytutpolski.pl\/tokyo\/wp-json\/wp\/v2\/types\/page"}],"author":[{"embeddable":true,"href":"https:\/\/instytutpolski.pl\/tokyo\/wp-json\/wp\/v2\/users\/1"}],"replies":[{"embeddable":true,"href":"https:\/\/instytutpolski.pl\/tokyo\/wp-json\/wp\/v2\/comments?post=869"}],"version-history":[{"count":28,"href":"https:\/\/instytutpolski.pl\/tokyo\/wp-json\/wp\/v2\/pages\/869\/revisions"}],"predecessor-version":[{"id":7452,"href":"https:\/\/instytutpolski.pl\/tokyo\/wp-json\/wp\/v2\/pages\/869\/revisions\/7452"}],"wp:featuredmedia":[{"embeddable":true,"href":"https:\/\/instytutpolski.pl\/tokyo\/wp-json\/wp\/v2\/media\/1967"}],"wp:attachment":[{"href":"https:\/\/instytutpolski.pl\/tokyo\/wp-json\/wp\/v2\/media?parent=869"}],"curies":[{"name":"wp","href":"https:\/\/api.w.org\/{rel}","templated":true}]}}