{"id":12,"date":"2019-06-04T14:39:55","date_gmt":"2019-06-04T12:39:55","guid":{"rendered":"https:\/\/instytutpolski.pl\/wilno\/?page_id=12"},"modified":"2021-09-27T15:41:46","modified_gmt":"2021-09-27T13:41:46","slug":"rodo","status":"publish","type":"page","link":"https:\/\/instytutpolski.pl\/vilnius\/rodo\/","title":{"rendered":"RODO"},"content":{"rendered":"\n<p><strong>Informacija apie tai, kaip Lenkijos institutas Vilniuje tvarko <\/strong><strong>naujienlai\u0161kio prenumeratori\u0173 asmens duomenis <\/strong><\/p>\n<p>\u0160i informacija pateikta vadovaujantis reikalavimais, nustatytais\u00a0 Europos Parlamento ir Tarybos 2016 m. baland\u017eio 27 d. reglamento (ES) 2016 \/ 679 d\u0117l fizini\u0173 asmen\u0173 apsaugos tvarkant asmens duomenis ir d\u0117l laisvo toki\u0173 duomen\u0173 jud\u0117jimo ir kuriuo panaikinama Direktyva 95\/46\/EB (Bendrasis duomen\u0173 apsaugos reglamentas BDAR).<\/p>\n<ol>\n<li>Pagal BDAR 4 str. 7 p., J\u016bs\u0173 asmens duomen\u0173 administratorius yra Lenkijos u\u017esienio reikal\u0173 ministras, kurio b\u016bstin\u0117 yra Lenkijoje adresu: J. Ch. Szucha 23, Var\u0161uva, ta\u010diau duomen\u0173 valdytojo pareigas vykdo Lenkijos instituto Vilniuje direktorius (\u0160v. Jono g. 3, Vilnius).<\/li>\n<li>Lenkijos u\u017esienio reikal\u0173 ministerijoje ir u\u017esienio atstovyb\u0117se yra sudaryta Duomen\u0173 apsaugos inspekcija (DAI). <br \/>DAI kontaktiniai duomenys:<br \/><span style=\"font-size: inherit\">B\u016bstin\u0117s adresas: Al. J. Ch. Szucha 23, 00-580 Warszawa<br \/><\/span><span style=\"font-size: inherit\">El. pa\u0161to adresas: iod@msz.gov.pl<\/span><\/li>\n<li>Pagal Lenkijos URM veiklos reglamento \u00a720 p. 1 Lenkijos institute domen\u0173 administratoriaus pareigas eina Lenkijos instituto direktorius.<\/li>\n<li>Duomen\u0173 tvarkymas atitinka BDAR 6 str. 1 p. \u2013 reikalingas duomen\u0173 subjekto sutikimas naujienlai\u0161kio prane\u0161imams apie Lenkijos instituto Vilniuje program\u0105 bei veikl\u0105 gauti. Duomen\u0173 pateikimas yra savanori\u0161kas, ta\u010diau b\u016btinas norint, kad b\u016bt\u0173 siun\u010diamas naujienlai\u0161kis.<\/li>\n<li>Duomenims taikomos BDAR duomen\u0173 apsaugos taisykl\u0117s ir jie neperduodami tretiesiems asmenims, kurie n\u0117ra \u012fgalioti gauti \u0161iuos duomenis.<\/li>\n<li>Duomenys nebus perduodami tre\u010diajai valstybei ir tarptautinei organizacijai.<\/li>\n<li>Prieig\u0105 prie asmens duomen\u0173 turi tik \u012fgalioti Lenkijos instituto Vilniuje darbuotojai.<\/li>\n<li>Duomenys yra tvarkomi tol, kol asmuo neat\u0161aukia savo sutikimo toliau juos tvarkyti. Sutikimas gali b\u016bti bet kada at\u0161auktas, pasinaudojus atitinkamu atsisakymo mechanizmu, paspaudus nuorod\u0105 naujienlai\u0161kio apa\u010dioje arba atsiuntus atitinkam\u0105 informacij\u0105 adresu: <a href=\"mailto:vilnius.sekretoriatas@instytutpolski.pl\">vilnius.sekretoriatas@instytutpolski.pl<\/a>.<\/li>\n<li>Asmuo, pateik\u0119s duomenis, turi teis\u0119 kontroliuoti duomen\u0173 apdorojim\u0105, k\u0105 numato BDAR 15-20 str., vis\u0173 pirma susipa\u017einti su savo duomenimis, juos tikslinti, pa\u0161alinti arba apriboti j\u0173 naudojim\u0105.<\/li>\n<li>Duomenys nebus apdorojami automatizuotai, taip pat nebus profiliuojami.<\/li>\n<li>Jeigu apdorojant J\u016bs\u0173 duomenis b\u016bt\u0173 pa\u017eeistos asmens duomen\u0173 apsaugos nuostatos, J\u016bs turite teis\u0119 pateikti skund\u0105 prie\u017ei\u016bros institucijai adresu: <br \/>Urz\u0105d Ochrony Danych Osobowych<br \/>ul. Stawki 2<br \/><span style=\"font-size: inherit\">00-193 Warszawa<\/span><\/li>\n<\/ol>\n","protected":false},"excerpt":{"rendered":"<p>Informacija apie tai, kaip Lenkijos institutas Vilniuje tvarko naujienlai\u0161kio prenumeratori\u0173 asmens duomenis \u0160i informacija pateikta vadovaujantis reikalavimais, nustatytais\u00a0 Europos Parlamento ir Tarybos 2016 m. baland\u017eio 27 d. reglamento (ES) 2016 \/ 679 d\u0117l fizini\u0173 asmen\u0173 apsaugos tvarkant asmens duomenis ir d\u0117l laisvo toki\u0173 duomen\u0173 jud\u0117jimo ir kuriuo panaikinama Direktyva 95\/46\/EB (Bendrasis duomen\u0173 apsaugos reglamentas BDAR). [&hellip;]<\/p>\n","protected":false},"author":1,"featured_media":0,"parent":0,"menu_order":0,"comment_status":"closed","ping_status":"closed","template":"","meta":{"inline_featured_image":false,"_monsterinsights_skip_tracking":false,"_monsterinsights_sitenote_active":false,"_monsterinsights_sitenote_note":"","_monsterinsights_sitenote_category":0,"footnotes":""},"class_list":["post-12","page","type-page","status-publish","hentry"],"yoast_head":"<!-- This site is optimized with the Yoast SEO plugin v24.6 - https:\/\/yoast.com\/wordpress\/plugins\/seo\/ -->\n<title>RODO - Instytut Polski w Wilnie<\/title>\n<meta name=\"robots\" content=\"index, follow, max-snippet:-1, max-image-preview:large, max-video-preview:-1\" \/>\n<link rel=\"canonical\" href=\"https:\/\/instytutpolski.pl\/vilnius\/rodo\/\" \/>\n<meta property=\"og:locale\" content=\"pl_PL\" \/>\n<meta property=\"og:type\" content=\"article\" \/>\n<meta property=\"og:title\" content=\"RODO - Instytut Polski w Wilnie\" \/>\n<meta property=\"og:description\" content=\"Informacija apie tai, kaip Lenkijos institutas Vilniuje tvarko naujienlai\u0161kio prenumeratori\u0173 asmens duomenis \u0160i informacija pateikta vadovaujantis reikalavimais, nustatytais\u00a0 Europos Parlamento ir Tarybos 2016 m. baland\u017eio 27 d. reglamento (ES) 2016 \/ 679 d\u0117l fizini\u0173 asmen\u0173 apsaugos tvarkant asmens duomenis ir d\u0117l laisvo toki\u0173 duomen\u0173 jud\u0117jimo ir kuriuo panaikinama Direktyva 95\/46\/EB (Bendrasis duomen\u0173 apsaugos reglamentas BDAR). [&hellip;]\" \/>\n<meta property=\"og:url\" content=\"https:\/\/instytutpolski.pl\/vilnius\/rodo\/\" \/>\n<meta property=\"og:site_name\" content=\"Instytut Polski w Wilnie\" \/>\n<meta property=\"article:modified_time\" content=\"2021-09-27T13:41:46+00:00\" \/>\n<meta name=\"twitter:card\" content=\"summary_large_image\" \/>\n<meta name=\"twitter:label1\" content=\"Szacowany czas czytania\" \/>\n\t<meta name=\"twitter:data1\" content=\"2 minuty\" \/>\n<script type=\"application\/ld+json\" class=\"yoast-schema-graph\">{\"@context\":\"https:\/\/schema.org\",\"@graph\":[{\"@type\":\"WebPage\",\"@id\":\"https:\/\/instytutpolski.pl\/vilnius\/rodo\/\",\"url\":\"https:\/\/instytutpolski.pl\/vilnius\/rodo\/\",\"name\":\"RODO - Instytut Polski w Wilnie\",\"isPartOf\":{\"@id\":\"https:\/\/instytutpolski.pl\/vilnius\/#website\"},\"datePublished\":\"2019-06-04T12:39:55+00:00\",\"dateModified\":\"2021-09-27T13:41:46+00:00\",\"breadcrumb\":{\"@id\":\"https:\/\/instytutpolski.pl\/vilnius\/rodo\/#breadcrumb\"},\"inLanguage\":\"pl-PL\",\"potentialAction\":[{\"@type\":\"ReadAction\",\"target\":[\"https:\/\/instytutpolski.pl\/vilnius\/rodo\/\"]}]},{\"@type\":\"BreadcrumbList\",\"@id\":\"https:\/\/instytutpolski.pl\/vilnius\/rodo\/#breadcrumb\",\"itemListElement\":[{\"@type\":\"ListItem\",\"position\":1,\"name\":\"Home\",\"item\":\"https:\/\/instytutpolski.pl\/vilnius\/\"},{\"@type\":\"ListItem\",\"position\":2,\"name\":\"RODO\"}]},{\"@type\":\"WebSite\",\"@id\":\"https:\/\/instytutpolski.pl\/vilnius\/#website\",\"url\":\"https:\/\/instytutpolski.pl\/vilnius\/\",\"name\":\"Instytut Polski w Wilnie\",\"description\":\"Instytuty Polskie\",\"potentialAction\":[{\"@type\":\"SearchAction\",\"target\":{\"@type\":\"EntryPoint\",\"urlTemplate\":\"https:\/\/instytutpolski.pl\/vilnius\/?s={search_term_string}\"},\"query-input\":{\"@type\":\"PropertyValueSpecification\",\"valueRequired\":true,\"valueName\":\"search_term_string\"}}],\"inLanguage\":\"pl-PL\"}]}<\/script>\n<!-- \/ Yoast SEO plugin. -->","yoast_head_json":{"title":"RODO - Instytut Polski w Wilnie","robots":{"index":"index","follow":"follow","max-snippet":"max-snippet:-1","max-image-preview":"max-image-preview:large","max-video-preview":"max-video-preview:-1"},"canonical":"https:\/\/instytutpolski.pl\/vilnius\/rodo\/","og_locale":"pl_PL","og_type":"article","og_title":"RODO - Instytut Polski w Wilnie","og_description":"Informacija apie tai, kaip Lenkijos institutas Vilniuje tvarko naujienlai\u0161kio prenumeratori\u0173 asmens duomenis \u0160i informacija pateikta vadovaujantis reikalavimais, nustatytais\u00a0 Europos Parlamento ir Tarybos 2016 m. baland\u017eio 27 d. reglamento (ES) 2016 \/ 679 d\u0117l fizini\u0173 asmen\u0173 apsaugos tvarkant asmens duomenis ir d\u0117l laisvo toki\u0173 duomen\u0173 jud\u0117jimo ir kuriuo panaikinama Direktyva 95\/46\/EB (Bendrasis duomen\u0173 apsaugos reglamentas BDAR). [&hellip;]","og_url":"https:\/\/instytutpolski.pl\/vilnius\/rodo\/","og_site_name":"Instytut Polski w Wilnie","article_modified_time":"2021-09-27T13:41:46+00:00","twitter_card":"summary_large_image","twitter_misc":{"Szacowany czas czytania":"2 minuty"},"schema":{"@context":"https:\/\/schema.org","@graph":[{"@type":"WebPage","@id":"https:\/\/instytutpolski.pl\/vilnius\/rodo\/","url":"https:\/\/instytutpolski.pl\/vilnius\/rodo\/","name":"RODO - Instytut Polski w Wilnie","isPartOf":{"@id":"https:\/\/instytutpolski.pl\/vilnius\/#website"},"datePublished":"2019-06-04T12:39:55+00:00","dateModified":"2021-09-27T13:41:46+00:00","breadcrumb":{"@id":"https:\/\/instytutpolski.pl\/vilnius\/rodo\/#breadcrumb"},"inLanguage":"pl-PL","potentialAction":[{"@type":"ReadAction","target":["https:\/\/instytutpolski.pl\/vilnius\/rodo\/"]}]},{"@type":"BreadcrumbList","@id":"https:\/\/instytutpolski.pl\/vilnius\/rodo\/#breadcrumb","itemListElement":[{"@type":"ListItem","position":1,"name":"Home","item":"https:\/\/instytutpolski.pl\/vilnius\/"},{"@type":"ListItem","position":2,"name":"RODO"}]},{"@type":"WebSite","@id":"https:\/\/instytutpolski.pl\/vilnius\/#website","url":"https:\/\/instytutpolski.pl\/vilnius\/","name":"Instytut Polski w Wilnie","description":"Instytuty Polskie","potentialAction":[{"@type":"SearchAction","target":{"@type":"EntryPoint","urlTemplate":"https:\/\/instytutpolski.pl\/vilnius\/?s={search_term_string}"},"query-input":{"@type":"PropertyValueSpecification","valueRequired":true,"valueName":"search_term_string"}}],"inLanguage":"pl-PL"}]}},"_links":{"self":[{"href":"https:\/\/instytutpolski.pl\/vilnius\/wp-json\/wp\/v2\/pages\/12","targetHints":{"allow":["GET"]}}],"collection":[{"href":"https:\/\/instytutpolski.pl\/vilnius\/wp-json\/wp\/v2\/pages"}],"about":[{"href":"https:\/\/instytutpolski.pl\/vilnius\/wp-json\/wp\/v2\/types\/page"}],"author":[{"embeddable":true,"href":"https:\/\/instytutpolski.pl\/vilnius\/wp-json\/wp\/v2\/users\/1"}],"replies":[{"embeddable":true,"href":"https:\/\/instytutpolski.pl\/vilnius\/wp-json\/wp\/v2\/comments?post=12"}],"version-history":[{"count":4,"href":"https:\/\/instytutpolski.pl\/vilnius\/wp-json\/wp\/v2\/pages\/12\/revisions"}],"predecessor-version":[{"id":2802,"href":"https:\/\/instytutpolski.pl\/vilnius\/wp-json\/wp\/v2\/pages\/12\/revisions\/2802"}],"wp:attachment":[{"href":"https:\/\/instytutpolski.pl\/vilnius\/wp-json\/wp\/v2\/media?parent=12"}],"curies":[{"name":"wp","href":"https:\/\/api.w.org\/{rel}","templated":true}]}}