{"id":1281,"date":"2020-06-02T22:20:49","date_gmt":"2020-06-02T20:20:49","guid":{"rendered":"https:\/\/instytutpolski.pl\/vilnius\/?page_id=1281"},"modified":"2020-06-02T22:20:52","modified_gmt":"2020-06-02T20:20:52","slug":"slapuku-politika","status":"publish","type":"page","link":"https:\/\/instytutpolski.pl\/vilnius\/slapuku-politika\/","title":{"rendered":"Slapuk\u0173 politika"},"content":{"rendered":"\n<p>Siekdami teikti auk\u0161\u010diausio lygio paslaugas, naudojame <strong>slapukus<\/strong> (ang. cookies). Naudojantis m\u016bs\u0173 tinklapiu, slapukai bus siun\u010diami \u012f J\u016bs\u0173 tinklo nar\u0161ykl\u0119. J\u016bs bet kuriuo momentu galite pakeisti savo interneto nar\u0161ykl\u0117s nustatymus.<\/p>\n<p>J\u016bs\u0173 patogumui, Lenkijos u\u017esienio reikal\u0173 ministerijai priklausan\u010diame tinklalapyje <strong>instytutpolski.pl<\/strong> naudojami slapukai, <strong>siekiant pritaikyti tinklalap\u012f lankytojo poreikiams<\/strong> bei statistiniais tikslais.<\/p>\n<p>Slapukai, <strong>tai ma\u017eos rinkmenos, lankomo tinklalapio siun\u010diamos \u012f lankytojo \u012frengin\u012f<\/strong> (kompiuter\u012f, i\u0161man\u0173j\u012f telefon\u0105 ar kt.). Juose n\u0117ra jokios asmenin\u0117s informacijos.<\/p>\n<p>Tinklalapyje instytutpolski.pl naudojami dviej\u0173 tip\u0173 slapukai:<\/p>\n<ol>\n<li>Veikim\u0105 gerinantys slapukai (renkantys informacij\u0105 apie tai, kaip lankytojai naudojasi svetaine, pvz., kurie puslapiai lankomi da\u017eniausiai, ar lankytojai i\u0161 tinklalapi\u0173 gauna klaid\u0173 prane\u0161im\u0173 ir kt.).<\/li>\n<li>Funkciniai slapukai (leid\u017eiantys \u012fsiminti lankytojo nustatymus, pvz. kalb\u0105, duotus sutikimus ir kt.), tokie kaip:<\/li>\n<\/ol>\n<ul>\n<li>Slapukai google-analytics.com \u2013 naudojami tinklalapio instytutpolski.pl statistikai; daugiau apie Google Analytics veikim\u0105 ir privatumo politik\u0105 skaitykite: <a href=\"http:\/\/www.google.com\/analytics\/learn\/privacy.html\">http:\/\/www.google.com\/analytics\/learn\/privacy.html<\/a><\/li>\n<li>Seanso slapukai \u2013 tai laikinoji informacija, saugoma nar\u0161ykl\u0117je tik tol, kol ji naudojama, t.y. pa\u0161alinama, kai nar\u0161ykl\u0117 u\u017everiama.<\/li>\n<\/ul>\n<p>Tre\u010di\u0173j\u0173 \u0161ali\u0173 tinklalapiuose, \u012f kuriuos kartais nukreipia tinklalapis instytutpolsi.org, gali b\u016bti naudojami kiti, nei auk\u0161\u010diau i\u0161vardinti slapukai, pavyzd\u017eiui, slapukai leid\u017eiantys prisijungti ir teikti reklam\u0105, atitinkan\u010di\u0105 lankytojo pom\u0117gius ir pasirinkimus. Tai tokie slapukai kaip:<\/p>\n<ul>\n<li>tinklalapyje youtube.com \u2013 fiksuojantys lankytojo pasirinkimus ir skai\u010diuojantys paspaudimus; tinklalapio YouTube privatumo politika: <a href=\"http:\/\/www.google.pl\/intl\/pl\/policies\/privacy\/\">http:\/\/www.google.pl\/intl\/pl\/policies\/privacy\/<\/a>,<\/li>\n<li>tinklalapyje player.vimeo.com ir av.vimeo.com \u2013 leid\u017eiantys prisijungti, taip pat reklamos u\u017esakov\u0173 slapukai, skirti pritaikyti reklamos form\u0105 ir turin\u012f; tinklalapio Vimeo slapuk\u0173 politika: <a href=\"http:\/\/vimeo.com\/cookie_policy\">http:\/\/vimeo.com\/cookie_policy<\/a>.<\/li>\n<\/ul>\n<p><strong>Daugelyje interneto nar\u0161ykli\u0173 galima: i\u0161trinti slapukus i\u0161 kietojo kompiuterio disko ( nar\u0161ykl\u0117s nustatymuose), blokuoti visus siun\u010diamus slapukus arba nustatyti \u012fsp\u0117jim\u0105 prie\u0161 juos \u012fra\u0161ant \u012f disk\u0105.<\/strong><\/p>\n<p>Atkreipiame d\u0117mes\u012f, kad kai kuriais atvejais nustatym\u0173 pakeitimas apribojant slapuk\u0173 naudojim\u0105 gali apriboti ar blokuoti tam tikras interneto puslapi\u0173 funkcijas, pvz. vartotojas negal\u0117s prisijungti prie savo elektroninio pa\u0161to. <strong>Nepakeisdami \u0161i\u0173 nustatym\u0173, J\u016bs i\u0161rei\u0161kiate sutikim\u0105 naudoti slapukus.<\/strong><\/p>\n<p><strong>J\u016bs galite pakeisti slapuk\u0173 naudojim\u0105 populiariausiose nar\u0161ykl\u0117se:<\/strong><\/p>\n<p><strong>Google Chrome<\/strong><\/p>\n<p>Meniu &gt; Nustatymai &gt; I\u0161pl\u0117stiniai nustatymai &gt; Privatumas ir sauga &gt; Svetain\u0117s nustatymai &gt; Slapukai \u00a0\u2013 pasirinkti reikiam\u0105.<\/p>\n<p><strong>Internet Explorer<\/strong><br \/>Meniu &gt; \u012erankiai&gt; Interneto parinktys &gt; Privatumas \u2013 pasirinkti reikiam\u0105.<\/p>\n<p><strong>Mozilla Firefox<\/strong><br \/>Meniu &gt; Nuostatos &gt; Privatumas &gt; Istorija \u2013 pasirinkti reikiam\u0105.<\/p>\n<p><strong>Opera<\/strong><br \/>Meniu &gt; Nustatymai &gt; I\u0161pl\u0117stiniai &gt; Slapukai (cookies) \u2013 pasirinkti reikiam\u0105.<\/p>\n<p><strong>Safari<\/strong><br \/>Meniu &gt; Nustatymai &gt; Privatumas &gt; Slapukai (cookies) \u2013 pasirinkti reikiam\u0105.<\/p>\n","protected":false},"excerpt":{"rendered":"<p>Siekdami teikti auk\u0161\u010diausio lygio paslaugas, naudojame slapukus (ang. cookies). Naudojantis m\u016bs\u0173 tinklapiu, slapukai bus siun\u010diami \u012f J\u016bs\u0173 tinklo nar\u0161ykl\u0119. J\u016bs bet kuriuo momentu galite pakeisti savo interneto nar\u0161ykl\u0117s nustatymus. J\u016bs\u0173 patogumui, Lenkijos u\u017esienio reikal\u0173 ministerijai priklausan\u010diame tinklalapyje instytutpolski.pl naudojami slapukai, siekiant pritaikyti tinklalap\u012f lankytojo poreikiams bei statistiniais tikslais. Slapukai, tai ma\u017eos rinkmenos, lankomo tinklalapio siun\u010diamos [&hellip;]<\/p>\n","protected":false},"author":26,"featured_media":1282,"parent":0,"menu_order":0,"comment_status":"closed","ping_status":"closed","template":"","meta":{"inline_featured_image":false,"_monsterinsights_skip_tracking":false,"_monsterinsights_sitenote_active":false,"_monsterinsights_sitenote_note":"","_monsterinsights_sitenote_category":0,"footnotes":""},"class_list":["post-1281","page","type-page","status-publish","has-post-thumbnail","hentry"],"yoast_head":"<!-- This site is optimized with the Yoast SEO plugin v24.6 - https:\/\/yoast.com\/wordpress\/plugins\/seo\/ -->\n<title>Slapuk\u0173 politika - Instytut Polski w Wilnie<\/title>\n<meta name=\"robots\" content=\"index, follow, max-snippet:-1, max-image-preview:large, max-video-preview:-1\" \/>\n<link rel=\"canonical\" href=\"https:\/\/instytutpolski.pl\/vilnius\/slapuku-politika\/\" \/>\n<meta property=\"og:locale\" content=\"pl_PL\" \/>\n<meta property=\"og:type\" content=\"article\" \/>\n<meta property=\"og:title\" content=\"Slapuk\u0173 politika - Instytut Polski w Wilnie\" \/>\n<meta property=\"og:description\" content=\"Siekdami teikti auk\u0161\u010diausio lygio paslaugas, naudojame slapukus (ang. cookies). Naudojantis m\u016bs\u0173 tinklapiu, slapukai bus siun\u010diami \u012f J\u016bs\u0173 tinklo nar\u0161ykl\u0119. J\u016bs bet kuriuo momentu galite pakeisti savo interneto nar\u0161ykl\u0117s nustatymus. J\u016bs\u0173 patogumui, Lenkijos u\u017esienio reikal\u0173 ministerijai priklausan\u010diame tinklalapyje instytutpolski.pl naudojami slapukai, siekiant pritaikyti tinklalap\u012f lankytojo poreikiams bei statistiniais tikslais. Slapukai, tai ma\u017eos rinkmenos, lankomo tinklalapio siun\u010diamos [&hellip;]\" \/>\n<meta property=\"og:url\" content=\"https:\/\/instytutpolski.pl\/vilnius\/slapuku-politika\/\" \/>\n<meta property=\"og:site_name\" content=\"Instytut Polski w Wilnie\" \/>\n<meta property=\"article:modified_time\" content=\"2020-06-02T20:20:52+00:00\" \/>\n<meta property=\"og:image\" content=\"https:\/\/instytutpolski.pl\/vilnius\/wp-content\/uploads\/sites\/24\/2020\/06\/Krokusy-2.jpg\" \/>\n\t<meta property=\"og:image:width\" content=\"2048\" \/>\n\t<meta property=\"og:image:height\" content=\"1365\" \/>\n\t<meta property=\"og:image:type\" content=\"image\/jpeg\" \/>\n<meta name=\"twitter:card\" content=\"summary_large_image\" \/>\n<meta name=\"twitter:label1\" content=\"Szacowany czas czytania\" \/>\n\t<meta name=\"twitter:data1\" content=\"2 minuty\" \/>\n<script type=\"application\/ld+json\" class=\"yoast-schema-graph\">{\"@context\":\"https:\/\/schema.org\",\"@graph\":[{\"@type\":\"WebPage\",\"@id\":\"https:\/\/instytutpolski.pl\/vilnius\/slapuku-politika\/\",\"url\":\"https:\/\/instytutpolski.pl\/vilnius\/slapuku-politika\/\",\"name\":\"Slapuk\u0173 politika - Instytut Polski w Wilnie\",\"isPartOf\":{\"@id\":\"https:\/\/instytutpolski.pl\/vilnius\/#website\"},\"primaryImageOfPage\":{\"@id\":\"https:\/\/instytutpolski.pl\/vilnius\/slapuku-politika\/#primaryimage\"},\"image\":{\"@id\":\"https:\/\/instytutpolski.pl\/vilnius\/slapuku-politika\/#primaryimage\"},\"thumbnailUrl\":\"https:\/\/instytutpolski.pl\/vilnius\/wp-content\/uploads\/sites\/24\/2020\/06\/Krokusy-2.jpg\",\"datePublished\":\"2020-06-02T20:20:49+00:00\",\"dateModified\":\"2020-06-02T20:20:52+00:00\",\"breadcrumb\":{\"@id\":\"https:\/\/instytutpolski.pl\/vilnius\/slapuku-politika\/#breadcrumb\"},\"inLanguage\":\"pl-PL\",\"potentialAction\":[{\"@type\":\"ReadAction\",\"target\":[\"https:\/\/instytutpolski.pl\/vilnius\/slapuku-politika\/\"]}]},{\"@type\":\"ImageObject\",\"inLanguage\":\"pl-PL\",\"@id\":\"https:\/\/instytutpolski.pl\/vilnius\/slapuku-politika\/#primaryimage\",\"url\":\"https:\/\/instytutpolski.pl\/vilnius\/wp-content\/uploads\/sites\/24\/2020\/06\/Krokusy-2.jpg\",\"contentUrl\":\"https:\/\/instytutpolski.pl\/vilnius\/wp-content\/uploads\/sites\/24\/2020\/06\/Krokusy-2.jpg\",\"width\":2048,\"height\":1365},{\"@type\":\"BreadcrumbList\",\"@id\":\"https:\/\/instytutpolski.pl\/vilnius\/slapuku-politika\/#breadcrumb\",\"itemListElement\":[{\"@type\":\"ListItem\",\"position\":1,\"name\":\"Home\",\"item\":\"https:\/\/instytutpolski.pl\/vilnius\/\"},{\"@type\":\"ListItem\",\"position\":2,\"name\":\"Slapuk\u0173 politika\"}]},{\"@type\":\"WebSite\",\"@id\":\"https:\/\/instytutpolski.pl\/vilnius\/#website\",\"url\":\"https:\/\/instytutpolski.pl\/vilnius\/\",\"name\":\"Instytut Polski w Wilnie\",\"description\":\"Instytuty Polskie\",\"potentialAction\":[{\"@type\":\"SearchAction\",\"target\":{\"@type\":\"EntryPoint\",\"urlTemplate\":\"https:\/\/instytutpolski.pl\/vilnius\/?s={search_term_string}\"},\"query-input\":{\"@type\":\"PropertyValueSpecification\",\"valueRequired\":true,\"valueName\":\"search_term_string\"}}],\"inLanguage\":\"pl-PL\"}]}<\/script>\n<!-- \/ Yoast SEO plugin. -->","yoast_head_json":{"title":"Slapuk\u0173 politika - Instytut Polski w Wilnie","robots":{"index":"index","follow":"follow","max-snippet":"max-snippet:-1","max-image-preview":"max-image-preview:large","max-video-preview":"max-video-preview:-1"},"canonical":"https:\/\/instytutpolski.pl\/vilnius\/slapuku-politika\/","og_locale":"pl_PL","og_type":"article","og_title":"Slapuk\u0173 politika - Instytut Polski w Wilnie","og_description":"Siekdami teikti auk\u0161\u010diausio lygio paslaugas, naudojame slapukus (ang. cookies). Naudojantis m\u016bs\u0173 tinklapiu, slapukai bus siun\u010diami \u012f J\u016bs\u0173 tinklo nar\u0161ykl\u0119. J\u016bs bet kuriuo momentu galite pakeisti savo interneto nar\u0161ykl\u0117s nustatymus. J\u016bs\u0173 patogumui, Lenkijos u\u017esienio reikal\u0173 ministerijai priklausan\u010diame tinklalapyje instytutpolski.pl naudojami slapukai, siekiant pritaikyti tinklalap\u012f lankytojo poreikiams bei statistiniais tikslais. Slapukai, tai ma\u017eos rinkmenos, lankomo tinklalapio siun\u010diamos [&hellip;]","og_url":"https:\/\/instytutpolski.pl\/vilnius\/slapuku-politika\/","og_site_name":"Instytut Polski w Wilnie","article_modified_time":"2020-06-02T20:20:52+00:00","og_image":[{"width":2048,"height":1365,"url":"https:\/\/instytutpolski.pl\/vilnius\/wp-content\/uploads\/sites\/24\/2020\/06\/Krokusy-2.jpg","type":"image\/jpeg"}],"twitter_card":"summary_large_image","twitter_misc":{"Szacowany czas czytania":"2 minuty"},"schema":{"@context":"https:\/\/schema.org","@graph":[{"@type":"WebPage","@id":"https:\/\/instytutpolski.pl\/vilnius\/slapuku-politika\/","url":"https:\/\/instytutpolski.pl\/vilnius\/slapuku-politika\/","name":"Slapuk\u0173 politika - Instytut Polski w Wilnie","isPartOf":{"@id":"https:\/\/instytutpolski.pl\/vilnius\/#website"},"primaryImageOfPage":{"@id":"https:\/\/instytutpolski.pl\/vilnius\/slapuku-politika\/#primaryimage"},"image":{"@id":"https:\/\/instytutpolski.pl\/vilnius\/slapuku-politika\/#primaryimage"},"thumbnailUrl":"https:\/\/instytutpolski.pl\/vilnius\/wp-content\/uploads\/sites\/24\/2020\/06\/Krokusy-2.jpg","datePublished":"2020-06-02T20:20:49+00:00","dateModified":"2020-06-02T20:20:52+00:00","breadcrumb":{"@id":"https:\/\/instytutpolski.pl\/vilnius\/slapuku-politika\/#breadcrumb"},"inLanguage":"pl-PL","potentialAction":[{"@type":"ReadAction","target":["https:\/\/instytutpolski.pl\/vilnius\/slapuku-politika\/"]}]},{"@type":"ImageObject","inLanguage":"pl-PL","@id":"https:\/\/instytutpolski.pl\/vilnius\/slapuku-politika\/#primaryimage","url":"https:\/\/instytutpolski.pl\/vilnius\/wp-content\/uploads\/sites\/24\/2020\/06\/Krokusy-2.jpg","contentUrl":"https:\/\/instytutpolski.pl\/vilnius\/wp-content\/uploads\/sites\/24\/2020\/06\/Krokusy-2.jpg","width":2048,"height":1365},{"@type":"BreadcrumbList","@id":"https:\/\/instytutpolski.pl\/vilnius\/slapuku-politika\/#breadcrumb","itemListElement":[{"@type":"ListItem","position":1,"name":"Home","item":"https:\/\/instytutpolski.pl\/vilnius\/"},{"@type":"ListItem","position":2,"name":"Slapuk\u0173 politika"}]},{"@type":"WebSite","@id":"https:\/\/instytutpolski.pl\/vilnius\/#website","url":"https:\/\/instytutpolski.pl\/vilnius\/","name":"Instytut Polski w Wilnie","description":"Instytuty Polskie","potentialAction":[{"@type":"SearchAction","target":{"@type":"EntryPoint","urlTemplate":"https:\/\/instytutpolski.pl\/vilnius\/?s={search_term_string}"},"query-input":{"@type":"PropertyValueSpecification","valueRequired":true,"valueName":"search_term_string"}}],"inLanguage":"pl-PL"}]}},"_links":{"self":[{"href":"https:\/\/instytutpolski.pl\/vilnius\/wp-json\/wp\/v2\/pages\/1281","targetHints":{"allow":["GET"]}}],"collection":[{"href":"https:\/\/instytutpolski.pl\/vilnius\/wp-json\/wp\/v2\/pages"}],"about":[{"href":"https:\/\/instytutpolski.pl\/vilnius\/wp-json\/wp\/v2\/types\/page"}],"author":[{"embeddable":true,"href":"https:\/\/instytutpolski.pl\/vilnius\/wp-json\/wp\/v2\/users\/26"}],"replies":[{"embeddable":true,"href":"https:\/\/instytutpolski.pl\/vilnius\/wp-json\/wp\/v2\/comments?post=1281"}],"version-history":[{"count":2,"href":"https:\/\/instytutpolski.pl\/vilnius\/wp-json\/wp\/v2\/pages\/1281\/revisions"}],"predecessor-version":[{"id":1284,"href":"https:\/\/instytutpolski.pl\/vilnius\/wp-json\/wp\/v2\/pages\/1281\/revisions\/1284"}],"wp:featuredmedia":[{"embeddable":true,"href":"https:\/\/instytutpolski.pl\/vilnius\/wp-json\/wp\/v2\/media\/1282"}],"wp:attachment":[{"href":"https:\/\/instytutpolski.pl\/vilnius\/wp-json\/wp\/v2\/media?parent=1281"}],"curies":[{"name":"wp","href":"https:\/\/api.w.org\/{rel}","templated":true}]}}