{"id":1287,"date":"2020-06-03T11:22:07","date_gmt":"2020-06-03T09:22:07","guid":{"rendered":"https:\/\/instytutpolski.pl\/vilnius\/?page_id=1287"},"modified":"2022-09-15T15:09:15","modified_gmt":"2022-09-15T13:09:15","slug":"atostogos-lenkijoje","status":"publish","type":"page","link":"https:\/\/instytutpolski.pl\/vilnius\/atostogos-lenkijoje\/","title":{"rendered":"Atostogos Lenkijoje"},"content":{"rendered":"\n<p><img loading=\"lazy\" decoding=\"async\" class=\"alignnone size-medium wp-image-3692\" src=\"https:\/\/instytutpolski.pl\/vilnius\/wp-content\/uploads\/sites\/24\/2022\/05\/IP_foto-konkursas-baneris-2022-1200x960px-FB-300x240.png\" alt=\"\" width=\"300\" height=\"240\" srcset=\"https:\/\/instytutpolski.pl\/vilnius\/wp-content\/uploads\/sites\/24\/2022\/05\/IP_foto-konkursas-baneris-2022-1200x960px-FB-300x240.png 300w, https:\/\/instytutpolski.pl\/vilnius\/wp-content\/uploads\/sites\/24\/2022\/05\/IP_foto-konkursas-baneris-2022-1200x960px-FB-1024x819.png 1024w, https:\/\/instytutpolski.pl\/vilnius\/wp-content\/uploads\/sites\/24\/2022\/05\/IP_foto-konkursas-baneris-2022-1200x960px-FB-768x614.png 768w, https:\/\/instytutpolski.pl\/vilnius\/wp-content\/uploads\/sites\/24\/2022\/05\/IP_foto-konkursas-baneris-2022-1200x960px-FB.png 1200w\" sizes=\"auto, (max-width: 300px) 100vw, 300px\" \/><strong>FOTOGRAFIJ\u0172 KONKURSAS \u201eATOSTOGOS LENKIJOJE\u201c<\/strong><strong>\u00a0<\/strong><\/p>\n<p><strong>Atostogos Lenkijoje? Taip, tai puikus sumanymas! Lenkijos institutas Vilniuje, bendradarbiaudamas su Varmijos Moz\u016br\u0173 vaivadijos savivaldybe, skelbia fotografij\u0173 konkurs\u0105 \u201eAtostogos Lenkijoje\u201c.<br \/><\/strong>Kada nors atostogavote Lenkijoje? O gal va\u017eiavote apsipirkti \u012f kaimynin\u0119 \u0161al\u012f? Keliavote \u012f Piet\u0173 ar Vakar\u0173 Europ\u0105 ir kirtote Lenkij\u0105? O gal dar tik planuojate kelion\u0119 \u012f \u0161al\u012f prie Vyslos up\u0117s? Yra daugyb\u0117 \u012fdomi\u0173 viet\u0173 Lenkijoje savaitgalio ar vasaros kelionei \u2013 vaizdinga Baltijos j\u016bros pakrant\u0117, didingi kalnai, gyvybe kunkuliuojantys miestai, puik\u016bs muzikos, kino ar teatro festivaliai. Ir visa tai pasiekiama ranka. Patogus susisiekimas automobiliu, autobusu ar l\u0117ktuvu, puikus vie\u0161bu\u010di\u0173 pasirinkimas ir vis dar patrauklios kainos kvie\u010dia patirti nepamir\u0161tamas atostogas Lenkijoje.<br \/>Lenkijos institutas Vilniuje, t\u0119sdamas jau daug met\u0173 vykdom\u0105 Lenkijos kaip turistams patrauklios \u0161alies sklaidos politik\u0105, kvie\u010dia dalyvauti fotografij\u0173 konkurse. Atsi\u0173skite savo Lenkijoje daryt\u0105 nuotrauk\u0105, kurioje matyti \u012fsp\u016bdinga gamta, istoriniai paminklai, \u012fdomios vietov\u0117s, linksmos akimirkos. I\u0161 vis\u0173 atsi\u0173st\u0173 nuotrauk\u0173 \u017eiuri komisija i\u0161rinks \u012fdomiausi\u0105 nuotrauk\u0105, kurios autorius bus apdovanotas pagrindiniu Grand Prix prizu: kelione \u012f Krokuv\u0105. Papildomai, 2022 m. rugpj\u016b\u010dio 29 d. \u2013 rugs\u0117jo 7 d. vyks internetinis \u201eFacebook\u201c vartotoj\u0173 balsavimas. Trij\u0173 smagiausi\u0173 nuotrauk\u0173, kurios surinks daugiausia patiktuk\u0173 (\u201eLike\u201c), autoriai bus apdovanoti daiktiniais prizais.<br \/><strong>Konkursas vyksta nuo 2022 m. bir\u017eelio 2 d. iki rugpj\u016b\u010dio 28 d.<\/strong> Konkurso dalyviai privalo atsi\u0173sti konkurso elektroninio pa\u0161to adresu: <a href=\"mailto:konkursas@instytutpolski.pl\">konkursas@instytutpolski.pl<\/a>\u00a0vien\u0105 Lenkijoje daryt\u0105 nuotrauk\u0105 su apra\u0161ymu, kuriame nurodyta fotografijos atlikimo vieta (miestas), objekto pavadinimas, autoriaus vardas, pavard\u0117 ir <em>Facebook<\/em> vartotojo pavadinimas (jei asmuo turi savo paskyr\u0105).<br \/>2022 m. rugpj\u016b\u010dio 29 d. visos konkurse dalyvaujan\u010dios fotografijos bus paskelbtos Lenkijos instituto Vilniuje <em>Facebook<\/em> paskyroje, specialiai konkursui skirtame albume \u201eWakacje w Polsce 2022\u201c \/ \u201eAtostogos Lenkijoje 2022\u201c. 2022 m. rugpj\u016b\u010dio 29 d. \u2013 rugs\u0117jo 7 d. vyks internetinis <em>Facebook<\/em> vartotoj\u0173 balsavimas. Laim\u0117tojai bus paskelbti 2022 m. rugs\u0117jo 8 d.<br \/>Lenkijos kra\u0161tovaizd\u017eio \u012fvairov\u0117 nepalieka abejingo net i\u0161rankiausio keliautojo, \u201ejau visk\u0105 ma\u010diusio\u201d internete. \u012e dang\u0173 besistiebian\u010dios Tatr\u0173 vir\u0161\u016bn\u0117s, u\u017eburiantys Bie\u0161\u010dadai ir paslaptingi Karkono\u0161ai si\u016blo tyro kaln\u0173 oro gurk\u0161n\u012f ir kvap\u0105 gniau\u017eian\u010dius vaizdus, kurie \u012fam\u017einti nuotraukose be abejon\u0117s sukels patiktuk\u0173 lavin\u0105 socialiniuose tinkluose. Lenkija \u2013 tai \u0161alis, \u012f kuri\u0105 verta atvykti, visk\u0105 i\u0161vysti savo akimis ir, \u017einoma, dalyvauti konkurse.<\/p>\n<p>Konkurso organizatorius &#8211; Lenkijos institutas Vilniuje. Projektas vykdomas bendradarbiaujant su Varmijos Moz\u016br\u0173 vaivadijos savivaldybe. Konkurso \u017einiasklaidos partneriai: \u201e15min.lt\u201c, \u017eurnalai \u201eKeliauk\u201c ir \u201eKelion\u0117s ir pramogos\u201c, Lenkijos televizija \u201eTVP Wilno\u201c, radijas \u201eZnad Wilii\u201c, portalai \u201eZW.lt\u201c ir \u201eWilnoteka.lt\u201c.<\/p>\n\n\n\n<p><a href=\"https:\/\/instytutpolski.pl\/vilnius\/wp-content\/uploads\/sites\/24\/2022\/05\/Konkurso_Atostogos_Lenkijoje_nuostatai_2022_.docx\">Konkurso_Atostogos_Lenkijoje_nuostatai_2022<\/a><\/p>\n<p><span style=\"color: #0000ff\"><em>Su malonumu skelbiame fotografij\u0173 konkurso \u201eAtostogos Lenkijoje 2022\u201c laim\u0117tojus<\/em><em>!<br \/><\/em><em>Pagrindin\u012f\u00a0 priz\u0105 &#8211; savaitgal\u012f dviems Krokuvoje \u2013 laim\u0117jo Lina Vasiliauskien\u0117. Jos nuotrauk\u0105 i\u0161rinko konkurso \u017eiuri. <br \/><\/em><em>Publikos apdovanojimus pagal patiktuk\u0173 skai\u010di\u0173 laim\u0117jo: I vieta \u00a0&#8211; Agata Gulecka, II vieta\u00a0 &#8211; Meilut\u0117 Parnarauskien\u0117, III vieta\u00a0 &#8211; Egl\u0117 Ver. <br \/><\/em><em>Specialius prizus, \u012fsteigtus Warmia i Mazury. Zdrowe \u017cycie, czysty zysk. &#8211; Varmijos ir Moz\u016brijos vaivadijos savivaldyb\u0117s laim\u0117jo: Ieva Luko\u0161evi\u010di\u016bt\u0117, Karolina Lamteva, Asta Andrijauskien\u0117, Vytenis Skendelis ir Rimas Bu\u0161auskas. <br \/><\/em><em>\u0160irdingai sveikiname visus konkurso laim\u0117tojus!<br \/>Labai d\u0117kojame visiems konkurso dalyviams! D\u017eiaugiam\u0117s, kad tiek daug Lietuvos gyventoj\u0173 renkasi kelion\u0117ms b\u016btent Lenkij\u0105. Tikim\u0117s, kat atve\u017e\u0119 gerus \u012fsp\u016bd\u017eius i\u0161 Lenkijos dalyvausite m\u016bs\u0173 atostoginiame konkurse kitais metais.<\/em><\/span><\/p>\n<p><img loading=\"lazy\" decoding=\"async\" class=\"alignnone size-medium wp-image-4202\" src=\"https:\/\/instytutpolski.pl\/vilnius\/wp-content\/uploads\/sites\/24\/2022\/09\/Grand-Prix-300x300.png\" alt=\"\" width=\"300\" height=\"300\" srcset=\"https:\/\/instytutpolski.pl\/vilnius\/wp-content\/uploads\/sites\/24\/2022\/09\/Grand-Prix-300x300.png 300w, https:\/\/instytutpolski.pl\/vilnius\/wp-content\/uploads\/sites\/24\/2022\/09\/Grand-Prix-1024x1024.png 1024w, https:\/\/instytutpolski.pl\/vilnius\/wp-content\/uploads\/sites\/24\/2022\/09\/Grand-Prix-150x150.png 150w, https:\/\/instytutpolski.pl\/vilnius\/wp-content\/uploads\/sites\/24\/2022\/09\/Grand-Prix-768x768.png 768w, https:\/\/instytutpolski.pl\/vilnius\/wp-content\/uploads\/sites\/24\/2022\/09\/Grand-Prix.png 1080w\" sizes=\"auto, (max-width: 300px) 100vw, 300px\" \/><\/p>\n<p><img loading=\"lazy\" decoding=\"async\" class=\"alignnone size-medium wp-image-4203\" src=\"https:\/\/instytutpolski.pl\/vilnius\/wp-content\/uploads\/sites\/24\/2022\/09\/Projekt-bez-tytulu-1-200x300.png\" alt=\"\" width=\"200\" height=\"300\" srcset=\"https:\/\/instytutpolski.pl\/vilnius\/wp-content\/uploads\/sites\/24\/2022\/09\/Projekt-bez-tytulu-1-200x300.png 200w, https:\/\/instytutpolski.pl\/vilnius\/wp-content\/uploads\/sites\/24\/2022\/09\/Projekt-bez-tytulu-1-682x1024.png 682w, https:\/\/instytutpolski.pl\/vilnius\/wp-content\/uploads\/sites\/24\/2022\/09\/Projekt-bez-tytulu-1-768x1152.png 768w, https:\/\/instytutpolski.pl\/vilnius\/wp-content\/uploads\/sites\/24\/2022\/09\/Projekt-bez-tytulu-1-1024x1536.png 1024w, https:\/\/instytutpolski.pl\/vilnius\/wp-content\/uploads\/sites\/24\/2022\/09\/Projekt-bez-tytulu-1.png 1333w\" sizes=\"auto, (max-width: 200px) 100vw, 200px\" \/><\/p>\n\n\n\n<p><\/p>\n","protected":false},"excerpt":{"rendered":"<p>FOTOGRAFIJ\u0172 KONKURSAS \u201eATOSTOGOS LENKIJOJE\u201c\u00a0 Atostogos Lenkijoje? Taip, tai puikus sumanymas! Lenkijos institutas Vilniuje, bendradarbiaudamas su Varmijos Moz\u016br\u0173 vaivadijos savivaldybe, skelbia fotografij\u0173 konkurs\u0105 \u201eAtostogos Lenkijoje\u201c.Kada nors atostogavote Lenkijoje? O gal va\u017eiavote apsipirkti \u012f kaimynin\u0119 \u0161al\u012f? Keliavote \u012f Piet\u0173 ar Vakar\u0173 Europ\u0105 ir kirtote Lenkij\u0105? O gal dar tik planuojate kelion\u0119 \u012f \u0161al\u012f prie Vyslos up\u0117s? Yra [&hellip;]<\/p>\n","protected":false},"author":26,"featured_media":1290,"parent":0,"menu_order":0,"comment_status":"closed","ping_status":"closed","template":"","meta":{"inline_featured_image":false,"_monsterinsights_skip_tracking":false,"_monsterinsights_sitenote_active":false,"_monsterinsights_sitenote_note":"","_monsterinsights_sitenote_category":0,"footnotes":""},"class_list":["post-1287","page","type-page","status-publish","has-post-thumbnail","hentry"],"yoast_head":"<!-- This site is optimized with the Yoast SEO plugin v24.6 - https:\/\/yoast.com\/wordpress\/plugins\/seo\/ -->\n<title>Atostogos Lenkijoje - Instytut Polski w Wilnie<\/title>\n<meta name=\"robots\" content=\"index, follow, max-snippet:-1, max-image-preview:large, max-video-preview:-1\" \/>\n<link rel=\"canonical\" href=\"https:\/\/instytutpolski.pl\/vilnius\/atostogos-lenkijoje\/\" \/>\n<meta property=\"og:locale\" content=\"pl_PL\" \/>\n<meta property=\"og:type\" content=\"article\" \/>\n<meta property=\"og:title\" content=\"Atostogos Lenkijoje - Instytut Polski w Wilnie\" \/>\n<meta property=\"og:description\" content=\"FOTOGRAFIJ\u0172 KONKURSAS \u201eATOSTOGOS LENKIJOJE\u201c\u00a0 Atostogos Lenkijoje? Taip, tai puikus sumanymas! Lenkijos institutas Vilniuje, bendradarbiaudamas su Varmijos Moz\u016br\u0173 vaivadijos savivaldybe, skelbia fotografij\u0173 konkurs\u0105 \u201eAtostogos Lenkijoje\u201c.Kada nors atostogavote Lenkijoje? O gal va\u017eiavote apsipirkti \u012f kaimynin\u0119 \u0161al\u012f? Keliavote \u012f Piet\u0173 ar Vakar\u0173 Europ\u0105 ir kirtote Lenkij\u0105? O gal dar tik planuojate kelion\u0119 \u012f \u0161al\u012f prie Vyslos up\u0117s? Yra [&hellip;]\" \/>\n<meta property=\"og:url\" content=\"https:\/\/instytutpolski.pl\/vilnius\/atostogos-lenkijoje\/\" \/>\n<meta property=\"og:site_name\" content=\"Instytut Polski w Wilnie\" \/>\n<meta property=\"article:modified_time\" content=\"2022-09-15T13:09:15+00:00\" \/>\n<meta property=\"og:image\" content=\"https:\/\/instytutpolski.pl\/vilnius\/wp-content\/uploads\/sites\/24\/2020\/06\/Splyw-Krutynia.jpg\" \/>\n\t<meta property=\"og:image:width\" content=\"2048\" \/>\n\t<meta property=\"og:image:height\" content=\"1366\" \/>\n\t<meta property=\"og:image:type\" content=\"image\/jpeg\" \/>\n<meta name=\"twitter:card\" content=\"summary_large_image\" \/>\n<meta name=\"twitter:label1\" content=\"Szacowany czas czytania\" \/>\n\t<meta name=\"twitter:data1\" content=\"4 minuty\" \/>\n<script type=\"application\/ld+json\" class=\"yoast-schema-graph\">{\"@context\":\"https:\/\/schema.org\",\"@graph\":[{\"@type\":\"WebPage\",\"@id\":\"https:\/\/instytutpolski.pl\/vilnius\/atostogos-lenkijoje\/\",\"url\":\"https:\/\/instytutpolski.pl\/vilnius\/atostogos-lenkijoje\/\",\"name\":\"Atostogos Lenkijoje - Instytut Polski w Wilnie\",\"isPartOf\":{\"@id\":\"https:\/\/instytutpolski.pl\/vilnius\/#website\"},\"primaryImageOfPage\":{\"@id\":\"https:\/\/instytutpolski.pl\/vilnius\/atostogos-lenkijoje\/#primaryimage\"},\"image\":{\"@id\":\"https:\/\/instytutpolski.pl\/vilnius\/atostogos-lenkijoje\/#primaryimage\"},\"thumbnailUrl\":\"https:\/\/instytutpolski.pl\/vilnius\/wp-content\/uploads\/sites\/24\/2020\/06\/Splyw-Krutynia.jpg\",\"datePublished\":\"2020-06-03T09:22:07+00:00\",\"dateModified\":\"2022-09-15T13:09:15+00:00\",\"breadcrumb\":{\"@id\":\"https:\/\/instytutpolski.pl\/vilnius\/atostogos-lenkijoje\/#breadcrumb\"},\"inLanguage\":\"pl-PL\",\"potentialAction\":[{\"@type\":\"ReadAction\",\"target\":[\"https:\/\/instytutpolski.pl\/vilnius\/atostogos-lenkijoje\/\"]}]},{\"@type\":\"ImageObject\",\"inLanguage\":\"pl-PL\",\"@id\":\"https:\/\/instytutpolski.pl\/vilnius\/atostogos-lenkijoje\/#primaryimage\",\"url\":\"https:\/\/instytutpolski.pl\/vilnius\/wp-content\/uploads\/sites\/24\/2020\/06\/Splyw-Krutynia.jpg\",\"contentUrl\":\"https:\/\/instytutpolski.pl\/vilnius\/wp-content\/uploads\/sites\/24\/2020\/06\/Splyw-Krutynia.jpg\",\"width\":2048,\"height\":1366,\"caption\":\"Fot. M. Cieszewski\"},{\"@type\":\"BreadcrumbList\",\"@id\":\"https:\/\/instytutpolski.pl\/vilnius\/atostogos-lenkijoje\/#breadcrumb\",\"itemListElement\":[{\"@type\":\"ListItem\",\"position\":1,\"name\":\"Home\",\"item\":\"https:\/\/instytutpolski.pl\/vilnius\/\"},{\"@type\":\"ListItem\",\"position\":2,\"name\":\"Atostogos Lenkijoje\"}]},{\"@type\":\"WebSite\",\"@id\":\"https:\/\/instytutpolski.pl\/vilnius\/#website\",\"url\":\"https:\/\/instytutpolski.pl\/vilnius\/\",\"name\":\"Instytut Polski w Wilnie\",\"description\":\"Instytuty Polskie\",\"potentialAction\":[{\"@type\":\"SearchAction\",\"target\":{\"@type\":\"EntryPoint\",\"urlTemplate\":\"https:\/\/instytutpolski.pl\/vilnius\/?s={search_term_string}\"},\"query-input\":{\"@type\":\"PropertyValueSpecification\",\"valueRequired\":true,\"valueName\":\"search_term_string\"}}],\"inLanguage\":\"pl-PL\"}]}<\/script>\n<!-- \/ Yoast SEO plugin. -->","yoast_head_json":{"title":"Atostogos Lenkijoje - Instytut Polski w Wilnie","robots":{"index":"index","follow":"follow","max-snippet":"max-snippet:-1","max-image-preview":"max-image-preview:large","max-video-preview":"max-video-preview:-1"},"canonical":"https:\/\/instytutpolski.pl\/vilnius\/atostogos-lenkijoje\/","og_locale":"pl_PL","og_type":"article","og_title":"Atostogos Lenkijoje - Instytut Polski w Wilnie","og_description":"FOTOGRAFIJ\u0172 KONKURSAS \u201eATOSTOGOS LENKIJOJE\u201c\u00a0 Atostogos Lenkijoje? Taip, tai puikus sumanymas! Lenkijos institutas Vilniuje, bendradarbiaudamas su Varmijos Moz\u016br\u0173 vaivadijos savivaldybe, skelbia fotografij\u0173 konkurs\u0105 \u201eAtostogos Lenkijoje\u201c.Kada nors atostogavote Lenkijoje? O gal va\u017eiavote apsipirkti \u012f kaimynin\u0119 \u0161al\u012f? Keliavote \u012f Piet\u0173 ar Vakar\u0173 Europ\u0105 ir kirtote Lenkij\u0105? O gal dar tik planuojate kelion\u0119 \u012f \u0161al\u012f prie Vyslos up\u0117s? Yra [&hellip;]","og_url":"https:\/\/instytutpolski.pl\/vilnius\/atostogos-lenkijoje\/","og_site_name":"Instytut Polski w Wilnie","article_modified_time":"2022-09-15T13:09:15+00:00","og_image":[{"width":2048,"height":1366,"url":"https:\/\/instytutpolski.pl\/vilnius\/wp-content\/uploads\/sites\/24\/2020\/06\/Splyw-Krutynia.jpg","type":"image\/jpeg"}],"twitter_card":"summary_large_image","twitter_misc":{"Szacowany czas czytania":"4 minuty"},"schema":{"@context":"https:\/\/schema.org","@graph":[{"@type":"WebPage","@id":"https:\/\/instytutpolski.pl\/vilnius\/atostogos-lenkijoje\/","url":"https:\/\/instytutpolski.pl\/vilnius\/atostogos-lenkijoje\/","name":"Atostogos Lenkijoje - Instytut Polski w Wilnie","isPartOf":{"@id":"https:\/\/instytutpolski.pl\/vilnius\/#website"},"primaryImageOfPage":{"@id":"https:\/\/instytutpolski.pl\/vilnius\/atostogos-lenkijoje\/#primaryimage"},"image":{"@id":"https:\/\/instytutpolski.pl\/vilnius\/atostogos-lenkijoje\/#primaryimage"},"thumbnailUrl":"https:\/\/instytutpolski.pl\/vilnius\/wp-content\/uploads\/sites\/24\/2020\/06\/Splyw-Krutynia.jpg","datePublished":"2020-06-03T09:22:07+00:00","dateModified":"2022-09-15T13:09:15+00:00","breadcrumb":{"@id":"https:\/\/instytutpolski.pl\/vilnius\/atostogos-lenkijoje\/#breadcrumb"},"inLanguage":"pl-PL","potentialAction":[{"@type":"ReadAction","target":["https:\/\/instytutpolski.pl\/vilnius\/atostogos-lenkijoje\/"]}]},{"@type":"ImageObject","inLanguage":"pl-PL","@id":"https:\/\/instytutpolski.pl\/vilnius\/atostogos-lenkijoje\/#primaryimage","url":"https:\/\/instytutpolski.pl\/vilnius\/wp-content\/uploads\/sites\/24\/2020\/06\/Splyw-Krutynia.jpg","contentUrl":"https:\/\/instytutpolski.pl\/vilnius\/wp-content\/uploads\/sites\/24\/2020\/06\/Splyw-Krutynia.jpg","width":2048,"height":1366,"caption":"Fot. M. Cieszewski"},{"@type":"BreadcrumbList","@id":"https:\/\/instytutpolski.pl\/vilnius\/atostogos-lenkijoje\/#breadcrumb","itemListElement":[{"@type":"ListItem","position":1,"name":"Home","item":"https:\/\/instytutpolski.pl\/vilnius\/"},{"@type":"ListItem","position":2,"name":"Atostogos Lenkijoje"}]},{"@type":"WebSite","@id":"https:\/\/instytutpolski.pl\/vilnius\/#website","url":"https:\/\/instytutpolski.pl\/vilnius\/","name":"Instytut Polski w Wilnie","description":"Instytuty Polskie","potentialAction":[{"@type":"SearchAction","target":{"@type":"EntryPoint","urlTemplate":"https:\/\/instytutpolski.pl\/vilnius\/?s={search_term_string}"},"query-input":{"@type":"PropertyValueSpecification","valueRequired":true,"valueName":"search_term_string"}}],"inLanguage":"pl-PL"}]}},"_links":{"self":[{"href":"https:\/\/instytutpolski.pl\/vilnius\/wp-json\/wp\/v2\/pages\/1287","targetHints":{"allow":["GET"]}}],"collection":[{"href":"https:\/\/instytutpolski.pl\/vilnius\/wp-json\/wp\/v2\/pages"}],"about":[{"href":"https:\/\/instytutpolski.pl\/vilnius\/wp-json\/wp\/v2\/types\/page"}],"author":[{"embeddable":true,"href":"https:\/\/instytutpolski.pl\/vilnius\/wp-json\/wp\/v2\/users\/26"}],"replies":[{"embeddable":true,"href":"https:\/\/instytutpolski.pl\/vilnius\/wp-json\/wp\/v2\/comments?post=1287"}],"version-history":[{"count":8,"href":"https:\/\/instytutpolski.pl\/vilnius\/wp-json\/wp\/v2\/pages\/1287\/revisions"}],"predecessor-version":[{"id":4204,"href":"https:\/\/instytutpolski.pl\/vilnius\/wp-json\/wp\/v2\/pages\/1287\/revisions\/4204"}],"wp:featuredmedia":[{"embeddable":true,"href":"https:\/\/instytutpolski.pl\/vilnius\/wp-json\/wp\/v2\/media\/1290"}],"wp:attachment":[{"href":"https:\/\/instytutpolski.pl\/vilnius\/wp-json\/wp\/v2\/media?parent=1287"}],"curies":[{"name":"wp","href":"https:\/\/api.w.org\/{rel}","templated":true}]}}