{"id":1293,"date":"2020-06-03T11:22:07","date_gmt":"2020-06-03T09:22:07","guid":{"rendered":"https:\/\/instytutpolski.pl\/vilnius\/?page_id=1293"},"modified":"2022-09-15T15:10:48","modified_gmt":"2022-09-15T13:10:48","slug":"wakacje-w-polsce","status":"publish","type":"page","link":"https:\/\/instytutpolski.pl\/vilnius\/pl\/wakacje-w-polsce\/","title":{"rendered":"Wakacje w Polsce"},"content":{"rendered":"\n<p><img loading=\"lazy\" decoding=\"async\" class=\"alignnone size-medium wp-image-3692\" src=\"https:\/\/instytutpolski.pl\/vilnius\/wp-content\/uploads\/sites\/24\/2022\/05\/IP_foto-konkursas-baneris-2022-1200x960px-FB-300x240.png\" alt=\"\" width=\"300\" height=\"240\" srcset=\"https:\/\/instytutpolski.pl\/vilnius\/wp-content\/uploads\/sites\/24\/2022\/05\/IP_foto-konkursas-baneris-2022-1200x960px-FB-300x240.png 300w, https:\/\/instytutpolski.pl\/vilnius\/wp-content\/uploads\/sites\/24\/2022\/05\/IP_foto-konkursas-baneris-2022-1200x960px-FB-1024x819.png 1024w, https:\/\/instytutpolski.pl\/vilnius\/wp-content\/uploads\/sites\/24\/2022\/05\/IP_foto-konkursas-baneris-2022-1200x960px-FB-768x614.png 768w, https:\/\/instytutpolski.pl\/vilnius\/wp-content\/uploads\/sites\/24\/2022\/05\/IP_foto-konkursas-baneris-2022-1200x960px-FB.png 1200w\" sizes=\"auto, (max-width: 300px) 100vw, 300px\" \/><\/p>\n<p><strong>Konkurs fotograficzny &#8222;Wakacje w Polsce&#8221;\u00a0<\/strong><\/p>\n<p><strong>Wakacje w Polsce? Tak, to \u015bwietny pomys\u0142! Instytut Polski w Wilnie i\u00a0<\/strong><strong><span style=\"font-style: inherit;font-weight: inherit\">Samorz\u0105d Wojew\u00f3dztwa Warmi\u0144sko-Mazurskiego<\/span><\/strong><strong>\u00a0og\u0142aszaj\u0105 czwart\u0105 edycj\u0119 konkursu fotograficznego \u201eWakacje w Polsce\u201c. Na laureat\u00f3w czeka weekendowy pobyt (wraz z przelotem) w Krakowie oraz atrakcyjne nagrody rzeczowe.<\/strong><strong>\u00a0<\/strong><\/p>\n<p>Do udzia\u0142u w konkursie zapraszamy wszystkich mieszka\u0144c\u00f3w Litwy, kt\u00f3rzy odpoczywali ju\u017c w Polsce, byli tam na zakupach, przeje\u017cd\u017cali tranzytem w drodze na zach\u00f3d, czy po\u0142udnie Europy, uczestniczyli w festiwalach muzycznych, filmowych i teatralnych. Okazji do odwiedzin Polski jest sporo, odleg\u0142o\u015bci nie s\u0105 tak du\u017ce, a tury\u015bci maj\u0105 do dyspozycji wiele po\u0142\u0105cze\u0144 lotniczych i autobusowych. R\u00f3\u017cnorodno\u015b\u0107 atrakcji turystycznych w Polsce zainteresuje nawet tych podr\u00f3\u017cnik\u00f3w, kt\u00f3rzy \u201ewidzieli wszystko\u201c: d\u0142ugie i piaszczyste wybrze\u017ce Ba\u0142tyku, t\u0119tni\u0105ce \u017cyciem polskie miasta &#8211; Warszawa, Gda\u0144sk, Krak\u00f3w, Pozna\u0144 czy Wroc\u0142aw &#8211; o\u015bnie\u017cone szczyty Tatr, pi\u0119kne krajobrazy Bieszczad czy tajemnicze Sudety i Karkonosze, nieprzebyte puszcze a nawet&#8230; pustynie!<br \/>To ju\u017c czwarta edycja ciesz\u0105cego si\u0119 niezwyk\u0142\u0105 popularno\u015bci\u0105 konkursu fotograficznego \u201eWakacje w Polsce\u201c.\u00a0W latach ubieg\u0142ych corocznie udzia\u0142 w konkursie bra\u0142o po kilkaset uczestnik\u00f3w. W ci\u0105gu trzech edycji konkursu organizatorzy otrzymali ok. 1,5 tysi\u0105ca zdj\u0119\u0107 pokazuj\u0105cych zar\u00f3wno pi\u0119kno polskiej przyrody, ciekawe zabytki, ale tak\u017ce mi\u0142o i ciekawie sp\u0119dzony w Polsce czas.<br \/><span style=\"font-style: inherit;font-weight: inherit\">\u017beby wzi\u0105\u0107 udzia\u0142 w konkursie, nale\u017cy przes\u0142a\u0107 do organizator\u00f3w jedno zdj\u0119cie wykonane przez siebie w Polsce pokazuj\u0105ce pi\u0119kno polskiej przyrody, ciekawe zabytki lub miejsca zwi\u0105zane z histori\u0105, czy mile i ciekawie sp\u0119dzony czas. Ze wszystkich nades\u0142anych zdj\u0119\u0107 komisja konkursowa wybierze laureata nagrody Grand Prix, kt\u00f3ry uda si\u0119 w podr\u00f3\u017c do Krakowa. Dodatkowo, od 29 sierpnia do 7 wrze\u015bnia 2022 r. na profilu Facebook Instytutu Polskiego w Wilnie odb\u0119dzie si\u0119 g\u0142osowanie internaut\u00f3w, kt\u00f3rzy wybior\u0105 trzy zdj\u0119cia. Ich autorzy otrzymaj\u0105 nagrody rzeczowe.<br \/><\/span><span style=\"font-style: inherit;font-weight: inherit\">Na zg\u0142oszenia i zdj\u0119cia czekamy od 2 czerwca 2022 r. do 28 sierpnia 2022 r. \u00a0pod adresem\u00a0<\/span><a href=\"mailto:konkursas@instytutpolski.pl\" data-auth=\"NotApplicable\" data-linkindex=\"0\"><span style=\"font-style: inherit;font-weight: inherit\">konkursas@instytutpolski.pl<\/span><\/a><span style=\"font-style: inherit;font-weight: inherit\">. Ka\u017cdy uczestnik mo\u017ce wys\u0142a\u0107 jedno zdj\u0119cie, kt\u00f3re nale\u017cy opisa\u0107, podaj\u0105c miejsce wykonania zdj\u0119cia, nazw\u0119 obiektu, imi\u0119 i nazwisko autora, a tak\u017ce nazw\u0119 profilu na portalu Facebook (je\u015bli uczestnik takowy posiada). 29 sierpnia 2022 r. wszystkie zdj\u0119cia zg\u0142oszone do konkursu zostan\u0105 opublikowane w albumie \u201eAtostogos Lenkijoje \/ Wakacje w Polsce 2022\u201c na profilu Facebook Instytutu Polskiego w Wilnie. G\u0142osowanie internaut\u00f3w na najlepsze zdj\u0119cia potrwa do 7 wrze\u015bnia 2022 r. Wszystkich laureat\u00f3w, zar\u00f3wno zdobywc\u0119 Grand Prix jak i trzech zdobywc\u00f3w nagr\u00f3d publiczno\u015bci, poznamy 8 wrze\u015bnia 2022 r.<br \/><\/span><span style=\"font-style: inherit;font-weight: inherit\">Konkurs \u201eWakacje w Polsce\u201c to element wieloletniej kampanii promuj\u0105cej atrakcje turystyczne Polski na Litwie realizowanej przez Instytut Polski w Wilnie. W jej ramach na ulicach litewskich miast pojawia\u0142y si\u0119 wielkoformatowe reklamy Polskiej Organizacji Turystycznej i wystawy plenerowe pokazuj\u0105ce ciekawe miejsca w Polsce. Instytut organizuje tak\u017ce wizyty studyjne dla dziennikarzy litewskich medi\u00f3w.<\/span><span style=\"font-style: inherit;font-weight: inherit\">\u00a0<\/span><\/p>\n<p><span style=\"font-style: inherit;font-weight: inherit\">Regulamin konkursu dost\u0119pny jest na stronie\u00a0<\/span><a href=\"https:\/\/instytutpolski.pl\/vilnius\/pl\/wakacje-w-polsce\/\" data-auth=\"NotApplicable\" data-linkindex=\"1\"><span style=\"font-style: inherit;font-weight: inherit\">https:\/\/instytutpolski.pl\/vilnius\/pl\/wakacje-w-polsce\/<\/span><\/a><span style=\"font-style: inherit;font-weight: inherit\">\u00a0oraz na profilu FB Instytutu Polskiego.<br \/><\/span><span style=\"font-style: inherit;font-weight: inherit\">Organizatorem konkursu jest Instytut Polski w Wilnie we wsp\u00f3\u0142pracy z Samorz\u0105dem Wojew\u00f3dztwa Warmi\u0144sko-Mazurskiego.<br \/><\/span><span style=\"font-style: inherit;font-weight: inherit\">Partnerzy medialni: portal \u201e15min.lt\u201d, czasopisma \u201eKeliauk\u201d oraz \u201eKelion\u0117s ir pramogos\u201d, TVP Wilno, radio \u201eZnad Wilii\u201d, portale \u201eZW.lt\u201d oraz\u00a0\u201eWilnoteka.lt\u201d.<\/span><\/p>\n<p><a href=\"https:\/\/instytutpolski.pl\/vilnius\/wp-content\/uploads\/sites\/24\/2022\/05\/REGULAMIN_KONKURSU_WAKACJE_POLSKA_2022.docx\">REGULAMIN_KONKURSU_WAKACJE_POLSKA_2022<\/a><\/p>\n<p><span style=\"color: #0000ff\"><em>Z satysfakcj\u0105 og\u0142aszamy zwyci\u0119zc\u00f3w konkursu fotograficznego \u201eWakacje w Polsce 2022\u201d <\/em><\/span><br \/><span style=\"color: #0000ff\"><em>Nagrod\u0119 g\u0142\u00f3wn\u0105 &#8211; weekend dla dw\u00f3ch os\u00f3b w Krakowie &#8211; zdoby\u0142a Lina Vasiliauskien\u0117. Jej zdj\u0119cie wybrali cz\u0142onkowie jury.<\/em><\/span><br \/><span style=\"color: #0000ff\"><em>Nagrody publiczno\u015bci za najwi\u0119ksz\u0105 liczb\u0119 polubie\u0144 otrzymuj\u0105: I miejsce Agata Gulecka, II miejsce Meil\u0117 Parnarauskien\u0117, III miejsce Egl\u0117 Verbel.<\/em><\/span><br \/><span style=\"color: #0000ff\"><em>Nagrody specjalne, ufundowane przez Samorz\u0105d Wojew\u00f3dztwa Warmi\u0144skio-Mazurskiego, otrzymuj\u0105 Ieva Luko\u0161evi\u010di\u016bt\u0117, Karolina Lamteva, Asta Andrijauskien\u0117, Vytenis Skendelis i Rimas Bu\u0161auskas.<\/em><\/span><br \/><span style=\"color: #0000ff\"><em>Serdecznie gratulujemy zwyci\u0119zcom!<\/em><\/span><br \/><span style=\"color: #0000ff\"><em>Ze wszystkimi zwyci\u0119zcami skontaktujemy si\u0119 osobi\u015bcie i poinformujemy o terminie i sposobie wr\u0119czenia nagr\u00f3d.<\/em><\/span><br \/><span style=\"color: #0000ff\"><em>Gor\u0105co dzi\u0119kujemy wszystkim uczestnikom za udzia\u0142 w naszej wakacyjnej zabawie. Ogromnie si\u0119 cieszymy, \u017ce tak wielu mieszka\u0144c\u00f3w Litwy w\u0142a\u015bnie Polsk\u0119 wybiera za cel swoich wakacyjnych podr\u00f3\u017cy. Mamy nadziej\u0119, \u017ce wra\u017ceniami z wakacji w Polsce zechc\u0105 si\u0119 Pa\u0144stwo podzieli\u0107 w przysz\u0142orocznej edycji konkursu.<\/em><\/span><\/p>\n<p><img loading=\"lazy\" decoding=\"async\" class=\"alignnone size-medium wp-image-4202\" src=\"https:\/\/instytutpolski.pl\/vilnius\/wp-content\/uploads\/sites\/24\/2022\/09\/Grand-Prix-300x300.png\" alt=\"\" width=\"300\" height=\"300\" srcset=\"https:\/\/instytutpolski.pl\/vilnius\/wp-content\/uploads\/sites\/24\/2022\/09\/Grand-Prix-300x300.png 300w, https:\/\/instytutpolski.pl\/vilnius\/wp-content\/uploads\/sites\/24\/2022\/09\/Grand-Prix-1024x1024.png 1024w, https:\/\/instytutpolski.pl\/vilnius\/wp-content\/uploads\/sites\/24\/2022\/09\/Grand-Prix-150x150.png 150w, https:\/\/instytutpolski.pl\/vilnius\/wp-content\/uploads\/sites\/24\/2022\/09\/Grand-Prix-768x768.png 768w, https:\/\/instytutpolski.pl\/vilnius\/wp-content\/uploads\/sites\/24\/2022\/09\/Grand-Prix.png 1080w\" sizes=\"auto, (max-width: 300px) 100vw, 300px\" \/><\/p>\n<p><img loading=\"lazy\" decoding=\"async\" class=\"alignnone size-medium wp-image-4203\" src=\"https:\/\/instytutpolski.pl\/vilnius\/wp-content\/uploads\/sites\/24\/2022\/09\/Projekt-bez-tytulu-1-200x300.png\" alt=\"\" width=\"200\" height=\"300\" srcset=\"https:\/\/instytutpolski.pl\/vilnius\/wp-content\/uploads\/sites\/24\/2022\/09\/Projekt-bez-tytulu-1-200x300.png 200w, https:\/\/instytutpolski.pl\/vilnius\/wp-content\/uploads\/sites\/24\/2022\/09\/Projekt-bez-tytulu-1-682x1024.png 682w, https:\/\/instytutpolski.pl\/vilnius\/wp-content\/uploads\/sites\/24\/2022\/09\/Projekt-bez-tytulu-1-768x1152.png 768w, https:\/\/instytutpolski.pl\/vilnius\/wp-content\/uploads\/sites\/24\/2022\/09\/Projekt-bez-tytulu-1-1024x1536.png 1024w, https:\/\/instytutpolski.pl\/vilnius\/wp-content\/uploads\/sites\/24\/2022\/09\/Projekt-bez-tytulu-1.png 1333w\" sizes=\"auto, (max-width: 200px) 100vw, 200px\" \/><\/p>\n","protected":false},"excerpt":{"rendered":"<p>Konkurs fotograficzny &#8222;Wakacje w Polsce&#8221;\u00a0 Wakacje w Polsce? Tak, to \u015bwietny pomys\u0142! Instytut Polski w Wilnie i\u00a0Samorz\u0105d Wojew\u00f3dztwa Warmi\u0144sko-Mazurskiego\u00a0og\u0142aszaj\u0105 czwart\u0105 edycj\u0119 konkursu fotograficznego \u201eWakacje w Polsce\u201c. Na laureat\u00f3w czeka weekendowy pobyt (wraz z przelotem) w Krakowie oraz atrakcyjne nagrody rzeczowe.\u00a0 Do udzia\u0142u w konkursie zapraszamy wszystkich mieszka\u0144c\u00f3w Litwy, kt\u00f3rzy odpoczywali ju\u017c w Polsce, byli tam [&hellip;]<\/p>\n","protected":false},"author":26,"featured_media":1290,"parent":0,"menu_order":0,"comment_status":"closed","ping_status":"closed","template":"","meta":{"inline_featured_image":false,"_monsterinsights_skip_tracking":false,"_monsterinsights_sitenote_active":false,"_monsterinsights_sitenote_note":"","_monsterinsights_sitenote_category":0,"footnotes":""},"class_list":["post-1293","page","type-page","status-publish","has-post-thumbnail","hentry"],"yoast_head":"<!-- This site is optimized with the Yoast SEO plugin v24.6 - https:\/\/yoast.com\/wordpress\/plugins\/seo\/ -->\n<title>Wakacje w Polsce - Instytut Polski w Wilnie<\/title>\n<meta name=\"robots\" content=\"index, follow, max-snippet:-1, max-image-preview:large, max-video-preview:-1\" \/>\n<link rel=\"canonical\" href=\"https:\/\/instytutpolski.pl\/vilnius\/pl\/wakacje-w-polsce\/\" \/>\n<meta property=\"og:locale\" content=\"pl_PL\" \/>\n<meta property=\"og:type\" content=\"article\" \/>\n<meta property=\"og:title\" content=\"Wakacje w Polsce - Instytut Polski w Wilnie\" \/>\n<meta property=\"og:description\" content=\"Konkurs fotograficzny &#8222;Wakacje w Polsce&#8221;\u00a0 Wakacje w Polsce? Tak, to \u015bwietny pomys\u0142! Instytut Polski w Wilnie i\u00a0Samorz\u0105d Wojew\u00f3dztwa Warmi\u0144sko-Mazurskiego\u00a0og\u0142aszaj\u0105 czwart\u0105 edycj\u0119 konkursu fotograficznego \u201eWakacje w Polsce\u201c. Na laureat\u00f3w czeka weekendowy pobyt (wraz z przelotem) w Krakowie oraz atrakcyjne nagrody rzeczowe.\u00a0 Do udzia\u0142u w konkursie zapraszamy wszystkich mieszka\u0144c\u00f3w Litwy, kt\u00f3rzy odpoczywali ju\u017c w Polsce, byli tam [&hellip;]\" \/>\n<meta property=\"og:url\" content=\"https:\/\/instytutpolski.pl\/vilnius\/pl\/wakacje-w-polsce\/\" \/>\n<meta property=\"og:site_name\" content=\"Instytut Polski w Wilnie\" \/>\n<meta property=\"article:modified_time\" content=\"2022-09-15T13:10:48+00:00\" \/>\n<meta property=\"og:image\" content=\"https:\/\/instytutpolski.pl\/vilnius\/wp-content\/uploads\/sites\/24\/2020\/06\/Splyw-Krutynia.jpg\" \/>\n\t<meta property=\"og:image:width\" content=\"2048\" \/>\n\t<meta property=\"og:image:height\" content=\"1366\" \/>\n\t<meta property=\"og:image:type\" content=\"image\/jpeg\" \/>\n<meta name=\"twitter:card\" content=\"summary_large_image\" \/>\n<meta name=\"twitter:label1\" content=\"Szacowany czas czytania\" \/>\n\t<meta name=\"twitter:data1\" content=\"4 minuty\" \/>\n<script type=\"application\/ld+json\" class=\"yoast-schema-graph\">{\"@context\":\"https:\/\/schema.org\",\"@graph\":[{\"@type\":\"WebPage\",\"@id\":\"https:\/\/instytutpolski.pl\/vilnius\/pl\/wakacje-w-polsce\/\",\"url\":\"https:\/\/instytutpolski.pl\/vilnius\/pl\/wakacje-w-polsce\/\",\"name\":\"Wakacje w Polsce - Instytut Polski w Wilnie\",\"isPartOf\":{\"@id\":\"https:\/\/instytutpolski.pl\/vilnius\/#website\"},\"primaryImageOfPage\":{\"@id\":\"https:\/\/instytutpolski.pl\/vilnius\/pl\/wakacje-w-polsce\/#primaryimage\"},\"image\":{\"@id\":\"https:\/\/instytutpolski.pl\/vilnius\/pl\/wakacje-w-polsce\/#primaryimage\"},\"thumbnailUrl\":\"https:\/\/instytutpolski.pl\/vilnius\/wp-content\/uploads\/sites\/24\/2020\/06\/Splyw-Krutynia.jpg\",\"datePublished\":\"2020-06-03T09:22:07+00:00\",\"dateModified\":\"2022-09-15T13:10:48+00:00\",\"breadcrumb\":{\"@id\":\"https:\/\/instytutpolski.pl\/vilnius\/pl\/wakacje-w-polsce\/#breadcrumb\"},\"inLanguage\":\"pl-PL\",\"potentialAction\":[{\"@type\":\"ReadAction\",\"target\":[\"https:\/\/instytutpolski.pl\/vilnius\/pl\/wakacje-w-polsce\/\"]}]},{\"@type\":\"ImageObject\",\"inLanguage\":\"pl-PL\",\"@id\":\"https:\/\/instytutpolski.pl\/vilnius\/pl\/wakacje-w-polsce\/#primaryimage\",\"url\":\"https:\/\/instytutpolski.pl\/vilnius\/wp-content\/uploads\/sites\/24\/2020\/06\/Splyw-Krutynia.jpg\",\"contentUrl\":\"https:\/\/instytutpolski.pl\/vilnius\/wp-content\/uploads\/sites\/24\/2020\/06\/Splyw-Krutynia.jpg\",\"width\":2048,\"height\":1366,\"caption\":\"Fot. M. Cieszewski\"},{\"@type\":\"BreadcrumbList\",\"@id\":\"https:\/\/instytutpolski.pl\/vilnius\/pl\/wakacje-w-polsce\/#breadcrumb\",\"itemListElement\":[{\"@type\":\"ListItem\",\"position\":1,\"name\":\"Home\",\"item\":\"https:\/\/instytutpolski.pl\/vilnius\/\"},{\"@type\":\"ListItem\",\"position\":2,\"name\":\"Wakacje w Polsce\"}]},{\"@type\":\"WebSite\",\"@id\":\"https:\/\/instytutpolski.pl\/vilnius\/#website\",\"url\":\"https:\/\/instytutpolski.pl\/vilnius\/\",\"name\":\"Instytut Polski w Wilnie\",\"description\":\"Instytuty Polskie\",\"potentialAction\":[{\"@type\":\"SearchAction\",\"target\":{\"@type\":\"EntryPoint\",\"urlTemplate\":\"https:\/\/instytutpolski.pl\/vilnius\/?s={search_term_string}\"},\"query-input\":{\"@type\":\"PropertyValueSpecification\",\"valueRequired\":true,\"valueName\":\"search_term_string\"}}],\"inLanguage\":\"pl-PL\"}]}<\/script>\n<!-- \/ Yoast SEO plugin. -->","yoast_head_json":{"title":"Wakacje w Polsce - Instytut Polski w Wilnie","robots":{"index":"index","follow":"follow","max-snippet":"max-snippet:-1","max-image-preview":"max-image-preview:large","max-video-preview":"max-video-preview:-1"},"canonical":"https:\/\/instytutpolski.pl\/vilnius\/pl\/wakacje-w-polsce\/","og_locale":"pl_PL","og_type":"article","og_title":"Wakacje w Polsce - Instytut Polski w Wilnie","og_description":"Konkurs fotograficzny &#8222;Wakacje w Polsce&#8221;\u00a0 Wakacje w Polsce? Tak, to \u015bwietny pomys\u0142! Instytut Polski w Wilnie i\u00a0Samorz\u0105d Wojew\u00f3dztwa Warmi\u0144sko-Mazurskiego\u00a0og\u0142aszaj\u0105 czwart\u0105 edycj\u0119 konkursu fotograficznego \u201eWakacje w Polsce\u201c. Na laureat\u00f3w czeka weekendowy pobyt (wraz z przelotem) w Krakowie oraz atrakcyjne nagrody rzeczowe.\u00a0 Do udzia\u0142u w konkursie zapraszamy wszystkich mieszka\u0144c\u00f3w Litwy, kt\u00f3rzy odpoczywali ju\u017c w Polsce, byli tam [&hellip;]","og_url":"https:\/\/instytutpolski.pl\/vilnius\/pl\/wakacje-w-polsce\/","og_site_name":"Instytut Polski w Wilnie","article_modified_time":"2022-09-15T13:10:48+00:00","og_image":[{"width":2048,"height":1366,"url":"https:\/\/instytutpolski.pl\/vilnius\/wp-content\/uploads\/sites\/24\/2020\/06\/Splyw-Krutynia.jpg","type":"image\/jpeg"}],"twitter_card":"summary_large_image","twitter_misc":{"Szacowany czas czytania":"4 minuty"},"schema":{"@context":"https:\/\/schema.org","@graph":[{"@type":"WebPage","@id":"https:\/\/instytutpolski.pl\/vilnius\/pl\/wakacje-w-polsce\/","url":"https:\/\/instytutpolski.pl\/vilnius\/pl\/wakacje-w-polsce\/","name":"Wakacje w Polsce - Instytut Polski w Wilnie","isPartOf":{"@id":"https:\/\/instytutpolski.pl\/vilnius\/#website"},"primaryImageOfPage":{"@id":"https:\/\/instytutpolski.pl\/vilnius\/pl\/wakacje-w-polsce\/#primaryimage"},"image":{"@id":"https:\/\/instytutpolski.pl\/vilnius\/pl\/wakacje-w-polsce\/#primaryimage"},"thumbnailUrl":"https:\/\/instytutpolski.pl\/vilnius\/wp-content\/uploads\/sites\/24\/2020\/06\/Splyw-Krutynia.jpg","datePublished":"2020-06-03T09:22:07+00:00","dateModified":"2022-09-15T13:10:48+00:00","breadcrumb":{"@id":"https:\/\/instytutpolski.pl\/vilnius\/pl\/wakacje-w-polsce\/#breadcrumb"},"inLanguage":"pl-PL","potentialAction":[{"@type":"ReadAction","target":["https:\/\/instytutpolski.pl\/vilnius\/pl\/wakacje-w-polsce\/"]}]},{"@type":"ImageObject","inLanguage":"pl-PL","@id":"https:\/\/instytutpolski.pl\/vilnius\/pl\/wakacje-w-polsce\/#primaryimage","url":"https:\/\/instytutpolski.pl\/vilnius\/wp-content\/uploads\/sites\/24\/2020\/06\/Splyw-Krutynia.jpg","contentUrl":"https:\/\/instytutpolski.pl\/vilnius\/wp-content\/uploads\/sites\/24\/2020\/06\/Splyw-Krutynia.jpg","width":2048,"height":1366,"caption":"Fot. M. Cieszewski"},{"@type":"BreadcrumbList","@id":"https:\/\/instytutpolski.pl\/vilnius\/pl\/wakacje-w-polsce\/#breadcrumb","itemListElement":[{"@type":"ListItem","position":1,"name":"Home","item":"https:\/\/instytutpolski.pl\/vilnius\/"},{"@type":"ListItem","position":2,"name":"Wakacje w Polsce"}]},{"@type":"WebSite","@id":"https:\/\/instytutpolski.pl\/vilnius\/#website","url":"https:\/\/instytutpolski.pl\/vilnius\/","name":"Instytut Polski w Wilnie","description":"Instytuty Polskie","potentialAction":[{"@type":"SearchAction","target":{"@type":"EntryPoint","urlTemplate":"https:\/\/instytutpolski.pl\/vilnius\/?s={search_term_string}"},"query-input":{"@type":"PropertyValueSpecification","valueRequired":true,"valueName":"search_term_string"}}],"inLanguage":"pl-PL"}]}},"_links":{"self":[{"href":"https:\/\/instytutpolski.pl\/vilnius\/wp-json\/wp\/v2\/pages\/1293","targetHints":{"allow":["GET"]}}],"collection":[{"href":"https:\/\/instytutpolski.pl\/vilnius\/wp-json\/wp\/v2\/pages"}],"about":[{"href":"https:\/\/instytutpolski.pl\/vilnius\/wp-json\/wp\/v2\/types\/page"}],"author":[{"embeddable":true,"href":"https:\/\/instytutpolski.pl\/vilnius\/wp-json\/wp\/v2\/users\/26"}],"replies":[{"embeddable":true,"href":"https:\/\/instytutpolski.pl\/vilnius\/wp-json\/wp\/v2\/comments?post=1293"}],"version-history":[{"count":6,"href":"https:\/\/instytutpolski.pl\/vilnius\/wp-json\/wp\/v2\/pages\/1293\/revisions"}],"predecessor-version":[{"id":4205,"href":"https:\/\/instytutpolski.pl\/vilnius\/wp-json\/wp\/v2\/pages\/1293\/revisions\/4205"}],"wp:featuredmedia":[{"embeddable":true,"href":"https:\/\/instytutpolski.pl\/vilnius\/wp-json\/wp\/v2\/media\/1290"}],"wp:attachment":[{"href":"https:\/\/instytutpolski.pl\/vilnius\/wp-json\/wp\/v2\/media?parent=1293"}],"curies":[{"name":"wp","href":"https:\/\/api.w.org\/{rel}","templated":true}]}}