{"id":14,"date":"2019-06-04T14:39:55","date_gmt":"2019-06-04T12:39:55","guid":{"rendered":"https:\/\/instytutpolski.pl\/wilno\/?page_id=14"},"modified":"2021-09-27T15:42:54","modified_gmt":"2021-09-27T13:42:54","slug":"rodo-2","status":"publish","type":"page","link":"https:\/\/instytutpolski.pl\/vilnius\/pl\/rodo-2\/","title":{"rendered":"RODO"},"content":{"rendered":"\n<p><strong>Informacja dotycz\u0105ca przetwarzania danych osobowych subskrybent\u00f3w newslettera\u00a0<\/strong><strong>przez Instytut Polski w Wilnie<\/strong><\/p>\n<p>Niniejsza informacja stanowi wykonanie obowi\u0105zku okre\u015blonego w art. 13 rozporz\u0105dzenia Parlamentu Europejskiego i Rady (UE) 2016\/679 z dnia 27 kwietnia 2016 r. w sprawie ochrony os\u00f3b fizycznych w zwi\u0105zku z przetwarzaniem danych osobowych i w sprawie swobodnego przep\u0142ywu takich danych oraz uchylenia dyrektywy 95\/46\/WE (RODO).<\/p>\n<ol>\n<li>Administratorem, w rozumieniu art. 4 pkt 7 RODO, Pani\/ Pana danych osobowych jest Minister Spraw Zagranicznych z siedzib\u0105 w Polsce, w Warszawie, Al. J. Ch. Szucha 23, natomiast wykonuj\u0105cym obowi\u0105zki administratora jest Dyrektor Instytutu Polskiego w Wilnie<\/li>\n<li>W MSZ i plac\u00f3wkach zagranicznych powo\u0142ano Inspektora Ochrony Danych (IOD).<br \/>Dane kontaktowe IOD:<br \/>adres siedziby: Al. J. Ch. Szucha 23, 00-580 Warszawa<br \/>adres e-mail: <a href=\"mailto:iod@msz.gov.pl\">iod@msz.gov.pl<\/a><\/li>\n<\/ol>\n<ol start=\"3\">\n<li>Zgodnie z \u00a720 ust. 1 regulaminu organizacyjnego MSZ, wykonuj\u0105cym obowi\u0105zki administratora w stosunku do danych osobowych przetwarzanych w Instytucie Polskim jest dyrektor Instytutu Polskiego w Wilnie.<\/li>\n<li>Dane s\u0105 przetwarzane s\u0105 na podstawie art. 6 pkt 1 lit. a RODO \u2013 za zgod\u0105 osoby, kt\u00f3rej dane dotycz\u0105, w celu przesy\u0142ania za pomoc\u0105 newslettera informacji o programie i dzia\u0142alno\u015bci Instytutu Polskiego w Wilnie Przekazanie danych jest dobrowolne, jednak jest konieczne do otrzymywania newslettera.<\/li>\n<li>Dane podlegaj\u0105 ochronie na podstawie przepis\u00f3w RODO i nie mog\u0105 by\u0107 udost\u0119pniane osobom trzecim, nieuprawnionym do dost\u0119pu do tych danych.<\/li>\n<li>Dane nie b\u0119d\u0105 przekazywane do pa\u0144stwa trzeciego, ani do organizacji mi\u0119dzynarodowej.<\/li>\n<li>Dost\u0119p do danych posiadaj\u0105 wy\u0142\u0105cznie uprawnieni pracownicy Instytutu Polskiego w Wilnie<\/li>\n<li>Dane b\u0119d\u0105 przetwarzane do czasu cofni\u0119cia przez osob\u0119, kt\u00f3rej dane dotycz\u0105, zgody na dalsze przetwarzanie. Zgoda mo\u017ce by\u0107 cofni\u0119ta w dowolnym momencie, poprzez skorzystanie z w\u0142a\u015bciwego mechanizmu rezygnacji, zamieszczonego w stopce ka\u017cdego newslettera lub przes\u0142anie stosownej informacji na adres IP.<\/li>\n<li>Osobie, kt\u00f3rej dane dotycz\u0105 przys\u0142uguj\u0105 prawa do kontroli przetwarzania danych, okre\u015blone w art. 15-20 RODO, w szczeg\u00f3lno\u015bci prawo dost\u0119pu do tre\u015bci swoich danych i ich sprostowania, usuni\u0119cia lub ograniczenia przetwarzania.<\/li>\n<li>Dane nie b\u0119d\u0105 przetwarzane w spos\u00f3b zautomatyzowany, ani nie b\u0119d\u0105 poddawane profilowaniu.<\/li>\n<li>W przypadku naruszenia przepis\u00f3w o ochronie danych osobowych w odniesieniu do przetwarzania Pani\/Pana danych, przys\u0142uguje prawo wniesienia skargi do organu nadzorczego na adres:<br \/>Urz\u0119du Ochrony Danych Osobowych<br \/>Stawki 2<br \/>00-193 Warszawa<\/li>\n<\/ol>\n","protected":false},"excerpt":{"rendered":"<p>Informacja dotycz\u0105ca przetwarzania danych osobowych subskrybent\u00f3w newslettera\u00a0przez Instytut Polski w Wilnie Niniejsza informacja stanowi wykonanie obowi\u0105zku okre\u015blonego w art. 13 rozporz\u0105dzenia Parlamentu Europejskiego i Rady (UE) 2016\/679 z dnia 27 kwietnia 2016 r. w sprawie ochrony os\u00f3b fizycznych w zwi\u0105zku z przetwarzaniem danych osobowych i w sprawie swobodnego przep\u0142ywu takich danych oraz uchylenia dyrektywy 95\/46\/WE [&hellip;]<\/p>\n","protected":false},"author":1,"featured_media":0,"parent":0,"menu_order":0,"comment_status":"closed","ping_status":"closed","template":"","meta":{"inline_featured_image":false,"_monsterinsights_skip_tracking":false,"_monsterinsights_sitenote_active":false,"_monsterinsights_sitenote_note":"","_monsterinsights_sitenote_category":0,"footnotes":""},"class_list":["post-14","page","type-page","status-publish","hentry"],"yoast_head":"<!-- This site is optimized with the Yoast SEO plugin v24.6 - https:\/\/yoast.com\/wordpress\/plugins\/seo\/ -->\n<title>RODO - Instytut Polski w Wilnie<\/title>\n<meta name=\"robots\" content=\"index, follow, max-snippet:-1, max-image-preview:large, max-video-preview:-1\" \/>\n<link rel=\"canonical\" href=\"https:\/\/instytutpolski.pl\/vilnius\/pl\/rodo-2\/\" \/>\n<meta property=\"og:locale\" content=\"pl_PL\" \/>\n<meta property=\"og:type\" content=\"article\" \/>\n<meta property=\"og:title\" content=\"RODO - Instytut Polski w Wilnie\" \/>\n<meta property=\"og:description\" content=\"Informacja dotycz\u0105ca przetwarzania danych osobowych subskrybent\u00f3w newslettera\u00a0przez Instytut Polski w Wilnie Niniejsza informacja stanowi wykonanie obowi\u0105zku okre\u015blonego w art. 13 rozporz\u0105dzenia Parlamentu Europejskiego i Rady (UE) 2016\/679 z dnia 27 kwietnia 2016 r. w sprawie ochrony os\u00f3b fizycznych w zwi\u0105zku z przetwarzaniem danych osobowych i w sprawie swobodnego przep\u0142ywu takich danych oraz uchylenia dyrektywy 95\/46\/WE [&hellip;]\" \/>\n<meta property=\"og:url\" content=\"https:\/\/instytutpolski.pl\/vilnius\/pl\/rodo-2\/\" \/>\n<meta property=\"og:site_name\" content=\"Instytut Polski w Wilnie\" \/>\n<meta property=\"article:modified_time\" content=\"2021-09-27T13:42:54+00:00\" \/>\n<meta name=\"twitter:card\" content=\"summary_large_image\" \/>\n<meta name=\"twitter:label1\" content=\"Szacowany czas czytania\" \/>\n\t<meta name=\"twitter:data1\" content=\"2 minuty\" \/>\n<script type=\"application\/ld+json\" class=\"yoast-schema-graph\">{\"@context\":\"https:\/\/schema.org\",\"@graph\":[{\"@type\":\"WebPage\",\"@id\":\"https:\/\/instytutpolski.pl\/vilnius\/pl\/rodo-2\/\",\"url\":\"https:\/\/instytutpolski.pl\/vilnius\/pl\/rodo-2\/\",\"name\":\"RODO - Instytut Polski w Wilnie\",\"isPartOf\":{\"@id\":\"https:\/\/instytutpolski.pl\/vilnius\/#website\"},\"datePublished\":\"2019-06-04T12:39:55+00:00\",\"dateModified\":\"2021-09-27T13:42:54+00:00\",\"breadcrumb\":{\"@id\":\"https:\/\/instytutpolski.pl\/vilnius\/pl\/rodo-2\/#breadcrumb\"},\"inLanguage\":\"pl-PL\",\"potentialAction\":[{\"@type\":\"ReadAction\",\"target\":[\"https:\/\/instytutpolski.pl\/vilnius\/pl\/rodo-2\/\"]}]},{\"@type\":\"BreadcrumbList\",\"@id\":\"https:\/\/instytutpolski.pl\/vilnius\/pl\/rodo-2\/#breadcrumb\",\"itemListElement\":[{\"@type\":\"ListItem\",\"position\":1,\"name\":\"Home\",\"item\":\"https:\/\/instytutpolski.pl\/vilnius\/\"},{\"@type\":\"ListItem\",\"position\":2,\"name\":\"RODO\"}]},{\"@type\":\"WebSite\",\"@id\":\"https:\/\/instytutpolski.pl\/vilnius\/#website\",\"url\":\"https:\/\/instytutpolski.pl\/vilnius\/\",\"name\":\"Instytut Polski w Wilnie\",\"description\":\"Instytuty Polskie\",\"potentialAction\":[{\"@type\":\"SearchAction\",\"target\":{\"@type\":\"EntryPoint\",\"urlTemplate\":\"https:\/\/instytutpolski.pl\/vilnius\/?s={search_term_string}\"},\"query-input\":{\"@type\":\"PropertyValueSpecification\",\"valueRequired\":true,\"valueName\":\"search_term_string\"}}],\"inLanguage\":\"pl-PL\"}]}<\/script>\n<!-- \/ Yoast SEO plugin. -->","yoast_head_json":{"title":"RODO - Instytut Polski w Wilnie","robots":{"index":"index","follow":"follow","max-snippet":"max-snippet:-1","max-image-preview":"max-image-preview:large","max-video-preview":"max-video-preview:-1"},"canonical":"https:\/\/instytutpolski.pl\/vilnius\/pl\/rodo-2\/","og_locale":"pl_PL","og_type":"article","og_title":"RODO - Instytut Polski w Wilnie","og_description":"Informacja dotycz\u0105ca przetwarzania danych osobowych subskrybent\u00f3w newslettera\u00a0przez Instytut Polski w Wilnie Niniejsza informacja stanowi wykonanie obowi\u0105zku okre\u015blonego w art. 13 rozporz\u0105dzenia Parlamentu Europejskiego i Rady (UE) 2016\/679 z dnia 27 kwietnia 2016 r. w sprawie ochrony os\u00f3b fizycznych w zwi\u0105zku z przetwarzaniem danych osobowych i w sprawie swobodnego przep\u0142ywu takich danych oraz uchylenia dyrektywy 95\/46\/WE [&hellip;]","og_url":"https:\/\/instytutpolski.pl\/vilnius\/pl\/rodo-2\/","og_site_name":"Instytut Polski w Wilnie","article_modified_time":"2021-09-27T13:42:54+00:00","twitter_card":"summary_large_image","twitter_misc":{"Szacowany czas czytania":"2 minuty"},"schema":{"@context":"https:\/\/schema.org","@graph":[{"@type":"WebPage","@id":"https:\/\/instytutpolski.pl\/vilnius\/pl\/rodo-2\/","url":"https:\/\/instytutpolski.pl\/vilnius\/pl\/rodo-2\/","name":"RODO - Instytut Polski w Wilnie","isPartOf":{"@id":"https:\/\/instytutpolski.pl\/vilnius\/#website"},"datePublished":"2019-06-04T12:39:55+00:00","dateModified":"2021-09-27T13:42:54+00:00","breadcrumb":{"@id":"https:\/\/instytutpolski.pl\/vilnius\/pl\/rodo-2\/#breadcrumb"},"inLanguage":"pl-PL","potentialAction":[{"@type":"ReadAction","target":["https:\/\/instytutpolski.pl\/vilnius\/pl\/rodo-2\/"]}]},{"@type":"BreadcrumbList","@id":"https:\/\/instytutpolski.pl\/vilnius\/pl\/rodo-2\/#breadcrumb","itemListElement":[{"@type":"ListItem","position":1,"name":"Home","item":"https:\/\/instytutpolski.pl\/vilnius\/"},{"@type":"ListItem","position":2,"name":"RODO"}]},{"@type":"WebSite","@id":"https:\/\/instytutpolski.pl\/vilnius\/#website","url":"https:\/\/instytutpolski.pl\/vilnius\/","name":"Instytut Polski w Wilnie","description":"Instytuty Polskie","potentialAction":[{"@type":"SearchAction","target":{"@type":"EntryPoint","urlTemplate":"https:\/\/instytutpolski.pl\/vilnius\/?s={search_term_string}"},"query-input":{"@type":"PropertyValueSpecification","valueRequired":true,"valueName":"search_term_string"}}],"inLanguage":"pl-PL"}]}},"_links":{"self":[{"href":"https:\/\/instytutpolski.pl\/vilnius\/wp-json\/wp\/v2\/pages\/14","targetHints":{"allow":["GET"]}}],"collection":[{"href":"https:\/\/instytutpolski.pl\/vilnius\/wp-json\/wp\/v2\/pages"}],"about":[{"href":"https:\/\/instytutpolski.pl\/vilnius\/wp-json\/wp\/v2\/types\/page"}],"author":[{"embeddable":true,"href":"https:\/\/instytutpolski.pl\/vilnius\/wp-json\/wp\/v2\/users\/1"}],"replies":[{"embeddable":true,"href":"https:\/\/instytutpolski.pl\/vilnius\/wp-json\/wp\/v2\/comments?post=14"}],"version-history":[{"count":4,"href":"https:\/\/instytutpolski.pl\/vilnius\/wp-json\/wp\/v2\/pages\/14\/revisions"}],"predecessor-version":[{"id":2803,"href":"https:\/\/instytutpolski.pl\/vilnius\/wp-json\/wp\/v2\/pages\/14\/revisions\/2803"}],"wp:attachment":[{"href":"https:\/\/instytutpolski.pl\/vilnius\/wp-json\/wp\/v2\/media?parent=14"}],"curies":[{"name":"wp","href":"https:\/\/api.w.org\/{rel}","templated":true}]}}