{"id":1648,"date":"2020-10-27T14:43:27","date_gmt":"2020-10-27T13:43:27","guid":{"rendered":"https:\/\/instytutpolski.pl\/vilnius\/?page_id=1648"},"modified":"2020-10-29T11:21:42","modified_gmt":"2020-10-29T10:21:42","slug":"skaitmeninis-muziejus","status":"publish","type":"page","link":"https:\/\/instytutpolski.pl\/vilnius\/pazink-lenkija\/kultura-lenkijoje\/lenkijos-muziejai\/skaitmeninis-muziejus\/","title":{"rendered":"Skaitmeninis muziejus"},"content":{"rendered":"\n<div id=\"attachment_8568\" style=\"width: 310px\" class=\"wp-caption alignright\"><a href=\"https:\/\/instytutpolski.pl\/minsk\/pl\/cyfrowe-muzeum-narodowe\/fot_adam-oleksiak_mnw_5\/\" rel=\"attachment wp-att-8568\"><img loading=\"lazy\" decoding=\"async\" aria-describedby=\"caption-attachment-8568\" class=\"size-medium wp-image-8568\" src=\"https:\/\/instytutpolski.pl\/minsk\/wp-content\/uploads\/sites\/6\/2020\/10\/fot_Adam-Oleksiak_MNW_5-300x200.jpg\" alt=\"\" width=\"300\" height=\"200\" \/><\/a><p id=\"caption-attachment-8568\" class=\"wp-caption-text\">Fot. Adam Oleksiak\/MNW<\/p><\/div>\n<p><a href=\"https:\/\/cyfrowe.mnw.art.pl\/pl\/strona-glowna\"><strong>Nacionalinis skaitmeninis muziejus Var\u0161uvoje<\/strong><\/a>\u00a0 pristato net 60 t\u016bkst. muziejaus objekt\u0173 i\u0161 daugiau nei 800 t\u016bkst. muziejaus rinkiniuose saugom\u0173 objekt\u0173. \u010cia yra lenk\u0173 tapybos, skulpt\u016br\u0173 ir grafikos \u0161edevrai, senov\u0117s Faraso freskomis, kurias atrado lenk\u0173 archeologai, viduram\u017ei\u0173 ir \u0161iuolaikinis menas. Visi norintys, nesvarbu kur gyvenantys, gali leistis \u012f virtuali\u0105 ekskursij\u0105 po Lenkijos nacionalin\u012f muziej\u0173 Var\u0161uvoje. Tinklalapio nar\u0161ymas yra personalizuotas ir kiekvienas vartotojas gali pasirinkti sau tinkan\u010dia per\u017ei\u016bros ir i\u0161saugojimo form\u0105.<\/p>\n<div id=\"attachment_5762\" style=\"width: 210px\" class=\"wp-caption alignleft\"><a href=\"https:\/\/instytutpolski.pl\/wien\/pl\/cyfrowe-muzeum-narodowe\/fot_adam-oleksiak_mnw_8-ok-2\/\" rel=\"attachment wp-att-5762\"><img loading=\"lazy\" decoding=\"async\" aria-describedby=\"caption-attachment-5762\" class=\"wp-image-5762 size-medium\" src=\"https:\/\/instytutpolski.pl\/wien\/wp-content\/uploads\/sites\/2\/2020\/10\/fot_Adam-Oleksiak_MNW_8-ok-1-200x300.jpg\" alt=\"\" width=\"200\" height=\"300\" \/><\/a><p id=\"caption-attachment-5762\" class=\"wp-caption-text\">Fot. Adam Oleksiak\/MNW<\/p><\/div>\n<p>&#8211;\u00a0 Ypa\u010d \u012fdomi\u0173 objekt\u0173 galite rasti <a href=\"https:\/\/cyfrowe.mnw.art.pl\/pl\/arcydziela\">\u0161edevr\u0173 skyriuje<\/a>\u00a0 &#8211; sako Karolina Tabak, Var\u0161uvos nacionalinio muziejaus Skaitmeninimo ir vizualin\u0117s dokumentacijos skyriaus ved\u0117ja. &#8211; Taip pat kvie\u010diame \u012f <a href=\"https:\/\/cyfrowe.mnw.art.pl\/pl\/sciezki-tematyczne\">temin\u012f nar\u0161ym\u0105<\/a> &#8211; interaktyvius pristatymus apie muziejaus rinkinius, \u012fvairius rei\u0161kinius pla\u010diai suprantamoje kult\u016broje, pvz., <em>Farasas \u2013 dykumos lobiai<\/em>, <em>Nusikaltimas ir mirtis<\/em>, <em>Vaikas<\/em>, <em>Dailininko studijoje<\/em> &#8211; priduria jis. Var\u0161uvos skaitmeniniame nacionaliniame muziejuje galite pamatyti priartintai, pavyzd\u017eiui, Jano Matejkos paveiksl\u0105 \u201e\u017dalgirio m\u016b\u0161is\u201c ir paspaud\u0119 ant speciali\u0173 \u017eymekli\u0173 galite susipa\u017einti su pavaizduotais paveiksle herojais.<\/p>\n<p>Meno m\u0117g\u0117jai gali atsisi\u0173sti labiausiai jiems patikusio objekto nuotrauk\u0105. Portale prie meno k\u016brini\u0173 nuotrauk\u0173 pateikiama informacija apie j\u0173 naudojimo s\u0105lygas ir autorines teises. Vie\u0161o naudojimo objekt\u0173 vaizdus (kai nuo k\u016br\u0117jo mirties pra\u0117jo ma\u017eiausiai 70 met\u0173) galima atsisi\u0173sti, apdoroti ir naudoti be joki\u0173 apribojim\u0173, taip pat komerci\u0161kai. Muziejaus portale paskelbtas reprodukcijas galima naudoti norint susikurti savo reklamin\u0117s dovaneles.<\/p>\n<div id=\"attachment_5763\" style=\"width: 1034px\" class=\"wp-caption alignnone\"><a href=\"https:\/\/instytutpolski.pl\/wien\/pl\/cyfrowe-muzeum-narodowe\/fot_adam-oleksiak_mnw_9-ok-2\/\" rel=\"attachment wp-att-5763\"><img loading=\"lazy\" decoding=\"async\" aria-describedby=\"caption-attachment-5763\" class=\"wp-image-5763 size-large\" src=\"https:\/\/instytutpolski.pl\/wien\/wp-content\/uploads\/sites\/2\/2020\/10\/fot_Adam-Oleksiak_MNW_9-ok-1-1024x683.jpg\" alt=\"\" width=\"1024\" height=\"683\" \/><\/a><p id=\"caption-attachment-5763\" class=\"wp-caption-text\">Fot. Adam Oleksiak\/MNW<\/p><\/div>\n","protected":false},"excerpt":{"rendered":"<p>Nacionalinis skaitmeninis muziejus Var\u0161uvoje\u00a0 pristato net 60 t\u016bkst. muziejaus objekt\u0173 i\u0161 daugiau nei 800 t\u016bkst. muziejaus rinkiniuose saugom\u0173 objekt\u0173. \u010cia yra lenk\u0173 tapybos, skulpt\u016br\u0173 ir grafikos \u0161edevrai, senov\u0117s Faraso freskomis, kurias atrado lenk\u0173 archeologai, viduram\u017ei\u0173 ir \u0161iuolaikinis menas. Visi norintys, nesvarbu kur gyvenantys, gali leistis \u012f virtuali\u0105 ekskursij\u0105 po Lenkijos nacionalin\u012f muziej\u0173 Var\u0161uvoje. Tinklalapio nar\u0161ymas [&hellip;]<\/p>\n","protected":false},"author":97,"featured_media":1619,"parent":1637,"menu_order":0,"comment_status":"closed","ping_status":"closed","template":"","meta":{"inline_featured_image":false,"_monsterinsights_skip_tracking":false,"_monsterinsights_sitenote_active":false,"_monsterinsights_sitenote_note":"","_monsterinsights_sitenote_category":0,"footnotes":""},"class_list":["post-1648","page","type-page","status-publish","has-post-thumbnail","hentry"],"yoast_head":"<!-- This site is optimized with the Yoast SEO plugin v24.6 - https:\/\/yoast.com\/wordpress\/plugins\/seo\/ -->\n<title>Skaitmeninis muziejus - Instytut Polski w Wilnie<\/title>\n<meta name=\"robots\" content=\"index, follow, max-snippet:-1, max-image-preview:large, max-video-preview:-1\" \/>\n<link rel=\"canonical\" href=\"https:\/\/instytutpolski.pl\/vilnius\/pazink-lenkija\/kultura-lenkijoje\/lenkijos-muziejai\/skaitmeninis-muziejus\/\" \/>\n<meta property=\"og:locale\" content=\"pl_PL\" \/>\n<meta property=\"og:type\" content=\"article\" \/>\n<meta property=\"og:title\" content=\"Skaitmeninis muziejus - Instytut Polski w Wilnie\" \/>\n<meta property=\"og:description\" content=\"Nacionalinis skaitmeninis muziejus Var\u0161uvoje\u00a0 pristato net 60 t\u016bkst. muziejaus objekt\u0173 i\u0161 daugiau nei 800 t\u016bkst. muziejaus rinkiniuose saugom\u0173 objekt\u0173. \u010cia yra lenk\u0173 tapybos, skulpt\u016br\u0173 ir grafikos \u0161edevrai, senov\u0117s Faraso freskomis, kurias atrado lenk\u0173 archeologai, viduram\u017ei\u0173 ir \u0161iuolaikinis menas. Visi norintys, nesvarbu kur gyvenantys, gali leistis \u012f virtuali\u0105 ekskursij\u0105 po Lenkijos nacionalin\u012f muziej\u0173 Var\u0161uvoje. Tinklalapio nar\u0161ymas [&hellip;]\" \/>\n<meta property=\"og:url\" content=\"https:\/\/instytutpolski.pl\/vilnius\/pazink-lenkija\/kultura-lenkijoje\/lenkijos-muziejai\/skaitmeninis-muziejus\/\" \/>\n<meta property=\"og:site_name\" content=\"Instytut Polski w Wilnie\" \/>\n<meta property=\"article:modified_time\" content=\"2020-10-29T10:21:42+00:00\" \/>\n<meta property=\"og:image\" content=\"https:\/\/instytutpolski.pl\/vilnius\/wp-content\/uploads\/sites\/24\/2020\/10\/fot_Adam-Oleksiak_MNW_9-gotowe-scaled.jpg\" \/>\n\t<meta property=\"og:image:width\" content=\"2560\" \/>\n\t<meta property=\"og:image:height\" content=\"1003\" \/>\n\t<meta property=\"og:image:type\" content=\"image\/jpeg\" \/>\n<meta name=\"twitter:card\" content=\"summary_large_image\" \/>\n<meta name=\"twitter:label1\" content=\"Szacowany czas czytania\" \/>\n\t<meta name=\"twitter:data1\" content=\"1 minuta\" \/>\n<script type=\"application\/ld+json\" class=\"yoast-schema-graph\">{\"@context\":\"https:\/\/schema.org\",\"@graph\":[{\"@type\":\"WebPage\",\"@id\":\"https:\/\/instytutpolski.pl\/vilnius\/pazink-lenkija\/kultura-lenkijoje\/lenkijos-muziejai\/skaitmeninis-muziejus\/\",\"url\":\"https:\/\/instytutpolski.pl\/vilnius\/pazink-lenkija\/kultura-lenkijoje\/lenkijos-muziejai\/skaitmeninis-muziejus\/\",\"name\":\"Skaitmeninis muziejus - Instytut Polski w Wilnie\",\"isPartOf\":{\"@id\":\"https:\/\/instytutpolski.pl\/vilnius\/#website\"},\"primaryImageOfPage\":{\"@id\":\"https:\/\/instytutpolski.pl\/vilnius\/pazink-lenkija\/kultura-lenkijoje\/lenkijos-muziejai\/skaitmeninis-muziejus\/#primaryimage\"},\"image\":{\"@id\":\"https:\/\/instytutpolski.pl\/vilnius\/pazink-lenkija\/kultura-lenkijoje\/lenkijos-muziejai\/skaitmeninis-muziejus\/#primaryimage\"},\"thumbnailUrl\":\"https:\/\/instytutpolski.pl\/vilnius\/wp-content\/uploads\/sites\/24\/2020\/10\/fot_Adam-Oleksiak_MNW_9-gotowe-scaled.jpg\",\"datePublished\":\"2020-10-27T13:43:27+00:00\",\"dateModified\":\"2020-10-29T10:21:42+00:00\",\"breadcrumb\":{\"@id\":\"https:\/\/instytutpolski.pl\/vilnius\/pazink-lenkija\/kultura-lenkijoje\/lenkijos-muziejai\/skaitmeninis-muziejus\/#breadcrumb\"},\"inLanguage\":\"pl-PL\",\"potentialAction\":[{\"@type\":\"ReadAction\",\"target\":[\"https:\/\/instytutpolski.pl\/vilnius\/pazink-lenkija\/kultura-lenkijoje\/lenkijos-muziejai\/skaitmeninis-muziejus\/\"]}]},{\"@type\":\"ImageObject\",\"inLanguage\":\"pl-PL\",\"@id\":\"https:\/\/instytutpolski.pl\/vilnius\/pazink-lenkija\/kultura-lenkijoje\/lenkijos-muziejai\/skaitmeninis-muziejus\/#primaryimage\",\"url\":\"https:\/\/instytutpolski.pl\/vilnius\/wp-content\/uploads\/sites\/24\/2020\/10\/fot_Adam-Oleksiak_MNW_9-gotowe-scaled.jpg\",\"contentUrl\":\"https:\/\/instytutpolski.pl\/vilnius\/wp-content\/uploads\/sites\/24\/2020\/10\/fot_Adam-Oleksiak_MNW_9-gotowe-scaled.jpg\",\"width\":2560,\"height\":1003},{\"@type\":\"BreadcrumbList\",\"@id\":\"https:\/\/instytutpolski.pl\/vilnius\/pazink-lenkija\/kultura-lenkijoje\/lenkijos-muziejai\/skaitmeninis-muziejus\/#breadcrumb\",\"itemListElement\":[{\"@type\":\"ListItem\",\"position\":1,\"name\":\"Home\",\"item\":\"https:\/\/instytutpolski.pl\/vilnius\/\"},{\"@type\":\"ListItem\",\"position\":2,\"name\":\"Pa\u017eink Lenkij\u0105\",\"item\":\"https:\/\/instytutpolski.pl\/vilnius\/pazink-lenkija\/\"},{\"@type\":\"ListItem\",\"position\":3,\"name\":\"Kult\u016bra Lenkijoje\",\"item\":\"https:\/\/instytutpolski.pl\/vilnius\/pazink-lenkija\/kultura-lenkijoje\/\"},{\"@type\":\"ListItem\",\"position\":4,\"name\":\"Lenkijos muziejai\",\"item\":\"https:\/\/instytutpolski.pl\/vilnius\/pazink-lenkija\/kultura-lenkijoje\/lenkijos-muziejai\/\"},{\"@type\":\"ListItem\",\"position\":5,\"name\":\"Skaitmeninis muziejus\"}]},{\"@type\":\"WebSite\",\"@id\":\"https:\/\/instytutpolski.pl\/vilnius\/#website\",\"url\":\"https:\/\/instytutpolski.pl\/vilnius\/\",\"name\":\"Instytut Polski w Wilnie\",\"description\":\"Instytuty Polskie\",\"potentialAction\":[{\"@type\":\"SearchAction\",\"target\":{\"@type\":\"EntryPoint\",\"urlTemplate\":\"https:\/\/instytutpolski.pl\/vilnius\/?s={search_term_string}\"},\"query-input\":{\"@type\":\"PropertyValueSpecification\",\"valueRequired\":true,\"valueName\":\"search_term_string\"}}],\"inLanguage\":\"pl-PL\"}]}<\/script>\n<!-- \/ Yoast SEO plugin. -->","yoast_head_json":{"title":"Skaitmeninis muziejus - Instytut Polski w Wilnie","robots":{"index":"index","follow":"follow","max-snippet":"max-snippet:-1","max-image-preview":"max-image-preview:large","max-video-preview":"max-video-preview:-1"},"canonical":"https:\/\/instytutpolski.pl\/vilnius\/pazink-lenkija\/kultura-lenkijoje\/lenkijos-muziejai\/skaitmeninis-muziejus\/","og_locale":"pl_PL","og_type":"article","og_title":"Skaitmeninis muziejus - Instytut Polski w Wilnie","og_description":"Nacionalinis skaitmeninis muziejus Var\u0161uvoje\u00a0 pristato net 60 t\u016bkst. muziejaus objekt\u0173 i\u0161 daugiau nei 800 t\u016bkst. muziejaus rinkiniuose saugom\u0173 objekt\u0173. \u010cia yra lenk\u0173 tapybos, skulpt\u016br\u0173 ir grafikos \u0161edevrai, senov\u0117s Faraso freskomis, kurias atrado lenk\u0173 archeologai, viduram\u017ei\u0173 ir \u0161iuolaikinis menas. Visi norintys, nesvarbu kur gyvenantys, gali leistis \u012f virtuali\u0105 ekskursij\u0105 po Lenkijos nacionalin\u012f muziej\u0173 Var\u0161uvoje. Tinklalapio nar\u0161ymas [&hellip;]","og_url":"https:\/\/instytutpolski.pl\/vilnius\/pazink-lenkija\/kultura-lenkijoje\/lenkijos-muziejai\/skaitmeninis-muziejus\/","og_site_name":"Instytut Polski w Wilnie","article_modified_time":"2020-10-29T10:21:42+00:00","og_image":[{"width":2560,"height":1003,"url":"https:\/\/instytutpolski.pl\/vilnius\/wp-content\/uploads\/sites\/24\/2020\/10\/fot_Adam-Oleksiak_MNW_9-gotowe-scaled.jpg","type":"image\/jpeg"}],"twitter_card":"summary_large_image","twitter_misc":{"Szacowany czas czytania":"1 minuta"},"schema":{"@context":"https:\/\/schema.org","@graph":[{"@type":"WebPage","@id":"https:\/\/instytutpolski.pl\/vilnius\/pazink-lenkija\/kultura-lenkijoje\/lenkijos-muziejai\/skaitmeninis-muziejus\/","url":"https:\/\/instytutpolski.pl\/vilnius\/pazink-lenkija\/kultura-lenkijoje\/lenkijos-muziejai\/skaitmeninis-muziejus\/","name":"Skaitmeninis muziejus - Instytut Polski w Wilnie","isPartOf":{"@id":"https:\/\/instytutpolski.pl\/vilnius\/#website"},"primaryImageOfPage":{"@id":"https:\/\/instytutpolski.pl\/vilnius\/pazink-lenkija\/kultura-lenkijoje\/lenkijos-muziejai\/skaitmeninis-muziejus\/#primaryimage"},"image":{"@id":"https:\/\/instytutpolski.pl\/vilnius\/pazink-lenkija\/kultura-lenkijoje\/lenkijos-muziejai\/skaitmeninis-muziejus\/#primaryimage"},"thumbnailUrl":"https:\/\/instytutpolski.pl\/vilnius\/wp-content\/uploads\/sites\/24\/2020\/10\/fot_Adam-Oleksiak_MNW_9-gotowe-scaled.jpg","datePublished":"2020-10-27T13:43:27+00:00","dateModified":"2020-10-29T10:21:42+00:00","breadcrumb":{"@id":"https:\/\/instytutpolski.pl\/vilnius\/pazink-lenkija\/kultura-lenkijoje\/lenkijos-muziejai\/skaitmeninis-muziejus\/#breadcrumb"},"inLanguage":"pl-PL","potentialAction":[{"@type":"ReadAction","target":["https:\/\/instytutpolski.pl\/vilnius\/pazink-lenkija\/kultura-lenkijoje\/lenkijos-muziejai\/skaitmeninis-muziejus\/"]}]},{"@type":"ImageObject","inLanguage":"pl-PL","@id":"https:\/\/instytutpolski.pl\/vilnius\/pazink-lenkija\/kultura-lenkijoje\/lenkijos-muziejai\/skaitmeninis-muziejus\/#primaryimage","url":"https:\/\/instytutpolski.pl\/vilnius\/wp-content\/uploads\/sites\/24\/2020\/10\/fot_Adam-Oleksiak_MNW_9-gotowe-scaled.jpg","contentUrl":"https:\/\/instytutpolski.pl\/vilnius\/wp-content\/uploads\/sites\/24\/2020\/10\/fot_Adam-Oleksiak_MNW_9-gotowe-scaled.jpg","width":2560,"height":1003},{"@type":"BreadcrumbList","@id":"https:\/\/instytutpolski.pl\/vilnius\/pazink-lenkija\/kultura-lenkijoje\/lenkijos-muziejai\/skaitmeninis-muziejus\/#breadcrumb","itemListElement":[{"@type":"ListItem","position":1,"name":"Home","item":"https:\/\/instytutpolski.pl\/vilnius\/"},{"@type":"ListItem","position":2,"name":"Pa\u017eink Lenkij\u0105","item":"https:\/\/instytutpolski.pl\/vilnius\/pazink-lenkija\/"},{"@type":"ListItem","position":3,"name":"Kult\u016bra Lenkijoje","item":"https:\/\/instytutpolski.pl\/vilnius\/pazink-lenkija\/kultura-lenkijoje\/"},{"@type":"ListItem","position":4,"name":"Lenkijos muziejai","item":"https:\/\/instytutpolski.pl\/vilnius\/pazink-lenkija\/kultura-lenkijoje\/lenkijos-muziejai\/"},{"@type":"ListItem","position":5,"name":"Skaitmeninis muziejus"}]},{"@type":"WebSite","@id":"https:\/\/instytutpolski.pl\/vilnius\/#website","url":"https:\/\/instytutpolski.pl\/vilnius\/","name":"Instytut Polski w Wilnie","description":"Instytuty Polskie","potentialAction":[{"@type":"SearchAction","target":{"@type":"EntryPoint","urlTemplate":"https:\/\/instytutpolski.pl\/vilnius\/?s={search_term_string}"},"query-input":{"@type":"PropertyValueSpecification","valueRequired":true,"valueName":"search_term_string"}}],"inLanguage":"pl-PL"}]}},"_links":{"self":[{"href":"https:\/\/instytutpolski.pl\/vilnius\/wp-json\/wp\/v2\/pages\/1648","targetHints":{"allow":["GET"]}}],"collection":[{"href":"https:\/\/instytutpolski.pl\/vilnius\/wp-json\/wp\/v2\/pages"}],"about":[{"href":"https:\/\/instytutpolski.pl\/vilnius\/wp-json\/wp\/v2\/types\/page"}],"author":[{"embeddable":true,"href":"https:\/\/instytutpolski.pl\/vilnius\/wp-json\/wp\/v2\/users\/97"}],"replies":[{"embeddable":true,"href":"https:\/\/instytutpolski.pl\/vilnius\/wp-json\/wp\/v2\/comments?post=1648"}],"version-history":[{"count":2,"href":"https:\/\/instytutpolski.pl\/vilnius\/wp-json\/wp\/v2\/pages\/1648\/revisions"}],"predecessor-version":[{"id":1650,"href":"https:\/\/instytutpolski.pl\/vilnius\/wp-json\/wp\/v2\/pages\/1648\/revisions\/1650"}],"up":[{"embeddable":true,"href":"https:\/\/instytutpolski.pl\/vilnius\/wp-json\/wp\/v2\/pages\/1637"}],"wp:featuredmedia":[{"embeddable":true,"href":"https:\/\/instytutpolski.pl\/vilnius\/wp-json\/wp\/v2\/media\/1619"}],"wp:attachment":[{"href":"https:\/\/instytutpolski.pl\/vilnius\/wp-json\/wp\/v2\/media?parent=1648"}],"curies":[{"name":"wp","href":"https:\/\/api.w.org\/{rel}","templated":true}]}}