{"id":20,"date":"2019-06-05T16:16:03","date_gmt":"2019-06-05T14:16:03","guid":{"rendered":"https:\/\/instytutpolski.pl\/wilno\/?page_id=20"},"modified":"2026-01-21T09:53:03","modified_gmt":"2026-01-21T08:53:03","slug":"apie-mus","status":"publish","type":"page","link":"https:\/\/instytutpolski.pl\/vilnius\/apie-mus\/","title":{"rendered":"Apie mus"},"content":{"rendered":"\n<p>Lenkijos institutas Vilniuje jau ilgus metus skleid\u017eia lenk\u0173 kult\u016br\u0105 Lietuvoje ir ja turtina Lietuvos kult\u016brin\u012f gyvenim\u0105. Kino m\u0117g\u0117jai kasmet su nekantrumu laukia instituto organizuojamo lenk\u0173 film\u0173 festivalio. Teatro myl\u0117tojai su malonumu lanko i\u0161 Lenkijos atve\u017eamus, taip pat Lietuvoje lenk\u0173 k\u016br\u0117j\u0173 statomus spektaklius, kuri\u0173 ne vienas peln\u0117 \u201eAuksinius scenos kry\u017eius\u201c (pvz., \u201eDidvyri\u0173 aik\u0161t\u0117\u201c, \u201eLokis\u201c, \u201eQuanta\u201c). Dail\u0117s m\u0117g\u0117jai gausiai lanko lenk\u0173 meninink\u0173 parodas ir kitus vaizduojamojo meno renginius. Melomanai d\u017eiaugiasi \u012f Lietuv\u0105 i\u0161 Lenkijos atvykstan\u010di\u0173 auk\u0161to lygio atlik\u0117j\u0173 muzika \u2013 klasikine, d\u017eiazu ir t. t. Nuolatos institutas ruo\u0161ia konferencijas arba kaip partneris mielai prisideda prie jau rengiam\u0173. Taip pat organizuoja lenk\u0173 kalbos kursus, u\u017esiima informacijos apie studijas ir turizm\u0105 Lenkijoje sklaida. Pastaruoju metu daug instituto rengini\u0173 susij\u0119 su Ukraina, pvz., Ukrainos centre veik\u0117 garsios primityvist\u0117s Marijos Pryma\u010denko paroda. Instituto <a href=\"http:\/\/instytutpolski.pl\/vilnius\/biblioteka\/\" target=\"_blank\" rel=\"noreferrer noopener\">biblioteka<\/a> si\u016blo did\u017eiausi\u0105 \u0161iuolaikin\u0117s lenk\u0173 literat\u016bros pasirinkim\u0105 Lietuvoje.  <\/p>\n\n\n\n<div style=\"height:28px\" aria-hidden=\"true\" class=\"wp-block-spacer\"><\/div>\n\n\n\n<figure class=\"wp-block-image size-large\"><img loading=\"lazy\" decoding=\"async\" width=\"1024\" height=\"768\" src=\"https:\/\/instytutpolski.pl\/vilnius\/wp-content\/uploads\/sites\/24\/2025\/06\/02-1024x768.jpg\" alt=\"\" class=\"wp-image-7653\" srcset=\"https:\/\/instytutpolski.pl\/vilnius\/wp-content\/uploads\/sites\/24\/2025\/06\/02-1024x768.jpg 1024w, https:\/\/instytutpolski.pl\/vilnius\/wp-content\/uploads\/sites\/24\/2025\/06\/02-300x225.jpg 300w, https:\/\/instytutpolski.pl\/vilnius\/wp-content\/uploads\/sites\/24\/2025\/06\/02-768x576.jpg 768w, https:\/\/instytutpolski.pl\/vilnius\/wp-content\/uploads\/sites\/24\/2025\/06\/02-1536x1152.jpg 1536w, https:\/\/instytutpolski.pl\/vilnius\/wp-content\/uploads\/sites\/24\/2025\/06\/02.jpg 1728w\" sizes=\"auto, (max-width: 1024px) 100vw, 1024px\" \/><\/figure>\n\n\n\n<div style=\"height:22px\" aria-hidden=\"true\" class=\"wp-block-spacer\"><\/div>\n\n\n\n<p>Lenkijos institutas Vilniuje buvo \u012fsteigtas Lenkijos ir Lietuvos draugi\u0161k\u0173 santyki\u0173 ir gero kaimyninio bendradarbiavimo sutarties pagrindu ir savo veikl\u0105 prad\u0117jo 1996 m. vasario 1 dien\u0105. Savo veikloje institutas da\u017eniausiai ie\u0161ko bendr\u0173 lenk\u0173 ir lietuvi\u0173 kult\u016br\u0173 s\u0105ly\u010dio ta\u0161k\u0173, kurie daugiausia randami istoriniame kontekste. Kadangi bendri projektai su vietin\u0117mis kult\u016bros institucijomis \u2013 vienas i\u0161 instituto veiklos prioritet\u0173, tai per ilgus metus susiklost\u0117 nuolatiniai \u0161ilti santykiai ne tik su did\u017eiausiomis Lietuvos kult\u016bros institucijomis, auk\u0161tosiomis mokyklomis, kino festivaliais, bet ir su ma\u017eomis galerijomis, nedideli\u0173 miesteli\u0173 kult\u016bros centrais, bibliotekomis bei kitomis organizacijomis, bendruomen\u0117mis ir pavieniais asmenimis.<\/p>\n\n\n\n<p>I\u0161 viso pasaulyje veikia 27 Lenkijos institutai: daugelis Europoje, taip pat Indijoje, Izraelyje, JAV, Japonijoje, Kinijoje. Tai Lenkijos u\u017esienio reikal\u0173 ministerijai pavald\u017eios institucijos, kurios skleid\u017eia \u017einias apie Lenkij\u0105, populiarina lenk\u0173 kult\u016bros ir mokslo laim\u0117jimus, remia \u0161ali\u0173 kult\u016brin\u012f ir mokslin\u012f bendradarbiavim\u0105. Daugelis j\u0173 atlieka Lenkijos Respublikos ambasad\u0173 kult\u016bros ir mokslo skyri\u0173 vaidmen\u012f.<\/p>\n\n\n\n<div style=\"height:22px\" aria-hidden=\"true\" class=\"wp-block-spacer\"><\/div>\n\n\n\n<figure class=\"wp-block-image size-large\"><img loading=\"lazy\" decoding=\"async\" width=\"1024\" height=\"656\" src=\"https:\/\/instytutpolski.pl\/vilnius\/wp-content\/uploads\/sites\/24\/2025\/06\/IP-1024x656.jpg\" alt=\"\" class=\"wp-image-7648\" srcset=\"https:\/\/instytutpolski.pl\/vilnius\/wp-content\/uploads\/sites\/24\/2025\/06\/IP-1024x656.jpg 1024w, https:\/\/instytutpolski.pl\/vilnius\/wp-content\/uploads\/sites\/24\/2025\/06\/IP-300x192.jpg 300w, https:\/\/instytutpolski.pl\/vilnius\/wp-content\/uploads\/sites\/24\/2025\/06\/IP-768x492.jpg 768w, https:\/\/instytutpolski.pl\/vilnius\/wp-content\/uploads\/sites\/24\/2025\/06\/IP-1536x985.jpg 1536w, https:\/\/instytutpolski.pl\/vilnius\/wp-content\/uploads\/sites\/24\/2025\/06\/IP.jpg 2000w\" sizes=\"auto, (max-width: 1024px) 100vw, 1024px\" \/><\/figure>\n\n\n\n<div style=\"height:22px\" aria-hidden=\"true\" class=\"wp-block-spacer\"><\/div>\n\n\n\n<p>Institutams, be U\u017esienio reikal\u0173 ministerijos, padeda \u012fvairios Lenkijos valstybin\u0117s kult\u016bros institucijos, kuri\u0173 veikloje numatytas tarptautinis bendradarbiavimas, \u2013 tarp j\u0173 Lenkijos kino meno institutas, Knyg\u0173 institutas, Teatro institutas, Nacionalinis Fryderyko Chopino institutas, Adomo Mickevi\u010diaus institutas.<\/p>\n\n\n\n<p>Lietuvos publika vis labiau domisi ir gausiau lanko Lenkijos instituto organizuojamus renginius, vis d\u0117lto dabartinis Lenkijos instituto Vilniuje tikslas \u2013 \u012f juos pritraukti dar daugiau \u017emoni\u0173. Institutas siekia platesn\u0117s informacijos apie jo renginius, taip pat apie Lenkijos kult\u016bros, mokslo ir kitas aktualijas sklaidos.<\/p>\n\n\n\n<p>Informacijos apie lenk\u0173 kult\u016br\u0105 galima rasti jai skirtoje svetain\u0117je <a href=\"http:\/\/Culture.pl\" target=\"_blank\" rel=\"noreferrer noopener\">Culture.pl<\/a>, kurioje publikuojami straipsniai ne tik lenk\u0173, bet ir angl\u0173, ukrainie\u010di\u0173 bei kitomis kalbomis. Su lenk\u0173 kult\u016bros aktualijomis savo tinklalapyje supa\u017eindina <a href=\"https:\/\/iam.pl\/en\" target=\"_blank\" rel=\"noreferrer noopener\">Adomo Mickevi\u010diaus institutas<\/a>.<\/p>\n\n\n\n<p><\/p>\n","protected":false},"excerpt":{"rendered":"<p>Lenkijos institutas Vilniuje jau ilgus metus skleid\u017eia lenk\u0173 kult\u016br\u0105 Lietuvoje ir ja turtina Lietuvos kult\u016brin\u012f gyvenim\u0105. Kino m\u0117g\u0117jai kasmet su nekantrumu laukia instituto organizuojamo lenk\u0173 film\u0173 festivalio. Teatro myl\u0117tojai su malonumu lanko i\u0161 Lenkijos atve\u017eamus, taip pat Lietuvoje lenk\u0173 k\u016br\u0117j\u0173 statomus spektaklius, kuri\u0173 ne vienas peln\u0117 \u201eAuksinius scenos kry\u017eius\u201c (pvz., \u201eDidvyri\u0173 aik\u0161t\u0117\u201c, \u201eLokis\u201c, \u201eQuanta\u201c). Dail\u0117s [&hellip;]<\/p>\n","protected":false},"author":1,"featured_media":0,"parent":0,"menu_order":0,"comment_status":"closed","ping_status":"closed","template":"","meta":{"inline_featured_image":false,"_monsterinsights_skip_tracking":false,"_monsterinsights_sitenote_active":false,"_monsterinsights_sitenote_note":"","_monsterinsights_sitenote_category":0,"footnotes":""},"class_list":["post-20","page","type-page","status-publish","hentry"],"yoast_head":"<!-- This site is optimized with the Yoast SEO plugin v24.6 - https:\/\/yoast.com\/wordpress\/plugins\/seo\/ -->\n<title>Apie mus - Instytut Polski w Wilnie<\/title>\n<meta name=\"robots\" content=\"index, follow, max-snippet:-1, max-image-preview:large, max-video-preview:-1\" \/>\n<link rel=\"canonical\" href=\"https:\/\/instytutpolski.pl\/vilnius\/apie-mus\/\" \/>\n<meta property=\"og:locale\" content=\"pl_PL\" \/>\n<meta property=\"og:type\" content=\"article\" \/>\n<meta property=\"og:title\" content=\"Apie mus - Instytut Polski w Wilnie\" \/>\n<meta property=\"og:description\" content=\"Lenkijos institutas Vilniuje jau ilgus metus skleid\u017eia lenk\u0173 kult\u016br\u0105 Lietuvoje ir ja turtina Lietuvos kult\u016brin\u012f gyvenim\u0105. Kino m\u0117g\u0117jai kasmet su nekantrumu laukia instituto organizuojamo lenk\u0173 film\u0173 festivalio. Teatro myl\u0117tojai su malonumu lanko i\u0161 Lenkijos atve\u017eamus, taip pat Lietuvoje lenk\u0173 k\u016br\u0117j\u0173 statomus spektaklius, kuri\u0173 ne vienas peln\u0117 \u201eAuksinius scenos kry\u017eius\u201c (pvz., \u201eDidvyri\u0173 aik\u0161t\u0117\u201c, \u201eLokis\u201c, \u201eQuanta\u201c). Dail\u0117s [&hellip;]\" \/>\n<meta property=\"og:url\" content=\"https:\/\/instytutpolski.pl\/vilnius\/apie-mus\/\" \/>\n<meta property=\"og:site_name\" content=\"Instytut Polski w Wilnie\" \/>\n<meta property=\"article:modified_time\" content=\"2026-01-21T08:53:03+00:00\" \/>\n<meta property=\"og:image\" content=\"https:\/\/instytutpolski.pl\/vilnius\/wp-content\/uploads\/sites\/24\/2025\/06\/02.jpg\" \/>\n\t<meta property=\"og:image:width\" content=\"1728\" \/>\n\t<meta property=\"og:image:height\" content=\"1296\" \/>\n\t<meta property=\"og:image:type\" content=\"image\/jpeg\" \/>\n<meta name=\"twitter:card\" content=\"summary_large_image\" \/>\n<meta name=\"twitter:label1\" content=\"Szacowany czas czytania\" \/>\n\t<meta name=\"twitter:data1\" content=\"3 minuty\" \/>\n<script type=\"application\/ld+json\" class=\"yoast-schema-graph\">{\"@context\":\"https:\/\/schema.org\",\"@graph\":[{\"@type\":\"WebPage\",\"@id\":\"https:\/\/instytutpolski.pl\/vilnius\/apie-mus\/\",\"url\":\"https:\/\/instytutpolski.pl\/vilnius\/apie-mus\/\",\"name\":\"Apie mus - Instytut Polski w Wilnie\",\"isPartOf\":{\"@id\":\"https:\/\/instytutpolski.pl\/vilnius\/#website\"},\"primaryImageOfPage\":{\"@id\":\"https:\/\/instytutpolski.pl\/vilnius\/apie-mus\/#primaryimage\"},\"image\":{\"@id\":\"https:\/\/instytutpolski.pl\/vilnius\/apie-mus\/#primaryimage\"},\"thumbnailUrl\":\"https:\/\/instytutpolski.pl\/vilnius\/wp-content\/uploads\/sites\/24\/2025\/06\/02-1024x768.jpg\",\"datePublished\":\"2019-06-05T14:16:03+00:00\",\"dateModified\":\"2026-01-21T08:53:03+00:00\",\"breadcrumb\":{\"@id\":\"https:\/\/instytutpolski.pl\/vilnius\/apie-mus\/#breadcrumb\"},\"inLanguage\":\"pl-PL\",\"potentialAction\":[{\"@type\":\"ReadAction\",\"target\":[\"https:\/\/instytutpolski.pl\/vilnius\/apie-mus\/\"]}]},{\"@type\":\"ImageObject\",\"inLanguage\":\"pl-PL\",\"@id\":\"https:\/\/instytutpolski.pl\/vilnius\/apie-mus\/#primaryimage\",\"url\":\"https:\/\/instytutpolski.pl\/vilnius\/wp-content\/uploads\/sites\/24\/2025\/06\/02.jpg\",\"contentUrl\":\"https:\/\/instytutpolski.pl\/vilnius\/wp-content\/uploads\/sites\/24\/2025\/06\/02.jpg\",\"width\":1728,\"height\":1296},{\"@type\":\"BreadcrumbList\",\"@id\":\"https:\/\/instytutpolski.pl\/vilnius\/apie-mus\/#breadcrumb\",\"itemListElement\":[{\"@type\":\"ListItem\",\"position\":1,\"name\":\"Home\",\"item\":\"https:\/\/instytutpolski.pl\/vilnius\/\"},{\"@type\":\"ListItem\",\"position\":2,\"name\":\"Apie mus\"}]},{\"@type\":\"WebSite\",\"@id\":\"https:\/\/instytutpolski.pl\/vilnius\/#website\",\"url\":\"https:\/\/instytutpolski.pl\/vilnius\/\",\"name\":\"Instytut Polski w Wilnie\",\"description\":\"Instytuty Polskie\",\"potentialAction\":[{\"@type\":\"SearchAction\",\"target\":{\"@type\":\"EntryPoint\",\"urlTemplate\":\"https:\/\/instytutpolski.pl\/vilnius\/?s={search_term_string}\"},\"query-input\":{\"@type\":\"PropertyValueSpecification\",\"valueRequired\":true,\"valueName\":\"search_term_string\"}}],\"inLanguage\":\"pl-PL\"}]}<\/script>\n<!-- \/ Yoast SEO plugin. -->","yoast_head_json":{"title":"Apie mus - Instytut Polski w Wilnie","robots":{"index":"index","follow":"follow","max-snippet":"max-snippet:-1","max-image-preview":"max-image-preview:large","max-video-preview":"max-video-preview:-1"},"canonical":"https:\/\/instytutpolski.pl\/vilnius\/apie-mus\/","og_locale":"pl_PL","og_type":"article","og_title":"Apie mus - Instytut Polski w Wilnie","og_description":"Lenkijos institutas Vilniuje jau ilgus metus skleid\u017eia lenk\u0173 kult\u016br\u0105 Lietuvoje ir ja turtina Lietuvos kult\u016brin\u012f gyvenim\u0105. Kino m\u0117g\u0117jai kasmet su nekantrumu laukia instituto organizuojamo lenk\u0173 film\u0173 festivalio. Teatro myl\u0117tojai su malonumu lanko i\u0161 Lenkijos atve\u017eamus, taip pat Lietuvoje lenk\u0173 k\u016br\u0117j\u0173 statomus spektaklius, kuri\u0173 ne vienas peln\u0117 \u201eAuksinius scenos kry\u017eius\u201c (pvz., \u201eDidvyri\u0173 aik\u0161t\u0117\u201c, \u201eLokis\u201c, \u201eQuanta\u201c). Dail\u0117s [&hellip;]","og_url":"https:\/\/instytutpolski.pl\/vilnius\/apie-mus\/","og_site_name":"Instytut Polski w Wilnie","article_modified_time":"2026-01-21T08:53:03+00:00","og_image":[{"width":1728,"height":1296,"url":"https:\/\/instytutpolski.pl\/vilnius\/wp-content\/uploads\/sites\/24\/2025\/06\/02.jpg","type":"image\/jpeg"}],"twitter_card":"summary_large_image","twitter_misc":{"Szacowany czas czytania":"3 minuty"},"schema":{"@context":"https:\/\/schema.org","@graph":[{"@type":"WebPage","@id":"https:\/\/instytutpolski.pl\/vilnius\/apie-mus\/","url":"https:\/\/instytutpolski.pl\/vilnius\/apie-mus\/","name":"Apie mus - Instytut Polski w Wilnie","isPartOf":{"@id":"https:\/\/instytutpolski.pl\/vilnius\/#website"},"primaryImageOfPage":{"@id":"https:\/\/instytutpolski.pl\/vilnius\/apie-mus\/#primaryimage"},"image":{"@id":"https:\/\/instytutpolski.pl\/vilnius\/apie-mus\/#primaryimage"},"thumbnailUrl":"https:\/\/instytutpolski.pl\/vilnius\/wp-content\/uploads\/sites\/24\/2025\/06\/02-1024x768.jpg","datePublished":"2019-06-05T14:16:03+00:00","dateModified":"2026-01-21T08:53:03+00:00","breadcrumb":{"@id":"https:\/\/instytutpolski.pl\/vilnius\/apie-mus\/#breadcrumb"},"inLanguage":"pl-PL","potentialAction":[{"@type":"ReadAction","target":["https:\/\/instytutpolski.pl\/vilnius\/apie-mus\/"]}]},{"@type":"ImageObject","inLanguage":"pl-PL","@id":"https:\/\/instytutpolski.pl\/vilnius\/apie-mus\/#primaryimage","url":"https:\/\/instytutpolski.pl\/vilnius\/wp-content\/uploads\/sites\/24\/2025\/06\/02.jpg","contentUrl":"https:\/\/instytutpolski.pl\/vilnius\/wp-content\/uploads\/sites\/24\/2025\/06\/02.jpg","width":1728,"height":1296},{"@type":"BreadcrumbList","@id":"https:\/\/instytutpolski.pl\/vilnius\/apie-mus\/#breadcrumb","itemListElement":[{"@type":"ListItem","position":1,"name":"Home","item":"https:\/\/instytutpolski.pl\/vilnius\/"},{"@type":"ListItem","position":2,"name":"Apie mus"}]},{"@type":"WebSite","@id":"https:\/\/instytutpolski.pl\/vilnius\/#website","url":"https:\/\/instytutpolski.pl\/vilnius\/","name":"Instytut Polski w Wilnie","description":"Instytuty Polskie","potentialAction":[{"@type":"SearchAction","target":{"@type":"EntryPoint","urlTemplate":"https:\/\/instytutpolski.pl\/vilnius\/?s={search_term_string}"},"query-input":{"@type":"PropertyValueSpecification","valueRequired":true,"valueName":"search_term_string"}}],"inLanguage":"pl-PL"}]}},"_links":{"self":[{"href":"https:\/\/instytutpolski.pl\/vilnius\/wp-json\/wp\/v2\/pages\/20","targetHints":{"allow":["GET"]}}],"collection":[{"href":"https:\/\/instytutpolski.pl\/vilnius\/wp-json\/wp\/v2\/pages"}],"about":[{"href":"https:\/\/instytutpolski.pl\/vilnius\/wp-json\/wp\/v2\/types\/page"}],"author":[{"embeddable":true,"href":"https:\/\/instytutpolski.pl\/vilnius\/wp-json\/wp\/v2\/users\/1"}],"replies":[{"embeddable":true,"href":"https:\/\/instytutpolski.pl\/vilnius\/wp-json\/wp\/v2\/comments?post=20"}],"version-history":[{"count":13,"href":"https:\/\/instytutpolski.pl\/vilnius\/wp-json\/wp\/v2\/pages\/20\/revisions"}],"predecessor-version":[{"id":8491,"href":"https:\/\/instytutpolski.pl\/vilnius\/wp-json\/wp\/v2\/pages\/20\/revisions\/8491"}],"wp:attachment":[{"href":"https:\/\/instytutpolski.pl\/vilnius\/wp-json\/wp\/v2\/media?parent=20"}],"curies":[{"name":"wp","href":"https:\/\/api.w.org\/{rel}","templated":true}]}}