{"id":207,"date":"2019-06-05T23:53:12","date_gmt":"2019-06-05T21:53:12","guid":{"rendered":"https:\/\/instytutpolski.pl\/wilno\/?page_id=207"},"modified":"2025-06-10T10:04:13","modified_gmt":"2025-06-10T08:04:13","slug":"o-nas","status":"publish","type":"page","link":"https:\/\/instytutpolski.pl\/vilnius\/pl\/o-nas\/","title":{"rendered":"O nas"},"content":{"rendered":"\n<p>INSTYTUT POLSKI W WILNIE zosta\u0142 powo\u0142any na mocy Traktatu mi\u0119dzy Rzeczpospolit\u0105 Polsk\u0105 a Republik\u0105 Litewsk\u0105 o przyjaznej i dobros\u0105siedzkiej wsp\u00f3\u0142pracy rozporz\u0105dzeniem Ministra Spraw Zagranicznych z dnia 21 grudnia 1995 roku. Swoj\u0105 dzia\u0142alno\u015b\u0107 Instytut rozpocz\u0105\u0142 1 lutego 1996 roku. Misj\u0105 Instytutu jest upowszechnianie wiedzy o Polsce i jej historii, popularyzowanie dorobku polskiej kultury i nauki, wspieranie wsp\u00f3\u0142pracy mi\u0119dzy oboma krajami w r\u00f3\u017cnych dziedzinach. Instytut organizuje imprezy w swojej siedzibie i poza ni\u0105, a tak\u017ce inspiruje miejscowe instytucje, stowarzyszenia i \u015brodowiska do organizowania wsp\u00f3lnych przedsi\u0119wzi\u0119\u0107.<\/p>\n\n\n\n<div style=\"height:17px\" aria-hidden=\"true\" class=\"wp-block-spacer\"><\/div>\n\n\n\n<figure class=\"wp-block-image size-large\"><img loading=\"lazy\" decoding=\"async\" width=\"1024\" height=\"768\" src=\"https:\/\/instytutpolski.pl\/vilnius\/wp-content\/uploads\/sites\/24\/2025\/06\/02-1024x768.jpg\" alt=\"\" class=\"wp-image-7653\" srcset=\"https:\/\/instytutpolski.pl\/vilnius\/wp-content\/uploads\/sites\/24\/2025\/06\/02-1024x768.jpg 1024w, https:\/\/instytutpolski.pl\/vilnius\/wp-content\/uploads\/sites\/24\/2025\/06\/02-300x225.jpg 300w, https:\/\/instytutpolski.pl\/vilnius\/wp-content\/uploads\/sites\/24\/2025\/06\/02-768x576.jpg 768w, https:\/\/instytutpolski.pl\/vilnius\/wp-content\/uploads\/sites\/24\/2025\/06\/02-1536x1152.jpg 1536w, https:\/\/instytutpolski.pl\/vilnius\/wp-content\/uploads\/sites\/24\/2025\/06\/02.jpg 1728w\" sizes=\"auto, (max-width: 1024px) 100vw, 1024px\" \/><\/figure>\n\n\n\n<div style=\"height:20px\" aria-hidden=\"true\" class=\"wp-block-spacer\"><\/div>\n\n\n\n<p>MISJE I ZADANIA INSTYTUT\u00d3W POLSKICH W \u015aWIECIE: Instytuty Polskie s\u0105 plac\u00f3wkami podleg\u0142ymi Ministerstwu Spraw Zagranicznych, kt\u00f3rych naczelnym zadaniem jest upowszechnianie polskiej kultury, wiedzy o historii oraz dziedzictwie narodowym w \u015bwiecie, a tak\u017ce promocja wsp\u00f3\u0142pracy w dziedzinie kultury, edukacji, nauki oraz \u017cycia spo\u0142ecznego. W wielu miejscach Instytutu Polskie pe\u0142ni\u0105 te\u017c rol\u0119 wydzia\u0142\u00f3w ds. kultury i nauki Ambasad RP. Instytuty Polskie spe\u0142niaj\u0105 funkcje kompetentnych centr\u00f3w promocji wiedzy o Polsce poprzez dzia\u0142alno\u015b\u0107 informacyjno-edukacyjn\u0105 oraz zapewnienie polskiej obecno\u015bci w \u017cyciu kulturalnym poszczeg\u00f3lnych kraj\u00f3w.<\/p>\n\n\n\n<p>Do g\u0142\u00f3wnych zada\u0144 tych plac\u00f3wek nale\u017cy wprowadzanie polskiej kultury do najwa\u017cniejszych o\u015brodk\u00f3w kraj\u00f3w ich funkcjonowania oraz dba\u0142o\u015b\u0107 o zapewnienie znacz\u0105cej polskiej obecno\u015bci w przedsi\u0119wzi\u0119ciach mi\u0119dzynarodowych, a tak\u017ce dzia\u0142anie na rzecz nawi\u0105zywania trwa\u0142ych kontakt\u00f3w mi\u0119dzy polskimi i zagranicznymi partnerami, aktywnymi w sferze mi\u0119dzynarodowej wymiany kulturalnej. Najkorzystniejsz\u0105 form\u0105 organizacji wydarze\u0144 promocyjnych jest wsp\u00f3\u0142produkcja z lokalnymi, renomowanymi instytucjami kultury, co z jednej strony obni\u017ca koszt prezentacji po stronie polskiej, z drugiej stanowi gwarancj\u0119 dotarcia do miejscowego wyrobionego odbiorcy. Misj\u0105 dyplomacji kulturalnej jest skuteczne oddzia\u0142ywanie na mo\u017cliwie najszersze miejscowe \u015brodowiska artystyczne, eksperckie i opiniotw\u00f3rcze.<\/p>\n\n\n\n<div style=\"height:28px\" aria-hidden=\"true\" class=\"wp-block-spacer\"><\/div>\n\n\n\n<figure class=\"wp-block-image size-large\"><img loading=\"lazy\" decoding=\"async\" width=\"1024\" height=\"656\" src=\"https:\/\/instytutpolski.pl\/vilnius\/wp-content\/uploads\/sites\/24\/2025\/06\/IP-1024x656.jpg\" alt=\"\" class=\"wp-image-7648\" srcset=\"https:\/\/instytutpolski.pl\/vilnius\/wp-content\/uploads\/sites\/24\/2025\/06\/IP-1024x656.jpg 1024w, https:\/\/instytutpolski.pl\/vilnius\/wp-content\/uploads\/sites\/24\/2025\/06\/IP-300x192.jpg 300w, https:\/\/instytutpolski.pl\/vilnius\/wp-content\/uploads\/sites\/24\/2025\/06\/IP-768x492.jpg 768w, https:\/\/instytutpolski.pl\/vilnius\/wp-content\/uploads\/sites\/24\/2025\/06\/IP-1536x985.jpg 1536w, https:\/\/instytutpolski.pl\/vilnius\/wp-content\/uploads\/sites\/24\/2025\/06\/IP.jpg 2000w\" sizes=\"auto, (max-width: 1024px) 100vw, 1024px\" \/><\/figure>\n\n\n\n<div style=\"height:19px\" aria-hidden=\"true\" class=\"wp-block-spacer\"><\/div>\n\n\n\n<p>Budowanie dobrych, \u015bcis\u0142ych kontakt\u00f3w z przedstawicielami medi\u00f3w nale\u017cy do priorytet\u00f3w dzia\u0142alno\u015bci Instytut\u00f3w Polskich. Instytuty Polskie uwzgl\u0119dniaj\u0105 w swej dzia\u0142alno\u015bci budowanie grona przysz\u0142ych sprzymierze\u0144c\u00f3w w dziele popularyzacji polskiego dorobku \u2013 pracownik\u00f3w i student\u00f3w wydzia\u0142\u00f3w polonoznawczych, polonistyk, slawistyk i studi\u00f3w \u015brodkowoeuropejskich, a tak\u017ce pracuj\u0105 na rzecz udzia\u0142u polskiej kadry naukowej w procesie kszta\u0142cenia m\u0142odzie\u017cy w kraju urz\u0119dowania. &nbsp;Wsparcie ze strony polskiej dla dzia\u0142alno\u015bci Instytut\u00f3w Polskich w \u015bwiecie zapewniaj\u0105 \u2013 poza MSZ \u2013 krajowe instytucje, kt\u00f3re w swych zadaniach umie\u015bci\u0142y wsp\u00f3\u0142prac\u0119 mi\u0119dzynarodow\u0105, m. in. <a href=\"https:\/\/pisf.pl\/\" target=\"_blank\" rel=\"noreferrer noopener\">Polski Instytut Sztuki Filmowej<\/a>, <a href=\"http:\/\/instytutksiazki.pl\" target=\"_blank\" rel=\"noreferrer noopener\">Instytut Ksi\u0105\u017cki<\/a>, <a href=\"https:\/\/www.instytut-teatralny.pl\/\" target=\"_blank\" rel=\"noreferrer noopener\">Instytut Teatralny<\/a>, <a href=\"http:\/\/nifc.pl\" target=\"_blank\" rel=\"noreferrer noopener\">Narodowy Instytut Fryderyka Chopina<\/a> oraz <a href=\"https:\/\/iam.pl\" target=\"_blank\" rel=\"noreferrer noopener\">Instytut Adama Mickiewicza<\/a>, <a href=\"http:\/\/ipn.gov.pl\" target=\"_blank\" rel=\"noreferrer noopener\">Instytut Pami\u0119ci Narodowej<\/a>, <a href=\"http:\/\/www.pap.pl\" target=\"_blank\" rel=\"noreferrer noopener\">Polska Agencja Prasowa<\/a>.<\/p>\n\n\n\n<p>Program dzia\u0142alno\u015bci Instytut\u00f3w Polskich jest realizowany przez zespo\u0142y sk\u0142adaj\u0105ce si\u0119 z sze\u015bciu do o\u015bmiu os\u00f3b, w tym: dyrektor oraz zazwyczaj jeden pracownik merytoryczny delegowany z kraju, dw\u00f3ch, trzech ekspert\u00f3w miejscowych, posiadaj\u0105cych doskona\u0142\u0105 znajomo\u015b\u0107 j\u0119zyka i warunk\u00f3w kraju urz\u0119dowania oraz wyrobione kontakty w miejscowych \u015brodowiskach kulturalnych, a tak\u017ce dw\u00f3ch pracownik\u00f3w pomocniczych. Sk\u0142ad ten mo\u017ce ulega\u0107 niewielkim modyfikacjom ze wzgl\u0119du na miejscowe uwarunkowania.<\/p>\n\n\n\n<p><\/p>\n","protected":false},"excerpt":{"rendered":"<p>INSTYTUT POLSKI W WILNIE zosta\u0142 powo\u0142any na mocy Traktatu mi\u0119dzy Rzeczpospolit\u0105 Polsk\u0105 a Republik\u0105 Litewsk\u0105 o przyjaznej i dobros\u0105siedzkiej wsp\u00f3\u0142pracy rozporz\u0105dzeniem Ministra Spraw Zagranicznych z dnia 21 grudnia 1995 roku. Swoj\u0105 dzia\u0142alno\u015b\u0107 Instytut rozpocz\u0105\u0142 1 lutego 1996 roku. Misj\u0105 Instytutu jest upowszechnianie wiedzy o Polsce i jej historii, popularyzowanie dorobku polskiej kultury i nauki, wspieranie [&hellip;]<\/p>\n","protected":false},"author":1,"featured_media":0,"parent":0,"menu_order":0,"comment_status":"closed","ping_status":"closed","template":"","meta":{"inline_featured_image":false,"_monsterinsights_skip_tracking":false,"_monsterinsights_sitenote_active":false,"_monsterinsights_sitenote_note":"","_monsterinsights_sitenote_category":0,"footnotes":""},"class_list":["post-207","page","type-page","status-publish","hentry"],"yoast_head":"<!-- This site is optimized with the Yoast SEO plugin v24.6 - https:\/\/yoast.com\/wordpress\/plugins\/seo\/ -->\n<title>O nas - Instytut Polski w Wilnie<\/title>\n<meta name=\"robots\" content=\"index, follow, max-snippet:-1, max-image-preview:large, max-video-preview:-1\" \/>\n<link rel=\"canonical\" href=\"https:\/\/instytutpolski.pl\/vilnius\/pl\/o-nas\/\" \/>\n<meta property=\"og:locale\" content=\"pl_PL\" \/>\n<meta property=\"og:type\" content=\"article\" \/>\n<meta property=\"og:title\" content=\"O nas - Instytut Polski w Wilnie\" \/>\n<meta property=\"og:description\" content=\"INSTYTUT POLSKI W WILNIE zosta\u0142 powo\u0142any na mocy Traktatu mi\u0119dzy Rzeczpospolit\u0105 Polsk\u0105 a Republik\u0105 Litewsk\u0105 o przyjaznej i dobros\u0105siedzkiej wsp\u00f3\u0142pracy rozporz\u0105dzeniem Ministra Spraw Zagranicznych z dnia 21 grudnia 1995 roku. Swoj\u0105 dzia\u0142alno\u015b\u0107 Instytut rozpocz\u0105\u0142 1 lutego 1996 roku. Misj\u0105 Instytutu jest upowszechnianie wiedzy o Polsce i jej historii, popularyzowanie dorobku polskiej kultury i nauki, wspieranie [&hellip;]\" \/>\n<meta property=\"og:url\" content=\"https:\/\/instytutpolski.pl\/vilnius\/pl\/o-nas\/\" \/>\n<meta property=\"og:site_name\" content=\"Instytut Polski w Wilnie\" \/>\n<meta property=\"article:modified_time\" content=\"2025-06-10T08:04:13+00:00\" \/>\n<meta property=\"og:image\" content=\"https:\/\/instytutpolski.pl\/vilnius\/wp-content\/uploads\/sites\/24\/2025\/06\/02.jpg\" \/>\n\t<meta property=\"og:image:width\" content=\"1728\" \/>\n\t<meta property=\"og:image:height\" content=\"1296\" \/>\n\t<meta property=\"og:image:type\" content=\"image\/jpeg\" \/>\n<meta name=\"twitter:card\" content=\"summary_large_image\" \/>\n<meta name=\"twitter:label1\" content=\"Szacowany czas czytania\" \/>\n\t<meta name=\"twitter:data1\" content=\"3 minuty\" \/>\n<script type=\"application\/ld+json\" class=\"yoast-schema-graph\">{\"@context\":\"https:\/\/schema.org\",\"@graph\":[{\"@type\":\"WebPage\",\"@id\":\"https:\/\/instytutpolski.pl\/vilnius\/pl\/o-nas\/\",\"url\":\"https:\/\/instytutpolski.pl\/vilnius\/pl\/o-nas\/\",\"name\":\"O nas - Instytut Polski w Wilnie\",\"isPartOf\":{\"@id\":\"https:\/\/instytutpolski.pl\/vilnius\/#website\"},\"primaryImageOfPage\":{\"@id\":\"https:\/\/instytutpolski.pl\/vilnius\/pl\/o-nas\/#primaryimage\"},\"image\":{\"@id\":\"https:\/\/instytutpolski.pl\/vilnius\/pl\/o-nas\/#primaryimage\"},\"thumbnailUrl\":\"https:\/\/instytutpolski.pl\/vilnius\/wp-content\/uploads\/sites\/24\/2025\/06\/02-1024x768.jpg\",\"datePublished\":\"2019-06-05T21:53:12+00:00\",\"dateModified\":\"2025-06-10T08:04:13+00:00\",\"breadcrumb\":{\"@id\":\"https:\/\/instytutpolski.pl\/vilnius\/pl\/o-nas\/#breadcrumb\"},\"inLanguage\":\"pl-PL\",\"potentialAction\":[{\"@type\":\"ReadAction\",\"target\":[\"https:\/\/instytutpolski.pl\/vilnius\/pl\/o-nas\/\"]}]},{\"@type\":\"ImageObject\",\"inLanguage\":\"pl-PL\",\"@id\":\"https:\/\/instytutpolski.pl\/vilnius\/pl\/o-nas\/#primaryimage\",\"url\":\"https:\/\/instytutpolski.pl\/vilnius\/wp-content\/uploads\/sites\/24\/2025\/06\/02.jpg\",\"contentUrl\":\"https:\/\/instytutpolski.pl\/vilnius\/wp-content\/uploads\/sites\/24\/2025\/06\/02.jpg\",\"width\":1728,\"height\":1296},{\"@type\":\"BreadcrumbList\",\"@id\":\"https:\/\/instytutpolski.pl\/vilnius\/pl\/o-nas\/#breadcrumb\",\"itemListElement\":[{\"@type\":\"ListItem\",\"position\":1,\"name\":\"Home\",\"item\":\"https:\/\/instytutpolski.pl\/vilnius\/\"},{\"@type\":\"ListItem\",\"position\":2,\"name\":\"O nas\"}]},{\"@type\":\"WebSite\",\"@id\":\"https:\/\/instytutpolski.pl\/vilnius\/#website\",\"url\":\"https:\/\/instytutpolski.pl\/vilnius\/\",\"name\":\"Instytut Polski w Wilnie\",\"description\":\"Instytuty Polskie\",\"potentialAction\":[{\"@type\":\"SearchAction\",\"target\":{\"@type\":\"EntryPoint\",\"urlTemplate\":\"https:\/\/instytutpolski.pl\/vilnius\/?s={search_term_string}\"},\"query-input\":{\"@type\":\"PropertyValueSpecification\",\"valueRequired\":true,\"valueName\":\"search_term_string\"}}],\"inLanguage\":\"pl-PL\"}]}<\/script>\n<!-- \/ Yoast SEO plugin. -->","yoast_head_json":{"title":"O nas - Instytut Polski w Wilnie","robots":{"index":"index","follow":"follow","max-snippet":"max-snippet:-1","max-image-preview":"max-image-preview:large","max-video-preview":"max-video-preview:-1"},"canonical":"https:\/\/instytutpolski.pl\/vilnius\/pl\/o-nas\/","og_locale":"pl_PL","og_type":"article","og_title":"O nas - Instytut Polski w Wilnie","og_description":"INSTYTUT POLSKI W WILNIE zosta\u0142 powo\u0142any na mocy Traktatu mi\u0119dzy Rzeczpospolit\u0105 Polsk\u0105 a Republik\u0105 Litewsk\u0105 o przyjaznej i dobros\u0105siedzkiej wsp\u00f3\u0142pracy rozporz\u0105dzeniem Ministra Spraw Zagranicznych z dnia 21 grudnia 1995 roku. Swoj\u0105 dzia\u0142alno\u015b\u0107 Instytut rozpocz\u0105\u0142 1 lutego 1996 roku. Misj\u0105 Instytutu jest upowszechnianie wiedzy o Polsce i jej historii, popularyzowanie dorobku polskiej kultury i nauki, wspieranie [&hellip;]","og_url":"https:\/\/instytutpolski.pl\/vilnius\/pl\/o-nas\/","og_site_name":"Instytut Polski w Wilnie","article_modified_time":"2025-06-10T08:04:13+00:00","og_image":[{"width":1728,"height":1296,"url":"https:\/\/instytutpolski.pl\/vilnius\/wp-content\/uploads\/sites\/24\/2025\/06\/02.jpg","type":"image\/jpeg"}],"twitter_card":"summary_large_image","twitter_misc":{"Szacowany czas czytania":"3 minuty"},"schema":{"@context":"https:\/\/schema.org","@graph":[{"@type":"WebPage","@id":"https:\/\/instytutpolski.pl\/vilnius\/pl\/o-nas\/","url":"https:\/\/instytutpolski.pl\/vilnius\/pl\/o-nas\/","name":"O nas - Instytut Polski w Wilnie","isPartOf":{"@id":"https:\/\/instytutpolski.pl\/vilnius\/#website"},"primaryImageOfPage":{"@id":"https:\/\/instytutpolski.pl\/vilnius\/pl\/o-nas\/#primaryimage"},"image":{"@id":"https:\/\/instytutpolski.pl\/vilnius\/pl\/o-nas\/#primaryimage"},"thumbnailUrl":"https:\/\/instytutpolski.pl\/vilnius\/wp-content\/uploads\/sites\/24\/2025\/06\/02-1024x768.jpg","datePublished":"2019-06-05T21:53:12+00:00","dateModified":"2025-06-10T08:04:13+00:00","breadcrumb":{"@id":"https:\/\/instytutpolski.pl\/vilnius\/pl\/o-nas\/#breadcrumb"},"inLanguage":"pl-PL","potentialAction":[{"@type":"ReadAction","target":["https:\/\/instytutpolski.pl\/vilnius\/pl\/o-nas\/"]}]},{"@type":"ImageObject","inLanguage":"pl-PL","@id":"https:\/\/instytutpolski.pl\/vilnius\/pl\/o-nas\/#primaryimage","url":"https:\/\/instytutpolski.pl\/vilnius\/wp-content\/uploads\/sites\/24\/2025\/06\/02.jpg","contentUrl":"https:\/\/instytutpolski.pl\/vilnius\/wp-content\/uploads\/sites\/24\/2025\/06\/02.jpg","width":1728,"height":1296},{"@type":"BreadcrumbList","@id":"https:\/\/instytutpolski.pl\/vilnius\/pl\/o-nas\/#breadcrumb","itemListElement":[{"@type":"ListItem","position":1,"name":"Home","item":"https:\/\/instytutpolski.pl\/vilnius\/"},{"@type":"ListItem","position":2,"name":"O nas"}]},{"@type":"WebSite","@id":"https:\/\/instytutpolski.pl\/vilnius\/#website","url":"https:\/\/instytutpolski.pl\/vilnius\/","name":"Instytut Polski w Wilnie","description":"Instytuty Polskie","potentialAction":[{"@type":"SearchAction","target":{"@type":"EntryPoint","urlTemplate":"https:\/\/instytutpolski.pl\/vilnius\/?s={search_term_string}"},"query-input":{"@type":"PropertyValueSpecification","valueRequired":true,"valueName":"search_term_string"}}],"inLanguage":"pl-PL"}]}},"_links":{"self":[{"href":"https:\/\/instytutpolski.pl\/vilnius\/wp-json\/wp\/v2\/pages\/207","targetHints":{"allow":["GET"]}}],"collection":[{"href":"https:\/\/instytutpolski.pl\/vilnius\/wp-json\/wp\/v2\/pages"}],"about":[{"href":"https:\/\/instytutpolski.pl\/vilnius\/wp-json\/wp\/v2\/types\/page"}],"author":[{"embeddable":true,"href":"https:\/\/instytutpolski.pl\/vilnius\/wp-json\/wp\/v2\/users\/1"}],"replies":[{"embeddable":true,"href":"https:\/\/instytutpolski.pl\/vilnius\/wp-json\/wp\/v2\/comments?post=207"}],"version-history":[{"count":9,"href":"https:\/\/instytutpolski.pl\/vilnius\/wp-json\/wp\/v2\/pages\/207\/revisions"}],"predecessor-version":[{"id":7666,"href":"https:\/\/instytutpolski.pl\/vilnius\/wp-json\/wp\/v2\/pages\/207\/revisions\/7666"}],"wp:attachment":[{"href":"https:\/\/instytutpolski.pl\/vilnius\/wp-json\/wp\/v2\/media?parent=207"}],"curies":[{"name":"wp","href":"https:\/\/api.w.org\/{rel}","templated":true}]}}