{"id":231,"date":"2019-06-06T00:07:30","date_gmt":"2019-06-05T22:07:30","guid":{"rendered":"https:\/\/instytutpolski.pl\/wilno\/?page_id=231"},"modified":"2025-04-10T09:42:15","modified_gmt":"2025-04-10T07:42:15","slug":"biblioteka-2","status":"publish","type":"page","link":"https:\/\/instytutpolski.pl\/vilnius\/pl\/biblioteka-2\/","title":{"rendered":"Biblioteka"},"content":{"rendered":"\n<p>Czytelnicy Biblioteki Instytutu Polskiego w Wilnie obok kilku tysi\u0119cy publikacji ksi\u0105\u017ckowych maj\u0105 r\u00f3wnie\u017c do dyspozycji Mediatek\u0119 licz\u0105c\u0105 ponad tysi\u0105c p\u0142yt CD i DVD z polsk\u0105 muzyk\u0105 i filmami, a tak\u017ce polskie czasopisma. To najwi\u0119kszy zbi\u00f3r wsp\u00f3\u0142czesnej polskiej literatury na Litwie! Nasze zbiory udost\u0119pniamy bezp\u0142atnie wszystkim zainteresowanym, kt\u00f3rzy zdecyduj\u0105 si\u0119 na za\u0142o\u017cenie u nas karty bibliotecznej.\u00a0<\/p>\n<p><strong>Zapraszamy do wyszukiwania ksi\u0105\u017cek w katalogu dost\u0119pnym on-line: <a href=\"https:\/\/xn--szukamksiki-4kb16m.pl\/SkNewWeb\/bstart\/506000908\">Internetowy katalog <\/a><\/strong><b>Biblioteki Instytutu Polskiego w Wilnie<\/b>\u00a0<\/p>\n<p>Zapraszamy do zapoznania si\u0119 z Wirtualn\u0105 Bibliotek\u0105 Literatury Polskiej, kt\u00f3ra liczy ponad 100 pozycji dost\u0119pnych online &#8211; <a href=\"http:\/\/literat.ug.edu.pl\/books.htm\" target=\"_blank\" rel=\"noopener noreferrer\" data-auth=\"NotApplicable\">Wirtualna Biblioteka Literatury Polskiej<\/a><\/p>\n<p>\u00a0<\/p>\n<p><img loading=\"lazy\" decoding=\"async\" class=\"alignnone  wp-image-7274\" src=\"https:\/\/instytutpolski.pl\/vilnius\/wp-content\/uploads\/sites\/24\/2025\/04\/487519375_977838844533983_5087307209653202452_n-300x225.jpg\" alt=\"\" width=\"811\" height=\"608\" srcset=\"https:\/\/instytutpolski.pl\/vilnius\/wp-content\/uploads\/sites\/24\/2025\/04\/487519375_977838844533983_5087307209653202452_n-300x225.jpg 300w, https:\/\/instytutpolski.pl\/vilnius\/wp-content\/uploads\/sites\/24\/2025\/04\/487519375_977838844533983_5087307209653202452_n-1024x768.jpg 1024w, https:\/\/instytutpolski.pl\/vilnius\/wp-content\/uploads\/sites\/24\/2025\/04\/487519375_977838844533983_5087307209653202452_n-768x576.jpg 768w, https:\/\/instytutpolski.pl\/vilnius\/wp-content\/uploads\/sites\/24\/2025\/04\/487519375_977838844533983_5087307209653202452_n-1536x1152.jpg 1536w, https:\/\/instytutpolski.pl\/vilnius\/wp-content\/uploads\/sites\/24\/2025\/04\/487519375_977838844533983_5087307209653202452_n.jpg 1920w\" sizes=\"auto, (max-width: 811px) 100vw, 811px\" \/><\/p>\n<p>\u00a0<\/p>\n<p><strong>Godziny pracy Biblioteki Instytutu Polskiego:<\/strong><br \/><span style=\"color: #000080\">Poniedzia\u0142ek 13.00-17.00<br \/><\/span><span style=\"color: #ff0000\"><span style=\"color: #000080\">Wtorek 13.00-17.00<\/span><br \/><span style=\"color: #000080\">\u015aroda 13.00-17.00<\/span><br \/><\/span><span style=\"color: #ff0000\"><span style=\"color: #000080\">Czwartek 10.00-14.00<\/span><\/span><\/p>\n<p class=\"x_MsoNormal\">Prosimy o wcze\u015bniejsze wyszukanie ksi\u0105\u017cek z katalogu online dost\u0119pnego na stronie: www.szukamksi\u0105\u017cki.pl oraz o z\u0142o\u017cenie zam\u00f3wienia drog\u0105 elektroniczn\u0105 na adres: vilnius.biblioteka@instytutpolski.org\u00a0<br \/>Istnieje moz\u0307liwos\u0301c\u0301 mailowego przed\u0142<span lang=\"it\">uz<\/span>\u0307enia terminu wypoz\u0307yczonych ksi\u0105\u017cek na naste\u0328pne 2 tygodnie:\u00a0\u00a0<a href=\"mailto:vilnius.biblioteka@instytutpolski.pl\" target=\"_blank\" rel=\"noopener noreferrer\" data-auth=\"NotApplicable\">vilnius.biblioteka@instytutpolski.pl<\/a><\/p>\n<p><strong>Masz pytania? Zapytaj bibliotekarza:<br \/><\/strong><a href=\"mailto:vilnius.biblioteka@instytutpolski.pl\">vilnius.biblioteka@instytutpolski.pl<\/a><\/p>\n<p>\u00a0<\/p>\n","protected":false},"excerpt":{"rendered":"<p>Czytelnicy Biblioteki Instytutu Polskiego w Wilnie obok kilku tysi\u0119cy publikacji ksi\u0105\u017ckowych maj\u0105 r\u00f3wnie\u017c do dyspozycji Mediatek\u0119 licz\u0105c\u0105 ponad tysi\u0105c p\u0142yt CD i DVD z polsk\u0105 muzyk\u0105 i filmami, a tak\u017ce polskie czasopisma. To najwi\u0119kszy zbi\u00f3r wsp\u00f3\u0142czesnej polskiej literatury na Litwie! Nasze zbiory udost\u0119pniamy bezp\u0142atnie wszystkim zainteresowanym, kt\u00f3rzy zdecyduj\u0105 si\u0119 na za\u0142o\u017cenie u nas karty bibliotecznej.\u00a0 [&hellip;]<\/p>\n","protected":false},"author":1,"featured_media":1326,"parent":0,"menu_order":0,"comment_status":"closed","ping_status":"closed","template":"","meta":{"inline_featured_image":false,"_monsterinsights_skip_tracking":false,"_monsterinsights_sitenote_active":false,"_monsterinsights_sitenote_note":"","_monsterinsights_sitenote_category":0,"footnotes":""},"class_list":["post-231","page","type-page","status-publish","has-post-thumbnail","hentry"],"yoast_head":"<!-- This site is optimized with the Yoast SEO plugin v24.6 - https:\/\/yoast.com\/wordpress\/plugins\/seo\/ -->\n<title>Biblioteka - Instytut Polski w Wilnie<\/title>\n<meta name=\"robots\" content=\"index, follow, max-snippet:-1, max-image-preview:large, max-video-preview:-1\" \/>\n<link rel=\"canonical\" href=\"https:\/\/instytutpolski.pl\/vilnius\/pl\/biblioteka-2\/\" \/>\n<meta property=\"og:locale\" content=\"pl_PL\" \/>\n<meta property=\"og:type\" content=\"article\" \/>\n<meta property=\"og:title\" content=\"Biblioteka - Instytut Polski w Wilnie\" \/>\n<meta property=\"og:description\" content=\"Czytelnicy Biblioteki Instytutu Polskiego w Wilnie obok kilku tysi\u0119cy publikacji ksi\u0105\u017ckowych maj\u0105 r\u00f3wnie\u017c do dyspozycji Mediatek\u0119 licz\u0105c\u0105 ponad tysi\u0105c p\u0142yt CD i DVD z polsk\u0105 muzyk\u0105 i filmami, a tak\u017ce polskie czasopisma. To najwi\u0119kszy zbi\u00f3r wsp\u00f3\u0142czesnej polskiej literatury na Litwie! Nasze zbiory udost\u0119pniamy bezp\u0142atnie wszystkim zainteresowanym, kt\u00f3rzy zdecyduj\u0105 si\u0119 na za\u0142o\u017cenie u nas karty bibliotecznej.\u00a0 [&hellip;]\" \/>\n<meta property=\"og:url\" content=\"https:\/\/instytutpolski.pl\/vilnius\/pl\/biblioteka-2\/\" \/>\n<meta property=\"og:site_name\" content=\"Instytut Polski w Wilnie\" \/>\n<meta property=\"article:modified_time\" content=\"2025-04-10T07:42:15+00:00\" \/>\n<meta property=\"og:image\" content=\"https:\/\/instytutpolski.pl\/vilnius\/wp-content\/uploads\/sites\/24\/2020\/06\/BibliotekaIP-mm.jpg\" \/>\n\t<meta property=\"og:image:width\" content=\"800\" \/>\n\t<meta property=\"og:image:height\" content=\"535\" \/>\n\t<meta property=\"og:image:type\" content=\"image\/jpeg\" \/>\n<meta name=\"twitter:card\" content=\"summary_large_image\" \/>\n<meta name=\"twitter:label1\" content=\"Szacowany czas czytania\" \/>\n\t<meta name=\"twitter:data1\" content=\"2 minuty\" \/>\n<script type=\"application\/ld+json\" class=\"yoast-schema-graph\">{\"@context\":\"https:\/\/schema.org\",\"@graph\":[{\"@type\":\"WebPage\",\"@id\":\"https:\/\/instytutpolski.pl\/vilnius\/pl\/biblioteka-2\/\",\"url\":\"https:\/\/instytutpolski.pl\/vilnius\/pl\/biblioteka-2\/\",\"name\":\"Biblioteka - Instytut Polski w Wilnie\",\"isPartOf\":{\"@id\":\"https:\/\/instytutpolski.pl\/vilnius\/#website\"},\"primaryImageOfPage\":{\"@id\":\"https:\/\/instytutpolski.pl\/vilnius\/pl\/biblioteka-2\/#primaryimage\"},\"image\":{\"@id\":\"https:\/\/instytutpolski.pl\/vilnius\/pl\/biblioteka-2\/#primaryimage\"},\"thumbnailUrl\":\"https:\/\/instytutpolski.pl\/vilnius\/wp-content\/uploads\/sites\/24\/2020\/06\/BibliotekaIP-mm.jpg\",\"datePublished\":\"2019-06-05T22:07:30+00:00\",\"dateModified\":\"2025-04-10T07:42:15+00:00\",\"breadcrumb\":{\"@id\":\"https:\/\/instytutpolski.pl\/vilnius\/pl\/biblioteka-2\/#breadcrumb\"},\"inLanguage\":\"pl-PL\",\"potentialAction\":[{\"@type\":\"ReadAction\",\"target\":[\"https:\/\/instytutpolski.pl\/vilnius\/pl\/biblioteka-2\/\"]}]},{\"@type\":\"ImageObject\",\"inLanguage\":\"pl-PL\",\"@id\":\"https:\/\/instytutpolski.pl\/vilnius\/pl\/biblioteka-2\/#primaryimage\",\"url\":\"https:\/\/instytutpolski.pl\/vilnius\/wp-content\/uploads\/sites\/24\/2020\/06\/BibliotekaIP-mm.jpg\",\"contentUrl\":\"https:\/\/instytutpolski.pl\/vilnius\/wp-content\/uploads\/sites\/24\/2020\/06\/BibliotekaIP-mm.jpg\",\"width\":800,\"height\":535},{\"@type\":\"BreadcrumbList\",\"@id\":\"https:\/\/instytutpolski.pl\/vilnius\/pl\/biblioteka-2\/#breadcrumb\",\"itemListElement\":[{\"@type\":\"ListItem\",\"position\":1,\"name\":\"Home\",\"item\":\"https:\/\/instytutpolski.pl\/vilnius\/\"},{\"@type\":\"ListItem\",\"position\":2,\"name\":\"Biblioteka\"}]},{\"@type\":\"WebSite\",\"@id\":\"https:\/\/instytutpolski.pl\/vilnius\/#website\",\"url\":\"https:\/\/instytutpolski.pl\/vilnius\/\",\"name\":\"Instytut Polski w Wilnie\",\"description\":\"Instytuty Polskie\",\"potentialAction\":[{\"@type\":\"SearchAction\",\"target\":{\"@type\":\"EntryPoint\",\"urlTemplate\":\"https:\/\/instytutpolski.pl\/vilnius\/?s={search_term_string}\"},\"query-input\":{\"@type\":\"PropertyValueSpecification\",\"valueRequired\":true,\"valueName\":\"search_term_string\"}}],\"inLanguage\":\"pl-PL\"}]}<\/script>\n<!-- \/ Yoast SEO plugin. -->","yoast_head_json":{"title":"Biblioteka - Instytut Polski w Wilnie","robots":{"index":"index","follow":"follow","max-snippet":"max-snippet:-1","max-image-preview":"max-image-preview:large","max-video-preview":"max-video-preview:-1"},"canonical":"https:\/\/instytutpolski.pl\/vilnius\/pl\/biblioteka-2\/","og_locale":"pl_PL","og_type":"article","og_title":"Biblioteka - Instytut Polski w Wilnie","og_description":"Czytelnicy Biblioteki Instytutu Polskiego w Wilnie obok kilku tysi\u0119cy publikacji ksi\u0105\u017ckowych maj\u0105 r\u00f3wnie\u017c do dyspozycji Mediatek\u0119 licz\u0105c\u0105 ponad tysi\u0105c p\u0142yt CD i DVD z polsk\u0105 muzyk\u0105 i filmami, a tak\u017ce polskie czasopisma. To najwi\u0119kszy zbi\u00f3r wsp\u00f3\u0142czesnej polskiej literatury na Litwie! Nasze zbiory udost\u0119pniamy bezp\u0142atnie wszystkim zainteresowanym, kt\u00f3rzy zdecyduj\u0105 si\u0119 na za\u0142o\u017cenie u nas karty bibliotecznej.\u00a0 [&hellip;]","og_url":"https:\/\/instytutpolski.pl\/vilnius\/pl\/biblioteka-2\/","og_site_name":"Instytut Polski w Wilnie","article_modified_time":"2025-04-10T07:42:15+00:00","og_image":[{"width":800,"height":535,"url":"https:\/\/instytutpolski.pl\/vilnius\/wp-content\/uploads\/sites\/24\/2020\/06\/BibliotekaIP-mm.jpg","type":"image\/jpeg"}],"twitter_card":"summary_large_image","twitter_misc":{"Szacowany czas czytania":"2 minuty"},"schema":{"@context":"https:\/\/schema.org","@graph":[{"@type":"WebPage","@id":"https:\/\/instytutpolski.pl\/vilnius\/pl\/biblioteka-2\/","url":"https:\/\/instytutpolski.pl\/vilnius\/pl\/biblioteka-2\/","name":"Biblioteka - Instytut Polski w Wilnie","isPartOf":{"@id":"https:\/\/instytutpolski.pl\/vilnius\/#website"},"primaryImageOfPage":{"@id":"https:\/\/instytutpolski.pl\/vilnius\/pl\/biblioteka-2\/#primaryimage"},"image":{"@id":"https:\/\/instytutpolski.pl\/vilnius\/pl\/biblioteka-2\/#primaryimage"},"thumbnailUrl":"https:\/\/instytutpolski.pl\/vilnius\/wp-content\/uploads\/sites\/24\/2020\/06\/BibliotekaIP-mm.jpg","datePublished":"2019-06-05T22:07:30+00:00","dateModified":"2025-04-10T07:42:15+00:00","breadcrumb":{"@id":"https:\/\/instytutpolski.pl\/vilnius\/pl\/biblioteka-2\/#breadcrumb"},"inLanguage":"pl-PL","potentialAction":[{"@type":"ReadAction","target":["https:\/\/instytutpolski.pl\/vilnius\/pl\/biblioteka-2\/"]}]},{"@type":"ImageObject","inLanguage":"pl-PL","@id":"https:\/\/instytutpolski.pl\/vilnius\/pl\/biblioteka-2\/#primaryimage","url":"https:\/\/instytutpolski.pl\/vilnius\/wp-content\/uploads\/sites\/24\/2020\/06\/BibliotekaIP-mm.jpg","contentUrl":"https:\/\/instytutpolski.pl\/vilnius\/wp-content\/uploads\/sites\/24\/2020\/06\/BibliotekaIP-mm.jpg","width":800,"height":535},{"@type":"BreadcrumbList","@id":"https:\/\/instytutpolski.pl\/vilnius\/pl\/biblioteka-2\/#breadcrumb","itemListElement":[{"@type":"ListItem","position":1,"name":"Home","item":"https:\/\/instytutpolski.pl\/vilnius\/"},{"@type":"ListItem","position":2,"name":"Biblioteka"}]},{"@type":"WebSite","@id":"https:\/\/instytutpolski.pl\/vilnius\/#website","url":"https:\/\/instytutpolski.pl\/vilnius\/","name":"Instytut Polski w Wilnie","description":"Instytuty Polskie","potentialAction":[{"@type":"SearchAction","target":{"@type":"EntryPoint","urlTemplate":"https:\/\/instytutpolski.pl\/vilnius\/?s={search_term_string}"},"query-input":{"@type":"PropertyValueSpecification","valueRequired":true,"valueName":"search_term_string"}}],"inLanguage":"pl-PL"}]}},"_links":{"self":[{"href":"https:\/\/instytutpolski.pl\/vilnius\/wp-json\/wp\/v2\/pages\/231","targetHints":{"allow":["GET"]}}],"collection":[{"href":"https:\/\/instytutpolski.pl\/vilnius\/wp-json\/wp\/v2\/pages"}],"about":[{"href":"https:\/\/instytutpolski.pl\/vilnius\/wp-json\/wp\/v2\/types\/page"}],"author":[{"embeddable":true,"href":"https:\/\/instytutpolski.pl\/vilnius\/wp-json\/wp\/v2\/users\/1"}],"replies":[{"embeddable":true,"href":"https:\/\/instytutpolski.pl\/vilnius\/wp-json\/wp\/v2\/comments?post=231"}],"version-history":[{"count":36,"href":"https:\/\/instytutpolski.pl\/vilnius\/wp-json\/wp\/v2\/pages\/231\/revisions"}],"predecessor-version":[{"id":7285,"href":"https:\/\/instytutpolski.pl\/vilnius\/wp-json\/wp\/v2\/pages\/231\/revisions\/7285"}],"wp:featuredmedia":[{"embeddable":true,"href":"https:\/\/instytutpolski.pl\/vilnius\/wp-json\/wp\/v2\/media\/1326"}],"wp:attachment":[{"href":"https:\/\/instytutpolski.pl\/vilnius\/wp-json\/wp\/v2\/media?parent=231"}],"curies":[{"name":"wp","href":"https:\/\/api.w.org\/{rel}","templated":true}]}}