{"id":458,"date":"2019-06-27T10:57:56","date_gmt":"2019-06-27T08:57:56","guid":{"rendered":"https:\/\/instytutpolski.pl\/wilno\/?page_id=458"},"modified":"2022-09-15T10:51:58","modified_gmt":"2022-09-15T08:51:58","slug":"apie-lenkija","status":"publish","type":"page","link":"https:\/\/instytutpolski.pl\/vilnius\/pazink-lenkija\/apie-lenkija\/","title":{"rendered":"Apie Lenkij\u0105"},"content":{"rendered":"\n<p><strong>Oficialus \u0161alies pavadinimas:<br \/><\/strong>Lenkijos Respublika (Rzeczpospolita Polska)<\/p>\n<p><strong>Sostin\u0117:<br \/><\/strong>Var\u0161uva (Warszawa) \u2013 1 794 200 gyventoj\u0173<\/p>\n<p><strong>Plotas:<br \/><\/strong>312 685 km<sup>2<\/sup><\/p>\n<p><strong>Gyventojai:<br \/><\/strong>daugiau kaip 38 mln.<\/p>\n<p><strong>Valstybin\u0117 kalba:<br \/><\/strong>lenk\u0173<\/p>\n<p><strong>Piniginis vienetas:<br \/><\/strong>zlotas (z\u0142oty) = 100 gro\u0161\u0173 (groszy)<\/p>\n<p><strong>Did\u017eiausi miestai:<br \/><\/strong>Lodz\u0117 (\u0141\u00f3d\u017a) \u2013 851 700 gyventoj\u0173<br \/>Krokuva (Krak\u00f3w) \u2013 748 000 gyventoj\u0173<br \/>Vroclavas (Wroc\u0142aw) \u2013 642 300 gyventoj\u0173<br \/>Poznan\u0117 (Pozna\u0144) \u2013 588 700 gyventoj\u0173<br \/>Gdanskas (Gda\u0144sk) \u2013 464 600 gyventoj\u0173<\/p>\n<p><strong>Lenkijos Respublikos herbas<\/strong><br \/>baltas erelis su kar\u016bna raudoname fone<\/p>\n<p><strong>Lenk\u0173 nacionalin\u0117s spalvos:<\/strong><br \/>balta ir raudona<\/p>\n<p><strong>Lenk\u0173 nacionalin\u0117s \u0161vent\u0117s:<\/strong><br \/>&#8211; gegu\u017e\u0117s 3 d. (1791 m. konstitucijos paskelbimas)<br \/>&#8211; lapkri\u010dio 11 d. (nepriklausomyb\u0117s \u0161vent\u0117).<\/p>\n<p>\u012estatym\u0173 leid\u017eiamasis vald\u017eios organas \u2013 dviej\u0173 r\u016bm\u0173 Parlamentas (Seimas ir Senatas), kurio kadencija trunka 4 metus.<\/p>\n<p>Vykdomasis vald\u017eios organas \u2013 Ministr\u0173 Taryba (Vyriausyb\u0117), kuriai vadovauja ministras pirmininkas (premjeras).<\/p>\n<p>Valstyb\u0117s vadovas \u2013 prezidentas, renkamas penkeri\u0173 met\u0173 kadencijai visuotiniuose rinkimuose.<\/p>\n<p>Pagal naujausi\u0105 administracin\u012f padalijim\u0105 Lenkija suskirstyta \u012f 16 vaivadij\u0173:<\/p>\n<table style=\"width: 97.855%;height: 290px\" width=\"106%\">\n<tbody>\n<tr>\n<td style=\"width: 45%\" width=\"45%\">\u017demutin\u0117s Silezijos vaivadija (Wojew\u00f3dztwo Dolno\u015bl\u0105skie)<br \/>Kujavijos Pamario vaivadija (Wojew\u00f3dztwo Kujawsko-Pomorskie)<br \/>Liublino vaivadija (Wojew\u00f3dztwo Lubelskie)<br \/>Liubu\u0161o vaivadija (Wojew\u00f3dztwo Lubuskie)<br \/>Lodz\u0117s vaivadija (Wojew\u00f3dztwo \u0141\u00f3dzkie)<br \/>Ma\u017eosios Lenkijos vaivadija (Wojew\u00f3dztwo Ma\u0142opolskie)<br \/>Mazovijos vaivadija (Wojew\u00f3dztwo Mazowieckie)<br \/>Opol\u0117s vaivadija (Wojew\u00f3dztwo Opolskie)<\/td>\n<td style=\"width: 49.7369%\" width=\"54%\">Pakarpat\u0117s vaivadija (Wojew\u00f3dztwo Podkarpackie)<br \/>Palenk\u0117s vaivadija (Wojew\u00f3dztwo Podlaskie)<br \/>Pamario vaivadija (Wojew\u00f3dztwo Pomorskie)<br \/>Silezijos vaivadija (Wojew\u00f3dztwo \u015al\u0105skie)<br \/>\u0160ventojo Kry\u017eiaus vaivadija (Wojew\u00f3dztwo \u015awi\u0119tokrzyskie)<br \/>Varmijos Moz\u016br\u0173 vaivadija (Wojew\u00f3dztwo Warmi\u0144sko-Mazurskie)<br \/>Did\u017eiosios Lenkijos vaivadija (Wojew\u00f3dztwo Wielkopolskie)<br \/>Vakar\u0173 Pamario vaivadija (Wojew\u00f3dztwo Zachodniopomorskie)<\/td>\n<\/tr>\n<\/tbody>\n<\/table>\n<p><span style=\"font-size: revert;color: initial\">Seniausioji lenk\u0173 giesm\u0117 \u2013 <\/span><em style=\"font-size: revert;color: initial\">Bogurodzica<\/em><span style=\"font-size: revert;color: initial\">, lenk\u0173 riteri\u0173 giedota prie\u0161 \u017dalgirio m\u016b\u0161\u012f (1410 m.) ir Varnos m\u016b\u0161\u012f\u00a0 (1444 m.).<\/span><\/p>\n<p>Lenkijos himnas \u2013 giesm\u0117\u00a0<em>Jeszcze Polska nie zgin\u0119\u0142a\u2026<\/em>, dar vadinama D\u0105browskio mazurka. J\u0105 1797 m. suk\u016br\u0117 J\u00f3zef Wybicki.<\/p>\n<p>Lenkija yra Vidurio ir Ryt\u0173 Europoje. \u0160iaurin\u0117 Lenkijos siena ribojasi su Baltijos j\u016bra. Pietuose naturali\u0105 sien\u0105 sudaro Karpat\u0173 grandin\u0117 su au\u0161\u010diausiais Tatr\u0173 kalnais. Rytuose valstyb\u0117s siena t\u0119siasi palei Bugo up\u0119, o vakaruose \u2013 palei Odr\u0105 ir Lu\u017eicos Nis\u0105.<\/p>\n<p>Lenkijos kaimynin\u0117s valstyb\u0117s \u2013 Rusija (Kaliningrado sritis), Lietuva, Baltarusija, Ukraina, Slovakija, \u010cekija, Vokietija.<\/p>\n<p>Lenkija \u2013 \u017eemum\u0173 \u0161alis: vidutinis auk\u0161tis vir\u0161 j\u016bros lygio \u2013 173 m. Auk\u0161\u010diausias ta\u0161kas \u2013 vir\u0161ukaln\u0117 Rysai\u00a0(2503 m vir\u0161 j\u016bros lygio) Auk\u0161tuosiuose Tatruose. Lenkijos kra\u0161tovaizdis labai \u012fvairus: nuo kaln\u0173 grandin\u0117s \u0161alies pietuose iki vaizding\u0173 e\u017eeryn\u0173 \u0161iaur\u0117je bei \u0161iaur\u0117s rytuose.<\/p>\n<p>Lenkijai priklausan\u010dioje Baltijos j\u016bros pakrant\u0117s teritorijoje gl\u016bdi did\u017eiausi gintaro klodai. 70 % pasaulin\u0117s gintaro rinkos sudaro gaminiai i\u0161 Lenkijos.<\/p>\n","protected":false},"excerpt":{"rendered":"<p>Oficialus \u0161alies pavadinimas:Lenkijos Respublika (Rzeczpospolita Polska) Sostin\u0117:Var\u0161uva (Warszawa) \u2013 1 794 200 gyventoj\u0173 Plotas:312 685 km2 Gyventojai:daugiau kaip 38 mln. Valstybin\u0117 kalba:lenk\u0173 Piniginis vienetas:zlotas (z\u0142oty) = 100 gro\u0161\u0173 (groszy) Did\u017eiausi miestai:Lodz\u0117 (\u0141\u00f3d\u017a) \u2013 851 700 gyventoj\u0173Krokuva (Krak\u00f3w) \u2013 748 000 gyventoj\u0173Vroclavas (Wroc\u0142aw) \u2013 642 300 gyventoj\u0173Poznan\u0117 (Pozna\u0144) \u2013 588 700 gyventoj\u0173Gdanskas (Gda\u0144sk) \u2013 464 600 [&hellip;]<\/p>\n","protected":false},"author":1,"featured_media":459,"parent":452,"menu_order":0,"comment_status":"closed","ping_status":"closed","template":"","meta":{"inline_featured_image":false,"_monsterinsights_skip_tracking":false,"_monsterinsights_sitenote_active":false,"_monsterinsights_sitenote_note":"","_monsterinsights_sitenote_category":0,"footnotes":""},"class_list":["post-458","page","type-page","status-publish","has-post-thumbnail","hentry"],"yoast_head":"<!-- This site is optimized with the Yoast SEO plugin v24.6 - https:\/\/yoast.com\/wordpress\/plugins\/seo\/ -->\n<title>Apie Lenkij\u0105 - Instytut Polski w Wilnie<\/title>\n<meta name=\"robots\" content=\"index, follow, max-snippet:-1, max-image-preview:large, max-video-preview:-1\" \/>\n<link rel=\"canonical\" href=\"https:\/\/instytutpolski.pl\/vilnius\/pazink-lenkija\/apie-lenkija\/\" \/>\n<meta property=\"og:locale\" content=\"pl_PL\" \/>\n<meta property=\"og:type\" content=\"article\" \/>\n<meta property=\"og:title\" content=\"Apie Lenkij\u0105 - Instytut Polski w Wilnie\" \/>\n<meta property=\"og:description\" content=\"Oficialus \u0161alies pavadinimas:Lenkijos Respublika (Rzeczpospolita Polska) Sostin\u0117:Var\u0161uva (Warszawa) \u2013 1 794 200 gyventoj\u0173 Plotas:312 685 km2 Gyventojai:daugiau kaip 38 mln. Valstybin\u0117 kalba:lenk\u0173 Piniginis vienetas:zlotas (z\u0142oty) = 100 gro\u0161\u0173 (groszy) Did\u017eiausi miestai:Lodz\u0117 (\u0141\u00f3d\u017a) \u2013 851 700 gyventoj\u0173Krokuva (Krak\u00f3w) \u2013 748 000 gyventoj\u0173Vroclavas (Wroc\u0142aw) \u2013 642 300 gyventoj\u0173Poznan\u0117 (Pozna\u0144) \u2013 588 700 gyventoj\u0173Gdanskas (Gda\u0144sk) \u2013 464 600 [&hellip;]\" \/>\n<meta property=\"og:url\" content=\"https:\/\/instytutpolski.pl\/vilnius\/pazink-lenkija\/apie-lenkija\/\" \/>\n<meta property=\"og:site_name\" content=\"Instytut Polski w Wilnie\" \/>\n<meta property=\"article:modified_time\" content=\"2022-09-15T08:51:58+00:00\" \/>\n<meta property=\"og:image\" content=\"https:\/\/instytutpolski.pl\/vilnius\/wp-content\/uploads\/sites\/24\/2019\/06\/o-polsce.jpg\" \/>\n\t<meta property=\"og:image:width\" content=\"1920\" \/>\n\t<meta property=\"og:image:height\" content=\"700\" \/>\n\t<meta property=\"og:image:type\" content=\"image\/jpeg\" \/>\n<meta name=\"twitter:card\" content=\"summary_large_image\" \/>\n<meta name=\"twitter:label1\" content=\"Szacowany czas czytania\" \/>\n\t<meta name=\"twitter:data1\" content=\"3 minuty\" \/>\n<script type=\"application\/ld+json\" class=\"yoast-schema-graph\">{\"@context\":\"https:\/\/schema.org\",\"@graph\":[{\"@type\":\"WebPage\",\"@id\":\"https:\/\/instytutpolski.pl\/vilnius\/pazink-lenkija\/apie-lenkija\/\",\"url\":\"https:\/\/instytutpolski.pl\/vilnius\/pazink-lenkija\/apie-lenkija\/\",\"name\":\"Apie Lenkij\u0105 - Instytut Polski w Wilnie\",\"isPartOf\":{\"@id\":\"https:\/\/instytutpolski.pl\/vilnius\/#website\"},\"primaryImageOfPage\":{\"@id\":\"https:\/\/instytutpolski.pl\/vilnius\/pazink-lenkija\/apie-lenkija\/#primaryimage\"},\"image\":{\"@id\":\"https:\/\/instytutpolski.pl\/vilnius\/pazink-lenkija\/apie-lenkija\/#primaryimage\"},\"thumbnailUrl\":\"https:\/\/instytutpolski.pl\/vilnius\/wp-content\/uploads\/sites\/24\/2019\/06\/o-polsce.jpg\",\"datePublished\":\"2019-06-27T08:57:56+00:00\",\"dateModified\":\"2022-09-15T08:51:58+00:00\",\"breadcrumb\":{\"@id\":\"https:\/\/instytutpolski.pl\/vilnius\/pazink-lenkija\/apie-lenkija\/#breadcrumb\"},\"inLanguage\":\"pl-PL\",\"potentialAction\":[{\"@type\":\"ReadAction\",\"target\":[\"https:\/\/instytutpolski.pl\/vilnius\/pazink-lenkija\/apie-lenkija\/\"]}]},{\"@type\":\"ImageObject\",\"inLanguage\":\"pl-PL\",\"@id\":\"https:\/\/instytutpolski.pl\/vilnius\/pazink-lenkija\/apie-lenkija\/#primaryimage\",\"url\":\"https:\/\/instytutpolski.pl\/vilnius\/wp-content\/uploads\/sites\/24\/2019\/06\/o-polsce.jpg\",\"contentUrl\":\"https:\/\/instytutpolski.pl\/vilnius\/wp-content\/uploads\/sites\/24\/2019\/06\/o-polsce.jpg\",\"width\":1920,\"height\":700},{\"@type\":\"BreadcrumbList\",\"@id\":\"https:\/\/instytutpolski.pl\/vilnius\/pazink-lenkija\/apie-lenkija\/#breadcrumb\",\"itemListElement\":[{\"@type\":\"ListItem\",\"position\":1,\"name\":\"Home\",\"item\":\"https:\/\/instytutpolski.pl\/vilnius\/\"},{\"@type\":\"ListItem\",\"position\":2,\"name\":\"Pa\u017eink Lenkij\u0105\",\"item\":\"https:\/\/instytutpolski.pl\/vilnius\/pazink-lenkija\/\"},{\"@type\":\"ListItem\",\"position\":3,\"name\":\"Apie Lenkij\u0105\"}]},{\"@type\":\"WebSite\",\"@id\":\"https:\/\/instytutpolski.pl\/vilnius\/#website\",\"url\":\"https:\/\/instytutpolski.pl\/vilnius\/\",\"name\":\"Instytut Polski w Wilnie\",\"description\":\"Instytuty Polskie\",\"potentialAction\":[{\"@type\":\"SearchAction\",\"target\":{\"@type\":\"EntryPoint\",\"urlTemplate\":\"https:\/\/instytutpolski.pl\/vilnius\/?s={search_term_string}\"},\"query-input\":{\"@type\":\"PropertyValueSpecification\",\"valueRequired\":true,\"valueName\":\"search_term_string\"}}],\"inLanguage\":\"pl-PL\"}]}<\/script>\n<!-- \/ Yoast SEO plugin. -->","yoast_head_json":{"title":"Apie Lenkij\u0105 - Instytut Polski w Wilnie","robots":{"index":"index","follow":"follow","max-snippet":"max-snippet:-1","max-image-preview":"max-image-preview:large","max-video-preview":"max-video-preview:-1"},"canonical":"https:\/\/instytutpolski.pl\/vilnius\/pazink-lenkija\/apie-lenkija\/","og_locale":"pl_PL","og_type":"article","og_title":"Apie Lenkij\u0105 - Instytut Polski w Wilnie","og_description":"Oficialus \u0161alies pavadinimas:Lenkijos Respublika (Rzeczpospolita Polska) Sostin\u0117:Var\u0161uva (Warszawa) \u2013 1 794 200 gyventoj\u0173 Plotas:312 685 km2 Gyventojai:daugiau kaip 38 mln. Valstybin\u0117 kalba:lenk\u0173 Piniginis vienetas:zlotas (z\u0142oty) = 100 gro\u0161\u0173 (groszy) Did\u017eiausi miestai:Lodz\u0117 (\u0141\u00f3d\u017a) \u2013 851 700 gyventoj\u0173Krokuva (Krak\u00f3w) \u2013 748 000 gyventoj\u0173Vroclavas (Wroc\u0142aw) \u2013 642 300 gyventoj\u0173Poznan\u0117 (Pozna\u0144) \u2013 588 700 gyventoj\u0173Gdanskas (Gda\u0144sk) \u2013 464 600 [&hellip;]","og_url":"https:\/\/instytutpolski.pl\/vilnius\/pazink-lenkija\/apie-lenkija\/","og_site_name":"Instytut Polski w Wilnie","article_modified_time":"2022-09-15T08:51:58+00:00","og_image":[{"width":1920,"height":700,"url":"https:\/\/instytutpolski.pl\/vilnius\/wp-content\/uploads\/sites\/24\/2019\/06\/o-polsce.jpg","type":"image\/jpeg"}],"twitter_card":"summary_large_image","twitter_misc":{"Szacowany czas czytania":"3 minuty"},"schema":{"@context":"https:\/\/schema.org","@graph":[{"@type":"WebPage","@id":"https:\/\/instytutpolski.pl\/vilnius\/pazink-lenkija\/apie-lenkija\/","url":"https:\/\/instytutpolski.pl\/vilnius\/pazink-lenkija\/apie-lenkija\/","name":"Apie Lenkij\u0105 - Instytut Polski w Wilnie","isPartOf":{"@id":"https:\/\/instytutpolski.pl\/vilnius\/#website"},"primaryImageOfPage":{"@id":"https:\/\/instytutpolski.pl\/vilnius\/pazink-lenkija\/apie-lenkija\/#primaryimage"},"image":{"@id":"https:\/\/instytutpolski.pl\/vilnius\/pazink-lenkija\/apie-lenkija\/#primaryimage"},"thumbnailUrl":"https:\/\/instytutpolski.pl\/vilnius\/wp-content\/uploads\/sites\/24\/2019\/06\/o-polsce.jpg","datePublished":"2019-06-27T08:57:56+00:00","dateModified":"2022-09-15T08:51:58+00:00","breadcrumb":{"@id":"https:\/\/instytutpolski.pl\/vilnius\/pazink-lenkija\/apie-lenkija\/#breadcrumb"},"inLanguage":"pl-PL","potentialAction":[{"@type":"ReadAction","target":["https:\/\/instytutpolski.pl\/vilnius\/pazink-lenkija\/apie-lenkija\/"]}]},{"@type":"ImageObject","inLanguage":"pl-PL","@id":"https:\/\/instytutpolski.pl\/vilnius\/pazink-lenkija\/apie-lenkija\/#primaryimage","url":"https:\/\/instytutpolski.pl\/vilnius\/wp-content\/uploads\/sites\/24\/2019\/06\/o-polsce.jpg","contentUrl":"https:\/\/instytutpolski.pl\/vilnius\/wp-content\/uploads\/sites\/24\/2019\/06\/o-polsce.jpg","width":1920,"height":700},{"@type":"BreadcrumbList","@id":"https:\/\/instytutpolski.pl\/vilnius\/pazink-lenkija\/apie-lenkija\/#breadcrumb","itemListElement":[{"@type":"ListItem","position":1,"name":"Home","item":"https:\/\/instytutpolski.pl\/vilnius\/"},{"@type":"ListItem","position":2,"name":"Pa\u017eink Lenkij\u0105","item":"https:\/\/instytutpolski.pl\/vilnius\/pazink-lenkija\/"},{"@type":"ListItem","position":3,"name":"Apie Lenkij\u0105"}]},{"@type":"WebSite","@id":"https:\/\/instytutpolski.pl\/vilnius\/#website","url":"https:\/\/instytutpolski.pl\/vilnius\/","name":"Instytut Polski w Wilnie","description":"Instytuty Polskie","potentialAction":[{"@type":"SearchAction","target":{"@type":"EntryPoint","urlTemplate":"https:\/\/instytutpolski.pl\/vilnius\/?s={search_term_string}"},"query-input":{"@type":"PropertyValueSpecification","valueRequired":true,"valueName":"search_term_string"}}],"inLanguage":"pl-PL"}]}},"_links":{"self":[{"href":"https:\/\/instytutpolski.pl\/vilnius\/wp-json\/wp\/v2\/pages\/458","targetHints":{"allow":["GET"]}}],"collection":[{"href":"https:\/\/instytutpolski.pl\/vilnius\/wp-json\/wp\/v2\/pages"}],"about":[{"href":"https:\/\/instytutpolski.pl\/vilnius\/wp-json\/wp\/v2\/types\/page"}],"author":[{"embeddable":true,"href":"https:\/\/instytutpolski.pl\/vilnius\/wp-json\/wp\/v2\/users\/1"}],"replies":[{"embeddable":true,"href":"https:\/\/instytutpolski.pl\/vilnius\/wp-json\/wp\/v2\/comments?post=458"}],"version-history":[{"count":8,"href":"https:\/\/instytutpolski.pl\/vilnius\/wp-json\/wp\/v2\/pages\/458\/revisions"}],"predecessor-version":[{"id":4165,"href":"https:\/\/instytutpolski.pl\/vilnius\/wp-json\/wp\/v2\/pages\/458\/revisions\/4165"}],"up":[{"embeddable":true,"href":"https:\/\/instytutpolski.pl\/vilnius\/wp-json\/wp\/v2\/pages\/452"}],"wp:featuredmedia":[{"embeddable":true,"href":"https:\/\/instytutpolski.pl\/vilnius\/wp-json\/wp\/v2\/media\/459"}],"wp:attachment":[{"href":"https:\/\/instytutpolski.pl\/vilnius\/wp-json\/wp\/v2\/media?parent=458"}],"curies":[{"name":"wp","href":"https:\/\/api.w.org\/{rel}","templated":true}]}}