{"id":464,"date":"2019-06-27T10:59:35","date_gmt":"2019-06-27T08:59:35","guid":{"rendered":"https:\/\/instytutpolski.pl\/wilno\/?page_id=464"},"modified":"2022-09-15T10:26:59","modified_gmt":"2022-09-15T08:26:59","slug":"stipendijos-lenkijoje","status":"publish","type":"page","link":"https:\/\/instytutpolski.pl\/vilnius\/pazink-lenkija\/stipendijos-lenkijoje\/","title":{"rendered":"Stipendijos Lenkijoje"},"content":{"rendered":"\n<p><strong><span style=\"color: #ff0000\">Lenkijos kult\u016bros ministro stipendij\u0173 programa \u201eGaude Polonia\u201c<\/span> <\/strong>skirta jauniems (iki 40 met\u0173, i\u0161skirtiniais atvejais iki 45 met\u0173) kult\u016bros k\u016br\u0117jams ir lenk\u0173 literat\u016bros vert\u0117jams i\u0161 Vidurio ir Ryt\u0173 Europos (pirmenyb\u0117 teikiama Baltarusijai ir Ukrainai). D\u0117l pusme\u010dio stipendijos Lenkijoje gali kreiptis k\u016br\u0117jai atstovaujantys \u0161ioms sritims:<\/p>\n<ul>\n<li>Kinas<\/li>\n<li>Fotografija<\/li>\n<li>Restauravimas<\/li>\n<li>Literat\u016bra\/vertimas<\/li>\n<li>Muzika<\/li>\n<li>Vaizduojamieji menai<\/li>\n<li>Teatras<\/li>\n<li>Meno, teatro ir kino kritika.<\/li>\n<\/ul>\n<p>Daugiau informacijos: <a href=\"https:\/\/www.nck.pl\/dotacje-i-stypendia\/stypendia\/programy\/gaude-polonia\/o-programie\">www.nck.pl\/dotacje-i-stypendia\/stypendia\/programy\/gaude-polonia\/o-programie.<\/a><\/p>\n<hr \/>\n<p><span style=\"color: #ff0000\"><strong>Thesaurus Poloniae <\/strong><\/span>\u2013 tai 3 m\u0117nesi\u0173 Lenkijos kult\u016bros ministro skiriam\u0173 stipendij\u0173 programa, kuri\u0105 nuo 2009 m. \u012fgyvendina Krokuvos tarptautinis kult\u016bros centras. Programa skirta u\u017esienio mokslininkams, atliekantiems Lenkijos Respublikos ir Vidurio Europos kult\u016bros, istorijos ir daugiakult\u016brio paveldo tyrimus (istorija, antropologija, sociologija, etnografija). Programa \u201eSenior\u201c skirta mokslininkams ir auk\u0161t\u0173j\u0173 mokykl\u0173 d\u0117stytojams; programa \u201eJunior\u201c skirta doktorantams.<\/p>\n<p>Pla\u010diau: <a href=\"https:\/\/mck.krakow.pl\/thesaurus-poloniae\">mck.krakow.pl\/thesaurus-poloniae<\/a>.<\/p>\n","protected":false},"excerpt":{"rendered":"<p>Lenkijos kult\u016bros ministro stipendij\u0173 programa \u201eGaude Polonia\u201c skirta jauniems (iki 40 met\u0173, i\u0161skirtiniais atvejais iki 45 met\u0173) kult\u016bros k\u016br\u0117jams ir lenk\u0173 literat\u016bros vert\u0117jams i\u0161 Vidurio ir Ryt\u0173 Europos (pirmenyb\u0117 teikiama Baltarusijai ir Ukrainai). D\u0117l pusme\u010dio stipendijos Lenkijoje gali kreiptis k\u016br\u0117jai atstovaujantys \u0161ioms sritims: Kinas Fotografija Restauravimas Literat\u016bra\/vertimas Muzika Vaizduojamieji menai Teatras Meno, teatro ir kino [&hellip;]<\/p>\n","protected":false},"author":1,"featured_media":465,"parent":452,"menu_order":0,"comment_status":"closed","ping_status":"closed","template":"","meta":{"inline_featured_image":false,"_monsterinsights_skip_tracking":false,"_monsterinsights_sitenote_active":false,"_monsterinsights_sitenote_note":"","_monsterinsights_sitenote_category":0,"footnotes":""},"class_list":["post-464","page","type-page","status-publish","has-post-thumbnail","hentry"],"yoast_head":"<!-- This site is optimized with the Yoast SEO plugin v24.6 - https:\/\/yoast.com\/wordpress\/plugins\/seo\/ -->\n<title>Stipendijos Lenkijoje - Instytut Polski w Wilnie<\/title>\n<meta name=\"robots\" content=\"index, follow, max-snippet:-1, max-image-preview:large, max-video-preview:-1\" \/>\n<link rel=\"canonical\" href=\"https:\/\/instytutpolski.pl\/vilnius\/pazink-lenkija\/stipendijos-lenkijoje\/\" \/>\n<meta property=\"og:locale\" content=\"pl_PL\" \/>\n<meta property=\"og:type\" content=\"article\" \/>\n<meta property=\"og:title\" content=\"Stipendijos Lenkijoje - Instytut Polski w Wilnie\" \/>\n<meta property=\"og:description\" content=\"Lenkijos kult\u016bros ministro stipendij\u0173 programa \u201eGaude Polonia\u201c skirta jauniems (iki 40 met\u0173, i\u0161skirtiniais atvejais iki 45 met\u0173) kult\u016bros k\u016br\u0117jams ir lenk\u0173 literat\u016bros vert\u0117jams i\u0161 Vidurio ir Ryt\u0173 Europos (pirmenyb\u0117 teikiama Baltarusijai ir Ukrainai). D\u0117l pusme\u010dio stipendijos Lenkijoje gali kreiptis k\u016br\u0117jai atstovaujantys \u0161ioms sritims: Kinas Fotografija Restauravimas Literat\u016bra\/vertimas Muzika Vaizduojamieji menai Teatras Meno, teatro ir kino [&hellip;]\" \/>\n<meta property=\"og:url\" content=\"https:\/\/instytutpolski.pl\/vilnius\/pazink-lenkija\/stipendijos-lenkijoje\/\" \/>\n<meta property=\"og:site_name\" content=\"Instytut Polski w Wilnie\" \/>\n<meta property=\"article:modified_time\" content=\"2022-09-15T08:26:59+00:00\" \/>\n<meta property=\"og:image\" content=\"https:\/\/instytutpolski.pl\/vilnius\/wp-content\/uploads\/sites\/24\/2019\/06\/stypendia-w-polsce.jpg\" \/>\n\t<meta property=\"og:image:width\" content=\"1920\" \/>\n\t<meta property=\"og:image:height\" content=\"700\" \/>\n\t<meta property=\"og:image:type\" content=\"image\/jpeg\" \/>\n<meta name=\"twitter:card\" content=\"summary_large_image\" \/>\n<meta name=\"twitter:label1\" content=\"Szacowany czas czytania\" \/>\n\t<meta name=\"twitter:data1\" content=\"1 minuta\" \/>\n<script type=\"application\/ld+json\" class=\"yoast-schema-graph\">{\"@context\":\"https:\/\/schema.org\",\"@graph\":[{\"@type\":\"WebPage\",\"@id\":\"https:\/\/instytutpolski.pl\/vilnius\/pazink-lenkija\/stipendijos-lenkijoje\/\",\"url\":\"https:\/\/instytutpolski.pl\/vilnius\/pazink-lenkija\/stipendijos-lenkijoje\/\",\"name\":\"Stipendijos Lenkijoje - Instytut Polski w Wilnie\",\"isPartOf\":{\"@id\":\"https:\/\/instytutpolski.pl\/vilnius\/#website\"},\"primaryImageOfPage\":{\"@id\":\"https:\/\/instytutpolski.pl\/vilnius\/pazink-lenkija\/stipendijos-lenkijoje\/#primaryimage\"},\"image\":{\"@id\":\"https:\/\/instytutpolski.pl\/vilnius\/pazink-lenkija\/stipendijos-lenkijoje\/#primaryimage\"},\"thumbnailUrl\":\"https:\/\/instytutpolski.pl\/vilnius\/wp-content\/uploads\/sites\/24\/2019\/06\/stypendia-w-polsce.jpg\",\"datePublished\":\"2019-06-27T08:59:35+00:00\",\"dateModified\":\"2022-09-15T08:26:59+00:00\",\"breadcrumb\":{\"@id\":\"https:\/\/instytutpolski.pl\/vilnius\/pazink-lenkija\/stipendijos-lenkijoje\/#breadcrumb\"},\"inLanguage\":\"pl-PL\",\"potentialAction\":[{\"@type\":\"ReadAction\",\"target\":[\"https:\/\/instytutpolski.pl\/vilnius\/pazink-lenkija\/stipendijos-lenkijoje\/\"]}]},{\"@type\":\"ImageObject\",\"inLanguage\":\"pl-PL\",\"@id\":\"https:\/\/instytutpolski.pl\/vilnius\/pazink-lenkija\/stipendijos-lenkijoje\/#primaryimage\",\"url\":\"https:\/\/instytutpolski.pl\/vilnius\/wp-content\/uploads\/sites\/24\/2019\/06\/stypendia-w-polsce.jpg\",\"contentUrl\":\"https:\/\/instytutpolski.pl\/vilnius\/wp-content\/uploads\/sites\/24\/2019\/06\/stypendia-w-polsce.jpg\",\"width\":1920,\"height\":700},{\"@type\":\"BreadcrumbList\",\"@id\":\"https:\/\/instytutpolski.pl\/vilnius\/pazink-lenkija\/stipendijos-lenkijoje\/#breadcrumb\",\"itemListElement\":[{\"@type\":\"ListItem\",\"position\":1,\"name\":\"Home\",\"item\":\"https:\/\/instytutpolski.pl\/vilnius\/\"},{\"@type\":\"ListItem\",\"position\":2,\"name\":\"Pa\u017eink Lenkij\u0105\",\"item\":\"https:\/\/instytutpolski.pl\/vilnius\/pazink-lenkija\/\"},{\"@type\":\"ListItem\",\"position\":3,\"name\":\"Stipendijos Lenkijoje\"}]},{\"@type\":\"WebSite\",\"@id\":\"https:\/\/instytutpolski.pl\/vilnius\/#website\",\"url\":\"https:\/\/instytutpolski.pl\/vilnius\/\",\"name\":\"Instytut Polski w Wilnie\",\"description\":\"Instytuty Polskie\",\"potentialAction\":[{\"@type\":\"SearchAction\",\"target\":{\"@type\":\"EntryPoint\",\"urlTemplate\":\"https:\/\/instytutpolski.pl\/vilnius\/?s={search_term_string}\"},\"query-input\":{\"@type\":\"PropertyValueSpecification\",\"valueRequired\":true,\"valueName\":\"search_term_string\"}}],\"inLanguage\":\"pl-PL\"}]}<\/script>\n<!-- \/ Yoast SEO plugin. -->","yoast_head_json":{"title":"Stipendijos Lenkijoje - Instytut Polski w Wilnie","robots":{"index":"index","follow":"follow","max-snippet":"max-snippet:-1","max-image-preview":"max-image-preview:large","max-video-preview":"max-video-preview:-1"},"canonical":"https:\/\/instytutpolski.pl\/vilnius\/pazink-lenkija\/stipendijos-lenkijoje\/","og_locale":"pl_PL","og_type":"article","og_title":"Stipendijos Lenkijoje - Instytut Polski w Wilnie","og_description":"Lenkijos kult\u016bros ministro stipendij\u0173 programa \u201eGaude Polonia\u201c skirta jauniems (iki 40 met\u0173, i\u0161skirtiniais atvejais iki 45 met\u0173) kult\u016bros k\u016br\u0117jams ir lenk\u0173 literat\u016bros vert\u0117jams i\u0161 Vidurio ir Ryt\u0173 Europos (pirmenyb\u0117 teikiama Baltarusijai ir Ukrainai). D\u0117l pusme\u010dio stipendijos Lenkijoje gali kreiptis k\u016br\u0117jai atstovaujantys \u0161ioms sritims: Kinas Fotografija Restauravimas Literat\u016bra\/vertimas Muzika Vaizduojamieji menai Teatras Meno, teatro ir kino [&hellip;]","og_url":"https:\/\/instytutpolski.pl\/vilnius\/pazink-lenkija\/stipendijos-lenkijoje\/","og_site_name":"Instytut Polski w Wilnie","article_modified_time":"2022-09-15T08:26:59+00:00","og_image":[{"width":1920,"height":700,"url":"https:\/\/instytutpolski.pl\/vilnius\/wp-content\/uploads\/sites\/24\/2019\/06\/stypendia-w-polsce.jpg","type":"image\/jpeg"}],"twitter_card":"summary_large_image","twitter_misc":{"Szacowany czas czytania":"1 minuta"},"schema":{"@context":"https:\/\/schema.org","@graph":[{"@type":"WebPage","@id":"https:\/\/instytutpolski.pl\/vilnius\/pazink-lenkija\/stipendijos-lenkijoje\/","url":"https:\/\/instytutpolski.pl\/vilnius\/pazink-lenkija\/stipendijos-lenkijoje\/","name":"Stipendijos Lenkijoje - Instytut Polski w Wilnie","isPartOf":{"@id":"https:\/\/instytutpolski.pl\/vilnius\/#website"},"primaryImageOfPage":{"@id":"https:\/\/instytutpolski.pl\/vilnius\/pazink-lenkija\/stipendijos-lenkijoje\/#primaryimage"},"image":{"@id":"https:\/\/instytutpolski.pl\/vilnius\/pazink-lenkija\/stipendijos-lenkijoje\/#primaryimage"},"thumbnailUrl":"https:\/\/instytutpolski.pl\/vilnius\/wp-content\/uploads\/sites\/24\/2019\/06\/stypendia-w-polsce.jpg","datePublished":"2019-06-27T08:59:35+00:00","dateModified":"2022-09-15T08:26:59+00:00","breadcrumb":{"@id":"https:\/\/instytutpolski.pl\/vilnius\/pazink-lenkija\/stipendijos-lenkijoje\/#breadcrumb"},"inLanguage":"pl-PL","potentialAction":[{"@type":"ReadAction","target":["https:\/\/instytutpolski.pl\/vilnius\/pazink-lenkija\/stipendijos-lenkijoje\/"]}]},{"@type":"ImageObject","inLanguage":"pl-PL","@id":"https:\/\/instytutpolski.pl\/vilnius\/pazink-lenkija\/stipendijos-lenkijoje\/#primaryimage","url":"https:\/\/instytutpolski.pl\/vilnius\/wp-content\/uploads\/sites\/24\/2019\/06\/stypendia-w-polsce.jpg","contentUrl":"https:\/\/instytutpolski.pl\/vilnius\/wp-content\/uploads\/sites\/24\/2019\/06\/stypendia-w-polsce.jpg","width":1920,"height":700},{"@type":"BreadcrumbList","@id":"https:\/\/instytutpolski.pl\/vilnius\/pazink-lenkija\/stipendijos-lenkijoje\/#breadcrumb","itemListElement":[{"@type":"ListItem","position":1,"name":"Home","item":"https:\/\/instytutpolski.pl\/vilnius\/"},{"@type":"ListItem","position":2,"name":"Pa\u017eink Lenkij\u0105","item":"https:\/\/instytutpolski.pl\/vilnius\/pazink-lenkija\/"},{"@type":"ListItem","position":3,"name":"Stipendijos Lenkijoje"}]},{"@type":"WebSite","@id":"https:\/\/instytutpolski.pl\/vilnius\/#website","url":"https:\/\/instytutpolski.pl\/vilnius\/","name":"Instytut Polski w Wilnie","description":"Instytuty Polskie","potentialAction":[{"@type":"SearchAction","target":{"@type":"EntryPoint","urlTemplate":"https:\/\/instytutpolski.pl\/vilnius\/?s={search_term_string}"},"query-input":{"@type":"PropertyValueSpecification","valueRequired":true,"valueName":"search_term_string"}}],"inLanguage":"pl-PL"}]}},"_links":{"self":[{"href":"https:\/\/instytutpolski.pl\/vilnius\/wp-json\/wp\/v2\/pages\/464","targetHints":{"allow":["GET"]}}],"collection":[{"href":"https:\/\/instytutpolski.pl\/vilnius\/wp-json\/wp\/v2\/pages"}],"about":[{"href":"https:\/\/instytutpolski.pl\/vilnius\/wp-json\/wp\/v2\/types\/page"}],"author":[{"embeddable":true,"href":"https:\/\/instytutpolski.pl\/vilnius\/wp-json\/wp\/v2\/users\/1"}],"replies":[{"embeddable":true,"href":"https:\/\/instytutpolski.pl\/vilnius\/wp-json\/wp\/v2\/comments?post=464"}],"version-history":[{"count":7,"href":"https:\/\/instytutpolski.pl\/vilnius\/wp-json\/wp\/v2\/pages\/464\/revisions"}],"predecessor-version":[{"id":4157,"href":"https:\/\/instytutpolski.pl\/vilnius\/wp-json\/wp\/v2\/pages\/464\/revisions\/4157"}],"up":[{"embeddable":true,"href":"https:\/\/instytutpolski.pl\/vilnius\/wp-json\/wp\/v2\/pages\/452"}],"wp:featuredmedia":[{"embeddable":true,"href":"https:\/\/instytutpolski.pl\/vilnius\/wp-json\/wp\/v2\/media\/465"}],"wp:attachment":[{"href":"https:\/\/instytutpolski.pl\/vilnius\/wp-json\/wp\/v2\/media?parent=464"}],"curies":[{"name":"wp","href":"https:\/\/api.w.org\/{rel}","templated":true}]}}