{"id":468,"date":"2019-06-27T10:59:35","date_gmt":"2019-06-27T08:59:35","guid":{"rendered":"https:\/\/instytutpolski.pl\/wilno\/?page_id=468"},"modified":"2022-09-07T11:58:56","modified_gmt":"2022-09-07T09:58:56","slug":"stypendia-w-polsce","status":"publish","type":"page","link":"https:\/\/instytutpolski.pl\/vilnius\/pl\/poznaj-polske\/stypendia-w-polsce\/","title":{"rendered":"Stypendia w Polsce"},"content":{"rendered":"\n<div class=\"row justify-content-end\">\n<div class=\"col-md-9 col-sm-10\">\n<div class=\"info-attr body body-pr mb-20\">\n<p><span style=\"color: #ff0000\"><strong>Pro\u00adgram Sty\u00adpen\u00addial\u00adny Mi\u00adni\u00adstra Kul\u00adtu\u00adry<\/strong>\u00a0<\/span><strong><span style=\"color: #ff0000\">Gaude Po\u00adlo\u00adnia<\/span>\u00a0<\/strong>prze\u00adzna\u00adczo\u00adny jest dla m\u0142o\u00addych (do 40 roku \u017cycia,\u00a0w\u00a0wy\u00adj\u0105t\u00adko\u00adwych wy\u00adpad\u00adkach do\u00a045 roku \u017cycia)\u00a0tw\u00f3r\u00adc\u00f3w kul\u00adtu\u00adry oraz t\u0142u\u00adma\u00adczy li\u00adte\u00adra\u00adtu\u00adry pol\u00adskiej z\u00a0kra\u00adj\u00f3w Eu\u00adro\u00adpy \u015arod\u00adko\u00adwow\u00adschod\u00adniej, w\u00a0pierw\u00adszej ko\u00adlej\u00adno\u00ad\u015bci z\u00a0Bia\u00ad\u0142o\u00adru\u00adsi i\u00a0Ukra\u00adiny.\u00a0Pro\u00adgram s\u0142u\u017cy bu\u00addo\u00adwa\u00adniu p\u0142asz\u00adczy\u00adzny zro\u00adzu\u00admie\u00adnia i\u00a0do\u00adbrych kon\u00adtak\u00adt\u00f3w na\u00a0grun\u00adcie wsp\u00f3\u0142\u00adpra\u00adcy kul\u00adtu\u00adral\u00adnej po\u00admi\u0119\u00addzy Pol\u00adsk\u0105, a\u00a0jej bli\u00adski\u00admi s\u0105\u00adsia\u00adda\u00admi.<\/p>\n<\/div>\n<\/div>\n<\/div>\n<div class=\"row justify-content-end\">\n<div class=\"col-md-9 col-sm-10\">\n<div class=\"content-attr body body-pr mb-20\">\n<h5>O p\u00f3\u0142\u00adrocz\u00adne sty\u00adpen\u00addium w\u00a0Pol\u00adsce mog\u0105 ubie\u00adga\u0107 si\u0119 tw\u00f3r\u00adcy re\u00adpre\u00adzen\u00adtu\u00adj\u0105\u00adcy na\u00adst\u0119\u00adpu\u00adj\u0105\u00adce dzie\u00addzi\u00adny:<\/h5>\n<ul>\n<li>film,<\/li>\n<li>fo\u00adto\u00adgra\u00adfia,<\/li>\n<li>kon\u00adser\u00adwa\u00adcja za\u00adbyt\u00adk\u00f3w,<\/li>\n<li>li\u00adte\u00adra\u00adtu\u00adra\/prze\u00adk\u0142ad,<\/li>\n<li>mu\u00adzy\u00adka,<\/li>\n<li>sztu\u00adki wi\u00adzu\u00adal\u00adne,<\/li>\n<li>teatr,<\/li>\n<li>kry\u00adty\u00adka sztu\u00adki, te\u00adatru i\u00a0filmu.<\/li>\n<\/ul>\n<p>Pro\u00adgram s\u0142u\u017cy bu\u00addo\u00adwa\u00adniu p\u0142asz\u00adczy\u00adzny zro\u00adzu\u00admie\u00adnia i\u00a0do\u00adbrych kon\u00adtak\u00adt\u00f3w na\u00a0grun\u00adcie wsp\u00f3\u0142\u00adpra\u00adcy kul\u00adtu\u00adral\u00adnej po\u00admi\u0119\u00addzy Pol\u00adsk\u0105, a\u00a0jej bli\u00adski\u00admi s\u0105\u00adsia\u00adda\u00admi.<\/p>\n<p>Pobyt w\u00a0Pol\u00adsce ma umo\u017c\u00adli\u00adwi\u0107 sty\u00adpen\u00addy\u00adstom po\u00adzna\u00adnie wsp\u00f3\u0142\u00adcze\u00adsnej kul\u00adtu\u00adry pol\u00adskiej oraz do\u00adsko\u00adna\u00adle\u00adnie warsz\u00adta\u00adtu tw\u00f3r\u00adcze\u00adgo pod opie\u00adk\u0105 uzna\u00adnych tw\u00f3r\u00adc\u00f3w oraz in\u00adsty\u00adtu\u00adcji w\u00a0naj\u00adwi\u0119k\u00adszych i\u00a0naj\u00adwa\u017c\u00adniej\u00adszych o\u015brod\u00adkach kul\u00adtu\u00adry pol\u00adskiej.<\/p>\n<p>Szczeg\u00f3\u0142owa informacja: <a href=\"https:\/\/www.nck.pl\/dotacje-i-stypendia\/stypendia\/programy\/gaude-polonia\/o-programie\">https:\/\/www.nck.pl\/dotacje-i-stypendia\/stypendia\/programy\/gaude-polonia\/o-programie.<\/a><\/p>\n<hr \/>\n<p>\u00a0<\/p>\n<p><strong><span style=\"color: #ff0000\">Thesaurus Poloniae<\/span><\/strong> to trzymiesi\u0119czny program stypendialny Ministra Kultury i Dziedzictwa Narodowego RP, realizowany przez Mi\u0119dzynarodowe Centrum Kultury w Krakowie od jesieni 2009 roku. Program adresowany jest do zagranicznych naukowc\u00f3w, prowadz\u0105cych badania po\u015bwi\u0119cone kulturze, historii i wielokulturowemu dziedzictwu Rzeczypospolitej oraz Europie \u015arodkowej.<br \/><br \/>Do udzia\u0142u w programie zapraszamy zar\u00f3wno badaczy zajmuj\u0105cych si\u0119 zarz\u0105dzaniem i ochron\u0105 dziedzictwa kulturowego, jak i teoretycznymi badaniami z zakresu historii, socjologii, etnografii, antropologii itp.<br \/><br \/>Thesaurus Poloniae realizowany jest w dw\u00f3ch kategoriach: Program Senior dla\u00a0 profesor\u00f3w i wyk\u0142adowc\u00f3w akademickich posiadaj\u0105cych tytu\u0142 doktora oraz Program Junior dla doktorant\u00f3w.\u00a0<br \/><br \/>Dotychczas odby\u0142y si\u0119 23 edycje, w kt\u00f3rych wzi\u0119\u0142o udzia\u0142 119 naukowc\u00f3w z 34 kraj\u00f3w (Armenia, Austria, Azerbejd\u017can, Belgia, Bia\u0142oru\u015b, Bu\u0142garia, Chiny, Chorwacja, Czechy, Egipt, Estonia, Francja, Gruzja, Hiszpania, Irak, Iran, Japonia, Kanada, Litwa, \u0141otwa, Macedonia, Mo\u0142dawia, Niemcy, Rosja, Rumunia, Serbia, S\u0142owacja, Syria, Ukraina, USA, W\u0119gry, Wielka Brytania, W\u0142ochy, Meksyk).<\/p>\n<p>Zakwalifikowany uczestnik programu otrzymuje stypendium (3500 z\u0142, ok. 770 EURO dla uczestnik\u00f3w programu Senior oraz 2500 z\u0142, ok. 550 EURO dla uczestnik\u00f3w programu Junior miesi\u0119cznie) oraz jednorazowy grant, wyp\u0142acany wraz z pierwszym stypendium, przyznawany na zakup ksi\u0105\u017cek oraz pomocy naukowych (1500 z\u0142, ok. 330 EURO).<br \/><br \/>MCK umo\u017cliwia korzystanie z w\u0142asnej biblioteki (https:\/\/www.mck.krakow.pl\/page\/informacje-dla-czytelnikow), kt\u00f3rej czytelnia zaopatrzona jest w stanowiska komputerowe z dost\u0119pem do Internetu oraz oferuje pomoc w dotarciu do archiw\u00f3w i bibliotek, jak r\u00f3wnie\u017c oferty edukacyjnej i badawczej krakowskich plac\u00f3wek naukowych i kulturalnych. Stypendystom zapewniony zostaje samodzielny, w pe\u0142ni wyposa\u017cony apartament w centrum miasta.<br \/><br \/><strong>Dok\u0142adny termin rekrutacji ka\u017cdorazowo og\u0142aszany jest na stronie internetowej Mi\u0119dzynarodowego Centrum Kultury w Krakowie.<\/strong><\/p>\n<\/div>\n<\/div>\n<\/div>\n","protected":false},"excerpt":{"rendered":"<p>Pro\u00adgram Sty\u00adpen\u00addial\u00adny Mi\u00adni\u00adstra Kul\u00adtu\u00adry\u00a0Gaude Po\u00adlo\u00adnia\u00a0prze\u00adzna\u00adczo\u00adny jest dla m\u0142o\u00addych (do 40 roku \u017cycia,\u00a0w\u00a0wy\u00adj\u0105t\u00adko\u00adwych wy\u00adpad\u00adkach do\u00a045 roku \u017cycia)\u00a0tw\u00f3r\u00adc\u00f3w kul\u00adtu\u00adry oraz t\u0142u\u00adma\u00adczy li\u00adte\u00adra\u00adtu\u00adry pol\u00adskiej z\u00a0kra\u00adj\u00f3w Eu\u00adro\u00adpy \u015arod\u00adko\u00adwow\u00adschod\u00adniej, w\u00a0pierw\u00adszej ko\u00adlej\u00adno\u00ad\u015bci z\u00a0Bia\u00ad\u0142o\u00adru\u00adsi i\u00a0Ukra\u00adiny.\u00a0Pro\u00adgram s\u0142u\u017cy bu\u00addo\u00adwa\u00adniu p\u0142asz\u00adczy\u00adzny zro\u00adzu\u00admie\u00adnia i\u00a0do\u00adbrych kon\u00adtak\u00adt\u00f3w na\u00a0grun\u00adcie wsp\u00f3\u0142\u00adpra\u00adcy kul\u00adtu\u00adral\u00adnej po\u00admi\u0119\u00addzy Pol\u00adsk\u0105, a\u00a0jej bli\u00adski\u00admi s\u0105\u00adsia\u00adda\u00admi. O p\u00f3\u0142\u00adrocz\u00adne sty\u00adpen\u00addium w\u00a0Pol\u00adsce mog\u0105 ubie\u00adga\u0107 si\u0119 tw\u00f3r\u00adcy re\u00adpre\u00adzen\u00adtu\u00adj\u0105\u00adcy na\u00adst\u0119\u00adpu\u00adj\u0105\u00adce dzie\u00addzi\u00adny: film, fo\u00adto\u00adgra\u00adfia, [&hellip;]<\/p>\n","protected":false},"author":1,"featured_media":465,"parent":456,"menu_order":0,"comment_status":"closed","ping_status":"closed","template":"","meta":{"inline_featured_image":false,"_monsterinsights_skip_tracking":false,"_monsterinsights_sitenote_active":false,"_monsterinsights_sitenote_note":"","_monsterinsights_sitenote_category":0,"footnotes":""},"class_list":["post-468","page","type-page","status-publish","has-post-thumbnail","hentry"],"yoast_head":"<!-- This site is optimized with the Yoast SEO plugin v24.6 - https:\/\/yoast.com\/wordpress\/plugins\/seo\/ -->\n<title>Stypendia w Polsce - Instytut Polski w Wilnie<\/title>\n<meta name=\"robots\" content=\"index, follow, max-snippet:-1, max-image-preview:large, max-video-preview:-1\" \/>\n<link rel=\"canonical\" href=\"https:\/\/instytutpolski.pl\/vilnius\/pl\/poznaj-polske\/stypendia-w-polsce\/\" \/>\n<meta property=\"og:locale\" content=\"pl_PL\" \/>\n<meta property=\"og:type\" content=\"article\" \/>\n<meta property=\"og:title\" content=\"Stypendia w Polsce - Instytut Polski w Wilnie\" \/>\n<meta property=\"og:description\" content=\"Pro\u00adgram Sty\u00adpen\u00addial\u00adny Mi\u00adni\u00adstra Kul\u00adtu\u00adry\u00a0Gaude Po\u00adlo\u00adnia\u00a0prze\u00adzna\u00adczo\u00adny jest dla m\u0142o\u00addych (do 40 roku \u017cycia,\u00a0w\u00a0wy\u00adj\u0105t\u00adko\u00adwych wy\u00adpad\u00adkach do\u00a045 roku \u017cycia)\u00a0tw\u00f3r\u00adc\u00f3w kul\u00adtu\u00adry oraz t\u0142u\u00adma\u00adczy li\u00adte\u00adra\u00adtu\u00adry pol\u00adskiej z\u00a0kra\u00adj\u00f3w Eu\u00adro\u00adpy \u015arod\u00adko\u00adwow\u00adschod\u00adniej, w\u00a0pierw\u00adszej ko\u00adlej\u00adno\u00ad\u015bci z\u00a0Bia\u00ad\u0142o\u00adru\u00adsi i\u00a0Ukra\u00adiny.\u00a0Pro\u00adgram s\u0142u\u017cy bu\u00addo\u00adwa\u00adniu p\u0142asz\u00adczy\u00adzny zro\u00adzu\u00admie\u00adnia i\u00a0do\u00adbrych kon\u00adtak\u00adt\u00f3w na\u00a0grun\u00adcie wsp\u00f3\u0142\u00adpra\u00adcy kul\u00adtu\u00adral\u00adnej po\u00admi\u0119\u00addzy Pol\u00adsk\u0105, a\u00a0jej bli\u00adski\u00admi s\u0105\u00adsia\u00adda\u00admi. O p\u00f3\u0142\u00adrocz\u00adne sty\u00adpen\u00addium w\u00a0Pol\u00adsce mog\u0105 ubie\u00adga\u0107 si\u0119 tw\u00f3r\u00adcy re\u00adpre\u00adzen\u00adtu\u00adj\u0105\u00adcy na\u00adst\u0119\u00adpu\u00adj\u0105\u00adce dzie\u00addzi\u00adny: film, fo\u00adto\u00adgra\u00adfia, [&hellip;]\" \/>\n<meta property=\"og:url\" content=\"https:\/\/instytutpolski.pl\/vilnius\/pl\/poznaj-polske\/stypendia-w-polsce\/\" \/>\n<meta property=\"og:site_name\" content=\"Instytut Polski w Wilnie\" \/>\n<meta property=\"article:modified_time\" content=\"2022-09-07T09:58:56+00:00\" \/>\n<meta property=\"og:image\" content=\"https:\/\/instytutpolski.pl\/vilnius\/wp-content\/uploads\/sites\/24\/2019\/06\/stypendia-w-polsce.jpg\" \/>\n\t<meta property=\"og:image:width\" content=\"1920\" \/>\n\t<meta property=\"og:image:height\" content=\"700\" \/>\n\t<meta property=\"og:image:type\" content=\"image\/jpeg\" \/>\n<meta name=\"twitter:card\" content=\"summary_large_image\" \/>\n<meta name=\"twitter:label1\" content=\"Szacowany czas czytania\" \/>\n\t<meta name=\"twitter:data1\" content=\"3 minuty\" \/>\n<script type=\"application\/ld+json\" class=\"yoast-schema-graph\">{\"@context\":\"https:\/\/schema.org\",\"@graph\":[{\"@type\":\"WebPage\",\"@id\":\"https:\/\/instytutpolski.pl\/vilnius\/pl\/poznaj-polske\/stypendia-w-polsce\/\",\"url\":\"https:\/\/instytutpolski.pl\/vilnius\/pl\/poznaj-polske\/stypendia-w-polsce\/\",\"name\":\"Stypendia w Polsce - Instytut Polski w Wilnie\",\"isPartOf\":{\"@id\":\"https:\/\/instytutpolski.pl\/vilnius\/#website\"},\"primaryImageOfPage\":{\"@id\":\"https:\/\/instytutpolski.pl\/vilnius\/pl\/poznaj-polske\/stypendia-w-polsce\/#primaryimage\"},\"image\":{\"@id\":\"https:\/\/instytutpolski.pl\/vilnius\/pl\/poznaj-polske\/stypendia-w-polsce\/#primaryimage\"},\"thumbnailUrl\":\"https:\/\/instytutpolski.pl\/vilnius\/wp-content\/uploads\/sites\/24\/2019\/06\/stypendia-w-polsce.jpg\",\"datePublished\":\"2019-06-27T08:59:35+00:00\",\"dateModified\":\"2022-09-07T09:58:56+00:00\",\"breadcrumb\":{\"@id\":\"https:\/\/instytutpolski.pl\/vilnius\/pl\/poznaj-polske\/stypendia-w-polsce\/#breadcrumb\"},\"inLanguage\":\"pl-PL\",\"potentialAction\":[{\"@type\":\"ReadAction\",\"target\":[\"https:\/\/instytutpolski.pl\/vilnius\/pl\/poznaj-polske\/stypendia-w-polsce\/\"]}]},{\"@type\":\"ImageObject\",\"inLanguage\":\"pl-PL\",\"@id\":\"https:\/\/instytutpolski.pl\/vilnius\/pl\/poznaj-polske\/stypendia-w-polsce\/#primaryimage\",\"url\":\"https:\/\/instytutpolski.pl\/vilnius\/wp-content\/uploads\/sites\/24\/2019\/06\/stypendia-w-polsce.jpg\",\"contentUrl\":\"https:\/\/instytutpolski.pl\/vilnius\/wp-content\/uploads\/sites\/24\/2019\/06\/stypendia-w-polsce.jpg\",\"width\":1920,\"height\":700},{\"@type\":\"BreadcrumbList\",\"@id\":\"https:\/\/instytutpolski.pl\/vilnius\/pl\/poznaj-polske\/stypendia-w-polsce\/#breadcrumb\",\"itemListElement\":[{\"@type\":\"ListItem\",\"position\":1,\"name\":\"Home\",\"item\":\"https:\/\/instytutpolski.pl\/vilnius\/\"},{\"@type\":\"ListItem\",\"position\":2,\"name\":\"Poznaj Polsk\u0119\",\"item\":\"https:\/\/instytutpolski.pl\/vilnius\/pl\/poznaj-polske\/\"},{\"@type\":\"ListItem\",\"position\":3,\"name\":\"Stypendia w Polsce\"}]},{\"@type\":\"WebSite\",\"@id\":\"https:\/\/instytutpolski.pl\/vilnius\/#website\",\"url\":\"https:\/\/instytutpolski.pl\/vilnius\/\",\"name\":\"Instytut Polski w Wilnie\",\"description\":\"Instytuty Polskie\",\"potentialAction\":[{\"@type\":\"SearchAction\",\"target\":{\"@type\":\"EntryPoint\",\"urlTemplate\":\"https:\/\/instytutpolski.pl\/vilnius\/?s={search_term_string}\"},\"query-input\":{\"@type\":\"PropertyValueSpecification\",\"valueRequired\":true,\"valueName\":\"search_term_string\"}}],\"inLanguage\":\"pl-PL\"}]}<\/script>\n<!-- \/ Yoast SEO plugin. -->","yoast_head_json":{"title":"Stypendia w Polsce - Instytut Polski w Wilnie","robots":{"index":"index","follow":"follow","max-snippet":"max-snippet:-1","max-image-preview":"max-image-preview:large","max-video-preview":"max-video-preview:-1"},"canonical":"https:\/\/instytutpolski.pl\/vilnius\/pl\/poznaj-polske\/stypendia-w-polsce\/","og_locale":"pl_PL","og_type":"article","og_title":"Stypendia w Polsce - Instytut Polski w Wilnie","og_description":"Pro\u00adgram Sty\u00adpen\u00addial\u00adny Mi\u00adni\u00adstra Kul\u00adtu\u00adry\u00a0Gaude Po\u00adlo\u00adnia\u00a0prze\u00adzna\u00adczo\u00adny jest dla m\u0142o\u00addych (do 40 roku \u017cycia,\u00a0w\u00a0wy\u00adj\u0105t\u00adko\u00adwych wy\u00adpad\u00adkach do\u00a045 roku \u017cycia)\u00a0tw\u00f3r\u00adc\u00f3w kul\u00adtu\u00adry oraz t\u0142u\u00adma\u00adczy li\u00adte\u00adra\u00adtu\u00adry pol\u00adskiej z\u00a0kra\u00adj\u00f3w Eu\u00adro\u00adpy \u015arod\u00adko\u00adwow\u00adschod\u00adniej, w\u00a0pierw\u00adszej ko\u00adlej\u00adno\u00ad\u015bci z\u00a0Bia\u00ad\u0142o\u00adru\u00adsi i\u00a0Ukra\u00adiny.\u00a0Pro\u00adgram s\u0142u\u017cy bu\u00addo\u00adwa\u00adniu p\u0142asz\u00adczy\u00adzny zro\u00adzu\u00admie\u00adnia i\u00a0do\u00adbrych kon\u00adtak\u00adt\u00f3w na\u00a0grun\u00adcie wsp\u00f3\u0142\u00adpra\u00adcy kul\u00adtu\u00adral\u00adnej po\u00admi\u0119\u00addzy Pol\u00adsk\u0105, a\u00a0jej bli\u00adski\u00admi s\u0105\u00adsia\u00adda\u00admi. O p\u00f3\u0142\u00adrocz\u00adne sty\u00adpen\u00addium w\u00a0Pol\u00adsce mog\u0105 ubie\u00adga\u0107 si\u0119 tw\u00f3r\u00adcy re\u00adpre\u00adzen\u00adtu\u00adj\u0105\u00adcy na\u00adst\u0119\u00adpu\u00adj\u0105\u00adce dzie\u00addzi\u00adny: film, fo\u00adto\u00adgra\u00adfia, [&hellip;]","og_url":"https:\/\/instytutpolski.pl\/vilnius\/pl\/poznaj-polske\/stypendia-w-polsce\/","og_site_name":"Instytut Polski w Wilnie","article_modified_time":"2022-09-07T09:58:56+00:00","og_image":[{"width":1920,"height":700,"url":"https:\/\/instytutpolski.pl\/vilnius\/wp-content\/uploads\/sites\/24\/2019\/06\/stypendia-w-polsce.jpg","type":"image\/jpeg"}],"twitter_card":"summary_large_image","twitter_misc":{"Szacowany czas czytania":"3 minuty"},"schema":{"@context":"https:\/\/schema.org","@graph":[{"@type":"WebPage","@id":"https:\/\/instytutpolski.pl\/vilnius\/pl\/poznaj-polske\/stypendia-w-polsce\/","url":"https:\/\/instytutpolski.pl\/vilnius\/pl\/poznaj-polske\/stypendia-w-polsce\/","name":"Stypendia w Polsce - Instytut Polski w Wilnie","isPartOf":{"@id":"https:\/\/instytutpolski.pl\/vilnius\/#website"},"primaryImageOfPage":{"@id":"https:\/\/instytutpolski.pl\/vilnius\/pl\/poznaj-polske\/stypendia-w-polsce\/#primaryimage"},"image":{"@id":"https:\/\/instytutpolski.pl\/vilnius\/pl\/poznaj-polske\/stypendia-w-polsce\/#primaryimage"},"thumbnailUrl":"https:\/\/instytutpolski.pl\/vilnius\/wp-content\/uploads\/sites\/24\/2019\/06\/stypendia-w-polsce.jpg","datePublished":"2019-06-27T08:59:35+00:00","dateModified":"2022-09-07T09:58:56+00:00","breadcrumb":{"@id":"https:\/\/instytutpolski.pl\/vilnius\/pl\/poznaj-polske\/stypendia-w-polsce\/#breadcrumb"},"inLanguage":"pl-PL","potentialAction":[{"@type":"ReadAction","target":["https:\/\/instytutpolski.pl\/vilnius\/pl\/poznaj-polske\/stypendia-w-polsce\/"]}]},{"@type":"ImageObject","inLanguage":"pl-PL","@id":"https:\/\/instytutpolski.pl\/vilnius\/pl\/poznaj-polske\/stypendia-w-polsce\/#primaryimage","url":"https:\/\/instytutpolski.pl\/vilnius\/wp-content\/uploads\/sites\/24\/2019\/06\/stypendia-w-polsce.jpg","contentUrl":"https:\/\/instytutpolski.pl\/vilnius\/wp-content\/uploads\/sites\/24\/2019\/06\/stypendia-w-polsce.jpg","width":1920,"height":700},{"@type":"BreadcrumbList","@id":"https:\/\/instytutpolski.pl\/vilnius\/pl\/poznaj-polske\/stypendia-w-polsce\/#breadcrumb","itemListElement":[{"@type":"ListItem","position":1,"name":"Home","item":"https:\/\/instytutpolski.pl\/vilnius\/"},{"@type":"ListItem","position":2,"name":"Poznaj Polsk\u0119","item":"https:\/\/instytutpolski.pl\/vilnius\/pl\/poznaj-polske\/"},{"@type":"ListItem","position":3,"name":"Stypendia w Polsce"}]},{"@type":"WebSite","@id":"https:\/\/instytutpolski.pl\/vilnius\/#website","url":"https:\/\/instytutpolski.pl\/vilnius\/","name":"Instytut Polski w Wilnie","description":"Instytuty Polskie","potentialAction":[{"@type":"SearchAction","target":{"@type":"EntryPoint","urlTemplate":"https:\/\/instytutpolski.pl\/vilnius\/?s={search_term_string}"},"query-input":{"@type":"PropertyValueSpecification","valueRequired":true,"valueName":"search_term_string"}}],"inLanguage":"pl-PL"}]}},"_links":{"self":[{"href":"https:\/\/instytutpolski.pl\/vilnius\/wp-json\/wp\/v2\/pages\/468","targetHints":{"allow":["GET"]}}],"collection":[{"href":"https:\/\/instytutpolski.pl\/vilnius\/wp-json\/wp\/v2\/pages"}],"about":[{"href":"https:\/\/instytutpolski.pl\/vilnius\/wp-json\/wp\/v2\/types\/page"}],"author":[{"embeddable":true,"href":"https:\/\/instytutpolski.pl\/vilnius\/wp-json\/wp\/v2\/users\/1"}],"replies":[{"embeddable":true,"href":"https:\/\/instytutpolski.pl\/vilnius\/wp-json\/wp\/v2\/comments?post=468"}],"version-history":[{"count":3,"href":"https:\/\/instytutpolski.pl\/vilnius\/wp-json\/wp\/v2\/pages\/468\/revisions"}],"predecessor-version":[{"id":2593,"href":"https:\/\/instytutpolski.pl\/vilnius\/wp-json\/wp\/v2\/pages\/468\/revisions\/2593"}],"up":[{"embeddable":true,"href":"https:\/\/instytutpolski.pl\/vilnius\/wp-json\/wp\/v2\/pages\/456"}],"wp:featuredmedia":[{"embeddable":true,"href":"https:\/\/instytutpolski.pl\/vilnius\/wp-json\/wp\/v2\/media\/465"}],"wp:attachment":[{"href":"https:\/\/instytutpolski.pl\/vilnius\/wp-json\/wp\/v2\/media?parent=468"}],"curies":[{"name":"wp","href":"https:\/\/api.w.org\/{rel}","templated":true}]}}