{"id":476,"date":"2019-06-27T11:00:57","date_gmt":"2019-06-27T09:00:57","guid":{"rendered":"https:\/\/instytutpolski.pl\/wilno\/?page_id=476"},"modified":"2022-09-07T12:09:34","modified_gmt":"2022-09-07T10:09:34","slug":"stypendia-w-ramach-umow-dwustronnych","status":"publish","type":"page","link":"https:\/\/instytutpolski.pl\/vilnius\/pl\/poznaj-polske\/stypendia-w-polsce\/stypendia-w-ramach-umow-dwustronnych\/","title":{"rendered":"Stypendia w ramach um\u00f3w dwustronnych"},"content":{"rendered":"\n<p class=\"xmsonormal\">Dost\u0119pnych jest wiele stypendi\u00f3w na warunkach okre\u015blonych w umowach dwustronnych. S\u0105 one finansowane przez rz\u0105d polski lub rz\u0105d partnera zagranicznego, cz\u0119sto w celu zwi\u0119kszenia wymiany student\u00f3w z okre\u015blonego kierunku geograficznego lub w obszarze danego kierunku studi\u00f3w. Kwota stypendium zale\u017cy od poziomu studi\u00f3w. Wi\u0119cej informacji na ten temat mo\u017cna znale\u017a\u0107 na stronie Narodowej Agencji Wymiany Akademickiej\u00a0<a href=\"http:\/\/www.nawa.gov.pl\/\">www.nawa.gov.pl<\/a>. Rekrutacj\u0105 na pobyty stypendialne w ramach um\u00f3w i porozumie\u0144 dwustronnych zajmuj\u0105 si\u0119 w\u0142a\u015bciwe instytucje, koordynuj\u0105ce wymian\u0119 akademick\u0105 w krajach pochodzenia kandydat\u00f3w.<\/p>\n","protected":false},"excerpt":{"rendered":"<p>Dost\u0119pnych jest wiele stypendi\u00f3w na warunkach okre\u015blonych w umowach dwustronnych. S\u0105 one finansowane przez rz\u0105d polski lub rz\u0105d partnera zagranicznego, cz\u0119sto w celu zwi\u0119kszenia wymiany student\u00f3w z okre\u015blonego kierunku geograficznego lub w obszarze danego kierunku studi\u00f3w. Kwota stypendium zale\u017cy od poziomu studi\u00f3w. Wi\u0119cej informacji na ten temat mo\u017cna znale\u017a\u0107 na stronie Narodowej Agencji Wymiany Akademickiej\u00a0www.nawa.gov.pl. [&hellip;]<\/p>\n","protected":false},"author":1,"featured_media":0,"parent":468,"menu_order":0,"comment_status":"closed","ping_status":"closed","template":"","meta":{"inline_featured_image":false,"_monsterinsights_skip_tracking":false,"_monsterinsights_sitenote_active":false,"_monsterinsights_sitenote_note":"","_monsterinsights_sitenote_category":0,"footnotes":""},"class_list":["post-476","page","type-page","status-publish","hentry"],"yoast_head":"<!-- This site is optimized with the Yoast SEO plugin v24.6 - https:\/\/yoast.com\/wordpress\/plugins\/seo\/ -->\n<title>Stypendia w ramach um\u00f3w dwustronnych - Instytut Polski w Wilnie<\/title>\n<meta name=\"robots\" content=\"index, follow, max-snippet:-1, max-image-preview:large, max-video-preview:-1\" \/>\n<link rel=\"canonical\" href=\"https:\/\/instytutpolski.pl\/vilnius\/pl\/poznaj-polske\/stypendia-w-polsce\/stypendia-w-ramach-umow-dwustronnych\/\" \/>\n<meta property=\"og:locale\" content=\"pl_PL\" \/>\n<meta property=\"og:type\" content=\"article\" \/>\n<meta property=\"og:title\" content=\"Stypendia w ramach um\u00f3w dwustronnych - Instytut Polski w Wilnie\" \/>\n<meta property=\"og:description\" content=\"Dost\u0119pnych jest wiele stypendi\u00f3w na warunkach okre\u015blonych w umowach dwustronnych. S\u0105 one finansowane przez rz\u0105d polski lub rz\u0105d partnera zagranicznego, cz\u0119sto w celu zwi\u0119kszenia wymiany student\u00f3w z okre\u015blonego kierunku geograficznego lub w obszarze danego kierunku studi\u00f3w. Kwota stypendium zale\u017cy od poziomu studi\u00f3w. Wi\u0119cej informacji na ten temat mo\u017cna znale\u017a\u0107 na stronie Narodowej Agencji Wymiany Akademickiej\u00a0www.nawa.gov.pl. [&hellip;]\" \/>\n<meta property=\"og:url\" content=\"https:\/\/instytutpolski.pl\/vilnius\/pl\/poznaj-polske\/stypendia-w-polsce\/stypendia-w-ramach-umow-dwustronnych\/\" \/>\n<meta property=\"og:site_name\" content=\"Instytut Polski w Wilnie\" \/>\n<meta property=\"article:modified_time\" content=\"2022-09-07T10:09:34+00:00\" \/>\n<meta name=\"twitter:card\" content=\"summary_large_image\" \/>\n<meta name=\"twitter:label1\" content=\"Szacowany czas czytania\" \/>\n\t<meta name=\"twitter:data1\" content=\"1 minuta\" \/>\n<script type=\"application\/ld+json\" class=\"yoast-schema-graph\">{\"@context\":\"https:\/\/schema.org\",\"@graph\":[{\"@type\":\"WebPage\",\"@id\":\"https:\/\/instytutpolski.pl\/vilnius\/pl\/poznaj-polske\/stypendia-w-polsce\/stypendia-w-ramach-umow-dwustronnych\/\",\"url\":\"https:\/\/instytutpolski.pl\/vilnius\/pl\/poznaj-polske\/stypendia-w-polsce\/stypendia-w-ramach-umow-dwustronnych\/\",\"name\":\"Stypendia w ramach um\u00f3w dwustronnych - Instytut Polski w Wilnie\",\"isPartOf\":{\"@id\":\"https:\/\/instytutpolski.pl\/vilnius\/#website\"},\"datePublished\":\"2019-06-27T09:00:57+00:00\",\"dateModified\":\"2022-09-07T10:09:34+00:00\",\"breadcrumb\":{\"@id\":\"https:\/\/instytutpolski.pl\/vilnius\/pl\/poznaj-polske\/stypendia-w-polsce\/stypendia-w-ramach-umow-dwustronnych\/#breadcrumb\"},\"inLanguage\":\"pl-PL\",\"potentialAction\":[{\"@type\":\"ReadAction\",\"target\":[\"https:\/\/instytutpolski.pl\/vilnius\/pl\/poznaj-polske\/stypendia-w-polsce\/stypendia-w-ramach-umow-dwustronnych\/\"]}]},{\"@type\":\"BreadcrumbList\",\"@id\":\"https:\/\/instytutpolski.pl\/vilnius\/pl\/poznaj-polske\/stypendia-w-polsce\/stypendia-w-ramach-umow-dwustronnych\/#breadcrumb\",\"itemListElement\":[{\"@type\":\"ListItem\",\"position\":1,\"name\":\"Home\",\"item\":\"https:\/\/instytutpolski.pl\/vilnius\/\"},{\"@type\":\"ListItem\",\"position\":2,\"name\":\"Poznaj Polsk\u0119\",\"item\":\"https:\/\/instytutpolski.pl\/vilnius\/pl\/poznaj-polske\/\"},{\"@type\":\"ListItem\",\"position\":3,\"name\":\"Stypendia w Polsce\",\"item\":\"https:\/\/instytutpolski.pl\/vilnius\/pl\/poznaj-polske\/stypendia-w-polsce\/\"},{\"@type\":\"ListItem\",\"position\":4,\"name\":\"Stypendia w ramach um\u00f3w dwustronnych\"}]},{\"@type\":\"WebSite\",\"@id\":\"https:\/\/instytutpolski.pl\/vilnius\/#website\",\"url\":\"https:\/\/instytutpolski.pl\/vilnius\/\",\"name\":\"Instytut Polski w Wilnie\",\"description\":\"Instytuty Polskie\",\"potentialAction\":[{\"@type\":\"SearchAction\",\"target\":{\"@type\":\"EntryPoint\",\"urlTemplate\":\"https:\/\/instytutpolski.pl\/vilnius\/?s={search_term_string}\"},\"query-input\":{\"@type\":\"PropertyValueSpecification\",\"valueRequired\":true,\"valueName\":\"search_term_string\"}}],\"inLanguage\":\"pl-PL\"}]}<\/script>\n<!-- \/ Yoast SEO plugin. -->","yoast_head_json":{"title":"Stypendia w ramach um\u00f3w dwustronnych - Instytut Polski w Wilnie","robots":{"index":"index","follow":"follow","max-snippet":"max-snippet:-1","max-image-preview":"max-image-preview:large","max-video-preview":"max-video-preview:-1"},"canonical":"https:\/\/instytutpolski.pl\/vilnius\/pl\/poznaj-polske\/stypendia-w-polsce\/stypendia-w-ramach-umow-dwustronnych\/","og_locale":"pl_PL","og_type":"article","og_title":"Stypendia w ramach um\u00f3w dwustronnych - Instytut Polski w Wilnie","og_description":"Dost\u0119pnych jest wiele stypendi\u00f3w na warunkach okre\u015blonych w umowach dwustronnych. S\u0105 one finansowane przez rz\u0105d polski lub rz\u0105d partnera zagranicznego, cz\u0119sto w celu zwi\u0119kszenia wymiany student\u00f3w z okre\u015blonego kierunku geograficznego lub w obszarze danego kierunku studi\u00f3w. Kwota stypendium zale\u017cy od poziomu studi\u00f3w. Wi\u0119cej informacji na ten temat mo\u017cna znale\u017a\u0107 na stronie Narodowej Agencji Wymiany Akademickiej\u00a0www.nawa.gov.pl. [&hellip;]","og_url":"https:\/\/instytutpolski.pl\/vilnius\/pl\/poznaj-polske\/stypendia-w-polsce\/stypendia-w-ramach-umow-dwustronnych\/","og_site_name":"Instytut Polski w Wilnie","article_modified_time":"2022-09-07T10:09:34+00:00","twitter_card":"summary_large_image","twitter_misc":{"Szacowany czas czytania":"1 minuta"},"schema":{"@context":"https:\/\/schema.org","@graph":[{"@type":"WebPage","@id":"https:\/\/instytutpolski.pl\/vilnius\/pl\/poznaj-polske\/stypendia-w-polsce\/stypendia-w-ramach-umow-dwustronnych\/","url":"https:\/\/instytutpolski.pl\/vilnius\/pl\/poznaj-polske\/stypendia-w-polsce\/stypendia-w-ramach-umow-dwustronnych\/","name":"Stypendia w ramach um\u00f3w dwustronnych - Instytut Polski w Wilnie","isPartOf":{"@id":"https:\/\/instytutpolski.pl\/vilnius\/#website"},"datePublished":"2019-06-27T09:00:57+00:00","dateModified":"2022-09-07T10:09:34+00:00","breadcrumb":{"@id":"https:\/\/instytutpolski.pl\/vilnius\/pl\/poznaj-polske\/stypendia-w-polsce\/stypendia-w-ramach-umow-dwustronnych\/#breadcrumb"},"inLanguage":"pl-PL","potentialAction":[{"@type":"ReadAction","target":["https:\/\/instytutpolski.pl\/vilnius\/pl\/poznaj-polske\/stypendia-w-polsce\/stypendia-w-ramach-umow-dwustronnych\/"]}]},{"@type":"BreadcrumbList","@id":"https:\/\/instytutpolski.pl\/vilnius\/pl\/poznaj-polske\/stypendia-w-polsce\/stypendia-w-ramach-umow-dwustronnych\/#breadcrumb","itemListElement":[{"@type":"ListItem","position":1,"name":"Home","item":"https:\/\/instytutpolski.pl\/vilnius\/"},{"@type":"ListItem","position":2,"name":"Poznaj Polsk\u0119","item":"https:\/\/instytutpolski.pl\/vilnius\/pl\/poznaj-polske\/"},{"@type":"ListItem","position":3,"name":"Stypendia w Polsce","item":"https:\/\/instytutpolski.pl\/vilnius\/pl\/poznaj-polske\/stypendia-w-polsce\/"},{"@type":"ListItem","position":4,"name":"Stypendia w ramach um\u00f3w dwustronnych"}]},{"@type":"WebSite","@id":"https:\/\/instytutpolski.pl\/vilnius\/#website","url":"https:\/\/instytutpolski.pl\/vilnius\/","name":"Instytut Polski w Wilnie","description":"Instytuty Polskie","potentialAction":[{"@type":"SearchAction","target":{"@type":"EntryPoint","urlTemplate":"https:\/\/instytutpolski.pl\/vilnius\/?s={search_term_string}"},"query-input":{"@type":"PropertyValueSpecification","valueRequired":true,"valueName":"search_term_string"}}],"inLanguage":"pl-PL"}]}},"_links":{"self":[{"href":"https:\/\/instytutpolski.pl\/vilnius\/wp-json\/wp\/v2\/pages\/476","targetHints":{"allow":["GET"]}}],"collection":[{"href":"https:\/\/instytutpolski.pl\/vilnius\/wp-json\/wp\/v2\/pages"}],"about":[{"href":"https:\/\/instytutpolski.pl\/vilnius\/wp-json\/wp\/v2\/types\/page"}],"author":[{"embeddable":true,"href":"https:\/\/instytutpolski.pl\/vilnius\/wp-json\/wp\/v2\/users\/1"}],"replies":[{"embeddable":true,"href":"https:\/\/instytutpolski.pl\/vilnius\/wp-json\/wp\/v2\/comments?post=476"}],"version-history":[{"count":3,"href":"https:\/\/instytutpolski.pl\/vilnius\/wp-json\/wp\/v2\/pages\/476\/revisions"}],"predecessor-version":[{"id":4127,"href":"https:\/\/instytutpolski.pl\/vilnius\/wp-json\/wp\/v2\/pages\/476\/revisions\/4127"}],"up":[{"embeddable":true,"href":"https:\/\/instytutpolski.pl\/vilnius\/wp-json\/wp\/v2\/pages\/468"}],"wp:attachment":[{"href":"https:\/\/instytutpolski.pl\/vilnius\/wp-json\/wp\/v2\/media?parent=476"}],"curies":[{"name":"wp","href":"https:\/\/api.w.org\/{rel}","templated":true}]}}