{"id":490,"date":"2019-06-27T11:02:47","date_gmt":"2019-06-27T09:02:47","guid":{"rendered":"https:\/\/instytutpolski.pl\/wilno\/?page_id=490"},"modified":"2022-09-15T11:48:29","modified_gmt":"2022-09-15T09:48:29","slug":"mokslas-lenkijoje","status":"publish","type":"page","link":"https:\/\/instytutpolski.pl\/vilnius\/pazink-lenkija\/mokslas-lenkijoje\/","title":{"rendered":"Mokslas Lenkijoje"},"content":{"rendered":"\n<p>Lenkija \u2013 i\u0161rad\u0117j\u0173 \u0161alis. Lenk\u0173 mokslininkai gali did\u017eiuotis reik\u0161mingais, pasaul\u012f pakeitusiais i\u0161radimais ir atradimais. I\u0161 Var\u0161uvos kilusi Maria Sk\u0142odowska-Curie, vis\u0173 laik\u0173 garsiausia mokslinink\u0117, iki \u0161iol lieka vienintele moterimi, du kartus apdovanota Nobelio premija (1903 ir 1911 m.), ir vieninteliu laureatu, gavusiu premij\u0105 u\u017e laim\u0117jimus dviejose gamtos moksl\u0173 srityse. Ji buvo pirmoji moteris, gavusi Nobelio chemijos premij\u0105 (u\u017e atrastus polon\u012f ir rad\u012f), pirmoji moteris, tapusi Pary\u017eiaus Sorbonos universiteto profesore, ir pirmoji moteris, priimta \u012f Medicinos akademij\u0105. O lenk\u0173 fizikas Jan Czochralski i\u0161rado monokristal\u0173 auginimo metod\u0105, kuris pad\u0117jo pamatus \u0161iuolaikinei elektronikai. I\u0161 \u0161iuo metodu i\u0161gaut\u0173 silicio monokristal\u0173 gaminami puslaidininkiniai \u012ftaisai. J\u0173 d\u0117ka veikia kompiuteriai, i\u0161manieji telefonai, plan\u0161et\u0117s, skaitmeniniai fotoaparatai, skaitmeniniai grotuvai ir kita elektronika. Be to, lenk\u0173 matematikai Marian Rejewski, Jerzy R\u00f3\u017cycki ir Henryk Zygalski\u00a0perkando vis\u0173 laik\u0173 garsiausios \u0161ifravimo ma\u0161inos \u2013 vokie\u010di\u0173 \u201eEnigmos\u201c \u2013 kod\u0105 ir taip prisid\u0117jo prie II pasaulinio karo pabaigos.<\/p>\n<p>\u010cia galite susipa\u017einti su \u0161iuolaikiniu Lenkijos mokslu ir jo laim\u0117jimais:<\/p>\n<p><a href=\"https:\/\/nawa.gov.pl\/images\/zdjecia\/ResearchinPoland\/Science_in_Poland_v1.25a-www.pdf\" target=\"_blank\" rel=\"noopener\">Mokslas Lenkijoje (pdf)<\/a><\/p>\n<p><a href=\"https:\/\/nawa.gov.pl\/en\/researchinpoland\" target=\"_blank\" rel=\"noopener\">Mokslas Lenkijoje (tinklalapis)<\/a><\/p>\n\n\n\n<figure class=\"wp-block-embed is-type-video is-provider-youtube wp-block-embed-youtube wp-embed-aspect-16-9 wp-has-aspect-ratio\"><div class=\"wp-block-embed__wrapper\">\nhttp:\/\/www.youtube.com\/watch?v=DQY_WY46I20\n<\/div><\/figure>\n","protected":false},"excerpt":{"rendered":"<p>Lenkija \u2013 i\u0161rad\u0117j\u0173 \u0161alis. Lenk\u0173 mokslininkai gali did\u017eiuotis reik\u0161mingais, pasaul\u012f pakeitusiais i\u0161radimais ir atradimais. I\u0161 Var\u0161uvos kilusi Maria Sk\u0142odowska-Curie, vis\u0173 laik\u0173 garsiausia mokslinink\u0117, iki \u0161iol lieka vienintele moterimi, du kartus apdovanota Nobelio premija (1903 ir 1911 m.), ir vieninteliu laureatu, gavusiu premij\u0105 u\u017e laim\u0117jimus dviejose gamtos moksl\u0173 srityse. Ji buvo pirmoji moteris, gavusi Nobelio chemijos [&hellip;]<\/p>\n","protected":false},"author":1,"featured_media":491,"parent":452,"menu_order":0,"comment_status":"closed","ping_status":"closed","template":"","meta":{"inline_featured_image":false,"_monsterinsights_skip_tracking":false,"_monsterinsights_sitenote_active":false,"_monsterinsights_sitenote_note":"","_monsterinsights_sitenote_category":0,"footnotes":""},"class_list":["post-490","page","type-page","status-publish","has-post-thumbnail","hentry"],"yoast_head":"<!-- This site is optimized with the Yoast SEO plugin v24.6 - https:\/\/yoast.com\/wordpress\/plugins\/seo\/ -->\n<title>Mokslas Lenkijoje - Instytut Polski w Wilnie<\/title>\n<meta name=\"robots\" content=\"index, follow, max-snippet:-1, max-image-preview:large, max-video-preview:-1\" \/>\n<link rel=\"canonical\" href=\"https:\/\/instytutpolski.pl\/vilnius\/pazink-lenkija\/mokslas-lenkijoje\/\" \/>\n<meta property=\"og:locale\" content=\"pl_PL\" \/>\n<meta property=\"og:type\" content=\"article\" \/>\n<meta property=\"og:title\" content=\"Mokslas Lenkijoje - Instytut Polski w Wilnie\" \/>\n<meta property=\"og:description\" content=\"Lenkija \u2013 i\u0161rad\u0117j\u0173 \u0161alis. Lenk\u0173 mokslininkai gali did\u017eiuotis reik\u0161mingais, pasaul\u012f pakeitusiais i\u0161radimais ir atradimais. I\u0161 Var\u0161uvos kilusi Maria Sk\u0142odowska-Curie, vis\u0173 laik\u0173 garsiausia mokslinink\u0117, iki \u0161iol lieka vienintele moterimi, du kartus apdovanota Nobelio premija (1903 ir 1911 m.), ir vieninteliu laureatu, gavusiu premij\u0105 u\u017e laim\u0117jimus dviejose gamtos moksl\u0173 srityse. Ji buvo pirmoji moteris, gavusi Nobelio chemijos [&hellip;]\" \/>\n<meta property=\"og:url\" content=\"https:\/\/instytutpolski.pl\/vilnius\/pazink-lenkija\/mokslas-lenkijoje\/\" \/>\n<meta property=\"og:site_name\" content=\"Instytut Polski w Wilnie\" \/>\n<meta property=\"article:modified_time\" content=\"2022-09-15T09:48:29+00:00\" \/>\n<meta property=\"og:image\" content=\"https:\/\/instytutpolski.pl\/vilnius\/wp-content\/uploads\/sites\/24\/2019\/06\/nauka-w-polsce.jpg\" \/>\n\t<meta property=\"og:image:width\" content=\"1920\" \/>\n\t<meta property=\"og:image:height\" content=\"700\" \/>\n\t<meta property=\"og:image:type\" content=\"image\/jpeg\" \/>\n<meta name=\"twitter:card\" content=\"summary_large_image\" \/>\n<meta name=\"twitter:label1\" content=\"Szacowany czas czytania\" \/>\n\t<meta name=\"twitter:data1\" content=\"1 minuta\" \/>\n<script type=\"application\/ld+json\" class=\"yoast-schema-graph\">{\"@context\":\"https:\/\/schema.org\",\"@graph\":[{\"@type\":\"WebPage\",\"@id\":\"https:\/\/instytutpolski.pl\/vilnius\/pazink-lenkija\/mokslas-lenkijoje\/\",\"url\":\"https:\/\/instytutpolski.pl\/vilnius\/pazink-lenkija\/mokslas-lenkijoje\/\",\"name\":\"Mokslas Lenkijoje - Instytut Polski w Wilnie\",\"isPartOf\":{\"@id\":\"https:\/\/instytutpolski.pl\/vilnius\/#website\"},\"primaryImageOfPage\":{\"@id\":\"https:\/\/instytutpolski.pl\/vilnius\/pazink-lenkija\/mokslas-lenkijoje\/#primaryimage\"},\"image\":{\"@id\":\"https:\/\/instytutpolski.pl\/vilnius\/pazink-lenkija\/mokslas-lenkijoje\/#primaryimage\"},\"thumbnailUrl\":\"https:\/\/instytutpolski.pl\/vilnius\/wp-content\/uploads\/sites\/24\/2019\/06\/nauka-w-polsce.jpg\",\"datePublished\":\"2019-06-27T09:02:47+00:00\",\"dateModified\":\"2022-09-15T09:48:29+00:00\",\"breadcrumb\":{\"@id\":\"https:\/\/instytutpolski.pl\/vilnius\/pazink-lenkija\/mokslas-lenkijoje\/#breadcrumb\"},\"inLanguage\":\"pl-PL\",\"potentialAction\":[{\"@type\":\"ReadAction\",\"target\":[\"https:\/\/instytutpolski.pl\/vilnius\/pazink-lenkija\/mokslas-lenkijoje\/\"]}]},{\"@type\":\"ImageObject\",\"inLanguage\":\"pl-PL\",\"@id\":\"https:\/\/instytutpolski.pl\/vilnius\/pazink-lenkija\/mokslas-lenkijoje\/#primaryimage\",\"url\":\"https:\/\/instytutpolski.pl\/vilnius\/wp-content\/uploads\/sites\/24\/2019\/06\/nauka-w-polsce.jpg\",\"contentUrl\":\"https:\/\/instytutpolski.pl\/vilnius\/wp-content\/uploads\/sites\/24\/2019\/06\/nauka-w-polsce.jpg\",\"width\":1920,\"height\":700},{\"@type\":\"BreadcrumbList\",\"@id\":\"https:\/\/instytutpolski.pl\/vilnius\/pazink-lenkija\/mokslas-lenkijoje\/#breadcrumb\",\"itemListElement\":[{\"@type\":\"ListItem\",\"position\":1,\"name\":\"Home\",\"item\":\"https:\/\/instytutpolski.pl\/vilnius\/\"},{\"@type\":\"ListItem\",\"position\":2,\"name\":\"Pa\u017eink Lenkij\u0105\",\"item\":\"https:\/\/instytutpolski.pl\/vilnius\/pazink-lenkija\/\"},{\"@type\":\"ListItem\",\"position\":3,\"name\":\"Mokslas Lenkijoje\"}]},{\"@type\":\"WebSite\",\"@id\":\"https:\/\/instytutpolski.pl\/vilnius\/#website\",\"url\":\"https:\/\/instytutpolski.pl\/vilnius\/\",\"name\":\"Instytut Polski w Wilnie\",\"description\":\"Instytuty Polskie\",\"potentialAction\":[{\"@type\":\"SearchAction\",\"target\":{\"@type\":\"EntryPoint\",\"urlTemplate\":\"https:\/\/instytutpolski.pl\/vilnius\/?s={search_term_string}\"},\"query-input\":{\"@type\":\"PropertyValueSpecification\",\"valueRequired\":true,\"valueName\":\"search_term_string\"}}],\"inLanguage\":\"pl-PL\"}]}<\/script>\n<!-- \/ Yoast SEO plugin. -->","yoast_head_json":{"title":"Mokslas Lenkijoje - Instytut Polski w Wilnie","robots":{"index":"index","follow":"follow","max-snippet":"max-snippet:-1","max-image-preview":"max-image-preview:large","max-video-preview":"max-video-preview:-1"},"canonical":"https:\/\/instytutpolski.pl\/vilnius\/pazink-lenkija\/mokslas-lenkijoje\/","og_locale":"pl_PL","og_type":"article","og_title":"Mokslas Lenkijoje - Instytut Polski w Wilnie","og_description":"Lenkija \u2013 i\u0161rad\u0117j\u0173 \u0161alis. Lenk\u0173 mokslininkai gali did\u017eiuotis reik\u0161mingais, pasaul\u012f pakeitusiais i\u0161radimais ir atradimais. I\u0161 Var\u0161uvos kilusi Maria Sk\u0142odowska-Curie, vis\u0173 laik\u0173 garsiausia mokslinink\u0117, iki \u0161iol lieka vienintele moterimi, du kartus apdovanota Nobelio premija (1903 ir 1911 m.), ir vieninteliu laureatu, gavusiu premij\u0105 u\u017e laim\u0117jimus dviejose gamtos moksl\u0173 srityse. Ji buvo pirmoji moteris, gavusi Nobelio chemijos [&hellip;]","og_url":"https:\/\/instytutpolski.pl\/vilnius\/pazink-lenkija\/mokslas-lenkijoje\/","og_site_name":"Instytut Polski w Wilnie","article_modified_time":"2022-09-15T09:48:29+00:00","og_image":[{"width":1920,"height":700,"url":"https:\/\/instytutpolski.pl\/vilnius\/wp-content\/uploads\/sites\/24\/2019\/06\/nauka-w-polsce.jpg","type":"image\/jpeg"}],"twitter_card":"summary_large_image","twitter_misc":{"Szacowany czas czytania":"1 minuta"},"schema":{"@context":"https:\/\/schema.org","@graph":[{"@type":"WebPage","@id":"https:\/\/instytutpolski.pl\/vilnius\/pazink-lenkija\/mokslas-lenkijoje\/","url":"https:\/\/instytutpolski.pl\/vilnius\/pazink-lenkija\/mokslas-lenkijoje\/","name":"Mokslas Lenkijoje - Instytut Polski w Wilnie","isPartOf":{"@id":"https:\/\/instytutpolski.pl\/vilnius\/#website"},"primaryImageOfPage":{"@id":"https:\/\/instytutpolski.pl\/vilnius\/pazink-lenkija\/mokslas-lenkijoje\/#primaryimage"},"image":{"@id":"https:\/\/instytutpolski.pl\/vilnius\/pazink-lenkija\/mokslas-lenkijoje\/#primaryimage"},"thumbnailUrl":"https:\/\/instytutpolski.pl\/vilnius\/wp-content\/uploads\/sites\/24\/2019\/06\/nauka-w-polsce.jpg","datePublished":"2019-06-27T09:02:47+00:00","dateModified":"2022-09-15T09:48:29+00:00","breadcrumb":{"@id":"https:\/\/instytutpolski.pl\/vilnius\/pazink-lenkija\/mokslas-lenkijoje\/#breadcrumb"},"inLanguage":"pl-PL","potentialAction":[{"@type":"ReadAction","target":["https:\/\/instytutpolski.pl\/vilnius\/pazink-lenkija\/mokslas-lenkijoje\/"]}]},{"@type":"ImageObject","inLanguage":"pl-PL","@id":"https:\/\/instytutpolski.pl\/vilnius\/pazink-lenkija\/mokslas-lenkijoje\/#primaryimage","url":"https:\/\/instytutpolski.pl\/vilnius\/wp-content\/uploads\/sites\/24\/2019\/06\/nauka-w-polsce.jpg","contentUrl":"https:\/\/instytutpolski.pl\/vilnius\/wp-content\/uploads\/sites\/24\/2019\/06\/nauka-w-polsce.jpg","width":1920,"height":700},{"@type":"BreadcrumbList","@id":"https:\/\/instytutpolski.pl\/vilnius\/pazink-lenkija\/mokslas-lenkijoje\/#breadcrumb","itemListElement":[{"@type":"ListItem","position":1,"name":"Home","item":"https:\/\/instytutpolski.pl\/vilnius\/"},{"@type":"ListItem","position":2,"name":"Pa\u017eink Lenkij\u0105","item":"https:\/\/instytutpolski.pl\/vilnius\/pazink-lenkija\/"},{"@type":"ListItem","position":3,"name":"Mokslas Lenkijoje"}]},{"@type":"WebSite","@id":"https:\/\/instytutpolski.pl\/vilnius\/#website","url":"https:\/\/instytutpolski.pl\/vilnius\/","name":"Instytut Polski w Wilnie","description":"Instytuty Polskie","potentialAction":[{"@type":"SearchAction","target":{"@type":"EntryPoint","urlTemplate":"https:\/\/instytutpolski.pl\/vilnius\/?s={search_term_string}"},"query-input":{"@type":"PropertyValueSpecification","valueRequired":true,"valueName":"search_term_string"}}],"inLanguage":"pl-PL"}]}},"_links":{"self":[{"href":"https:\/\/instytutpolski.pl\/vilnius\/wp-json\/wp\/v2\/pages\/490","targetHints":{"allow":["GET"]}}],"collection":[{"href":"https:\/\/instytutpolski.pl\/vilnius\/wp-json\/wp\/v2\/pages"}],"about":[{"href":"https:\/\/instytutpolski.pl\/vilnius\/wp-json\/wp\/v2\/types\/page"}],"author":[{"embeddable":true,"href":"https:\/\/instytutpolski.pl\/vilnius\/wp-json\/wp\/v2\/users\/1"}],"replies":[{"embeddable":true,"href":"https:\/\/instytutpolski.pl\/vilnius\/wp-json\/wp\/v2\/comments?post=490"}],"version-history":[{"count":19,"href":"https:\/\/instytutpolski.pl\/vilnius\/wp-json\/wp\/v2\/pages\/490\/revisions"}],"predecessor-version":[{"id":4195,"href":"https:\/\/instytutpolski.pl\/vilnius\/wp-json\/wp\/v2\/pages\/490\/revisions\/4195"}],"up":[{"embeddable":true,"href":"https:\/\/instytutpolski.pl\/vilnius\/wp-json\/wp\/v2\/pages\/452"}],"wp:featuredmedia":[{"embeddable":true,"href":"https:\/\/instytutpolski.pl\/vilnius\/wp-json\/wp\/v2\/media\/491"}],"wp:attachment":[{"href":"https:\/\/instytutpolski.pl\/vilnius\/wp-json\/wp\/v2\/media?parent=490"}],"curies":[{"name":"wp","href":"https:\/\/api.w.org\/{rel}","templated":true}]}}