{"id":496,"date":"2019-06-27T11:03:41","date_gmt":"2019-06-27T09:03:41","guid":{"rendered":"https:\/\/instytutpolski.pl\/wilno\/?page_id=496"},"modified":"2026-03-19T08:56:29","modified_gmt":"2026-03-19T07:56:29","slug":"lenkijos-aukstosios-mokyklos","status":"publish","type":"page","link":"https:\/\/instytutpolski.pl\/vilnius\/pazink-lenkija\/mokslas-lenkijoje\/lenkijos-aukstosios-mokyklos\/","title":{"rendered":"Lenkijos auk\u0161tosios mokyklos"},"content":{"rendered":"\n<h4>Universitetai:<\/h4>\n<ul>\n<li><strong>Var\u0161uvos universitetas<\/strong> <a class=\"js-external-link\" href=\"http:\/\/www.uw.edu.pl\/\" target=\"_blank\" rel=\"noopener\">Uniwersytet Warszawski<\/a><\/li>\n<li><strong>Balstog\u0117s universitetas <\/strong><a class=\"js-external-link\" href=\"http:\/\/www.uwb.edu.pl\/\" target=\"_blank\" rel=\"noopener\">Uniwersytet w Bia\u0142ymstoku<\/a><\/li>\n<li><strong>Gdansko universitetas <\/strong><a class=\"js-external-link\" href=\"http:\/\/www.univ.gda.pl\/\" target=\"_blank\" rel=\"noopener\">Uniwersytet Gda\u0144ski<\/a><\/li>\n<li><strong>Poznan\u0117s Adomo Mickevi\u010diaus universitetas <\/strong><a class=\"js-external-link\" href=\"http:\/\/www.amu.edu.pl\/\" target=\"_blank\" rel=\"noopener\">Uniwersytet im. Adama Mickiewicza w Poznaniu<\/a><\/li>\n<li><strong>Krokuvos Jogailos universitetas <\/strong><a class=\"js-external-link\" href=\"http:\/\/www.uj.edu.pl\/\" target=\"_blank\" rel=\"noopener\">Uniwersytet Jagiello\u0144ski w Krakowie<\/a><\/li>\n<li><strong>Lodz\u0117s universitetas <\/strong><a class=\"js-external-link\" href=\"http:\/\/www.uni.lodz.pl\/\" target=\"_blank\" rel=\"noopener\">Uniwersytet \u0141\u00f3dzki<\/a><\/li>\n<li><strong>Liublino Marijos Sk\u0142odowskos-Curie universitetas <\/strong><a class=\"js-external-link\" href=\"http:\/\/www.umcs.lublin.pl\/\" target=\"_blank\" rel=\"noopener\">Uniwersytet Marii Curie-Sk\u0142odowskiej w Lublinie<\/a><\/li>\n<li><strong>Torun\u0117s Mikalojaus Koperniko universitetas <\/strong><a class=\"js-external-link\" href=\"http:\/\/www.uni.torun.pl\/\" target=\"_blank\" rel=\"noopener\">Uniwersytet Miko\u0142aja Kopernika w Toruniu<\/a><\/li>\n<li><strong>Opol\u0117s universitetas <\/strong><a class=\"js-external-link\" href=\"http:\/\/www.uni.opole.pl\/\" target=\"_blank\" rel=\"noopener\">Uniwersytet Opolski<\/a><\/li>\n<li><strong>\u0160\u010decino universitetas <\/strong><a class=\"js-external-link\" href=\"http:\/\/www.univ.szczecin.pl\/\" target=\"_blank\" rel=\"noopener\">Uniwersytet Szczeci\u0144ski<\/a><\/li>\n<li><strong>Katovic\u0173 Silezijos universitetas <\/strong><a class=\"js-external-link\" href=\"http:\/\/www.us.edu.pl\/\" target=\"_blank\" rel=\"noopener\">Uniwersytet \u015al\u0105ski w Katowicach<\/a><\/li>\n<li><strong>\u017de\u0161uvo universitetas\u00a0<\/strong><a class=\"js-external-link\" href=\"http:\/\/ur.edu.pl\/\" target=\"_blank\" rel=\"noopener\">Uniwersytet Rzeszowski<\/a><\/li>\n<li><strong>Ol\u0161tyno Varmijos Moz\u016br\u0173 universitetas <\/strong><a class=\"js-external-link\" href=\"http:\/\/www.uwm.edu.pl\/\" target=\"_blank\" rel=\"noopener\">Uniwersytet Warmi\u0144sko-Mazurski w Olsztynie<\/a><\/li>\n<li><strong>Vroclavo universitetas <\/strong><a class=\"js-external-link\" href=\"http:\/\/www.uni.wroc.pl\/\" target=\"_blank\" rel=\"noopener\">Uniwersytet Wroc\u0142awski<\/a><\/li>\n<li><strong>Var\u0161uvos kardinolo Stefano Wyszy\u0144skio universitetas <\/strong><a class=\"js-external-link\" href=\"http:\/\/www.uksw.edu.pl\/\" target=\"_blank\" rel=\"noopener\">Uniwersytet Kardyna\u0142a Stefana Wyszy\u0144skiego w Warszawie<\/a><\/li>\n<li><strong>Zeliona Guros universitetas <\/strong><a class=\"js-external-link\" href=\"http:\/\/www.uz.zgora.pl\/\" target=\"_blank\" rel=\"noopener\">Uniwersytet Zielonog\u00f3rski<\/a><\/li>\n<li><strong>Bydgo\u0161\u010diaus Kazimiero Did\u017eiojo universitetas <\/strong><a class=\"js-external-link\" href=\"http:\/\/www.ukw.edu.pl\/\" target=\"_blank\" rel=\"noopener\">Uniwersytet Kazimierza Wielkiego w Bydgoszczy<\/a><\/li>\n<li><strong>Kelc\u0173 Jano Kochanowskio universitetas <\/strong><a class=\"js-external-link\" href=\"http:\/\/www.pu.kielce.pl\/\" target=\"_blank\" rel=\"noopener\">Uniwersytet Jana Kochanowskiego w Kielcach<\/a><\/li>\n<\/ul>\n<h4>Auk\u0161tosios technikos mokyklos:<\/h4>\n<ul>\n<li><strong>\u0160\u010decino Vakar\u0173 Pamario technologijos universitetas<\/strong> <a class=\"js-external-link\" href=\"http:\/\/www.zut.edu.pl\/\" target=\"_blank\" rel=\"noopener\">Zachodniopomorski Uniwersytet Technologiczny w Szczecinie<\/a><\/li>\n<li><strong>Var\u0161uvos technikos universitetas <\/strong><a class=\"js-external-link\" href=\"http:\/\/www.pw.edu.pl\/\" target=\"_blank\" rel=\"noopener\">Politechnika Warszawska<\/a><\/li>\n<li><strong>Balstog\u0117s technikos universitetas <\/strong><a class=\"js-external-link\" href=\"https:\/\/pb.edu.pl\/kandydaci\/\" target=\"_blank\" rel=\"noopener\">Politechnika Bia\u0142ostocka<\/a><\/li>\n<li><strong>Belsko Bialos technikos ir humanitarini\u0173 moksl\u0173 akademija <\/strong><a class=\"js-external-link\" href=\"http:\/\/www.ath.bielsko.pl\/\" target=\"_blank\" rel=\"noopener\">Akademia Techniczno-Humanistyczna w Bielsku-Bia\u0142ej<\/a><\/li>\n<li><strong>\u010censtakavos technikos universitetas <\/strong><a class=\"js-external-link\" href=\"http:\/\/www.pcz.pl\/\" target=\"_blank\" rel=\"noopener\">Politechnika Cz\u0119stochowska<\/a><\/li>\n<li><strong>Gdansko technikos universitetas <\/strong><a class=\"js-external-link\" href=\"http:\/\/www.pg.gda.pl\/\" target=\"_blank\" rel=\"noopener\">Politechnika Gda\u0144ska<\/a><\/li>\n<li><strong>Glivic\u0173 Silezijos technikos universitetas <\/strong><a class=\"js-external-link\" href=\"http:\/\/www.polsl.pl\/\" target=\"_blank\" rel=\"noopener\">Politechnika \u015al\u0105ska (Gliwice)<\/a><\/li>\n<li><strong>Kelc\u0173 technikos universitetas <\/strong><a class=\"js-external-link\" href=\"http:\/\/www.tu.kielce.pl\/\" target=\"_blank\" rel=\"noopener\">Politechnika \u015awi\u0119tokrzyska w Kielcach<\/a><\/li>\n<li><strong>Ko\u0161alino technikos universitetas<\/strong> <a class=\"js-external-link\" href=\"http:\/\/www.tu.koszalin.pl\/\" target=\"_blank\" rel=\"noopener\">Politechnika Koszali\u0144ska<\/a><\/li>\n<li><strong>Krokuvos Tado Kosciu\u0161kos technikos universitetas <\/strong><a class=\"js-external-link\" href=\"http:\/\/www.pk.edu.pl\/\" target=\"_blank\" rel=\"noopener\">Politechnika Krakowska im. Tadeusza Ko\u015bciuszki<\/a><\/li>\n<li><strong>Krokuvos Stanis\u0142awo Staszico kalnakasybos ir metalurgijos akademija <\/strong><a class=\"js-external-link\" href=\"http:\/\/www.agh.edu.pl\/\" target=\"_blank\" rel=\"noopener\">Akademia G\u00f3rniczo-Hutnicza im. Stanis\u0142awa Staszica w Krakowie<\/a><\/li>\n<li><strong>Liublino technikos universitetas<\/strong> <a class=\"js-external-link\" href=\"http:\/\/www.pollub.pl\/\" target=\"_blank\" rel=\"noopener\">Politechnika Lubelska<\/a><\/li>\n<li><strong>Lodz\u0117s technikos universitetas <\/strong><a class=\"js-external-link\" href=\"http:\/\/www.p.lodz.pl\/\" target=\"_blank\" rel=\"noopener\">Politechnika \u0141\u00f3dzka<\/a><\/li>\n<li><strong>Opol\u0117s technikos universitetas<\/strong> <a class=\"js-external-link\" href=\"http:\/\/www.po.opole.pl\/\" target=\"_blank\" rel=\"noopener\">Politechnika Opolska<\/a><\/li>\n<li><strong>Poznan\u0117s technikos universitetas<\/strong> <a class=\"js-external-link\" href=\"http:\/\/www.put.poznan.pl\/\" target=\"_blank\" rel=\"noopener\">Politechnika Pozna\u0144ska<\/a><\/li>\n<li><strong>Radomo Kazimierzo Pu\u0142askio technologijos ir humanitarini\u0173 moksl\u0173 universitetas <\/strong><a class=\"js-external-link\" href=\"http:\/\/www.pr.radom.pl\/\" target=\"_blank\" rel=\"noopener\">Uniwersytet Technologiczno-Humanistyczny im. Kazimierza Pu\u0142askiego w Radomiu<\/a><\/li>\n<li><strong>\u017de\u0161uvo Ignaco \u0141<\/strong><strong>ukasiewicziaus technikos universitetas<\/strong> <a class=\"js-external-link\" href=\"http:\/\/www.prz.rzeszow.pl\/\" target=\"_blank\" rel=\"noopener\">Politechnika Rzeszowska im. Ignacego \u0141ukasiewicza<\/a><\/li>\n<li><strong>Vroclavo technikos universitetas <\/strong><a class=\"js-external-link\" href=\"http:\/\/www.pwr.wroc.pl\/\" target=\"_blank\" rel=\"noopener\">Politechnika Wroc\u0142awska<\/a><\/li>\n<\/ul>\n<h4>Auk\u0161tosios ekonomikos mokyklos:<\/h4>\n<ul>\n<li><strong>Katovic\u0173 ekonomikos universitetas <\/strong><a class=\"js-external-link\" href=\"http:\/\/www.ae.katowice.pl\/\" target=\"_blank\" rel=\"noopener\">Uniwersytet Ekonomiczny w Katowicach<\/a><\/li>\n<li><strong>Krokuvos ekonomikos universitetas\u00a0<\/strong><a class=\"js-external-link\" href=\"http:\/\/www.ae.krakow.pl\/\" target=\"_blank\" rel=\"noopener\">Uniwersytet Ekonomiczny w Krakowie<\/a><\/li>\n<li><strong>Poznan\u0117s ekonomikos universitetas <\/strong><a class=\"js-external-link\" title=\"Uniwersytet Ekonomiczny w Poznaniu (Link otworzy si\u0119 w nowym oknie)\" href=\"http:\/\/ue.poznan.pl\/pl\/\" target=\"_blank\" rel=\"noopener\">Uniwersytet Ekonomiczny w Poznaniu<\/a><\/li>\n<li><strong>Var\u0161uvos ekonomikos mokykla <\/strong><a class=\"js-external-link\" href=\"http:\/\/www.sgh.waw.pl\/\" target=\"_blank\" rel=\"noopener\">Szko\u0142a G\u0142\u00f3wna Handlowa w Warszawie<\/a><\/li>\n<li><strong>Vroclavo ekonomikos universitetas <\/strong><a class=\"js-external-link\" href=\"http:\/\/www.ae.wroc.pl\/\" target=\"_blank\" rel=\"noopener\">Uniwersytet Ekonomiczny we Wroc\u0142awiu<\/a><\/li>\n<\/ul>\n<h4>Auk\u0161tosios pedagogikos mokyklos:<\/h4>\n<ul>\n<li><strong>Var\u0161uvos Marijos Grzegorzewskos specialiosios pedagogikos akademija<\/strong> <a class=\"js-external-link\" href=\"http:\/\/www.aps.edu.pl\/\" target=\"_blank\" rel=\"noopener\">Akademia Pedagogiki Specjalnej im. Marii Grzegorzewskiej (Warszawa)<\/a><\/li>\n<li><strong>\u010censtakavos Jano D\u0142ugoszo humanitarini\u0173 ir gamtos moksl\u0173 universitetas<\/strong> <a class=\"js-external-link\" href=\"http:\/\/www.ujd.edu.pl\/\" target=\"_blank\" rel=\"noopener\">Uniwersytet Humanistyczno-Przyrodniczy im. Jana D\u0142ugosza w Cz\u0119stochowie<\/a><\/li>\n<li><strong>Krokuvos Nacionalin\u0117s mokslo komisijos pedagoginis universitetas <\/strong><a class=\"js-external-link\" href=\"http:\/\/www.ap.krakow.pl\/\" target=\"_blank\" rel=\"noopener\">Uniwersytet Pedagogiczny im. Komisji Edukacji Narodowej w Krakowie<\/a><\/li>\n<li><strong>Slupsko Pamario akademija<\/strong> <a class=\"js-external-link\" href=\"http:\/\/www.apsl.edu.pl\/\" target=\"_blank\" rel=\"noopener\">Akademia Pomorska w S\u0142upsku<\/a><\/li>\n<li><strong>Sedlci\u0173 gamtos ir humanitarini\u0173 moksl\u0173 universitetas<\/strong> <a class=\"external-link-new-window js-external-link\" title=\"www.uph.edu.pl\" href=\"http:\/\/www.uph.edu.pl\/\" target=\"_blank\" rel=\"noopener\">Uniwersytet Przyrodniczo-Humanistyczny w Siedlcach<\/a><\/li>\n<\/ul>\n<h4>Auk\u0161tosios \u017eem\u0117s \u016bkio\/gamtos moksl\u0173 mokyklos:<\/h4>\n<ul>\n<li><strong>Var\u0161uvos \u017eem\u0117s \u016bkio mokykla<\/strong> <a class=\"js-external-link\" href=\"http:\/\/www.sggw.waw.pl\/\" target=\"_blank\" rel=\"noopener\">Szko\u0142a G\u0142\u00f3wna Gospodarstwa Wiejskiego w Warszawie<\/a><\/li>\n<li><strong>Bydgo\u0161\u010diaus Jano ir J\u0119drzejaus \u015aniadecki\u0173 technikos univerasitetas<\/strong> <a href=\"https:\/\/www.utp.edu.pl\/pl\/\">Politechnika Bydgoska im. Jana i J\u0119drzeja \u015aniadeckich<\/a><\/li>\n<li><strong>Krokuvos Hugono Ko\u0142\u0142\u0105tajaus \u017eem\u0117s \u016bkio universitetas<\/strong> <a class=\"js-external-link\" title=\"http:\/\/www.ur.krakow.pl\/ (Link otworzy si\u0119 w nowym oknie)\" href=\"http:\/\/www.ur.krakow.pl\/\" target=\"_blank\" rel=\"noopener\">Uniwersytet Rolniczy im. Hugona Ko\u0142\u0142\u0105taja w Krakowie<\/a><\/li>\n<li><strong>Liublino gamtos moksl\u0173 universitetas <\/strong><a class=\"js-external-link\" href=\"http:\/\/www.ar.lublin.pl\/\" target=\"_blank\" rel=\"noopener\">Uniwersytet Przyrodniczy w Lublinie<\/a><\/li>\n<li><strong>Poznan\u0117s gamtos moksl\u0173 universitetas <\/strong><a class=\"js-external-link\" href=\"http:\/\/www.au.poznan.pl\/\" target=\"_blank\" rel=\"noopener\">Uniwersytet Przyrodniczy w Poznaniu<\/a><\/li>\n<li><strong>Vroclavo gamtos moksl\u0173 universitetas <\/strong><a class=\"js-external-link\" href=\"http:\/\/www.ar.wroc.pl\/\" target=\"_blank\" rel=\"noopener\">Uniwersytet Przyrodniczy we Wroc\u0142awiu<\/a><\/li>\n<\/ul>\n<h4>Auk\u0161tosios fizinio lavinimo mokyklos:<\/h4>\n<ul>\n<li><strong>Gdansko J\u0119drzejaus \u015aniadeckio fizinio lavinimo ir sporto akademija <\/strong><a class=\"js-external-link\" href=\"http:\/\/www.awf.gda.pl\/\" target=\"_blank\" rel=\"noopener\">Akademia Wychowania Fizycznego i Sportu im. J\u0119drzeja \u015aniadeckiego w Gda\u0144sku<\/a><\/li>\n<li><strong>Katovic\u0173 Jerzio Kukuczkos fizinio lavinimo akademija <\/strong><a class=\"js-external-link\" href=\"http:\/\/www.awf.katowice.pl\/\" target=\"_blank\" rel=\"noopener\">Akademia Wychowania Fizycznego im. Jerzego Kukuczki w Katowicach<\/a><\/li>\n<li><strong>Krokuvos Beronis\u0142awo Czecho fizinio lavinimo akademija <\/strong><a class=\"js-external-link\" href=\"http:\/\/www.awf.krakow.pl\/\" target=\"_blank\" rel=\"noopener\">Akademia Wychowania Fizycznego im. Bronis\u0142awa Czecha w Krakowie<\/a><\/li>\n<li><strong>Poznan\u0117s Eugeniuszo Piaseckio fizinio lavinimo akademija <\/strong><a class=\"js-external-link\" href=\"http:\/\/www.awf.poznan.pl\/\" target=\"_blank\" rel=\"noopener\">Akademia Wychowania Fizycznego im. Eugeniusza Piaseckiego w Poznaniu<\/a><\/li>\n<li><strong>Var\u0161uvos J\u00f3zefo Pi\u0142sudskio fizinio lavinimo akademija <\/strong><a class=\"js-external-link\" href=\"http:\/\/www.awf.edu.pl\/\" target=\"_blank\" rel=\"noopener\">Akademia Wychowania Fizycznego J\u00f3zefa Pi\u0142sudskiego w Warszawie<\/a><\/li>\n<li><strong>Vroclavo fizinio lavinimo akademija <\/strong><a class=\"js-external-link\" href=\"http:\/\/www.awf.wroc.pl\/\" target=\"_blank\" rel=\"noopener\">Akademia Wychowania Fizycznego we Wroc\u0142awiu<\/a><\/li>\n<\/ul>\n<h4>Auk\u0161tosios teologijos mokyklos:<\/h4>\n<ul>\n<li><strong>Var\u0161uvos kataliki\u0161koji teologijos akademija <\/strong><a class=\"js-external-link\" href=\"http:\/\/www.chat.edu.pl\/\" target=\"_blank\" rel=\"noopener\">Chrze\u015bcija\u0144ska Akademia Teologiczna w Warszawie<\/a><\/li>\n<\/ul>\n","protected":false},"excerpt":{"rendered":"<p>Universitetai: Var\u0161uvos universitetas Uniwersytet Warszawski Balstog\u0117s universitetas Uniwersytet w Bia\u0142ymstoku Gdansko universitetas Uniwersytet Gda\u0144ski Poznan\u0117s Adomo Mickevi\u010diaus universitetas Uniwersytet im. Adama Mickiewicza w Poznaniu Krokuvos Jogailos universitetas Uniwersytet Jagiello\u0144ski w Krakowie Lodz\u0117s universitetas Uniwersytet \u0141\u00f3dzki Liublino Marijos Sk\u0142odowskos-Curie universitetas Uniwersytet Marii Curie-Sk\u0142odowskiej w Lublinie Torun\u0117s Mikalojaus Koperniko universitetas Uniwersytet Miko\u0142aja Kopernika w Toruniu Opol\u0117s universitetas [&hellip;]<\/p>\n","protected":false},"author":1,"featured_media":497,"parent":490,"menu_order":0,"comment_status":"closed","ping_status":"closed","template":"","meta":{"inline_featured_image":false,"_monsterinsights_skip_tracking":false,"_monsterinsights_sitenote_active":false,"_monsterinsights_sitenote_note":"","_monsterinsights_sitenote_category":0,"footnotes":""},"class_list":["post-496","page","type-page","status-publish","has-post-thumbnail","hentry"],"yoast_head":"<!-- This site is optimized with the Yoast SEO plugin v24.6 - https:\/\/yoast.com\/wordpress\/plugins\/seo\/ -->\n<title>Lenkijos auk\u0161tosios mokyklos - Instytut Polski w Wilnie<\/title>\n<meta name=\"robots\" content=\"index, follow, max-snippet:-1, max-image-preview:large, max-video-preview:-1\" \/>\n<link rel=\"canonical\" href=\"https:\/\/instytutpolski.pl\/vilnius\/pazink-lenkija\/mokslas-lenkijoje\/lenkijos-aukstosios-mokyklos\/\" \/>\n<meta property=\"og:locale\" content=\"pl_PL\" \/>\n<meta property=\"og:type\" content=\"article\" \/>\n<meta property=\"og:title\" content=\"Lenkijos auk\u0161tosios mokyklos - Instytut Polski w Wilnie\" \/>\n<meta property=\"og:description\" content=\"Universitetai: Var\u0161uvos universitetas Uniwersytet Warszawski Balstog\u0117s universitetas Uniwersytet w Bia\u0142ymstoku Gdansko universitetas Uniwersytet Gda\u0144ski Poznan\u0117s Adomo Mickevi\u010diaus universitetas Uniwersytet im. Adama Mickiewicza w Poznaniu Krokuvos Jogailos universitetas Uniwersytet Jagiello\u0144ski w Krakowie Lodz\u0117s universitetas Uniwersytet \u0141\u00f3dzki Liublino Marijos Sk\u0142odowskos-Curie universitetas Uniwersytet Marii Curie-Sk\u0142odowskiej w Lublinie Torun\u0117s Mikalojaus Koperniko universitetas Uniwersytet Miko\u0142aja Kopernika w Toruniu Opol\u0117s universitetas [&hellip;]\" \/>\n<meta property=\"og:url\" content=\"https:\/\/instytutpolski.pl\/vilnius\/pazink-lenkija\/mokslas-lenkijoje\/lenkijos-aukstosios-mokyklos\/\" \/>\n<meta property=\"og:site_name\" content=\"Instytut Polski w Wilnie\" \/>\n<meta property=\"article:modified_time\" content=\"2026-03-19T07:56:29+00:00\" \/>\n<meta property=\"og:image\" content=\"https:\/\/instytutpolski.pl\/vilnius\/wp-content\/uploads\/sites\/24\/2019\/06\/polskie-uczelnie.jpg\" \/>\n\t<meta property=\"og:image:width\" content=\"1920\" \/>\n\t<meta property=\"og:image:height\" content=\"700\" \/>\n\t<meta property=\"og:image:type\" content=\"image\/jpeg\" \/>\n<meta name=\"twitter:card\" content=\"summary_large_image\" \/>\n<meta name=\"twitter:label1\" content=\"Szacowany czas czytania\" \/>\n\t<meta name=\"twitter:data1\" content=\"4 minuty\" \/>\n<script type=\"application\/ld+json\" class=\"yoast-schema-graph\">{\"@context\":\"https:\/\/schema.org\",\"@graph\":[{\"@type\":\"WebPage\",\"@id\":\"https:\/\/instytutpolski.pl\/vilnius\/pazink-lenkija\/mokslas-lenkijoje\/lenkijos-aukstosios-mokyklos\/\",\"url\":\"https:\/\/instytutpolski.pl\/vilnius\/pazink-lenkija\/mokslas-lenkijoje\/lenkijos-aukstosios-mokyklos\/\",\"name\":\"Lenkijos auk\u0161tosios mokyklos - Instytut Polski w Wilnie\",\"isPartOf\":{\"@id\":\"https:\/\/instytutpolski.pl\/vilnius\/#website\"},\"primaryImageOfPage\":{\"@id\":\"https:\/\/instytutpolski.pl\/vilnius\/pazink-lenkija\/mokslas-lenkijoje\/lenkijos-aukstosios-mokyklos\/#primaryimage\"},\"image\":{\"@id\":\"https:\/\/instytutpolski.pl\/vilnius\/pazink-lenkija\/mokslas-lenkijoje\/lenkijos-aukstosios-mokyklos\/#primaryimage\"},\"thumbnailUrl\":\"https:\/\/instytutpolski.pl\/vilnius\/wp-content\/uploads\/sites\/24\/2019\/06\/polskie-uczelnie.jpg\",\"datePublished\":\"2019-06-27T09:03:41+00:00\",\"dateModified\":\"2026-03-19T07:56:29+00:00\",\"breadcrumb\":{\"@id\":\"https:\/\/instytutpolski.pl\/vilnius\/pazink-lenkija\/mokslas-lenkijoje\/lenkijos-aukstosios-mokyklos\/#breadcrumb\"},\"inLanguage\":\"pl-PL\",\"potentialAction\":[{\"@type\":\"ReadAction\",\"target\":[\"https:\/\/instytutpolski.pl\/vilnius\/pazink-lenkija\/mokslas-lenkijoje\/lenkijos-aukstosios-mokyklos\/\"]}]},{\"@type\":\"ImageObject\",\"inLanguage\":\"pl-PL\",\"@id\":\"https:\/\/instytutpolski.pl\/vilnius\/pazink-lenkija\/mokslas-lenkijoje\/lenkijos-aukstosios-mokyklos\/#primaryimage\",\"url\":\"https:\/\/instytutpolski.pl\/vilnius\/wp-content\/uploads\/sites\/24\/2019\/06\/polskie-uczelnie.jpg\",\"contentUrl\":\"https:\/\/instytutpolski.pl\/vilnius\/wp-content\/uploads\/sites\/24\/2019\/06\/polskie-uczelnie.jpg\",\"width\":1920,\"height\":700},{\"@type\":\"BreadcrumbList\",\"@id\":\"https:\/\/instytutpolski.pl\/vilnius\/pazink-lenkija\/mokslas-lenkijoje\/lenkijos-aukstosios-mokyklos\/#breadcrumb\",\"itemListElement\":[{\"@type\":\"ListItem\",\"position\":1,\"name\":\"Home\",\"item\":\"https:\/\/instytutpolski.pl\/vilnius\/\"},{\"@type\":\"ListItem\",\"position\":2,\"name\":\"Pa\u017eink Lenkij\u0105\",\"item\":\"https:\/\/instytutpolski.pl\/vilnius\/pazink-lenkija\/\"},{\"@type\":\"ListItem\",\"position\":3,\"name\":\"Mokslas Lenkijoje\",\"item\":\"https:\/\/instytutpolski.pl\/vilnius\/pazink-lenkija\/mokslas-lenkijoje\/\"},{\"@type\":\"ListItem\",\"position\":4,\"name\":\"Lenkijos auk\u0161tosios mokyklos\"}]},{\"@type\":\"WebSite\",\"@id\":\"https:\/\/instytutpolski.pl\/vilnius\/#website\",\"url\":\"https:\/\/instytutpolski.pl\/vilnius\/\",\"name\":\"Instytut Polski w Wilnie\",\"description\":\"Instytuty Polskie\",\"potentialAction\":[{\"@type\":\"SearchAction\",\"target\":{\"@type\":\"EntryPoint\",\"urlTemplate\":\"https:\/\/instytutpolski.pl\/vilnius\/?s={search_term_string}\"},\"query-input\":{\"@type\":\"PropertyValueSpecification\",\"valueRequired\":true,\"valueName\":\"search_term_string\"}}],\"inLanguage\":\"pl-PL\"}]}<\/script>\n<!-- \/ Yoast SEO plugin. -->","yoast_head_json":{"title":"Lenkijos auk\u0161tosios mokyklos - Instytut Polski w Wilnie","robots":{"index":"index","follow":"follow","max-snippet":"max-snippet:-1","max-image-preview":"max-image-preview:large","max-video-preview":"max-video-preview:-1"},"canonical":"https:\/\/instytutpolski.pl\/vilnius\/pazink-lenkija\/mokslas-lenkijoje\/lenkijos-aukstosios-mokyklos\/","og_locale":"pl_PL","og_type":"article","og_title":"Lenkijos auk\u0161tosios mokyklos - Instytut Polski w Wilnie","og_description":"Universitetai: Var\u0161uvos universitetas Uniwersytet Warszawski Balstog\u0117s universitetas Uniwersytet w Bia\u0142ymstoku Gdansko universitetas Uniwersytet Gda\u0144ski Poznan\u0117s Adomo Mickevi\u010diaus universitetas Uniwersytet im. Adama Mickiewicza w Poznaniu Krokuvos Jogailos universitetas Uniwersytet Jagiello\u0144ski w Krakowie Lodz\u0117s universitetas Uniwersytet \u0141\u00f3dzki Liublino Marijos Sk\u0142odowskos-Curie universitetas Uniwersytet Marii Curie-Sk\u0142odowskiej w Lublinie Torun\u0117s Mikalojaus Koperniko universitetas Uniwersytet Miko\u0142aja Kopernika w Toruniu Opol\u0117s universitetas [&hellip;]","og_url":"https:\/\/instytutpolski.pl\/vilnius\/pazink-lenkija\/mokslas-lenkijoje\/lenkijos-aukstosios-mokyklos\/","og_site_name":"Instytut Polski w Wilnie","article_modified_time":"2026-03-19T07:56:29+00:00","og_image":[{"width":1920,"height":700,"url":"https:\/\/instytutpolski.pl\/vilnius\/wp-content\/uploads\/sites\/24\/2019\/06\/polskie-uczelnie.jpg","type":"image\/jpeg"}],"twitter_card":"summary_large_image","twitter_misc":{"Szacowany czas czytania":"4 minuty"},"schema":{"@context":"https:\/\/schema.org","@graph":[{"@type":"WebPage","@id":"https:\/\/instytutpolski.pl\/vilnius\/pazink-lenkija\/mokslas-lenkijoje\/lenkijos-aukstosios-mokyklos\/","url":"https:\/\/instytutpolski.pl\/vilnius\/pazink-lenkija\/mokslas-lenkijoje\/lenkijos-aukstosios-mokyklos\/","name":"Lenkijos auk\u0161tosios mokyklos - Instytut Polski w Wilnie","isPartOf":{"@id":"https:\/\/instytutpolski.pl\/vilnius\/#website"},"primaryImageOfPage":{"@id":"https:\/\/instytutpolski.pl\/vilnius\/pazink-lenkija\/mokslas-lenkijoje\/lenkijos-aukstosios-mokyklos\/#primaryimage"},"image":{"@id":"https:\/\/instytutpolski.pl\/vilnius\/pazink-lenkija\/mokslas-lenkijoje\/lenkijos-aukstosios-mokyklos\/#primaryimage"},"thumbnailUrl":"https:\/\/instytutpolski.pl\/vilnius\/wp-content\/uploads\/sites\/24\/2019\/06\/polskie-uczelnie.jpg","datePublished":"2019-06-27T09:03:41+00:00","dateModified":"2026-03-19T07:56:29+00:00","breadcrumb":{"@id":"https:\/\/instytutpolski.pl\/vilnius\/pazink-lenkija\/mokslas-lenkijoje\/lenkijos-aukstosios-mokyklos\/#breadcrumb"},"inLanguage":"pl-PL","potentialAction":[{"@type":"ReadAction","target":["https:\/\/instytutpolski.pl\/vilnius\/pazink-lenkija\/mokslas-lenkijoje\/lenkijos-aukstosios-mokyklos\/"]}]},{"@type":"ImageObject","inLanguage":"pl-PL","@id":"https:\/\/instytutpolski.pl\/vilnius\/pazink-lenkija\/mokslas-lenkijoje\/lenkijos-aukstosios-mokyklos\/#primaryimage","url":"https:\/\/instytutpolski.pl\/vilnius\/wp-content\/uploads\/sites\/24\/2019\/06\/polskie-uczelnie.jpg","contentUrl":"https:\/\/instytutpolski.pl\/vilnius\/wp-content\/uploads\/sites\/24\/2019\/06\/polskie-uczelnie.jpg","width":1920,"height":700},{"@type":"BreadcrumbList","@id":"https:\/\/instytutpolski.pl\/vilnius\/pazink-lenkija\/mokslas-lenkijoje\/lenkijos-aukstosios-mokyklos\/#breadcrumb","itemListElement":[{"@type":"ListItem","position":1,"name":"Home","item":"https:\/\/instytutpolski.pl\/vilnius\/"},{"@type":"ListItem","position":2,"name":"Pa\u017eink Lenkij\u0105","item":"https:\/\/instytutpolski.pl\/vilnius\/pazink-lenkija\/"},{"@type":"ListItem","position":3,"name":"Mokslas Lenkijoje","item":"https:\/\/instytutpolski.pl\/vilnius\/pazink-lenkija\/mokslas-lenkijoje\/"},{"@type":"ListItem","position":4,"name":"Lenkijos auk\u0161tosios mokyklos"}]},{"@type":"WebSite","@id":"https:\/\/instytutpolski.pl\/vilnius\/#website","url":"https:\/\/instytutpolski.pl\/vilnius\/","name":"Instytut Polski w Wilnie","description":"Instytuty Polskie","potentialAction":[{"@type":"SearchAction","target":{"@type":"EntryPoint","urlTemplate":"https:\/\/instytutpolski.pl\/vilnius\/?s={search_term_string}"},"query-input":{"@type":"PropertyValueSpecification","valueRequired":true,"valueName":"search_term_string"}}],"inLanguage":"pl-PL"}]}},"_links":{"self":[{"href":"https:\/\/instytutpolski.pl\/vilnius\/wp-json\/wp\/v2\/pages\/496","targetHints":{"allow":["GET"]}}],"collection":[{"href":"https:\/\/instytutpolski.pl\/vilnius\/wp-json\/wp\/v2\/pages"}],"about":[{"href":"https:\/\/instytutpolski.pl\/vilnius\/wp-json\/wp\/v2\/types\/page"}],"author":[{"embeddable":true,"href":"https:\/\/instytutpolski.pl\/vilnius\/wp-json\/wp\/v2\/users\/1"}],"replies":[{"embeddable":true,"href":"https:\/\/instytutpolski.pl\/vilnius\/wp-json\/wp\/v2\/comments?post=496"}],"version-history":[{"count":6,"href":"https:\/\/instytutpolski.pl\/vilnius\/wp-json\/wp\/v2\/pages\/496\/revisions"}],"predecessor-version":[{"id":8724,"href":"https:\/\/instytutpolski.pl\/vilnius\/wp-json\/wp\/v2\/pages\/496\/revisions\/8724"}],"up":[{"embeddable":true,"href":"https:\/\/instytutpolski.pl\/vilnius\/wp-json\/wp\/v2\/pages\/490"}],"wp:featuredmedia":[{"embeddable":true,"href":"https:\/\/instytutpolski.pl\/vilnius\/wp-json\/wp\/v2\/media\/497"}],"wp:attachment":[{"href":"https:\/\/instytutpolski.pl\/vilnius\/wp-json\/wp\/v2\/media?parent=496"}],"curies":[{"name":"wp","href":"https:\/\/api.w.org\/{rel}","templated":true}]}}