{"id":500,"date":"2019-06-27T11:03:58","date_gmt":"2019-06-27T09:03:58","guid":{"rendered":"https:\/\/instytutpolski.pl\/wilno\/?page_id=500"},"modified":"2022-09-15T10:06:01","modified_gmt":"2022-09-15T08:06:01","slug":"issilavinimo-pripazinimo-taisykles","status":"publish","type":"page","link":"https:\/\/instytutpolski.pl\/vilnius\/pazink-lenkija\/mokslas-lenkijoje\/issilavinimo-pripazinimo-taisykles\/","title":{"rendered":"I\u0161silavinimo pripa\u017einimo taisykl\u0117s"},"content":{"rendered":"\n<p>Turintiems ES \u0161alies, OECD ar EFTA auk\u0161tojo \u0161vietimo sistemos pripa\u017eintos institucijos i\u0161duot\u0105 diplom\u0105 baigus:<\/p>\n<p>3 m. studijas ar pirmos pakopos studijas, trunkan\u010dias ma\u017eiausiai 3 m., Lenkijoje <strong>pripa\u017e\u012fstamas pirmos pakopos auk\u0161tasis i\u0161silavinimas<\/strong>;<\/p>\n<p>antros pakopos studijas arba vientis\u0105sias studijas, trunkan\u010dias ma\u017eiausiai 4 m., <strong>pripa\u017e\u012fstamas antros pakopos auk\u0161tasis i\u0161silavinimas<\/strong>.<\/p>\n<p>Daugiau informacijos: <a href=\"https:\/\/study.gov.pl\/recognition-degrees-0\">study.gov.pl\/recognition-degrees-0<\/a>.<\/p>\n","protected":false},"excerpt":{"rendered":"<p>Turintiems ES \u0161alies, OECD ar EFTA auk\u0161tojo \u0161vietimo sistemos pripa\u017eintos institucijos i\u0161duot\u0105 diplom\u0105 baigus: 3 m. studijas ar pirmos pakopos studijas, trunkan\u010dias ma\u017eiausiai 3 m., Lenkijoje pripa\u017e\u012fstamas pirmos pakopos auk\u0161tasis i\u0161silavinimas; antros pakopos studijas arba vientis\u0105sias studijas, trunkan\u010dias ma\u017eiausiai 4 m., pripa\u017e\u012fstamas antros pakopos auk\u0161tasis i\u0161silavinimas. Daugiau informacijos: study.gov.pl\/recognition-degrees-0.<\/p>\n","protected":false},"author":1,"featured_media":0,"parent":490,"menu_order":0,"comment_status":"closed","ping_status":"closed","template":"","meta":{"inline_featured_image":false,"_monsterinsights_skip_tracking":false,"_monsterinsights_sitenote_active":false,"_monsterinsights_sitenote_note":"","_monsterinsights_sitenote_category":0,"footnotes":""},"class_list":["post-500","page","type-page","status-publish","hentry"],"yoast_head":"<!-- This site is optimized with the Yoast SEO plugin v24.6 - https:\/\/yoast.com\/wordpress\/plugins\/seo\/ -->\n<title>I\u0161silavinimo pripa\u017einimo taisykl\u0117s - Instytut Polski w Wilnie<\/title>\n<meta name=\"robots\" content=\"index, follow, max-snippet:-1, max-image-preview:large, max-video-preview:-1\" \/>\n<link rel=\"canonical\" href=\"https:\/\/instytutpolski.pl\/vilnius\/pazink-lenkija\/mokslas-lenkijoje\/issilavinimo-pripazinimo-taisykles\/\" \/>\n<meta property=\"og:locale\" content=\"pl_PL\" \/>\n<meta property=\"og:type\" content=\"article\" \/>\n<meta property=\"og:title\" content=\"I\u0161silavinimo pripa\u017einimo taisykl\u0117s - Instytut Polski w Wilnie\" \/>\n<meta property=\"og:description\" content=\"Turintiems ES \u0161alies, OECD ar EFTA auk\u0161tojo \u0161vietimo sistemos pripa\u017eintos institucijos i\u0161duot\u0105 diplom\u0105 baigus: 3 m. studijas ar pirmos pakopos studijas, trunkan\u010dias ma\u017eiausiai 3 m., Lenkijoje pripa\u017e\u012fstamas pirmos pakopos auk\u0161tasis i\u0161silavinimas; antros pakopos studijas arba vientis\u0105sias studijas, trunkan\u010dias ma\u017eiausiai 4 m., pripa\u017e\u012fstamas antros pakopos auk\u0161tasis i\u0161silavinimas. Daugiau informacijos: study.gov.pl\/recognition-degrees-0.\" \/>\n<meta property=\"og:url\" content=\"https:\/\/instytutpolski.pl\/vilnius\/pazink-lenkija\/mokslas-lenkijoje\/issilavinimo-pripazinimo-taisykles\/\" \/>\n<meta property=\"og:site_name\" content=\"Instytut Polski w Wilnie\" \/>\n<meta property=\"article:modified_time\" content=\"2022-09-15T08:06:01+00:00\" \/>\n<meta name=\"twitter:card\" content=\"summary_large_image\" \/>\n<meta name=\"twitter:label1\" content=\"Szacowany czas czytania\" \/>\n\t<meta name=\"twitter:data1\" content=\"1 minuta\" \/>\n<script type=\"application\/ld+json\" class=\"yoast-schema-graph\">{\"@context\":\"https:\/\/schema.org\",\"@graph\":[{\"@type\":\"WebPage\",\"@id\":\"https:\/\/instytutpolski.pl\/vilnius\/pazink-lenkija\/mokslas-lenkijoje\/issilavinimo-pripazinimo-taisykles\/\",\"url\":\"https:\/\/instytutpolski.pl\/vilnius\/pazink-lenkija\/mokslas-lenkijoje\/issilavinimo-pripazinimo-taisykles\/\",\"name\":\"I\u0161silavinimo pripa\u017einimo taisykl\u0117s - Instytut Polski w Wilnie\",\"isPartOf\":{\"@id\":\"https:\/\/instytutpolski.pl\/vilnius\/#website\"},\"datePublished\":\"2019-06-27T09:03:58+00:00\",\"dateModified\":\"2022-09-15T08:06:01+00:00\",\"breadcrumb\":{\"@id\":\"https:\/\/instytutpolski.pl\/vilnius\/pazink-lenkija\/mokslas-lenkijoje\/issilavinimo-pripazinimo-taisykles\/#breadcrumb\"},\"inLanguage\":\"pl-PL\",\"potentialAction\":[{\"@type\":\"ReadAction\",\"target\":[\"https:\/\/instytutpolski.pl\/vilnius\/pazink-lenkija\/mokslas-lenkijoje\/issilavinimo-pripazinimo-taisykles\/\"]}]},{\"@type\":\"BreadcrumbList\",\"@id\":\"https:\/\/instytutpolski.pl\/vilnius\/pazink-lenkija\/mokslas-lenkijoje\/issilavinimo-pripazinimo-taisykles\/#breadcrumb\",\"itemListElement\":[{\"@type\":\"ListItem\",\"position\":1,\"name\":\"Home\",\"item\":\"https:\/\/instytutpolski.pl\/vilnius\/\"},{\"@type\":\"ListItem\",\"position\":2,\"name\":\"Pa\u017eink Lenkij\u0105\",\"item\":\"https:\/\/instytutpolski.pl\/vilnius\/pazink-lenkija\/\"},{\"@type\":\"ListItem\",\"position\":3,\"name\":\"Mokslas Lenkijoje\",\"item\":\"https:\/\/instytutpolski.pl\/vilnius\/pazink-lenkija\/mokslas-lenkijoje\/\"},{\"@type\":\"ListItem\",\"position\":4,\"name\":\"I\u0161silavinimo pripa\u017einimo taisykl\u0117s\"}]},{\"@type\":\"WebSite\",\"@id\":\"https:\/\/instytutpolski.pl\/vilnius\/#website\",\"url\":\"https:\/\/instytutpolski.pl\/vilnius\/\",\"name\":\"Instytut Polski w Wilnie\",\"description\":\"Instytuty Polskie\",\"potentialAction\":[{\"@type\":\"SearchAction\",\"target\":{\"@type\":\"EntryPoint\",\"urlTemplate\":\"https:\/\/instytutpolski.pl\/vilnius\/?s={search_term_string}\"},\"query-input\":{\"@type\":\"PropertyValueSpecification\",\"valueRequired\":true,\"valueName\":\"search_term_string\"}}],\"inLanguage\":\"pl-PL\"}]}<\/script>\n<!-- \/ Yoast SEO plugin. -->","yoast_head_json":{"title":"I\u0161silavinimo pripa\u017einimo taisykl\u0117s - Instytut Polski w Wilnie","robots":{"index":"index","follow":"follow","max-snippet":"max-snippet:-1","max-image-preview":"max-image-preview:large","max-video-preview":"max-video-preview:-1"},"canonical":"https:\/\/instytutpolski.pl\/vilnius\/pazink-lenkija\/mokslas-lenkijoje\/issilavinimo-pripazinimo-taisykles\/","og_locale":"pl_PL","og_type":"article","og_title":"I\u0161silavinimo pripa\u017einimo taisykl\u0117s - Instytut Polski w Wilnie","og_description":"Turintiems ES \u0161alies, OECD ar EFTA auk\u0161tojo \u0161vietimo sistemos pripa\u017eintos institucijos i\u0161duot\u0105 diplom\u0105 baigus: 3 m. studijas ar pirmos pakopos studijas, trunkan\u010dias ma\u017eiausiai 3 m., Lenkijoje pripa\u017e\u012fstamas pirmos pakopos auk\u0161tasis i\u0161silavinimas; antros pakopos studijas arba vientis\u0105sias studijas, trunkan\u010dias ma\u017eiausiai 4 m., pripa\u017e\u012fstamas antros pakopos auk\u0161tasis i\u0161silavinimas. Daugiau informacijos: study.gov.pl\/recognition-degrees-0.","og_url":"https:\/\/instytutpolski.pl\/vilnius\/pazink-lenkija\/mokslas-lenkijoje\/issilavinimo-pripazinimo-taisykles\/","og_site_name":"Instytut Polski w Wilnie","article_modified_time":"2022-09-15T08:06:01+00:00","twitter_card":"summary_large_image","twitter_misc":{"Szacowany czas czytania":"1 minuta"},"schema":{"@context":"https:\/\/schema.org","@graph":[{"@type":"WebPage","@id":"https:\/\/instytutpolski.pl\/vilnius\/pazink-lenkija\/mokslas-lenkijoje\/issilavinimo-pripazinimo-taisykles\/","url":"https:\/\/instytutpolski.pl\/vilnius\/pazink-lenkija\/mokslas-lenkijoje\/issilavinimo-pripazinimo-taisykles\/","name":"I\u0161silavinimo pripa\u017einimo taisykl\u0117s - Instytut Polski w Wilnie","isPartOf":{"@id":"https:\/\/instytutpolski.pl\/vilnius\/#website"},"datePublished":"2019-06-27T09:03:58+00:00","dateModified":"2022-09-15T08:06:01+00:00","breadcrumb":{"@id":"https:\/\/instytutpolski.pl\/vilnius\/pazink-lenkija\/mokslas-lenkijoje\/issilavinimo-pripazinimo-taisykles\/#breadcrumb"},"inLanguage":"pl-PL","potentialAction":[{"@type":"ReadAction","target":["https:\/\/instytutpolski.pl\/vilnius\/pazink-lenkija\/mokslas-lenkijoje\/issilavinimo-pripazinimo-taisykles\/"]}]},{"@type":"BreadcrumbList","@id":"https:\/\/instytutpolski.pl\/vilnius\/pazink-lenkija\/mokslas-lenkijoje\/issilavinimo-pripazinimo-taisykles\/#breadcrumb","itemListElement":[{"@type":"ListItem","position":1,"name":"Home","item":"https:\/\/instytutpolski.pl\/vilnius\/"},{"@type":"ListItem","position":2,"name":"Pa\u017eink Lenkij\u0105","item":"https:\/\/instytutpolski.pl\/vilnius\/pazink-lenkija\/"},{"@type":"ListItem","position":3,"name":"Mokslas Lenkijoje","item":"https:\/\/instytutpolski.pl\/vilnius\/pazink-lenkija\/mokslas-lenkijoje\/"},{"@type":"ListItem","position":4,"name":"I\u0161silavinimo pripa\u017einimo taisykl\u0117s"}]},{"@type":"WebSite","@id":"https:\/\/instytutpolski.pl\/vilnius\/#website","url":"https:\/\/instytutpolski.pl\/vilnius\/","name":"Instytut Polski w Wilnie","description":"Instytuty Polskie","potentialAction":[{"@type":"SearchAction","target":{"@type":"EntryPoint","urlTemplate":"https:\/\/instytutpolski.pl\/vilnius\/?s={search_term_string}"},"query-input":{"@type":"PropertyValueSpecification","valueRequired":true,"valueName":"search_term_string"}}],"inLanguage":"pl-PL"}]}},"_links":{"self":[{"href":"https:\/\/instytutpolski.pl\/vilnius\/wp-json\/wp\/v2\/pages\/500","targetHints":{"allow":["GET"]}}],"collection":[{"href":"https:\/\/instytutpolski.pl\/vilnius\/wp-json\/wp\/v2\/pages"}],"about":[{"href":"https:\/\/instytutpolski.pl\/vilnius\/wp-json\/wp\/v2\/types\/page"}],"author":[{"embeddable":true,"href":"https:\/\/instytutpolski.pl\/vilnius\/wp-json\/wp\/v2\/users\/1"}],"replies":[{"embeddable":true,"href":"https:\/\/instytutpolski.pl\/vilnius\/wp-json\/wp\/v2\/comments?post=500"}],"version-history":[{"count":4,"href":"https:\/\/instytutpolski.pl\/vilnius\/wp-json\/wp\/v2\/pages\/500\/revisions"}],"predecessor-version":[{"id":4151,"href":"https:\/\/instytutpolski.pl\/vilnius\/wp-json\/wp\/v2\/pages\/500\/revisions\/4151"}],"up":[{"embeddable":true,"href":"https:\/\/instytutpolski.pl\/vilnius\/wp-json\/wp\/v2\/pages\/490"}],"wp:attachment":[{"href":"https:\/\/instytutpolski.pl\/vilnius\/wp-json\/wp\/v2\/media?parent=500"}],"curies":[{"name":"wp","href":"https:\/\/api.w.org\/{rel}","templated":true}]}}