{"id":516,"date":"2019-06-27T11:05:36","date_gmt":"2019-06-27T09:05:36","guid":{"rendered":"https:\/\/instytutpolski.pl\/wilno\/?page_id=516"},"modified":"2025-06-23T13:26:37","modified_gmt":"2025-06-23T11:26:37","slug":"studiuj-w-polsce","status":"publish","type":"page","link":"https:\/\/instytutpolski.pl\/vilnius\/pl\/poznaj-polske\/nauka-w-polsce\/studiuj-w-polsce\/","title":{"rendered":"Studiuj w Polsce"},"content":{"rendered":"\n<p><strong>Dlaczego warto studiowa\u0107 w Polsce \u2013 5 POWOD\u00d3W<\/strong><\/p>\n<p>\u00a0<\/p>\n<p><strong>1. TRADYCJA<\/strong><br \/>Polskie tradycje uniwersyteckie s\u0105 jednymi z najstarszych w Europie. W 1364 roku kr\u00f3l Kazimierz Wielki za\u0142o\u017cy\u0142 Akademi\u0119 Krakowsk\u0105 znan\u0105 dzi\u015b jako Uniwersytet Jagiello\u0144ski. Akademia Krakowska to jedna z najstarszych uczelni na \u015bwiecie, wzoruj\u0105ca si\u0119 na akademiach w Bolonii i Padwie. By\u0142 to drugi uniwersytet po uczelni w Pradze za\u0142o\u017cony w Europie \u015arodkowej. Oko\u0142o dwa wieki p\u00f3\u017aniej, w 1579 roku, kr\u00f3l Stefan Batory przekszta\u0142ci\u0142 istniej\u0105ce w Wilnie kolegium jezuickie w Akademi\u0119 Wile\u0144sk\u0105, a w roku 1661 kr\u00f3l Polski Jan Kazimierz przekszta\u0142ci\u0142 kolegium jezuickie funkcjonuj\u0105ce we Lwowie w Akademi\u0119 Lwowsk\u0105. Tak wi\u0119c ju\u017c pod koniec XVII wieku Kr\u00f3lestwa Polski i Litwy mia\u0142y trzy kwitn\u0105ce uczelnie kszta\u0142c\u0105ce student\u00f3w z kraju i z zagranicy.<\/p>\n<p><strong>2. NOWOCZESNO\u015a\u0106<\/strong><br \/>Polski system szkolnictwa wy\u017cszego szybko si\u0119 rozwija. Polska zajmuje czwarte miejsce w Europie (po Wielkiej Brytanii, Niemczech i Francji) pod wzgl\u0119dem liczby os\u00f3b zapisanych do szk\u00f3\u0142 wy\u017cszych. Og\u00f3\u0142em liczba student\u00f3w w ponad 400 szko\u0142ach wy\u017cszych wynosi prawie 2 miliony. Co roku prawie p\u00f3\u0142 miliona m\u0142odych ludzi wst\u0119puje w progi uczelni. Polskie szko\u0142y wy\u017csze oferuj\u0105 ponad 600 kierunk\u00f3w studi\u00f3w, kt\u00f3re stanowi\u0105 integraln\u0105 cz\u0119\u015b\u0107 Europejskiego Obszaru Szkolnictwa Wy\u017cszego. Wi\u0119kszo\u015b\u0107 szk\u00f3\u0142 oferuje kursy w j\u0119zykach obcych.<\/p>\n<p><strong>3. PROCES BOLO\u0143SKI<\/strong><br \/>Polska bierze aktywny udzia\u0142 w Procesie Bolo\u0144skim. Dzi\u0119ki wprowadzeniu tr\u00f3jstopniowego szkolnictwa wy\u017cszego ukszta\u0142towanego w oparciu o podzia\u0142 na studia licencjackie\/magisterskie\/doktoranckie, a tak\u017ce o Europejski System Transferu i Akumulacji Punkt\u00f3w (ECTS), zar\u00f3wno studenci polscy, jak i cudzoziemcy studiuj\u0105cy w Polsce zachowuj\u0105 pe\u0142n\u0105 mobilno\u015b\u0107 i mog\u0105 bez \u017cadnych problem\u00f3w kontynuowa\u0107 nauk\u0119 w innym kraju Unii Europejskiej. W ramach samego programu Erasmus, kt\u00f3ry ma ju\u017c ponad 20-letni\u0105 tradycj\u0119, na studia w Polsce przyjecha\u0142o ponad 43 tysi\u0105ce student\u00f3w zagranicznych, podczas gdy oko\u0142o 100 tysi\u0119cy student\u00f3w z Polski odby\u0142o cz\u0119\u015b\u0107 studi\u00f3w w innym kraju Unii Europejskiej. Studenci zagraniczni przyje\u017cd\u017caj\u0105cy do Polski otrzymuj\u0105 atrakcyjne i zr\u00f3\u017cnicowane mo\u017cliwo\u015bci kszta\u0142cenia, spe\u0142niaj\u0105ce wysokie europejskie standardy. Mog\u0105 studiowa\u0107 medycyn\u0119, biotechnologi\u0119 i in\u017cynieri\u0119, ale tak\u017ce sztuk\u0119 i ekonomi\u0119. Dyplom zdobyty po uko\u0144czeniu studi\u00f3w jest uznawany nie tylko w ca\u0142ej Europie, ale tak\u017ce na \u015bwiecie.<\/p>\n<p><strong>4. WYSOKI POZIOM KSZTA\u0141CENIA<\/strong><br \/>Polski system szkolnictwa wy\u017cszego jest dobrze rozwini\u0119ty. Poziom kszta\u0142cenia jest stale monitorowany i regularnie poddawany ocenie. G\u0142\u00f3wne instytucje odpowiedzialne za zapewnienie jako\u015bci szkolnictwa wy\u017cszego to: Polska Komisja Akredytacyjna, Rada G\u0142\u00f3wna Nauki i Szkolnictwa Wy\u017cszego oraz Konferencja Rektor\u00f3w Akademickich Szk\u00f3\u0142 Polskich. W Polsce oferowanych jest ponad 5 tysi\u0119cy kierunk\u00f3w studi\u00f3w i ka\u017cdy z nich musia\u0142 uzyska\u0107 aprobat\u0119\u00a0Polskiej Komisji Akredytacyjnej. W\u015br\u00f3d nich jest wiele kierunk\u00f3w, kt\u00f3re otrzyma\u0142y ocen\u0119 wyr\u00f3\u017cniaj\u0105c\u0105. Lista ocen kierunk\u00f3w studi\u00f3w jest dost\u0119pna na stronie internetowej <a href=\"http:\/\/www.pka.edu.pl\/?q=en\/oceny\">Polskiej Komisji Akredytacyjnej<\/a>.<\/p>\n<p><strong>5. KONKURENCYJNE CENY ZAKWATEROWANIA I STUDIOWANIA<\/strong><br \/>W por\u00f3wnaniu do innych kraj\u00f3w UE op\u0142aty z tytu\u0142u czesnego s\u0105 w Polsce bardzo konkurencyjne, a koszty utrzymania s\u0105 u\u0142amkiem tego, co student zagraniczny musia\u0142by wyda\u0107 w innych krajach europejskich. Wi\u0119cej informacji na ten temat mo\u017cna znale\u017a\u0107\u00a0<a href=\"http:\/\/go-poland.pl\/pl\/koszty-utrzymania-w-polsce\">tutaj<\/a>.<br \/>\u00a0<\/p>\n<p>Wi\u0119cej informacji na portalu\u00a0<a href=\"https:\/\/nawa.gov.pl\/nawa\">NARODOWIEJ\u00a0AGENCJI\u00a0WYMIANY AKADEMICKIEJ<\/a><\/p>\n","protected":false},"excerpt":{"rendered":"<p>Dlaczego warto studiowa\u0107 w Polsce \u2013 5 POWOD\u00d3W \u00a0 1. TRADYCJAPolskie tradycje uniwersyteckie s\u0105 jednymi z najstarszych w Europie. W 1364 roku kr\u00f3l Kazimierz Wielki za\u0142o\u017cy\u0142 Akademi\u0119 Krakowsk\u0105 znan\u0105 dzi\u015b jako Uniwersytet Jagiello\u0144ski. Akademia Krakowska to jedna z najstarszych uczelni na \u015bwiecie, wzoruj\u0105ca si\u0119 na akademiach w Bolonii i Padwie. By\u0142 to drugi uniwersytet po [&hellip;]<\/p>\n","protected":false},"author":1,"featured_media":513,"parent":494,"menu_order":0,"comment_status":"closed","ping_status":"closed","template":"","meta":{"inline_featured_image":false,"_monsterinsights_skip_tracking":false,"_monsterinsights_sitenote_active":false,"_monsterinsights_sitenote_note":"","_monsterinsights_sitenote_category":0,"footnotes":""},"class_list":["post-516","page","type-page","status-publish","has-post-thumbnail","hentry"],"yoast_head":"<!-- This site is optimized with the Yoast SEO plugin v24.6 - https:\/\/yoast.com\/wordpress\/plugins\/seo\/ -->\n<title>Studiuj w Polsce - Instytut Polski w Wilnie<\/title>\n<meta name=\"robots\" content=\"index, follow, max-snippet:-1, max-image-preview:large, max-video-preview:-1\" \/>\n<link rel=\"canonical\" href=\"https:\/\/instytutpolski.pl\/vilnius\/pl\/poznaj-polske\/nauka-w-polsce\/studiuj-w-polsce\/\" \/>\n<meta property=\"og:locale\" content=\"pl_PL\" \/>\n<meta property=\"og:type\" content=\"article\" \/>\n<meta property=\"og:title\" content=\"Studiuj w Polsce - Instytut Polski w Wilnie\" \/>\n<meta property=\"og:description\" content=\"Dlaczego warto studiowa\u0107 w Polsce \u2013 5 POWOD\u00d3W \u00a0 1. TRADYCJAPolskie tradycje uniwersyteckie s\u0105 jednymi z najstarszych w Europie. W 1364 roku kr\u00f3l Kazimierz Wielki za\u0142o\u017cy\u0142 Akademi\u0119 Krakowsk\u0105 znan\u0105 dzi\u015b jako Uniwersytet Jagiello\u0144ski. Akademia Krakowska to jedna z najstarszych uczelni na \u015bwiecie, wzoruj\u0105ca si\u0119 na akademiach w Bolonii i Padwie. By\u0142 to drugi uniwersytet po [&hellip;]\" \/>\n<meta property=\"og:url\" content=\"https:\/\/instytutpolski.pl\/vilnius\/pl\/poznaj-polske\/nauka-w-polsce\/studiuj-w-polsce\/\" \/>\n<meta property=\"og:site_name\" content=\"Instytut Polski w Wilnie\" \/>\n<meta property=\"article:modified_time\" content=\"2025-06-23T11:26:37+00:00\" \/>\n<meta property=\"og:image\" content=\"https:\/\/instytutpolski.pl\/vilnius\/wp-content\/uploads\/sites\/24\/2019\/06\/studiuj-w-polsce.jpg\" \/>\n\t<meta property=\"og:image:width\" content=\"1920\" \/>\n\t<meta property=\"og:image:height\" content=\"700\" \/>\n\t<meta property=\"og:image:type\" content=\"image\/jpeg\" \/>\n<meta name=\"twitter:card\" content=\"summary_large_image\" \/>\n<meta name=\"twitter:label1\" content=\"Szacowany czas czytania\" \/>\n\t<meta name=\"twitter:data1\" content=\"4 minuty\" \/>\n<script type=\"application\/ld+json\" class=\"yoast-schema-graph\">{\"@context\":\"https:\/\/schema.org\",\"@graph\":[{\"@type\":\"WebPage\",\"@id\":\"https:\/\/instytutpolski.pl\/vilnius\/pl\/poznaj-polske\/nauka-w-polsce\/studiuj-w-polsce\/\",\"url\":\"https:\/\/instytutpolski.pl\/vilnius\/pl\/poznaj-polske\/nauka-w-polsce\/studiuj-w-polsce\/\",\"name\":\"Studiuj w Polsce - Instytut Polski w Wilnie\",\"isPartOf\":{\"@id\":\"https:\/\/instytutpolski.pl\/vilnius\/#website\"},\"primaryImageOfPage\":{\"@id\":\"https:\/\/instytutpolski.pl\/vilnius\/pl\/poznaj-polske\/nauka-w-polsce\/studiuj-w-polsce\/#primaryimage\"},\"image\":{\"@id\":\"https:\/\/instytutpolski.pl\/vilnius\/pl\/poznaj-polske\/nauka-w-polsce\/studiuj-w-polsce\/#primaryimage\"},\"thumbnailUrl\":\"https:\/\/instytutpolski.pl\/vilnius\/wp-content\/uploads\/sites\/24\/2019\/06\/studiuj-w-polsce.jpg\",\"datePublished\":\"2019-06-27T09:05:36+00:00\",\"dateModified\":\"2025-06-23T11:26:37+00:00\",\"breadcrumb\":{\"@id\":\"https:\/\/instytutpolski.pl\/vilnius\/pl\/poznaj-polske\/nauka-w-polsce\/studiuj-w-polsce\/#breadcrumb\"},\"inLanguage\":\"pl-PL\",\"potentialAction\":[{\"@type\":\"ReadAction\",\"target\":[\"https:\/\/instytutpolski.pl\/vilnius\/pl\/poznaj-polske\/nauka-w-polsce\/studiuj-w-polsce\/\"]}]},{\"@type\":\"ImageObject\",\"inLanguage\":\"pl-PL\",\"@id\":\"https:\/\/instytutpolski.pl\/vilnius\/pl\/poznaj-polske\/nauka-w-polsce\/studiuj-w-polsce\/#primaryimage\",\"url\":\"https:\/\/instytutpolski.pl\/vilnius\/wp-content\/uploads\/sites\/24\/2019\/06\/studiuj-w-polsce.jpg\",\"contentUrl\":\"https:\/\/instytutpolski.pl\/vilnius\/wp-content\/uploads\/sites\/24\/2019\/06\/studiuj-w-polsce.jpg\",\"width\":1920,\"height\":700},{\"@type\":\"BreadcrumbList\",\"@id\":\"https:\/\/instytutpolski.pl\/vilnius\/pl\/poznaj-polske\/nauka-w-polsce\/studiuj-w-polsce\/#breadcrumb\",\"itemListElement\":[{\"@type\":\"ListItem\",\"position\":1,\"name\":\"Home\",\"item\":\"https:\/\/instytutpolski.pl\/vilnius\/\"},{\"@type\":\"ListItem\",\"position\":2,\"name\":\"Poznaj Polsk\u0119\",\"item\":\"https:\/\/instytutpolski.pl\/vilnius\/pl\/poznaj-polske\/\"},{\"@type\":\"ListItem\",\"position\":3,\"name\":\"Nauka w Polsce\",\"item\":\"https:\/\/instytutpolski.pl\/vilnius\/pl\/poznaj-polske\/nauka-w-polsce\/\"},{\"@type\":\"ListItem\",\"position\":4,\"name\":\"Studiuj w Polsce\"}]},{\"@type\":\"WebSite\",\"@id\":\"https:\/\/instytutpolski.pl\/vilnius\/#website\",\"url\":\"https:\/\/instytutpolski.pl\/vilnius\/\",\"name\":\"Instytut Polski w Wilnie\",\"description\":\"Instytuty Polskie\",\"potentialAction\":[{\"@type\":\"SearchAction\",\"target\":{\"@type\":\"EntryPoint\",\"urlTemplate\":\"https:\/\/instytutpolski.pl\/vilnius\/?s={search_term_string}\"},\"query-input\":{\"@type\":\"PropertyValueSpecification\",\"valueRequired\":true,\"valueName\":\"search_term_string\"}}],\"inLanguage\":\"pl-PL\"}]}<\/script>\n<!-- \/ Yoast SEO plugin. -->","yoast_head_json":{"title":"Studiuj w Polsce - Instytut Polski w Wilnie","robots":{"index":"index","follow":"follow","max-snippet":"max-snippet:-1","max-image-preview":"max-image-preview:large","max-video-preview":"max-video-preview:-1"},"canonical":"https:\/\/instytutpolski.pl\/vilnius\/pl\/poznaj-polske\/nauka-w-polsce\/studiuj-w-polsce\/","og_locale":"pl_PL","og_type":"article","og_title":"Studiuj w Polsce - Instytut Polski w Wilnie","og_description":"Dlaczego warto studiowa\u0107 w Polsce \u2013 5 POWOD\u00d3W \u00a0 1. TRADYCJAPolskie tradycje uniwersyteckie s\u0105 jednymi z najstarszych w Europie. W 1364 roku kr\u00f3l Kazimierz Wielki za\u0142o\u017cy\u0142 Akademi\u0119 Krakowsk\u0105 znan\u0105 dzi\u015b jako Uniwersytet Jagiello\u0144ski. Akademia Krakowska to jedna z najstarszych uczelni na \u015bwiecie, wzoruj\u0105ca si\u0119 na akademiach w Bolonii i Padwie. By\u0142 to drugi uniwersytet po [&hellip;]","og_url":"https:\/\/instytutpolski.pl\/vilnius\/pl\/poznaj-polske\/nauka-w-polsce\/studiuj-w-polsce\/","og_site_name":"Instytut Polski w Wilnie","article_modified_time":"2025-06-23T11:26:37+00:00","og_image":[{"width":1920,"height":700,"url":"https:\/\/instytutpolski.pl\/vilnius\/wp-content\/uploads\/sites\/24\/2019\/06\/studiuj-w-polsce.jpg","type":"image\/jpeg"}],"twitter_card":"summary_large_image","twitter_misc":{"Szacowany czas czytania":"4 minuty"},"schema":{"@context":"https:\/\/schema.org","@graph":[{"@type":"WebPage","@id":"https:\/\/instytutpolski.pl\/vilnius\/pl\/poznaj-polske\/nauka-w-polsce\/studiuj-w-polsce\/","url":"https:\/\/instytutpolski.pl\/vilnius\/pl\/poznaj-polske\/nauka-w-polsce\/studiuj-w-polsce\/","name":"Studiuj w Polsce - Instytut Polski w Wilnie","isPartOf":{"@id":"https:\/\/instytutpolski.pl\/vilnius\/#website"},"primaryImageOfPage":{"@id":"https:\/\/instytutpolski.pl\/vilnius\/pl\/poznaj-polske\/nauka-w-polsce\/studiuj-w-polsce\/#primaryimage"},"image":{"@id":"https:\/\/instytutpolski.pl\/vilnius\/pl\/poznaj-polske\/nauka-w-polsce\/studiuj-w-polsce\/#primaryimage"},"thumbnailUrl":"https:\/\/instytutpolski.pl\/vilnius\/wp-content\/uploads\/sites\/24\/2019\/06\/studiuj-w-polsce.jpg","datePublished":"2019-06-27T09:05:36+00:00","dateModified":"2025-06-23T11:26:37+00:00","breadcrumb":{"@id":"https:\/\/instytutpolski.pl\/vilnius\/pl\/poznaj-polske\/nauka-w-polsce\/studiuj-w-polsce\/#breadcrumb"},"inLanguage":"pl-PL","potentialAction":[{"@type":"ReadAction","target":["https:\/\/instytutpolski.pl\/vilnius\/pl\/poznaj-polske\/nauka-w-polsce\/studiuj-w-polsce\/"]}]},{"@type":"ImageObject","inLanguage":"pl-PL","@id":"https:\/\/instytutpolski.pl\/vilnius\/pl\/poznaj-polske\/nauka-w-polsce\/studiuj-w-polsce\/#primaryimage","url":"https:\/\/instytutpolski.pl\/vilnius\/wp-content\/uploads\/sites\/24\/2019\/06\/studiuj-w-polsce.jpg","contentUrl":"https:\/\/instytutpolski.pl\/vilnius\/wp-content\/uploads\/sites\/24\/2019\/06\/studiuj-w-polsce.jpg","width":1920,"height":700},{"@type":"BreadcrumbList","@id":"https:\/\/instytutpolski.pl\/vilnius\/pl\/poznaj-polske\/nauka-w-polsce\/studiuj-w-polsce\/#breadcrumb","itemListElement":[{"@type":"ListItem","position":1,"name":"Home","item":"https:\/\/instytutpolski.pl\/vilnius\/"},{"@type":"ListItem","position":2,"name":"Poznaj Polsk\u0119","item":"https:\/\/instytutpolski.pl\/vilnius\/pl\/poznaj-polske\/"},{"@type":"ListItem","position":3,"name":"Nauka w Polsce","item":"https:\/\/instytutpolski.pl\/vilnius\/pl\/poznaj-polske\/nauka-w-polsce\/"},{"@type":"ListItem","position":4,"name":"Studiuj w Polsce"}]},{"@type":"WebSite","@id":"https:\/\/instytutpolski.pl\/vilnius\/#website","url":"https:\/\/instytutpolski.pl\/vilnius\/","name":"Instytut Polski w Wilnie","description":"Instytuty Polskie","potentialAction":[{"@type":"SearchAction","target":{"@type":"EntryPoint","urlTemplate":"https:\/\/instytutpolski.pl\/vilnius\/?s={search_term_string}"},"query-input":{"@type":"PropertyValueSpecification","valueRequired":true,"valueName":"search_term_string"}}],"inLanguage":"pl-PL"}]}},"_links":{"self":[{"href":"https:\/\/instytutpolski.pl\/vilnius\/wp-json\/wp\/v2\/pages\/516","targetHints":{"allow":["GET"]}}],"collection":[{"href":"https:\/\/instytutpolski.pl\/vilnius\/wp-json\/wp\/v2\/pages"}],"about":[{"href":"https:\/\/instytutpolski.pl\/vilnius\/wp-json\/wp\/v2\/types\/page"}],"author":[{"embeddable":true,"href":"https:\/\/instytutpolski.pl\/vilnius\/wp-json\/wp\/v2\/users\/1"}],"replies":[{"embeddable":true,"href":"https:\/\/instytutpolski.pl\/vilnius\/wp-json\/wp\/v2\/comments?post=516"}],"version-history":[{"count":5,"href":"https:\/\/instytutpolski.pl\/vilnius\/wp-json\/wp\/v2\/pages\/516\/revisions"}],"predecessor-version":[{"id":7684,"href":"https:\/\/instytutpolski.pl\/vilnius\/wp-json\/wp\/v2\/pages\/516\/revisions\/7684"}],"up":[{"embeddable":true,"href":"https:\/\/instytutpolski.pl\/vilnius\/wp-json\/wp\/v2\/pages\/494"}],"wp:featuredmedia":[{"embeddable":true,"href":"https:\/\/instytutpolski.pl\/vilnius\/wp-json\/wp\/v2\/media\/513"}],"wp:attachment":[{"href":"https:\/\/instytutpolski.pl\/vilnius\/wp-json\/wp\/v2\/media?parent=516"}],"curies":[{"name":"wp","href":"https:\/\/api.w.org\/{rel}","templated":true}]}}