{"id":524,"date":"2026-01-14T14:36:46","date_gmt":"2026-01-14T13:36:46","guid":{"rendered":"https:\/\/instytutpolski.pl\/wilno\/?page_id=524"},"modified":"2026-01-14T14:39:24","modified_gmt":"2026-01-14T13:39:24","slug":"lenkijos-instituto-organizuojami-lenku-kalbos-kursai","status":"publish","type":"page","link":"https:\/\/instytutpolski.pl\/vilnius\/lenku-kalba\/lenkijos-instituto-organizuojami-lenku-kalbos-kursai\/","title":{"rendered":"Lenkijos instituto organizuojami lenk\u0173 kalbos kursai"},"content":{"rendered":"\n<div class=\"xdj266r x14z9mp xat24cr x1lziwak x1vvkbs x126k92a\">\n<div dir=\"auto\">\n<div class=\"xdj266r x14z9mp xat24cr x1lziwak x1vvkbs x126k92a\">\n<div dir=\"auto\">\n<div class=\"x_elementToProof\">\n<div class=\"x_x_elementToProof\"><b data-olk-copy-source=\"MessageBody\">Kvie\u010diame mokytis lenk\u0173 kalbos!<\/b>\u00a0<\/div>\n<div>\u00a0<\/div>\n<div class=\"x_x_elementToProof\">Norite i\u0161mokti lenk\u0173 kalb\u0105 arba patobulinti jau turimas \u017einias?\u00a0Si\u016blome\u00a0<b>lenk\u0173 kalbos kursus \u012fvairiems lygiams<\/b>\u00a0\u2013 nuo pradedan\u010di\u0173j\u0173 iki pa\u017eengusi\u0173j\u0173.<\/div>\n<div>\u00a0<\/div>\n<div class=\"x_x_elementToProof\"><strong>50<\/strong> akademini\u0173 valand\u0173\u00a0bendrin\u0117s lenk\u0173 kalbos,<\/div>\n<div class=\"x_x_elementToProof\">patog\u016bs vakariniai u\u017esi\u0117mimai\u00a0<strong>2<\/strong> kartus per savait\u0119,<\/div>\n<div class=\"x_x_elementToProof\"><strong>nuotoliniai kursai\u00a0<\/strong>\u2013 mokykis i\u0161 bet kur,<\/div>\n<div class=\"x_x_elementToProof\">galimyb\u0117 rinktis\u00a0pagal savo lyg\u012f: nuo visi\u0161k\u0173 <strong>pradedan\u010di\u0173j\u0173 iki pa\u017eengusi\u0173j\u0173.<\/strong><\/div>\n<div class=\"x_x_elementToProof\" aria-hidden=\"true\">\u00a0<\/div>\n<div class=\"x_x_elementToProof\"><strong>Grup\u0117s:<\/strong><\/div>\n<div class=\"x_x_elementToProof\">Pradedan\u010di\u0173j\u0173 (A1.1) \u2013 pirmadieniais ir tre\u010diadieniais (17:30 val.), d\u0117st.\u00a0<i>Krystyna Syrnicka<\/i><\/div>\n<div class=\"x_x_elementToProof\">Pradedan\u010di\u0173j\u0173 (A1.1) \u2013 antradieniais ir ketvirtadieniais (17:30 val.), d\u0117st.\u00a0<i>Danuta Bala\u0161aitien\u0117<\/i><\/div>\n<div class=\"x_x_elementToProof\">Pradedan\u010di\u0173j\u0173 (A1.2) \u2013 antradieniais ir ketvirtadieniais (17:30 val.), d\u0117st.\u00a0<i>Krystyna Syrnicka<\/i><\/div>\n<div class=\"x_x_elementToProof\">Pa\u017eengusi\u0173j\u0173 (A2.2) \u2013 pirmadieniais ir tre\u010diadieniais (17:30 val.), d\u0117st.\u00a0<i>Danuta Bala\u0161aitien\u0117<\/i><\/div>\n<div>Pa\u017eengusi\u0173j\u0173 (B1) \u2013 antradieniais (18:00 val.), d\u0117st. <i>Magda Wygl\u0105dacz<\/i><\/div>\n<div class=\"x_x_elementToProof\">Pa\u017eengusi\u0173j\u0173 (B2) \u2013 pirmadieniais ir tre\u010diadieniais (18:00 val.), d\u0117st. <i>Magda Wygl\u0105dacz<\/i><\/div>\n<div class=\"x_x_elementToProof\" aria-hidden=\"true\">\u00a0<\/div>\n<div class=\"x_x_elementToProof\">Kaina u\u017e 3 m\u0117nesius:\u00a0<strong>210 Eur,<\/strong> studentams ir moksleiviams \u2013 <strong>tik 190 Eur!<\/strong><\/div>\n<div class=\"x_x_elementToProof\">Kurs\u0173 prad\u017eia \u2013\u00a0<b>vasario<\/b>\u00a0<strong>2 d.<\/strong><\/div>\n<div class=\"x_x_elementToProof\">Grup\u0117 formuojama, jei susirenka ma\u017eiausiai\u00a0<b>10 klausytoj\u0173<\/b>.<\/div>\n<div class=\"x_x_elementToProof\">Registracija ir informacija:\u00a0<strong>jolanta.ciunowicz@instytutpolski.pl<\/strong><\/div>\n<div>\u00a0<\/div>\n<\/div>\n<\/div>\n<\/div>\n<\/div>\n<\/div>\n\n\n\n<figure class=\"wp-block-image size-large\"><img loading=\"lazy\" decoding=\"async\" width=\"1024\" height=\"683\" src=\"https:\/\/instytutpolski.pl\/vilnius\/wp-content\/uploads\/sites\/24\/2026\/01\/Projekt-bez-nazwy-1024x683.jpg\" alt=\"\" class=\"wp-image-8423\" srcset=\"https:\/\/instytutpolski.pl\/vilnius\/wp-content\/uploads\/sites\/24\/2026\/01\/Projekt-bez-nazwy-1024x683.jpg 1024w, https:\/\/instytutpolski.pl\/vilnius\/wp-content\/uploads\/sites\/24\/2026\/01\/Projekt-bez-nazwy-300x200.jpg 300w, https:\/\/instytutpolski.pl\/vilnius\/wp-content\/uploads\/sites\/24\/2026\/01\/Projekt-bez-nazwy-768x512.jpg 768w, https:\/\/instytutpolski.pl\/vilnius\/wp-content\/uploads\/sites\/24\/2026\/01\/Projekt-bez-nazwy.jpg 1536w\" sizes=\"auto, (max-width: 1024px) 100vw, 1024px\" \/><\/figure>\n\n\n\n<p><\/p>\n","protected":false},"excerpt":{"rendered":"<p>Kvie\u010diame mokytis lenk\u0173 kalbos!\u00a0 \u00a0 Norite i\u0161mokti lenk\u0173 kalb\u0105 arba patobulinti jau turimas \u017einias?\u00a0Si\u016blome\u00a0lenk\u0173 kalbos kursus \u012fvairiems lygiams\u00a0\u2013 nuo pradedan\u010di\u0173j\u0173 iki pa\u017eengusi\u0173j\u0173. \u00a0 50 akademini\u0173 valand\u0173\u00a0bendrin\u0117s lenk\u0173 kalbos, patog\u016bs vakariniai u\u017esi\u0117mimai\u00a02 kartus per savait\u0119, nuotoliniai kursai\u00a0\u2013 mokykis i\u0161 bet kur, galimyb\u0117 rinktis\u00a0pagal savo lyg\u012f: nuo visi\u0161k\u0173 pradedan\u010di\u0173j\u0173 iki pa\u017eengusi\u0173j\u0173. \u00a0 Grup\u0117s: Pradedan\u010di\u0173j\u0173 (A1.1) \u2013 pirmadieniais [&hellip;]<\/p>\n","protected":false},"author":1,"featured_media":525,"parent":518,"menu_order":0,"comment_status":"closed","ping_status":"closed","template":"","meta":{"inline_featured_image":false,"_monsterinsights_skip_tracking":false,"_monsterinsights_sitenote_active":false,"_monsterinsights_sitenote_note":"","_monsterinsights_sitenote_category":0,"footnotes":""},"class_list":["post-524","page","type-page","status-publish","has-post-thumbnail","hentry"],"yoast_head":"<!-- This site is optimized with the Yoast SEO plugin v24.6 - https:\/\/yoast.com\/wordpress\/plugins\/seo\/ -->\n<title>Lenkijos instituto organizuojami lenk\u0173 kalbos kursai - Instytut Polski w Wilnie<\/title>\n<meta name=\"robots\" content=\"index, follow, max-snippet:-1, max-image-preview:large, max-video-preview:-1\" \/>\n<link rel=\"canonical\" href=\"https:\/\/instytutpolski.pl\/vilnius\/lenku-kalba\/lenkijos-instituto-organizuojami-lenku-kalbos-kursai\/\" \/>\n<meta property=\"og:locale\" content=\"pl_PL\" \/>\n<meta property=\"og:type\" content=\"article\" \/>\n<meta property=\"og:title\" content=\"Lenkijos instituto organizuojami lenk\u0173 kalbos kursai - Instytut Polski w Wilnie\" \/>\n<meta property=\"og:description\" content=\"Kvie\u010diame mokytis lenk\u0173 kalbos!\u00a0 \u00a0 Norite i\u0161mokti lenk\u0173 kalb\u0105 arba patobulinti jau turimas \u017einias?\u00a0Si\u016blome\u00a0lenk\u0173 kalbos kursus \u012fvairiems lygiams\u00a0\u2013 nuo pradedan\u010di\u0173j\u0173 iki pa\u017eengusi\u0173j\u0173. \u00a0 50 akademini\u0173 valand\u0173\u00a0bendrin\u0117s lenk\u0173 kalbos, patog\u016bs vakariniai u\u017esi\u0117mimai\u00a02 kartus per savait\u0119, nuotoliniai kursai\u00a0\u2013 mokykis i\u0161 bet kur, galimyb\u0117 rinktis\u00a0pagal savo lyg\u012f: nuo visi\u0161k\u0173 pradedan\u010di\u0173j\u0173 iki pa\u017eengusi\u0173j\u0173. \u00a0 Grup\u0117s: Pradedan\u010di\u0173j\u0173 (A1.1) \u2013 pirmadieniais [&hellip;]\" \/>\n<meta property=\"og:url\" content=\"https:\/\/instytutpolski.pl\/vilnius\/lenku-kalba\/lenkijos-instituto-organizuojami-lenku-kalbos-kursai\/\" \/>\n<meta property=\"og:site_name\" content=\"Instytut Polski w Wilnie\" \/>\n<meta property=\"article:modified_time\" content=\"2026-01-14T13:39:24+00:00\" \/>\n<meta property=\"og:image\" content=\"https:\/\/instytutpolski.pl\/vilnius\/wp-content\/uploads\/sites\/24\/2019\/06\/kursy-jezyka-polskiego-kultury.jpg\" \/>\n\t<meta property=\"og:image:width\" content=\"1920\" \/>\n\t<meta property=\"og:image:height\" content=\"700\" \/>\n\t<meta property=\"og:image:type\" content=\"image\/jpeg\" \/>\n<meta name=\"twitter:card\" content=\"summary_large_image\" \/>\n<meta name=\"twitter:label1\" content=\"Szacowany czas czytania\" \/>\n\t<meta name=\"twitter:data1\" content=\"2 minuty\" \/>\n<script type=\"application\/ld+json\" class=\"yoast-schema-graph\">{\"@context\":\"https:\/\/schema.org\",\"@graph\":[{\"@type\":\"WebPage\",\"@id\":\"https:\/\/instytutpolski.pl\/vilnius\/lenku-kalba\/lenkijos-instituto-organizuojami-lenku-kalbos-kursai\/\",\"url\":\"https:\/\/instytutpolski.pl\/vilnius\/lenku-kalba\/lenkijos-instituto-organizuojami-lenku-kalbos-kursai\/\",\"name\":\"Lenkijos instituto organizuojami lenk\u0173 kalbos kursai - Instytut Polski w Wilnie\",\"isPartOf\":{\"@id\":\"https:\/\/instytutpolski.pl\/vilnius\/#website\"},\"primaryImageOfPage\":{\"@id\":\"https:\/\/instytutpolski.pl\/vilnius\/lenku-kalba\/lenkijos-instituto-organizuojami-lenku-kalbos-kursai\/#primaryimage\"},\"image\":{\"@id\":\"https:\/\/instytutpolski.pl\/vilnius\/lenku-kalba\/lenkijos-instituto-organizuojami-lenku-kalbos-kursai\/#primaryimage\"},\"thumbnailUrl\":\"https:\/\/instytutpolski.pl\/vilnius\/wp-content\/uploads\/sites\/24\/2019\/06\/kursy-jezyka-polskiego-kultury.jpg\",\"datePublished\":\"2026-01-14T13:36:46+00:00\",\"dateModified\":\"2026-01-14T13:39:24+00:00\",\"breadcrumb\":{\"@id\":\"https:\/\/instytutpolski.pl\/vilnius\/lenku-kalba\/lenkijos-instituto-organizuojami-lenku-kalbos-kursai\/#breadcrumb\"},\"inLanguage\":\"pl-PL\",\"potentialAction\":[{\"@type\":\"ReadAction\",\"target\":[\"https:\/\/instytutpolski.pl\/vilnius\/lenku-kalba\/lenkijos-instituto-organizuojami-lenku-kalbos-kursai\/\"]}]},{\"@type\":\"ImageObject\",\"inLanguage\":\"pl-PL\",\"@id\":\"https:\/\/instytutpolski.pl\/vilnius\/lenku-kalba\/lenkijos-instituto-organizuojami-lenku-kalbos-kursai\/#primaryimage\",\"url\":\"https:\/\/instytutpolski.pl\/vilnius\/wp-content\/uploads\/sites\/24\/2019\/06\/kursy-jezyka-polskiego-kultury.jpg\",\"contentUrl\":\"https:\/\/instytutpolski.pl\/vilnius\/wp-content\/uploads\/sites\/24\/2019\/06\/kursy-jezyka-polskiego-kultury.jpg\",\"width\":1920,\"height\":700},{\"@type\":\"BreadcrumbList\",\"@id\":\"https:\/\/instytutpolski.pl\/vilnius\/lenku-kalba\/lenkijos-instituto-organizuojami-lenku-kalbos-kursai\/#breadcrumb\",\"itemListElement\":[{\"@type\":\"ListItem\",\"position\":1,\"name\":\"Home\",\"item\":\"https:\/\/instytutpolski.pl\/vilnius\/\"},{\"@type\":\"ListItem\",\"position\":2,\"name\":\"Lenk\u0173 kalba\",\"item\":\"https:\/\/instytutpolski.pl\/vilnius\/lenku-kalba\/\"},{\"@type\":\"ListItem\",\"position\":3,\"name\":\"Lenkijos instituto organizuojami lenk\u0173 kalbos kursai\"}]},{\"@type\":\"WebSite\",\"@id\":\"https:\/\/instytutpolski.pl\/vilnius\/#website\",\"url\":\"https:\/\/instytutpolski.pl\/vilnius\/\",\"name\":\"Instytut Polski w Wilnie\",\"description\":\"Instytuty Polskie\",\"potentialAction\":[{\"@type\":\"SearchAction\",\"target\":{\"@type\":\"EntryPoint\",\"urlTemplate\":\"https:\/\/instytutpolski.pl\/vilnius\/?s={search_term_string}\"},\"query-input\":{\"@type\":\"PropertyValueSpecification\",\"valueRequired\":true,\"valueName\":\"search_term_string\"}}],\"inLanguage\":\"pl-PL\"}]}<\/script>\n<!-- \/ Yoast SEO plugin. -->","yoast_head_json":{"title":"Lenkijos instituto organizuojami lenk\u0173 kalbos kursai - Instytut Polski w Wilnie","robots":{"index":"index","follow":"follow","max-snippet":"max-snippet:-1","max-image-preview":"max-image-preview:large","max-video-preview":"max-video-preview:-1"},"canonical":"https:\/\/instytutpolski.pl\/vilnius\/lenku-kalba\/lenkijos-instituto-organizuojami-lenku-kalbos-kursai\/","og_locale":"pl_PL","og_type":"article","og_title":"Lenkijos instituto organizuojami lenk\u0173 kalbos kursai - Instytut Polski w Wilnie","og_description":"Kvie\u010diame mokytis lenk\u0173 kalbos!\u00a0 \u00a0 Norite i\u0161mokti lenk\u0173 kalb\u0105 arba patobulinti jau turimas \u017einias?\u00a0Si\u016blome\u00a0lenk\u0173 kalbos kursus \u012fvairiems lygiams\u00a0\u2013 nuo pradedan\u010di\u0173j\u0173 iki pa\u017eengusi\u0173j\u0173. \u00a0 50 akademini\u0173 valand\u0173\u00a0bendrin\u0117s lenk\u0173 kalbos, patog\u016bs vakariniai u\u017esi\u0117mimai\u00a02 kartus per savait\u0119, nuotoliniai kursai\u00a0\u2013 mokykis i\u0161 bet kur, galimyb\u0117 rinktis\u00a0pagal savo lyg\u012f: nuo visi\u0161k\u0173 pradedan\u010di\u0173j\u0173 iki pa\u017eengusi\u0173j\u0173. \u00a0 Grup\u0117s: Pradedan\u010di\u0173j\u0173 (A1.1) \u2013 pirmadieniais [&hellip;]","og_url":"https:\/\/instytutpolski.pl\/vilnius\/lenku-kalba\/lenkijos-instituto-organizuojami-lenku-kalbos-kursai\/","og_site_name":"Instytut Polski w Wilnie","article_modified_time":"2026-01-14T13:39:24+00:00","og_image":[{"width":1920,"height":700,"url":"https:\/\/instytutpolski.pl\/vilnius\/wp-content\/uploads\/sites\/24\/2019\/06\/kursy-jezyka-polskiego-kultury.jpg","type":"image\/jpeg"}],"twitter_card":"summary_large_image","twitter_misc":{"Szacowany czas czytania":"2 minuty"},"schema":{"@context":"https:\/\/schema.org","@graph":[{"@type":"WebPage","@id":"https:\/\/instytutpolski.pl\/vilnius\/lenku-kalba\/lenkijos-instituto-organizuojami-lenku-kalbos-kursai\/","url":"https:\/\/instytutpolski.pl\/vilnius\/lenku-kalba\/lenkijos-instituto-organizuojami-lenku-kalbos-kursai\/","name":"Lenkijos instituto organizuojami lenk\u0173 kalbos kursai - Instytut Polski w Wilnie","isPartOf":{"@id":"https:\/\/instytutpolski.pl\/vilnius\/#website"},"primaryImageOfPage":{"@id":"https:\/\/instytutpolski.pl\/vilnius\/lenku-kalba\/lenkijos-instituto-organizuojami-lenku-kalbos-kursai\/#primaryimage"},"image":{"@id":"https:\/\/instytutpolski.pl\/vilnius\/lenku-kalba\/lenkijos-instituto-organizuojami-lenku-kalbos-kursai\/#primaryimage"},"thumbnailUrl":"https:\/\/instytutpolski.pl\/vilnius\/wp-content\/uploads\/sites\/24\/2019\/06\/kursy-jezyka-polskiego-kultury.jpg","datePublished":"2026-01-14T13:36:46+00:00","dateModified":"2026-01-14T13:39:24+00:00","breadcrumb":{"@id":"https:\/\/instytutpolski.pl\/vilnius\/lenku-kalba\/lenkijos-instituto-organizuojami-lenku-kalbos-kursai\/#breadcrumb"},"inLanguage":"pl-PL","potentialAction":[{"@type":"ReadAction","target":["https:\/\/instytutpolski.pl\/vilnius\/lenku-kalba\/lenkijos-instituto-organizuojami-lenku-kalbos-kursai\/"]}]},{"@type":"ImageObject","inLanguage":"pl-PL","@id":"https:\/\/instytutpolski.pl\/vilnius\/lenku-kalba\/lenkijos-instituto-organizuojami-lenku-kalbos-kursai\/#primaryimage","url":"https:\/\/instytutpolski.pl\/vilnius\/wp-content\/uploads\/sites\/24\/2019\/06\/kursy-jezyka-polskiego-kultury.jpg","contentUrl":"https:\/\/instytutpolski.pl\/vilnius\/wp-content\/uploads\/sites\/24\/2019\/06\/kursy-jezyka-polskiego-kultury.jpg","width":1920,"height":700},{"@type":"BreadcrumbList","@id":"https:\/\/instytutpolski.pl\/vilnius\/lenku-kalba\/lenkijos-instituto-organizuojami-lenku-kalbos-kursai\/#breadcrumb","itemListElement":[{"@type":"ListItem","position":1,"name":"Home","item":"https:\/\/instytutpolski.pl\/vilnius\/"},{"@type":"ListItem","position":2,"name":"Lenk\u0173 kalba","item":"https:\/\/instytutpolski.pl\/vilnius\/lenku-kalba\/"},{"@type":"ListItem","position":3,"name":"Lenkijos instituto organizuojami lenk\u0173 kalbos kursai"}]},{"@type":"WebSite","@id":"https:\/\/instytutpolski.pl\/vilnius\/#website","url":"https:\/\/instytutpolski.pl\/vilnius\/","name":"Instytut Polski w Wilnie","description":"Instytuty Polskie","potentialAction":[{"@type":"SearchAction","target":{"@type":"EntryPoint","urlTemplate":"https:\/\/instytutpolski.pl\/vilnius\/?s={search_term_string}"},"query-input":{"@type":"PropertyValueSpecification","valueRequired":true,"valueName":"search_term_string"}}],"inLanguage":"pl-PL"}]}},"_links":{"self":[{"href":"https:\/\/instytutpolski.pl\/vilnius\/wp-json\/wp\/v2\/pages\/524","targetHints":{"allow":["GET"]}}],"collection":[{"href":"https:\/\/instytutpolski.pl\/vilnius\/wp-json\/wp\/v2\/pages"}],"about":[{"href":"https:\/\/instytutpolski.pl\/vilnius\/wp-json\/wp\/v2\/types\/page"}],"author":[{"embeddable":true,"href":"https:\/\/instytutpolski.pl\/vilnius\/wp-json\/wp\/v2\/users\/1"}],"replies":[{"embeddable":true,"href":"https:\/\/instytutpolski.pl\/vilnius\/wp-json\/wp\/v2\/comments?post=524"}],"version-history":[{"count":55,"href":"https:\/\/instytutpolski.pl\/vilnius\/wp-json\/wp\/v2\/pages\/524\/revisions"}],"predecessor-version":[{"id":8427,"href":"https:\/\/instytutpolski.pl\/vilnius\/wp-json\/wp\/v2\/pages\/524\/revisions\/8427"}],"up":[{"embeddable":true,"href":"https:\/\/instytutpolski.pl\/vilnius\/wp-json\/wp\/v2\/pages\/518"}],"wp:featuredmedia":[{"embeddable":true,"href":"https:\/\/instytutpolski.pl\/vilnius\/wp-json\/wp\/v2\/media\/525"}],"wp:attachment":[{"href":"https:\/\/instytutpolski.pl\/vilnius\/wp-json\/wp\/v2\/media?parent=524"}],"curies":[{"name":"wp","href":"https:\/\/api.w.org\/{rel}","templated":true}]}}