{"id":528,"date":"2026-01-14T14:36:46","date_gmt":"2026-01-14T13:36:46","guid":{"rendered":"https:\/\/instytutpolski.pl\/wilno\/?page_id=528"},"modified":"2024-03-25T09:42:45","modified_gmt":"2024-03-25T08:42:45","slug":"kursy-jezyka-polskiego-organizowane-przez-ip","status":"publish","type":"page","link":"https:\/\/instytutpolski.pl\/vilnius\/pl\/jezyk-polski\/kursy-jezyka-polskiego-organizowane-przez-ip\/","title":{"rendered":"Kursy j\u0119zyka polskiego organizowane przez IP"},"content":{"rendered":"\n<p>Instytut Polski w Wilnie organizuje kursy j\u0119zyka polskiego od samego pocz\u0105tku swojej dzia\u0142alno\u015bci w 1996 r. Rok wcze\u015bniej kursy j. polskiego zacz\u0119\u0142a organizowa\u0107 Ambasada RP na Litwie. Od samego pocz\u0105tku zaj\u0119cia cieszy\u0142y si\u0119 nies\u0142abn\u0105cym zainteresowaniem \u2013 za ka\u017cdym razem na kurs zg\u0142asza\u0142o si\u0119 ok. 45-60 ch\u0119tnych.<br \/>Kursy trwaj\u0105 3 miesi\u0105ce (tzw. semestr). <br \/>Wi\u0119kszo\u015b\u0107 ch\u0119tnych zg\u0142asza si\u0119 z zamiarem nauki j\u0119zyka polskiego od podstaw. W odpowiedzi na to zapotrzebowanie organizujemy kilka grup pocz\u0105tkuj\u0105cych. Lektorzy w grupach pocz\u0105tkowych skupiaj\u0105 si\u0119 na podstawach j\u0119zyka polskiego \u2013 gramatyce, m\u00f3wieniu i pisaniu. Program u\u0142o\u017cono w spos\u00f3b przybli\u017caj\u0105cy go do mi\u0119dzynarodowego programu nauczania j\u0119zyka polskiego \u2013 poziom A1.<br \/>W grupach zaawansowanych uczestnicy doskonal\u0105 swoj\u0105 wiedz\u0119 z zakresu gramatyki oraz umiej\u0119tno\u015b\u0107 pisania, czytania oraz komunikacji w j\u0119zyku polskim. Na tym poziomie uczestnicy zapoznaj\u0105 si\u0119 r\u00f3wnie\u017c z polsk\u0105 kultur\u0105, histori\u0105 i tradycjami (poziom B2-C1).<br \/>Zaj\u0119cia na kursach j\u0119zyka polskiego prowadz\u0105 wyk\u0142adowcy Centr\u00f3w Polonistycznych Uniwersytetu Wile\u0144skiego, Kowie\u0144skiego Uniwersytetu Witolda Wielkiego oraz z Polski. Wszyscy wyk\u0142adowcy maj\u0105 odpowiednie kwalifikacje i du\u017ce do\u015bwiadczenie w prowadzeniu zaj\u0119\u0107. Z cz\u0119stych opinii samych s\u0142uchaczy wyk\u0142adowcy charakteryzuj\u0105 si\u0119 profesjonalizmem, du\u017cym zaanga\u017cowaniem oraz umiej\u0119tno\u015bci\u0105 dostosowania kurs\u00f3w do potrzeb uczestnik\u00f3w.<\/p>\n","protected":false},"excerpt":{"rendered":"<p>Instytut Polski w Wilnie organizuje kursy j\u0119zyka polskiego od samego pocz\u0105tku swojej dzia\u0142alno\u015bci w 1996 r. Rok wcze\u015bniej kursy j. polskiego zacz\u0119\u0142a organizowa\u0107 Ambasada RP na Litwie. Od samego pocz\u0105tku zaj\u0119cia cieszy\u0142y si\u0119 nies\u0142abn\u0105cym zainteresowaniem \u2013 za ka\u017cdym razem na kurs zg\u0142asza\u0142o si\u0119 ok. 45-60 ch\u0119tnych.Kursy trwaj\u0105 3 miesi\u0105ce (tzw. semestr). Wi\u0119kszo\u015b\u0107 ch\u0119tnych zg\u0142asza si\u0119 [&hellip;]<\/p>\n","protected":false},"author":1,"featured_media":525,"parent":522,"menu_order":0,"comment_status":"closed","ping_status":"closed","template":"","meta":{"inline_featured_image":false,"_monsterinsights_skip_tracking":false,"_monsterinsights_sitenote_active":false,"_monsterinsights_sitenote_note":"","_monsterinsights_sitenote_category":0,"footnotes":""},"class_list":["post-528","page","type-page","status-publish","has-post-thumbnail","hentry"],"yoast_head":"<!-- This site is optimized with the Yoast SEO plugin v24.6 - https:\/\/yoast.com\/wordpress\/plugins\/seo\/ -->\n<title>Kursy j\u0119zyka polskiego organizowane przez IP - Instytut Polski w Wilnie<\/title>\n<meta name=\"robots\" content=\"index, follow, max-snippet:-1, max-image-preview:large, max-video-preview:-1\" \/>\n<link rel=\"canonical\" href=\"https:\/\/instytutpolski.pl\/vilnius\/pl\/jezyk-polski\/kursy-jezyka-polskiego-organizowane-przez-ip\/\" \/>\n<meta property=\"og:locale\" content=\"pl_PL\" \/>\n<meta property=\"og:type\" content=\"article\" \/>\n<meta property=\"og:title\" content=\"Kursy j\u0119zyka polskiego organizowane przez IP - Instytut Polski w Wilnie\" \/>\n<meta property=\"og:description\" content=\"Instytut Polski w Wilnie organizuje kursy j\u0119zyka polskiego od samego pocz\u0105tku swojej dzia\u0142alno\u015bci w 1996 r. Rok wcze\u015bniej kursy j. polskiego zacz\u0119\u0142a organizowa\u0107 Ambasada RP na Litwie. Od samego pocz\u0105tku zaj\u0119cia cieszy\u0142y si\u0119 nies\u0142abn\u0105cym zainteresowaniem \u2013 za ka\u017cdym razem na kurs zg\u0142asza\u0142o si\u0119 ok. 45-60 ch\u0119tnych.Kursy trwaj\u0105 3 miesi\u0105ce (tzw. semestr). Wi\u0119kszo\u015b\u0107 ch\u0119tnych zg\u0142asza si\u0119 [&hellip;]\" \/>\n<meta property=\"og:url\" content=\"https:\/\/instytutpolski.pl\/vilnius\/pl\/jezyk-polski\/kursy-jezyka-polskiego-organizowane-przez-ip\/\" \/>\n<meta property=\"og:site_name\" content=\"Instytut Polski w Wilnie\" \/>\n<meta property=\"og:image\" content=\"https:\/\/instytutpolski.pl\/vilnius\/wp-content\/uploads\/sites\/24\/2019\/06\/kursy-jezyka-polskiego-kultury.jpg\" \/>\n\t<meta property=\"og:image:width\" content=\"1920\" \/>\n\t<meta property=\"og:image:height\" content=\"700\" \/>\n\t<meta property=\"og:image:type\" content=\"image\/jpeg\" \/>\n<meta name=\"twitter:card\" content=\"summary_large_image\" \/>\n<meta name=\"twitter:label1\" content=\"Szacowany czas czytania\" \/>\n\t<meta name=\"twitter:data1\" content=\"2 minuty\" \/>\n<script type=\"application\/ld+json\" class=\"yoast-schema-graph\">{\"@context\":\"https:\/\/schema.org\",\"@graph\":[{\"@type\":\"WebPage\",\"@id\":\"https:\/\/instytutpolski.pl\/vilnius\/pl\/jezyk-polski\/kursy-jezyka-polskiego-organizowane-przez-ip\/\",\"url\":\"https:\/\/instytutpolski.pl\/vilnius\/pl\/jezyk-polski\/kursy-jezyka-polskiego-organizowane-przez-ip\/\",\"name\":\"Kursy j\u0119zyka polskiego organizowane przez IP - Instytut Polski w Wilnie\",\"isPartOf\":{\"@id\":\"https:\/\/instytutpolski.pl\/vilnius\/#website\"},\"primaryImageOfPage\":{\"@id\":\"https:\/\/instytutpolski.pl\/vilnius\/pl\/jezyk-polski\/kursy-jezyka-polskiego-organizowane-przez-ip\/#primaryimage\"},\"image\":{\"@id\":\"https:\/\/instytutpolski.pl\/vilnius\/pl\/jezyk-polski\/kursy-jezyka-polskiego-organizowane-przez-ip\/#primaryimage\"},\"thumbnailUrl\":\"https:\/\/instytutpolski.pl\/vilnius\/wp-content\/uploads\/sites\/24\/2019\/06\/kursy-jezyka-polskiego-kultury.jpg\",\"datePublished\":\"2026-01-14T13:36:46+00:00\",\"breadcrumb\":{\"@id\":\"https:\/\/instytutpolski.pl\/vilnius\/pl\/jezyk-polski\/kursy-jezyka-polskiego-organizowane-przez-ip\/#breadcrumb\"},\"inLanguage\":\"pl-PL\",\"potentialAction\":[{\"@type\":\"ReadAction\",\"target\":[\"https:\/\/instytutpolski.pl\/vilnius\/pl\/jezyk-polski\/kursy-jezyka-polskiego-organizowane-przez-ip\/\"]}]},{\"@type\":\"ImageObject\",\"inLanguage\":\"pl-PL\",\"@id\":\"https:\/\/instytutpolski.pl\/vilnius\/pl\/jezyk-polski\/kursy-jezyka-polskiego-organizowane-przez-ip\/#primaryimage\",\"url\":\"https:\/\/instytutpolski.pl\/vilnius\/wp-content\/uploads\/sites\/24\/2019\/06\/kursy-jezyka-polskiego-kultury.jpg\",\"contentUrl\":\"https:\/\/instytutpolski.pl\/vilnius\/wp-content\/uploads\/sites\/24\/2019\/06\/kursy-jezyka-polskiego-kultury.jpg\",\"width\":1920,\"height\":700},{\"@type\":\"BreadcrumbList\",\"@id\":\"https:\/\/instytutpolski.pl\/vilnius\/pl\/jezyk-polski\/kursy-jezyka-polskiego-organizowane-przez-ip\/#breadcrumb\",\"itemListElement\":[{\"@type\":\"ListItem\",\"position\":1,\"name\":\"Home\",\"item\":\"https:\/\/instytutpolski.pl\/vilnius\/\"},{\"@type\":\"ListItem\",\"position\":2,\"name\":\"J\u0119zyk polski\",\"item\":\"https:\/\/instytutpolski.pl\/vilnius\/pl\/jezyk-polski\/\"},{\"@type\":\"ListItem\",\"position\":3,\"name\":\"Kursy j\u0119zyka polskiego organizowane przez IP\"}]},{\"@type\":\"WebSite\",\"@id\":\"https:\/\/instytutpolski.pl\/vilnius\/#website\",\"url\":\"https:\/\/instytutpolski.pl\/vilnius\/\",\"name\":\"Instytut Polski w Wilnie\",\"description\":\"Instytuty Polskie\",\"potentialAction\":[{\"@type\":\"SearchAction\",\"target\":{\"@type\":\"EntryPoint\",\"urlTemplate\":\"https:\/\/instytutpolski.pl\/vilnius\/?s={search_term_string}\"},\"query-input\":{\"@type\":\"PropertyValueSpecification\",\"valueRequired\":true,\"valueName\":\"search_term_string\"}}],\"inLanguage\":\"pl-PL\"}]}<\/script>\n<!-- \/ Yoast SEO plugin. -->","yoast_head_json":{"title":"Kursy j\u0119zyka polskiego organizowane przez IP - Instytut Polski w Wilnie","robots":{"index":"index","follow":"follow","max-snippet":"max-snippet:-1","max-image-preview":"max-image-preview:large","max-video-preview":"max-video-preview:-1"},"canonical":"https:\/\/instytutpolski.pl\/vilnius\/pl\/jezyk-polski\/kursy-jezyka-polskiego-organizowane-przez-ip\/","og_locale":"pl_PL","og_type":"article","og_title":"Kursy j\u0119zyka polskiego organizowane przez IP - Instytut Polski w Wilnie","og_description":"Instytut Polski w Wilnie organizuje kursy j\u0119zyka polskiego od samego pocz\u0105tku swojej dzia\u0142alno\u015bci w 1996 r. Rok wcze\u015bniej kursy j. polskiego zacz\u0119\u0142a organizowa\u0107 Ambasada RP na Litwie. Od samego pocz\u0105tku zaj\u0119cia cieszy\u0142y si\u0119 nies\u0142abn\u0105cym zainteresowaniem \u2013 za ka\u017cdym razem na kurs zg\u0142asza\u0142o si\u0119 ok. 45-60 ch\u0119tnych.Kursy trwaj\u0105 3 miesi\u0105ce (tzw. semestr). Wi\u0119kszo\u015b\u0107 ch\u0119tnych zg\u0142asza si\u0119 [&hellip;]","og_url":"https:\/\/instytutpolski.pl\/vilnius\/pl\/jezyk-polski\/kursy-jezyka-polskiego-organizowane-przez-ip\/","og_site_name":"Instytut Polski w Wilnie","og_image":[{"width":1920,"height":700,"url":"https:\/\/instytutpolski.pl\/vilnius\/wp-content\/uploads\/sites\/24\/2019\/06\/kursy-jezyka-polskiego-kultury.jpg","type":"image\/jpeg"}],"twitter_card":"summary_large_image","twitter_misc":{"Szacowany czas czytania":"2 minuty"},"schema":{"@context":"https:\/\/schema.org","@graph":[{"@type":"WebPage","@id":"https:\/\/instytutpolski.pl\/vilnius\/pl\/jezyk-polski\/kursy-jezyka-polskiego-organizowane-przez-ip\/","url":"https:\/\/instytutpolski.pl\/vilnius\/pl\/jezyk-polski\/kursy-jezyka-polskiego-organizowane-przez-ip\/","name":"Kursy j\u0119zyka polskiego organizowane przez IP - Instytut Polski w Wilnie","isPartOf":{"@id":"https:\/\/instytutpolski.pl\/vilnius\/#website"},"primaryImageOfPage":{"@id":"https:\/\/instytutpolski.pl\/vilnius\/pl\/jezyk-polski\/kursy-jezyka-polskiego-organizowane-przez-ip\/#primaryimage"},"image":{"@id":"https:\/\/instytutpolski.pl\/vilnius\/pl\/jezyk-polski\/kursy-jezyka-polskiego-organizowane-przez-ip\/#primaryimage"},"thumbnailUrl":"https:\/\/instytutpolski.pl\/vilnius\/wp-content\/uploads\/sites\/24\/2019\/06\/kursy-jezyka-polskiego-kultury.jpg","datePublished":"2026-01-14T13:36:46+00:00","breadcrumb":{"@id":"https:\/\/instytutpolski.pl\/vilnius\/pl\/jezyk-polski\/kursy-jezyka-polskiego-organizowane-przez-ip\/#breadcrumb"},"inLanguage":"pl-PL","potentialAction":[{"@type":"ReadAction","target":["https:\/\/instytutpolski.pl\/vilnius\/pl\/jezyk-polski\/kursy-jezyka-polskiego-organizowane-przez-ip\/"]}]},{"@type":"ImageObject","inLanguage":"pl-PL","@id":"https:\/\/instytutpolski.pl\/vilnius\/pl\/jezyk-polski\/kursy-jezyka-polskiego-organizowane-przez-ip\/#primaryimage","url":"https:\/\/instytutpolski.pl\/vilnius\/wp-content\/uploads\/sites\/24\/2019\/06\/kursy-jezyka-polskiego-kultury.jpg","contentUrl":"https:\/\/instytutpolski.pl\/vilnius\/wp-content\/uploads\/sites\/24\/2019\/06\/kursy-jezyka-polskiego-kultury.jpg","width":1920,"height":700},{"@type":"BreadcrumbList","@id":"https:\/\/instytutpolski.pl\/vilnius\/pl\/jezyk-polski\/kursy-jezyka-polskiego-organizowane-przez-ip\/#breadcrumb","itemListElement":[{"@type":"ListItem","position":1,"name":"Home","item":"https:\/\/instytutpolski.pl\/vilnius\/"},{"@type":"ListItem","position":2,"name":"J\u0119zyk polski","item":"https:\/\/instytutpolski.pl\/vilnius\/pl\/jezyk-polski\/"},{"@type":"ListItem","position":3,"name":"Kursy j\u0119zyka polskiego organizowane przez IP"}]},{"@type":"WebSite","@id":"https:\/\/instytutpolski.pl\/vilnius\/#website","url":"https:\/\/instytutpolski.pl\/vilnius\/","name":"Instytut Polski w Wilnie","description":"Instytuty Polskie","potentialAction":[{"@type":"SearchAction","target":{"@type":"EntryPoint","urlTemplate":"https:\/\/instytutpolski.pl\/vilnius\/?s={search_term_string}"},"query-input":{"@type":"PropertyValueSpecification","valueRequired":true,"valueName":"search_term_string"}}],"inLanguage":"pl-PL"}]}},"_links":{"self":[{"href":"https:\/\/instytutpolski.pl\/vilnius\/wp-json\/wp\/v2\/pages\/528","targetHints":{"allow":["GET"]}}],"collection":[{"href":"https:\/\/instytutpolski.pl\/vilnius\/wp-json\/wp\/v2\/pages"}],"about":[{"href":"https:\/\/instytutpolski.pl\/vilnius\/wp-json\/wp\/v2\/types\/page"}],"author":[{"embeddable":true,"href":"https:\/\/instytutpolski.pl\/vilnius\/wp-json\/wp\/v2\/users\/1"}],"replies":[{"embeddable":true,"href":"https:\/\/instytutpolski.pl\/vilnius\/wp-json\/wp\/v2\/comments?post=528"}],"version-history":[{"count":13,"href":"https:\/\/instytutpolski.pl\/vilnius\/wp-json\/wp\/v2\/pages\/528\/revisions"}],"predecessor-version":[{"id":5857,"href":"https:\/\/instytutpolski.pl\/vilnius\/wp-json\/wp\/v2\/pages\/528\/revisions\/5857"}],"up":[{"embeddable":true,"href":"https:\/\/instytutpolski.pl\/vilnius\/wp-json\/wp\/v2\/pages\/522"}],"wp:featuredmedia":[{"embeddable":true,"href":"https:\/\/instytutpolski.pl\/vilnius\/wp-json\/wp\/v2\/media\/525"}],"wp:attachment":[{"href":"https:\/\/instytutpolski.pl\/vilnius\/wp-json\/wp\/v2\/media?parent=528"}],"curies":[{"name":"wp","href":"https:\/\/api.w.org\/{rel}","templated":true}]}}