{"id":530,"date":"2019-06-27T11:08:16","date_gmt":"2019-06-27T09:08:16","guid":{"rendered":"https:\/\/instytutpolski.pl\/wilno\/?page_id=530"},"modified":"2022-11-28T08:45:40","modified_gmt":"2022-11-28T07:45:40","slug":"kiti-viesai-prieinami-lenku-kalbos-kursai","status":"publish","type":"page","link":"https:\/\/instytutpolski.pl\/vilnius\/lenku-kalba\/kiti-viesai-prieinami-lenku-kalbos-kursai\/","title":{"rendered":"Kiti  vie\u0161ai prieinami lenk\u0173 kalbos kursai"},"content":{"rendered":"\n<p><em>Mokami lenk\u0173 kalbos kursai Lenkijoje:<br \/><\/em><br \/>Liublino universiteto lenk\u0173 kalbos<br \/>ir kult\u016bros vasaros mokykla<br \/><a href=\"http:\/\/www.kul.lublin.pl\/school\/\" target=\"_blank\" rel=\"noopener noreferrer\">http:\/\/www.kul.lublin.pl\/school\/<\/a><\/p>\n<p>Krokuvos Jogailai\u010di\u0173 universiteto<br \/>lenk\u0173 kalbos ir kult\u016bros vasaros mokykla<br \/><a href=\"http:\/\/www.uj.edu.pl\/SL\/\" target=\"_blank\" rel=\"noopener noreferrer\">http:\/\/www.uj.edu.pl\/SL\/<\/a><\/p>\n<p>Silezijos universiteto lenk\u0173 kalbos<br \/>ir kult\u016bros vasaros mokykla<br \/><a href=\"http:\/\/sjikp.us.edu.pl\/index.php\" target=\"_blank\" rel=\"noopener noreferrer\">http:\/\/sjikp.us.edu.pl\/index.php<\/a><\/p>\n<p>Polonia University in Czestochowa<br \/><a href=\"http:\/\/www.ap.edu.pl\/main\/index.php\" target=\"_blank\" rel=\"noopener noreferrer\">http:\/\/www.ap.edu.pl\/main\/index.php<\/a><\/p>\n<p><a href=\"http:\/\/www.polonica.edu.pl\/\" target=\"_blank\" rel=\"noopener noreferrer\">http:\/\/www.polonica.edu.pl\/<\/a><\/p>\n<p>U\u017esienio kalb\u0173 mokykla \u201eSorbona\u201c Lodz\u0117je<br \/><a href=\"http:\/\/www.sorbona.edu.pl\/\">www.sorbona.edu.pl<\/a><br \/><a href=\"http:\/\/www.lenkukultura.lt\/media\/uploads\/Sorbona%20Litwa.pdf\">\u201eSorbonos\u201c bukletas<\/a><\/p>\n<p>International School of Polish Language<br \/>and Culture in Krakow<br \/><a href=\"http:\/\/www.polishcourse.org\/\">www.polishcourse.org<\/a><\/p>\n<p>Polonus Lodz School of Polish<br \/>for Foreigners<br \/><a href=\"http:\/\/www.polonus-lodz.com\/\">www.polonus-lodz.com<\/a><\/p>\n<p>Varia Centrum J\u0119zyka Polskiego<br \/><a href=\"http:\/\/www.varia-course.com\">www.varia-course.com<\/a><\/p>\n","protected":false},"excerpt":{"rendered":"<p>Mokami lenk\u0173 kalbos kursai Lenkijoje:Liublino universiteto lenk\u0173 kalbosir kult\u016bros vasaros mokyklahttp:\/\/www.kul.lublin.pl\/school\/ Krokuvos Jogailai\u010di\u0173 universitetolenk\u0173 kalbos ir kult\u016bros vasaros mokyklahttp:\/\/www.uj.edu.pl\/SL\/ Silezijos universiteto lenk\u0173 kalbosir kult\u016bros vasaros mokyklahttp:\/\/sjikp.us.edu.pl\/index.php Polonia University in Czestochowahttp:\/\/www.ap.edu.pl\/main\/index.php http:\/\/www.polonica.edu.pl\/ U\u017esienio kalb\u0173 mokykla \u201eSorbona\u201c Lodz\u0117jewww.sorbona.edu.pl\u201eSorbonos\u201c bukletas International School of Polish Languageand Culture in Krakowwww.polishcourse.org Polonus Lodz School of Polishfor Foreignerswww.polonus-lodz.com Varia Centrum J\u0119zyka Polskiegowww.varia-course.com<\/p>\n","protected":false},"author":1,"featured_media":0,"parent":518,"menu_order":0,"comment_status":"closed","ping_status":"closed","template":"","meta":{"inline_featured_image":false,"_monsterinsights_skip_tracking":false,"_monsterinsights_sitenote_active":false,"_monsterinsights_sitenote_note":"","_monsterinsights_sitenote_category":0,"footnotes":""},"class_list":["post-530","page","type-page","status-publish","hentry"],"yoast_head":"<!-- This site is optimized with the Yoast SEO plugin v24.6 - https:\/\/yoast.com\/wordpress\/plugins\/seo\/ -->\n<title>Kiti vie\u0161ai prieinami lenk\u0173 kalbos kursai - Instytut Polski w Wilnie<\/title>\n<meta name=\"robots\" content=\"index, follow, max-snippet:-1, max-image-preview:large, max-video-preview:-1\" \/>\n<link rel=\"canonical\" href=\"https:\/\/instytutpolski.pl\/vilnius\/lenku-kalba\/kiti-viesai-prieinami-lenku-kalbos-kursai\/\" \/>\n<meta property=\"og:locale\" content=\"pl_PL\" \/>\n<meta property=\"og:type\" content=\"article\" \/>\n<meta property=\"og:title\" content=\"Kiti vie\u0161ai prieinami lenk\u0173 kalbos kursai - Instytut Polski w Wilnie\" \/>\n<meta property=\"og:description\" content=\"Mokami lenk\u0173 kalbos kursai Lenkijoje:Liublino universiteto lenk\u0173 kalbosir kult\u016bros vasaros mokyklahttp:\/\/www.kul.lublin.pl\/school\/ Krokuvos Jogailai\u010di\u0173 universitetolenk\u0173 kalbos ir kult\u016bros vasaros mokyklahttp:\/\/www.uj.edu.pl\/SL\/ Silezijos universiteto lenk\u0173 kalbosir kult\u016bros vasaros mokyklahttp:\/\/sjikp.us.edu.pl\/index.php Polonia University in Czestochowahttp:\/\/www.ap.edu.pl\/main\/index.php http:\/\/www.polonica.edu.pl\/ U\u017esienio kalb\u0173 mokykla \u201eSorbona\u201c Lodz\u0117jewww.sorbona.edu.pl\u201eSorbonos\u201c bukletas International School of Polish Languageand Culture in Krakowwww.polishcourse.org Polonus Lodz School of Polishfor Foreignerswww.polonus-lodz.com Varia Centrum J\u0119zyka Polskiegowww.varia-course.com\" \/>\n<meta property=\"og:url\" content=\"https:\/\/instytutpolski.pl\/vilnius\/lenku-kalba\/kiti-viesai-prieinami-lenku-kalbos-kursai\/\" \/>\n<meta property=\"og:site_name\" content=\"Instytut Polski w Wilnie\" \/>\n<meta property=\"article:modified_time\" content=\"2022-11-28T07:45:40+00:00\" \/>\n<meta name=\"twitter:card\" content=\"summary_large_image\" \/>\n<meta name=\"twitter:label1\" content=\"Szacowany czas czytania\" \/>\n\t<meta name=\"twitter:data1\" content=\"1 minuta\" \/>\n<script type=\"application\/ld+json\" class=\"yoast-schema-graph\">{\"@context\":\"https:\/\/schema.org\",\"@graph\":[{\"@type\":\"WebPage\",\"@id\":\"https:\/\/instytutpolski.pl\/vilnius\/lenku-kalba\/kiti-viesai-prieinami-lenku-kalbos-kursai\/\",\"url\":\"https:\/\/instytutpolski.pl\/vilnius\/lenku-kalba\/kiti-viesai-prieinami-lenku-kalbos-kursai\/\",\"name\":\"Kiti vie\u0161ai prieinami lenk\u0173 kalbos kursai - Instytut Polski w Wilnie\",\"isPartOf\":{\"@id\":\"https:\/\/instytutpolski.pl\/vilnius\/#website\"},\"datePublished\":\"2019-06-27T09:08:16+00:00\",\"dateModified\":\"2022-11-28T07:45:40+00:00\",\"breadcrumb\":{\"@id\":\"https:\/\/instytutpolski.pl\/vilnius\/lenku-kalba\/kiti-viesai-prieinami-lenku-kalbos-kursai\/#breadcrumb\"},\"inLanguage\":\"pl-PL\",\"potentialAction\":[{\"@type\":\"ReadAction\",\"target\":[\"https:\/\/instytutpolski.pl\/vilnius\/lenku-kalba\/kiti-viesai-prieinami-lenku-kalbos-kursai\/\"]}]},{\"@type\":\"BreadcrumbList\",\"@id\":\"https:\/\/instytutpolski.pl\/vilnius\/lenku-kalba\/kiti-viesai-prieinami-lenku-kalbos-kursai\/#breadcrumb\",\"itemListElement\":[{\"@type\":\"ListItem\",\"position\":1,\"name\":\"Home\",\"item\":\"https:\/\/instytutpolski.pl\/vilnius\/\"},{\"@type\":\"ListItem\",\"position\":2,\"name\":\"Lenk\u0173 kalba\",\"item\":\"https:\/\/instytutpolski.pl\/vilnius\/lenku-kalba\/\"},{\"@type\":\"ListItem\",\"position\":3,\"name\":\"Kiti vie\u0161ai prieinami lenk\u0173 kalbos kursai\"}]},{\"@type\":\"WebSite\",\"@id\":\"https:\/\/instytutpolski.pl\/vilnius\/#website\",\"url\":\"https:\/\/instytutpolski.pl\/vilnius\/\",\"name\":\"Instytut Polski w Wilnie\",\"description\":\"Instytuty Polskie\",\"potentialAction\":[{\"@type\":\"SearchAction\",\"target\":{\"@type\":\"EntryPoint\",\"urlTemplate\":\"https:\/\/instytutpolski.pl\/vilnius\/?s={search_term_string}\"},\"query-input\":{\"@type\":\"PropertyValueSpecification\",\"valueRequired\":true,\"valueName\":\"search_term_string\"}}],\"inLanguage\":\"pl-PL\"}]}<\/script>\n<!-- \/ Yoast SEO plugin. -->","yoast_head_json":{"title":"Kiti vie\u0161ai prieinami lenk\u0173 kalbos kursai - Instytut Polski w Wilnie","robots":{"index":"index","follow":"follow","max-snippet":"max-snippet:-1","max-image-preview":"max-image-preview:large","max-video-preview":"max-video-preview:-1"},"canonical":"https:\/\/instytutpolski.pl\/vilnius\/lenku-kalba\/kiti-viesai-prieinami-lenku-kalbos-kursai\/","og_locale":"pl_PL","og_type":"article","og_title":"Kiti vie\u0161ai prieinami lenk\u0173 kalbos kursai - Instytut Polski w Wilnie","og_description":"Mokami lenk\u0173 kalbos kursai Lenkijoje:Liublino universiteto lenk\u0173 kalbosir kult\u016bros vasaros mokyklahttp:\/\/www.kul.lublin.pl\/school\/ Krokuvos Jogailai\u010di\u0173 universitetolenk\u0173 kalbos ir kult\u016bros vasaros mokyklahttp:\/\/www.uj.edu.pl\/SL\/ Silezijos universiteto lenk\u0173 kalbosir kult\u016bros vasaros mokyklahttp:\/\/sjikp.us.edu.pl\/index.php Polonia University in Czestochowahttp:\/\/www.ap.edu.pl\/main\/index.php http:\/\/www.polonica.edu.pl\/ U\u017esienio kalb\u0173 mokykla \u201eSorbona\u201c Lodz\u0117jewww.sorbona.edu.pl\u201eSorbonos\u201c bukletas International School of Polish Languageand Culture in Krakowwww.polishcourse.org Polonus Lodz School of Polishfor Foreignerswww.polonus-lodz.com Varia Centrum J\u0119zyka Polskiegowww.varia-course.com","og_url":"https:\/\/instytutpolski.pl\/vilnius\/lenku-kalba\/kiti-viesai-prieinami-lenku-kalbos-kursai\/","og_site_name":"Instytut Polski w Wilnie","article_modified_time":"2022-11-28T07:45:40+00:00","twitter_card":"summary_large_image","twitter_misc":{"Szacowany czas czytania":"1 minuta"},"schema":{"@context":"https:\/\/schema.org","@graph":[{"@type":"WebPage","@id":"https:\/\/instytutpolski.pl\/vilnius\/lenku-kalba\/kiti-viesai-prieinami-lenku-kalbos-kursai\/","url":"https:\/\/instytutpolski.pl\/vilnius\/lenku-kalba\/kiti-viesai-prieinami-lenku-kalbos-kursai\/","name":"Kiti vie\u0161ai prieinami lenk\u0173 kalbos kursai - Instytut Polski w Wilnie","isPartOf":{"@id":"https:\/\/instytutpolski.pl\/vilnius\/#website"},"datePublished":"2019-06-27T09:08:16+00:00","dateModified":"2022-11-28T07:45:40+00:00","breadcrumb":{"@id":"https:\/\/instytutpolski.pl\/vilnius\/lenku-kalba\/kiti-viesai-prieinami-lenku-kalbos-kursai\/#breadcrumb"},"inLanguage":"pl-PL","potentialAction":[{"@type":"ReadAction","target":["https:\/\/instytutpolski.pl\/vilnius\/lenku-kalba\/kiti-viesai-prieinami-lenku-kalbos-kursai\/"]}]},{"@type":"BreadcrumbList","@id":"https:\/\/instytutpolski.pl\/vilnius\/lenku-kalba\/kiti-viesai-prieinami-lenku-kalbos-kursai\/#breadcrumb","itemListElement":[{"@type":"ListItem","position":1,"name":"Home","item":"https:\/\/instytutpolski.pl\/vilnius\/"},{"@type":"ListItem","position":2,"name":"Lenk\u0173 kalba","item":"https:\/\/instytutpolski.pl\/vilnius\/lenku-kalba\/"},{"@type":"ListItem","position":3,"name":"Kiti vie\u0161ai prieinami lenk\u0173 kalbos kursai"}]},{"@type":"WebSite","@id":"https:\/\/instytutpolski.pl\/vilnius\/#website","url":"https:\/\/instytutpolski.pl\/vilnius\/","name":"Instytut Polski w Wilnie","description":"Instytuty Polskie","potentialAction":[{"@type":"SearchAction","target":{"@type":"EntryPoint","urlTemplate":"https:\/\/instytutpolski.pl\/vilnius\/?s={search_term_string}"},"query-input":{"@type":"PropertyValueSpecification","valueRequired":true,"valueName":"search_term_string"}}],"inLanguage":"pl-PL"}]}},"_links":{"self":[{"href":"https:\/\/instytutpolski.pl\/vilnius\/wp-json\/wp\/v2\/pages\/530","targetHints":{"allow":["GET"]}}],"collection":[{"href":"https:\/\/instytutpolski.pl\/vilnius\/wp-json\/wp\/v2\/pages"}],"about":[{"href":"https:\/\/instytutpolski.pl\/vilnius\/wp-json\/wp\/v2\/types\/page"}],"author":[{"embeddable":true,"href":"https:\/\/instytutpolski.pl\/vilnius\/wp-json\/wp\/v2\/users\/1"}],"replies":[{"embeddable":true,"href":"https:\/\/instytutpolski.pl\/vilnius\/wp-json\/wp\/v2\/comments?post=530"}],"version-history":[{"count":3,"href":"https:\/\/instytutpolski.pl\/vilnius\/wp-json\/wp\/v2\/pages\/530\/revisions"}],"predecessor-version":[{"id":4483,"href":"https:\/\/instytutpolski.pl\/vilnius\/wp-json\/wp\/v2\/pages\/530\/revisions\/4483"}],"up":[{"embeddable":true,"href":"https:\/\/instytutpolski.pl\/vilnius\/wp-json\/wp\/v2\/pages\/518"}],"wp:attachment":[{"href":"https:\/\/instytutpolski.pl\/vilnius\/wp-json\/wp\/v2\/media?parent=530"}],"curies":[{"name":"wp","href":"https:\/\/api.w.org\/{rel}","templated":true}]}}