{"id":533,"date":"2019-06-27T11:08:16","date_gmt":"2019-06-27T09:08:16","guid":{"rendered":"https:\/\/instytutpolski.pl\/wilno\/?page_id=533"},"modified":"2022-11-28T08:44:09","modified_gmt":"2022-11-28T07:44:09","slug":"inne-ogolnodostepne-kursy-jezyka-polskiego","status":"publish","type":"page","link":"https:\/\/instytutpolski.pl\/vilnius\/pl\/jezyk-polski\/inne-ogolnodostepne-kursy-jezyka-polskiego\/","title":{"rendered":"Inne og\u00f3lnodost\u0119pne kursy j\u0119zyka polskiego"},"content":{"rendered":"\n<p><em>P\u0142atne kursy j\u0119zyka polskiego w Polsce:<\/em><\/p>\n<ul>\n<li><a href=\"https:\/\/www.kul.pl\/the-school-of-polish-language-and-culture,21594.html\">http:\/\/www.kul.lublin.pl\/school\/<\/a><\/li>\n<li><a href=\"https:\/\/www.uj.edu.pl\/SL\/\">http:\/\/www.uj.edu.pl\/SL\/<\/a><\/li>\n<li><a href=\"http:\/\/www.sjikp.us.edu.pl\/en\/home-page\/\">http:\/\/sjikp.us.edu.pl\/index.php<\/a><\/li>\n<li><a href=\"https:\/\/ap.edu.pl\/\">http:\/\/www.ap.edu.pl\/main\/index.php<\/a><\/li>\n<li><a href=\"https:\/\/polonica.edu.pl\/\">http:\/\/www.polonica.edu.pl\/<\/a><\/li>\n<li><a href=\"https:\/\/www.sorbona.edu.pl\/\">www.sorbona.edu.pl<\/a><\/li>\n<li><a href=\"http:\/\/www.polishcourse.org\/\">www.polishcourse.org<\/a><\/li>\n<li><a href=\"http:\/\/www.polonus-lodz.com\/\">www.polonus-lodz.com<\/a><\/li>\n<li><a href=\"http:\/\/www.varia-course.com\">www.varia-course.com<\/a><\/li>\n<\/ul>\n","protected":false},"excerpt":{"rendered":"<p>P\u0142atne kursy j\u0119zyka polskiego w Polsce: http:\/\/www.kul.lublin.pl\/school\/ http:\/\/www.uj.edu.pl\/SL\/ http:\/\/sjikp.us.edu.pl\/index.php http:\/\/www.ap.edu.pl\/main\/index.php http:\/\/www.polonica.edu.pl\/ www.sorbona.edu.pl www.polishcourse.org www.polonus-lodz.com www.varia-course.com<\/p>\n","protected":false},"author":1,"featured_media":0,"parent":522,"menu_order":0,"comment_status":"closed","ping_status":"closed","template":"","meta":{"inline_featured_image":false,"_monsterinsights_skip_tracking":false,"_monsterinsights_sitenote_active":false,"_monsterinsights_sitenote_note":"","_monsterinsights_sitenote_category":0,"footnotes":""},"class_list":["post-533","page","type-page","status-publish","hentry"],"yoast_head":"<!-- This site is optimized with the Yoast SEO plugin v24.6 - https:\/\/yoast.com\/wordpress\/plugins\/seo\/ -->\n<title>Inne og\u00f3lnodost\u0119pne kursy j\u0119zyka polskiego - Instytut Polski w Wilnie<\/title>\n<meta name=\"robots\" content=\"index, follow, max-snippet:-1, max-image-preview:large, max-video-preview:-1\" \/>\n<link rel=\"canonical\" href=\"https:\/\/instytutpolski.pl\/vilnius\/pl\/jezyk-polski\/inne-ogolnodostepne-kursy-jezyka-polskiego\/\" \/>\n<meta property=\"og:locale\" content=\"pl_PL\" \/>\n<meta property=\"og:type\" content=\"article\" \/>\n<meta property=\"og:title\" content=\"Inne og\u00f3lnodost\u0119pne kursy j\u0119zyka polskiego - Instytut Polski w Wilnie\" \/>\n<meta property=\"og:description\" content=\"P\u0142atne kursy j\u0119zyka polskiego w Polsce: http:\/\/www.kul.lublin.pl\/school\/ http:\/\/www.uj.edu.pl\/SL\/ http:\/\/sjikp.us.edu.pl\/index.php http:\/\/www.ap.edu.pl\/main\/index.php http:\/\/www.polonica.edu.pl\/ www.sorbona.edu.pl www.polishcourse.org www.polonus-lodz.com www.varia-course.com\" \/>\n<meta property=\"og:url\" content=\"https:\/\/instytutpolski.pl\/vilnius\/pl\/jezyk-polski\/inne-ogolnodostepne-kursy-jezyka-polskiego\/\" \/>\n<meta property=\"og:site_name\" content=\"Instytut Polski w Wilnie\" \/>\n<meta property=\"article:modified_time\" content=\"2022-11-28T07:44:09+00:00\" \/>\n<meta name=\"twitter:card\" content=\"summary_large_image\" \/>\n<meta name=\"twitter:label1\" content=\"Szacowany czas czytania\" \/>\n\t<meta name=\"twitter:data1\" content=\"1 minuta\" \/>\n<script type=\"application\/ld+json\" class=\"yoast-schema-graph\">{\"@context\":\"https:\/\/schema.org\",\"@graph\":[{\"@type\":\"WebPage\",\"@id\":\"https:\/\/instytutpolski.pl\/vilnius\/pl\/jezyk-polski\/inne-ogolnodostepne-kursy-jezyka-polskiego\/\",\"url\":\"https:\/\/instytutpolski.pl\/vilnius\/pl\/jezyk-polski\/inne-ogolnodostepne-kursy-jezyka-polskiego\/\",\"name\":\"Inne og\u00f3lnodost\u0119pne kursy j\u0119zyka polskiego - Instytut Polski w Wilnie\",\"isPartOf\":{\"@id\":\"https:\/\/instytutpolski.pl\/vilnius\/#website\"},\"datePublished\":\"2019-06-27T09:08:16+00:00\",\"dateModified\":\"2022-11-28T07:44:09+00:00\",\"breadcrumb\":{\"@id\":\"https:\/\/instytutpolski.pl\/vilnius\/pl\/jezyk-polski\/inne-ogolnodostepne-kursy-jezyka-polskiego\/#breadcrumb\"},\"inLanguage\":\"pl-PL\",\"potentialAction\":[{\"@type\":\"ReadAction\",\"target\":[\"https:\/\/instytutpolski.pl\/vilnius\/pl\/jezyk-polski\/inne-ogolnodostepne-kursy-jezyka-polskiego\/\"]}]},{\"@type\":\"BreadcrumbList\",\"@id\":\"https:\/\/instytutpolski.pl\/vilnius\/pl\/jezyk-polski\/inne-ogolnodostepne-kursy-jezyka-polskiego\/#breadcrumb\",\"itemListElement\":[{\"@type\":\"ListItem\",\"position\":1,\"name\":\"Home\",\"item\":\"https:\/\/instytutpolski.pl\/vilnius\/\"},{\"@type\":\"ListItem\",\"position\":2,\"name\":\"J\u0119zyk polski\",\"item\":\"https:\/\/instytutpolski.pl\/vilnius\/pl\/jezyk-polski\/\"},{\"@type\":\"ListItem\",\"position\":3,\"name\":\"Inne og\u00f3lnodost\u0119pne kursy j\u0119zyka polskiego\"}]},{\"@type\":\"WebSite\",\"@id\":\"https:\/\/instytutpolski.pl\/vilnius\/#website\",\"url\":\"https:\/\/instytutpolski.pl\/vilnius\/\",\"name\":\"Instytut Polski w Wilnie\",\"description\":\"Instytuty Polskie\",\"potentialAction\":[{\"@type\":\"SearchAction\",\"target\":{\"@type\":\"EntryPoint\",\"urlTemplate\":\"https:\/\/instytutpolski.pl\/vilnius\/?s={search_term_string}\"},\"query-input\":{\"@type\":\"PropertyValueSpecification\",\"valueRequired\":true,\"valueName\":\"search_term_string\"}}],\"inLanguage\":\"pl-PL\"}]}<\/script>\n<!-- \/ Yoast SEO plugin. -->","yoast_head_json":{"title":"Inne og\u00f3lnodost\u0119pne kursy j\u0119zyka polskiego - Instytut Polski w Wilnie","robots":{"index":"index","follow":"follow","max-snippet":"max-snippet:-1","max-image-preview":"max-image-preview:large","max-video-preview":"max-video-preview:-1"},"canonical":"https:\/\/instytutpolski.pl\/vilnius\/pl\/jezyk-polski\/inne-ogolnodostepne-kursy-jezyka-polskiego\/","og_locale":"pl_PL","og_type":"article","og_title":"Inne og\u00f3lnodost\u0119pne kursy j\u0119zyka polskiego - Instytut Polski w Wilnie","og_description":"P\u0142atne kursy j\u0119zyka polskiego w Polsce: http:\/\/www.kul.lublin.pl\/school\/ http:\/\/www.uj.edu.pl\/SL\/ http:\/\/sjikp.us.edu.pl\/index.php http:\/\/www.ap.edu.pl\/main\/index.php http:\/\/www.polonica.edu.pl\/ www.sorbona.edu.pl www.polishcourse.org www.polonus-lodz.com www.varia-course.com","og_url":"https:\/\/instytutpolski.pl\/vilnius\/pl\/jezyk-polski\/inne-ogolnodostepne-kursy-jezyka-polskiego\/","og_site_name":"Instytut Polski w Wilnie","article_modified_time":"2022-11-28T07:44:09+00:00","twitter_card":"summary_large_image","twitter_misc":{"Szacowany czas czytania":"1 minuta"},"schema":{"@context":"https:\/\/schema.org","@graph":[{"@type":"WebPage","@id":"https:\/\/instytutpolski.pl\/vilnius\/pl\/jezyk-polski\/inne-ogolnodostepne-kursy-jezyka-polskiego\/","url":"https:\/\/instytutpolski.pl\/vilnius\/pl\/jezyk-polski\/inne-ogolnodostepne-kursy-jezyka-polskiego\/","name":"Inne og\u00f3lnodost\u0119pne kursy j\u0119zyka polskiego - Instytut Polski w Wilnie","isPartOf":{"@id":"https:\/\/instytutpolski.pl\/vilnius\/#website"},"datePublished":"2019-06-27T09:08:16+00:00","dateModified":"2022-11-28T07:44:09+00:00","breadcrumb":{"@id":"https:\/\/instytutpolski.pl\/vilnius\/pl\/jezyk-polski\/inne-ogolnodostepne-kursy-jezyka-polskiego\/#breadcrumb"},"inLanguage":"pl-PL","potentialAction":[{"@type":"ReadAction","target":["https:\/\/instytutpolski.pl\/vilnius\/pl\/jezyk-polski\/inne-ogolnodostepne-kursy-jezyka-polskiego\/"]}]},{"@type":"BreadcrumbList","@id":"https:\/\/instytutpolski.pl\/vilnius\/pl\/jezyk-polski\/inne-ogolnodostepne-kursy-jezyka-polskiego\/#breadcrumb","itemListElement":[{"@type":"ListItem","position":1,"name":"Home","item":"https:\/\/instytutpolski.pl\/vilnius\/"},{"@type":"ListItem","position":2,"name":"J\u0119zyk polski","item":"https:\/\/instytutpolski.pl\/vilnius\/pl\/jezyk-polski\/"},{"@type":"ListItem","position":3,"name":"Inne og\u00f3lnodost\u0119pne kursy j\u0119zyka polskiego"}]},{"@type":"WebSite","@id":"https:\/\/instytutpolski.pl\/vilnius\/#website","url":"https:\/\/instytutpolski.pl\/vilnius\/","name":"Instytut Polski w Wilnie","description":"Instytuty Polskie","potentialAction":[{"@type":"SearchAction","target":{"@type":"EntryPoint","urlTemplate":"https:\/\/instytutpolski.pl\/vilnius\/?s={search_term_string}"},"query-input":{"@type":"PropertyValueSpecification","valueRequired":true,"valueName":"search_term_string"}}],"inLanguage":"pl-PL"}]}},"_links":{"self":[{"href":"https:\/\/instytutpolski.pl\/vilnius\/wp-json\/wp\/v2\/pages\/533","targetHints":{"allow":["GET"]}}],"collection":[{"href":"https:\/\/instytutpolski.pl\/vilnius\/wp-json\/wp\/v2\/pages"}],"about":[{"href":"https:\/\/instytutpolski.pl\/vilnius\/wp-json\/wp\/v2\/types\/page"}],"author":[{"embeddable":true,"href":"https:\/\/instytutpolski.pl\/vilnius\/wp-json\/wp\/v2\/users\/1"}],"replies":[{"embeddable":true,"href":"https:\/\/instytutpolski.pl\/vilnius\/wp-json\/wp\/v2\/comments?post=533"}],"version-history":[{"count":3,"href":"https:\/\/instytutpolski.pl\/vilnius\/wp-json\/wp\/v2\/pages\/533\/revisions"}],"predecessor-version":[{"id":4482,"href":"https:\/\/instytutpolski.pl\/vilnius\/wp-json\/wp\/v2\/pages\/533\/revisions\/4482"}],"up":[{"embeddable":true,"href":"https:\/\/instytutpolski.pl\/vilnius\/wp-json\/wp\/v2\/pages\/522"}],"wp:attachment":[{"href":"https:\/\/instytutpolski.pl\/vilnius\/wp-json\/wp\/v2\/media?parent=533"}],"curies":[{"name":"wp","href":"https:\/\/api.w.org\/{rel}","templated":true}]}}