{"id":535,"date":"2019-06-27T11:08:55","date_gmt":"2019-06-27T09:08:55","guid":{"rendered":"https:\/\/instytutpolski.pl\/wilno\/?page_id=535"},"modified":"2022-09-15T10:30:31","modified_gmt":"2022-09-15T08:30:31","slug":"lenku-kalbos-kursai-aukstosiose-mokyklose","status":"publish","type":"page","link":"https:\/\/instytutpolski.pl\/vilnius\/lenku-kalba\/lenku-kalbos-kursai-aukstosiose-mokyklose\/","title":{"rendered":"Lenk\u0173 kalbos kursai auk\u0161tosiose mokyklose"},"content":{"rendered":"\n<p><strong>Lenk\u0173 kalbos kursai Lietuvos auk\u0161tosiose mokyklose<\/strong><\/p>\n<p><span style=\"color: #993300\"><strong>Vytauto Did\u017eiojo universitetas<\/strong><\/span><br \/>U\u017esienio kalb\u0173 institutas<br \/>Kurs\u0173 lygis: A1 ir A2<br \/>Kursus veda dr. Irena Mikla\u0161evi\u010d<br \/>Informacija: <a href=\"mailto:uki@vdu.lt\">uki@vdu.lt<\/a><br \/><em><span style=\"text-decoration: underline\">Kursai skirti VDU studentams<\/span><\/em><\/p>\n<p><strong><span style=\"color: #993300\">Vilniaus dail\u0117s akademija<br \/><\/span><\/strong>Dail\u0117s istorijos ir teorijos katedra<br \/>Kurs\u0173 ligys: A1 ir A2<br \/>Kursus veda Danuta Teresa Bala\u0161aitien\u0117<br \/>Informacija: <a href=\"mailto:vda@vda.lt\">vda@vda.lt<\/a>;\u00a0 <a href=\"mailto:dailetyra@vda.lt\">dailetyra@vda.lt<\/a>\u00a0 \u00a0<br \/><em><span style=\"text-decoration: underline\">Kursai skirti VDA studentams<\/span><\/em><\/p>\n","protected":false},"excerpt":{"rendered":"<p>Lenk\u0173 kalbos kursai Lietuvos auk\u0161tosiose mokyklose Vytauto Did\u017eiojo universitetasU\u017esienio kalb\u0173 institutasKurs\u0173 lygis: A1 ir A2Kursus veda dr. Irena Mikla\u0161evi\u010dInformacija: uki@vdu.ltKursai skirti VDU studentams Vilniaus dail\u0117s akademijaDail\u0117s istorijos ir teorijos katedraKurs\u0173 ligys: A1 ir A2Kursus veda Danuta Teresa Bala\u0161aitien\u0117Informacija: vda@vda.lt;\u00a0 dailetyra@vda.lt\u00a0 \u00a0Kursai skirti VDA studentams<\/p>\n","protected":false},"author":1,"featured_media":536,"parent":518,"menu_order":0,"comment_status":"closed","ping_status":"closed","template":"","meta":{"inline_featured_image":false,"_monsterinsights_skip_tracking":false,"_monsterinsights_sitenote_active":false,"_monsterinsights_sitenote_note":"","_monsterinsights_sitenote_category":0,"footnotes":""},"class_list":["post-535","page","type-page","status-publish","has-post-thumbnail","hentry"],"yoast_head":"<!-- This site is optimized with the Yoast SEO plugin v24.6 - https:\/\/yoast.com\/wordpress\/plugins\/seo\/ -->\n<title>Lenk\u0173 kalbos kursai auk\u0161tosiose mokyklose - Instytut Polski w Wilnie<\/title>\n<meta name=\"robots\" content=\"index, follow, max-snippet:-1, max-image-preview:large, max-video-preview:-1\" \/>\n<link rel=\"canonical\" href=\"https:\/\/instytutpolski.pl\/vilnius\/lenku-kalba\/lenku-kalbos-kursai-aukstosiose-mokyklose\/\" \/>\n<meta property=\"og:locale\" content=\"pl_PL\" \/>\n<meta property=\"og:type\" content=\"article\" \/>\n<meta property=\"og:title\" content=\"Lenk\u0173 kalbos kursai auk\u0161tosiose mokyklose - Instytut Polski w Wilnie\" \/>\n<meta property=\"og:description\" content=\"Lenk\u0173 kalbos kursai Lietuvos auk\u0161tosiose mokyklose Vytauto Did\u017eiojo universitetasU\u017esienio kalb\u0173 institutasKurs\u0173 lygis: A1 ir A2Kursus veda dr. Irena Mikla\u0161evi\u010dInformacija: uki@vdu.ltKursai skirti VDU studentams Vilniaus dail\u0117s akademijaDail\u0117s istorijos ir teorijos katedraKurs\u0173 ligys: A1 ir A2Kursus veda Danuta Teresa Bala\u0161aitien\u0117Informacija: vda@vda.lt;\u00a0 dailetyra@vda.lt\u00a0 \u00a0Kursai skirti VDA studentams\" \/>\n<meta property=\"og:url\" content=\"https:\/\/instytutpolski.pl\/vilnius\/lenku-kalba\/lenku-kalbos-kursai-aukstosiose-mokyklose\/\" \/>\n<meta property=\"og:site_name\" content=\"Instytut Polski w Wilnie\" \/>\n<meta property=\"article:modified_time\" content=\"2022-09-15T08:30:31+00:00\" \/>\n<meta property=\"og:image\" content=\"https:\/\/instytutpolski.pl\/vilnius\/wp-content\/uploads\/sites\/24\/2019\/06\/lektoraty-jezyka-polskiego.jpg\" \/>\n\t<meta property=\"og:image:width\" content=\"1920\" \/>\n\t<meta property=\"og:image:height\" content=\"700\" \/>\n\t<meta property=\"og:image:type\" content=\"image\/jpeg\" \/>\n<meta name=\"twitter:card\" content=\"summary_large_image\" \/>\n<meta name=\"twitter:label1\" content=\"Szacowany czas czytania\" \/>\n\t<meta name=\"twitter:data1\" content=\"1 minuta\" \/>\n<script type=\"application\/ld+json\" class=\"yoast-schema-graph\">{\"@context\":\"https:\/\/schema.org\",\"@graph\":[{\"@type\":\"WebPage\",\"@id\":\"https:\/\/instytutpolski.pl\/vilnius\/lenku-kalba\/lenku-kalbos-kursai-aukstosiose-mokyklose\/\",\"url\":\"https:\/\/instytutpolski.pl\/vilnius\/lenku-kalba\/lenku-kalbos-kursai-aukstosiose-mokyklose\/\",\"name\":\"Lenk\u0173 kalbos kursai auk\u0161tosiose mokyklose - Instytut Polski w Wilnie\",\"isPartOf\":{\"@id\":\"https:\/\/instytutpolski.pl\/vilnius\/#website\"},\"primaryImageOfPage\":{\"@id\":\"https:\/\/instytutpolski.pl\/vilnius\/lenku-kalba\/lenku-kalbos-kursai-aukstosiose-mokyklose\/#primaryimage\"},\"image\":{\"@id\":\"https:\/\/instytutpolski.pl\/vilnius\/lenku-kalba\/lenku-kalbos-kursai-aukstosiose-mokyklose\/#primaryimage\"},\"thumbnailUrl\":\"https:\/\/instytutpolski.pl\/vilnius\/wp-content\/uploads\/sites\/24\/2019\/06\/lektoraty-jezyka-polskiego.jpg\",\"datePublished\":\"2019-06-27T09:08:55+00:00\",\"dateModified\":\"2022-09-15T08:30:31+00:00\",\"breadcrumb\":{\"@id\":\"https:\/\/instytutpolski.pl\/vilnius\/lenku-kalba\/lenku-kalbos-kursai-aukstosiose-mokyklose\/#breadcrumb\"},\"inLanguage\":\"pl-PL\",\"potentialAction\":[{\"@type\":\"ReadAction\",\"target\":[\"https:\/\/instytutpolski.pl\/vilnius\/lenku-kalba\/lenku-kalbos-kursai-aukstosiose-mokyklose\/\"]}]},{\"@type\":\"ImageObject\",\"inLanguage\":\"pl-PL\",\"@id\":\"https:\/\/instytutpolski.pl\/vilnius\/lenku-kalba\/lenku-kalbos-kursai-aukstosiose-mokyklose\/#primaryimage\",\"url\":\"https:\/\/instytutpolski.pl\/vilnius\/wp-content\/uploads\/sites\/24\/2019\/06\/lektoraty-jezyka-polskiego.jpg\",\"contentUrl\":\"https:\/\/instytutpolski.pl\/vilnius\/wp-content\/uploads\/sites\/24\/2019\/06\/lektoraty-jezyka-polskiego.jpg\",\"width\":1920,\"height\":700},{\"@type\":\"BreadcrumbList\",\"@id\":\"https:\/\/instytutpolski.pl\/vilnius\/lenku-kalba\/lenku-kalbos-kursai-aukstosiose-mokyklose\/#breadcrumb\",\"itemListElement\":[{\"@type\":\"ListItem\",\"position\":1,\"name\":\"Home\",\"item\":\"https:\/\/instytutpolski.pl\/vilnius\/\"},{\"@type\":\"ListItem\",\"position\":2,\"name\":\"Lenk\u0173 kalba\",\"item\":\"https:\/\/instytutpolski.pl\/vilnius\/lenku-kalba\/\"},{\"@type\":\"ListItem\",\"position\":3,\"name\":\"Lenk\u0173 kalbos kursai auk\u0161tosiose mokyklose\"}]},{\"@type\":\"WebSite\",\"@id\":\"https:\/\/instytutpolski.pl\/vilnius\/#website\",\"url\":\"https:\/\/instytutpolski.pl\/vilnius\/\",\"name\":\"Instytut Polski w Wilnie\",\"description\":\"Instytuty Polskie\",\"potentialAction\":[{\"@type\":\"SearchAction\",\"target\":{\"@type\":\"EntryPoint\",\"urlTemplate\":\"https:\/\/instytutpolski.pl\/vilnius\/?s={search_term_string}\"},\"query-input\":{\"@type\":\"PropertyValueSpecification\",\"valueRequired\":true,\"valueName\":\"search_term_string\"}}],\"inLanguage\":\"pl-PL\"}]}<\/script>\n<!-- \/ Yoast SEO plugin. -->","yoast_head_json":{"title":"Lenk\u0173 kalbos kursai auk\u0161tosiose mokyklose - Instytut Polski w Wilnie","robots":{"index":"index","follow":"follow","max-snippet":"max-snippet:-1","max-image-preview":"max-image-preview:large","max-video-preview":"max-video-preview:-1"},"canonical":"https:\/\/instytutpolski.pl\/vilnius\/lenku-kalba\/lenku-kalbos-kursai-aukstosiose-mokyklose\/","og_locale":"pl_PL","og_type":"article","og_title":"Lenk\u0173 kalbos kursai auk\u0161tosiose mokyklose - Instytut Polski w Wilnie","og_description":"Lenk\u0173 kalbos kursai Lietuvos auk\u0161tosiose mokyklose Vytauto Did\u017eiojo universitetasU\u017esienio kalb\u0173 institutasKurs\u0173 lygis: A1 ir A2Kursus veda dr. Irena Mikla\u0161evi\u010dInformacija: uki@vdu.ltKursai skirti VDU studentams Vilniaus dail\u0117s akademijaDail\u0117s istorijos ir teorijos katedraKurs\u0173 ligys: A1 ir A2Kursus veda Danuta Teresa Bala\u0161aitien\u0117Informacija: vda@vda.lt;\u00a0 dailetyra@vda.lt\u00a0 \u00a0Kursai skirti VDA studentams","og_url":"https:\/\/instytutpolski.pl\/vilnius\/lenku-kalba\/lenku-kalbos-kursai-aukstosiose-mokyklose\/","og_site_name":"Instytut Polski w Wilnie","article_modified_time":"2022-09-15T08:30:31+00:00","og_image":[{"width":1920,"height":700,"url":"https:\/\/instytutpolski.pl\/vilnius\/wp-content\/uploads\/sites\/24\/2019\/06\/lektoraty-jezyka-polskiego.jpg","type":"image\/jpeg"}],"twitter_card":"summary_large_image","twitter_misc":{"Szacowany czas czytania":"1 minuta"},"schema":{"@context":"https:\/\/schema.org","@graph":[{"@type":"WebPage","@id":"https:\/\/instytutpolski.pl\/vilnius\/lenku-kalba\/lenku-kalbos-kursai-aukstosiose-mokyklose\/","url":"https:\/\/instytutpolski.pl\/vilnius\/lenku-kalba\/lenku-kalbos-kursai-aukstosiose-mokyklose\/","name":"Lenk\u0173 kalbos kursai auk\u0161tosiose mokyklose - Instytut Polski w Wilnie","isPartOf":{"@id":"https:\/\/instytutpolski.pl\/vilnius\/#website"},"primaryImageOfPage":{"@id":"https:\/\/instytutpolski.pl\/vilnius\/lenku-kalba\/lenku-kalbos-kursai-aukstosiose-mokyklose\/#primaryimage"},"image":{"@id":"https:\/\/instytutpolski.pl\/vilnius\/lenku-kalba\/lenku-kalbos-kursai-aukstosiose-mokyklose\/#primaryimage"},"thumbnailUrl":"https:\/\/instytutpolski.pl\/vilnius\/wp-content\/uploads\/sites\/24\/2019\/06\/lektoraty-jezyka-polskiego.jpg","datePublished":"2019-06-27T09:08:55+00:00","dateModified":"2022-09-15T08:30:31+00:00","breadcrumb":{"@id":"https:\/\/instytutpolski.pl\/vilnius\/lenku-kalba\/lenku-kalbos-kursai-aukstosiose-mokyklose\/#breadcrumb"},"inLanguage":"pl-PL","potentialAction":[{"@type":"ReadAction","target":["https:\/\/instytutpolski.pl\/vilnius\/lenku-kalba\/lenku-kalbos-kursai-aukstosiose-mokyklose\/"]}]},{"@type":"ImageObject","inLanguage":"pl-PL","@id":"https:\/\/instytutpolski.pl\/vilnius\/lenku-kalba\/lenku-kalbos-kursai-aukstosiose-mokyklose\/#primaryimage","url":"https:\/\/instytutpolski.pl\/vilnius\/wp-content\/uploads\/sites\/24\/2019\/06\/lektoraty-jezyka-polskiego.jpg","contentUrl":"https:\/\/instytutpolski.pl\/vilnius\/wp-content\/uploads\/sites\/24\/2019\/06\/lektoraty-jezyka-polskiego.jpg","width":1920,"height":700},{"@type":"BreadcrumbList","@id":"https:\/\/instytutpolski.pl\/vilnius\/lenku-kalba\/lenku-kalbos-kursai-aukstosiose-mokyklose\/#breadcrumb","itemListElement":[{"@type":"ListItem","position":1,"name":"Home","item":"https:\/\/instytutpolski.pl\/vilnius\/"},{"@type":"ListItem","position":2,"name":"Lenk\u0173 kalba","item":"https:\/\/instytutpolski.pl\/vilnius\/lenku-kalba\/"},{"@type":"ListItem","position":3,"name":"Lenk\u0173 kalbos kursai auk\u0161tosiose mokyklose"}]},{"@type":"WebSite","@id":"https:\/\/instytutpolski.pl\/vilnius\/#website","url":"https:\/\/instytutpolski.pl\/vilnius\/","name":"Instytut Polski w Wilnie","description":"Instytuty Polskie","potentialAction":[{"@type":"SearchAction","target":{"@type":"EntryPoint","urlTemplate":"https:\/\/instytutpolski.pl\/vilnius\/?s={search_term_string}"},"query-input":{"@type":"PropertyValueSpecification","valueRequired":true,"valueName":"search_term_string"}}],"inLanguage":"pl-PL"}]}},"_links":{"self":[{"href":"https:\/\/instytutpolski.pl\/vilnius\/wp-json\/wp\/v2\/pages\/535","targetHints":{"allow":["GET"]}}],"collection":[{"href":"https:\/\/instytutpolski.pl\/vilnius\/wp-json\/wp\/v2\/pages"}],"about":[{"href":"https:\/\/instytutpolski.pl\/vilnius\/wp-json\/wp\/v2\/types\/page"}],"author":[{"embeddable":true,"href":"https:\/\/instytutpolski.pl\/vilnius\/wp-json\/wp\/v2\/users\/1"}],"replies":[{"embeddable":true,"href":"https:\/\/instytutpolski.pl\/vilnius\/wp-json\/wp\/v2\/comments?post=535"}],"version-history":[{"count":4,"href":"https:\/\/instytutpolski.pl\/vilnius\/wp-json\/wp\/v2\/pages\/535\/revisions"}],"predecessor-version":[{"id":4158,"href":"https:\/\/instytutpolski.pl\/vilnius\/wp-json\/wp\/v2\/pages\/535\/revisions\/4158"}],"up":[{"embeddable":true,"href":"https:\/\/instytutpolski.pl\/vilnius\/wp-json\/wp\/v2\/pages\/518"}],"wp:featuredmedia":[{"embeddable":true,"href":"https:\/\/instytutpolski.pl\/vilnius\/wp-json\/wp\/v2\/media\/536"}],"wp:attachment":[{"href":"https:\/\/instytutpolski.pl\/vilnius\/wp-json\/wp\/v2\/media?parent=535"}],"curies":[{"name":"wp","href":"https:\/\/api.w.org\/{rel}","templated":true}]}}