{"id":541,"date":"2019-06-27T11:09:32","date_gmt":"2019-06-27T09:09:32","guid":{"rendered":"https:\/\/instytutpolski.pl\/wilno\/?page_id=541"},"modified":"2020-01-21T16:41:38","modified_gmt":"2020-01-21T15:41:38","slug":"ziniu-apie-lenkija-studijos","status":"publish","type":"page","link":"https:\/\/instytutpolski.pl\/vilnius\/lenku-kalba\/ziniu-apie-lenkija-studijos\/","title":{"rendered":"\u017dini\u0173 apie Lenkij\u0105 studijos"},"content":{"rendered":"\n<p>Tokio tipo studijos Lietuvoje n\u0117ra vykdomos.<\/p>\n","protected":false},"excerpt":{"rendered":"<p>Tokio tipo studijos Lietuvoje n\u0117ra vykdomos.<\/p>\n","protected":false},"author":1,"featured_media":542,"parent":518,"menu_order":0,"comment_status":"closed","ping_status":"closed","template":"","meta":{"inline_featured_image":false,"_monsterinsights_skip_tracking":false,"_monsterinsights_sitenote_active":false,"_monsterinsights_sitenote_note":"","_monsterinsights_sitenote_category":0,"footnotes":""},"class_list":["post-541","page","type-page","status-publish","has-post-thumbnail","hentry"],"yoast_head":"<!-- This site is optimized with the Yoast SEO plugin v24.6 - https:\/\/yoast.com\/wordpress\/plugins\/seo\/ -->\n<title>\u017dini\u0173 apie Lenkij\u0105 studijos - Instytut Polski w Wilnie<\/title>\n<meta name=\"robots\" content=\"index, follow, max-snippet:-1, max-image-preview:large, max-video-preview:-1\" \/>\n<link rel=\"canonical\" href=\"https:\/\/instytutpolski.pl\/vilnius\/lenku-kalba\/ziniu-apie-lenkija-studijos\/\" \/>\n<meta property=\"og:locale\" content=\"pl_PL\" \/>\n<meta property=\"og:type\" content=\"article\" \/>\n<meta property=\"og:title\" content=\"\u017dini\u0173 apie Lenkij\u0105 studijos - Instytut Polski w Wilnie\" \/>\n<meta property=\"og:description\" content=\"Tokio tipo studijos Lietuvoje n\u0117ra vykdomos.\" \/>\n<meta property=\"og:url\" content=\"https:\/\/instytutpolski.pl\/vilnius\/lenku-kalba\/ziniu-apie-lenkija-studijos\/\" \/>\n<meta property=\"og:site_name\" content=\"Instytut Polski w Wilnie\" \/>\n<meta property=\"article:modified_time\" content=\"2020-01-21T15:41:38+00:00\" \/>\n<meta property=\"og:image\" content=\"https:\/\/instytutpolski.pl\/vilnius\/wp-content\/uploads\/sites\/24\/2019\/06\/studia-polonoznawcze.jpg\" \/>\n\t<meta property=\"og:image:width\" content=\"1920\" \/>\n\t<meta property=\"og:image:height\" content=\"700\" \/>\n\t<meta property=\"og:image:type\" content=\"image\/jpeg\" \/>\n<meta name=\"twitter:card\" content=\"summary_large_image\" \/>\n<script type=\"application\/ld+json\" class=\"yoast-schema-graph\">{\"@context\":\"https:\/\/schema.org\",\"@graph\":[{\"@type\":\"WebPage\",\"@id\":\"https:\/\/instytutpolski.pl\/vilnius\/lenku-kalba\/ziniu-apie-lenkija-studijos\/\",\"url\":\"https:\/\/instytutpolski.pl\/vilnius\/lenku-kalba\/ziniu-apie-lenkija-studijos\/\",\"name\":\"\u017dini\u0173 apie Lenkij\u0105 studijos - Instytut Polski w Wilnie\",\"isPartOf\":{\"@id\":\"https:\/\/instytutpolski.pl\/vilnius\/#website\"},\"primaryImageOfPage\":{\"@id\":\"https:\/\/instytutpolski.pl\/vilnius\/lenku-kalba\/ziniu-apie-lenkija-studijos\/#primaryimage\"},\"image\":{\"@id\":\"https:\/\/instytutpolski.pl\/vilnius\/lenku-kalba\/ziniu-apie-lenkija-studijos\/#primaryimage\"},\"thumbnailUrl\":\"https:\/\/instytutpolski.pl\/vilnius\/wp-content\/uploads\/sites\/24\/2019\/06\/studia-polonoznawcze.jpg\",\"datePublished\":\"2019-06-27T09:09:32+00:00\",\"dateModified\":\"2020-01-21T15:41:38+00:00\",\"breadcrumb\":{\"@id\":\"https:\/\/instytutpolski.pl\/vilnius\/lenku-kalba\/ziniu-apie-lenkija-studijos\/#breadcrumb\"},\"inLanguage\":\"pl-PL\",\"potentialAction\":[{\"@type\":\"ReadAction\",\"target\":[\"https:\/\/instytutpolski.pl\/vilnius\/lenku-kalba\/ziniu-apie-lenkija-studijos\/\"]}]},{\"@type\":\"ImageObject\",\"inLanguage\":\"pl-PL\",\"@id\":\"https:\/\/instytutpolski.pl\/vilnius\/lenku-kalba\/ziniu-apie-lenkija-studijos\/#primaryimage\",\"url\":\"https:\/\/instytutpolski.pl\/vilnius\/wp-content\/uploads\/sites\/24\/2019\/06\/studia-polonoznawcze.jpg\",\"contentUrl\":\"https:\/\/instytutpolski.pl\/vilnius\/wp-content\/uploads\/sites\/24\/2019\/06\/studia-polonoznawcze.jpg\",\"width\":1920,\"height\":700},{\"@type\":\"BreadcrumbList\",\"@id\":\"https:\/\/instytutpolski.pl\/vilnius\/lenku-kalba\/ziniu-apie-lenkija-studijos\/#breadcrumb\",\"itemListElement\":[{\"@type\":\"ListItem\",\"position\":1,\"name\":\"Home\",\"item\":\"https:\/\/instytutpolski.pl\/vilnius\/\"},{\"@type\":\"ListItem\",\"position\":2,\"name\":\"Lenk\u0173 kalba\",\"item\":\"https:\/\/instytutpolski.pl\/vilnius\/lenku-kalba\/\"},{\"@type\":\"ListItem\",\"position\":3,\"name\":\"\u017dini\u0173 apie Lenkij\u0105 studijos\"}]},{\"@type\":\"WebSite\",\"@id\":\"https:\/\/instytutpolski.pl\/vilnius\/#website\",\"url\":\"https:\/\/instytutpolski.pl\/vilnius\/\",\"name\":\"Instytut Polski w Wilnie\",\"description\":\"Instytuty Polskie\",\"potentialAction\":[{\"@type\":\"SearchAction\",\"target\":{\"@type\":\"EntryPoint\",\"urlTemplate\":\"https:\/\/instytutpolski.pl\/vilnius\/?s={search_term_string}\"},\"query-input\":{\"@type\":\"PropertyValueSpecification\",\"valueRequired\":true,\"valueName\":\"search_term_string\"}}],\"inLanguage\":\"pl-PL\"}]}<\/script>\n<!-- \/ Yoast SEO plugin. -->","yoast_head_json":{"title":"\u017dini\u0173 apie Lenkij\u0105 studijos - Instytut Polski w Wilnie","robots":{"index":"index","follow":"follow","max-snippet":"max-snippet:-1","max-image-preview":"max-image-preview:large","max-video-preview":"max-video-preview:-1"},"canonical":"https:\/\/instytutpolski.pl\/vilnius\/lenku-kalba\/ziniu-apie-lenkija-studijos\/","og_locale":"pl_PL","og_type":"article","og_title":"\u017dini\u0173 apie Lenkij\u0105 studijos - Instytut Polski w Wilnie","og_description":"Tokio tipo studijos Lietuvoje n\u0117ra vykdomos.","og_url":"https:\/\/instytutpolski.pl\/vilnius\/lenku-kalba\/ziniu-apie-lenkija-studijos\/","og_site_name":"Instytut Polski w Wilnie","article_modified_time":"2020-01-21T15:41:38+00:00","og_image":[{"width":1920,"height":700,"url":"https:\/\/instytutpolski.pl\/vilnius\/wp-content\/uploads\/sites\/24\/2019\/06\/studia-polonoznawcze.jpg","type":"image\/jpeg"}],"twitter_card":"summary_large_image","schema":{"@context":"https:\/\/schema.org","@graph":[{"@type":"WebPage","@id":"https:\/\/instytutpolski.pl\/vilnius\/lenku-kalba\/ziniu-apie-lenkija-studijos\/","url":"https:\/\/instytutpolski.pl\/vilnius\/lenku-kalba\/ziniu-apie-lenkija-studijos\/","name":"\u017dini\u0173 apie Lenkij\u0105 studijos - Instytut Polski w Wilnie","isPartOf":{"@id":"https:\/\/instytutpolski.pl\/vilnius\/#website"},"primaryImageOfPage":{"@id":"https:\/\/instytutpolski.pl\/vilnius\/lenku-kalba\/ziniu-apie-lenkija-studijos\/#primaryimage"},"image":{"@id":"https:\/\/instytutpolski.pl\/vilnius\/lenku-kalba\/ziniu-apie-lenkija-studijos\/#primaryimage"},"thumbnailUrl":"https:\/\/instytutpolski.pl\/vilnius\/wp-content\/uploads\/sites\/24\/2019\/06\/studia-polonoznawcze.jpg","datePublished":"2019-06-27T09:09:32+00:00","dateModified":"2020-01-21T15:41:38+00:00","breadcrumb":{"@id":"https:\/\/instytutpolski.pl\/vilnius\/lenku-kalba\/ziniu-apie-lenkija-studijos\/#breadcrumb"},"inLanguage":"pl-PL","potentialAction":[{"@type":"ReadAction","target":["https:\/\/instytutpolski.pl\/vilnius\/lenku-kalba\/ziniu-apie-lenkija-studijos\/"]}]},{"@type":"ImageObject","inLanguage":"pl-PL","@id":"https:\/\/instytutpolski.pl\/vilnius\/lenku-kalba\/ziniu-apie-lenkija-studijos\/#primaryimage","url":"https:\/\/instytutpolski.pl\/vilnius\/wp-content\/uploads\/sites\/24\/2019\/06\/studia-polonoznawcze.jpg","contentUrl":"https:\/\/instytutpolski.pl\/vilnius\/wp-content\/uploads\/sites\/24\/2019\/06\/studia-polonoznawcze.jpg","width":1920,"height":700},{"@type":"BreadcrumbList","@id":"https:\/\/instytutpolski.pl\/vilnius\/lenku-kalba\/ziniu-apie-lenkija-studijos\/#breadcrumb","itemListElement":[{"@type":"ListItem","position":1,"name":"Home","item":"https:\/\/instytutpolski.pl\/vilnius\/"},{"@type":"ListItem","position":2,"name":"Lenk\u0173 kalba","item":"https:\/\/instytutpolski.pl\/vilnius\/lenku-kalba\/"},{"@type":"ListItem","position":3,"name":"\u017dini\u0173 apie Lenkij\u0105 studijos"}]},{"@type":"WebSite","@id":"https:\/\/instytutpolski.pl\/vilnius\/#website","url":"https:\/\/instytutpolski.pl\/vilnius\/","name":"Instytut Polski w Wilnie","description":"Instytuty Polskie","potentialAction":[{"@type":"SearchAction","target":{"@type":"EntryPoint","urlTemplate":"https:\/\/instytutpolski.pl\/vilnius\/?s={search_term_string}"},"query-input":{"@type":"PropertyValueSpecification","valueRequired":true,"valueName":"search_term_string"}}],"inLanguage":"pl-PL"}]}},"_links":{"self":[{"href":"https:\/\/instytutpolski.pl\/vilnius\/wp-json\/wp\/v2\/pages\/541","targetHints":{"allow":["GET"]}}],"collection":[{"href":"https:\/\/instytutpolski.pl\/vilnius\/wp-json\/wp\/v2\/pages"}],"about":[{"href":"https:\/\/instytutpolski.pl\/vilnius\/wp-json\/wp\/v2\/types\/page"}],"author":[{"embeddable":true,"href":"https:\/\/instytutpolski.pl\/vilnius\/wp-json\/wp\/v2\/users\/1"}],"replies":[{"embeddable":true,"href":"https:\/\/instytutpolski.pl\/vilnius\/wp-json\/wp\/v2\/comments?post=541"}],"version-history":[{"count":3,"href":"https:\/\/instytutpolski.pl\/vilnius\/wp-json\/wp\/v2\/pages\/541\/revisions"}],"predecessor-version":[{"id":842,"href":"https:\/\/instytutpolski.pl\/vilnius\/wp-json\/wp\/v2\/pages\/541\/revisions\/842"}],"up":[{"embeddable":true,"href":"https:\/\/instytutpolski.pl\/vilnius\/wp-json\/wp\/v2\/pages\/518"}],"wp:featuredmedia":[{"embeddable":true,"href":"https:\/\/instytutpolski.pl\/vilnius\/wp-json\/wp\/v2\/media\/542"}],"wp:attachment":[{"href":"https:\/\/instytutpolski.pl\/vilnius\/wp-json\/wp\/v2\/media?parent=541"}],"curies":[{"name":"wp","href":"https:\/\/api.w.org\/{rel}","templated":true}]}}