{"id":547,"date":"2019-06-27T11:10:58","date_gmt":"2019-06-27T09:10:58","guid":{"rendered":"https:\/\/instytutpolski.pl\/wilno\/?page_id=547"},"modified":"2023-02-08T10:54:37","modified_gmt":"2023-02-08T09:54:37","slug":"lenku-kalbos-sertifikatas","status":"publish","type":"page","link":"https:\/\/instytutpolski.pl\/vilnius\/pl\/jezyk-polski\/lenku-kalbos-sertifikatas\/","title":{"rendered":"Certyfikacja znajomo\u015bci j\u0119zyka polskiego"},"content":{"rendered":"\n<p><strong>Egzamin certyfikatowy z j\u0119zyka polskiego jako obcego<\/strong><\/p>\n<p>W 2022 roku Wydzia\u0142 Filologicznym Uniwersytetu Wile\u0144skiego do\u0142\u0105czy\u0142 do elitarnego grona o\u015brodk\u00f3w maj\u0105cych prawo do przeprowadzania egzamin\u00f3w certyfikatowych z j\u0119zyka polskiego jako obcego.<\/p>\n<p>Certyfikat z j\u0119zyka polskiego jako obcego jest jedynym pa\u0144stwowym dokumentem po\u015bwiadczaj\u0105cym znajomo\u015b\u0107 j\u0119zyka polskiego. Do egzaminu przyst\u0119puj\u0105 osoby, kt\u00f3re chcia\u0142yby udokumentowa\u0107 poziom swojej znajomo\u015bci j\u0119zyka polskiego. Certyfikat jest dokumentem, o kt\u00f3ry ubiegaj\u0105 si\u0119 nie tylko cudzoziemcy staraj\u0105cy si\u0119 o polskie obywatelstwo, ale r\u00f3wnie\u017c przyszli studenci polskich uczelni oraz osoby chc\u0105ce rozpocz\u0105\u0107 prac\u0119 w Polsce. O certyfikat staraj\u0105 te\u017c Polacy sta\u0142e mieszkaj\u0105cy poza granicami kraju, kt\u00f3rzy w znajomo\u015bci j\u0119zyka polskiego widz\u0105 sw\u00f3j silny atut na \u015bwiatowym rynku pracy. Coraz cz\u0119\u015bciej certyfikat j\u0119zykowy wymagany jest od zatrudnianych w Polsce cudzoziemc\u00f3w w przypadku zajmowania przez nich stanowisk, na kt\u00f3rych pos\u0142ugiwa\u0107 si\u0119 b\u0119d\u0105 j\u0119zykiem polskim, np. w s\u0142u\u017cbie zdrowia lub cywilnej. Certyfikat zdobywaj\u0105 te\u017c zagraniczni studenci odbywaj\u0105cy w Polsce studia lub cudzoziemcy staraj\u0105cy si\u0119 o miejsce na polskiej uczelni. Certyfikat zwalnia osoby planuj\u0105ce dalsz\u0105 nauk\u0119 w Polsce z obowi\u0105zkowych kurs\u00f3w j\u0119zyka polskiego.<\/p>\n<p>Podczas sesji egzaminacyjnych zaplanowanych na 2023 rok zainteresowani b\u0119d\u0105 mieli mo\u017cliwo\u015b\u0107 zdobycia certyfikatu potwierdzaj\u0105cego znajomo\u015b\u0107 j\u0119zyka polskiego na poziomie B1, B2, C1 lub C2 zgodnie z wytycznymi Europejskiego Systemu Opisu Kszta\u0142cenia J\u0119zykowego (<a href=\"https:\/\/europa.eu\/europass\/pl\/common-european-framework-reference-language-skills\">https:\/\/europa.eu\/europass\/pl\/common-european-framework-reference-language-skills<\/a>). Podczas egzaminu sprawdzane i oceniane s\u0105 najwa\u017cniejsze kompetencje j\u0119zykowe: rozumienie ze s\u0142uchu, poprawno\u015b\u0107 gramatyczna, rozumienie tekst\u00f3w pisanych, pisanie oraz m\u00f3wienie. Egzamin sk\u0142ada si\u0119 z dw\u00f3ch cz\u0119\u015bci \u2013 pisemnej oraz ustnej. Do egzaminu przyst\u0105pi\u0107 mo\u017ce ka\u017cdy doros\u0142y (po uko\u0144czeniu 18 roku \u017cycia) obcokrajowiec lub Polak mieszaj\u0105cy poza granicami kraju (posiadaj\u0105cy potwierdzaj\u0105cy to dokument). Do egzaminu, za zgod\u0105 rodzica lub opiekuna prawnego, przyst\u0105pi\u0107 mog\u0105 r\u00f3wnie\u017c osoby niepe\u0142noletnie (14-17 lat).<\/p>\n<p>Wi\u0119cej informacji:\u00a0<a href=\"https:\/\/www.flf.vu.lt\/lenku-kalbos-sertifikacija\">https:\/\/www.flf.vu.lt\/lenku-kalbos-sertifikacija<\/a><\/p>\n<p><a href=\"https:\/\/europa.eu\/europass\/pl\/common-european-framework-reference-language-skills\">https:\/\/europa.eu\/europass\/pl\/common-european-framework-reference-language-skills<\/a>).<\/p>\n<ul>\n<li><a href=\"http:\/\/certyfikatpolski.pl\/\">http:\/\/certyfikatpolski.pl\/<\/a><\/li>\n<li><a href=\"https:\/\/www.swps.pl\/oferta\/warszawa\/certyfikat-jezyka-polskiego\">https:\/\/www.swps.pl\/oferta\/warszawa\/certyfikat-jezyka-polskiego<\/a><\/li>\n<li><a href=\"http:\/\/polonicum.uw.edu.pl\/panstwowe-egzaminy-certyfikatowe\">http:\/\/polonicum.uw.edu.pl\/panstwowe-egzaminy-certyfikatowe<\/a><\/li>\n<li><a href=\"https:\/\/www.umcs.pl\/pl\/egzamin-certyfikatowy-z-jezyka-polskiego-jako-obcego,10715.htm\">https:\/\/www.umcs.pl\/pl\/egzamin-certyfikatowy-z-jezyka-polskiego-jako-obcego,10715.htm<\/a><\/li>\n<li><a href=\"http:\/\/linguaemundi.pl\/pl\/certyfikacja\/egzamin-certyfikatowy-z-jezyka-polskiego-jako-obcego\/\">http:\/\/linguaemundi.pl\/pl\/certyfikacja\/egzamin-certyfikatowy-z-jezyka-polskiego-jako-obcego\/<\/a><\/li>\n<\/ul>\n","protected":false},"excerpt":{"rendered":"<p>Egzamin certyfikatowy z j\u0119zyka polskiego jako obcego W 2022 roku Wydzia\u0142 Filologicznym Uniwersytetu Wile\u0144skiego do\u0142\u0105czy\u0142 do elitarnego grona o\u015brodk\u00f3w maj\u0105cych prawo do przeprowadzania egzamin\u00f3w certyfikatowych z j\u0119zyka polskiego jako obcego. Certyfikat z j\u0119zyka polskiego jako obcego jest jedynym pa\u0144stwowym dokumentem po\u015bwiadczaj\u0105cym znajomo\u015b\u0107 j\u0119zyka polskiego. Do egzaminu przyst\u0119puj\u0105 osoby, kt\u00f3re chcia\u0142yby udokumentowa\u0107 poziom swojej znajomo\u015bci j\u0119zyka [&hellip;]<\/p>\n","protected":false},"author":1,"featured_media":548,"parent":522,"menu_order":0,"comment_status":"closed","ping_status":"closed","template":"","meta":{"inline_featured_image":false,"_monsterinsights_skip_tracking":false,"_monsterinsights_sitenote_active":false,"_monsterinsights_sitenote_note":"","_monsterinsights_sitenote_category":0,"footnotes":""},"class_list":["post-547","page","type-page","status-publish","has-post-thumbnail","hentry"],"yoast_head":"<!-- This site is optimized with the Yoast SEO plugin v24.6 - https:\/\/yoast.com\/wordpress\/plugins\/seo\/ -->\n<title>Certyfikacja znajomo\u015bci j\u0119zyka polskiego - Instytut Polski w Wilnie<\/title>\n<meta name=\"robots\" content=\"index, follow, max-snippet:-1, max-image-preview:large, max-video-preview:-1\" \/>\n<link rel=\"canonical\" href=\"https:\/\/instytutpolski.pl\/vilnius\/pl\/jezyk-polski\/lenku-kalbos-sertifikatas\/\" \/>\n<meta property=\"og:locale\" content=\"pl_PL\" \/>\n<meta property=\"og:type\" content=\"article\" \/>\n<meta property=\"og:title\" content=\"Certyfikacja znajomo\u015bci j\u0119zyka polskiego - Instytut Polski w Wilnie\" \/>\n<meta property=\"og:description\" content=\"Egzamin certyfikatowy z j\u0119zyka polskiego jako obcego W 2022 roku Wydzia\u0142 Filologicznym Uniwersytetu Wile\u0144skiego do\u0142\u0105czy\u0142 do elitarnego grona o\u015brodk\u00f3w maj\u0105cych prawo do przeprowadzania egzamin\u00f3w certyfikatowych z j\u0119zyka polskiego jako obcego. Certyfikat z j\u0119zyka polskiego jako obcego jest jedynym pa\u0144stwowym dokumentem po\u015bwiadczaj\u0105cym znajomo\u015b\u0107 j\u0119zyka polskiego. Do egzaminu przyst\u0119puj\u0105 osoby, kt\u00f3re chcia\u0142yby udokumentowa\u0107 poziom swojej znajomo\u015bci j\u0119zyka [&hellip;]\" \/>\n<meta property=\"og:url\" content=\"https:\/\/instytutpolski.pl\/vilnius\/pl\/jezyk-polski\/lenku-kalbos-sertifikatas\/\" \/>\n<meta property=\"og:site_name\" content=\"Instytut Polski w Wilnie\" \/>\n<meta property=\"article:modified_time\" content=\"2023-02-08T09:54:37+00:00\" \/>\n<meta property=\"og:image\" content=\"https:\/\/instytutpolski.pl\/vilnius\/wp-content\/uploads\/sites\/24\/2019\/06\/certyfikacja-znajomosci.jpg\" \/>\n\t<meta property=\"og:image:width\" content=\"1920\" \/>\n\t<meta property=\"og:image:height\" content=\"700\" \/>\n\t<meta property=\"og:image:type\" content=\"image\/jpeg\" \/>\n<meta name=\"twitter:card\" content=\"summary_large_image\" \/>\n<meta name=\"twitter:label1\" content=\"Szacowany czas czytania\" \/>\n\t<meta name=\"twitter:data1\" content=\"2 minuty\" \/>\n<script type=\"application\/ld+json\" class=\"yoast-schema-graph\">{\"@context\":\"https:\/\/schema.org\",\"@graph\":[{\"@type\":\"WebPage\",\"@id\":\"https:\/\/instytutpolski.pl\/vilnius\/pl\/jezyk-polski\/lenku-kalbos-sertifikatas\/\",\"url\":\"https:\/\/instytutpolski.pl\/vilnius\/pl\/jezyk-polski\/lenku-kalbos-sertifikatas\/\",\"name\":\"Certyfikacja znajomo\u015bci j\u0119zyka polskiego - Instytut Polski w Wilnie\",\"isPartOf\":{\"@id\":\"https:\/\/instytutpolski.pl\/vilnius\/#website\"},\"primaryImageOfPage\":{\"@id\":\"https:\/\/instytutpolski.pl\/vilnius\/pl\/jezyk-polski\/lenku-kalbos-sertifikatas\/#primaryimage\"},\"image\":{\"@id\":\"https:\/\/instytutpolski.pl\/vilnius\/pl\/jezyk-polski\/lenku-kalbos-sertifikatas\/#primaryimage\"},\"thumbnailUrl\":\"https:\/\/instytutpolski.pl\/vilnius\/wp-content\/uploads\/sites\/24\/2019\/06\/certyfikacja-znajomosci.jpg\",\"datePublished\":\"2019-06-27T09:10:58+00:00\",\"dateModified\":\"2023-02-08T09:54:37+00:00\",\"breadcrumb\":{\"@id\":\"https:\/\/instytutpolski.pl\/vilnius\/pl\/jezyk-polski\/lenku-kalbos-sertifikatas\/#breadcrumb\"},\"inLanguage\":\"pl-PL\",\"potentialAction\":[{\"@type\":\"ReadAction\",\"target\":[\"https:\/\/instytutpolski.pl\/vilnius\/pl\/jezyk-polski\/lenku-kalbos-sertifikatas\/\"]}]},{\"@type\":\"ImageObject\",\"inLanguage\":\"pl-PL\",\"@id\":\"https:\/\/instytutpolski.pl\/vilnius\/pl\/jezyk-polski\/lenku-kalbos-sertifikatas\/#primaryimage\",\"url\":\"https:\/\/instytutpolski.pl\/vilnius\/wp-content\/uploads\/sites\/24\/2019\/06\/certyfikacja-znajomosci.jpg\",\"contentUrl\":\"https:\/\/instytutpolski.pl\/vilnius\/wp-content\/uploads\/sites\/24\/2019\/06\/certyfikacja-znajomosci.jpg\",\"width\":1920,\"height\":700},{\"@type\":\"BreadcrumbList\",\"@id\":\"https:\/\/instytutpolski.pl\/vilnius\/pl\/jezyk-polski\/lenku-kalbos-sertifikatas\/#breadcrumb\",\"itemListElement\":[{\"@type\":\"ListItem\",\"position\":1,\"name\":\"Home\",\"item\":\"https:\/\/instytutpolski.pl\/vilnius\/\"},{\"@type\":\"ListItem\",\"position\":2,\"name\":\"J\u0119zyk polski\",\"item\":\"https:\/\/instytutpolski.pl\/vilnius\/pl\/jezyk-polski\/\"},{\"@type\":\"ListItem\",\"position\":3,\"name\":\"Certyfikacja znajomo\u015bci j\u0119zyka polskiego\"}]},{\"@type\":\"WebSite\",\"@id\":\"https:\/\/instytutpolski.pl\/vilnius\/#website\",\"url\":\"https:\/\/instytutpolski.pl\/vilnius\/\",\"name\":\"Instytut Polski w Wilnie\",\"description\":\"Instytuty Polskie\",\"potentialAction\":[{\"@type\":\"SearchAction\",\"target\":{\"@type\":\"EntryPoint\",\"urlTemplate\":\"https:\/\/instytutpolski.pl\/vilnius\/?s={search_term_string}\"},\"query-input\":{\"@type\":\"PropertyValueSpecification\",\"valueRequired\":true,\"valueName\":\"search_term_string\"}}],\"inLanguage\":\"pl-PL\"}]}<\/script>\n<!-- \/ Yoast SEO plugin. -->","yoast_head_json":{"title":"Certyfikacja znajomo\u015bci j\u0119zyka polskiego - Instytut Polski w Wilnie","robots":{"index":"index","follow":"follow","max-snippet":"max-snippet:-1","max-image-preview":"max-image-preview:large","max-video-preview":"max-video-preview:-1"},"canonical":"https:\/\/instytutpolski.pl\/vilnius\/pl\/jezyk-polski\/lenku-kalbos-sertifikatas\/","og_locale":"pl_PL","og_type":"article","og_title":"Certyfikacja znajomo\u015bci j\u0119zyka polskiego - Instytut Polski w Wilnie","og_description":"Egzamin certyfikatowy z j\u0119zyka polskiego jako obcego W 2022 roku Wydzia\u0142 Filologicznym Uniwersytetu Wile\u0144skiego do\u0142\u0105czy\u0142 do elitarnego grona o\u015brodk\u00f3w maj\u0105cych prawo do przeprowadzania egzamin\u00f3w certyfikatowych z j\u0119zyka polskiego jako obcego. Certyfikat z j\u0119zyka polskiego jako obcego jest jedynym pa\u0144stwowym dokumentem po\u015bwiadczaj\u0105cym znajomo\u015b\u0107 j\u0119zyka polskiego. Do egzaminu przyst\u0119puj\u0105 osoby, kt\u00f3re chcia\u0142yby udokumentowa\u0107 poziom swojej znajomo\u015bci j\u0119zyka [&hellip;]","og_url":"https:\/\/instytutpolski.pl\/vilnius\/pl\/jezyk-polski\/lenku-kalbos-sertifikatas\/","og_site_name":"Instytut Polski w Wilnie","article_modified_time":"2023-02-08T09:54:37+00:00","og_image":[{"width":1920,"height":700,"url":"https:\/\/instytutpolski.pl\/vilnius\/wp-content\/uploads\/sites\/24\/2019\/06\/certyfikacja-znajomosci.jpg","type":"image\/jpeg"}],"twitter_card":"summary_large_image","twitter_misc":{"Szacowany czas czytania":"2 minuty"},"schema":{"@context":"https:\/\/schema.org","@graph":[{"@type":"WebPage","@id":"https:\/\/instytutpolski.pl\/vilnius\/pl\/jezyk-polski\/lenku-kalbos-sertifikatas\/","url":"https:\/\/instytutpolski.pl\/vilnius\/pl\/jezyk-polski\/lenku-kalbos-sertifikatas\/","name":"Certyfikacja znajomo\u015bci j\u0119zyka polskiego - Instytut Polski w Wilnie","isPartOf":{"@id":"https:\/\/instytutpolski.pl\/vilnius\/#website"},"primaryImageOfPage":{"@id":"https:\/\/instytutpolski.pl\/vilnius\/pl\/jezyk-polski\/lenku-kalbos-sertifikatas\/#primaryimage"},"image":{"@id":"https:\/\/instytutpolski.pl\/vilnius\/pl\/jezyk-polski\/lenku-kalbos-sertifikatas\/#primaryimage"},"thumbnailUrl":"https:\/\/instytutpolski.pl\/vilnius\/wp-content\/uploads\/sites\/24\/2019\/06\/certyfikacja-znajomosci.jpg","datePublished":"2019-06-27T09:10:58+00:00","dateModified":"2023-02-08T09:54:37+00:00","breadcrumb":{"@id":"https:\/\/instytutpolski.pl\/vilnius\/pl\/jezyk-polski\/lenku-kalbos-sertifikatas\/#breadcrumb"},"inLanguage":"pl-PL","potentialAction":[{"@type":"ReadAction","target":["https:\/\/instytutpolski.pl\/vilnius\/pl\/jezyk-polski\/lenku-kalbos-sertifikatas\/"]}]},{"@type":"ImageObject","inLanguage":"pl-PL","@id":"https:\/\/instytutpolski.pl\/vilnius\/pl\/jezyk-polski\/lenku-kalbos-sertifikatas\/#primaryimage","url":"https:\/\/instytutpolski.pl\/vilnius\/wp-content\/uploads\/sites\/24\/2019\/06\/certyfikacja-znajomosci.jpg","contentUrl":"https:\/\/instytutpolski.pl\/vilnius\/wp-content\/uploads\/sites\/24\/2019\/06\/certyfikacja-znajomosci.jpg","width":1920,"height":700},{"@type":"BreadcrumbList","@id":"https:\/\/instytutpolski.pl\/vilnius\/pl\/jezyk-polski\/lenku-kalbos-sertifikatas\/#breadcrumb","itemListElement":[{"@type":"ListItem","position":1,"name":"Home","item":"https:\/\/instytutpolski.pl\/vilnius\/"},{"@type":"ListItem","position":2,"name":"J\u0119zyk polski","item":"https:\/\/instytutpolski.pl\/vilnius\/pl\/jezyk-polski\/"},{"@type":"ListItem","position":3,"name":"Certyfikacja znajomo\u015bci j\u0119zyka polskiego"}]},{"@type":"WebSite","@id":"https:\/\/instytutpolski.pl\/vilnius\/#website","url":"https:\/\/instytutpolski.pl\/vilnius\/","name":"Instytut Polski w Wilnie","description":"Instytuty Polskie","potentialAction":[{"@type":"SearchAction","target":{"@type":"EntryPoint","urlTemplate":"https:\/\/instytutpolski.pl\/vilnius\/?s={search_term_string}"},"query-input":{"@type":"PropertyValueSpecification","valueRequired":true,"valueName":"search_term_string"}}],"inLanguage":"pl-PL"}]}},"_links":{"self":[{"href":"https:\/\/instytutpolski.pl\/vilnius\/wp-json\/wp\/v2\/pages\/547","targetHints":{"allow":["GET"]}}],"collection":[{"href":"https:\/\/instytutpolski.pl\/vilnius\/wp-json\/wp\/v2\/pages"}],"about":[{"href":"https:\/\/instytutpolski.pl\/vilnius\/wp-json\/wp\/v2\/types\/page"}],"author":[{"embeddable":true,"href":"https:\/\/instytutpolski.pl\/vilnius\/wp-json\/wp\/v2\/users\/1"}],"replies":[{"embeddable":true,"href":"https:\/\/instytutpolski.pl\/vilnius\/wp-json\/wp\/v2\/comments?post=547"}],"version-history":[{"count":5,"href":"https:\/\/instytutpolski.pl\/vilnius\/wp-json\/wp\/v2\/pages\/547\/revisions"}],"predecessor-version":[{"id":4675,"href":"https:\/\/instytutpolski.pl\/vilnius\/wp-json\/wp\/v2\/pages\/547\/revisions\/4675"}],"up":[{"embeddable":true,"href":"https:\/\/instytutpolski.pl\/vilnius\/wp-json\/wp\/v2\/pages\/522"}],"wp:featuredmedia":[{"embeddable":true,"href":"https:\/\/instytutpolski.pl\/vilnius\/wp-json\/wp\/v2\/media\/548"}],"wp:attachment":[{"href":"https:\/\/instytutpolski.pl\/vilnius\/wp-json\/wp\/v2\/media?parent=547"}],"curies":[{"name":"wp","href":"https:\/\/api.w.org\/{rel}","templated":true}]}}