{"id":553,"date":"2019-06-27T11:11:43","date_gmt":"2019-06-27T09:11:43","guid":{"rendered":"https:\/\/instytutpolski.pl\/wilno\/?page_id=553"},"modified":"2023-10-30T10:19:59","modified_gmt":"2023-10-30T09:19:59","slug":"kursai-ir-mokomoji-medziaga-online","status":"publish","type":"page","link":"https:\/\/instytutpolski.pl\/vilnius\/pl\/jezyk-polski\/kursai-ir-mokomoji-medziaga-online\/","title":{"rendered":"Kursy i materia\u0142y on-line"},"content":{"rendered":"\n<p><strong>Polski.info<\/strong> to bezp\u0142atna wieloj\u0119zyczna platforma do nauki j\u0119zyka polskiego na poziomie A0, A1, A2 i B1. Platforma e-learningowa jest dost\u0119pna w 26 j\u0119zykach, a w\u015br\u00f3d nich \u2013 r\u00f3wnie\u017c w j\u0119zyku litewskim. Jest to pierwsza tego typu platforma dydaktyczna ca\u0142kowicie przystosowana do potrzeb litewskoj\u0119zycznego odbiorcy.<\/p>\n<p>Na platformie polski.info mo\u017cna znale\u017a\u0107:<\/p>\n<ul>\n<li>42 lekcje z dialogami dotycz\u0105cymi aktualnych temat\u00f3w \u017cycia codziennego (z t\u0142umaczeniem na j\u0119zyk litewski)<\/li>\n<li>Interaktywne \u0107wiczenia, dzi\u0119ki kt\u00f3rym mo\u017cna utrwala\u0107 nowe s\u0142ownictwo i prawid\u0142a gramatyczne<\/li>\n<li>Przewodnik po gramatyce polskiej<\/li>\n<li>Wst\u0119pny kurs fonetyki j\u0119zyka polskiego z \u0107wiczeniami<\/li>\n<li>S\u0142ownik polsko-litewski z nagraniem wymowy wyraz\u00f3w<\/li>\n<li>Narz\u0119dzia do komunikowania, sieci spo\u0142eczno\u015bciowe<\/li>\n<\/ul>\n<p>Prace projektowe koordynuje Uniwersytet Pedagogiczny w Krakowie, a jednym z partner\u00f3w projektu jest Akademia O\u015bwiaty Uniwersytetu Witolda Wielkiego. Projekt jest finansowany ze \u015brodk\u00f3w Komisji Europejskiej.<\/p>\n<p>Wi\u0119cej informacji: <a href=\"http:\/\/www.polski.info\">www.polski.info<\/a><br \/><a href=\"http:\/\/Polski.info to bezp\u0142atna wieloj\u0119zyczna platforma do nauki j\u0119zyka polskiego na poziomie A1 i A2. Platforma e-learningowa jest dost\u0119pna w 11 j\u0119zykach, a w\u015br\u00f3d nich \u2013 r\u00f3wnie\u017c w j\u0119zyku litewskim. Jest to pierwsza tego typu platforma dydaktyczna ca\u0142kowicie przystosowana do potrzeb litewskoj\u0119zycznego odbiorcy. Na platformie polski.info mo\u017cna znale\u017a\u0107: \u2022\t42 lekcje z dialogami dotycz\u0105cymi aktualnych temat\u00f3w \u017cycia codziennego (z t\u0142umaczeniem na j\u0119zyk litewski) \u2022\tInteraktywne \u0107wiczenia, dzi\u0119ki kt\u00f3rym mo\u017cna utrwala\u0107 nowe s\u0142ownictwo i prawid\u0142a gramatyczne \u2022\tPrzewodnik po gramatyce polskiej \u2022\tWst\u0119pny kurs fonetyki j\u0119zyka polskiego z \u0107wiczeniami \u2022\tS\u0142ownik polsko-litewski z nagraniem wymowy wyraz\u00f3w \u2022\tNarz\u0119dzia do komunikowania, sieci spo\u0142eczno\u015bciowe  Obecnie w przygotowaniu jest kurs B1. Prace projektowe koordynuje Uniwersytet Pedagogiczny w Krakowie, a jednym z partner\u00f3w projektu jest Akademia O\u015bwiaty Uniwersytetu Witolda Wielkiego. Projekt jest finansowany ze \u015brodk\u00f3w Komisji Europejskiej.  Wi\u0119cej informacji: www.polski.info facebook.com\/polski.info\" data-wplink-url-error=\"true\">facebook.com\/polski.info<\/a><\/p>\n<p><img loading=\"lazy\" decoding=\"async\" class=\"alignnone size-full wp-image-2359\" src=\"https:\/\/instytutpolski.pl\/vilnius\/wp-content\/uploads\/sites\/24\/2021\/05\/polski_info_logo_color_250px.png\" alt=\"\" width=\"250\" height=\"112\" \/> <img loading=\"lazy\" decoding=\"async\" class=\"alignnone size-medium wp-image-2360\" src=\"https:\/\/instytutpolski.pl\/vilnius\/wp-content\/uploads\/sites\/24\/2021\/05\/erasmus-min-300x110.jpg\" alt=\"\" width=\"300\" height=\"110\" srcset=\"https:\/\/instytutpolski.pl\/vilnius\/wp-content\/uploads\/sites\/24\/2021\/05\/erasmus-min-300x110.jpg 300w, https:\/\/instytutpolski.pl\/vilnius\/wp-content\/uploads\/sites\/24\/2021\/05\/erasmus-min-1024x378.jpg 1024w, https:\/\/instytutpolski.pl\/vilnius\/wp-content\/uploads\/sites\/24\/2021\/05\/erasmus-min-768x281.jpg 768w, https:\/\/instytutpolski.pl\/vilnius\/wp-content\/uploads\/sites\/24\/2021\/05\/erasmus-min.jpg 1033w\" sizes=\"auto, (max-width: 300px) 100vw, 300px\" \/><\/p>\n<p>&#8212;&#8212;&#8212;&#8212;&#8212;&#8212;&#8212;&#8212;&#8212;&#8212;&#8212;&#8212;&#8212;&#8212;&#8212;&#8212;&#8212;&#8212;&#8212;&#8212;&#8212;&#8212;&#8212;&#8212;&#8212;&#8212;&#8212;&#8212;&#8212;&#8212;&#8212;&#8212;&#8212;&#8212;&#8212;&#8212;&#8212;-<\/p>\n<ul>\n<li><a href=\"http:\/\/www.kul.lublin.pl\/school\/\">http:\/\/www.kul.lublin.pl\/school\/<\/a><\/li>\n<li><a href=\"http:\/\/www.uj.edu.pl\/SL\/\">http:\/\/www.uj.edu.pl\/SL\/<\/a><\/li>\n<li><a href=\"http:\/\/sjikp.us.edu.pl\/index.php\">http:\/\/sjikp.us.edu.pl\/index.php<\/a><\/li>\n<li><a href=\"http:\/\/www.ap.edu.pl\/main\/index.php\">http:\/\/www.ap.edu.pl\/main\/index.php<\/a><\/li>\n<li><a href=\"http:\/\/www.polonica.edu.pl\/\">http:\/\/www.polonica.edu.pl\/<\/a><\/li>\n<li><a href=\"https:\/\/www.sorbona.edu.pl\/\">www.sorbona.edu.pl<\/a><\/li>\n<li><a href=\"http:\/\/www.polishcourse.org\/\">www.polishcourse.org<\/a><\/li>\n<li><a href=\"http:\/\/www.polishcourse.org\/\">www.polonus-lodz.com<\/a><\/li>\n<\/ul>\n<p>Najwi\u0119ksza baza bezp\u0142atnych materia\u0142\u00f3w ORPEG (O\u015brodka Rozwoju Polskiej Edukacji za Granic\u0105 &#8211; portal <a href=\"http:\/\/www.wlaczpolske.pl\/\">\u201eW\u0142\u0105cz Polsk\u0119\u201d<\/a> . Celem zamieszczonego na tej stronie podr\u0119cznika internetowego jest u\u0142atwienie uczniom szk\u00f3\u0142 polonijnych podtrzymywania kontakt\u00f3w z Krajem, nauk\u0119 j\u0119zyka polskiego, historii, kultury i geografii Polski.<\/p>\n<p>Zasoby dydaktyczne mo\u017cna pozyska\u0107 r\u00f3wnie\u017c na profilu ORPEG na YouTube (<a href=\"https:\/\/www.youtube.com\/watch?v=o79LE_karL8\">https:\/\/www.youtube.com\/watch?v=o79LE_karL8<\/a>). Jest to cykl film\u00f3w animowanych o historii Polski, kt\u00f3re mo\u017cna wykorzysta\u0107 do pracy na lekcjach, jak r\u00f3wnie\u017c poleci\u0107 do samodzielnej nauki.<\/p>\n<p>Ministerstwo Edukacji Narodowej prowadzi platform\u0119 <br \/>z zasobami elektronicznymi dost\u0119pnymi bezp\u0142atnie pod adresem <a href=\"https:\/\/epodreczniki.pl\">https:\/\/epodreczniki.pl<\/a>. Dost\u0119p do materia\u0142\u00f3w dotyczy zar\u00f3wno tre\u015bci literackich, historycznych, geograficznych, jak i wiedzy z zakresu przedmiot\u00f3w \u015bcis\u0142ych.<\/p>\n\n\n\n<div style=\"height:30px\" aria-hidden=\"true\" class=\"wp-block-spacer\"><\/div>\n\n\n\n<div class=\"wp-block-file\"><a id=\"wp-block-file--media-86bb63eb-49ef-419c-b68d-57d11c6e9f7a\" href=\"https:\/\/instytutpolski.pl\/vilnius\/wp-content\/uploads\/sites\/24\/2023\/10\/Materialy-dla-nauczycieli-poziom-B1-polski.info_-2.pdf\">Materia\u0142y (poziom B1)<\/a><a href=\"https:\/\/instytutpolski.pl\/vilnius\/wp-content\/uploads\/sites\/24\/2023\/10\/Materialy-dla-nauczycieli-poziom-B1-polski.info_-2.pdf\" class=\"wp-block-file__button\" download aria-describedby=\"wp-block-file--media-86bb63eb-49ef-419c-b68d-57d11c6e9f7a\">Pobierz<\/a><\/div>\n","protected":false},"excerpt":{"rendered":"<p>Polski.info to bezp\u0142atna wieloj\u0119zyczna platforma do nauki j\u0119zyka polskiego na poziomie A0, A1, A2 i B1. Platforma e-learningowa jest dost\u0119pna w 26 j\u0119zykach, a w\u015br\u00f3d nich \u2013 r\u00f3wnie\u017c w j\u0119zyku litewskim. Jest to pierwsza tego typu platforma dydaktyczna ca\u0142kowicie przystosowana do potrzeb litewskoj\u0119zycznego odbiorcy. Na platformie polski.info mo\u017cna znale\u017a\u0107: 42 lekcje z dialogami dotycz\u0105cymi aktualnych [&hellip;]<\/p>\n","protected":false},"author":1,"featured_media":0,"parent":522,"menu_order":0,"comment_status":"closed","ping_status":"closed","template":"","meta":{"inline_featured_image":false,"_monsterinsights_skip_tracking":false,"_monsterinsights_sitenote_active":false,"_monsterinsights_sitenote_note":"","_monsterinsights_sitenote_category":0,"footnotes":""},"class_list":["post-553","page","type-page","status-publish","hentry"],"yoast_head":"<!-- This site is optimized with the Yoast SEO plugin v24.6 - https:\/\/yoast.com\/wordpress\/plugins\/seo\/ -->\n<title>Kursy i materia\u0142y on-line - Instytut Polski w Wilnie<\/title>\n<meta name=\"robots\" content=\"index, follow, max-snippet:-1, max-image-preview:large, max-video-preview:-1\" \/>\n<link rel=\"canonical\" href=\"https:\/\/instytutpolski.pl\/vilnius\/pl\/jezyk-polski\/kursai-ir-mokomoji-medziaga-online\/\" \/>\n<meta property=\"og:locale\" content=\"pl_PL\" \/>\n<meta property=\"og:type\" content=\"article\" \/>\n<meta property=\"og:title\" content=\"Kursy i materia\u0142y on-line - Instytut Polski w Wilnie\" \/>\n<meta property=\"og:description\" content=\"Polski.info to bezp\u0142atna wieloj\u0119zyczna platforma do nauki j\u0119zyka polskiego na poziomie A0, A1, A2 i B1. Platforma e-learningowa jest dost\u0119pna w 26 j\u0119zykach, a w\u015br\u00f3d nich \u2013 r\u00f3wnie\u017c w j\u0119zyku litewskim. Jest to pierwsza tego typu platforma dydaktyczna ca\u0142kowicie przystosowana do potrzeb litewskoj\u0119zycznego odbiorcy. Na platformie polski.info mo\u017cna znale\u017a\u0107: 42 lekcje z dialogami dotycz\u0105cymi aktualnych [&hellip;]\" \/>\n<meta property=\"og:url\" content=\"https:\/\/instytutpolski.pl\/vilnius\/pl\/jezyk-polski\/kursai-ir-mokomoji-medziaga-online\/\" \/>\n<meta property=\"og:site_name\" content=\"Instytut Polski w Wilnie\" \/>\n<meta property=\"article:modified_time\" content=\"2023-10-30T09:19:59+00:00\" \/>\n<meta property=\"og:image\" content=\"https:\/\/instytutpolski.pl\/vilnius\/wp-content\/uploads\/sites\/24\/2021\/05\/polski_info_logo_color_250px.png\" \/>\n<meta name=\"twitter:card\" content=\"summary_large_image\" \/>\n<meta name=\"twitter:label1\" content=\"Szacowany czas czytania\" \/>\n\t<meta name=\"twitter:data1\" content=\"2 minuty\" \/>\n<script type=\"application\/ld+json\" class=\"yoast-schema-graph\">{\"@context\":\"https:\/\/schema.org\",\"@graph\":[{\"@type\":\"WebPage\",\"@id\":\"https:\/\/instytutpolski.pl\/vilnius\/pl\/jezyk-polski\/kursai-ir-mokomoji-medziaga-online\/\",\"url\":\"https:\/\/instytutpolski.pl\/vilnius\/pl\/jezyk-polski\/kursai-ir-mokomoji-medziaga-online\/\",\"name\":\"Kursy i materia\u0142y on-line - Instytut Polski w Wilnie\",\"isPartOf\":{\"@id\":\"https:\/\/instytutpolski.pl\/vilnius\/#website\"},\"primaryImageOfPage\":{\"@id\":\"https:\/\/instytutpolski.pl\/vilnius\/pl\/jezyk-polski\/kursai-ir-mokomoji-medziaga-online\/#primaryimage\"},\"image\":{\"@id\":\"https:\/\/instytutpolski.pl\/vilnius\/pl\/jezyk-polski\/kursai-ir-mokomoji-medziaga-online\/#primaryimage\"},\"thumbnailUrl\":\"https:\/\/instytutpolski.pl\/vilnius\/wp-content\/uploads\/sites\/24\/2021\/05\/polski_info_logo_color_250px.png\",\"datePublished\":\"2019-06-27T09:11:43+00:00\",\"dateModified\":\"2023-10-30T09:19:59+00:00\",\"breadcrumb\":{\"@id\":\"https:\/\/instytutpolski.pl\/vilnius\/pl\/jezyk-polski\/kursai-ir-mokomoji-medziaga-online\/#breadcrumb\"},\"inLanguage\":\"pl-PL\",\"potentialAction\":[{\"@type\":\"ReadAction\",\"target\":[\"https:\/\/instytutpolski.pl\/vilnius\/pl\/jezyk-polski\/kursai-ir-mokomoji-medziaga-online\/\"]}]},{\"@type\":\"ImageObject\",\"inLanguage\":\"pl-PL\",\"@id\":\"https:\/\/instytutpolski.pl\/vilnius\/pl\/jezyk-polski\/kursai-ir-mokomoji-medziaga-online\/#primaryimage\",\"url\":\"https:\/\/instytutpolski.pl\/vilnius\/wp-content\/uploads\/sites\/24\/2021\/05\/polski_info_logo_color_250px.png\",\"contentUrl\":\"https:\/\/instytutpolski.pl\/vilnius\/wp-content\/uploads\/sites\/24\/2021\/05\/polski_info_logo_color_250px.png\",\"width\":250,\"height\":112},{\"@type\":\"BreadcrumbList\",\"@id\":\"https:\/\/instytutpolski.pl\/vilnius\/pl\/jezyk-polski\/kursai-ir-mokomoji-medziaga-online\/#breadcrumb\",\"itemListElement\":[{\"@type\":\"ListItem\",\"position\":1,\"name\":\"Home\",\"item\":\"https:\/\/instytutpolski.pl\/vilnius\/\"},{\"@type\":\"ListItem\",\"position\":2,\"name\":\"J\u0119zyk polski\",\"item\":\"https:\/\/instytutpolski.pl\/vilnius\/pl\/jezyk-polski\/\"},{\"@type\":\"ListItem\",\"position\":3,\"name\":\"Kursy i materia\u0142y on-line\"}]},{\"@type\":\"WebSite\",\"@id\":\"https:\/\/instytutpolski.pl\/vilnius\/#website\",\"url\":\"https:\/\/instytutpolski.pl\/vilnius\/\",\"name\":\"Instytut Polski w Wilnie\",\"description\":\"Instytuty Polskie\",\"potentialAction\":[{\"@type\":\"SearchAction\",\"target\":{\"@type\":\"EntryPoint\",\"urlTemplate\":\"https:\/\/instytutpolski.pl\/vilnius\/?s={search_term_string}\"},\"query-input\":{\"@type\":\"PropertyValueSpecification\",\"valueRequired\":true,\"valueName\":\"search_term_string\"}}],\"inLanguage\":\"pl-PL\"}]}<\/script>\n<!-- \/ Yoast SEO plugin. -->","yoast_head_json":{"title":"Kursy i materia\u0142y on-line - Instytut Polski w Wilnie","robots":{"index":"index","follow":"follow","max-snippet":"max-snippet:-1","max-image-preview":"max-image-preview:large","max-video-preview":"max-video-preview:-1"},"canonical":"https:\/\/instytutpolski.pl\/vilnius\/pl\/jezyk-polski\/kursai-ir-mokomoji-medziaga-online\/","og_locale":"pl_PL","og_type":"article","og_title":"Kursy i materia\u0142y on-line - Instytut Polski w Wilnie","og_description":"Polski.info to bezp\u0142atna wieloj\u0119zyczna platforma do nauki j\u0119zyka polskiego na poziomie A0, A1, A2 i B1. Platforma e-learningowa jest dost\u0119pna w 26 j\u0119zykach, a w\u015br\u00f3d nich \u2013 r\u00f3wnie\u017c w j\u0119zyku litewskim. Jest to pierwsza tego typu platforma dydaktyczna ca\u0142kowicie przystosowana do potrzeb litewskoj\u0119zycznego odbiorcy. Na platformie polski.info mo\u017cna znale\u017a\u0107: 42 lekcje z dialogami dotycz\u0105cymi aktualnych [&hellip;]","og_url":"https:\/\/instytutpolski.pl\/vilnius\/pl\/jezyk-polski\/kursai-ir-mokomoji-medziaga-online\/","og_site_name":"Instytut Polski w Wilnie","article_modified_time":"2023-10-30T09:19:59+00:00","og_image":[{"url":"https:\/\/instytutpolski.pl\/vilnius\/wp-content\/uploads\/sites\/24\/2021\/05\/polski_info_logo_color_250px.png","type":"","width":"","height":""}],"twitter_card":"summary_large_image","twitter_misc":{"Szacowany czas czytania":"2 minuty"},"schema":{"@context":"https:\/\/schema.org","@graph":[{"@type":"WebPage","@id":"https:\/\/instytutpolski.pl\/vilnius\/pl\/jezyk-polski\/kursai-ir-mokomoji-medziaga-online\/","url":"https:\/\/instytutpolski.pl\/vilnius\/pl\/jezyk-polski\/kursai-ir-mokomoji-medziaga-online\/","name":"Kursy i materia\u0142y on-line - Instytut Polski w Wilnie","isPartOf":{"@id":"https:\/\/instytutpolski.pl\/vilnius\/#website"},"primaryImageOfPage":{"@id":"https:\/\/instytutpolski.pl\/vilnius\/pl\/jezyk-polski\/kursai-ir-mokomoji-medziaga-online\/#primaryimage"},"image":{"@id":"https:\/\/instytutpolski.pl\/vilnius\/pl\/jezyk-polski\/kursai-ir-mokomoji-medziaga-online\/#primaryimage"},"thumbnailUrl":"https:\/\/instytutpolski.pl\/vilnius\/wp-content\/uploads\/sites\/24\/2021\/05\/polski_info_logo_color_250px.png","datePublished":"2019-06-27T09:11:43+00:00","dateModified":"2023-10-30T09:19:59+00:00","breadcrumb":{"@id":"https:\/\/instytutpolski.pl\/vilnius\/pl\/jezyk-polski\/kursai-ir-mokomoji-medziaga-online\/#breadcrumb"},"inLanguage":"pl-PL","potentialAction":[{"@type":"ReadAction","target":["https:\/\/instytutpolski.pl\/vilnius\/pl\/jezyk-polski\/kursai-ir-mokomoji-medziaga-online\/"]}]},{"@type":"ImageObject","inLanguage":"pl-PL","@id":"https:\/\/instytutpolski.pl\/vilnius\/pl\/jezyk-polski\/kursai-ir-mokomoji-medziaga-online\/#primaryimage","url":"https:\/\/instytutpolski.pl\/vilnius\/wp-content\/uploads\/sites\/24\/2021\/05\/polski_info_logo_color_250px.png","contentUrl":"https:\/\/instytutpolski.pl\/vilnius\/wp-content\/uploads\/sites\/24\/2021\/05\/polski_info_logo_color_250px.png","width":250,"height":112},{"@type":"BreadcrumbList","@id":"https:\/\/instytutpolski.pl\/vilnius\/pl\/jezyk-polski\/kursai-ir-mokomoji-medziaga-online\/#breadcrumb","itemListElement":[{"@type":"ListItem","position":1,"name":"Home","item":"https:\/\/instytutpolski.pl\/vilnius\/"},{"@type":"ListItem","position":2,"name":"J\u0119zyk polski","item":"https:\/\/instytutpolski.pl\/vilnius\/pl\/jezyk-polski\/"},{"@type":"ListItem","position":3,"name":"Kursy i materia\u0142y on-line"}]},{"@type":"WebSite","@id":"https:\/\/instytutpolski.pl\/vilnius\/#website","url":"https:\/\/instytutpolski.pl\/vilnius\/","name":"Instytut Polski w Wilnie","description":"Instytuty Polskie","potentialAction":[{"@type":"SearchAction","target":{"@type":"EntryPoint","urlTemplate":"https:\/\/instytutpolski.pl\/vilnius\/?s={search_term_string}"},"query-input":{"@type":"PropertyValueSpecification","valueRequired":true,"valueName":"search_term_string"}}],"inLanguage":"pl-PL"}]}},"_links":{"self":[{"href":"https:\/\/instytutpolski.pl\/vilnius\/wp-json\/wp\/v2\/pages\/553","targetHints":{"allow":["GET"]}}],"collection":[{"href":"https:\/\/instytutpolski.pl\/vilnius\/wp-json\/wp\/v2\/pages"}],"about":[{"href":"https:\/\/instytutpolski.pl\/vilnius\/wp-json\/wp\/v2\/types\/page"}],"author":[{"embeddable":true,"href":"https:\/\/instytutpolski.pl\/vilnius\/wp-json\/wp\/v2\/users\/1"}],"replies":[{"embeddable":true,"href":"https:\/\/instytutpolski.pl\/vilnius\/wp-json\/wp\/v2\/comments?post=553"}],"version-history":[{"count":8,"href":"https:\/\/instytutpolski.pl\/vilnius\/wp-json\/wp\/v2\/pages\/553\/revisions"}],"predecessor-version":[{"id":5481,"href":"https:\/\/instytutpolski.pl\/vilnius\/wp-json\/wp\/v2\/pages\/553\/revisions\/5481"}],"up":[{"embeddable":true,"href":"https:\/\/instytutpolski.pl\/vilnius\/wp-json\/wp\/v2\/pages\/522"}],"wp:attachment":[{"href":"https:\/\/instytutpolski.pl\/vilnius\/wp-json\/wp\/v2\/media?parent=553"}],"curies":[{"name":"wp","href":"https:\/\/api.w.org\/{rel}","templated":true}]}}