{"id":557,"date":"2019-06-27T11:11:43","date_gmt":"2019-06-27T09:11:43","guid":{"rendered":"https:\/\/instytutpolski.pl\/wilno\/?page_id=557"},"modified":"2023-10-30T10:16:08","modified_gmt":"2023-10-30T09:16:08","slug":"kursai-ir-mokomoji-medziaga-online-2","status":"publish","type":"page","link":"https:\/\/instytutpolski.pl\/vilnius\/lenku-kalba\/kursai-ir-mokomoji-medziaga-online-2\/","title":{"rendered":"Internetiniai kursai ir mokomoji med\u017eiaga"},"content":{"rendered":"\n<p><strong>Polski.info <\/strong>\u2013 tai nemokama daugiakalb\u0117 svetain\u0117, skirta mokytis lenk\u0173 kalbos A0, A1, A2 ir B1 lygiu. Svetain\u0117 prieinama 26 kalbomis, tarp j\u0173 ir lietuvi\u0173. Tai pirma lenk\u0173 kalbos internetin\u0117 mokymosi priemon\u0117 visi\u0161kai pritaikyta lietuviakalbiam vartotojui.<br \/>Svetain\u0117je polski.info galima rasti:<\/p>\n<ul>\n<li>72 pamokas su dialogais aktualiomis kasdien\u0117mis temomis (su vertimu \u012f lietuvi\u0173 kalb\u0105)<\/li>\n<li>Interaktyvius pratimus, padedan\u010dius \u012ftvirtinti nauj\u0105 leksik\u0105 ir gramatikos taisykles<\/li>\n<li>Lenk\u0173 kalbos gramatikos \u017einyn\u0105<\/li>\n<li>\u012evadin\u012f lenk\u0173 kalbos fonetikos kurs\u0105 su pratimais<\/li>\n<li>Pagrindin\u012f lenk\u0173\u2013lietuvi\u0173 \u017eodyn\u0105 su \u017eod\u017ei\u0173 tarimo \u012fra\u0161ais<\/li>\n<li>Daugiakalbius forumus<\/li>\n<\/ul>\n<p>Projekt\u0105 koordinuoja Krokuvos pedagoginis universitetas, o vienas i\u0161 projekto partneri\u0173 yra Vytauto Did\u017eiojo universiteto \u0160vietimo akademija. Projekt\u0105 finansuoja Europos Komisija.<br \/>Daugiau informacijos: <a href=\"http:\/\/www.polski.info\">www.polski.info<\/a><br \/><a href=\"http:\/\/Polski.info tai nemokama daugiakalb\u0117 svetain\u0117 mokytis lenk\u0173 kalbos A1 ir A2 lygiu. Svetain\u0117 yra prieinama 11 kalbomis, tarp j\u0173 ir lietuvi\u0173. Tai yra pirma lenk\u0173 kalbos internetin\u0117 mokymosi priemon\u0117 visi\u0161kai pritaikyta lietuviakalbiam vartotojui.  Svetain\u0117je polski.info galima rasti: \u2022\t42 pamokas su dialogais aktualiomis kasdien\u0117mis temomis (su vertimu \u012f lietuvi\u0173 kalb\u0105)  \u2022\tInteraktyvius pratimus, padedan\u010dius \u012ftvirtinti nauj\u0105 leksik\u0105 ir gramatikos taisykles  \u2022\tLenk\u0173 kalbos gramatikos vadov\u0105 \u2022\t\u012evadin\u012f lenk\u0173 kalbos fonetikos kurs\u0105 su pratimais \u2022\tPagrindin\u012f lenk\u0173-lietuvi\u0173 \u017eodyn\u0105 su \u017eod\u017ei\u0173 tarimo \u012fra\u0161ais \u2022\tBendravimo ir socialini\u0173 tinkl\u0173 priemones   \u0160iuo metu yra rengiamas B1 kursas. Projekto vykdym\u0105 koordinuoja Krokuvos pedagoginis universitetas, o vienas i\u0161 projekto partneri\u0173 yra Vytauto Did\u017eiojo universiteto \u0160vietimo akademija. Projekt\u0105 finansuoja Europos komisija.  Daugiau informacijos: www.polski.info facebook.com\/polski.info\" data-wplink-url-error=\"true\">facebook.com\/polski.info<\/a><\/p>\n<p><img loading=\"lazy\" decoding=\"async\" class=\"alignnone size-full wp-image-2359\" src=\"https:\/\/instytutpolski.pl\/vilnius\/wp-content\/uploads\/sites\/24\/2021\/05\/polski_info_logo_color_250px.png\" alt=\"\" width=\"250\" height=\"112\" \/>\u00a0 <img loading=\"lazy\" decoding=\"async\" class=\"alignnone size-medium wp-image-2360\" src=\"https:\/\/instytutpolski.pl\/vilnius\/wp-content\/uploads\/sites\/24\/2021\/05\/erasmus-min-300x110.jpg\" alt=\"\" width=\"300\" height=\"110\" srcset=\"https:\/\/instytutpolski.pl\/vilnius\/wp-content\/uploads\/sites\/24\/2021\/05\/erasmus-min-300x110.jpg 300w, https:\/\/instytutpolski.pl\/vilnius\/wp-content\/uploads\/sites\/24\/2021\/05\/erasmus-min-1024x378.jpg 1024w, https:\/\/instytutpolski.pl\/vilnius\/wp-content\/uploads\/sites\/24\/2021\/05\/erasmus-min-768x281.jpg 768w, https:\/\/instytutpolski.pl\/vilnius\/wp-content\/uploads\/sites\/24\/2021\/05\/erasmus-min.jpg 1033w\" sizes=\"auto, (max-width: 300px) 100vw, 300px\" \/><\/p>\n<p>_______________________________________________________________________________________________<\/p>\n<ul>\n<li><a href=\"http:\/\/www.kul.lublin.pl\/school\/\">http:\/\/www.kul.lublin.pl\/school\/<\/a><\/li>\n<li><a href=\"http:\/\/www.uj.edu.pl\/SL\/\">http:\/\/www.uj.edu.pl\/SL\/<\/a><\/li>\n<li><a href=\"http:\/\/sjikp.us.edu.pl\/index.php\">http:\/\/sjikp.us.edu.pl\/index.php<\/a><\/li>\n<li><a href=\"http:\/\/www.ap.edu.pl\/main\/index.php\">http:\/\/www.ap.edu.pl\/main\/index.php<\/a><\/li>\n<li><a href=\"http:\/\/www.polonica.edu.pl\/\">http:\/\/www.polonica.edu.pl\/<\/a><\/li>\n<li><a href=\"https:\/\/www.sorbona.edu.pl\/\">www.sorbona.edu.pl<\/a><\/li>\n<li><a href=\"http:\/\/www.polishcourse.org\/\">www.polishcourse.org<\/a><\/li>\n<li><a href=\"http:\/\/www.polishcourse.org\/\">www.polonus-lodz.com<\/a><\/li>\n<\/ul>\n<p>Lenk\u0173 kalbos vadov\u0117lis\u00a0 <a href=\"http:\/\/www.wlaczpolske.pl\/#\">\u201eW\u0142\u0105cz Polsk\u0119!\u201d<\/a><\/p>\n<p><a href=\"https:\/\/epodreczniki.pl\/\">El. vadov\u0117liai<\/a>\u00a0(pareng\u0117 Lenkijos \u0161vietimo ir mokslo ministerija)<\/p>\n<p>Filmukai apie Lenkijos istorij\u0105 (pareng\u0117 Lenkijos \u0161vietimo u\u017esienyje pl\u0117tot\u0117s centras):<\/p>\n<p><a href=\"https:\/\/www.youtube.com\/watch?v=5C61A9IMUmw\">Viduram\u017eiai<\/a>\u00a0\u00a0<\/p>\n<p><a href=\"https:\/\/www.youtube.com\/watch?v=o79LE_karL8\">Naujieji am\u017eiai<\/a><\/p>\n<p><a href=\"https:\/\/www.youtube.com\/watch?v=Jnxe0bB3PPE\">XIX am\u017eius<\/a><\/p>\n<p><a href=\"https:\/\/www.youtube.com\/watch?v=elHsrJJD1v4\">XX am\u017eius<\/a><\/p>\n<p>\u00a0<\/p>\n\n\n\n<div style=\"height:51px\" aria-hidden=\"true\" class=\"wp-block-spacer\"><\/div>\n\n\n\n<div class=\"wp-block-file\"><a id=\"wp-block-file--media-5e7150f5-10b6-4d5f-bff6-2064cba5af4a\" href=\"https:\/\/instytutpolski.pl\/vilnius\/wp-content\/uploads\/sites\/24\/2023\/10\/Materialy-dla-nauczycieli-poziom-B1-polski.info_-1.pdf\">B1 lygio mokomoji med\u017eiaga<\/a><a href=\"https:\/\/instytutpolski.pl\/vilnius\/wp-content\/uploads\/sites\/24\/2023\/10\/Materialy-dla-nauczycieli-poziom-B1-polski.info_-1.pdf\" class=\"wp-block-file__button\" download aria-describedby=\"wp-block-file--media-5e7150f5-10b6-4d5f-bff6-2064cba5af4a\">Atsisi\u0173sti<\/a><\/div>\n","protected":false},"excerpt":{"rendered":"<p>Polski.info \u2013 tai nemokama daugiakalb\u0117 svetain\u0117, skirta mokytis lenk\u0173 kalbos A0, A1, A2 ir B1 lygiu. Svetain\u0117 prieinama 26 kalbomis, tarp j\u0173 ir lietuvi\u0173. Tai pirma lenk\u0173 kalbos internetin\u0117 mokymosi priemon\u0117 visi\u0161kai pritaikyta lietuviakalbiam vartotojui.Svetain\u0117je polski.info galima rasti: 72 pamokas su dialogais aktualiomis kasdien\u0117mis temomis (su vertimu \u012f lietuvi\u0173 kalb\u0105) Interaktyvius pratimus, padedan\u010dius \u012ftvirtinti nauj\u0105 [&hellip;]<\/p>\n","protected":false},"author":1,"featured_media":0,"parent":518,"menu_order":0,"comment_status":"closed","ping_status":"closed","template":"","meta":{"inline_featured_image":false,"_monsterinsights_skip_tracking":false,"_monsterinsights_sitenote_active":false,"_monsterinsights_sitenote_note":"","_monsterinsights_sitenote_category":0,"footnotes":""},"class_list":["post-557","page","type-page","status-publish","hentry"],"yoast_head":"<!-- This site is optimized with the Yoast SEO plugin v24.6 - https:\/\/yoast.com\/wordpress\/plugins\/seo\/ -->\n<title>Internetiniai kursai ir mokomoji med\u017eiaga - Instytut Polski w Wilnie<\/title>\n<meta name=\"robots\" content=\"index, follow, max-snippet:-1, max-image-preview:large, max-video-preview:-1\" \/>\n<link rel=\"canonical\" href=\"https:\/\/instytutpolski.pl\/vilnius\/lenku-kalba\/kursai-ir-mokomoji-medziaga-online-2\/\" \/>\n<meta property=\"og:locale\" content=\"pl_PL\" \/>\n<meta property=\"og:type\" content=\"article\" \/>\n<meta property=\"og:title\" content=\"Internetiniai kursai ir mokomoji med\u017eiaga - Instytut Polski w Wilnie\" \/>\n<meta property=\"og:description\" content=\"Polski.info \u2013 tai nemokama daugiakalb\u0117 svetain\u0117, skirta mokytis lenk\u0173 kalbos A0, A1, A2 ir B1 lygiu. Svetain\u0117 prieinama 26 kalbomis, tarp j\u0173 ir lietuvi\u0173. Tai pirma lenk\u0173 kalbos internetin\u0117 mokymosi priemon\u0117 visi\u0161kai pritaikyta lietuviakalbiam vartotojui.Svetain\u0117je polski.info galima rasti: 72 pamokas su dialogais aktualiomis kasdien\u0117mis temomis (su vertimu \u012f lietuvi\u0173 kalb\u0105) Interaktyvius pratimus, padedan\u010dius \u012ftvirtinti nauj\u0105 [&hellip;]\" \/>\n<meta property=\"og:url\" content=\"https:\/\/instytutpolski.pl\/vilnius\/lenku-kalba\/kursai-ir-mokomoji-medziaga-online-2\/\" \/>\n<meta property=\"og:site_name\" content=\"Instytut Polski w Wilnie\" \/>\n<meta property=\"article:modified_time\" content=\"2023-10-30T09:16:08+00:00\" \/>\n<meta property=\"og:image\" content=\"https:\/\/instytutpolski.pl\/vilnius\/wp-content\/uploads\/sites\/24\/2021\/05\/polski_info_logo_color_250px.png\" \/>\n<meta name=\"twitter:card\" content=\"summary_large_image\" \/>\n<meta name=\"twitter:label1\" content=\"Szacowany czas czytania\" \/>\n\t<meta name=\"twitter:data1\" content=\"2 minuty\" \/>\n<script type=\"application\/ld+json\" class=\"yoast-schema-graph\">{\"@context\":\"https:\/\/schema.org\",\"@graph\":[{\"@type\":\"WebPage\",\"@id\":\"https:\/\/instytutpolski.pl\/vilnius\/lenku-kalba\/kursai-ir-mokomoji-medziaga-online-2\/\",\"url\":\"https:\/\/instytutpolski.pl\/vilnius\/lenku-kalba\/kursai-ir-mokomoji-medziaga-online-2\/\",\"name\":\"Internetiniai kursai ir mokomoji med\u017eiaga - Instytut Polski w Wilnie\",\"isPartOf\":{\"@id\":\"https:\/\/instytutpolski.pl\/vilnius\/#website\"},\"primaryImageOfPage\":{\"@id\":\"https:\/\/instytutpolski.pl\/vilnius\/lenku-kalba\/kursai-ir-mokomoji-medziaga-online-2\/#primaryimage\"},\"image\":{\"@id\":\"https:\/\/instytutpolski.pl\/vilnius\/lenku-kalba\/kursai-ir-mokomoji-medziaga-online-2\/#primaryimage\"},\"thumbnailUrl\":\"https:\/\/instytutpolski.pl\/vilnius\/wp-content\/uploads\/sites\/24\/2021\/05\/polski_info_logo_color_250px.png\",\"datePublished\":\"2019-06-27T09:11:43+00:00\",\"dateModified\":\"2023-10-30T09:16:08+00:00\",\"breadcrumb\":{\"@id\":\"https:\/\/instytutpolski.pl\/vilnius\/lenku-kalba\/kursai-ir-mokomoji-medziaga-online-2\/#breadcrumb\"},\"inLanguage\":\"pl-PL\",\"potentialAction\":[{\"@type\":\"ReadAction\",\"target\":[\"https:\/\/instytutpolski.pl\/vilnius\/lenku-kalba\/kursai-ir-mokomoji-medziaga-online-2\/\"]}]},{\"@type\":\"ImageObject\",\"inLanguage\":\"pl-PL\",\"@id\":\"https:\/\/instytutpolski.pl\/vilnius\/lenku-kalba\/kursai-ir-mokomoji-medziaga-online-2\/#primaryimage\",\"url\":\"https:\/\/instytutpolski.pl\/vilnius\/wp-content\/uploads\/sites\/24\/2021\/05\/polski_info_logo_color_250px.png\",\"contentUrl\":\"https:\/\/instytutpolski.pl\/vilnius\/wp-content\/uploads\/sites\/24\/2021\/05\/polski_info_logo_color_250px.png\",\"width\":250,\"height\":112},{\"@type\":\"BreadcrumbList\",\"@id\":\"https:\/\/instytutpolski.pl\/vilnius\/lenku-kalba\/kursai-ir-mokomoji-medziaga-online-2\/#breadcrumb\",\"itemListElement\":[{\"@type\":\"ListItem\",\"position\":1,\"name\":\"Home\",\"item\":\"https:\/\/instytutpolski.pl\/vilnius\/\"},{\"@type\":\"ListItem\",\"position\":2,\"name\":\"Lenk\u0173 kalba\",\"item\":\"https:\/\/instytutpolski.pl\/vilnius\/lenku-kalba\/\"},{\"@type\":\"ListItem\",\"position\":3,\"name\":\"Internetiniai kursai ir mokomoji med\u017eiaga\"}]},{\"@type\":\"WebSite\",\"@id\":\"https:\/\/instytutpolski.pl\/vilnius\/#website\",\"url\":\"https:\/\/instytutpolski.pl\/vilnius\/\",\"name\":\"Instytut Polski w Wilnie\",\"description\":\"Instytuty Polskie\",\"potentialAction\":[{\"@type\":\"SearchAction\",\"target\":{\"@type\":\"EntryPoint\",\"urlTemplate\":\"https:\/\/instytutpolski.pl\/vilnius\/?s={search_term_string}\"},\"query-input\":{\"@type\":\"PropertyValueSpecification\",\"valueRequired\":true,\"valueName\":\"search_term_string\"}}],\"inLanguage\":\"pl-PL\"}]}<\/script>\n<!-- \/ Yoast SEO plugin. -->","yoast_head_json":{"title":"Internetiniai kursai ir mokomoji med\u017eiaga - Instytut Polski w Wilnie","robots":{"index":"index","follow":"follow","max-snippet":"max-snippet:-1","max-image-preview":"max-image-preview:large","max-video-preview":"max-video-preview:-1"},"canonical":"https:\/\/instytutpolski.pl\/vilnius\/lenku-kalba\/kursai-ir-mokomoji-medziaga-online-2\/","og_locale":"pl_PL","og_type":"article","og_title":"Internetiniai kursai ir mokomoji med\u017eiaga - Instytut Polski w Wilnie","og_description":"Polski.info \u2013 tai nemokama daugiakalb\u0117 svetain\u0117, skirta mokytis lenk\u0173 kalbos A0, A1, A2 ir B1 lygiu. Svetain\u0117 prieinama 26 kalbomis, tarp j\u0173 ir lietuvi\u0173. Tai pirma lenk\u0173 kalbos internetin\u0117 mokymosi priemon\u0117 visi\u0161kai pritaikyta lietuviakalbiam vartotojui.Svetain\u0117je polski.info galima rasti: 72 pamokas su dialogais aktualiomis kasdien\u0117mis temomis (su vertimu \u012f lietuvi\u0173 kalb\u0105) Interaktyvius pratimus, padedan\u010dius \u012ftvirtinti nauj\u0105 [&hellip;]","og_url":"https:\/\/instytutpolski.pl\/vilnius\/lenku-kalba\/kursai-ir-mokomoji-medziaga-online-2\/","og_site_name":"Instytut Polski w Wilnie","article_modified_time":"2023-10-30T09:16:08+00:00","og_image":[{"url":"https:\/\/instytutpolski.pl\/vilnius\/wp-content\/uploads\/sites\/24\/2021\/05\/polski_info_logo_color_250px.png","type":"","width":"","height":""}],"twitter_card":"summary_large_image","twitter_misc":{"Szacowany czas czytania":"2 minuty"},"schema":{"@context":"https:\/\/schema.org","@graph":[{"@type":"WebPage","@id":"https:\/\/instytutpolski.pl\/vilnius\/lenku-kalba\/kursai-ir-mokomoji-medziaga-online-2\/","url":"https:\/\/instytutpolski.pl\/vilnius\/lenku-kalba\/kursai-ir-mokomoji-medziaga-online-2\/","name":"Internetiniai kursai ir mokomoji med\u017eiaga - Instytut Polski w Wilnie","isPartOf":{"@id":"https:\/\/instytutpolski.pl\/vilnius\/#website"},"primaryImageOfPage":{"@id":"https:\/\/instytutpolski.pl\/vilnius\/lenku-kalba\/kursai-ir-mokomoji-medziaga-online-2\/#primaryimage"},"image":{"@id":"https:\/\/instytutpolski.pl\/vilnius\/lenku-kalba\/kursai-ir-mokomoji-medziaga-online-2\/#primaryimage"},"thumbnailUrl":"https:\/\/instytutpolski.pl\/vilnius\/wp-content\/uploads\/sites\/24\/2021\/05\/polski_info_logo_color_250px.png","datePublished":"2019-06-27T09:11:43+00:00","dateModified":"2023-10-30T09:16:08+00:00","breadcrumb":{"@id":"https:\/\/instytutpolski.pl\/vilnius\/lenku-kalba\/kursai-ir-mokomoji-medziaga-online-2\/#breadcrumb"},"inLanguage":"pl-PL","potentialAction":[{"@type":"ReadAction","target":["https:\/\/instytutpolski.pl\/vilnius\/lenku-kalba\/kursai-ir-mokomoji-medziaga-online-2\/"]}]},{"@type":"ImageObject","inLanguage":"pl-PL","@id":"https:\/\/instytutpolski.pl\/vilnius\/lenku-kalba\/kursai-ir-mokomoji-medziaga-online-2\/#primaryimage","url":"https:\/\/instytutpolski.pl\/vilnius\/wp-content\/uploads\/sites\/24\/2021\/05\/polski_info_logo_color_250px.png","contentUrl":"https:\/\/instytutpolski.pl\/vilnius\/wp-content\/uploads\/sites\/24\/2021\/05\/polski_info_logo_color_250px.png","width":250,"height":112},{"@type":"BreadcrumbList","@id":"https:\/\/instytutpolski.pl\/vilnius\/lenku-kalba\/kursai-ir-mokomoji-medziaga-online-2\/#breadcrumb","itemListElement":[{"@type":"ListItem","position":1,"name":"Home","item":"https:\/\/instytutpolski.pl\/vilnius\/"},{"@type":"ListItem","position":2,"name":"Lenk\u0173 kalba","item":"https:\/\/instytutpolski.pl\/vilnius\/lenku-kalba\/"},{"@type":"ListItem","position":3,"name":"Internetiniai kursai ir mokomoji med\u017eiaga"}]},{"@type":"WebSite","@id":"https:\/\/instytutpolski.pl\/vilnius\/#website","url":"https:\/\/instytutpolski.pl\/vilnius\/","name":"Instytut Polski w Wilnie","description":"Instytuty Polskie","potentialAction":[{"@type":"SearchAction","target":{"@type":"EntryPoint","urlTemplate":"https:\/\/instytutpolski.pl\/vilnius\/?s={search_term_string}"},"query-input":{"@type":"PropertyValueSpecification","valueRequired":true,"valueName":"search_term_string"}}],"inLanguage":"pl-PL"}]}},"_links":{"self":[{"href":"https:\/\/instytutpolski.pl\/vilnius\/wp-json\/wp\/v2\/pages\/557","targetHints":{"allow":["GET"]}}],"collection":[{"href":"https:\/\/instytutpolski.pl\/vilnius\/wp-json\/wp\/v2\/pages"}],"about":[{"href":"https:\/\/instytutpolski.pl\/vilnius\/wp-json\/wp\/v2\/types\/page"}],"author":[{"embeddable":true,"href":"https:\/\/instytutpolski.pl\/vilnius\/wp-json\/wp\/v2\/users\/1"}],"replies":[{"embeddable":true,"href":"https:\/\/instytutpolski.pl\/vilnius\/wp-json\/wp\/v2\/comments?post=557"}],"version-history":[{"count":13,"href":"https:\/\/instytutpolski.pl\/vilnius\/wp-json\/wp\/v2\/pages\/557\/revisions"}],"predecessor-version":[{"id":5477,"href":"https:\/\/instytutpolski.pl\/vilnius\/wp-json\/wp\/v2\/pages\/557\/revisions\/5477"}],"up":[{"embeddable":true,"href":"https:\/\/instytutpolski.pl\/vilnius\/wp-json\/wp\/v2\/pages\/518"}],"wp:attachment":[{"href":"https:\/\/instytutpolski.pl\/vilnius\/wp-json\/wp\/v2\/media?parent=557"}],"curies":[{"name":"wp","href":"https:\/\/api.w.org\/{rel}","templated":true}]}}