{"id":566,"date":"2019-06-27T11:12:32","date_gmt":"2019-06-27T09:12:32","guid":{"rendered":"https:\/\/instytutpolski.pl\/wilno\/?page_id=566"},"modified":"2025-04-10T09:20:55","modified_gmt":"2025-04-10T07:20:55","slug":"kontakt","status":"publish","type":"page","link":"https:\/\/instytutpolski.pl\/vilnius\/pl\/o-instytucie-polskim\/kontakt\/","title":{"rendered":"Kontakt"},"content":{"rendered":"\n<div id=\"contact-popc\">\n<h1 class=\"entry-title\">INSTYTUT POLSKI<br \/>\u2013 LENKIJOS INSTITUTAS<\/h1>\n<p>ul. \u0160v. Jono 3, LT-01123 Vilnius<br \/>tel. (003705) 2329770<br \/>Sekretariat: vilnius.sekretoriatas@instytutpolski.pl<\/p>\n<\/div>\n<div class=\"entry-content\">\n<p><strong>Godziny otwarcia:<\/strong><br \/>Poniedzia\u0142ek-czwartek 9.00-17.00<br \/>Pi\u0105tek 9.00-16.00<\/p>\n<p><strong>Biblioteka-mediateka:<\/strong><br \/>Poniedzia\u0142ek 13.00-17.00<br \/>Wtorek 13.00-17.00<br \/>\u015aroda 13.00-17.00<br \/>Czwartek 10.00-14.00<br \/><br \/><span style=\"color: #000000\"><em><strong>Informacja dla os\u00f3b niepe\u0142nosprawnych<br \/><\/strong>Wej\u015bcie do Instytutu Polskiego znajduje si\u0119 od strony skweru Szyrwida i jest oznaczone szyldem. Ci\u0105g komunikacyjny dla os\u00f3b niepe\u0142nosprawnych bez barier architektonicznych znajduje si\u0119 na prawo od schod\u00f3w prowadz\u0105cych do drzwi wej\u015bciowych. Poruszanie si\u0119 na w\u00f3zkach inwalidzkich na terenie Instytutu jest bezkolizyjne.<\/em><\/span><\/p>\n<\/div>\n\n\n\n<p><span style=\"color: #000000\"><u>Skargi i wnioski<\/u>:<\/span><br><span style=\"color: #000000\">Uprzejmie informujemy, \u017ce skargi i wnioski mo\u017cna sk\u0142ada\u0107 w Instytucie Polskim w Wilnie w czwartki od godz. 10.00 do 11.00.<\/span><\/p>\n\n\n\n<p><\/p>\n","protected":false},"excerpt":{"rendered":"<p>INSTYTUT POLSKI\u2013 LENKIJOS INSTITUTAS ul. \u0160v. Jono 3, LT-01123 Vilniustel. (003705) 2329770Sekretariat: vilnius.sekretoriatas@instytutpolski.pl Godziny otwarcia:Poniedzia\u0142ek-czwartek 9.00-17.00Pi\u0105tek 9.00-16.00 Biblioteka-mediateka:Poniedzia\u0142ek 13.00-17.00Wtorek 13.00-17.00\u015aroda 13.00-17.00Czwartek 10.00-14.00 Informacja dla os\u00f3b niepe\u0142nosprawnychWej\u015bcie do Instytutu Polskiego znajduje si\u0119 od strony skweru Szyrwida i jest oznaczone szyldem. Ci\u0105g komunikacyjny dla os\u00f3b niepe\u0142nosprawnych bez barier architektonicznych znajduje si\u0119 na prawo od schod\u00f3w prowadz\u0105cych do [&hellip;]<\/p>\n","protected":false},"author":1,"featured_media":1324,"parent":562,"menu_order":0,"comment_status":"closed","ping_status":"closed","template":"","meta":{"inline_featured_image":false,"_monsterinsights_skip_tracking":false,"_monsterinsights_sitenote_active":false,"_monsterinsights_sitenote_note":"","_monsterinsights_sitenote_category":0,"footnotes":""},"class_list":["post-566","page","type-page","status-publish","has-post-thumbnail","hentry"],"yoast_head":"<!-- This site is optimized with the Yoast SEO plugin v24.6 - https:\/\/yoast.com\/wordpress\/plugins\/seo\/ -->\n<title>Kontakt - Instytut Polski w Wilnie<\/title>\n<meta name=\"robots\" content=\"index, follow, max-snippet:-1, max-image-preview:large, max-video-preview:-1\" \/>\n<link rel=\"canonical\" href=\"https:\/\/instytutpolski.pl\/vilnius\/pl\/o-instytucie-polskim\/kontakt\/\" \/>\n<meta property=\"og:locale\" content=\"pl_PL\" \/>\n<meta property=\"og:type\" content=\"article\" \/>\n<meta property=\"og:title\" content=\"Kontakt - Instytut Polski w Wilnie\" \/>\n<meta property=\"og:description\" content=\"INSTYTUT POLSKI\u2013 LENKIJOS INSTITUTAS ul. \u0160v. Jono 3, LT-01123 Vilniustel. (003705) 2329770Sekretariat: vilnius.sekretoriatas@instytutpolski.pl Godziny otwarcia:Poniedzia\u0142ek-czwartek 9.00-17.00Pi\u0105tek 9.00-16.00 Biblioteka-mediateka:Poniedzia\u0142ek 13.00-17.00Wtorek 13.00-17.00\u015aroda 13.00-17.00Czwartek 10.00-14.00 Informacja dla os\u00f3b niepe\u0142nosprawnychWej\u015bcie do Instytutu Polskiego znajduje si\u0119 od strony skweru Szyrwida i jest oznaczone szyldem. Ci\u0105g komunikacyjny dla os\u00f3b niepe\u0142nosprawnych bez barier architektonicznych znajduje si\u0119 na prawo od schod\u00f3w prowadz\u0105cych do [&hellip;]\" \/>\n<meta property=\"og:url\" content=\"https:\/\/instytutpolski.pl\/vilnius\/pl\/o-instytucie-polskim\/kontakt\/\" \/>\n<meta property=\"og:site_name\" content=\"Instytut Polski w Wilnie\" \/>\n<meta property=\"article:modified_time\" content=\"2025-04-10T07:20:55+00:00\" \/>\n<meta property=\"og:image\" content=\"https:\/\/instytutpolski.pl\/vilnius\/wp-content\/uploads\/sites\/24\/2020\/06\/02.jpg\" \/>\n\t<meta property=\"og:image:width\" content=\"1728\" \/>\n\t<meta property=\"og:image:height\" content=\"1296\" \/>\n\t<meta property=\"og:image:type\" content=\"image\/jpeg\" \/>\n<meta name=\"twitter:card\" content=\"summary_large_image\" \/>\n<meta name=\"twitter:label1\" content=\"Szacowany czas czytania\" \/>\n\t<meta name=\"twitter:data1\" content=\"1 minuta\" \/>\n<script type=\"application\/ld+json\" class=\"yoast-schema-graph\">{\"@context\":\"https:\/\/schema.org\",\"@graph\":[{\"@type\":\"WebPage\",\"@id\":\"https:\/\/instytutpolski.pl\/vilnius\/pl\/o-instytucie-polskim\/kontakt\/\",\"url\":\"https:\/\/instytutpolski.pl\/vilnius\/pl\/o-instytucie-polskim\/kontakt\/\",\"name\":\"Kontakt - Instytut Polski w Wilnie\",\"isPartOf\":{\"@id\":\"https:\/\/instytutpolski.pl\/vilnius\/#website\"},\"primaryImageOfPage\":{\"@id\":\"https:\/\/instytutpolski.pl\/vilnius\/pl\/o-instytucie-polskim\/kontakt\/#primaryimage\"},\"image\":{\"@id\":\"https:\/\/instytutpolski.pl\/vilnius\/pl\/o-instytucie-polskim\/kontakt\/#primaryimage\"},\"thumbnailUrl\":\"https:\/\/instytutpolski.pl\/vilnius\/wp-content\/uploads\/sites\/24\/2020\/06\/02.jpg\",\"datePublished\":\"2019-06-27T09:12:32+00:00\",\"dateModified\":\"2025-04-10T07:20:55+00:00\",\"breadcrumb\":{\"@id\":\"https:\/\/instytutpolski.pl\/vilnius\/pl\/o-instytucie-polskim\/kontakt\/#breadcrumb\"},\"inLanguage\":\"pl-PL\",\"potentialAction\":[{\"@type\":\"ReadAction\",\"target\":[\"https:\/\/instytutpolski.pl\/vilnius\/pl\/o-instytucie-polskim\/kontakt\/\"]}]},{\"@type\":\"ImageObject\",\"inLanguage\":\"pl-PL\",\"@id\":\"https:\/\/instytutpolski.pl\/vilnius\/pl\/o-instytucie-polskim\/kontakt\/#primaryimage\",\"url\":\"https:\/\/instytutpolski.pl\/vilnius\/wp-content\/uploads\/sites\/24\/2020\/06\/02.jpg\",\"contentUrl\":\"https:\/\/instytutpolski.pl\/vilnius\/wp-content\/uploads\/sites\/24\/2020\/06\/02.jpg\",\"width\":1728,\"height\":1296},{\"@type\":\"BreadcrumbList\",\"@id\":\"https:\/\/instytutpolski.pl\/vilnius\/pl\/o-instytucie-polskim\/kontakt\/#breadcrumb\",\"itemListElement\":[{\"@type\":\"ListItem\",\"position\":1,\"name\":\"Home\",\"item\":\"https:\/\/instytutpolski.pl\/vilnius\/\"},{\"@type\":\"ListItem\",\"position\":2,\"name\":\"O Instytucie Polskim\",\"item\":\"https:\/\/instytutpolski.pl\/vilnius\/pl\/o-instytucie-polskim\/\"},{\"@type\":\"ListItem\",\"position\":3,\"name\":\"Kontakt\"}]},{\"@type\":\"WebSite\",\"@id\":\"https:\/\/instytutpolski.pl\/vilnius\/#website\",\"url\":\"https:\/\/instytutpolski.pl\/vilnius\/\",\"name\":\"Instytut Polski w Wilnie\",\"description\":\"Instytuty Polskie\",\"potentialAction\":[{\"@type\":\"SearchAction\",\"target\":{\"@type\":\"EntryPoint\",\"urlTemplate\":\"https:\/\/instytutpolski.pl\/vilnius\/?s={search_term_string}\"},\"query-input\":{\"@type\":\"PropertyValueSpecification\",\"valueRequired\":true,\"valueName\":\"search_term_string\"}}],\"inLanguage\":\"pl-PL\"}]}<\/script>\n<!-- \/ Yoast SEO plugin. -->","yoast_head_json":{"title":"Kontakt - Instytut Polski w Wilnie","robots":{"index":"index","follow":"follow","max-snippet":"max-snippet:-1","max-image-preview":"max-image-preview:large","max-video-preview":"max-video-preview:-1"},"canonical":"https:\/\/instytutpolski.pl\/vilnius\/pl\/o-instytucie-polskim\/kontakt\/","og_locale":"pl_PL","og_type":"article","og_title":"Kontakt - Instytut Polski w Wilnie","og_description":"INSTYTUT POLSKI\u2013 LENKIJOS INSTITUTAS ul. \u0160v. Jono 3, LT-01123 Vilniustel. (003705) 2329770Sekretariat: vilnius.sekretoriatas@instytutpolski.pl Godziny otwarcia:Poniedzia\u0142ek-czwartek 9.00-17.00Pi\u0105tek 9.00-16.00 Biblioteka-mediateka:Poniedzia\u0142ek 13.00-17.00Wtorek 13.00-17.00\u015aroda 13.00-17.00Czwartek 10.00-14.00 Informacja dla os\u00f3b niepe\u0142nosprawnychWej\u015bcie do Instytutu Polskiego znajduje si\u0119 od strony skweru Szyrwida i jest oznaczone szyldem. Ci\u0105g komunikacyjny dla os\u00f3b niepe\u0142nosprawnych bez barier architektonicznych znajduje si\u0119 na prawo od schod\u00f3w prowadz\u0105cych do [&hellip;]","og_url":"https:\/\/instytutpolski.pl\/vilnius\/pl\/o-instytucie-polskim\/kontakt\/","og_site_name":"Instytut Polski w Wilnie","article_modified_time":"2025-04-10T07:20:55+00:00","og_image":[{"width":1728,"height":1296,"url":"https:\/\/instytutpolski.pl\/vilnius\/wp-content\/uploads\/sites\/24\/2020\/06\/02.jpg","type":"image\/jpeg"}],"twitter_card":"summary_large_image","twitter_misc":{"Szacowany czas czytania":"1 minuta"},"schema":{"@context":"https:\/\/schema.org","@graph":[{"@type":"WebPage","@id":"https:\/\/instytutpolski.pl\/vilnius\/pl\/o-instytucie-polskim\/kontakt\/","url":"https:\/\/instytutpolski.pl\/vilnius\/pl\/o-instytucie-polskim\/kontakt\/","name":"Kontakt - Instytut Polski w Wilnie","isPartOf":{"@id":"https:\/\/instytutpolski.pl\/vilnius\/#website"},"primaryImageOfPage":{"@id":"https:\/\/instytutpolski.pl\/vilnius\/pl\/o-instytucie-polskim\/kontakt\/#primaryimage"},"image":{"@id":"https:\/\/instytutpolski.pl\/vilnius\/pl\/o-instytucie-polskim\/kontakt\/#primaryimage"},"thumbnailUrl":"https:\/\/instytutpolski.pl\/vilnius\/wp-content\/uploads\/sites\/24\/2020\/06\/02.jpg","datePublished":"2019-06-27T09:12:32+00:00","dateModified":"2025-04-10T07:20:55+00:00","breadcrumb":{"@id":"https:\/\/instytutpolski.pl\/vilnius\/pl\/o-instytucie-polskim\/kontakt\/#breadcrumb"},"inLanguage":"pl-PL","potentialAction":[{"@type":"ReadAction","target":["https:\/\/instytutpolski.pl\/vilnius\/pl\/o-instytucie-polskim\/kontakt\/"]}]},{"@type":"ImageObject","inLanguage":"pl-PL","@id":"https:\/\/instytutpolski.pl\/vilnius\/pl\/o-instytucie-polskim\/kontakt\/#primaryimage","url":"https:\/\/instytutpolski.pl\/vilnius\/wp-content\/uploads\/sites\/24\/2020\/06\/02.jpg","contentUrl":"https:\/\/instytutpolski.pl\/vilnius\/wp-content\/uploads\/sites\/24\/2020\/06\/02.jpg","width":1728,"height":1296},{"@type":"BreadcrumbList","@id":"https:\/\/instytutpolski.pl\/vilnius\/pl\/o-instytucie-polskim\/kontakt\/#breadcrumb","itemListElement":[{"@type":"ListItem","position":1,"name":"Home","item":"https:\/\/instytutpolski.pl\/vilnius\/"},{"@type":"ListItem","position":2,"name":"O Instytucie Polskim","item":"https:\/\/instytutpolski.pl\/vilnius\/pl\/o-instytucie-polskim\/"},{"@type":"ListItem","position":3,"name":"Kontakt"}]},{"@type":"WebSite","@id":"https:\/\/instytutpolski.pl\/vilnius\/#website","url":"https:\/\/instytutpolski.pl\/vilnius\/","name":"Instytut Polski w Wilnie","description":"Instytuty Polskie","potentialAction":[{"@type":"SearchAction","target":{"@type":"EntryPoint","urlTemplate":"https:\/\/instytutpolski.pl\/vilnius\/?s={search_term_string}"},"query-input":{"@type":"PropertyValueSpecification","valueRequired":true,"valueName":"search_term_string"}}],"inLanguage":"pl-PL"}]}},"_links":{"self":[{"href":"https:\/\/instytutpolski.pl\/vilnius\/wp-json\/wp\/v2\/pages\/566","targetHints":{"allow":["GET"]}}],"collection":[{"href":"https:\/\/instytutpolski.pl\/vilnius\/wp-json\/wp\/v2\/pages"}],"about":[{"href":"https:\/\/instytutpolski.pl\/vilnius\/wp-json\/wp\/v2\/types\/page"}],"author":[{"embeddable":true,"href":"https:\/\/instytutpolski.pl\/vilnius\/wp-json\/wp\/v2\/users\/1"}],"replies":[{"embeddable":true,"href":"https:\/\/instytutpolski.pl\/vilnius\/wp-json\/wp\/v2\/comments?post=566"}],"version-history":[{"count":29,"href":"https:\/\/instytutpolski.pl\/vilnius\/wp-json\/wp\/v2\/pages\/566\/revisions"}],"predecessor-version":[{"id":7267,"href":"https:\/\/instytutpolski.pl\/vilnius\/wp-json\/wp\/v2\/pages\/566\/revisions\/7267"}],"up":[{"embeddable":true,"href":"https:\/\/instytutpolski.pl\/vilnius\/wp-json\/wp\/v2\/pages\/562"}],"wp:featuredmedia":[{"embeddable":true,"href":"https:\/\/instytutpolski.pl\/vilnius\/wp-json\/wp\/v2\/media\/1324"}],"wp:attachment":[{"href":"https:\/\/instytutpolski.pl\/vilnius\/wp-json\/wp\/v2\/media?parent=566"}],"curies":[{"name":"wp","href":"https:\/\/api.w.org\/{rel}","templated":true}]}}