{"id":57,"date":"2019-06-05T16:51:51","date_gmt":"2019-06-05T14:51:51","guid":{"rendered":"https:\/\/instytutpolski.pl\/wilno\/?page_id=57"},"modified":"2025-06-10T09:43:38","modified_gmt":"2025-06-10T07:43:38","slug":"biblioteka","status":"publish","type":"page","link":"https:\/\/instytutpolski.pl\/vilnius\/biblioteka\/","title":{"rendered":"Biblioteka"},"content":{"rendered":"\n<p><span style=\"color: #212529;font-family: Arial,sans-serif\">Lenkijos instituto bibliotekos skaitytojai gali rinktis i\u0161 <span style=\"color: #000000\">keli\u0173<\/span> t\u016bkstan\u010di\u0173 knyg\u0173, mediatekoje j\u0173 laukia per t\u016bkstant\u012f CD ir DVD disk\u0173 su lenk\u0173 filmais ir muzika, taip pat lenki\u0161ki periodiniai leidiniai. Biblioteka si\u016blo did\u017eiausi\u0105 \u0161iuolaikin\u0117s literat\u016bros pasirinkim\u0105 Lietuvoje! U\u017esiregistravusiems bibliotekos skaitytojams visi \u0161ie rinkiniai prieinami nemokamai.\u00a0<br \/><\/span>Kvie\u010diame knygas rinktis <a href=\"https:\/\/xn--szukamksiki-4kb16m.pl\/SkNewWeb\/bstart\/506000908\" target=\"_blank\" rel=\"noopener\">internetiniame bibliotekos kataloge<\/a>.<\/p>\n<p>Taip pat kvie\u010diame \u012f\u00a0 virtuali\u0105 Lenk\u0173 literat\u016bros bibliotek\u0105, kurios rinkiniuose \u2013 per 100 internetu prieinam\u0173 pozicij\u0173: <a href=\"http:\/\/literat.ug.edu.pl\/books.htm\" target=\"_blank\" rel=\"noopener noreferrer\" data-auth=\"NotApplicable\">Wirtualna Biblioteka Literatury Polskiej<\/a><\/p>\n<p><strong><span style=\"color: #ff0000\"><img loading=\"lazy\" decoding=\"async\" class=\"alignnone  wp-image-7274\" src=\"https:\/\/instytutpolski.pl\/vilnius\/wp-content\/uploads\/sites\/24\/2025\/04\/487519375_977838844533983_5087307209653202452_n-300x225.jpg\" alt=\"\" width=\"715\" height=\"536\" srcset=\"https:\/\/instytutpolski.pl\/vilnius\/wp-content\/uploads\/sites\/24\/2025\/04\/487519375_977838844533983_5087307209653202452_n-300x225.jpg 300w, https:\/\/instytutpolski.pl\/vilnius\/wp-content\/uploads\/sites\/24\/2025\/04\/487519375_977838844533983_5087307209653202452_n-1024x768.jpg 1024w, https:\/\/instytutpolski.pl\/vilnius\/wp-content\/uploads\/sites\/24\/2025\/04\/487519375_977838844533983_5087307209653202452_n-768x576.jpg 768w, https:\/\/instytutpolski.pl\/vilnius\/wp-content\/uploads\/sites\/24\/2025\/04\/487519375_977838844533983_5087307209653202452_n-1536x1152.jpg 1536w, https:\/\/instytutpolski.pl\/vilnius\/wp-content\/uploads\/sites\/24\/2025\/04\/487519375_977838844533983_5087307209653202452_n.jpg 1920w\" sizes=\"auto, (max-width: 715px) 100vw, 715px\" \/><\/span><\/strong><br \/><b><\/b><\/p>\n<p><b>Bibliotekos darbo laikas:<br \/><\/b><span style=\"color: #000080\">Pirmadienis 13.00\u201317.00<br \/><\/span><span style=\"color: #ff0000\"><span style=\"color: #000080\">Antradienis 13.00\u201317.00<\/span><br \/><span style=\"color: #000080\">Tre\u010diadienis 13.00\u201317.00<\/span><br \/><\/span><span style=\"color: #ff0000\"><span style=\"color: #000080\">Ketvirtadienis 10.00\u201314.00<\/span><\/span><\/p>\n<p>Knygas u\u017esisakykite internetu ir atsiimkite bibliotekoje.<br \/>Susiraskite reikiam\u0105 knyg\u0105 elektroniniame <a href=\"https:\/\/szukamksi\u0105\u017cki.pl\/SkNewWeb\/bstart\/506000908\" target=\"_blank\" rel=\"noopener\">kataloge<\/a> ir\u00a0pateikite u\u017esakym\u0105 el. pa\u0161tu: <a href=\"mailto:vilnius.biblioteka@instytutpolski.org\" target=\"_blank\" rel=\"noopener\">vilnius.biblioteka@instytutpolski.pl<\/a> arba atsine\u0161kite s\u0105ra\u0161\u0105 su savimi.<br \/><span style=\"color: #ff0000\"> Knyg\u0173 gr\u0105\u017einimo termin\u0105 galima prasit\u0119sti 2 savait\u0117ms el. p. <a style=\"color: #ff0000\" href=\"mailto:vilnius.biblioteka@instytutpolski.pl\" target=\"_blank\" rel=\"noopener noreferrer\" data-auth=\"NotApplicable\">vilnius.biblioteka@instytutpolski.pl<\/a><\/span><\/p>\n<p><strong>Klausk bibliotekininko:<br \/><\/strong><a href=\"vilnius.biblioteka@instytutpolski.pl\">vilnius.biblioteka@instytutpolski.pl<\/a><\/p>\n<p>\u00a0<\/p>\n","protected":false},"excerpt":{"rendered":"<p>Lenkijos instituto bibliotekos skaitytojai gali rinktis i\u0161 keli\u0173 t\u016bkstan\u010di\u0173 knyg\u0173, mediatekoje j\u0173 laukia per t\u016bkstant\u012f CD ir DVD disk\u0173 su lenk\u0173 filmais ir muzika, taip pat lenki\u0161ki periodiniai leidiniai. Biblioteka si\u016blo did\u017eiausi\u0105 \u0161iuolaikin\u0117s literat\u016bros pasirinkim\u0105 Lietuvoje! U\u017esiregistravusiems bibliotekos skaitytojams visi \u0161ie rinkiniai prieinami nemokamai.\u00a0Kvie\u010diame knygas rinktis internetiniame bibliotekos kataloge. Taip pat kvie\u010diame \u012f\u00a0 virtuali\u0105 Lenk\u0173 [&hellip;]<\/p>\n","protected":false},"author":1,"featured_media":1326,"parent":0,"menu_order":0,"comment_status":"closed","ping_status":"closed","template":"","meta":{"inline_featured_image":false,"_monsterinsights_skip_tracking":false,"_monsterinsights_sitenote_active":false,"_monsterinsights_sitenote_note":"","_monsterinsights_sitenote_category":0,"footnotes":""},"class_list":["post-57","page","type-page","status-publish","has-post-thumbnail","hentry"],"yoast_head":"<!-- This site is optimized with the Yoast SEO plugin v24.6 - https:\/\/yoast.com\/wordpress\/plugins\/seo\/ -->\n<title>Biblioteka - Instytut Polski w Wilnie<\/title>\n<meta name=\"robots\" content=\"index, follow, max-snippet:-1, max-image-preview:large, max-video-preview:-1\" \/>\n<link rel=\"canonical\" href=\"https:\/\/instytutpolski.pl\/vilnius\/biblioteka\/\" \/>\n<meta property=\"og:locale\" content=\"pl_PL\" \/>\n<meta property=\"og:type\" content=\"article\" \/>\n<meta property=\"og:title\" content=\"Biblioteka - Instytut Polski w Wilnie\" \/>\n<meta property=\"og:description\" content=\"Lenkijos instituto bibliotekos skaitytojai gali rinktis i\u0161 keli\u0173 t\u016bkstan\u010di\u0173 knyg\u0173, mediatekoje j\u0173 laukia per t\u016bkstant\u012f CD ir DVD disk\u0173 su lenk\u0173 filmais ir muzika, taip pat lenki\u0161ki periodiniai leidiniai. Biblioteka si\u016blo did\u017eiausi\u0105 \u0161iuolaikin\u0117s literat\u016bros pasirinkim\u0105 Lietuvoje! U\u017esiregistravusiems bibliotekos skaitytojams visi \u0161ie rinkiniai prieinami nemokamai.\u00a0Kvie\u010diame knygas rinktis internetiniame bibliotekos kataloge. Taip pat kvie\u010diame \u012f\u00a0 virtuali\u0105 Lenk\u0173 [&hellip;]\" \/>\n<meta property=\"og:url\" content=\"https:\/\/instytutpolski.pl\/vilnius\/biblioteka\/\" \/>\n<meta property=\"og:site_name\" content=\"Instytut Polski w Wilnie\" \/>\n<meta property=\"article:modified_time\" content=\"2025-06-10T07:43:38+00:00\" \/>\n<meta property=\"og:image\" content=\"https:\/\/instytutpolski.pl\/vilnius\/wp-content\/uploads\/sites\/24\/2020\/06\/BibliotekaIP-mm.jpg\" \/>\n\t<meta property=\"og:image:width\" content=\"800\" \/>\n\t<meta property=\"og:image:height\" content=\"535\" \/>\n\t<meta property=\"og:image:type\" content=\"image\/jpeg\" \/>\n<meta name=\"twitter:card\" content=\"summary_large_image\" \/>\n<meta name=\"twitter:label1\" content=\"Szacowany czas czytania\" \/>\n\t<meta name=\"twitter:data1\" content=\"2 minuty\" \/>\n<script type=\"application\/ld+json\" class=\"yoast-schema-graph\">{\"@context\":\"https:\/\/schema.org\",\"@graph\":[{\"@type\":\"WebPage\",\"@id\":\"https:\/\/instytutpolski.pl\/vilnius\/biblioteka\/\",\"url\":\"https:\/\/instytutpolski.pl\/vilnius\/biblioteka\/\",\"name\":\"Biblioteka - Instytut Polski w Wilnie\",\"isPartOf\":{\"@id\":\"https:\/\/instytutpolski.pl\/vilnius\/#website\"},\"primaryImageOfPage\":{\"@id\":\"https:\/\/instytutpolski.pl\/vilnius\/biblioteka\/#primaryimage\"},\"image\":{\"@id\":\"https:\/\/instytutpolski.pl\/vilnius\/biblioteka\/#primaryimage\"},\"thumbnailUrl\":\"https:\/\/instytutpolski.pl\/vilnius\/wp-content\/uploads\/sites\/24\/2020\/06\/BibliotekaIP-mm.jpg\",\"datePublished\":\"2019-06-05T14:51:51+00:00\",\"dateModified\":\"2025-06-10T07:43:38+00:00\",\"breadcrumb\":{\"@id\":\"https:\/\/instytutpolski.pl\/vilnius\/biblioteka\/#breadcrumb\"},\"inLanguage\":\"pl-PL\",\"potentialAction\":[{\"@type\":\"ReadAction\",\"target\":[\"https:\/\/instytutpolski.pl\/vilnius\/biblioteka\/\"]}]},{\"@type\":\"ImageObject\",\"inLanguage\":\"pl-PL\",\"@id\":\"https:\/\/instytutpolski.pl\/vilnius\/biblioteka\/#primaryimage\",\"url\":\"https:\/\/instytutpolski.pl\/vilnius\/wp-content\/uploads\/sites\/24\/2020\/06\/BibliotekaIP-mm.jpg\",\"contentUrl\":\"https:\/\/instytutpolski.pl\/vilnius\/wp-content\/uploads\/sites\/24\/2020\/06\/BibliotekaIP-mm.jpg\",\"width\":800,\"height\":535},{\"@type\":\"BreadcrumbList\",\"@id\":\"https:\/\/instytutpolski.pl\/vilnius\/biblioteka\/#breadcrumb\",\"itemListElement\":[{\"@type\":\"ListItem\",\"position\":1,\"name\":\"Home\",\"item\":\"https:\/\/instytutpolski.pl\/vilnius\/\"},{\"@type\":\"ListItem\",\"position\":2,\"name\":\"Biblioteka\"}]},{\"@type\":\"WebSite\",\"@id\":\"https:\/\/instytutpolski.pl\/vilnius\/#website\",\"url\":\"https:\/\/instytutpolski.pl\/vilnius\/\",\"name\":\"Instytut Polski w Wilnie\",\"description\":\"Instytuty Polskie\",\"potentialAction\":[{\"@type\":\"SearchAction\",\"target\":{\"@type\":\"EntryPoint\",\"urlTemplate\":\"https:\/\/instytutpolski.pl\/vilnius\/?s={search_term_string}\"},\"query-input\":{\"@type\":\"PropertyValueSpecification\",\"valueRequired\":true,\"valueName\":\"search_term_string\"}}],\"inLanguage\":\"pl-PL\"}]}<\/script>\n<!-- \/ Yoast SEO plugin. -->","yoast_head_json":{"title":"Biblioteka - Instytut Polski w Wilnie","robots":{"index":"index","follow":"follow","max-snippet":"max-snippet:-1","max-image-preview":"max-image-preview:large","max-video-preview":"max-video-preview:-1"},"canonical":"https:\/\/instytutpolski.pl\/vilnius\/biblioteka\/","og_locale":"pl_PL","og_type":"article","og_title":"Biblioteka - Instytut Polski w Wilnie","og_description":"Lenkijos instituto bibliotekos skaitytojai gali rinktis i\u0161 keli\u0173 t\u016bkstan\u010di\u0173 knyg\u0173, mediatekoje j\u0173 laukia per t\u016bkstant\u012f CD ir DVD disk\u0173 su lenk\u0173 filmais ir muzika, taip pat lenki\u0161ki periodiniai leidiniai. Biblioteka si\u016blo did\u017eiausi\u0105 \u0161iuolaikin\u0117s literat\u016bros pasirinkim\u0105 Lietuvoje! U\u017esiregistravusiems bibliotekos skaitytojams visi \u0161ie rinkiniai prieinami nemokamai.\u00a0Kvie\u010diame knygas rinktis internetiniame bibliotekos kataloge. Taip pat kvie\u010diame \u012f\u00a0 virtuali\u0105 Lenk\u0173 [&hellip;]","og_url":"https:\/\/instytutpolski.pl\/vilnius\/biblioteka\/","og_site_name":"Instytut Polski w Wilnie","article_modified_time":"2025-06-10T07:43:38+00:00","og_image":[{"width":800,"height":535,"url":"https:\/\/instytutpolski.pl\/vilnius\/wp-content\/uploads\/sites\/24\/2020\/06\/BibliotekaIP-mm.jpg","type":"image\/jpeg"}],"twitter_card":"summary_large_image","twitter_misc":{"Szacowany czas czytania":"2 minuty"},"schema":{"@context":"https:\/\/schema.org","@graph":[{"@type":"WebPage","@id":"https:\/\/instytutpolski.pl\/vilnius\/biblioteka\/","url":"https:\/\/instytutpolski.pl\/vilnius\/biblioteka\/","name":"Biblioteka - Instytut Polski w Wilnie","isPartOf":{"@id":"https:\/\/instytutpolski.pl\/vilnius\/#website"},"primaryImageOfPage":{"@id":"https:\/\/instytutpolski.pl\/vilnius\/biblioteka\/#primaryimage"},"image":{"@id":"https:\/\/instytutpolski.pl\/vilnius\/biblioteka\/#primaryimage"},"thumbnailUrl":"https:\/\/instytutpolski.pl\/vilnius\/wp-content\/uploads\/sites\/24\/2020\/06\/BibliotekaIP-mm.jpg","datePublished":"2019-06-05T14:51:51+00:00","dateModified":"2025-06-10T07:43:38+00:00","breadcrumb":{"@id":"https:\/\/instytutpolski.pl\/vilnius\/biblioteka\/#breadcrumb"},"inLanguage":"pl-PL","potentialAction":[{"@type":"ReadAction","target":["https:\/\/instytutpolski.pl\/vilnius\/biblioteka\/"]}]},{"@type":"ImageObject","inLanguage":"pl-PL","@id":"https:\/\/instytutpolski.pl\/vilnius\/biblioteka\/#primaryimage","url":"https:\/\/instytutpolski.pl\/vilnius\/wp-content\/uploads\/sites\/24\/2020\/06\/BibliotekaIP-mm.jpg","contentUrl":"https:\/\/instytutpolski.pl\/vilnius\/wp-content\/uploads\/sites\/24\/2020\/06\/BibliotekaIP-mm.jpg","width":800,"height":535},{"@type":"BreadcrumbList","@id":"https:\/\/instytutpolski.pl\/vilnius\/biblioteka\/#breadcrumb","itemListElement":[{"@type":"ListItem","position":1,"name":"Home","item":"https:\/\/instytutpolski.pl\/vilnius\/"},{"@type":"ListItem","position":2,"name":"Biblioteka"}]},{"@type":"WebSite","@id":"https:\/\/instytutpolski.pl\/vilnius\/#website","url":"https:\/\/instytutpolski.pl\/vilnius\/","name":"Instytut Polski w Wilnie","description":"Instytuty Polskie","potentialAction":[{"@type":"SearchAction","target":{"@type":"EntryPoint","urlTemplate":"https:\/\/instytutpolski.pl\/vilnius\/?s={search_term_string}"},"query-input":{"@type":"PropertyValueSpecification","valueRequired":true,"valueName":"search_term_string"}}],"inLanguage":"pl-PL"}]}},"_links":{"self":[{"href":"https:\/\/instytutpolski.pl\/vilnius\/wp-json\/wp\/v2\/pages\/57","targetHints":{"allow":["GET"]}}],"collection":[{"href":"https:\/\/instytutpolski.pl\/vilnius\/wp-json\/wp\/v2\/pages"}],"about":[{"href":"https:\/\/instytutpolski.pl\/vilnius\/wp-json\/wp\/v2\/types\/page"}],"author":[{"embeddable":true,"href":"https:\/\/instytutpolski.pl\/vilnius\/wp-json\/wp\/v2\/users\/1"}],"replies":[{"embeddable":true,"href":"https:\/\/instytutpolski.pl\/vilnius\/wp-json\/wp\/v2\/comments?post=57"}],"version-history":[{"count":37,"href":"https:\/\/instytutpolski.pl\/vilnius\/wp-json\/wp\/v2\/pages\/57\/revisions"}],"predecessor-version":[{"id":7652,"href":"https:\/\/instytutpolski.pl\/vilnius\/wp-json\/wp\/v2\/pages\/57\/revisions\/7652"}],"wp:featuredmedia":[{"embeddable":true,"href":"https:\/\/instytutpolski.pl\/vilnius\/wp-json\/wp\/v2\/media\/1326"}],"wp:attachment":[{"href":"https:\/\/instytutpolski.pl\/vilnius\/wp-json\/wp\/v2\/media?parent=57"}],"curies":[{"name":"wp","href":"https:\/\/api.w.org\/{rel}","templated":true}]}}