{"id":583,"date":"2019-06-27T11:14:03","date_gmt":"2019-06-27T09:14:03","guid":{"rendered":"https:\/\/instytutpolski.pl\/wilno\/?page_id=583"},"modified":"2026-01-28T13:39:18","modified_gmt":"2026-01-28T12:39:18","slug":"zespol","status":"publish","type":"page","link":"https:\/\/instytutpolski.pl\/vilnius\/pl\/o-instytucie-polskim\/zespol\/","title":{"rendered":"Zesp\u00f3\u0142"},"content":{"rendered":"\n<h5><strong>Zesp\u00f3\u0142 Instytutu Polskiego w Wilnie:<\/strong><\/h5>\n<pre>\u00a0<\/pre>\n<p><strong style=\"font-size: revert;color: initial;font-family: -apple-system, BlinkMacSystemFont, 'Segoe UI', Roboto, Oxygen-Sans, Ubuntu, Cantarell, 'Helvetica Neue', sans-serif\"><img loading=\"lazy\" decoding=\"async\" class=\"alignnone size-medium wp-image-7764\" src=\"https:\/\/instytutpolski.pl\/vilnius\/wp-content\/uploads\/sites\/24\/2025\/08\/PD-official-foto-300x300.jpg\" alt=\"\" width=\"300\" height=\"300\" srcset=\"https:\/\/instytutpolski.pl\/vilnius\/wp-content\/uploads\/sites\/24\/2025\/08\/PD-official-foto-300x300.jpg 300w, https:\/\/instytutpolski.pl\/vilnius\/wp-content\/uploads\/sites\/24\/2025\/08\/PD-official-foto-1024x1024.jpg 1024w, https:\/\/instytutpolski.pl\/vilnius\/wp-content\/uploads\/sites\/24\/2025\/08\/PD-official-foto-150x150.jpg 150w, https:\/\/instytutpolski.pl\/vilnius\/wp-content\/uploads\/sites\/24\/2025\/08\/PD-official-foto-768x768.jpg 768w, https:\/\/instytutpolski.pl\/vilnius\/wp-content\/uploads\/sites\/24\/2025\/08\/PD-official-foto-1536x1536.jpg 1536w, https:\/\/instytutpolski.pl\/vilnius\/wp-content\/uploads\/sites\/24\/2025\/08\/PD-official-foto-2048x2048.jpg 2048w\" sizes=\"auto, (max-width: 300px) 100vw, 300px\" \/><br \/>Dr Piotr Drobniak<\/strong><span style=\"font-size: revert;color: initial;font-family: -apple-system, BlinkMacSystemFont, 'Segoe UI', Roboto, Oxygen-Sans, Ubuntu, Cantarell, 'Helvetica Neue', sans-serif\"> \u2013 dyrektor Instytutu Polskiego, minister pe\u0142nomocny w Ambasadzie RP<\/span><\/p>\n<div class=\"entry-content\">\n<p><br \/><img loading=\"lazy\" decoding=\"async\" class=\"alignnone size-medium wp-image-8343\" src=\"https:\/\/instytutpolski.pl\/vilnius\/wp-content\/uploads\/sites\/24\/2025\/11\/AKB-zdjecie-oficjalne-kadr-300x300.jpg\" alt=\"\" width=\"300\" height=\"300\" srcset=\"https:\/\/instytutpolski.pl\/vilnius\/wp-content\/uploads\/sites\/24\/2025\/11\/AKB-zdjecie-oficjalne-kadr-300x300.jpg 300w, https:\/\/instytutpolski.pl\/vilnius\/wp-content\/uploads\/sites\/24\/2025\/11\/AKB-zdjecie-oficjalne-kadr-1024x1024.jpg 1024w, https:\/\/instytutpolski.pl\/vilnius\/wp-content\/uploads\/sites\/24\/2025\/11\/AKB-zdjecie-oficjalne-kadr-150x150.jpg 150w, https:\/\/instytutpolski.pl\/vilnius\/wp-content\/uploads\/sites\/24\/2025\/11\/AKB-zdjecie-oficjalne-kadr-768x768.jpg 768w, https:\/\/instytutpolski.pl\/vilnius\/wp-content\/uploads\/sites\/24\/2025\/11\/AKB-zdjecie-oficjalne-kadr.jpg 1514w\" sizes=\"auto, (max-width: 300px) 100vw, 300px\" \/><br \/><strong>Aleksandra Klimont-Bodzi\u0144ska<\/strong> \u2013 zast\u0119pca dyrektora Instytutu Polskiego, I Radca w Ambasadzie RP<br \/><br \/><strong>Bo\u017cena Tautkien\u0117<\/strong> &#8211; kierowniczka sekretariatu, kierowniczka biblioteki \u2013 tel. (+370 5) 2329770<br \/><a href=\"mailto:vilnius.sekretoriatas@instytutpolski.pl\">vilnius.sekretoriatas@instytutpolski.pl<\/a><\/p>\n<p><strong>Barbara Orszewska<\/strong> \u2013 koordynatorka projekt\u00f3w \u2013 tel. (+370 5) 2329774<br \/><a href=\"mailto:Barbara.Orszewska@instytutpolski.pl\">Barbara.Orszewska@instytutpolski.pl<\/a><\/p>\n<p><strong>Agata Gornatkiewicz<\/strong> \u2013 ekspertka ds. programowych \u2013 tel. (+370 5) 2329775<br \/><a href=\"agata.gornatkiewicz@instytutpolski.pl\">Agata.Gornatkiewicz@instytutpolski.pl<\/a><\/p>\n<p><strong>Jolanta Ciunowicz<\/strong> \u2013 ekspertka ds. programowych \u2013 tel. (+370 5) 2329776<br \/><a href=\"mailto:jolanta.ciunowicz@instytutpolski.pl\">Jolanta.Ciunowicz@instytutpolski.pl<\/a><\/p>\n<p><b>Dariusz Malinowski <\/b>\u2013 koordynator projekt\u00f3w \u2013 tel. (+370 5) 2329773<br \/><a href=\"mailto:Dariusz.Malinowski@instytutpolski.pl\">Dariusz.Malinowski@instytutpolski.pl<\/a><\/p>\n<p><b>\u0141ukasz Sk\u00f3rko <\/b>\u2013 koordynator projekt\u00f3w \u2013 tel. (+370 5) 2329773<br \/><a href=\"mailto:Lukasz.Skorko@instytutpolski.pl\">Lukasz.Skorko@instytutpolski.pl<\/a><\/p>\n<p><strong>Rimvydas Strielk\u016bnas<\/strong> \u2013 koordynator projekt\u00f3w \u2013 tel. (+370 5) 2329779<br \/><a href=\"mailto:Rimvydas.Strielkunas@instytutpolski.pl\">Rimvydas.Strielkunas@instytutpolski.pl<\/a><\/p>\n<\/div>\n","protected":false},"excerpt":{"rendered":"<p>Zesp\u00f3\u0142 Instytutu Polskiego w Wilnie: \u00a0 Dr Piotr Drobniak \u2013 dyrektor Instytutu Polskiego, minister pe\u0142nomocny w Ambasadzie RP Aleksandra Klimont-Bodzi\u0144ska \u2013 zast\u0119pca dyrektora Instytutu Polskiego, I Radca w Ambasadzie RP Bo\u017cena Tautkien\u0117 &#8211; kierowniczka sekretariatu, kierowniczka biblioteki \u2013 tel. (+370 5) 2329770vilnius.sekretoriatas@instytutpolski.pl Barbara Orszewska \u2013 koordynatorka projekt\u00f3w \u2013 tel. (+370 5) 2329774Barbara.Orszewska@instytutpolski.pl Agata Gornatkiewicz \u2013 [&hellip;]<\/p>\n","protected":false},"author":1,"featured_media":0,"parent":562,"menu_order":0,"comment_status":"closed","ping_status":"closed","template":"","meta":{"inline_featured_image":false,"_monsterinsights_skip_tracking":false,"_monsterinsights_sitenote_active":false,"_monsterinsights_sitenote_note":"","_monsterinsights_sitenote_category":0,"footnotes":""},"class_list":["post-583","page","type-page","status-publish","hentry"],"yoast_head":"<!-- This site is optimized with the Yoast SEO plugin v24.6 - https:\/\/yoast.com\/wordpress\/plugins\/seo\/ -->\n<title>Zesp\u00f3\u0142 - Instytut Polski w Wilnie<\/title>\n<meta name=\"robots\" content=\"index, follow, max-snippet:-1, max-image-preview:large, max-video-preview:-1\" \/>\n<link rel=\"canonical\" href=\"https:\/\/instytutpolski.pl\/vilnius\/pl\/o-instytucie-polskim\/zespol\/\" \/>\n<meta property=\"og:locale\" content=\"pl_PL\" \/>\n<meta property=\"og:type\" content=\"article\" \/>\n<meta property=\"og:title\" content=\"Zesp\u00f3\u0142 - Instytut Polski w Wilnie\" \/>\n<meta property=\"og:description\" content=\"Zesp\u00f3\u0142 Instytutu Polskiego w Wilnie: \u00a0 Dr Piotr Drobniak \u2013 dyrektor Instytutu Polskiego, minister pe\u0142nomocny w Ambasadzie RP Aleksandra Klimont-Bodzi\u0144ska \u2013 zast\u0119pca dyrektora Instytutu Polskiego, I Radca w Ambasadzie RP Bo\u017cena Tautkien\u0117 &#8211; kierowniczka sekretariatu, kierowniczka biblioteki \u2013 tel. (+370 5) 2329770vilnius.sekretoriatas@instytutpolski.pl Barbara Orszewska \u2013 koordynatorka projekt\u00f3w \u2013 tel. (+370 5) 2329774Barbara.Orszewska@instytutpolski.pl Agata Gornatkiewicz \u2013 [&hellip;]\" \/>\n<meta property=\"og:url\" content=\"https:\/\/instytutpolski.pl\/vilnius\/pl\/o-instytucie-polskim\/zespol\/\" \/>\n<meta property=\"og:site_name\" content=\"Instytut Polski w Wilnie\" \/>\n<meta property=\"article:modified_time\" content=\"2026-01-28T12:39:18+00:00\" \/>\n<meta property=\"og:image\" content=\"https:\/\/instytutpolski.pl\/vilnius\/wp-content\/uploads\/sites\/24\/2025\/08\/PD-official-foto-scaled.jpg\" \/>\n\t<meta property=\"og:image:width\" content=\"2560\" \/>\n\t<meta property=\"og:image:height\" content=\"2560\" \/>\n\t<meta property=\"og:image:type\" content=\"image\/jpeg\" \/>\n<meta name=\"twitter:card\" content=\"summary_large_image\" \/>\n<meta name=\"twitter:label1\" content=\"Szacowany czas czytania\" \/>\n\t<meta name=\"twitter:data1\" content=\"1 minuta\" \/>\n<script type=\"application\/ld+json\" class=\"yoast-schema-graph\">{\"@context\":\"https:\/\/schema.org\",\"@graph\":[{\"@type\":\"WebPage\",\"@id\":\"https:\/\/instytutpolski.pl\/vilnius\/pl\/o-instytucie-polskim\/zespol\/\",\"url\":\"https:\/\/instytutpolski.pl\/vilnius\/pl\/o-instytucie-polskim\/zespol\/\",\"name\":\"Zesp\u00f3\u0142 - Instytut Polski w Wilnie\",\"isPartOf\":{\"@id\":\"https:\/\/instytutpolski.pl\/vilnius\/#website\"},\"primaryImageOfPage\":{\"@id\":\"https:\/\/instytutpolski.pl\/vilnius\/pl\/o-instytucie-polskim\/zespol\/#primaryimage\"},\"image\":{\"@id\":\"https:\/\/instytutpolski.pl\/vilnius\/pl\/o-instytucie-polskim\/zespol\/#primaryimage\"},\"thumbnailUrl\":\"https:\/\/instytutpolski.pl\/vilnius\/wp-content\/uploads\/sites\/24\/2025\/08\/PD-official-foto-300x300.jpg\",\"datePublished\":\"2019-06-27T09:14:03+00:00\",\"dateModified\":\"2026-01-28T12:39:18+00:00\",\"breadcrumb\":{\"@id\":\"https:\/\/instytutpolski.pl\/vilnius\/pl\/o-instytucie-polskim\/zespol\/#breadcrumb\"},\"inLanguage\":\"pl-PL\",\"potentialAction\":[{\"@type\":\"ReadAction\",\"target\":[\"https:\/\/instytutpolski.pl\/vilnius\/pl\/o-instytucie-polskim\/zespol\/\"]}]},{\"@type\":\"ImageObject\",\"inLanguage\":\"pl-PL\",\"@id\":\"https:\/\/instytutpolski.pl\/vilnius\/pl\/o-instytucie-polskim\/zespol\/#primaryimage\",\"url\":\"https:\/\/instytutpolski.pl\/vilnius\/wp-content\/uploads\/sites\/24\/2025\/08\/PD-official-foto-scaled.jpg\",\"contentUrl\":\"https:\/\/instytutpolski.pl\/vilnius\/wp-content\/uploads\/sites\/24\/2025\/08\/PD-official-foto-scaled.jpg\",\"width\":2560,\"height\":2560},{\"@type\":\"BreadcrumbList\",\"@id\":\"https:\/\/instytutpolski.pl\/vilnius\/pl\/o-instytucie-polskim\/zespol\/#breadcrumb\",\"itemListElement\":[{\"@type\":\"ListItem\",\"position\":1,\"name\":\"Home\",\"item\":\"https:\/\/instytutpolski.pl\/vilnius\/\"},{\"@type\":\"ListItem\",\"position\":2,\"name\":\"O Instytucie Polskim\",\"item\":\"https:\/\/instytutpolski.pl\/vilnius\/pl\/o-instytucie-polskim\/\"},{\"@type\":\"ListItem\",\"position\":3,\"name\":\"Zesp\u00f3\u0142\"}]},{\"@type\":\"WebSite\",\"@id\":\"https:\/\/instytutpolski.pl\/vilnius\/#website\",\"url\":\"https:\/\/instytutpolski.pl\/vilnius\/\",\"name\":\"Instytut Polski w Wilnie\",\"description\":\"Instytuty Polskie\",\"potentialAction\":[{\"@type\":\"SearchAction\",\"target\":{\"@type\":\"EntryPoint\",\"urlTemplate\":\"https:\/\/instytutpolski.pl\/vilnius\/?s={search_term_string}\"},\"query-input\":{\"@type\":\"PropertyValueSpecification\",\"valueRequired\":true,\"valueName\":\"search_term_string\"}}],\"inLanguage\":\"pl-PL\"}]}<\/script>\n<!-- \/ Yoast SEO plugin. -->","yoast_head_json":{"title":"Zesp\u00f3\u0142 - Instytut Polski w Wilnie","robots":{"index":"index","follow":"follow","max-snippet":"max-snippet:-1","max-image-preview":"max-image-preview:large","max-video-preview":"max-video-preview:-1"},"canonical":"https:\/\/instytutpolski.pl\/vilnius\/pl\/o-instytucie-polskim\/zespol\/","og_locale":"pl_PL","og_type":"article","og_title":"Zesp\u00f3\u0142 - Instytut Polski w Wilnie","og_description":"Zesp\u00f3\u0142 Instytutu Polskiego w Wilnie: \u00a0 Dr Piotr Drobniak \u2013 dyrektor Instytutu Polskiego, minister pe\u0142nomocny w Ambasadzie RP Aleksandra Klimont-Bodzi\u0144ska \u2013 zast\u0119pca dyrektora Instytutu Polskiego, I Radca w Ambasadzie RP Bo\u017cena Tautkien\u0117 &#8211; kierowniczka sekretariatu, kierowniczka biblioteki \u2013 tel. (+370 5) 2329770vilnius.sekretoriatas@instytutpolski.pl Barbara Orszewska \u2013 koordynatorka projekt\u00f3w \u2013 tel. (+370 5) 2329774Barbara.Orszewska@instytutpolski.pl Agata Gornatkiewicz \u2013 [&hellip;]","og_url":"https:\/\/instytutpolski.pl\/vilnius\/pl\/o-instytucie-polskim\/zespol\/","og_site_name":"Instytut Polski w Wilnie","article_modified_time":"2026-01-28T12:39:18+00:00","og_image":[{"width":2560,"height":2560,"url":"https:\/\/instytutpolski.pl\/vilnius\/wp-content\/uploads\/sites\/24\/2025\/08\/PD-official-foto-scaled.jpg","type":"image\/jpeg"}],"twitter_card":"summary_large_image","twitter_misc":{"Szacowany czas czytania":"1 minuta"},"schema":{"@context":"https:\/\/schema.org","@graph":[{"@type":"WebPage","@id":"https:\/\/instytutpolski.pl\/vilnius\/pl\/o-instytucie-polskim\/zespol\/","url":"https:\/\/instytutpolski.pl\/vilnius\/pl\/o-instytucie-polskim\/zespol\/","name":"Zesp\u00f3\u0142 - Instytut Polski w Wilnie","isPartOf":{"@id":"https:\/\/instytutpolski.pl\/vilnius\/#website"},"primaryImageOfPage":{"@id":"https:\/\/instytutpolski.pl\/vilnius\/pl\/o-instytucie-polskim\/zespol\/#primaryimage"},"image":{"@id":"https:\/\/instytutpolski.pl\/vilnius\/pl\/o-instytucie-polskim\/zespol\/#primaryimage"},"thumbnailUrl":"https:\/\/instytutpolski.pl\/vilnius\/wp-content\/uploads\/sites\/24\/2025\/08\/PD-official-foto-300x300.jpg","datePublished":"2019-06-27T09:14:03+00:00","dateModified":"2026-01-28T12:39:18+00:00","breadcrumb":{"@id":"https:\/\/instytutpolski.pl\/vilnius\/pl\/o-instytucie-polskim\/zespol\/#breadcrumb"},"inLanguage":"pl-PL","potentialAction":[{"@type":"ReadAction","target":["https:\/\/instytutpolski.pl\/vilnius\/pl\/o-instytucie-polskim\/zespol\/"]}]},{"@type":"ImageObject","inLanguage":"pl-PL","@id":"https:\/\/instytutpolski.pl\/vilnius\/pl\/o-instytucie-polskim\/zespol\/#primaryimage","url":"https:\/\/instytutpolski.pl\/vilnius\/wp-content\/uploads\/sites\/24\/2025\/08\/PD-official-foto-scaled.jpg","contentUrl":"https:\/\/instytutpolski.pl\/vilnius\/wp-content\/uploads\/sites\/24\/2025\/08\/PD-official-foto-scaled.jpg","width":2560,"height":2560},{"@type":"BreadcrumbList","@id":"https:\/\/instytutpolski.pl\/vilnius\/pl\/o-instytucie-polskim\/zespol\/#breadcrumb","itemListElement":[{"@type":"ListItem","position":1,"name":"Home","item":"https:\/\/instytutpolski.pl\/vilnius\/"},{"@type":"ListItem","position":2,"name":"O Instytucie Polskim","item":"https:\/\/instytutpolski.pl\/vilnius\/pl\/o-instytucie-polskim\/"},{"@type":"ListItem","position":3,"name":"Zesp\u00f3\u0142"}]},{"@type":"WebSite","@id":"https:\/\/instytutpolski.pl\/vilnius\/#website","url":"https:\/\/instytutpolski.pl\/vilnius\/","name":"Instytut Polski w Wilnie","description":"Instytuty Polskie","potentialAction":[{"@type":"SearchAction","target":{"@type":"EntryPoint","urlTemplate":"https:\/\/instytutpolski.pl\/vilnius\/?s={search_term_string}"},"query-input":{"@type":"PropertyValueSpecification","valueRequired":true,"valueName":"search_term_string"}}],"inLanguage":"pl-PL"}]}},"_links":{"self":[{"href":"https:\/\/instytutpolski.pl\/vilnius\/wp-json\/wp\/v2\/pages\/583","targetHints":{"allow":["GET"]}}],"collection":[{"href":"https:\/\/instytutpolski.pl\/vilnius\/wp-json\/wp\/v2\/pages"}],"about":[{"href":"https:\/\/instytutpolski.pl\/vilnius\/wp-json\/wp\/v2\/types\/page"}],"author":[{"embeddable":true,"href":"https:\/\/instytutpolski.pl\/vilnius\/wp-json\/wp\/v2\/users\/1"}],"replies":[{"embeddable":true,"href":"https:\/\/instytutpolski.pl\/vilnius\/wp-json\/wp\/v2\/comments?post=583"}],"version-history":[{"count":53,"href":"https:\/\/instytutpolski.pl\/vilnius\/wp-json\/wp\/v2\/pages\/583\/revisions"}],"predecessor-version":[{"id":8548,"href":"https:\/\/instytutpolski.pl\/vilnius\/wp-json\/wp\/v2\/pages\/583\/revisions\/8548"}],"up":[{"embeddable":true,"href":"https:\/\/instytutpolski.pl\/vilnius\/wp-json\/wp\/v2\/pages\/562"}],"wp:attachment":[{"href":"https:\/\/instytutpolski.pl\/vilnius\/wp-json\/wp\/v2\/media?parent=583"}],"curies":[{"name":"wp","href":"https:\/\/api.w.org\/{rel}","templated":true}]}}