{"id":599,"date":"2019-06-27T11:15:53","date_gmt":"2019-06-27T09:15:53","guid":{"rendered":"https:\/\/instytutpolski.pl\/wilno\/?page_id=599"},"modified":"2026-01-16T09:01:50","modified_gmt":"2026-01-16T08:01:50","slug":"partneriai-2","status":"publish","type":"page","link":"https:\/\/instytutpolski.pl\/vilnius\/apie-lenkijos-instituta\/partneriai-2\/","title":{"rendered":"Partneriai"},"content":{"rendered":"\n<ul>\n<li class=\"link-description\"><a href=\"https:\/\/www.gov.pl\/web\/dyplomacja\">Lenkijos u\u017esienio reikal\u0173 ministerija<\/a><\/li>\n<li class=\"link-description\"><a href=\"https:\/\/www.poland.travel\/en\">Lenkijos portalas<\/a><\/li>\n<li><a href=\"https:\/\/www.gov.pl\/web\/litwa\">Lenkijos Respublikos ambasada Vilniuje<\/a><\/li>\n<li><a href=\"https:\/\/www.trade.gov.pl\/en\">Eksporto skatinimo portalas<\/a><\/li>\n<li><a href=\"https:\/\/www.gov.pl\/web\/kultura\/\">Lenkijos kult\u016bros ir nacionalinio paveldo ministerija<\/a><\/li>\n<li><a href=\"https:\/\/ipn.gov.pl\/\">Nacionalin\u0117s atminties institutas<\/a><\/li>\n<li><a href=\"https:\/\/dzieje.pl\/\">Istorijos portalas Dzieje.PL<\/a><\/li>\n<li><a href=\"http:\/\/muzhp.pl\/pl\/\">Lenkijos istorijos muziejus<\/a><\/li>\n<li><a href=\"https:\/\/www.centrumjp2.pl\/\">Jono Pauliaus II minties centras<\/a><\/li>\n<li><a href=\"https:\/\/www.nck.pl\/\">Nacionalinis kult\u016bros centras<\/a><\/li>\n<li><a href=\"https:\/\/instytutksiazki.pl\/\">Knygos institutas<\/a><\/li>\n<li><a href=\"http:\/\/www.pisf.pl\/pl\">Lenkijos kino meno institutas<\/a><\/li>\n<li><a href=\"https:\/\/www.instytut-teatralny.pl\/\">Lenkijos teatro institutas<\/a><\/li>\n<li><a href=\"https:\/\/nawa.gov.pl\/\">Nacionalin\u0117 akademini\u0173 main\u0173 agent\u016bra<\/a><\/li>\n<li><a href=\"https:\/\/www.pot.gov.pl\/pl\">Lenkijos turizmo agent\u016bra<\/a><\/li>\n<li><a href=\"http:\/\/dot.org.pl\/\">\u017demutin\u0117s Silezijos turizmo agent\u016bra<\/a><\/li>\n<li><a href=\"http:\/\/polskidom.lt\/pl\/\">Vilniaus lenk\u0173 kult\u016bros namai<\/a><\/li>\n<li><a href=\"https:\/\/www.pap.pl\/\">Lenkijos spaudos agent\u016bra PAP<\/a><\/li>\n<li><a href=\"https:\/\/www.polskieradio.pl\/399\">Lenkijos radijas<\/a><\/li>\n<li><a href=\"https:\/\/zw.lt\/\">Radijo stotis ir portalas \u201eZnad Wilii\u201c<\/a><\/li>\n<li><a href=\"http:\/\/www.wilnoteka.lt\/\">Portalas Wilnoteka<\/a><\/li>\n<li><a href=\"http:\/\/l24.lt\/pl\">Portalas L24.lt<\/a><\/li>\n<li><a href=\"http:\/\/krakow.pl\/otwarty_na_swiat\/\">Krokuva<\/a><\/li>\n<li><a href=\"http:\/\/studyfun.pl\/\">Study Fun Poland<\/a><\/li>\n<li><a href=\"https:\/\/www.polandunraveled.com\/\">About Poland Unraveled<\/a><\/li>\n<li><a href=\"https:\/\/www.chroniclesofterror.pl\/dlibra\">Portalas \u201eTeroro u\u017era\u0161ai\u201c<\/a><\/li>\n<li><a href=\"https:\/\/polonika.pl\/en\/institute\">Institutas \u201ePolonika\u201c<\/a><\/li>\n<li><a href=\"https:\/\/instytutpileckiego.pl\/en\">Pileckio institutas<\/a><\/li>\n<\/ul>\n","protected":false},"excerpt":{"rendered":"<p>Lenkijos u\u017esienio reikal\u0173 ministerija Lenkijos portalas Lenkijos Respublikos ambasada Vilniuje Eksporto skatinimo portalas Lenkijos kult\u016bros ir nacionalinio paveldo ministerija Nacionalin\u0117s atminties institutas Istorijos portalas Dzieje.PL Lenkijos istorijos muziejus Jono Pauliaus II minties centras Nacionalinis kult\u016bros centras Knygos institutas Lenkijos kino meno institutas Lenkijos teatro institutas Nacionalin\u0117 akademini\u0173 main\u0173 agent\u016bra Lenkijos turizmo agent\u016bra \u017demutin\u0117s Silezijos turizmo [&hellip;]<\/p>\n","protected":false},"author":1,"featured_media":0,"parent":560,"menu_order":0,"comment_status":"closed","ping_status":"closed","template":"","meta":{"inline_featured_image":false,"_monsterinsights_skip_tracking":false,"_monsterinsights_sitenote_active":false,"_monsterinsights_sitenote_note":"","_monsterinsights_sitenote_category":0,"footnotes":""},"class_list":["post-599","page","type-page","status-publish","hentry"],"yoast_head":"<!-- This site is optimized with the Yoast SEO plugin v24.6 - https:\/\/yoast.com\/wordpress\/plugins\/seo\/ -->\n<title>Partneriai - Instytut Polski w Wilnie<\/title>\n<meta name=\"robots\" content=\"index, follow, max-snippet:-1, max-image-preview:large, max-video-preview:-1\" \/>\n<link rel=\"canonical\" href=\"https:\/\/instytutpolski.pl\/vilnius\/apie-lenkijos-instituta\/partneriai-2\/\" \/>\n<meta property=\"og:locale\" content=\"pl_PL\" \/>\n<meta property=\"og:type\" content=\"article\" \/>\n<meta property=\"og:title\" content=\"Partneriai - Instytut Polski w Wilnie\" \/>\n<meta property=\"og:description\" content=\"Lenkijos u\u017esienio reikal\u0173 ministerija Lenkijos portalas Lenkijos Respublikos ambasada Vilniuje Eksporto skatinimo portalas Lenkijos kult\u016bros ir nacionalinio paveldo ministerija Nacionalin\u0117s atminties institutas Istorijos portalas Dzieje.PL Lenkijos istorijos muziejus Jono Pauliaus II minties centras Nacionalinis kult\u016bros centras Knygos institutas Lenkijos kino meno institutas Lenkijos teatro institutas Nacionalin\u0117 akademini\u0173 main\u0173 agent\u016bra Lenkijos turizmo agent\u016bra \u017demutin\u0117s Silezijos turizmo [&hellip;]\" \/>\n<meta property=\"og:url\" content=\"https:\/\/instytutpolski.pl\/vilnius\/apie-lenkijos-instituta\/partneriai-2\/\" \/>\n<meta property=\"og:site_name\" content=\"Instytut Polski w Wilnie\" \/>\n<meta property=\"article:modified_time\" content=\"2026-01-16T08:01:50+00:00\" \/>\n<meta name=\"twitter:card\" content=\"summary_large_image\" \/>\n<meta name=\"twitter:label1\" content=\"Szacowany czas czytania\" \/>\n\t<meta name=\"twitter:data1\" content=\"1 minuta\" \/>\n<script type=\"application\/ld+json\" class=\"yoast-schema-graph\">{\"@context\":\"https:\/\/schema.org\",\"@graph\":[{\"@type\":\"WebPage\",\"@id\":\"https:\/\/instytutpolski.pl\/vilnius\/apie-lenkijos-instituta\/partneriai-2\/\",\"url\":\"https:\/\/instytutpolski.pl\/vilnius\/apie-lenkijos-instituta\/partneriai-2\/\",\"name\":\"Partneriai - Instytut Polski w Wilnie\",\"isPartOf\":{\"@id\":\"https:\/\/instytutpolski.pl\/vilnius\/#website\"},\"datePublished\":\"2019-06-27T09:15:53+00:00\",\"dateModified\":\"2026-01-16T08:01:50+00:00\",\"breadcrumb\":{\"@id\":\"https:\/\/instytutpolski.pl\/vilnius\/apie-lenkijos-instituta\/partneriai-2\/#breadcrumb\"},\"inLanguage\":\"pl-PL\",\"potentialAction\":[{\"@type\":\"ReadAction\",\"target\":[\"https:\/\/instytutpolski.pl\/vilnius\/apie-lenkijos-instituta\/partneriai-2\/\"]}]},{\"@type\":\"BreadcrumbList\",\"@id\":\"https:\/\/instytutpolski.pl\/vilnius\/apie-lenkijos-instituta\/partneriai-2\/#breadcrumb\",\"itemListElement\":[{\"@type\":\"ListItem\",\"position\":1,\"name\":\"Home\",\"item\":\"https:\/\/instytutpolski.pl\/vilnius\/\"},{\"@type\":\"ListItem\",\"position\":2,\"name\":\"Apie Lenkijos institut\u0105\",\"item\":\"https:\/\/instytutpolski.pl\/vilnius\/apie-lenkijos-instituta\/\"},{\"@type\":\"ListItem\",\"position\":3,\"name\":\"Partneriai\"}]},{\"@type\":\"WebSite\",\"@id\":\"https:\/\/instytutpolski.pl\/vilnius\/#website\",\"url\":\"https:\/\/instytutpolski.pl\/vilnius\/\",\"name\":\"Instytut Polski w Wilnie\",\"description\":\"Instytuty Polskie\",\"potentialAction\":[{\"@type\":\"SearchAction\",\"target\":{\"@type\":\"EntryPoint\",\"urlTemplate\":\"https:\/\/instytutpolski.pl\/vilnius\/?s={search_term_string}\"},\"query-input\":{\"@type\":\"PropertyValueSpecification\",\"valueRequired\":true,\"valueName\":\"search_term_string\"}}],\"inLanguage\":\"pl-PL\"}]}<\/script>\n<!-- \/ Yoast SEO plugin. -->","yoast_head_json":{"title":"Partneriai - Instytut Polski w Wilnie","robots":{"index":"index","follow":"follow","max-snippet":"max-snippet:-1","max-image-preview":"max-image-preview:large","max-video-preview":"max-video-preview:-1"},"canonical":"https:\/\/instytutpolski.pl\/vilnius\/apie-lenkijos-instituta\/partneriai-2\/","og_locale":"pl_PL","og_type":"article","og_title":"Partneriai - Instytut Polski w Wilnie","og_description":"Lenkijos u\u017esienio reikal\u0173 ministerija Lenkijos portalas Lenkijos Respublikos ambasada Vilniuje Eksporto skatinimo portalas Lenkijos kult\u016bros ir nacionalinio paveldo ministerija Nacionalin\u0117s atminties institutas Istorijos portalas Dzieje.PL Lenkijos istorijos muziejus Jono Pauliaus II minties centras Nacionalinis kult\u016bros centras Knygos institutas Lenkijos kino meno institutas Lenkijos teatro institutas Nacionalin\u0117 akademini\u0173 main\u0173 agent\u016bra Lenkijos turizmo agent\u016bra \u017demutin\u0117s Silezijos turizmo [&hellip;]","og_url":"https:\/\/instytutpolski.pl\/vilnius\/apie-lenkijos-instituta\/partneriai-2\/","og_site_name":"Instytut Polski w Wilnie","article_modified_time":"2026-01-16T08:01:50+00:00","twitter_card":"summary_large_image","twitter_misc":{"Szacowany czas czytania":"1 minuta"},"schema":{"@context":"https:\/\/schema.org","@graph":[{"@type":"WebPage","@id":"https:\/\/instytutpolski.pl\/vilnius\/apie-lenkijos-instituta\/partneriai-2\/","url":"https:\/\/instytutpolski.pl\/vilnius\/apie-lenkijos-instituta\/partneriai-2\/","name":"Partneriai - Instytut Polski w Wilnie","isPartOf":{"@id":"https:\/\/instytutpolski.pl\/vilnius\/#website"},"datePublished":"2019-06-27T09:15:53+00:00","dateModified":"2026-01-16T08:01:50+00:00","breadcrumb":{"@id":"https:\/\/instytutpolski.pl\/vilnius\/apie-lenkijos-instituta\/partneriai-2\/#breadcrumb"},"inLanguage":"pl-PL","potentialAction":[{"@type":"ReadAction","target":["https:\/\/instytutpolski.pl\/vilnius\/apie-lenkijos-instituta\/partneriai-2\/"]}]},{"@type":"BreadcrumbList","@id":"https:\/\/instytutpolski.pl\/vilnius\/apie-lenkijos-instituta\/partneriai-2\/#breadcrumb","itemListElement":[{"@type":"ListItem","position":1,"name":"Home","item":"https:\/\/instytutpolski.pl\/vilnius\/"},{"@type":"ListItem","position":2,"name":"Apie Lenkijos institut\u0105","item":"https:\/\/instytutpolski.pl\/vilnius\/apie-lenkijos-instituta\/"},{"@type":"ListItem","position":3,"name":"Partneriai"}]},{"@type":"WebSite","@id":"https:\/\/instytutpolski.pl\/vilnius\/#website","url":"https:\/\/instytutpolski.pl\/vilnius\/","name":"Instytut Polski w Wilnie","description":"Instytuty Polskie","potentialAction":[{"@type":"SearchAction","target":{"@type":"EntryPoint","urlTemplate":"https:\/\/instytutpolski.pl\/vilnius\/?s={search_term_string}"},"query-input":{"@type":"PropertyValueSpecification","valueRequired":true,"valueName":"search_term_string"}}],"inLanguage":"pl-PL"}]}},"_links":{"self":[{"href":"https:\/\/instytutpolski.pl\/vilnius\/wp-json\/wp\/v2\/pages\/599","targetHints":{"allow":["GET"]}}],"collection":[{"href":"https:\/\/instytutpolski.pl\/vilnius\/wp-json\/wp\/v2\/pages"}],"about":[{"href":"https:\/\/instytutpolski.pl\/vilnius\/wp-json\/wp\/v2\/types\/page"}],"author":[{"embeddable":true,"href":"https:\/\/instytutpolski.pl\/vilnius\/wp-json\/wp\/v2\/users\/1"}],"replies":[{"embeddable":true,"href":"https:\/\/instytutpolski.pl\/vilnius\/wp-json\/wp\/v2\/comments?post=599"}],"version-history":[{"count":6,"href":"https:\/\/instytutpolski.pl\/vilnius\/wp-json\/wp\/v2\/pages\/599\/revisions"}],"predecessor-version":[{"id":8449,"href":"https:\/\/instytutpolski.pl\/vilnius\/wp-json\/wp\/v2\/pages\/599\/revisions\/8449"}],"up":[{"embeddable":true,"href":"https:\/\/instytutpolski.pl\/vilnius\/wp-json\/wp\/v2\/pages\/560"}],"wp:attachment":[{"href":"https:\/\/instytutpolski.pl\/vilnius\/wp-json\/wp\/v2\/media?parent=599"}],"curies":[{"name":"wp","href":"https:\/\/api.w.org\/{rel}","templated":true}]}}