{"id":604,"date":"2019-06-27T11:16:28","date_gmt":"2019-06-27T09:16:28","guid":{"rendered":"https:\/\/instytutpolski.pl\/wilno\/?page_id=604"},"modified":"2026-01-09T10:28:35","modified_gmt":"2026-01-09T09:28:35","slug":"do-pobrania","status":"publish","type":"page","link":"https:\/\/instytutpolski.pl\/vilnius\/pl\/o-instytucie-polskim\/do-pobrania\/","title":{"rendered":"Do pobrania"},"content":{"rendered":"\n<p><strong>Logo Instytutu Polskiego w Wilnie<\/strong><\/p>\n\n\n\n<figure class=\"wp-block-image size-full is-resized\"><img loading=\"lazy\" decoding=\"async\" width=\"300\" height=\"195\" src=\"https:\/\/instytutpolski.pl\/vilnius\/wp-content\/uploads\/sites\/24\/2026\/01\/raudonas-1.png\" alt=\"\" class=\"wp-image-8397\" style=\"width:108px;height:auto\" \/><\/figure>\n\n\n\n<div class=\"wp-block-file\"><a id=\"wp-block-file--media-bfa5d898-7e76-4c03-88c0-2db1ac3ec237\" href=\"https:\/\/instytutpolski.pl\/vilnius\/wp-content\/uploads\/sites\/24\/2026\/01\/raudonas.png\">Czerwone<\/a><a href=\"https:\/\/instytutpolski.pl\/vilnius\/wp-content\/uploads\/sites\/24\/2026\/01\/raudonas.png\" class=\"wp-block-file__button wp-element-button\" download aria-describedby=\"wp-block-file--media-bfa5d898-7e76-4c03-88c0-2db1ac3ec237\">Pobierz<\/a><\/div>\n\n\n\n<div class=\"wp-block-file\"><a id=\"wp-block-file--media-5ab7a2f8-85a6-4ded-8c43-7b8dd558fab9\" href=\"https:\/\/instytutpolski.pl\/vilnius\/wp-content\/uploads\/sites\/24\/2026\/01\/juodas.png\">Czarne<\/a><a href=\"https:\/\/instytutpolski.pl\/vilnius\/wp-content\/uploads\/sites\/24\/2026\/01\/juodas.png\" class=\"wp-block-file__button wp-element-button\" download aria-describedby=\"wp-block-file--media-5ab7a2f8-85a6-4ded-8c43-7b8dd558fab9\">Pobierz<\/a><\/div>\n\n\n\n<div class=\"wp-block-file\"><a id=\"wp-block-file--media-7261c7aa-78d9-417e-b1ed-5628d40bd9ef\" href=\"https:\/\/instytutpolski.pl\/vilnius\/wp-content\/uploads\/sites\/24\/2026\/01\/baltas.png\">Bia\u0142e<\/a><a href=\"https:\/\/instytutpolski.pl\/vilnius\/wp-content\/uploads\/sites\/24\/2026\/01\/baltas.png\" class=\"wp-block-file__button wp-element-button\" download aria-describedby=\"wp-block-file--media-7261c7aa-78d9-417e-b1ed-5628d40bd9ef\">Pobierz<\/a><\/div>\n\n\n\n<div class=\"wp-block-file\"><a id=\"wp-block-file--media-b25fd8ca-960a-49bd-bf3f-3fa2a299fc96\" href=\"https:\/\/instytutpolski.pl\/vilnius\/wp-content\/uploads\/sites\/24\/2026\/01\/LOGO-IP-WILNO-PL-LT-JPG.jpg\">Dwuj\u0119zyczne (PL &#8211; LT)<\/a><a href=\"https:\/\/instytutpolski.pl\/vilnius\/wp-content\/uploads\/sites\/24\/2026\/01\/LOGO-IP-WILNO-PL-LT-JPG.jpg\" class=\"wp-block-file__button wp-element-button\" download aria-describedby=\"wp-block-file--media-b25fd8ca-960a-49bd-bf3f-3fa2a299fc96\">Pobierz<\/a><\/div>\n\n\n\n<div style=\"height:36px\" aria-hidden=\"true\" class=\"wp-block-spacer\"><\/div>\n\n\n\n<p><strong>Wystawa <span style=\"color: #000000\">\u201ePoland in Space \u2013 misja IGNIS\u201d<\/span><\/strong><\/p>\n\n\n\n<figure class=\"wp-block-image size-full is-resized\"><img loading=\"lazy\" decoding=\"async\" width=\"679\" height=\"936\" src=\"https:\/\/instytutpolski.pl\/vilnius\/wp-content\/uploads\/sites\/24\/2025\/11\/Przechwytywanie.png\" alt=\"\" class=\"wp-image-8299\" style=\"width:197px;height:auto\" srcset=\"https:\/\/instytutpolski.pl\/vilnius\/wp-content\/uploads\/sites\/24\/2025\/11\/Przechwytywanie.png 679w, https:\/\/instytutpolski.pl\/vilnius\/wp-content\/uploads\/sites\/24\/2025\/11\/Przechwytywanie-218x300.png 218w\" sizes=\"auto, (max-width: 679px) 100vw, 679px\" \/><\/figure>\n\n\n\n<div class=\"wp-block-file\"><a id=\"wp-block-file--media-705fac2c-252b-488f-9c71-c2b1f9b55788\" href=\"https:\/\/instytutpolski.pl\/vilnius\/wp-content\/uploads\/sites\/24\/2025\/11\/IGNIS.pdf\">IGNIS<\/a><a href=\"https:\/\/instytutpolski.pl\/vilnius\/wp-content\/uploads\/sites\/24\/2025\/11\/IGNIS.pdf\" class=\"wp-block-file__button wp-element-button\" download aria-describedby=\"wp-block-file--media-705fac2c-252b-488f-9c71-c2b1f9b55788\">Pobierz<\/a><\/div>\n\n\n\n<div style=\"height:46px\" aria-hidden=\"true\" class=\"wp-block-spacer\"><\/div>\n\n\n\n<p><strong><span style=\"color: #000000\">Katalog wystawy \u201eAmbasador RP w Japonii Tadeusz Romer i \u017cydowscy uchod\u017acy wojenni na Dalekim Wschodzie\u201d<\/span><\/strong><\/p>\n\n\n\n<figure class=\"wp-block-image size-full is-resized\"><img loading=\"lazy\" decoding=\"async\" width=\"585\" height=\"835\" src=\"https:\/\/instytutpolski.pl\/vilnius\/wp-content\/uploads\/sites\/24\/2024\/05\/romer-2.png\" alt=\"\" class=\"wp-image-6140\" style=\"width:203px;height:auto\" srcset=\"https:\/\/instytutpolski.pl\/vilnius\/wp-content\/uploads\/sites\/24\/2024\/05\/romer-2.png 585w, https:\/\/instytutpolski.pl\/vilnius\/wp-content\/uploads\/sites\/24\/2024\/05\/romer-2-210x300.png 210w\" sizes=\"auto, (max-width: 585px) 100vw, 585px\" \/><\/figure>\n\n\n\n<div class=\"wp-block-file\"><a id=\"wp-block-file--media-f27f57c9-e143-4fe3-a061-11515d50df84\" href=\"https:\/\/instytutpolski.pl\/vilnius\/wp-content\/uploads\/sites\/24\/2024\/05\/20190115-Tadeusz-Romer-brochure.pdf\">Tadeusz Romer<\/a><a href=\"https:\/\/instytutpolski.pl\/vilnius\/wp-content\/uploads\/sites\/24\/2024\/05\/20190115-Tadeusz-Romer-brochure.pdf\" class=\"wp-block-file__button wp-element-button\" download aria-describedby=\"wp-block-file--media-f27f57c9-e143-4fe3-a061-11515d50df84\">Pobierz<\/a><\/div>\n\n\n\n<div style=\"height:31px\" aria-hidden=\"true\" class=\"wp-block-spacer\"><\/div>\n\n\n\n<p><strong>Ksi\u0105\u017cka \u201eTak teraz post\u0119puj\u0105 uczciwi ludzie\u2026 Polacy z&nbsp;Wile\u0144szczyzny ratuj\u0105cy \u017byd\u00f3w\u201d, autorstwa Ilony Lewandowskiej ze zdj\u0119ciami Bartosza Fr\u0105tczaka, zosta\u0142a wydana w po\u0142owie marca 2019 roku z inicjatywy Instytutu Polskiego w Wilnie.<\/strong><\/p>\n\n\n\n<figure class=\"wp-block-image size-full is-resized\"><img loading=\"lazy\" decoding=\"async\" width=\"523\" height=\"736\" src=\"https:\/\/instytutpolski.pl\/vilnius\/wp-content\/uploads\/sites\/24\/2024\/05\/tak-1.png\" alt=\"\" class=\"wp-image-6143\" style=\"width:198px;height:auto\" srcset=\"https:\/\/instytutpolski.pl\/vilnius\/wp-content\/uploads\/sites\/24\/2024\/05\/tak-1.png 523w, https:\/\/instytutpolski.pl\/vilnius\/wp-content\/uploads\/sites\/24\/2024\/05\/tak-1-213x300.png 213w\" sizes=\"auto, (max-width: 523px) 100vw, 523px\" \/><\/figure>\n\n\n\n<div class=\"wp-block-file\"><a id=\"wp-block-file--media-7cda8fb4-6a72-4b1f-a1d8-d1b878da8395\" href=\"https:\/\/instytutpolski.pl\/vilnius\/wp-content\/uploads\/sites\/24\/2024\/05\/Uczciwi-ludzie-Dorieji-1.pdf\">Tak teraz post\u0119puj\u0105 uczciwi ludzie<\/a><a href=\"https:\/\/instytutpolski.pl\/vilnius\/wp-content\/uploads\/sites\/24\/2024\/05\/Uczciwi-ludzie-Dorieji-1.pdf\" class=\"wp-block-file__button wp-element-button\" download aria-describedby=\"wp-block-file--media-7cda8fb4-6a72-4b1f-a1d8-d1b878da8395\">Pobierz<\/a><\/div>\n","protected":false},"excerpt":{"rendered":"<p>Logo Instytutu Polskiego w Wilnie Wystawa \u201ePoland in Space \u2013 misja IGNIS\u201d Katalog wystawy \u201eAmbasador RP w Japonii Tadeusz Romer i \u017cydowscy uchod\u017acy wojenni na Dalekim Wschodzie\u201d Ksi\u0105\u017cka \u201eTak teraz post\u0119puj\u0105 uczciwi ludzie\u2026 Polacy z&nbsp;Wile\u0144szczyzny ratuj\u0105cy \u017byd\u00f3w\u201d, autorstwa Ilony Lewandowskiej ze zdj\u0119ciami Bartosza Fr\u0105tczaka, zosta\u0142a wydana w po\u0142owie marca 2019 roku z inicjatywy Instytutu Polskiego [&hellip;]<\/p>\n","protected":false},"author":1,"featured_media":0,"parent":562,"menu_order":0,"comment_status":"closed","ping_status":"closed","template":"","meta":{"inline_featured_image":false,"_monsterinsights_skip_tracking":false,"_monsterinsights_sitenote_active":false,"_monsterinsights_sitenote_note":"","_monsterinsights_sitenote_category":0,"footnotes":""},"class_list":["post-604","page","type-page","status-publish","hentry"],"yoast_head":"<!-- This site is optimized with the Yoast SEO plugin v24.6 - https:\/\/yoast.com\/wordpress\/plugins\/seo\/ -->\n<title>Do pobrania - Instytut Polski w Wilnie<\/title>\n<meta name=\"robots\" content=\"index, follow, max-snippet:-1, max-image-preview:large, max-video-preview:-1\" \/>\n<link rel=\"canonical\" href=\"https:\/\/instytutpolski.pl\/vilnius\/pl\/o-instytucie-polskim\/do-pobrania\/\" \/>\n<meta property=\"og:locale\" content=\"pl_PL\" \/>\n<meta property=\"og:type\" content=\"article\" \/>\n<meta property=\"og:title\" content=\"Do pobrania - Instytut Polski w Wilnie\" \/>\n<meta property=\"og:description\" content=\"Logo Instytutu Polskiego w Wilnie Wystawa \u201ePoland in Space \u2013 misja IGNIS\u201d Katalog wystawy \u201eAmbasador RP w Japonii Tadeusz Romer i \u017cydowscy uchod\u017acy wojenni na Dalekim Wschodzie\u201d Ksi\u0105\u017cka \u201eTak teraz post\u0119puj\u0105 uczciwi ludzie\u2026 Polacy z&nbsp;Wile\u0144szczyzny ratuj\u0105cy \u017byd\u00f3w\u201d, autorstwa Ilony Lewandowskiej ze zdj\u0119ciami Bartosza Fr\u0105tczaka, zosta\u0142a wydana w po\u0142owie marca 2019 roku z inicjatywy Instytutu Polskiego [&hellip;]\" \/>\n<meta property=\"og:url\" content=\"https:\/\/instytutpolski.pl\/vilnius\/pl\/o-instytucie-polskim\/do-pobrania\/\" \/>\n<meta property=\"og:site_name\" content=\"Instytut Polski w Wilnie\" \/>\n<meta property=\"article:modified_time\" content=\"2026-01-09T09:28:35+00:00\" \/>\n<meta property=\"og:image\" content=\"https:\/\/instytutpolski.pl\/vilnius\/wp-content\/uploads\/sites\/24\/2026\/01\/raudonas-1.png\" \/>\n\t<meta property=\"og:image:width\" content=\"300\" \/>\n\t<meta property=\"og:image:height\" content=\"195\" \/>\n\t<meta property=\"og:image:type\" content=\"image\/png\" \/>\n<meta name=\"twitter:card\" content=\"summary_large_image\" \/>\n<meta name=\"twitter:label1\" content=\"Szacowany czas czytania\" \/>\n\t<meta name=\"twitter:data1\" content=\"2 minuty\" \/>\n<script type=\"application\/ld+json\" class=\"yoast-schema-graph\">{\"@context\":\"https:\/\/schema.org\",\"@graph\":[{\"@type\":\"WebPage\",\"@id\":\"https:\/\/instytutpolski.pl\/vilnius\/pl\/o-instytucie-polskim\/do-pobrania\/\",\"url\":\"https:\/\/instytutpolski.pl\/vilnius\/pl\/o-instytucie-polskim\/do-pobrania\/\",\"name\":\"Do pobrania - Instytut Polski w Wilnie\",\"isPartOf\":{\"@id\":\"https:\/\/instytutpolski.pl\/vilnius\/#website\"},\"primaryImageOfPage\":{\"@id\":\"https:\/\/instytutpolski.pl\/vilnius\/pl\/o-instytucie-polskim\/do-pobrania\/#primaryimage\"},\"image\":{\"@id\":\"https:\/\/instytutpolski.pl\/vilnius\/pl\/o-instytucie-polskim\/do-pobrania\/#primaryimage\"},\"thumbnailUrl\":\"https:\/\/instytutpolski.pl\/vilnius\/wp-content\/uploads\/sites\/24\/2026\/01\/raudonas-1.png\",\"datePublished\":\"2019-06-27T09:16:28+00:00\",\"dateModified\":\"2026-01-09T09:28:35+00:00\",\"breadcrumb\":{\"@id\":\"https:\/\/instytutpolski.pl\/vilnius\/pl\/o-instytucie-polskim\/do-pobrania\/#breadcrumb\"},\"inLanguage\":\"pl-PL\",\"potentialAction\":[{\"@type\":\"ReadAction\",\"target\":[\"https:\/\/instytutpolski.pl\/vilnius\/pl\/o-instytucie-polskim\/do-pobrania\/\"]}]},{\"@type\":\"ImageObject\",\"inLanguage\":\"pl-PL\",\"@id\":\"https:\/\/instytutpolski.pl\/vilnius\/pl\/o-instytucie-polskim\/do-pobrania\/#primaryimage\",\"url\":\"https:\/\/instytutpolski.pl\/vilnius\/wp-content\/uploads\/sites\/24\/2026\/01\/raudonas-1.png\",\"contentUrl\":\"https:\/\/instytutpolski.pl\/vilnius\/wp-content\/uploads\/sites\/24\/2026\/01\/raudonas-1.png\",\"width\":300,\"height\":195},{\"@type\":\"BreadcrumbList\",\"@id\":\"https:\/\/instytutpolski.pl\/vilnius\/pl\/o-instytucie-polskim\/do-pobrania\/#breadcrumb\",\"itemListElement\":[{\"@type\":\"ListItem\",\"position\":1,\"name\":\"Home\",\"item\":\"https:\/\/instytutpolski.pl\/vilnius\/\"},{\"@type\":\"ListItem\",\"position\":2,\"name\":\"O Instytucie Polskim\",\"item\":\"https:\/\/instytutpolski.pl\/vilnius\/pl\/o-instytucie-polskim\/\"},{\"@type\":\"ListItem\",\"position\":3,\"name\":\"Do pobrania\"}]},{\"@type\":\"WebSite\",\"@id\":\"https:\/\/instytutpolski.pl\/vilnius\/#website\",\"url\":\"https:\/\/instytutpolski.pl\/vilnius\/\",\"name\":\"Instytut Polski w Wilnie\",\"description\":\"Instytuty Polskie\",\"potentialAction\":[{\"@type\":\"SearchAction\",\"target\":{\"@type\":\"EntryPoint\",\"urlTemplate\":\"https:\/\/instytutpolski.pl\/vilnius\/?s={search_term_string}\"},\"query-input\":{\"@type\":\"PropertyValueSpecification\",\"valueRequired\":true,\"valueName\":\"search_term_string\"}}],\"inLanguage\":\"pl-PL\"}]}<\/script>\n<!-- \/ Yoast SEO plugin. -->","yoast_head_json":{"title":"Do pobrania - Instytut Polski w Wilnie","robots":{"index":"index","follow":"follow","max-snippet":"max-snippet:-1","max-image-preview":"max-image-preview:large","max-video-preview":"max-video-preview:-1"},"canonical":"https:\/\/instytutpolski.pl\/vilnius\/pl\/o-instytucie-polskim\/do-pobrania\/","og_locale":"pl_PL","og_type":"article","og_title":"Do pobrania - Instytut Polski w Wilnie","og_description":"Logo Instytutu Polskiego w Wilnie Wystawa \u201ePoland in Space \u2013 misja IGNIS\u201d Katalog wystawy \u201eAmbasador RP w Japonii Tadeusz Romer i \u017cydowscy uchod\u017acy wojenni na Dalekim Wschodzie\u201d Ksi\u0105\u017cka \u201eTak teraz post\u0119puj\u0105 uczciwi ludzie\u2026 Polacy z&nbsp;Wile\u0144szczyzny ratuj\u0105cy \u017byd\u00f3w\u201d, autorstwa Ilony Lewandowskiej ze zdj\u0119ciami Bartosza Fr\u0105tczaka, zosta\u0142a wydana w po\u0142owie marca 2019 roku z inicjatywy Instytutu Polskiego [&hellip;]","og_url":"https:\/\/instytutpolski.pl\/vilnius\/pl\/o-instytucie-polskim\/do-pobrania\/","og_site_name":"Instytut Polski w Wilnie","article_modified_time":"2026-01-09T09:28:35+00:00","og_image":[{"width":300,"height":195,"url":"https:\/\/instytutpolski.pl\/vilnius\/wp-content\/uploads\/sites\/24\/2026\/01\/raudonas-1.png","type":"image\/png"}],"twitter_card":"summary_large_image","twitter_misc":{"Szacowany czas czytania":"2 minuty"},"schema":{"@context":"https:\/\/schema.org","@graph":[{"@type":"WebPage","@id":"https:\/\/instytutpolski.pl\/vilnius\/pl\/o-instytucie-polskim\/do-pobrania\/","url":"https:\/\/instytutpolski.pl\/vilnius\/pl\/o-instytucie-polskim\/do-pobrania\/","name":"Do pobrania - Instytut Polski w Wilnie","isPartOf":{"@id":"https:\/\/instytutpolski.pl\/vilnius\/#website"},"primaryImageOfPage":{"@id":"https:\/\/instytutpolski.pl\/vilnius\/pl\/o-instytucie-polskim\/do-pobrania\/#primaryimage"},"image":{"@id":"https:\/\/instytutpolski.pl\/vilnius\/pl\/o-instytucie-polskim\/do-pobrania\/#primaryimage"},"thumbnailUrl":"https:\/\/instytutpolski.pl\/vilnius\/wp-content\/uploads\/sites\/24\/2026\/01\/raudonas-1.png","datePublished":"2019-06-27T09:16:28+00:00","dateModified":"2026-01-09T09:28:35+00:00","breadcrumb":{"@id":"https:\/\/instytutpolski.pl\/vilnius\/pl\/o-instytucie-polskim\/do-pobrania\/#breadcrumb"},"inLanguage":"pl-PL","potentialAction":[{"@type":"ReadAction","target":["https:\/\/instytutpolski.pl\/vilnius\/pl\/o-instytucie-polskim\/do-pobrania\/"]}]},{"@type":"ImageObject","inLanguage":"pl-PL","@id":"https:\/\/instytutpolski.pl\/vilnius\/pl\/o-instytucie-polskim\/do-pobrania\/#primaryimage","url":"https:\/\/instytutpolski.pl\/vilnius\/wp-content\/uploads\/sites\/24\/2026\/01\/raudonas-1.png","contentUrl":"https:\/\/instytutpolski.pl\/vilnius\/wp-content\/uploads\/sites\/24\/2026\/01\/raudonas-1.png","width":300,"height":195},{"@type":"BreadcrumbList","@id":"https:\/\/instytutpolski.pl\/vilnius\/pl\/o-instytucie-polskim\/do-pobrania\/#breadcrumb","itemListElement":[{"@type":"ListItem","position":1,"name":"Home","item":"https:\/\/instytutpolski.pl\/vilnius\/"},{"@type":"ListItem","position":2,"name":"O Instytucie Polskim","item":"https:\/\/instytutpolski.pl\/vilnius\/pl\/o-instytucie-polskim\/"},{"@type":"ListItem","position":3,"name":"Do pobrania"}]},{"@type":"WebSite","@id":"https:\/\/instytutpolski.pl\/vilnius\/#website","url":"https:\/\/instytutpolski.pl\/vilnius\/","name":"Instytut Polski w Wilnie","description":"Instytuty Polskie","potentialAction":[{"@type":"SearchAction","target":{"@type":"EntryPoint","urlTemplate":"https:\/\/instytutpolski.pl\/vilnius\/?s={search_term_string}"},"query-input":{"@type":"PropertyValueSpecification","valueRequired":true,"valueName":"search_term_string"}}],"inLanguage":"pl-PL"}]}},"_links":{"self":[{"href":"https:\/\/instytutpolski.pl\/vilnius\/wp-json\/wp\/v2\/pages\/604","targetHints":{"allow":["GET"]}}],"collection":[{"href":"https:\/\/instytutpolski.pl\/vilnius\/wp-json\/wp\/v2\/pages"}],"about":[{"href":"https:\/\/instytutpolski.pl\/vilnius\/wp-json\/wp\/v2\/types\/page"}],"author":[{"embeddable":true,"href":"https:\/\/instytutpolski.pl\/vilnius\/wp-json\/wp\/v2\/users\/1"}],"replies":[{"embeddable":true,"href":"https:\/\/instytutpolski.pl\/vilnius\/wp-json\/wp\/v2\/comments?post=604"}],"version-history":[{"count":21,"href":"https:\/\/instytutpolski.pl\/vilnius\/wp-json\/wp\/v2\/pages\/604\/revisions"}],"predecessor-version":[{"id":8416,"href":"https:\/\/instytutpolski.pl\/vilnius\/wp-json\/wp\/v2\/pages\/604\/revisions\/8416"}],"up":[{"embeddable":true,"href":"https:\/\/instytutpolski.pl\/vilnius\/wp-json\/wp\/v2\/pages\/562"}],"wp:attachment":[{"href":"https:\/\/instytutpolski.pl\/vilnius\/wp-json\/wp\/v2\/media?parent=604"}],"curies":[{"name":"wp","href":"https:\/\/api.w.org\/{rel}","templated":true}]}}