{"id":65,"date":"2019-06-05T16:55:08","date_gmt":"2019-06-05T14:55:08","guid":{"rendered":"https:\/\/instytutpolski.pl\/wilno\/?page_id=65"},"modified":"2019-06-05T16:55:08","modified_gmt":"2019-06-05T14:55:08","slug":"lenkija","status":"publish","type":"page","link":"https:\/\/instytutpolski.pl\/vilnius\/lenkija\/","title":{"rendered":"Lenkija"},"content":{"rendered":"\n<p><strong>Oficialus \u0161alies pavadinimas:<br \/><\/strong>Lenkijos Respublika (Rzeczpospolita Polska)<\/p>\n<p><strong>Sostin\u0117:<br \/><\/strong>Var\u0161uva (Warszawa) \u2013 1 655 100 gyventoj\u0173<\/p>\n<p><strong>Plotas:<br \/><\/strong>312 685 km<sup>2<\/sup><\/p>\n<p><strong>Gyventojai:<br \/><\/strong>38,6 mln.<\/p>\n<p><strong>Valstybin\u0117 kalba:<br \/><\/strong>lenk\u0173<\/p>\n<p><strong>Piniginis vienetas:<br \/><\/strong>zlotas (z\u0142oty) = 100 gro\u0161\u0173 (groszy)<\/p>\n<p><strong>Did\u017eiausi miestai:<br \/><\/strong>Lodz\u0117 (\u0141\u00f3d\u017a) \u2013 851 700 gyventoj\u0173<br \/>Krokuva (Krak\u00f3w) \u2013 748 000 gyventoj\u0173<br \/>Vroclavas (Wroc\u0142aw) \u2013 642 300 gyventoj\u0173<br \/>Poznan\u0117 (Pozna\u0144) \u2013 588 700 gyventoj\u0173<br \/>Gdanskas (Gda\u0144sk) \u2013 464 600 gyventoj\u0173<\/p>\n<p><strong>Lenkijos Respublikos herbas<\/strong><br \/>baltas erelis su kar\u016bna raudoname fone.<\/p>\n<p><strong>Lenk\u0173 nacionalin\u0117s spalvos:<\/strong><br \/>balta ir raudona.<\/p>\n<p><strong>Lenk\u0173 nacionalin\u0117s \u0161vent\u0117s:<\/strong><br \/>&#8211; gegu\u017e\u0117s 3 d. (1791 m. konstitucijos paskelbimo metin\u0117s)<br \/>&#8211; lapkri\u010dio 11 d. (nepriklausomyb\u0117s \u0161vent\u0117).<\/p>\n<p>\u012estatym\u0173 leid\u017eiamasis vald\u017eios organas Lenkijoje yra dviej\u0173 r\u016bm\u0173 Parlamentas (seimas ir senatas), kurio kadencija trunka 4 metus.<\/p>\n<p>Vykdomasis vald\u017eios organas \u2013 Ministr\u0173 Taryba (vyriausyb\u0117), kuriai vadovauja ministras pirmininkas (premieras).<\/p>\n<p>Valstyb\u0117s vadovas \u2013 prezidentas, renkamas penkeri\u0173 met\u0173 kadencijai visuotiniuose rinkimuose.<\/p>\n<p>Pagal naujausi\u0105 administracin\u012f padalijim\u0105 Lenkija suskirstyta \u012f 16 vaivadij\u0173:<\/p>\n<table border=\"0\" width=\"90%\" cellspacing=\"0\" cellpadding=\"0\">\n<tbody>\n<tr>\n<td valign=\"top\">Wojew\u00f3dztwo Dolno\u015bl\u0105skie<br \/>Wojew\u00f3dztwo Kujawsko-Pomorskie<br \/>Wojew\u00f3dztwo Lubelskie<br \/>Wojew\u00f3dztwo Lubuskie<br \/>Wojew\u00f3dztwo \u0141\u00f3dzkie<br \/>Wojew\u00f3dztwo Ma\u0142opolskie<br \/>Wojew\u00f3dztwo Mazowieckie<br \/>Wojew\u00f3dztwo Opolskie<\/td>\n<td valign=\"top\">Wojew\u00f3dztwo Podkarpackie<br \/>Wojew\u00f3dztwo Podlaskie<br \/>Wojew\u00f3dztwo Pomorskie<br \/>Wojew\u00f3dztwo \u015al\u0105skie<br \/>Wojew\u00f3dztwo \u015awi\u0119tokrzyskie<br \/>Wojew\u00f3dztwo Warmi\u0144sko-Mazurskie<br \/>Wojew\u00f3dztwo Wielkopolskie<br \/>Wojew\u00f3dztwo Zachodniopomorskie<\/td>\n<\/tr>\n<\/tbody>\n<\/table>\n","protected":false},"excerpt":{"rendered":"<p>Oficialus \u0161alies pavadinimas:Lenkijos Respublika (Rzeczpospolita Polska) Sostin\u0117:Var\u0161uva (Warszawa) \u2013 1 655 100 gyventoj\u0173 Plotas:312 685 km2 Gyventojai:38,6 mln. Valstybin\u0117 kalba:lenk\u0173 Piniginis vienetas:zlotas (z\u0142oty) = 100 gro\u0161\u0173 (groszy) Did\u017eiausi miestai:Lodz\u0117 (\u0141\u00f3d\u017a) \u2013 851 700 gyventoj\u0173Krokuva (Krak\u00f3w) \u2013 748 000 gyventoj\u0173Vroclavas (Wroc\u0142aw) \u2013 642 300 gyventoj\u0173Poznan\u0117 (Pozna\u0144) \u2013 588 700 gyventoj\u0173Gdanskas (Gda\u0144sk) \u2013 464 600 gyventoj\u0173 Lenkijos [&hellip;]<\/p>\n","protected":false},"author":1,"featured_media":0,"parent":0,"menu_order":0,"comment_status":"closed","ping_status":"closed","template":"","meta":{"inline_featured_image":false,"_monsterinsights_skip_tracking":false,"_monsterinsights_sitenote_active":false,"_monsterinsights_sitenote_note":"","_monsterinsights_sitenote_category":0,"footnotes":""},"class_list":["post-65","page","type-page","status-publish","hentry"],"yoast_head":"<!-- This site is optimized with the Yoast SEO plugin v24.6 - https:\/\/yoast.com\/wordpress\/plugins\/seo\/ -->\n<title>Lenkija - Instytut Polski w Wilnie<\/title>\n<meta name=\"robots\" content=\"index, follow, max-snippet:-1, max-image-preview:large, max-video-preview:-1\" \/>\n<link rel=\"canonical\" href=\"https:\/\/instytutpolski.pl\/vilnius\/lenkija\/\" \/>\n<meta property=\"og:locale\" content=\"pl_PL\" \/>\n<meta property=\"og:type\" content=\"article\" \/>\n<meta property=\"og:title\" content=\"Lenkija - Instytut Polski w Wilnie\" \/>\n<meta property=\"og:description\" content=\"Oficialus \u0161alies pavadinimas:Lenkijos Respublika (Rzeczpospolita Polska) Sostin\u0117:Var\u0161uva (Warszawa) \u2013 1 655 100 gyventoj\u0173 Plotas:312 685 km2 Gyventojai:38,6 mln. Valstybin\u0117 kalba:lenk\u0173 Piniginis vienetas:zlotas (z\u0142oty) = 100 gro\u0161\u0173 (groszy) Did\u017eiausi miestai:Lodz\u0117 (\u0141\u00f3d\u017a) \u2013 851 700 gyventoj\u0173Krokuva (Krak\u00f3w) \u2013 748 000 gyventoj\u0173Vroclavas (Wroc\u0142aw) \u2013 642 300 gyventoj\u0173Poznan\u0117 (Pozna\u0144) \u2013 588 700 gyventoj\u0173Gdanskas (Gda\u0144sk) \u2013 464 600 gyventoj\u0173 Lenkijos [&hellip;]\" \/>\n<meta property=\"og:url\" content=\"https:\/\/instytutpolski.pl\/vilnius\/lenkija\/\" \/>\n<meta property=\"og:site_name\" content=\"Instytut Polski w Wilnie\" \/>\n<meta name=\"twitter:card\" content=\"summary_large_image\" \/>\n<meta name=\"twitter:label1\" content=\"Szacowany czas czytania\" \/>\n\t<meta name=\"twitter:data1\" content=\"1 minuta\" \/>\n<script type=\"application\/ld+json\" class=\"yoast-schema-graph\">{\"@context\":\"https:\/\/schema.org\",\"@graph\":[{\"@type\":\"WebPage\",\"@id\":\"https:\/\/instytutpolski.pl\/vilnius\/lenkija\/\",\"url\":\"https:\/\/instytutpolski.pl\/vilnius\/lenkija\/\",\"name\":\"Lenkija - Instytut Polski w Wilnie\",\"isPartOf\":{\"@id\":\"https:\/\/instytutpolski.pl\/vilnius\/#website\"},\"datePublished\":\"2019-06-05T14:55:08+00:00\",\"breadcrumb\":{\"@id\":\"https:\/\/instytutpolski.pl\/vilnius\/lenkija\/#breadcrumb\"},\"inLanguage\":\"pl-PL\",\"potentialAction\":[{\"@type\":\"ReadAction\",\"target\":[\"https:\/\/instytutpolski.pl\/vilnius\/lenkija\/\"]}]},{\"@type\":\"BreadcrumbList\",\"@id\":\"https:\/\/instytutpolski.pl\/vilnius\/lenkija\/#breadcrumb\",\"itemListElement\":[{\"@type\":\"ListItem\",\"position\":1,\"name\":\"Home\",\"item\":\"https:\/\/instytutpolski.pl\/vilnius\/\"},{\"@type\":\"ListItem\",\"position\":2,\"name\":\"Lenkija\"}]},{\"@type\":\"WebSite\",\"@id\":\"https:\/\/instytutpolski.pl\/vilnius\/#website\",\"url\":\"https:\/\/instytutpolski.pl\/vilnius\/\",\"name\":\"Instytut Polski w Wilnie\",\"description\":\"Instytuty Polskie\",\"potentialAction\":[{\"@type\":\"SearchAction\",\"target\":{\"@type\":\"EntryPoint\",\"urlTemplate\":\"https:\/\/instytutpolski.pl\/vilnius\/?s={search_term_string}\"},\"query-input\":{\"@type\":\"PropertyValueSpecification\",\"valueRequired\":true,\"valueName\":\"search_term_string\"}}],\"inLanguage\":\"pl-PL\"}]}<\/script>\n<!-- \/ Yoast SEO plugin. -->","yoast_head_json":{"title":"Lenkija - Instytut Polski w Wilnie","robots":{"index":"index","follow":"follow","max-snippet":"max-snippet:-1","max-image-preview":"max-image-preview:large","max-video-preview":"max-video-preview:-1"},"canonical":"https:\/\/instytutpolski.pl\/vilnius\/lenkija\/","og_locale":"pl_PL","og_type":"article","og_title":"Lenkija - Instytut Polski w Wilnie","og_description":"Oficialus \u0161alies pavadinimas:Lenkijos Respublika (Rzeczpospolita Polska) Sostin\u0117:Var\u0161uva (Warszawa) \u2013 1 655 100 gyventoj\u0173 Plotas:312 685 km2 Gyventojai:38,6 mln. Valstybin\u0117 kalba:lenk\u0173 Piniginis vienetas:zlotas (z\u0142oty) = 100 gro\u0161\u0173 (groszy) Did\u017eiausi miestai:Lodz\u0117 (\u0141\u00f3d\u017a) \u2013 851 700 gyventoj\u0173Krokuva (Krak\u00f3w) \u2013 748 000 gyventoj\u0173Vroclavas (Wroc\u0142aw) \u2013 642 300 gyventoj\u0173Poznan\u0117 (Pozna\u0144) \u2013 588 700 gyventoj\u0173Gdanskas (Gda\u0144sk) \u2013 464 600 gyventoj\u0173 Lenkijos [&hellip;]","og_url":"https:\/\/instytutpolski.pl\/vilnius\/lenkija\/","og_site_name":"Instytut Polski w Wilnie","twitter_card":"summary_large_image","twitter_misc":{"Szacowany czas czytania":"1 minuta"},"schema":{"@context":"https:\/\/schema.org","@graph":[{"@type":"WebPage","@id":"https:\/\/instytutpolski.pl\/vilnius\/lenkija\/","url":"https:\/\/instytutpolski.pl\/vilnius\/lenkija\/","name":"Lenkija - Instytut Polski w Wilnie","isPartOf":{"@id":"https:\/\/instytutpolski.pl\/vilnius\/#website"},"datePublished":"2019-06-05T14:55:08+00:00","breadcrumb":{"@id":"https:\/\/instytutpolski.pl\/vilnius\/lenkija\/#breadcrumb"},"inLanguage":"pl-PL","potentialAction":[{"@type":"ReadAction","target":["https:\/\/instytutpolski.pl\/vilnius\/lenkija\/"]}]},{"@type":"BreadcrumbList","@id":"https:\/\/instytutpolski.pl\/vilnius\/lenkija\/#breadcrumb","itemListElement":[{"@type":"ListItem","position":1,"name":"Home","item":"https:\/\/instytutpolski.pl\/vilnius\/"},{"@type":"ListItem","position":2,"name":"Lenkija"}]},{"@type":"WebSite","@id":"https:\/\/instytutpolski.pl\/vilnius\/#website","url":"https:\/\/instytutpolski.pl\/vilnius\/","name":"Instytut Polski w Wilnie","description":"Instytuty Polskie","potentialAction":[{"@type":"SearchAction","target":{"@type":"EntryPoint","urlTemplate":"https:\/\/instytutpolski.pl\/vilnius\/?s={search_term_string}"},"query-input":{"@type":"PropertyValueSpecification","valueRequired":true,"valueName":"search_term_string"}}],"inLanguage":"pl-PL"}]}},"_links":{"self":[{"href":"https:\/\/instytutpolski.pl\/vilnius\/wp-json\/wp\/v2\/pages\/65","targetHints":{"allow":["GET"]}}],"collection":[{"href":"https:\/\/instytutpolski.pl\/vilnius\/wp-json\/wp\/v2\/pages"}],"about":[{"href":"https:\/\/instytutpolski.pl\/vilnius\/wp-json\/wp\/v2\/types\/page"}],"author":[{"embeddable":true,"href":"https:\/\/instytutpolski.pl\/vilnius\/wp-json\/wp\/v2\/users\/1"}],"replies":[{"embeddable":true,"href":"https:\/\/instytutpolski.pl\/vilnius\/wp-json\/wp\/v2\/comments?post=65"}],"version-history":[{"count":1,"href":"https:\/\/instytutpolski.pl\/vilnius\/wp-json\/wp\/v2\/pages\/65\/revisions"}],"predecessor-version":[{"id":66,"href":"https:\/\/instytutpolski.pl\/vilnius\/wp-json\/wp\/v2\/pages\/65\/revisions\/66"}],"wp:attachment":[{"href":"https:\/\/instytutpolski.pl\/vilnius\/wp-json\/wp\/v2\/media?parent=65"}],"curies":[{"name":"wp","href":"https:\/\/api.w.org\/{rel}","templated":true}]}}