{"id":816,"date":"2019-06-27T11:15:53","date_gmt":"2019-06-27T09:15:53","guid":{"rendered":"https:\/\/instytutpolski.pl\/vilnius\/?page_id=816"},"modified":"2026-01-16T09:00:36","modified_gmt":"2026-01-16T08:00:36","slug":"partnerzy","status":"publish","type":"page","link":"https:\/\/instytutpolski.pl\/vilnius\/pl\/o-instytucie-polskim\/partnerzy\/","title":{"rendered":"Partnerzy"},"content":{"rendered":"\n<ul>\n<li class=\"link-description\"><a href=\"https:\/\/www.gov.pl\/web\/dyplomacja\">Ministerstwo Spraw Zagranicznych RP<\/a><\/li>\n<li class=\"link-description\"><a href=\"https:\/\/www.polska.travel\/\">Oficjalny portal promuj\u0105cy Polsk\u0119<\/a><\/li>\n<li><a href=\"https:\/\/www.gov.pl\/web\/litwa\">Ambasada Rzeczypospolitej Polskiej na Litwie<\/a><\/li>\n<li><a href=\"https:\/\/www.trade.gov.pl\/\">Portal promocji eksportu<\/a><\/li>\n<li><a href=\"https:\/\/www.gov.pl\/web\/kultura\/\">Ministerstwo Kultury i Dziedzictwa Narodowego<\/a><\/li>\n<li><a href=\"https:\/\/ipn.gov.pl\/\">Instytut Pami\u0119ci Narodowej<\/a><\/li>\n<li><a href=\"https:\/\/dzieje.pl\/\">Portal historyczny Dzieje.PL<\/a><\/li>\n<li><a href=\"http:\/\/muzhp.pl\/pl\/\">Muzeum Historii Polski<\/a><\/li>\n<li><a href=\"https:\/\/www.centrumjp2.pl\/\">Centrum My\u015bli Jana Paw\u0142a II<\/a><\/li>\n<li><a href=\"https:\/\/www.nck.pl\/\">Narodowe Centrum Kultury<\/a><\/li>\n<li><a href=\"https:\/\/instytutksiazki.pl\/\">Instytut Ksi\u0105\u017cki<\/a><\/li>\n<li><a href=\"http:\/\/www.pisf.pl\/pl\">Polski Instytut Sztuki Filmowej<\/a><\/li>\n<li><a href=\"https:\/\/www.instytut-teatralny.pl\/\">Instytut Teatralny<\/a><\/li>\n<li><a href=\"https:\/\/nawa.gov.pl\/\">Narodowa Agencja Wymiany Akademickiej<\/a><\/li>\n<li><a href=\"https:\/\/www.pot.gov.pl\/pl\">Polska Organizacja Turystyczna<\/a><\/li>\n<li><a href=\"http:\/\/dot.org.pl\/\">Dolno\u015bl\u0105ska Organizacja Turystyczna<\/a><\/li>\n<li><a href=\"http:\/\/polskidom.lt\/pl\/\">Dom Kultury Polskiej w Wilnie<\/a><\/li>\n<li><a href=\"https:\/\/www.pap.pl\/\">Polska Agencja Prasowa<\/a><\/li>\n<li><a href=\"https:\/\/www.polskieradio.pl\/399\">Polskie Radio<\/a><\/li>\n<li><a href=\"https:\/\/zw.lt\/\">Radio i portal \u201eZnad Wilii\u201d<\/a><\/li>\n<li><a href=\"http:\/\/www.wilnoteka.lt\/\">Wilnoteka<\/a><\/li>\n<li><a href=\"http:\/\/l24.lt\/pl\">L24.lt<\/a><\/li>\n<li><a href=\"http:\/\/krakow.pl\/otwarty_na_swiat\/\">Krak\u00f3w otwarty na \u015bwiat<\/a><\/li>\n<li><a href=\"http:\/\/studyfun.pl\/\">Study Fun Poland<\/a><\/li>\n<li><a href=\"https:\/\/www.polandunraveled.com\/\">About Poland Unraveled<\/a><\/li>\n<li><a href=\"https:\/\/www.chroniclesofterror.pl\/dlibra\">Zapisy terroru<\/a><\/li>\n<li><a href=\"https:\/\/polonika.pl\/instytut\">Instytut Polonika<\/a><\/li>\n<li><a href=\"https:\/\/instytutpileckiego.pl\/en\">Instytut Pileckiego<\/a><\/li>\n<\/ul>\n","protected":false},"excerpt":{"rendered":"<p>Ministerstwo Spraw Zagranicznych RP Oficjalny portal promuj\u0105cy Polsk\u0119 Ambasada Rzeczypospolitej Polskiej na Litwie Portal promocji eksportu Ministerstwo Kultury i Dziedzictwa Narodowego Instytut Pami\u0119ci Narodowej Portal historyczny Dzieje.PL Muzeum Historii Polski Centrum My\u015bli Jana Paw\u0142a II Narodowe Centrum Kultury Instytut Ksi\u0105\u017cki Polski Instytut Sztuki Filmowej Instytut Teatralny Narodowa Agencja Wymiany Akademickiej Polska Organizacja Turystyczna Dolno\u015bl\u0105ska Organizacja [&hellip;]<\/p>\n","protected":false},"author":97,"featured_media":0,"parent":562,"menu_order":0,"comment_status":"closed","ping_status":"closed","template":"","meta":{"inline_featured_image":false,"_monsterinsights_skip_tracking":false,"_monsterinsights_sitenote_active":false,"_monsterinsights_sitenote_note":"","_monsterinsights_sitenote_category":0,"footnotes":""},"class_list":["post-816","page","type-page","status-publish","hentry"],"yoast_head":"<!-- This site is optimized with the Yoast SEO plugin v24.6 - https:\/\/yoast.com\/wordpress\/plugins\/seo\/ -->\n<title>Partnerzy - Instytut Polski w Wilnie<\/title>\n<meta name=\"robots\" content=\"index, follow, max-snippet:-1, max-image-preview:large, max-video-preview:-1\" \/>\n<link rel=\"canonical\" href=\"https:\/\/instytutpolski.pl\/vilnius\/pl\/o-instytucie-polskim\/partnerzy\/\" \/>\n<meta property=\"og:locale\" content=\"pl_PL\" \/>\n<meta property=\"og:type\" content=\"article\" \/>\n<meta property=\"og:title\" content=\"Partnerzy - Instytut Polski w Wilnie\" \/>\n<meta property=\"og:description\" content=\"Ministerstwo Spraw Zagranicznych RP Oficjalny portal promuj\u0105cy Polsk\u0119 Ambasada Rzeczypospolitej Polskiej na Litwie Portal promocji eksportu Ministerstwo Kultury i Dziedzictwa Narodowego Instytut Pami\u0119ci Narodowej Portal historyczny Dzieje.PL Muzeum Historii Polski Centrum My\u015bli Jana Paw\u0142a II Narodowe Centrum Kultury Instytut Ksi\u0105\u017cki Polski Instytut Sztuki Filmowej Instytut Teatralny Narodowa Agencja Wymiany Akademickiej Polska Organizacja Turystyczna Dolno\u015bl\u0105ska Organizacja [&hellip;]\" \/>\n<meta property=\"og:url\" content=\"https:\/\/instytutpolski.pl\/vilnius\/pl\/o-instytucie-polskim\/partnerzy\/\" \/>\n<meta property=\"og:site_name\" content=\"Instytut Polski w Wilnie\" \/>\n<meta property=\"article:modified_time\" content=\"2026-01-16T08:00:36+00:00\" \/>\n<meta name=\"twitter:card\" content=\"summary_large_image\" \/>\n<meta name=\"twitter:label1\" content=\"Szacowany czas czytania\" \/>\n\t<meta name=\"twitter:data1\" content=\"1 minuta\" \/>\n<script type=\"application\/ld+json\" class=\"yoast-schema-graph\">{\"@context\":\"https:\/\/schema.org\",\"@graph\":[{\"@type\":\"WebPage\",\"@id\":\"https:\/\/instytutpolski.pl\/vilnius\/pl\/o-instytucie-polskim\/partnerzy\/\",\"url\":\"https:\/\/instytutpolski.pl\/vilnius\/pl\/o-instytucie-polskim\/partnerzy\/\",\"name\":\"Partnerzy - Instytut Polski w Wilnie\",\"isPartOf\":{\"@id\":\"https:\/\/instytutpolski.pl\/vilnius\/#website\"},\"datePublished\":\"2019-06-27T09:15:53+00:00\",\"dateModified\":\"2026-01-16T08:00:36+00:00\",\"breadcrumb\":{\"@id\":\"https:\/\/instytutpolski.pl\/vilnius\/pl\/o-instytucie-polskim\/partnerzy\/#breadcrumb\"},\"inLanguage\":\"pl-PL\",\"potentialAction\":[{\"@type\":\"ReadAction\",\"target\":[\"https:\/\/instytutpolski.pl\/vilnius\/pl\/o-instytucie-polskim\/partnerzy\/\"]}]},{\"@type\":\"BreadcrumbList\",\"@id\":\"https:\/\/instytutpolski.pl\/vilnius\/pl\/o-instytucie-polskim\/partnerzy\/#breadcrumb\",\"itemListElement\":[{\"@type\":\"ListItem\",\"position\":1,\"name\":\"Home\",\"item\":\"https:\/\/instytutpolski.pl\/vilnius\/\"},{\"@type\":\"ListItem\",\"position\":2,\"name\":\"O Instytucie Polskim\",\"item\":\"https:\/\/instytutpolski.pl\/vilnius\/pl\/o-instytucie-polskim\/\"},{\"@type\":\"ListItem\",\"position\":3,\"name\":\"Partnerzy\"}]},{\"@type\":\"WebSite\",\"@id\":\"https:\/\/instytutpolski.pl\/vilnius\/#website\",\"url\":\"https:\/\/instytutpolski.pl\/vilnius\/\",\"name\":\"Instytut Polski w Wilnie\",\"description\":\"Instytuty Polskie\",\"potentialAction\":[{\"@type\":\"SearchAction\",\"target\":{\"@type\":\"EntryPoint\",\"urlTemplate\":\"https:\/\/instytutpolski.pl\/vilnius\/?s={search_term_string}\"},\"query-input\":{\"@type\":\"PropertyValueSpecification\",\"valueRequired\":true,\"valueName\":\"search_term_string\"}}],\"inLanguage\":\"pl-PL\"}]}<\/script>\n<!-- \/ Yoast SEO plugin. -->","yoast_head_json":{"title":"Partnerzy - Instytut Polski w Wilnie","robots":{"index":"index","follow":"follow","max-snippet":"max-snippet:-1","max-image-preview":"max-image-preview:large","max-video-preview":"max-video-preview:-1"},"canonical":"https:\/\/instytutpolski.pl\/vilnius\/pl\/o-instytucie-polskim\/partnerzy\/","og_locale":"pl_PL","og_type":"article","og_title":"Partnerzy - Instytut Polski w Wilnie","og_description":"Ministerstwo Spraw Zagranicznych RP Oficjalny portal promuj\u0105cy Polsk\u0119 Ambasada Rzeczypospolitej Polskiej na Litwie Portal promocji eksportu Ministerstwo Kultury i Dziedzictwa Narodowego Instytut Pami\u0119ci Narodowej Portal historyczny Dzieje.PL Muzeum Historii Polski Centrum My\u015bli Jana Paw\u0142a II Narodowe Centrum Kultury Instytut Ksi\u0105\u017cki Polski Instytut Sztuki Filmowej Instytut Teatralny Narodowa Agencja Wymiany Akademickiej Polska Organizacja Turystyczna Dolno\u015bl\u0105ska Organizacja [&hellip;]","og_url":"https:\/\/instytutpolski.pl\/vilnius\/pl\/o-instytucie-polskim\/partnerzy\/","og_site_name":"Instytut Polski w Wilnie","article_modified_time":"2026-01-16T08:00:36+00:00","twitter_card":"summary_large_image","twitter_misc":{"Szacowany czas czytania":"1 minuta"},"schema":{"@context":"https:\/\/schema.org","@graph":[{"@type":"WebPage","@id":"https:\/\/instytutpolski.pl\/vilnius\/pl\/o-instytucie-polskim\/partnerzy\/","url":"https:\/\/instytutpolski.pl\/vilnius\/pl\/o-instytucie-polskim\/partnerzy\/","name":"Partnerzy - Instytut Polski w Wilnie","isPartOf":{"@id":"https:\/\/instytutpolski.pl\/vilnius\/#website"},"datePublished":"2019-06-27T09:15:53+00:00","dateModified":"2026-01-16T08:00:36+00:00","breadcrumb":{"@id":"https:\/\/instytutpolski.pl\/vilnius\/pl\/o-instytucie-polskim\/partnerzy\/#breadcrumb"},"inLanguage":"pl-PL","potentialAction":[{"@type":"ReadAction","target":["https:\/\/instytutpolski.pl\/vilnius\/pl\/o-instytucie-polskim\/partnerzy\/"]}]},{"@type":"BreadcrumbList","@id":"https:\/\/instytutpolski.pl\/vilnius\/pl\/o-instytucie-polskim\/partnerzy\/#breadcrumb","itemListElement":[{"@type":"ListItem","position":1,"name":"Home","item":"https:\/\/instytutpolski.pl\/vilnius\/"},{"@type":"ListItem","position":2,"name":"O Instytucie Polskim","item":"https:\/\/instytutpolski.pl\/vilnius\/pl\/o-instytucie-polskim\/"},{"@type":"ListItem","position":3,"name":"Partnerzy"}]},{"@type":"WebSite","@id":"https:\/\/instytutpolski.pl\/vilnius\/#website","url":"https:\/\/instytutpolski.pl\/vilnius\/","name":"Instytut Polski w Wilnie","description":"Instytuty Polskie","potentialAction":[{"@type":"SearchAction","target":{"@type":"EntryPoint","urlTemplate":"https:\/\/instytutpolski.pl\/vilnius\/?s={search_term_string}"},"query-input":{"@type":"PropertyValueSpecification","valueRequired":true,"valueName":"search_term_string"}}],"inLanguage":"pl-PL"}]}},"_links":{"self":[{"href":"https:\/\/instytutpolski.pl\/vilnius\/wp-json\/wp\/v2\/pages\/816","targetHints":{"allow":["GET"]}}],"collection":[{"href":"https:\/\/instytutpolski.pl\/vilnius\/wp-json\/wp\/v2\/pages"}],"about":[{"href":"https:\/\/instytutpolski.pl\/vilnius\/wp-json\/wp\/v2\/types\/page"}],"author":[{"embeddable":true,"href":"https:\/\/instytutpolski.pl\/vilnius\/wp-json\/wp\/v2\/users\/97"}],"replies":[{"embeddable":true,"href":"https:\/\/instytutpolski.pl\/vilnius\/wp-json\/wp\/v2\/comments?post=816"}],"version-history":[{"count":3,"href":"https:\/\/instytutpolski.pl\/vilnius\/wp-json\/wp\/v2\/pages\/816\/revisions"}],"predecessor-version":[{"id":8448,"href":"https:\/\/instytutpolski.pl\/vilnius\/wp-json\/wp\/v2\/pages\/816\/revisions\/8448"}],"up":[{"embeddable":true,"href":"https:\/\/instytutpolski.pl\/vilnius\/wp-json\/wp\/v2\/pages\/562"}],"wp:attachment":[{"href":"https:\/\/instytutpolski.pl\/vilnius\/wp-json\/wp\/v2\/media?parent=816"}],"curies":[{"name":"wp","href":"https:\/\/api.w.org\/{rel}","templated":true}]}}