{"id":932,"date":"2019-06-27T11:12:32","date_gmt":"2019-06-27T09:12:32","guid":{"rendered":"https:\/\/instytutpolski.pl\/vilnius\/?page_id=932"},"modified":"2025-04-10T09:25:18","modified_gmt":"2025-04-10T07:25:18","slug":"kontaktai-2","status":"publish","type":"page","link":"https:\/\/instytutpolski.pl\/vilnius\/apie-lenkijos-instituta\/kontaktai-2\/","title":{"rendered":"Kontaktai"},"content":{"rendered":"\n<div id=\"contact-popc\">\n<h1 class=\"entry-title\">INSTYTUT POLSKI \u2013 LENKIJOS INSTITUTAS\u00a0<\/h1>\n<p>\u0160v. Jono g. 3, LT-01123\u00a0Vilnius<br \/>tel. (003705) 2329770<br \/>vilnius.sekretoriatas@instytutpolski.pl<\/p>\n<\/div>\n<div class=\"entry-content\">\n<p><strong>Darbo laikas:<\/strong><br \/>Pirmadien\u012f\u2013ketvirtadien\u012f 9.00\u201317.00<br \/>Penktadien\u012f 9.00\u201316.00<\/p>\n<p><strong>Biblioteka-mediateka:<\/strong><br \/>Pirmadienis 13.00\u201317.00<br \/>Antradienis 13.00\u201317.00<br \/>Tre\u010diadienis 13.00\u201317.00<br \/>Ketvirtadienis 10.00\u201314.00<br \/><br \/><em><strong>Informacija \u017emon\u0117ms su jud\u0117jimo negalia:<\/strong><\/em><br \/><em>\u012e\u0117jim\u0105 \u012f Lenkijos institut\u0105 i\u0161 Sirvydo skvero pus\u0117s \u017eymi i\u0161kaba. \u012e\u0117jimas ne\u012fgaliesiems yra \u012f de\u0161in\u0119 nuo laipt\u0173, vedan\u010di\u0173 prie \u012f\u0117jimo dur\u0173. Visos Lenkijos instituto patalpos pritaikytos be kli\u016b\u010di\u0173 jud\u0117ti ne\u012fgaliojo ve\u017eim\u0117liu.<\/em><\/p>\n<p><span style=\"color: #000000\"><u>Skundai ir pastabos:<br \/><\/u>Informuojame, kad skundus ir pastabas galima teikti Lenkijos institute Vilniuje ketvirtadieniais nuo 10 iki 11 val.<\/span><\/p>\n<\/div>\n","protected":false},"excerpt":{"rendered":"<p>INSTYTUT POLSKI \u2013 LENKIJOS INSTITUTAS\u00a0 \u0160v. Jono g. 3, LT-01123\u00a0Vilniustel. (003705) 2329770vilnius.sekretoriatas@instytutpolski.pl Darbo laikas:Pirmadien\u012f\u2013ketvirtadien\u012f 9.00\u201317.00Penktadien\u012f 9.00\u201316.00 Biblioteka-mediateka:Pirmadienis 13.00\u201317.00Antradienis 13.00\u201317.00Tre\u010diadienis 13.00\u201317.00Ketvirtadienis 10.00\u201314.00 Informacija \u017emon\u0117ms su jud\u0117jimo negalia:\u012e\u0117jim\u0105 \u012f Lenkijos institut\u0105 i\u0161 Sirvydo skvero pus\u0117s \u017eymi i\u0161kaba. \u012e\u0117jimas ne\u012fgaliesiems yra \u012f de\u0161in\u0119 nuo laipt\u0173, vedan\u010di\u0173 prie \u012f\u0117jimo dur\u0173. Visos Lenkijos instituto patalpos pritaikytos be kli\u016b\u010di\u0173 jud\u0117ti ne\u012fgaliojo [&hellip;]<\/p>\n","protected":false},"author":97,"featured_media":1324,"parent":560,"menu_order":0,"comment_status":"closed","ping_status":"closed","template":"","meta":{"inline_featured_image":false,"_monsterinsights_skip_tracking":false,"_monsterinsights_sitenote_active":false,"_monsterinsights_sitenote_note":"","_monsterinsights_sitenote_category":0,"footnotes":""},"class_list":["post-932","page","type-page","status-publish","has-post-thumbnail","hentry"],"yoast_head":"<!-- This site is optimized with the Yoast SEO plugin v24.6 - https:\/\/yoast.com\/wordpress\/plugins\/seo\/ -->\n<title>Kontaktai - Instytut Polski w Wilnie<\/title>\n<meta name=\"robots\" content=\"index, follow, max-snippet:-1, max-image-preview:large, max-video-preview:-1\" \/>\n<link rel=\"canonical\" href=\"https:\/\/instytutpolski.pl\/vilnius\/apie-lenkijos-instituta\/kontaktai-2\/\" \/>\n<meta property=\"og:locale\" content=\"pl_PL\" \/>\n<meta property=\"og:type\" content=\"article\" \/>\n<meta property=\"og:title\" content=\"Kontaktai - Instytut Polski w Wilnie\" \/>\n<meta property=\"og:description\" content=\"INSTYTUT POLSKI \u2013 LENKIJOS INSTITUTAS\u00a0 \u0160v. Jono g. 3, LT-01123\u00a0Vilniustel. (003705) 2329770vilnius.sekretoriatas@instytutpolski.pl Darbo laikas:Pirmadien\u012f\u2013ketvirtadien\u012f 9.00\u201317.00Penktadien\u012f 9.00\u201316.00 Biblioteka-mediateka:Pirmadienis 13.00\u201317.00Antradienis 13.00\u201317.00Tre\u010diadienis 13.00\u201317.00Ketvirtadienis 10.00\u201314.00 Informacija \u017emon\u0117ms su jud\u0117jimo negalia:\u012e\u0117jim\u0105 \u012f Lenkijos institut\u0105 i\u0161 Sirvydo skvero pus\u0117s \u017eymi i\u0161kaba. \u012e\u0117jimas ne\u012fgaliesiems yra \u012f de\u0161in\u0119 nuo laipt\u0173, vedan\u010di\u0173 prie \u012f\u0117jimo dur\u0173. Visos Lenkijos instituto patalpos pritaikytos be kli\u016b\u010di\u0173 jud\u0117ti ne\u012fgaliojo [&hellip;]\" \/>\n<meta property=\"og:url\" content=\"https:\/\/instytutpolski.pl\/vilnius\/apie-lenkijos-instituta\/kontaktai-2\/\" \/>\n<meta property=\"og:site_name\" content=\"Instytut Polski w Wilnie\" \/>\n<meta property=\"article:modified_time\" content=\"2025-04-10T07:25:18+00:00\" \/>\n<meta property=\"og:image\" content=\"https:\/\/instytutpolski.pl\/vilnius\/wp-content\/uploads\/sites\/24\/2020\/06\/02.jpg\" \/>\n\t<meta property=\"og:image:width\" content=\"1728\" \/>\n\t<meta property=\"og:image:height\" content=\"1296\" \/>\n\t<meta property=\"og:image:type\" content=\"image\/jpeg\" \/>\n<meta name=\"twitter:card\" content=\"summary_large_image\" \/>\n<meta name=\"twitter:label1\" content=\"Szacowany czas czytania\" \/>\n\t<meta name=\"twitter:data1\" content=\"1 minuta\" \/>\n<script type=\"application\/ld+json\" class=\"yoast-schema-graph\">{\"@context\":\"https:\/\/schema.org\",\"@graph\":[{\"@type\":\"WebPage\",\"@id\":\"https:\/\/instytutpolski.pl\/vilnius\/apie-lenkijos-instituta\/kontaktai-2\/\",\"url\":\"https:\/\/instytutpolski.pl\/vilnius\/apie-lenkijos-instituta\/kontaktai-2\/\",\"name\":\"Kontaktai - Instytut Polski w Wilnie\",\"isPartOf\":{\"@id\":\"https:\/\/instytutpolski.pl\/vilnius\/#website\"},\"primaryImageOfPage\":{\"@id\":\"https:\/\/instytutpolski.pl\/vilnius\/apie-lenkijos-instituta\/kontaktai-2\/#primaryimage\"},\"image\":{\"@id\":\"https:\/\/instytutpolski.pl\/vilnius\/apie-lenkijos-instituta\/kontaktai-2\/#primaryimage\"},\"thumbnailUrl\":\"https:\/\/instytutpolski.pl\/vilnius\/wp-content\/uploads\/sites\/24\/2020\/06\/02.jpg\",\"datePublished\":\"2019-06-27T09:12:32+00:00\",\"dateModified\":\"2025-04-10T07:25:18+00:00\",\"breadcrumb\":{\"@id\":\"https:\/\/instytutpolski.pl\/vilnius\/apie-lenkijos-instituta\/kontaktai-2\/#breadcrumb\"},\"inLanguage\":\"pl-PL\",\"potentialAction\":[{\"@type\":\"ReadAction\",\"target\":[\"https:\/\/instytutpolski.pl\/vilnius\/apie-lenkijos-instituta\/kontaktai-2\/\"]}]},{\"@type\":\"ImageObject\",\"inLanguage\":\"pl-PL\",\"@id\":\"https:\/\/instytutpolski.pl\/vilnius\/apie-lenkijos-instituta\/kontaktai-2\/#primaryimage\",\"url\":\"https:\/\/instytutpolski.pl\/vilnius\/wp-content\/uploads\/sites\/24\/2020\/06\/02.jpg\",\"contentUrl\":\"https:\/\/instytutpolski.pl\/vilnius\/wp-content\/uploads\/sites\/24\/2020\/06\/02.jpg\",\"width\":1728,\"height\":1296},{\"@type\":\"BreadcrumbList\",\"@id\":\"https:\/\/instytutpolski.pl\/vilnius\/apie-lenkijos-instituta\/kontaktai-2\/#breadcrumb\",\"itemListElement\":[{\"@type\":\"ListItem\",\"position\":1,\"name\":\"Home\",\"item\":\"https:\/\/instytutpolski.pl\/vilnius\/\"},{\"@type\":\"ListItem\",\"position\":2,\"name\":\"Apie Lenkijos institut\u0105\",\"item\":\"https:\/\/instytutpolski.pl\/vilnius\/apie-lenkijos-instituta\/\"},{\"@type\":\"ListItem\",\"position\":3,\"name\":\"Kontaktai\"}]},{\"@type\":\"WebSite\",\"@id\":\"https:\/\/instytutpolski.pl\/vilnius\/#website\",\"url\":\"https:\/\/instytutpolski.pl\/vilnius\/\",\"name\":\"Instytut Polski w Wilnie\",\"description\":\"Instytuty Polskie\",\"potentialAction\":[{\"@type\":\"SearchAction\",\"target\":{\"@type\":\"EntryPoint\",\"urlTemplate\":\"https:\/\/instytutpolski.pl\/vilnius\/?s={search_term_string}\"},\"query-input\":{\"@type\":\"PropertyValueSpecification\",\"valueRequired\":true,\"valueName\":\"search_term_string\"}}],\"inLanguage\":\"pl-PL\"}]}<\/script>\n<!-- \/ Yoast SEO plugin. -->","yoast_head_json":{"title":"Kontaktai - Instytut Polski w Wilnie","robots":{"index":"index","follow":"follow","max-snippet":"max-snippet:-1","max-image-preview":"max-image-preview:large","max-video-preview":"max-video-preview:-1"},"canonical":"https:\/\/instytutpolski.pl\/vilnius\/apie-lenkijos-instituta\/kontaktai-2\/","og_locale":"pl_PL","og_type":"article","og_title":"Kontaktai - Instytut Polski w Wilnie","og_description":"INSTYTUT POLSKI \u2013 LENKIJOS INSTITUTAS\u00a0 \u0160v. Jono g. 3, LT-01123\u00a0Vilniustel. (003705) 2329770vilnius.sekretoriatas@instytutpolski.pl Darbo laikas:Pirmadien\u012f\u2013ketvirtadien\u012f 9.00\u201317.00Penktadien\u012f 9.00\u201316.00 Biblioteka-mediateka:Pirmadienis 13.00\u201317.00Antradienis 13.00\u201317.00Tre\u010diadienis 13.00\u201317.00Ketvirtadienis 10.00\u201314.00 Informacija \u017emon\u0117ms su jud\u0117jimo negalia:\u012e\u0117jim\u0105 \u012f Lenkijos institut\u0105 i\u0161 Sirvydo skvero pus\u0117s \u017eymi i\u0161kaba. \u012e\u0117jimas ne\u012fgaliesiems yra \u012f de\u0161in\u0119 nuo laipt\u0173, vedan\u010di\u0173 prie \u012f\u0117jimo dur\u0173. Visos Lenkijos instituto patalpos pritaikytos be kli\u016b\u010di\u0173 jud\u0117ti ne\u012fgaliojo [&hellip;]","og_url":"https:\/\/instytutpolski.pl\/vilnius\/apie-lenkijos-instituta\/kontaktai-2\/","og_site_name":"Instytut Polski w Wilnie","article_modified_time":"2025-04-10T07:25:18+00:00","og_image":[{"width":1728,"height":1296,"url":"https:\/\/instytutpolski.pl\/vilnius\/wp-content\/uploads\/sites\/24\/2020\/06\/02.jpg","type":"image\/jpeg"}],"twitter_card":"summary_large_image","twitter_misc":{"Szacowany czas czytania":"1 minuta"},"schema":{"@context":"https:\/\/schema.org","@graph":[{"@type":"WebPage","@id":"https:\/\/instytutpolski.pl\/vilnius\/apie-lenkijos-instituta\/kontaktai-2\/","url":"https:\/\/instytutpolski.pl\/vilnius\/apie-lenkijos-instituta\/kontaktai-2\/","name":"Kontaktai - Instytut Polski w Wilnie","isPartOf":{"@id":"https:\/\/instytutpolski.pl\/vilnius\/#website"},"primaryImageOfPage":{"@id":"https:\/\/instytutpolski.pl\/vilnius\/apie-lenkijos-instituta\/kontaktai-2\/#primaryimage"},"image":{"@id":"https:\/\/instytutpolski.pl\/vilnius\/apie-lenkijos-instituta\/kontaktai-2\/#primaryimage"},"thumbnailUrl":"https:\/\/instytutpolski.pl\/vilnius\/wp-content\/uploads\/sites\/24\/2020\/06\/02.jpg","datePublished":"2019-06-27T09:12:32+00:00","dateModified":"2025-04-10T07:25:18+00:00","breadcrumb":{"@id":"https:\/\/instytutpolski.pl\/vilnius\/apie-lenkijos-instituta\/kontaktai-2\/#breadcrumb"},"inLanguage":"pl-PL","potentialAction":[{"@type":"ReadAction","target":["https:\/\/instytutpolski.pl\/vilnius\/apie-lenkijos-instituta\/kontaktai-2\/"]}]},{"@type":"ImageObject","inLanguage":"pl-PL","@id":"https:\/\/instytutpolski.pl\/vilnius\/apie-lenkijos-instituta\/kontaktai-2\/#primaryimage","url":"https:\/\/instytutpolski.pl\/vilnius\/wp-content\/uploads\/sites\/24\/2020\/06\/02.jpg","contentUrl":"https:\/\/instytutpolski.pl\/vilnius\/wp-content\/uploads\/sites\/24\/2020\/06\/02.jpg","width":1728,"height":1296},{"@type":"BreadcrumbList","@id":"https:\/\/instytutpolski.pl\/vilnius\/apie-lenkijos-instituta\/kontaktai-2\/#breadcrumb","itemListElement":[{"@type":"ListItem","position":1,"name":"Home","item":"https:\/\/instytutpolski.pl\/vilnius\/"},{"@type":"ListItem","position":2,"name":"Apie Lenkijos institut\u0105","item":"https:\/\/instytutpolski.pl\/vilnius\/apie-lenkijos-instituta\/"},{"@type":"ListItem","position":3,"name":"Kontaktai"}]},{"@type":"WebSite","@id":"https:\/\/instytutpolski.pl\/vilnius\/#website","url":"https:\/\/instytutpolski.pl\/vilnius\/","name":"Instytut Polski w Wilnie","description":"Instytuty Polskie","potentialAction":[{"@type":"SearchAction","target":{"@type":"EntryPoint","urlTemplate":"https:\/\/instytutpolski.pl\/vilnius\/?s={search_term_string}"},"query-input":{"@type":"PropertyValueSpecification","valueRequired":true,"valueName":"search_term_string"}}],"inLanguage":"pl-PL"}]}},"_links":{"self":[{"href":"https:\/\/instytutpolski.pl\/vilnius\/wp-json\/wp\/v2\/pages\/932","targetHints":{"allow":["GET"]}}],"collection":[{"href":"https:\/\/instytutpolski.pl\/vilnius\/wp-json\/wp\/v2\/pages"}],"about":[{"href":"https:\/\/instytutpolski.pl\/vilnius\/wp-json\/wp\/v2\/types\/page"}],"author":[{"embeddable":true,"href":"https:\/\/instytutpolski.pl\/vilnius\/wp-json\/wp\/v2\/users\/97"}],"replies":[{"embeddable":true,"href":"https:\/\/instytutpolski.pl\/vilnius\/wp-json\/wp\/v2\/comments?post=932"}],"version-history":[{"count":27,"href":"https:\/\/instytutpolski.pl\/vilnius\/wp-json\/wp\/v2\/pages\/932\/revisions"}],"predecessor-version":[{"id":7271,"href":"https:\/\/instytutpolski.pl\/vilnius\/wp-json\/wp\/v2\/pages\/932\/revisions\/7271"}],"up":[{"embeddable":true,"href":"https:\/\/instytutpolski.pl\/vilnius\/wp-json\/wp\/v2\/pages\/560"}],"wp:featuredmedia":[{"embeddable":true,"href":"https:\/\/instytutpolski.pl\/vilnius\/wp-json\/wp\/v2\/media\/1324"}],"wp:attachment":[{"href":"https:\/\/instytutpolski.pl\/vilnius\/wp-json\/wp\/v2\/media?parent=932"}],"curies":[{"name":"wp","href":"https:\/\/api.w.org\/{rel}","templated":true}]}}