{"id":106,"date":"2019-05-15T15:41:37","date_gmt":"2019-05-15T13:41:37","guid":{"rendered":"https:\/\/instytutpolski.pl\/wieden\/?page_id=106"},"modified":"2026-03-25T13:47:49","modified_gmt":"2026-03-25T12:47:49","slug":"adres","status":"publish","type":"page","link":"https:\/\/instytutpolski.pl\/wien\/pl\/adres\/","title":{"rendered":"Kontakt"},"content":{"rendered":"\n<div class=\"wp-block-columns has-2-columns is-layout-flex wp-container-core-columns-is-layout-1 wp-block-columns-is-layout-flex\">\n<div class=\"wp-block-column is-layout-flow wp-block-column-is-layout-flow\">\n<p><strong>Adres<\/strong><\/p>\n<p>Instytut Polski w Wiedniu<br>Am Gestade 7<br>1010 Wiede\u0144<br>Austria<\/p>\n<p>Tel.: +43\/ 1\/ 533 89 61<br>Fax: +43\/ 1\/ 532 45 91<br>E-Mail: <a href=\"mailto:sekretariat.wien@instytutpolski.pl\">sekretariat.wien@instytutpolski.pl<\/a><\/p>\n<\/div>\n\n\n\n<div class=\"wp-block-column is-layout-flow wp-block-column-is-layout-flow\">\n<p><strong>Godziny otwarcia<\/strong><\/p>\n<p><strong>Biuro<\/strong><br \/>poniedzia\u0142ek-pi\u0105tek: 9:00-16:00<\/p>\n<p><strong>Biblioteka<\/strong> <br \/>wtorek-\u015broda: 14:00-17:00<br \/><strong><span style=\"color: #ff0000\">(Biblioteka jest zamkni\u0119ta z powodu prac remontowych do kwietnia 2026 roku.)<\/span><\/strong><\/p>\n<p><strong>Galeria\u00a0<\/strong><br \/>poniedzia\u0142ek-pi\u0105tek: 12:00-16:00<\/p>\n<\/div>\n<\/div>\n\n\n\n<p style=\"text-align: center\">Przyj\u0119cia interesant\u00f3w w sprawach skarg i wniosk\u00f3w odbywaj\u0105 si\u0119 w poniedzia\u0142ki w godzinach <br \/>15:00 \u2013 16:00 w siedzibie Instytutu Polskiego pod adresem Am Gestade 7, 1010 Wiede\u0144<\/p>\n\n\n","protected":false},"excerpt":{"rendered":"<p>Adres Instytut Polski w WiedniuAm Gestade 71010 Wiede\u0144Austria Tel.: +43\/ 1\/ 533 89 61Fax: +43\/ 1\/ 532 45 91E-Mail: sekretariat.wien@instytutpolski.pl Godziny otwarcia Biuroponiedzia\u0142ek-pi\u0105tek: 9:00-16:00 Biblioteka wtorek-\u015broda: 14:00-17:00(Biblioteka jest zamkni\u0119ta z powodu prac remontowych do kwietnia 2026 roku.) Galeria\u00a0poniedzia\u0142ek-pi\u0105tek: 12:00-16:00 Przyj\u0119cia interesant\u00f3w w sprawach skarg i wniosk\u00f3w odbywaj\u0105 si\u0119 w poniedzia\u0142ki w godzinach 15:00 \u2013 16:00 [&hellip;]<\/p>\n","protected":false},"author":1,"featured_media":4249,"parent":0,"menu_order":0,"comment_status":"closed","ping_status":"closed","template":"","meta":{"inline_featured_image":false,"_monsterinsights_skip_tracking":false,"_monsterinsights_sitenote_active":false,"_monsterinsights_sitenote_note":"","_monsterinsights_sitenote_category":0,"footnotes":""},"class_list":["post-106","page","type-page","status-publish","has-post-thumbnail","hentry"],"yoast_head":"<!-- This site is optimized with the Yoast SEO plugin v24.6 - https:\/\/yoast.com\/wordpress\/plugins\/seo\/ -->\n<title>Kontakt - Instytut Polski w Wiedniu<\/title>\n<meta name=\"robots\" content=\"index, follow, max-snippet:-1, max-image-preview:large, max-video-preview:-1\" \/>\n<link rel=\"canonical\" href=\"https:\/\/instytutpolski.pl\/wien\/pl\/adres\/\" \/>\n<meta property=\"og:locale\" content=\"pl_PL\" \/>\n<meta property=\"og:type\" content=\"article\" \/>\n<meta property=\"og:title\" content=\"Kontakt - Instytut Polski w Wiedniu\" \/>\n<meta property=\"og:description\" content=\"Adres Instytut Polski w WiedniuAm Gestade 71010 Wiede\u0144Austria Tel.: +43\/ 1\/ 533 89 61Fax: +43\/ 1\/ 532 45 91E-Mail: sekretariat.wien@instytutpolski.pl Godziny otwarcia Biuroponiedzia\u0142ek-pi\u0105tek: 9:00-16:00 Biblioteka wtorek-\u015broda: 14:00-17:00(Biblioteka jest zamkni\u0119ta z powodu prac remontowych do kwietnia 2026 roku.) Galeria\u00a0poniedzia\u0142ek-pi\u0105tek: 12:00-16:00 Przyj\u0119cia interesant\u00f3w w sprawach skarg i wniosk\u00f3w odbywaj\u0105 si\u0119 w poniedzia\u0142ki w godzinach 15:00 \u2013 16:00 [&hellip;]\" \/>\n<meta property=\"og:url\" content=\"https:\/\/instytutpolski.pl\/wien\/pl\/adres\/\" \/>\n<meta property=\"og:site_name\" content=\"Instytut Polski w Wiedniu\" \/>\n<meta property=\"article:modified_time\" content=\"2026-03-25T12:47:49+00:00\" \/>\n<meta property=\"og:image\" content=\"https:\/\/instytutpolski.pl\/wien\/wp-content\/uploads\/sites\/2\/2020\/05\/Instytut-Polski-zdj\u0119cie.jpg\" \/>\n\t<meta property=\"og:image:width\" content=\"2048\" \/>\n\t<meta property=\"og:image:height\" content=\"1365\" \/>\n\t<meta property=\"og:image:type\" content=\"image\/jpeg\" \/>\n<meta name=\"twitter:card\" content=\"summary_large_image\" \/>\n<meta name=\"twitter:label1\" content=\"Szacowany czas czytania\" \/>\n\t<meta name=\"twitter:data1\" content=\"1 minuta\" \/>\n<script type=\"application\/ld+json\" class=\"yoast-schema-graph\">{\"@context\":\"https:\/\/schema.org\",\"@graph\":[{\"@type\":\"WebPage\",\"@id\":\"https:\/\/instytutpolski.pl\/wien\/pl\/adres\/\",\"url\":\"https:\/\/instytutpolski.pl\/wien\/pl\/adres\/\",\"name\":\"Kontakt - Instytut Polski w Wiedniu\",\"isPartOf\":{\"@id\":\"https:\/\/instytutpolski.pl\/wien\/#website\"},\"primaryImageOfPage\":{\"@id\":\"https:\/\/instytutpolski.pl\/wien\/pl\/adres\/#primaryimage\"},\"image\":{\"@id\":\"https:\/\/instytutpolski.pl\/wien\/pl\/adres\/#primaryimage\"},\"thumbnailUrl\":\"https:\/\/instytutpolski.pl\/wien\/wp-content\/uploads\/sites\/2\/2020\/05\/Instytut-Polski-zdj\u0119cie.jpg\",\"datePublished\":\"2019-05-15T13:41:37+00:00\",\"dateModified\":\"2026-03-25T12:47:49+00:00\",\"breadcrumb\":{\"@id\":\"https:\/\/instytutpolski.pl\/wien\/pl\/adres\/#breadcrumb\"},\"inLanguage\":\"pl-PL\",\"potentialAction\":[{\"@type\":\"ReadAction\",\"target\":[\"https:\/\/instytutpolski.pl\/wien\/pl\/adres\/\"]}]},{\"@type\":\"ImageObject\",\"inLanguage\":\"pl-PL\",\"@id\":\"https:\/\/instytutpolski.pl\/wien\/pl\/adres\/#primaryimage\",\"url\":\"https:\/\/instytutpolski.pl\/wien\/wp-content\/uploads\/sites\/2\/2020\/05\/Instytut-Polski-zdj\u0119cie.jpg\",\"contentUrl\":\"https:\/\/instytutpolski.pl\/wien\/wp-content\/uploads\/sites\/2\/2020\/05\/Instytut-Polski-zdj\u0119cie.jpg\",\"width\":2048,\"height\":1365},{\"@type\":\"BreadcrumbList\",\"@id\":\"https:\/\/instytutpolski.pl\/wien\/pl\/adres\/#breadcrumb\",\"itemListElement\":[{\"@type\":\"ListItem\",\"position\":1,\"name\":\"Home\",\"item\":\"https:\/\/instytutpolski.pl\/wien\/pl\/\"},{\"@type\":\"ListItem\",\"position\":2,\"name\":\"Kontakt\"}]},{\"@type\":\"WebSite\",\"@id\":\"https:\/\/instytutpolski.pl\/wien\/#website\",\"url\":\"https:\/\/instytutpolski.pl\/wien\/\",\"name\":\"Instytut Polski w Wiedniu\",\"description\":\"Instytuty Polskie\",\"potentialAction\":[{\"@type\":\"SearchAction\",\"target\":{\"@type\":\"EntryPoint\",\"urlTemplate\":\"https:\/\/instytutpolski.pl\/wien\/?s={search_term_string}\"},\"query-input\":{\"@type\":\"PropertyValueSpecification\",\"valueRequired\":true,\"valueName\":\"search_term_string\"}}],\"inLanguage\":\"pl-PL\"}]}<\/script>\n<!-- \/ Yoast SEO plugin. -->","yoast_head_json":{"title":"Kontakt - Instytut Polski w Wiedniu","robots":{"index":"index","follow":"follow","max-snippet":"max-snippet:-1","max-image-preview":"max-image-preview:large","max-video-preview":"max-video-preview:-1"},"canonical":"https:\/\/instytutpolski.pl\/wien\/pl\/adres\/","og_locale":"pl_PL","og_type":"article","og_title":"Kontakt - Instytut Polski w Wiedniu","og_description":"Adres Instytut Polski w WiedniuAm Gestade 71010 Wiede\u0144Austria Tel.: +43\/ 1\/ 533 89 61Fax: +43\/ 1\/ 532 45 91E-Mail: sekretariat.wien@instytutpolski.pl Godziny otwarcia Biuroponiedzia\u0142ek-pi\u0105tek: 9:00-16:00 Biblioteka wtorek-\u015broda: 14:00-17:00(Biblioteka jest zamkni\u0119ta z powodu prac remontowych do kwietnia 2026 roku.) Galeria\u00a0poniedzia\u0142ek-pi\u0105tek: 12:00-16:00 Przyj\u0119cia interesant\u00f3w w sprawach skarg i wniosk\u00f3w odbywaj\u0105 si\u0119 w poniedzia\u0142ki w godzinach 15:00 \u2013 16:00 [&hellip;]","og_url":"https:\/\/instytutpolski.pl\/wien\/pl\/adres\/","og_site_name":"Instytut Polski w Wiedniu","article_modified_time":"2026-03-25T12:47:49+00:00","og_image":[{"width":2048,"height":1365,"url":"https:\/\/instytutpolski.pl\/wien\/wp-content\/uploads\/sites\/2\/2020\/05\/Instytut-Polski-zdj\u0119cie.jpg","type":"image\/jpeg"}],"twitter_card":"summary_large_image","twitter_misc":{"Szacowany czas czytania":"1 minuta"},"schema":{"@context":"https:\/\/schema.org","@graph":[{"@type":"WebPage","@id":"https:\/\/instytutpolski.pl\/wien\/pl\/adres\/","url":"https:\/\/instytutpolski.pl\/wien\/pl\/adres\/","name":"Kontakt - Instytut Polski w Wiedniu","isPartOf":{"@id":"https:\/\/instytutpolski.pl\/wien\/#website"},"primaryImageOfPage":{"@id":"https:\/\/instytutpolski.pl\/wien\/pl\/adres\/#primaryimage"},"image":{"@id":"https:\/\/instytutpolski.pl\/wien\/pl\/adres\/#primaryimage"},"thumbnailUrl":"https:\/\/instytutpolski.pl\/wien\/wp-content\/uploads\/sites\/2\/2020\/05\/Instytut-Polski-zdj\u0119cie.jpg","datePublished":"2019-05-15T13:41:37+00:00","dateModified":"2026-03-25T12:47:49+00:00","breadcrumb":{"@id":"https:\/\/instytutpolski.pl\/wien\/pl\/adres\/#breadcrumb"},"inLanguage":"pl-PL","potentialAction":[{"@type":"ReadAction","target":["https:\/\/instytutpolski.pl\/wien\/pl\/adres\/"]}]},{"@type":"ImageObject","inLanguage":"pl-PL","@id":"https:\/\/instytutpolski.pl\/wien\/pl\/adres\/#primaryimage","url":"https:\/\/instytutpolski.pl\/wien\/wp-content\/uploads\/sites\/2\/2020\/05\/Instytut-Polski-zdj\u0119cie.jpg","contentUrl":"https:\/\/instytutpolski.pl\/wien\/wp-content\/uploads\/sites\/2\/2020\/05\/Instytut-Polski-zdj\u0119cie.jpg","width":2048,"height":1365},{"@type":"BreadcrumbList","@id":"https:\/\/instytutpolski.pl\/wien\/pl\/adres\/#breadcrumb","itemListElement":[{"@type":"ListItem","position":1,"name":"Home","item":"https:\/\/instytutpolski.pl\/wien\/pl\/"},{"@type":"ListItem","position":2,"name":"Kontakt"}]},{"@type":"WebSite","@id":"https:\/\/instytutpolski.pl\/wien\/#website","url":"https:\/\/instytutpolski.pl\/wien\/","name":"Instytut Polski w Wiedniu","description":"Instytuty Polskie","potentialAction":[{"@type":"SearchAction","target":{"@type":"EntryPoint","urlTemplate":"https:\/\/instytutpolski.pl\/wien\/?s={search_term_string}"},"query-input":{"@type":"PropertyValueSpecification","valueRequired":true,"valueName":"search_term_string"}}],"inLanguage":"pl-PL"}]}},"_links":{"self":[{"href":"https:\/\/instytutpolski.pl\/wien\/wp-json\/wp\/v2\/pages\/106","targetHints":{"allow":["GET"]}}],"collection":[{"href":"https:\/\/instytutpolski.pl\/wien\/wp-json\/wp\/v2\/pages"}],"about":[{"href":"https:\/\/instytutpolski.pl\/wien\/wp-json\/wp\/v2\/types\/page"}],"author":[{"embeddable":true,"href":"https:\/\/instytutpolski.pl\/wien\/wp-json\/wp\/v2\/users\/1"}],"replies":[{"embeddable":true,"href":"https:\/\/instytutpolski.pl\/wien\/wp-json\/wp\/v2\/comments?post=106"}],"version-history":[{"count":39,"href":"https:\/\/instytutpolski.pl\/wien\/wp-json\/wp\/v2\/pages\/106\/revisions"}],"predecessor-version":[{"id":30178,"href":"https:\/\/instytutpolski.pl\/wien\/wp-json\/wp\/v2\/pages\/106\/revisions\/30178"}],"wp:featuredmedia":[{"embeddable":true,"href":"https:\/\/instytutpolski.pl\/wien\/wp-json\/wp\/v2\/media\/4249"}],"wp:attachment":[{"href":"https:\/\/instytutpolski.pl\/wien\/wp-json\/wp\/v2\/media?parent=106"}],"curies":[{"name":"wp","href":"https:\/\/api.w.org\/{rel}","templated":true}]}}