{"id":108,"date":"2019-05-15T15:41:56","date_gmt":"2019-05-15T13:41:56","guid":{"rendered":"https:\/\/instytutpolski.pl\/wieden\/?page_id=108"},"modified":"2019-05-23T10:01:39","modified_gmt":"2019-05-23T08:01:39","slug":"dojazd","status":"publish","type":"page","link":"https:\/\/instytutpolski.pl\/wien\/pl\/dojazd\/","title":{"rendered":"Dojazd"},"content":{"rendered":"\n<p><iframe loading=\"lazy\" style=\"border: 0;\" src=\"https:\/\/www.google.com\/maps\/embed?pb=!1m14!1m8!1m3!1d12646.535867947392!2d16.361447659625764!3d48.21419163722577!3m2!1i1024!2i768!4f13.1!3m3!1m2!1s0x0%3A0xaba9f1fe8a645a87!2sPolnisches+Institut+Wien!5e0!3m2!1spl!2spl!4v1558092018031!5m2!1spl!2spl\" allowfullscreen=\"allowfullscreen\" width=\"100%\" height=\"450\" frameborder=\"0\"><\/iframe><\/p>\n\n\n\n<p><strong>Komunikacja miejska<\/strong><\/p>\n<p>Linie metra: U2 i U4 (stacja Schottenring), U3 (stacja Herrengasse)<br>Linie tramwajowe: D, 1 (przystanek B\u00f6rsegasse)<br>Autobus: 3A (przystanek Concordiaplatz)<\/p>\n<p><strong>Z lotniska<\/strong><br>Kolejk\u0105 S7 do stacji Landstra\u00dfe, potem przesiadka na metro U4 i przejazd do stacji Schottenring<br>Poci\u0105giem CAT do stacji Landstra\u00dfe, potem przesiadka do metra U4 i przejazd do stacji Schottenring<br>Autobus Vienna Airport Lines: przystanek Wien Morzinplatz\/ Schwedenplatz<\/p>\n<p><strong>Z dworca kolejowego Wien Meidling<\/strong><br>Metrem U6 do stacji L\u00e4ngenfeldgasse, potem przesiadka na metro U4 i przejazd do stacji Schottenring<\/p>\n<p><strong>Z dworca kolejowego Wien Westbahnhof<\/strong><br>Lini\u0105 metra U3 do stacji Herrengasse<\/p>\n<p><strong>Z dworca kolejowego Wien Hauptbahnhof<\/strong><br>Metrem U1 do stacji Wien Schwedenplatz, potem przesiadka na metro U4 i przejazd do stacji Schottenring<\/p>\n","protected":false},"excerpt":{"rendered":"<p>Komunikacja miejska Linie metra: U2 i U4 (stacja Schottenring), U3 (stacja Herrengasse)Linie tramwajowe: D, 1 (przystanek B\u00f6rsegasse)Autobus: 3A (przystanek Concordiaplatz) Z lotniskaKolejk\u0105 S7 do stacji Landstra\u00dfe, potem przesiadka na metro U4 i przejazd do stacji SchottenringPoci\u0105giem CAT do stacji Landstra\u00dfe, potem przesiadka do metra U4 i przejazd do stacji SchottenringAutobus Vienna Airport Lines: przystanek Wien [&hellip;]<\/p>\n","protected":false},"author":1,"featured_media":159,"parent":0,"menu_order":0,"comment_status":"closed","ping_status":"closed","template":"","meta":{"inline_featured_image":false,"_monsterinsights_skip_tracking":false,"_monsterinsights_sitenote_active":false,"_monsterinsights_sitenote_note":"","_monsterinsights_sitenote_category":0,"footnotes":""},"class_list":["post-108","page","type-page","status-publish","has-post-thumbnail","hentry"],"yoast_head":"<!-- This site is optimized with the Yoast SEO plugin v24.6 - https:\/\/yoast.com\/wordpress\/plugins\/seo\/ -->\n<title>Dojazd - Instytut Polski w Wiedniu<\/title>\n<meta name=\"robots\" content=\"index, follow, max-snippet:-1, max-image-preview:large, max-video-preview:-1\" \/>\n<link rel=\"canonical\" href=\"https:\/\/instytutpolski.pl\/wien\/pl\/dojazd\/\" \/>\n<meta property=\"og:locale\" content=\"pl_PL\" \/>\n<meta property=\"og:type\" content=\"article\" \/>\n<meta property=\"og:title\" content=\"Dojazd - Instytut Polski w Wiedniu\" \/>\n<meta property=\"og:description\" content=\"Komunikacja miejska Linie metra: U2 i U4 (stacja Schottenring), U3 (stacja Herrengasse)Linie tramwajowe: D, 1 (przystanek B\u00f6rsegasse)Autobus: 3A (przystanek Concordiaplatz) Z lotniskaKolejk\u0105 S7 do stacji Landstra\u00dfe, potem przesiadka na metro U4 i przejazd do stacji SchottenringPoci\u0105giem CAT do stacji Landstra\u00dfe, potem przesiadka do metra U4 i przejazd do stacji SchottenringAutobus Vienna Airport Lines: przystanek Wien [&hellip;]\" \/>\n<meta property=\"og:url\" content=\"https:\/\/instytutpolski.pl\/wien\/pl\/dojazd\/\" \/>\n<meta property=\"og:site_name\" content=\"Instytut Polski w Wiedniu\" \/>\n<meta property=\"article:modified_time\" content=\"2019-05-23T08:01:39+00:00\" \/>\n<meta property=\"og:image\" content=\"https:\/\/instytutpolski.pl\/wien\/wp-content\/uploads\/sites\/2\/2019\/05\/dojazd.jpg\" \/>\n\t<meta property=\"og:image:width\" content=\"1920\" \/>\n\t<meta property=\"og:image:height\" content=\"591\" \/>\n\t<meta property=\"og:image:type\" content=\"image\/jpeg\" \/>\n<meta name=\"twitter:card\" content=\"summary_large_image\" \/>\n<meta name=\"twitter:label1\" content=\"Szacowany czas czytania\" \/>\n\t<meta name=\"twitter:data1\" content=\"1 minuta\" \/>\n<script type=\"application\/ld+json\" class=\"yoast-schema-graph\">{\"@context\":\"https:\/\/schema.org\",\"@graph\":[{\"@type\":\"WebPage\",\"@id\":\"https:\/\/instytutpolski.pl\/wien\/pl\/dojazd\/\",\"url\":\"https:\/\/instytutpolski.pl\/wien\/pl\/dojazd\/\",\"name\":\"Dojazd - Instytut Polski w Wiedniu\",\"isPartOf\":{\"@id\":\"https:\/\/instytutpolski.pl\/wien\/#website\"},\"primaryImageOfPage\":{\"@id\":\"https:\/\/instytutpolski.pl\/wien\/pl\/dojazd\/#primaryimage\"},\"image\":{\"@id\":\"https:\/\/instytutpolski.pl\/wien\/pl\/dojazd\/#primaryimage\"},\"thumbnailUrl\":\"https:\/\/instytutpolski.pl\/wien\/wp-content\/uploads\/sites\/2\/2019\/05\/dojazd.jpg\",\"datePublished\":\"2019-05-15T13:41:56+00:00\",\"dateModified\":\"2019-05-23T08:01:39+00:00\",\"breadcrumb\":{\"@id\":\"https:\/\/instytutpolski.pl\/wien\/pl\/dojazd\/#breadcrumb\"},\"inLanguage\":\"pl-PL\",\"potentialAction\":[{\"@type\":\"ReadAction\",\"target\":[\"https:\/\/instytutpolski.pl\/wien\/pl\/dojazd\/\"]}]},{\"@type\":\"ImageObject\",\"inLanguage\":\"pl-PL\",\"@id\":\"https:\/\/instytutpolski.pl\/wien\/pl\/dojazd\/#primaryimage\",\"url\":\"https:\/\/instytutpolski.pl\/wien\/wp-content\/uploads\/sites\/2\/2019\/05\/dojazd.jpg\",\"contentUrl\":\"https:\/\/instytutpolski.pl\/wien\/wp-content\/uploads\/sites\/2\/2019\/05\/dojazd.jpg\",\"width\":1920,\"height\":591},{\"@type\":\"BreadcrumbList\",\"@id\":\"https:\/\/instytutpolski.pl\/wien\/pl\/dojazd\/#breadcrumb\",\"itemListElement\":[{\"@type\":\"ListItem\",\"position\":1,\"name\":\"Home\",\"item\":\"https:\/\/instytutpolski.pl\/wien\/pl\/\"},{\"@type\":\"ListItem\",\"position\":2,\"name\":\"Dojazd\"}]},{\"@type\":\"WebSite\",\"@id\":\"https:\/\/instytutpolski.pl\/wien\/#website\",\"url\":\"https:\/\/instytutpolski.pl\/wien\/\",\"name\":\"Instytut Polski w Wiedniu\",\"description\":\"Instytuty Polskie\",\"potentialAction\":[{\"@type\":\"SearchAction\",\"target\":{\"@type\":\"EntryPoint\",\"urlTemplate\":\"https:\/\/instytutpolski.pl\/wien\/?s={search_term_string}\"},\"query-input\":{\"@type\":\"PropertyValueSpecification\",\"valueRequired\":true,\"valueName\":\"search_term_string\"}}],\"inLanguage\":\"pl-PL\"}]}<\/script>\n<!-- \/ Yoast SEO plugin. -->","yoast_head_json":{"title":"Dojazd - Instytut Polski w Wiedniu","robots":{"index":"index","follow":"follow","max-snippet":"max-snippet:-1","max-image-preview":"max-image-preview:large","max-video-preview":"max-video-preview:-1"},"canonical":"https:\/\/instytutpolski.pl\/wien\/pl\/dojazd\/","og_locale":"pl_PL","og_type":"article","og_title":"Dojazd - Instytut Polski w Wiedniu","og_description":"Komunikacja miejska Linie metra: U2 i U4 (stacja Schottenring), U3 (stacja Herrengasse)Linie tramwajowe: D, 1 (przystanek B\u00f6rsegasse)Autobus: 3A (przystanek Concordiaplatz) Z lotniskaKolejk\u0105 S7 do stacji Landstra\u00dfe, potem przesiadka na metro U4 i przejazd do stacji SchottenringPoci\u0105giem CAT do stacji Landstra\u00dfe, potem przesiadka do metra U4 i przejazd do stacji SchottenringAutobus Vienna Airport Lines: przystanek Wien [&hellip;]","og_url":"https:\/\/instytutpolski.pl\/wien\/pl\/dojazd\/","og_site_name":"Instytut Polski w Wiedniu","article_modified_time":"2019-05-23T08:01:39+00:00","og_image":[{"width":1920,"height":591,"url":"https:\/\/instytutpolski.pl\/wien\/wp-content\/uploads\/sites\/2\/2019\/05\/dojazd.jpg","type":"image\/jpeg"}],"twitter_card":"summary_large_image","twitter_misc":{"Szacowany czas czytania":"1 minuta"},"schema":{"@context":"https:\/\/schema.org","@graph":[{"@type":"WebPage","@id":"https:\/\/instytutpolski.pl\/wien\/pl\/dojazd\/","url":"https:\/\/instytutpolski.pl\/wien\/pl\/dojazd\/","name":"Dojazd - Instytut Polski w Wiedniu","isPartOf":{"@id":"https:\/\/instytutpolski.pl\/wien\/#website"},"primaryImageOfPage":{"@id":"https:\/\/instytutpolski.pl\/wien\/pl\/dojazd\/#primaryimage"},"image":{"@id":"https:\/\/instytutpolski.pl\/wien\/pl\/dojazd\/#primaryimage"},"thumbnailUrl":"https:\/\/instytutpolski.pl\/wien\/wp-content\/uploads\/sites\/2\/2019\/05\/dojazd.jpg","datePublished":"2019-05-15T13:41:56+00:00","dateModified":"2019-05-23T08:01:39+00:00","breadcrumb":{"@id":"https:\/\/instytutpolski.pl\/wien\/pl\/dojazd\/#breadcrumb"},"inLanguage":"pl-PL","potentialAction":[{"@type":"ReadAction","target":["https:\/\/instytutpolski.pl\/wien\/pl\/dojazd\/"]}]},{"@type":"ImageObject","inLanguage":"pl-PL","@id":"https:\/\/instytutpolski.pl\/wien\/pl\/dojazd\/#primaryimage","url":"https:\/\/instytutpolski.pl\/wien\/wp-content\/uploads\/sites\/2\/2019\/05\/dojazd.jpg","contentUrl":"https:\/\/instytutpolski.pl\/wien\/wp-content\/uploads\/sites\/2\/2019\/05\/dojazd.jpg","width":1920,"height":591},{"@type":"BreadcrumbList","@id":"https:\/\/instytutpolski.pl\/wien\/pl\/dojazd\/#breadcrumb","itemListElement":[{"@type":"ListItem","position":1,"name":"Home","item":"https:\/\/instytutpolski.pl\/wien\/pl\/"},{"@type":"ListItem","position":2,"name":"Dojazd"}]},{"@type":"WebSite","@id":"https:\/\/instytutpolski.pl\/wien\/#website","url":"https:\/\/instytutpolski.pl\/wien\/","name":"Instytut Polski w Wiedniu","description":"Instytuty Polskie","potentialAction":[{"@type":"SearchAction","target":{"@type":"EntryPoint","urlTemplate":"https:\/\/instytutpolski.pl\/wien\/?s={search_term_string}"},"query-input":{"@type":"PropertyValueSpecification","valueRequired":true,"valueName":"search_term_string"}}],"inLanguage":"pl-PL"}]}},"_links":{"self":[{"href":"https:\/\/instytutpolski.pl\/wien\/wp-json\/wp\/v2\/pages\/108","targetHints":{"allow":["GET"]}}],"collection":[{"href":"https:\/\/instytutpolski.pl\/wien\/wp-json\/wp\/v2\/pages"}],"about":[{"href":"https:\/\/instytutpolski.pl\/wien\/wp-json\/wp\/v2\/types\/page"}],"author":[{"embeddable":true,"href":"https:\/\/instytutpolski.pl\/wien\/wp-json\/wp\/v2\/users\/1"}],"replies":[{"embeddable":true,"href":"https:\/\/instytutpolski.pl\/wien\/wp-json\/wp\/v2\/comments?post=108"}],"version-history":[{"count":6,"href":"https:\/\/instytutpolski.pl\/wien\/wp-json\/wp\/v2\/pages\/108\/revisions"}],"predecessor-version":[{"id":450,"href":"https:\/\/instytutpolski.pl\/wien\/wp-json\/wp\/v2\/pages\/108\/revisions\/450"}],"wp:featuredmedia":[{"embeddable":true,"href":"https:\/\/instytutpolski.pl\/wien\/wp-json\/wp\/v2\/media\/159"}],"wp:attachment":[{"href":"https:\/\/instytutpolski.pl\/wien\/wp-json\/wp\/v2\/media?parent=108"}],"curies":[{"name":"wp","href":"https:\/\/api.w.org\/{rel}","templated":true}]}}