{"id":19,"date":"2019-03-19T14:00:17","date_gmt":"2019-03-19T13:00:17","guid":{"rendered":"https:\/\/instytutpolski.pl\/wieden\/?page_id=19"},"modified":"2025-10-31T12:30:39","modified_gmt":"2025-10-31T11:30:39","slug":"uber-uns","status":"publish","type":"page","link":"https:\/\/instytutpolski.pl\/wien\/uber-uns\/","title":{"rendered":"\u00dcber uns"},"content":{"rendered":"\n<h4 class=\"wp-block-heading\"><strong><strong>Das Polnische Institut Wien<\/strong><\/strong><\/h4>\n\n\n\n<p><\/p>\n\n\n\n<p class=\"has-text-align-left\">Das Polnische Institut Wien erf\u00fcllt die Aufgaben der polnischen \n\u00f6ffentlichen und kulturellen Diplomatie in \u00d6sterreich. Es vermittelt die\n reichhaltigen Facetten Polens, eines innovationsfreudigen, dynamischen \nund fortschrittlichen Landes im Herzen Europas und f\u00f6rdert den regen \npolnisch-\u00f6sterreichischen Austausch. Das thematische Spektrum der \nProjekte, die das Institut im gesamten Bundesgebiet zumeist in \nKooperation mit \u00f6sterreichischen und polnischen Partnern organisiert, \nreicht von Gesellschaft, Geschichte, Wissenschaft, Bildung und \nWirtschaft bis hin zu Musik, Literatur, Film und Kunst. Das Polnische \nInstitut Wien ist eine Einrichtung des Ministeriums f\u00fcr Ausw\u00e4rtige \nAngelegenheiten der Republik Polen.<\/p>\n\n\n\n<p><strong>Information und Dialog<\/strong><\/p>\n\n\n\n<p>Zus\u00e4tzlich zum Schwerpunkt der Veranstaltungsorganisation steht das  Polnische Institut Wien allen Interessierten als kompetenter  Ansprechpartner in Sachen Polen zur Verf\u00fcgung. Besonderen Wert legt das  Institut auf Kommunikation \u00fcber virtuelle Plattformen wie die  Internetseite, den Newsletter, Facebook, Twitter oder Instagram. Aber ebenso  wichtig ist der pers\u00f6nliche Austausch \u2013 das Institut steht daher allen  interessierten Besuchern offen. Regelm\u00e4\u00dfige Studienfahrten mit K\u00fcnstlern  und Journalisten aus \u00d6sterreich nach Polen tragen Fr\u00fcchte in Form von  innovativen Projekten und kreativen Kooperationen.<\/p>\n\n\n\n<p><strong>Bibliothek<\/strong><\/p>\n\n\n\n<p>Die hauseigene Bibliothek bietet ihren Lesern einen einzigartigen \nFundus an Fachwissen, Filmen und Belletristik. Die B\u00fcchersammlung \numfasst mehr als 16.000 Publikationen. Einen Schwerpunkt bildet \npolnische Belletristik im Original und in deutscher \u00dcbersetzung.<\/p>\n\n\n\n<p><strong>Entstehung und Geschichte<\/strong><\/p>\n\n\n\n<p>Das Polnische Institut Wien wurde am 5. Juni 1974, feierlich er\u00f6ffnet\n und hat seinen Sitz \u2013 damals wie heute \u2013 an jenem malerischen Platz zu \nF\u00fc\u00dfen der Kirche Maria am Gestade im zentralen ersten Wiener \nGemeindebezirk. Die rechtliche Grundlage f\u00fcr die Gr\u00fcndung des Instituts \nbildete in erster Linie das am 14. Juni 1972 in Wien unterzeichnete \n\u201eAbkommen zwischen der Republik \u00d6sterreich und der Volksrepublik Polen \n\u00fcber die Zusammenarbeit auf den Gebieten der Kultur und Wissenschaft\u201c. \nDen zentralen Wendepunkt bildet das Jahr 1989, als sich die Funktion der\n Institute hin zu einem offenen, auf Kommunikation und Austausch \nausgerichteten Zugang zur polnischen Gesellschaft und Kultur in ihrer \nauch europ\u00e4ischen und globalen Dimension ge\u00e4ndert hat.<\/p>\n\n\n\n<p><strong>Polnische Institute weltweit<\/strong><\/p>\n\n\n\n<p>Gegenw\u00e4rtig gibt es 25 Polnische Institute auf der Welt \u2013 in Paris, \nNew York, Tokio und vielen weiteren St\u00e4dten. Ihr Tr\u00e4ger ist das \nMinisterium f\u00fcr Ausw\u00e4rtige Angelegenheiten der Republik Polen. Zu den \nInstituten im deutschsprachigen Raum z\u00e4hlen neben jenem in Wien auch das\n Polnische Institut in D\u00fcsseldorf, das Polnische Institut in Berlin und \ndessen Filiale in Leipzig.<\/p>\n\n\n\n<p><strong>Internationale Kooperationen<\/strong><\/p>\n\n\n\n<p>Das Polnische Institut Wien unterh\u00e4lt eine rege Zusammenarbeit mit \ninternationalen Partnern, wie etwa seinem \u00f6sterreichischen Gegenst\u00fcck, \ndem \u00d6sterreichischen Kulturforum in Warschau. Dar\u00fcber hinaus geh\u00f6rt es \ndem europ\u00e4ischen Verband der Kulturinstitute EUNIC (European Network of \nNational Institutes of Culture) an.<\/p>\n\n\n","protected":false},"excerpt":{"rendered":"<p>Das Polnische Institut Wien Das Polnische Institut Wien erf\u00fcllt die Aufgaben der polnischen \u00f6ffentlichen und kulturellen Diplomatie in \u00d6sterreich. Es vermittelt die reichhaltigen Facetten Polens, eines innovationsfreudigen, dynamischen und fortschrittlichen Landes im Herzen Europas und f\u00f6rdert den regen polnisch-\u00f6sterreichischen Austausch. Das thematische Spektrum der Projekte, die das Institut im gesamten Bundesgebiet zumeist in Kooperation mit [&hellip;]<\/p>\n","protected":false},"author":1,"featured_media":4248,"parent":0,"menu_order":0,"comment_status":"closed","ping_status":"closed","template":"","meta":{"inline_featured_image":false,"_monsterinsights_skip_tracking":false,"_monsterinsights_sitenote_active":false,"_monsterinsights_sitenote_note":"","_monsterinsights_sitenote_category":0,"footnotes":""},"class_list":["post-19","page","type-page","status-publish","has-post-thumbnail","hentry"],"yoast_head":"<!-- This site is optimized with the Yoast SEO plugin v24.6 - https:\/\/yoast.com\/wordpress\/plugins\/seo\/ -->\n<title>\u00dcber uns - Instytut Polski w Wiedniu<\/title>\n<meta name=\"robots\" content=\"index, follow, max-snippet:-1, max-image-preview:large, max-video-preview:-1\" \/>\n<link rel=\"canonical\" href=\"https:\/\/instytutpolski.pl\/wien\/uber-uns\/\" \/>\n<meta property=\"og:locale\" content=\"pl_PL\" \/>\n<meta property=\"og:type\" content=\"article\" \/>\n<meta property=\"og:title\" content=\"\u00dcber uns - Instytut Polski w Wiedniu\" \/>\n<meta property=\"og:description\" content=\"Das Polnische Institut Wien Das Polnische Institut Wien erf\u00fcllt die Aufgaben der polnischen \u00f6ffentlichen und kulturellen Diplomatie in \u00d6sterreich. Es vermittelt die reichhaltigen Facetten Polens, eines innovationsfreudigen, dynamischen und fortschrittlichen Landes im Herzen Europas und f\u00f6rdert den regen polnisch-\u00f6sterreichischen Austausch. Das thematische Spektrum der Projekte, die das Institut im gesamten Bundesgebiet zumeist in Kooperation mit [&hellip;]\" \/>\n<meta property=\"og:url\" content=\"https:\/\/instytutpolski.pl\/wien\/uber-uns\/\" \/>\n<meta property=\"og:site_name\" content=\"Instytut Polski w Wiedniu\" \/>\n<meta property=\"article:modified_time\" content=\"2025-10-31T11:30:39+00:00\" \/>\n<meta property=\"og:image\" content=\"https:\/\/instytutpolski.pl\/wien\/wp-content\/uploads\/sites\/2\/2020\/05\/Instytut-Polski-2.jpg\" \/>\n\t<meta property=\"og:image:width\" content=\"1500\" \/>\n\t<meta property=\"og:image:height\" content=\"500\" \/>\n\t<meta property=\"og:image:type\" content=\"image\/jpeg\" \/>\n<meta name=\"twitter:card\" content=\"summary_large_image\" \/>\n<meta name=\"twitter:label1\" content=\"Szacowany czas czytania\" \/>\n\t<meta name=\"twitter:data1\" content=\"3 minuty\" \/>\n<script type=\"application\/ld+json\" class=\"yoast-schema-graph\">{\"@context\":\"https:\/\/schema.org\",\"@graph\":[{\"@type\":\"WebPage\",\"@id\":\"https:\/\/instytutpolski.pl\/wien\/uber-uns\/\",\"url\":\"https:\/\/instytutpolski.pl\/wien\/uber-uns\/\",\"name\":\"\u00dcber uns - Instytut Polski w Wiedniu\",\"isPartOf\":{\"@id\":\"https:\/\/instytutpolski.pl\/wien\/#website\"},\"primaryImageOfPage\":{\"@id\":\"https:\/\/instytutpolski.pl\/wien\/uber-uns\/#primaryimage\"},\"image\":{\"@id\":\"https:\/\/instytutpolski.pl\/wien\/uber-uns\/#primaryimage\"},\"thumbnailUrl\":\"https:\/\/instytutpolski.pl\/wien\/wp-content\/uploads\/sites\/2\/2020\/05\/Instytut-Polski-2.jpg\",\"datePublished\":\"2019-03-19T13:00:17+00:00\",\"dateModified\":\"2025-10-31T11:30:39+00:00\",\"breadcrumb\":{\"@id\":\"https:\/\/instytutpolski.pl\/wien\/uber-uns\/#breadcrumb\"},\"inLanguage\":\"pl-PL\",\"potentialAction\":[{\"@type\":\"ReadAction\",\"target\":[\"https:\/\/instytutpolski.pl\/wien\/uber-uns\/\"]}]},{\"@type\":\"ImageObject\",\"inLanguage\":\"pl-PL\",\"@id\":\"https:\/\/instytutpolski.pl\/wien\/uber-uns\/#primaryimage\",\"url\":\"https:\/\/instytutpolski.pl\/wien\/wp-content\/uploads\/sites\/2\/2020\/05\/Instytut-Polski-2.jpg\",\"contentUrl\":\"https:\/\/instytutpolski.pl\/wien\/wp-content\/uploads\/sites\/2\/2020\/05\/Instytut-Polski-2.jpg\",\"width\":1500,\"height\":500},{\"@type\":\"BreadcrumbList\",\"@id\":\"https:\/\/instytutpolski.pl\/wien\/uber-uns\/#breadcrumb\",\"itemListElement\":[{\"@type\":\"ListItem\",\"position\":1,\"name\":\"Home\",\"item\":\"https:\/\/instytutpolski.pl\/wien\/pl\/\"},{\"@type\":\"ListItem\",\"position\":2,\"name\":\"\u00dcber uns\"}]},{\"@type\":\"WebSite\",\"@id\":\"https:\/\/instytutpolski.pl\/wien\/#website\",\"url\":\"https:\/\/instytutpolski.pl\/wien\/\",\"name\":\"Instytut Polski w Wiedniu\",\"description\":\"Instytuty Polskie\",\"potentialAction\":[{\"@type\":\"SearchAction\",\"target\":{\"@type\":\"EntryPoint\",\"urlTemplate\":\"https:\/\/instytutpolski.pl\/wien\/?s={search_term_string}\"},\"query-input\":{\"@type\":\"PropertyValueSpecification\",\"valueRequired\":true,\"valueName\":\"search_term_string\"}}],\"inLanguage\":\"pl-PL\"}]}<\/script>\n<!-- \/ Yoast SEO plugin. -->","yoast_head_json":{"title":"\u00dcber uns - Instytut Polski w Wiedniu","robots":{"index":"index","follow":"follow","max-snippet":"max-snippet:-1","max-image-preview":"max-image-preview:large","max-video-preview":"max-video-preview:-1"},"canonical":"https:\/\/instytutpolski.pl\/wien\/uber-uns\/","og_locale":"pl_PL","og_type":"article","og_title":"\u00dcber uns - Instytut Polski w Wiedniu","og_description":"Das Polnische Institut Wien Das Polnische Institut Wien erf\u00fcllt die Aufgaben der polnischen \u00f6ffentlichen und kulturellen Diplomatie in \u00d6sterreich. Es vermittelt die reichhaltigen Facetten Polens, eines innovationsfreudigen, dynamischen und fortschrittlichen Landes im Herzen Europas und f\u00f6rdert den regen polnisch-\u00f6sterreichischen Austausch. Das thematische Spektrum der Projekte, die das Institut im gesamten Bundesgebiet zumeist in Kooperation mit [&hellip;]","og_url":"https:\/\/instytutpolski.pl\/wien\/uber-uns\/","og_site_name":"Instytut Polski w Wiedniu","article_modified_time":"2025-10-31T11:30:39+00:00","og_image":[{"width":1500,"height":500,"url":"https:\/\/instytutpolski.pl\/wien\/wp-content\/uploads\/sites\/2\/2020\/05\/Instytut-Polski-2.jpg","type":"image\/jpeg"}],"twitter_card":"summary_large_image","twitter_misc":{"Szacowany czas czytania":"3 minuty"},"schema":{"@context":"https:\/\/schema.org","@graph":[{"@type":"WebPage","@id":"https:\/\/instytutpolski.pl\/wien\/uber-uns\/","url":"https:\/\/instytutpolski.pl\/wien\/uber-uns\/","name":"\u00dcber uns - Instytut Polski w Wiedniu","isPartOf":{"@id":"https:\/\/instytutpolski.pl\/wien\/#website"},"primaryImageOfPage":{"@id":"https:\/\/instytutpolski.pl\/wien\/uber-uns\/#primaryimage"},"image":{"@id":"https:\/\/instytutpolski.pl\/wien\/uber-uns\/#primaryimage"},"thumbnailUrl":"https:\/\/instytutpolski.pl\/wien\/wp-content\/uploads\/sites\/2\/2020\/05\/Instytut-Polski-2.jpg","datePublished":"2019-03-19T13:00:17+00:00","dateModified":"2025-10-31T11:30:39+00:00","breadcrumb":{"@id":"https:\/\/instytutpolski.pl\/wien\/uber-uns\/#breadcrumb"},"inLanguage":"pl-PL","potentialAction":[{"@type":"ReadAction","target":["https:\/\/instytutpolski.pl\/wien\/uber-uns\/"]}]},{"@type":"ImageObject","inLanguage":"pl-PL","@id":"https:\/\/instytutpolski.pl\/wien\/uber-uns\/#primaryimage","url":"https:\/\/instytutpolski.pl\/wien\/wp-content\/uploads\/sites\/2\/2020\/05\/Instytut-Polski-2.jpg","contentUrl":"https:\/\/instytutpolski.pl\/wien\/wp-content\/uploads\/sites\/2\/2020\/05\/Instytut-Polski-2.jpg","width":1500,"height":500},{"@type":"BreadcrumbList","@id":"https:\/\/instytutpolski.pl\/wien\/uber-uns\/#breadcrumb","itemListElement":[{"@type":"ListItem","position":1,"name":"Home","item":"https:\/\/instytutpolski.pl\/wien\/pl\/"},{"@type":"ListItem","position":2,"name":"\u00dcber uns"}]},{"@type":"WebSite","@id":"https:\/\/instytutpolski.pl\/wien\/#website","url":"https:\/\/instytutpolski.pl\/wien\/","name":"Instytut Polski w Wiedniu","description":"Instytuty Polskie","potentialAction":[{"@type":"SearchAction","target":{"@type":"EntryPoint","urlTemplate":"https:\/\/instytutpolski.pl\/wien\/?s={search_term_string}"},"query-input":{"@type":"PropertyValueSpecification","valueRequired":true,"valueName":"search_term_string"}}],"inLanguage":"pl-PL"}]}},"_links":{"self":[{"href":"https:\/\/instytutpolski.pl\/wien\/wp-json\/wp\/v2\/pages\/19","targetHints":{"allow":["GET"]}}],"collection":[{"href":"https:\/\/instytutpolski.pl\/wien\/wp-json\/wp\/v2\/pages"}],"about":[{"href":"https:\/\/instytutpolski.pl\/wien\/wp-json\/wp\/v2\/types\/page"}],"author":[{"embeddable":true,"href":"https:\/\/instytutpolski.pl\/wien\/wp-json\/wp\/v2\/users\/1"}],"replies":[{"embeddable":true,"href":"https:\/\/instytutpolski.pl\/wien\/wp-json\/wp\/v2\/comments?post=19"}],"version-history":[{"count":9,"href":"https:\/\/instytutpolski.pl\/wien\/wp-json\/wp\/v2\/pages\/19\/revisions"}],"predecessor-version":[{"id":28537,"href":"https:\/\/instytutpolski.pl\/wien\/wp-json\/wp\/v2\/pages\/19\/revisions\/28537"}],"wp:featuredmedia":[{"embeddable":true,"href":"https:\/\/instytutpolski.pl\/wien\/wp-json\/wp\/v2\/media\/4248"}],"wp:attachment":[{"href":"https:\/\/instytutpolski.pl\/wien\/wp-json\/wp\/v2\/media?parent=19"}],"curies":[{"name":"wp","href":"https:\/\/api.w.org\/{rel}","templated":true}]}}