{"id":32,"date":"2019-04-23T13:57:18","date_gmt":"2019-04-23T11:57:18","guid":{"rendered":"https:\/\/instytutpolski.pl\/wieden\/?page_id=32"},"modified":"2026-03-11T13:33:42","modified_gmt":"2026-03-11T12:33:42","slug":"galerie","status":"publish","type":"page","link":"https:\/\/instytutpolski.pl\/wien\/uber-uns\/galerie\/","title":{"rendered":"Galerie"},"content":{"rendered":"\n<div class=\"oneNews page_content\">\n<div class=\"editor_content\">\n<p style=\"text-align: justify\">Die Galerie des Polnischen Instituts Wien ist ein offener Raum f\u00fcr zeitgen\u00f6ssische Kunst, Fotografie und Design \u2013 ein Ort des Dialogs, des Experiments und des Gedankenaustauschs. Seit vielen Jahren baut sie konsequent ihre Position als wichtiger Punkt auf der Kulturkarte Wiens aus und pr\u00e4sentiert Werke von K\u00fcnstlerinnen und K\u00fcnstlern aus Polen im europ\u00e4ischen und internationalen Kontext.<br \/>In einem historischen Geb\u00e4ude im Erdgeschoss der Am Gestade 7 schaffen wir einen Ausstellungsraum und einen Ort der Reflexion, Inspiration und Begegnung. Im Rahmen unseres Programms zeigen wir sowohl etablierte Namen als auch K\u00fcnstler der j\u00fcngeren Generation, die nach neuen Ausdrucksformen suchen und auf aktuelle Herausforderungen reagieren. Wir verbinden Tradition mit Gegenwart, lokale Erfahrung mit globalem Kontext und schaffen so eine Plattform f\u00fcr den Austausch zwischen Polen, \u00d6sterreich und der Welt.<br \/>Wir laden Sie ein, Kunst im Raum zwischen den Kulturen zu erleben \u2013 zug\u00e4nglich, inspirierend und nah am Betrachter.<\/p>\n<p><strong>Kunst f\u00fcr alle.<\/strong><\/p>\n<p style=\"text-align: justify\">\u00a0<\/p>\n<\/div>\n<div><strong>\u00d6ffnungszeiten:<\/strong><\/div>\n<div>Montag &#8211; Freitag: 12-16 Uhr\u00a0<\/div>\n<div>\u00a0<\/div>\n<\/div>\n<div>\u00a0<\/div>\n<div>\u00a0<\/div>\n<div class=\"oneNews page_content\">\n<div class=\"editor_content\"><strong>Kontakt<\/strong>:<\/div>\n<div class=\"editor_content\">Tel. 01\/ 533 89 61-14\u00a0<\/div>\n<div>\u00a0<\/div>\n<\/div>\n\n\n\n<figure class=\"wp-block-gallery has-nested-images columns-default is-cropped wp-block-gallery-1 is-layout-flex wp-block-gallery-is-layout-flex\">\n<figure class=\"wp-block-image size-large\"><a href=\"https:\/\/instytutpolski.pl\/wien\/wp-content\/uploads\/sites\/2\/2019\/05\/1_jpg461052142568589392.jpg\"><img loading=\"lazy\" decoding=\"async\" width=\"555\" height=\"333\" data-id=\"139\" src=\"https:\/\/instytutpolski.pl\/wieden\/wp-content\/uploads\/sites\/2\/2019\/05\/1_jpg461052142568589392.jpg\" alt=\"\" class=\"wp-image-139\" srcset=\"https:\/\/instytutpolski.pl\/wien\/wp-content\/uploads\/sites\/2\/2019\/05\/1_jpg461052142568589392.jpg 555w, https:\/\/instytutpolski.pl\/wien\/wp-content\/uploads\/sites\/2\/2019\/05\/1_jpg461052142568589392-300x180.jpg 300w\" sizes=\"auto, (max-width: 555px) 100vw, 555px\" \/><\/a><\/figure>\n\n\n\n<figure class=\"wp-block-image size-large\"><a href=\"https:\/\/instytutpolski.pl\/wien\/wp-content\/uploads\/sites\/2\/2019\/05\/4_jpg814834443272120878.jpg\"><img loading=\"lazy\" decoding=\"async\" width=\"555\" height=\"333\" data-id=\"137\" src=\"https:\/\/instytutpolski.pl\/wieden\/wp-content\/uploads\/sites\/2\/2019\/05\/4_jpg814834443272120878.jpg\" alt=\"\" class=\"wp-image-137\" srcset=\"https:\/\/instytutpolski.pl\/wien\/wp-content\/uploads\/sites\/2\/2019\/05\/4_jpg814834443272120878.jpg 555w, https:\/\/instytutpolski.pl\/wien\/wp-content\/uploads\/sites\/2\/2019\/05\/4_jpg814834443272120878-300x180.jpg 300w\" sizes=\"auto, (max-width: 555px) 100vw, 555px\" \/><\/a><\/figure>\n<\/figure>\n","protected":false},"excerpt":{"rendered":"<p>Die Galerie des Polnischen Instituts Wien ist ein offener Raum f\u00fcr zeitgen\u00f6ssische Kunst, Fotografie und Design \u2013 ein Ort des Dialogs, des Experiments und des Gedankenaustauschs. Seit vielen Jahren baut sie konsequent ihre Position als wichtiger Punkt auf der Kulturkarte Wiens aus und pr\u00e4sentiert Werke von K\u00fcnstlerinnen und K\u00fcnstlern aus Polen im europ\u00e4ischen und internationalen [&hellip;]<\/p>\n","protected":false},"author":1,"featured_media":4168,"parent":19,"menu_order":0,"comment_status":"closed","ping_status":"closed","template":"","meta":{"inline_featured_image":false,"_monsterinsights_skip_tracking":false,"_monsterinsights_sitenote_active":false,"_monsterinsights_sitenote_note":"","_monsterinsights_sitenote_category":0,"footnotes":""},"class_list":["post-32","page","type-page","status-publish","has-post-thumbnail","hentry"],"yoast_head":"<!-- This site is optimized with the Yoast SEO plugin v24.6 - https:\/\/yoast.com\/wordpress\/plugins\/seo\/ -->\n<title>Galerie - Instytut Polski w Wiedniu<\/title>\n<meta name=\"robots\" content=\"index, follow, max-snippet:-1, max-image-preview:large, max-video-preview:-1\" \/>\n<link rel=\"canonical\" href=\"https:\/\/instytutpolski.pl\/wien\/uber-uns\/galerie\/\" \/>\n<meta property=\"og:locale\" content=\"pl_PL\" \/>\n<meta property=\"og:type\" content=\"article\" \/>\n<meta property=\"og:title\" content=\"Galerie - Instytut Polski w Wiedniu\" \/>\n<meta property=\"og:description\" content=\"Die Galerie des Polnischen Instituts Wien ist ein offener Raum f\u00fcr zeitgen\u00f6ssische Kunst, Fotografie und Design \u2013 ein Ort des Dialogs, des Experiments und des Gedankenaustauschs. Seit vielen Jahren baut sie konsequent ihre Position als wichtiger Punkt auf der Kulturkarte Wiens aus und pr\u00e4sentiert Werke von K\u00fcnstlerinnen und K\u00fcnstlern aus Polen im europ\u00e4ischen und internationalen [&hellip;]\" \/>\n<meta property=\"og:url\" content=\"https:\/\/instytutpolski.pl\/wien\/uber-uns\/galerie\/\" \/>\n<meta property=\"og:site_name\" content=\"Instytut Polski w Wiedniu\" \/>\n<meta property=\"article:modified_time\" content=\"2026-03-11T12:33:42+00:00\" \/>\n<meta property=\"og:image\" content=\"https:\/\/instytutpolski.pl\/wien\/wp-content\/uploads\/sites\/2\/2020\/05\/20170123-_DSC4654.jpg\" \/>\n\t<meta property=\"og:image:width\" content=\"2022\" \/>\n\t<meta property=\"og:image:height\" content=\"1350\" \/>\n\t<meta property=\"og:image:type\" content=\"image\/jpeg\" \/>\n<meta name=\"twitter:card\" content=\"summary_large_image\" \/>\n<meta name=\"twitter:label1\" content=\"Szacowany czas czytania\" \/>\n\t<meta name=\"twitter:data1\" content=\"2 minuty\" \/>\n<script type=\"application\/ld+json\" class=\"yoast-schema-graph\">{\"@context\":\"https:\/\/schema.org\",\"@graph\":[{\"@type\":\"WebPage\",\"@id\":\"https:\/\/instytutpolski.pl\/wien\/uber-uns\/galerie\/\",\"url\":\"https:\/\/instytutpolski.pl\/wien\/uber-uns\/galerie\/\",\"name\":\"Galerie - Instytut Polski w Wiedniu\",\"isPartOf\":{\"@id\":\"https:\/\/instytutpolski.pl\/wien\/#website\"},\"primaryImageOfPage\":{\"@id\":\"https:\/\/instytutpolski.pl\/wien\/uber-uns\/galerie\/#primaryimage\"},\"image\":{\"@id\":\"https:\/\/instytutpolski.pl\/wien\/uber-uns\/galerie\/#primaryimage\"},\"thumbnailUrl\":\"https:\/\/instytutpolski.pl\/wien\/wp-content\/uploads\/sites\/2\/2020\/05\/20170123-_DSC4654.jpg\",\"datePublished\":\"2019-04-23T11:57:18+00:00\",\"dateModified\":\"2026-03-11T12:33:42+00:00\",\"breadcrumb\":{\"@id\":\"https:\/\/instytutpolski.pl\/wien\/uber-uns\/galerie\/#breadcrumb\"},\"inLanguage\":\"pl-PL\",\"potentialAction\":[{\"@type\":\"ReadAction\",\"target\":[\"https:\/\/instytutpolski.pl\/wien\/uber-uns\/galerie\/\"]}]},{\"@type\":\"ImageObject\",\"inLanguage\":\"pl-PL\",\"@id\":\"https:\/\/instytutpolski.pl\/wien\/uber-uns\/galerie\/#primaryimage\",\"url\":\"https:\/\/instytutpolski.pl\/wien\/wp-content\/uploads\/sites\/2\/2020\/05\/20170123-_DSC4654.jpg\",\"contentUrl\":\"https:\/\/instytutpolski.pl\/wien\/wp-content\/uploads\/sites\/2\/2020\/05\/20170123-_DSC4654.jpg\",\"width\":2022,\"height\":1350},{\"@type\":\"BreadcrumbList\",\"@id\":\"https:\/\/instytutpolski.pl\/wien\/uber-uns\/galerie\/#breadcrumb\",\"itemListElement\":[{\"@type\":\"ListItem\",\"position\":1,\"name\":\"Home\",\"item\":\"https:\/\/instytutpolski.pl\/wien\/pl\/\"},{\"@type\":\"ListItem\",\"position\":2,\"name\":\"\u00dcber uns\",\"item\":\"https:\/\/instytutpolski.pl\/wien\/uber-uns\/\"},{\"@type\":\"ListItem\",\"position\":3,\"name\":\"Galerie\"}]},{\"@type\":\"WebSite\",\"@id\":\"https:\/\/instytutpolski.pl\/wien\/#website\",\"url\":\"https:\/\/instytutpolski.pl\/wien\/\",\"name\":\"Instytut Polski w Wiedniu\",\"description\":\"Instytuty Polskie\",\"potentialAction\":[{\"@type\":\"SearchAction\",\"target\":{\"@type\":\"EntryPoint\",\"urlTemplate\":\"https:\/\/instytutpolski.pl\/wien\/?s={search_term_string}\"},\"query-input\":{\"@type\":\"PropertyValueSpecification\",\"valueRequired\":true,\"valueName\":\"search_term_string\"}}],\"inLanguage\":\"pl-PL\"}]}<\/script>\n<!-- \/ Yoast SEO plugin. -->","yoast_head_json":{"title":"Galerie - Instytut Polski w Wiedniu","robots":{"index":"index","follow":"follow","max-snippet":"max-snippet:-1","max-image-preview":"max-image-preview:large","max-video-preview":"max-video-preview:-1"},"canonical":"https:\/\/instytutpolski.pl\/wien\/uber-uns\/galerie\/","og_locale":"pl_PL","og_type":"article","og_title":"Galerie - Instytut Polski w Wiedniu","og_description":"Die Galerie des Polnischen Instituts Wien ist ein offener Raum f\u00fcr zeitgen\u00f6ssische Kunst, Fotografie und Design \u2013 ein Ort des Dialogs, des Experiments und des Gedankenaustauschs. Seit vielen Jahren baut sie konsequent ihre Position als wichtiger Punkt auf der Kulturkarte Wiens aus und pr\u00e4sentiert Werke von K\u00fcnstlerinnen und K\u00fcnstlern aus Polen im europ\u00e4ischen und internationalen [&hellip;]","og_url":"https:\/\/instytutpolski.pl\/wien\/uber-uns\/galerie\/","og_site_name":"Instytut Polski w Wiedniu","article_modified_time":"2026-03-11T12:33:42+00:00","og_image":[{"width":2022,"height":1350,"url":"https:\/\/instytutpolski.pl\/wien\/wp-content\/uploads\/sites\/2\/2020\/05\/20170123-_DSC4654.jpg","type":"image\/jpeg"}],"twitter_card":"summary_large_image","twitter_misc":{"Szacowany czas czytania":"2 minuty"},"schema":{"@context":"https:\/\/schema.org","@graph":[{"@type":"WebPage","@id":"https:\/\/instytutpolski.pl\/wien\/uber-uns\/galerie\/","url":"https:\/\/instytutpolski.pl\/wien\/uber-uns\/galerie\/","name":"Galerie - Instytut Polski w Wiedniu","isPartOf":{"@id":"https:\/\/instytutpolski.pl\/wien\/#website"},"primaryImageOfPage":{"@id":"https:\/\/instytutpolski.pl\/wien\/uber-uns\/galerie\/#primaryimage"},"image":{"@id":"https:\/\/instytutpolski.pl\/wien\/uber-uns\/galerie\/#primaryimage"},"thumbnailUrl":"https:\/\/instytutpolski.pl\/wien\/wp-content\/uploads\/sites\/2\/2020\/05\/20170123-_DSC4654.jpg","datePublished":"2019-04-23T11:57:18+00:00","dateModified":"2026-03-11T12:33:42+00:00","breadcrumb":{"@id":"https:\/\/instytutpolski.pl\/wien\/uber-uns\/galerie\/#breadcrumb"},"inLanguage":"pl-PL","potentialAction":[{"@type":"ReadAction","target":["https:\/\/instytutpolski.pl\/wien\/uber-uns\/galerie\/"]}]},{"@type":"ImageObject","inLanguage":"pl-PL","@id":"https:\/\/instytutpolski.pl\/wien\/uber-uns\/galerie\/#primaryimage","url":"https:\/\/instytutpolski.pl\/wien\/wp-content\/uploads\/sites\/2\/2020\/05\/20170123-_DSC4654.jpg","contentUrl":"https:\/\/instytutpolski.pl\/wien\/wp-content\/uploads\/sites\/2\/2020\/05\/20170123-_DSC4654.jpg","width":2022,"height":1350},{"@type":"BreadcrumbList","@id":"https:\/\/instytutpolski.pl\/wien\/uber-uns\/galerie\/#breadcrumb","itemListElement":[{"@type":"ListItem","position":1,"name":"Home","item":"https:\/\/instytutpolski.pl\/wien\/pl\/"},{"@type":"ListItem","position":2,"name":"\u00dcber uns","item":"https:\/\/instytutpolski.pl\/wien\/uber-uns\/"},{"@type":"ListItem","position":3,"name":"Galerie"}]},{"@type":"WebSite","@id":"https:\/\/instytutpolski.pl\/wien\/#website","url":"https:\/\/instytutpolski.pl\/wien\/","name":"Instytut Polski w Wiedniu","description":"Instytuty Polskie","potentialAction":[{"@type":"SearchAction","target":{"@type":"EntryPoint","urlTemplate":"https:\/\/instytutpolski.pl\/wien\/?s={search_term_string}"},"query-input":{"@type":"PropertyValueSpecification","valueRequired":true,"valueName":"search_term_string"}}],"inLanguage":"pl-PL"}]}},"_links":{"self":[{"href":"https:\/\/instytutpolski.pl\/wien\/wp-json\/wp\/v2\/pages\/32","targetHints":{"allow":["GET"]}}],"collection":[{"href":"https:\/\/instytutpolski.pl\/wien\/wp-json\/wp\/v2\/pages"}],"about":[{"href":"https:\/\/instytutpolski.pl\/wien\/wp-json\/wp\/v2\/types\/page"}],"author":[{"embeddable":true,"href":"https:\/\/instytutpolski.pl\/wien\/wp-json\/wp\/v2\/users\/1"}],"replies":[{"embeddable":true,"href":"https:\/\/instytutpolski.pl\/wien\/wp-json\/wp\/v2\/comments?post=32"}],"version-history":[{"count":25,"href":"https:\/\/instytutpolski.pl\/wien\/wp-json\/wp\/v2\/pages\/32\/revisions"}],"predecessor-version":[{"id":30050,"href":"https:\/\/instytutpolski.pl\/wien\/wp-json\/wp\/v2\/pages\/32\/revisions\/30050"}],"up":[{"embeddable":true,"href":"https:\/\/instytutpolski.pl\/wien\/wp-json\/wp\/v2\/pages\/19"}],"wp:featuredmedia":[{"embeddable":true,"href":"https:\/\/instytutpolski.pl\/wien\/wp-json\/wp\/v2\/media\/4168"}],"wp:attachment":[{"href":"https:\/\/instytutpolski.pl\/wien\/wp-json\/wp\/v2\/media?parent=32"}],"curies":[{"name":"wp","href":"https:\/\/api.w.org\/{rel}","templated":true}]}}