{"id":35,"date":"2019-04-23T13:59:53","date_gmt":"2019-04-23T11:59:53","guid":{"rendered":"https:\/\/instytutpolski.pl\/wieden\/?page_id=35"},"modified":"2019-05-22T14:54:53","modified_gmt":"2019-05-22T12:54:53","slug":"praktikum","status":"publish","type":"page","link":"https:\/\/instytutpolski.pl\/wien\/uber-uns\/praktikum\/","title":{"rendered":"Praktikum"},"content":{"rendered":"\n<div class=\"oneNews page_content\">\n<div class=\"editor_content\">\n<p class=\"praktic\"><strong>Praktikum f\u00fcr Studenten\/-innen<\/strong><\/p>\n<p class=\"praktic\">Das Polnische Institut Wien bietet Studenten\/-innen die M\u00f6glichkeit, unentgeltlich ein Studentenpraktikum (ein bis drei Monate) zu absolvieren. Die Organisation und die Regeln f\u00fcr Praktika finden Sie in der folgenden <a href=\"http:\/\/www.rekrutacja.msz.gov.pl\/Praktika,1875.html\" target=\"_blank\" rel=\"noopener noreferrer\">Verordnung<\/a>.<\/p>\n<p class=\"praktic\">Kandidaten\/-innen, die sich um ein Studentenpraktikum bewerben, m\u00fcssen folgende Bedingungen erf\u00fcllen:<\/p>\n<div class=\"praktic\">\n<ul>\n<li>die polnische Staatsangeh\u00f6rigkeit oder Staatsangeh\u00f6rigkeit eines anderen Mitgliedstaates der EU haben;<\/li>\n<\/ul>\n<\/div>\n<ul>\n<li>im letzten Jahr eines Studiums ersten Grades (Bachelorstudium), in einem der letzten drei Jahre eines Magisterstudiums,&nbsp;eines Studiums dritten Grades (Doktorandenstudium) oder eines Aufbaustudiums studieren;<\/li>\n<\/ul>\n<ul>\n<li>ein Fach unter Ber\u00fccksichtigung der Anforderungen des Ministeriums f\u00fcr ausw\u00e4rtige Angelegenheiten, im Besonderen des Polnischen Instituts Wien (z. B. Auslandsbeziehungen, Journalismus, Kulturmanagement, humanistische und k\u00fcnstlerische Fachrichtungen) studieren;<\/li>\n<\/ul>\n<ul>\n<li>bei der Bewerbung um ein Praktikum im Polnischen Institut Wien sind Sprachkenntnisse in Polnisch und in Deutsch erforderlich.<\/li>\n<\/ul>\n<p><strong>Erforderliche Dokumente<\/strong>:<\/p>\n<ol>\n<li>die Bewerbung ist auf einem entsprechenden <a href=\"http:\/\/www.msz.gov.pl\/pl\/ministerstwo\/praca_i_kariera\/praktyki\/formularze_dokumenty\" target=\"_blank\" rel=\"noopener noreferrer\">Bewerbungsformular<\/a> 45 Tage vor dem beabsichtigten Praktikumstermin an den Direktor des Polnischen Instituts Wien zu richten;<\/li>\n<li>eine Bescheinigung des Dekanats, ausgef\u00fcllt laut dem im entsprechenden Bewerbungsformular enthaltenen Muster;<\/li>\n<li>der Europass-Lebenslauf;<\/li>\n<li>eine Fotokopie des Personalausweises oder des Reisepasses mit Angaben zur Person und dem G\u00fcltigkeitsdatum;<\/li>\n<li>eine Erkl\u00e4rung laut <a href=\"http:\/\/www.msz.gov.pl\/resource\/7a102e97-cee1-4ff7-bc5f-436ed47108a3:JCR\" target=\"_blank\" rel=\"noopener noreferrer\">Muster<\/a> (S. 6-7), dass die Bedingungen bez\u00fcglich des Praktikums zur Kenntnis genommen wurden;<\/li>\n<li>eine Erkl\u00e4rung im Original \u00fcber einwandfreien Leumund (Unbescholtenheit) laut Muster (Anhang Nr. 2 der Verordnung).<\/li>\n<\/ol>\n<p>Die oben genannten Dokumente k\u00f6nnen per E-Mail an <a href=\"http:\/\/mce_host\/sekretariat.wien@instytutpolski.org\" target=\"_blank\" rel=\"noopener noreferrer\">sekretariat.wien@instytutpolski.org<\/a> eingereicht werden. Die Originale m\u00fcssen jedoch sp\u00e4testens am ersten Tag zu Beginn des Praktikums vorgelegt werden.<\/p>\n<p>Zus\u00e4tzlich ist der\/die Praktikant\/-in verpflichtet sp\u00e4testens am Tag des Praktikumsbeginns eine Originalbescheinigung \u00fcber Abschluss eines Unfallversicherungsvertrags (Versicherungen gegen Unfallfolgen) f\u00fcr den Zeitraum des Praktikums vorzulegen. Der Abschluss eines Versicherungsvertrags kann insbesondere mit einer Bescheinigung der Hochschule oder der Versicherungsgesellschaft, mit der European Youth Card (EURO<\/p>\n<p>Das Praktikum im Polnischen Institut Wien ist unentgeltlich. Es werden keine Kosten f\u00fcr Hin-und R\u00fcckfahrtkarten, f\u00fcr Verpflegung und Unterkunft, Kranken- und Unfallversicherung \u00fcbernommen.<\/p>\n<p>Alle weiteren Informationen befinden sich auf der Internetseite <a href=\"http:\/\/www.msz.gov.pl\/\" target=\"_blank\" rel=\"noopener noreferrer\">www.msz.gov.pl<\/a> unter \u201ePraca, kariera, praktyki&#8221; (\u201eBesch\u00e4ftigung, Kariere, Praktika&#8221;).<\/p>\n<\/div>\n<\/div>\n","protected":false},"excerpt":{"rendered":"<p>Praktikum f\u00fcr Studenten\/-innen Das Polnische Institut Wien bietet Studenten\/-innen die M\u00f6glichkeit, unentgeltlich ein Studentenpraktikum (ein bis drei Monate) zu absolvieren. Die Organisation und die Regeln f\u00fcr Praktika finden Sie in der folgenden Verordnung. Kandidaten\/-innen, die sich um ein Studentenpraktikum bewerben, m\u00fcssen folgende Bedingungen erf\u00fcllen: die polnische Staatsangeh\u00f6rigkeit oder Staatsangeh\u00f6rigkeit eines anderen Mitgliedstaates der EU haben; [&hellip;]<\/p>\n","protected":false},"author":1,"featured_media":146,"parent":19,"menu_order":0,"comment_status":"closed","ping_status":"closed","template":"","meta":{"inline_featured_image":false,"_monsterinsights_skip_tracking":false,"_monsterinsights_sitenote_active":false,"_monsterinsights_sitenote_note":"","_monsterinsights_sitenote_category":0,"footnotes":""},"class_list":["post-35","page","type-page","status-publish","has-post-thumbnail","hentry"],"yoast_head":"<!-- This site is optimized with the Yoast SEO plugin v24.6 - https:\/\/yoast.com\/wordpress\/plugins\/seo\/ -->\n<title>Praktikum - Instytut Polski w Wiedniu<\/title>\n<meta name=\"robots\" content=\"index, follow, max-snippet:-1, max-image-preview:large, max-video-preview:-1\" \/>\n<link rel=\"canonical\" href=\"https:\/\/instytutpolski.pl\/wien\/uber-uns\/praktikum\/\" \/>\n<meta property=\"og:locale\" content=\"pl_PL\" \/>\n<meta property=\"og:type\" content=\"article\" \/>\n<meta property=\"og:title\" content=\"Praktikum - Instytut Polski w Wiedniu\" \/>\n<meta property=\"og:description\" content=\"Praktikum f\u00fcr Studenten\/-innen Das Polnische Institut Wien bietet Studenten\/-innen die M\u00f6glichkeit, unentgeltlich ein Studentenpraktikum (ein bis drei Monate) zu absolvieren. Die Organisation und die Regeln f\u00fcr Praktika finden Sie in der folgenden Verordnung. Kandidaten\/-innen, die sich um ein Studentenpraktikum bewerben, m\u00fcssen folgende Bedingungen erf\u00fcllen: die polnische Staatsangeh\u00f6rigkeit oder Staatsangeh\u00f6rigkeit eines anderen Mitgliedstaates der EU haben; [&hellip;]\" \/>\n<meta property=\"og:url\" content=\"https:\/\/instytutpolski.pl\/wien\/uber-uns\/praktikum\/\" \/>\n<meta property=\"og:site_name\" content=\"Instytut Polski w Wiedniu\" \/>\n<meta property=\"article:modified_time\" content=\"2019-05-22T12:54:53+00:00\" \/>\n<meta property=\"og:image\" content=\"https:\/\/instytutpolski.pl\/wien\/wp-content\/uploads\/sites\/2\/2019\/05\/2811310649672_png608805.png\" \/>\n\t<meta property=\"og:image:width\" content=\"555\" \/>\n\t<meta property=\"og:image:height\" content=\"333\" \/>\n\t<meta property=\"og:image:type\" content=\"image\/png\" \/>\n<meta name=\"twitter:card\" content=\"summary_large_image\" \/>\n<meta name=\"twitter:label1\" content=\"Szacowany czas czytania\" \/>\n\t<meta name=\"twitter:data1\" content=\"2 minuty\" \/>\n<script type=\"application\/ld+json\" class=\"yoast-schema-graph\">{\"@context\":\"https:\/\/schema.org\",\"@graph\":[{\"@type\":\"WebPage\",\"@id\":\"https:\/\/instytutpolski.pl\/wien\/uber-uns\/praktikum\/\",\"url\":\"https:\/\/instytutpolski.pl\/wien\/uber-uns\/praktikum\/\",\"name\":\"Praktikum - Instytut Polski w Wiedniu\",\"isPartOf\":{\"@id\":\"https:\/\/instytutpolski.pl\/wien\/#website\"},\"primaryImageOfPage\":{\"@id\":\"https:\/\/instytutpolski.pl\/wien\/uber-uns\/praktikum\/#primaryimage\"},\"image\":{\"@id\":\"https:\/\/instytutpolski.pl\/wien\/uber-uns\/praktikum\/#primaryimage\"},\"thumbnailUrl\":\"https:\/\/instytutpolski.pl\/wien\/wp-content\/uploads\/sites\/2\/2019\/05\/2811310649672_png608805.png\",\"datePublished\":\"2019-04-23T11:59:53+00:00\",\"dateModified\":\"2019-05-22T12:54:53+00:00\",\"breadcrumb\":{\"@id\":\"https:\/\/instytutpolski.pl\/wien\/uber-uns\/praktikum\/#breadcrumb\"},\"inLanguage\":\"pl-PL\",\"potentialAction\":[{\"@type\":\"ReadAction\",\"target\":[\"https:\/\/instytutpolski.pl\/wien\/uber-uns\/praktikum\/\"]}]},{\"@type\":\"ImageObject\",\"inLanguage\":\"pl-PL\",\"@id\":\"https:\/\/instytutpolski.pl\/wien\/uber-uns\/praktikum\/#primaryimage\",\"url\":\"https:\/\/instytutpolski.pl\/wien\/wp-content\/uploads\/sites\/2\/2019\/05\/2811310649672_png608805.png\",\"contentUrl\":\"https:\/\/instytutpolski.pl\/wien\/wp-content\/uploads\/sites\/2\/2019\/05\/2811310649672_png608805.png\",\"width\":555,\"height\":333},{\"@type\":\"BreadcrumbList\",\"@id\":\"https:\/\/instytutpolski.pl\/wien\/uber-uns\/praktikum\/#breadcrumb\",\"itemListElement\":[{\"@type\":\"ListItem\",\"position\":1,\"name\":\"Home\",\"item\":\"https:\/\/instytutpolski.pl\/wien\/pl\/\"},{\"@type\":\"ListItem\",\"position\":2,\"name\":\"\u00dcber uns\",\"item\":\"https:\/\/instytutpolski.pl\/wien\/uber-uns\/\"},{\"@type\":\"ListItem\",\"position\":3,\"name\":\"Praktikum\"}]},{\"@type\":\"WebSite\",\"@id\":\"https:\/\/instytutpolski.pl\/wien\/#website\",\"url\":\"https:\/\/instytutpolski.pl\/wien\/\",\"name\":\"Instytut Polski w Wiedniu\",\"description\":\"Instytuty Polskie\",\"potentialAction\":[{\"@type\":\"SearchAction\",\"target\":{\"@type\":\"EntryPoint\",\"urlTemplate\":\"https:\/\/instytutpolski.pl\/wien\/?s={search_term_string}\"},\"query-input\":{\"@type\":\"PropertyValueSpecification\",\"valueRequired\":true,\"valueName\":\"search_term_string\"}}],\"inLanguage\":\"pl-PL\"}]}<\/script>\n<!-- \/ Yoast SEO plugin. -->","yoast_head_json":{"title":"Praktikum - Instytut Polski w Wiedniu","robots":{"index":"index","follow":"follow","max-snippet":"max-snippet:-1","max-image-preview":"max-image-preview:large","max-video-preview":"max-video-preview:-1"},"canonical":"https:\/\/instytutpolski.pl\/wien\/uber-uns\/praktikum\/","og_locale":"pl_PL","og_type":"article","og_title":"Praktikum - Instytut Polski w Wiedniu","og_description":"Praktikum f\u00fcr Studenten\/-innen Das Polnische Institut Wien bietet Studenten\/-innen die M\u00f6glichkeit, unentgeltlich ein Studentenpraktikum (ein bis drei Monate) zu absolvieren. Die Organisation und die Regeln f\u00fcr Praktika finden Sie in der folgenden Verordnung. Kandidaten\/-innen, die sich um ein Studentenpraktikum bewerben, m\u00fcssen folgende Bedingungen erf\u00fcllen: die polnische Staatsangeh\u00f6rigkeit oder Staatsangeh\u00f6rigkeit eines anderen Mitgliedstaates der EU haben; [&hellip;]","og_url":"https:\/\/instytutpolski.pl\/wien\/uber-uns\/praktikum\/","og_site_name":"Instytut Polski w Wiedniu","article_modified_time":"2019-05-22T12:54:53+00:00","og_image":[{"width":555,"height":333,"url":"https:\/\/instytutpolski.pl\/wien\/wp-content\/uploads\/sites\/2\/2019\/05\/2811310649672_png608805.png","type":"image\/png"}],"twitter_card":"summary_large_image","twitter_misc":{"Szacowany czas czytania":"2 minuty"},"schema":{"@context":"https:\/\/schema.org","@graph":[{"@type":"WebPage","@id":"https:\/\/instytutpolski.pl\/wien\/uber-uns\/praktikum\/","url":"https:\/\/instytutpolski.pl\/wien\/uber-uns\/praktikum\/","name":"Praktikum - Instytut Polski w Wiedniu","isPartOf":{"@id":"https:\/\/instytutpolski.pl\/wien\/#website"},"primaryImageOfPage":{"@id":"https:\/\/instytutpolski.pl\/wien\/uber-uns\/praktikum\/#primaryimage"},"image":{"@id":"https:\/\/instytutpolski.pl\/wien\/uber-uns\/praktikum\/#primaryimage"},"thumbnailUrl":"https:\/\/instytutpolski.pl\/wien\/wp-content\/uploads\/sites\/2\/2019\/05\/2811310649672_png608805.png","datePublished":"2019-04-23T11:59:53+00:00","dateModified":"2019-05-22T12:54:53+00:00","breadcrumb":{"@id":"https:\/\/instytutpolski.pl\/wien\/uber-uns\/praktikum\/#breadcrumb"},"inLanguage":"pl-PL","potentialAction":[{"@type":"ReadAction","target":["https:\/\/instytutpolski.pl\/wien\/uber-uns\/praktikum\/"]}]},{"@type":"ImageObject","inLanguage":"pl-PL","@id":"https:\/\/instytutpolski.pl\/wien\/uber-uns\/praktikum\/#primaryimage","url":"https:\/\/instytutpolski.pl\/wien\/wp-content\/uploads\/sites\/2\/2019\/05\/2811310649672_png608805.png","contentUrl":"https:\/\/instytutpolski.pl\/wien\/wp-content\/uploads\/sites\/2\/2019\/05\/2811310649672_png608805.png","width":555,"height":333},{"@type":"BreadcrumbList","@id":"https:\/\/instytutpolski.pl\/wien\/uber-uns\/praktikum\/#breadcrumb","itemListElement":[{"@type":"ListItem","position":1,"name":"Home","item":"https:\/\/instytutpolski.pl\/wien\/pl\/"},{"@type":"ListItem","position":2,"name":"\u00dcber uns","item":"https:\/\/instytutpolski.pl\/wien\/uber-uns\/"},{"@type":"ListItem","position":3,"name":"Praktikum"}]},{"@type":"WebSite","@id":"https:\/\/instytutpolski.pl\/wien\/#website","url":"https:\/\/instytutpolski.pl\/wien\/","name":"Instytut Polski w Wiedniu","description":"Instytuty Polskie","potentialAction":[{"@type":"SearchAction","target":{"@type":"EntryPoint","urlTemplate":"https:\/\/instytutpolski.pl\/wien\/?s={search_term_string}"},"query-input":{"@type":"PropertyValueSpecification","valueRequired":true,"valueName":"search_term_string"}}],"inLanguage":"pl-PL"}]}},"_links":{"self":[{"href":"https:\/\/instytutpolski.pl\/wien\/wp-json\/wp\/v2\/pages\/35","targetHints":{"allow":["GET"]}}],"collection":[{"href":"https:\/\/instytutpolski.pl\/wien\/wp-json\/wp\/v2\/pages"}],"about":[{"href":"https:\/\/instytutpolski.pl\/wien\/wp-json\/wp\/v2\/types\/page"}],"author":[{"embeddable":true,"href":"https:\/\/instytutpolski.pl\/wien\/wp-json\/wp\/v2\/users\/1"}],"replies":[{"embeddable":true,"href":"https:\/\/instytutpolski.pl\/wien\/wp-json\/wp\/v2\/comments?post=35"}],"version-history":[{"count":2,"href":"https:\/\/instytutpolski.pl\/wien\/wp-json\/wp\/v2\/pages\/35\/revisions"}],"predecessor-version":[{"id":398,"href":"https:\/\/instytutpolski.pl\/wien\/wp-json\/wp\/v2\/pages\/35\/revisions\/398"}],"up":[{"embeddable":true,"href":"https:\/\/instytutpolski.pl\/wien\/wp-json\/wp\/v2\/pages\/19"}],"wp:featuredmedia":[{"embeddable":true,"href":"https:\/\/instytutpolski.pl\/wien\/wp-json\/wp\/v2\/media\/146"}],"wp:attachment":[{"href":"https:\/\/instytutpolski.pl\/wien\/wp-json\/wp\/v2\/media?parent=35"}],"curies":[{"name":"wp","href":"https:\/\/api.w.org\/{rel}","templated":true}]}}