{"id":43,"date":"2019-04-24T13:33:05","date_gmt":"2019-04-24T11:33:05","guid":{"rendered":"https:\/\/instytutpolski.pl\/wieden\/?page_id=43"},"modified":"2025-02-26T15:31:04","modified_gmt":"2025-02-26T14:31:04","slug":"start","status":"publish","type":"page","link":"https:\/\/instytutpolski.pl\/wien\/","title":{"rendered":"Start"},"content":{"rendered":"","protected":false},"excerpt":{"rendered":"","protected":false},"author":1,"featured_media":0,"parent":0,"menu_order":0,"comment_status":"closed","ping_status":"closed","template":"template-homepage.php","meta":{"inline_featured_image":false,"_monsterinsights_skip_tracking":false,"_monsterinsights_sitenote_active":false,"_monsterinsights_sitenote_note":"","_monsterinsights_sitenote_category":0,"footnotes":""},"class_list":["post-43","page","type-page","status-publish","hentry"],"yoast_head":"<!-- This site is optimized with the Yoast SEO plugin v24.6 - https:\/\/yoast.com\/wordpress\/plugins\/seo\/ -->\n<title>Das Polnische Institut Wien<\/title>\n<meta name=\"description\" content=\"Das Polnische Institut Wien erf\u00fcllt die Aufgaben der polnischen \u00f6ffentlichen und kulturellen Diplomatie in \u00d6sterreich. Es vermittelt die reichhaltigen Facetten Polens, eines innovationsfreudigen, dynamischen und fortschrittlichen Landes im Herzen Europas und f\u00f6rdert den regen polnisch-\u00f6sterreichischen Austausch.\" \/>\n<meta name=\"robots\" content=\"index, follow, max-snippet:-1, max-image-preview:large, max-video-preview:-1\" \/>\n<link rel=\"canonical\" href=\"https:\/\/instytutpolski.pl\/wien\/\" \/>\n<meta property=\"og:locale\" content=\"pl_PL\" \/>\n<meta property=\"og:type\" content=\"article\" \/>\n<meta property=\"og:title\" content=\"Das Polnische Institut Wien\" \/>\n<meta property=\"og:description\" content=\"Das Polnische Institut Wien erf\u00fcllt die Aufgaben der polnischen \u00f6ffentlichen und kulturellen Diplomatie in \u00d6sterreich. Es vermittelt die reichhaltigen Facetten Polens, eines innovationsfreudigen, dynamischen und fortschrittlichen Landes im Herzen Europas und f\u00f6rdert den regen polnisch-\u00f6sterreichischen Austausch.\" \/>\n<meta property=\"og:url\" content=\"https:\/\/instytutpolski.pl\/wien\/\" \/>\n<meta property=\"og:site_name\" content=\"Instytut Polski w Wiedniu\" \/>\n<meta property=\"article:modified_time\" content=\"2025-02-26T14:31:04+00:00\" \/>\n<meta name=\"twitter:card\" content=\"summary_large_image\" \/>\n<script type=\"application\/ld+json\" class=\"yoast-schema-graph\">{\"@context\":\"https:\/\/schema.org\",\"@graph\":[{\"@type\":\"WebPage\",\"@id\":\"https:\/\/instytutpolski.pl\/wien\/\",\"url\":\"https:\/\/instytutpolski.pl\/wien\/\",\"name\":\"Das Polnische Institut Wien\",\"isPartOf\":{\"@id\":\"https:\/\/instytutpolski.pl\/wien\/#website\"},\"datePublished\":\"2019-04-24T11:33:05+00:00\",\"dateModified\":\"2025-02-26T14:31:04+00:00\",\"description\":\"Das Polnische Institut Wien erf\u00fcllt die Aufgaben der polnischen \u00f6ffentlichen und kulturellen Diplomatie in \u00d6sterreich. Es vermittelt die reichhaltigen Facetten Polens, eines innovationsfreudigen, dynamischen und fortschrittlichen Landes im Herzen Europas und f\u00f6rdert den regen polnisch-\u00f6sterreichischen Austausch.\",\"breadcrumb\":{\"@id\":\"https:\/\/instytutpolski.pl\/wien\/#breadcrumb\"},\"inLanguage\":\"pl-PL\",\"potentialAction\":[{\"@type\":\"ReadAction\",\"target\":[\"https:\/\/instytutpolski.pl\/wien\/\"]}]},{\"@type\":\"BreadcrumbList\",\"@id\":\"https:\/\/instytutpolski.pl\/wien\/#breadcrumb\",\"itemListElement\":[{\"@type\":\"ListItem\",\"position\":1,\"name\":\"Home\",\"item\":\"https:\/\/instytutpolski.pl\/wien\/pl\/\"},{\"@type\":\"ListItem\",\"position\":2,\"name\":\"Start\"}]},{\"@type\":\"WebSite\",\"@id\":\"https:\/\/instytutpolski.pl\/wien\/#website\",\"url\":\"https:\/\/instytutpolski.pl\/wien\/\",\"name\":\"Instytut Polski w Wiedniu\",\"description\":\"Instytuty Polskie\",\"potentialAction\":[{\"@type\":\"SearchAction\",\"target\":{\"@type\":\"EntryPoint\",\"urlTemplate\":\"https:\/\/instytutpolski.pl\/wien\/?s={search_term_string}\"},\"query-input\":{\"@type\":\"PropertyValueSpecification\",\"valueRequired\":true,\"valueName\":\"search_term_string\"}}],\"inLanguage\":\"pl-PL\"}]}<\/script>\n<!-- \/ Yoast SEO plugin. -->","yoast_head_json":{"title":"Das Polnische Institut Wien","description":"Das Polnische Institut Wien erf\u00fcllt die Aufgaben der polnischen \u00f6ffentlichen und kulturellen Diplomatie in \u00d6sterreich. Es vermittelt die reichhaltigen Facetten Polens, eines innovationsfreudigen, dynamischen und fortschrittlichen Landes im Herzen Europas und f\u00f6rdert den regen polnisch-\u00f6sterreichischen Austausch.","robots":{"index":"index","follow":"follow","max-snippet":"max-snippet:-1","max-image-preview":"max-image-preview:large","max-video-preview":"max-video-preview:-1"},"canonical":"https:\/\/instytutpolski.pl\/wien\/","og_locale":"pl_PL","og_type":"article","og_title":"Das Polnische Institut Wien","og_description":"Das Polnische Institut Wien erf\u00fcllt die Aufgaben der polnischen \u00f6ffentlichen und kulturellen Diplomatie in \u00d6sterreich. Es vermittelt die reichhaltigen Facetten Polens, eines innovationsfreudigen, dynamischen und fortschrittlichen Landes im Herzen Europas und f\u00f6rdert den regen polnisch-\u00f6sterreichischen Austausch.","og_url":"https:\/\/instytutpolski.pl\/wien\/","og_site_name":"Instytut Polski w Wiedniu","article_modified_time":"2025-02-26T14:31:04+00:00","twitter_card":"summary_large_image","schema":{"@context":"https:\/\/schema.org","@graph":[{"@type":"WebPage","@id":"https:\/\/instytutpolski.pl\/wien\/","url":"https:\/\/instytutpolski.pl\/wien\/","name":"Das Polnische Institut Wien","isPartOf":{"@id":"https:\/\/instytutpolski.pl\/wien\/#website"},"datePublished":"2019-04-24T11:33:05+00:00","dateModified":"2025-02-26T14:31:04+00:00","description":"Das Polnische Institut Wien erf\u00fcllt die Aufgaben der polnischen \u00f6ffentlichen und kulturellen Diplomatie in \u00d6sterreich. Es vermittelt die reichhaltigen Facetten Polens, eines innovationsfreudigen, dynamischen und fortschrittlichen Landes im Herzen Europas und f\u00f6rdert den regen polnisch-\u00f6sterreichischen Austausch.","breadcrumb":{"@id":"https:\/\/instytutpolski.pl\/wien\/#breadcrumb"},"inLanguage":"pl-PL","potentialAction":[{"@type":"ReadAction","target":["https:\/\/instytutpolski.pl\/wien\/"]}]},{"@type":"BreadcrumbList","@id":"https:\/\/instytutpolski.pl\/wien\/#breadcrumb","itemListElement":[{"@type":"ListItem","position":1,"name":"Home","item":"https:\/\/instytutpolski.pl\/wien\/pl\/"},{"@type":"ListItem","position":2,"name":"Start"}]},{"@type":"WebSite","@id":"https:\/\/instytutpolski.pl\/wien\/#website","url":"https:\/\/instytutpolski.pl\/wien\/","name":"Instytut Polski w Wiedniu","description":"Instytuty Polskie","potentialAction":[{"@type":"SearchAction","target":{"@type":"EntryPoint","urlTemplate":"https:\/\/instytutpolski.pl\/wien\/?s={search_term_string}"},"query-input":{"@type":"PropertyValueSpecification","valueRequired":true,"valueName":"search_term_string"}}],"inLanguage":"pl-PL"}]}},"_links":{"self":[{"href":"https:\/\/instytutpolski.pl\/wien\/wp-json\/wp\/v2\/pages\/43","targetHints":{"allow":["GET"]}}],"collection":[{"href":"https:\/\/instytutpolski.pl\/wien\/wp-json\/wp\/v2\/pages"}],"about":[{"href":"https:\/\/instytutpolski.pl\/wien\/wp-json\/wp\/v2\/types\/page"}],"author":[{"embeddable":true,"href":"https:\/\/instytutpolski.pl\/wien\/wp-json\/wp\/v2\/users\/1"}],"replies":[{"embeddable":true,"href":"https:\/\/instytutpolski.pl\/wien\/wp-json\/wp\/v2\/comments?post=43"}],"version-history":[{"count":3,"href":"https:\/\/instytutpolski.pl\/wien\/wp-json\/wp\/v2\/pages\/43\/revisions"}],"predecessor-version":[{"id":25345,"href":"https:\/\/instytutpolski.pl\/wien\/wp-json\/wp\/v2\/pages\/43\/revisions\/25345"}],"wp:attachment":[{"href":"https:\/\/instytutpolski.pl\/wien\/wp-json\/wp\/v2\/media?parent=43"}],"curies":[{"name":"wp","href":"https:\/\/api.w.org\/{rel}","templated":true}]}}