{"id":451,"date":"2019-05-23T10:08:54","date_gmt":"2019-05-23T08:08:54","guid":{"rendered":"https:\/\/instytutpolski.pl\/wieden\/?page_id=451"},"modified":"2019-06-25T08:43:57","modified_gmt":"2019-06-25T06:43:57","slug":"o-polsce","status":"publish","type":"page","link":"https:\/\/instytutpolski.pl\/wien\/pl\/poznaj-polske\/o-polsce\/","title":{"rendered":"O Polsce"},"content":{"rendered":"\n<h4>Informacje og\u00f3lne<\/h4>\n<table style=\"border-collapse: collapse; width: 100%;\">\n<tbody>\n<tr>\n<td style=\"width: 50%;\"><strong>Oficjalna nazwa:<\/strong><\/td>\n<td style=\"width: 50%;\">Rzeczpospolita Polska<\/td>\n<\/tr>\n<tr>\n<td style=\"width: 50%;\"><strong>Powierzchnia:<\/strong><\/td>\n<td style=\"width: 50%;\">312.683 km<sup>2<\/sup><\/td>\n<\/tr>\n<tr>\n<td style=\"width: 50%;\"><strong>Liczba ludno\u015bci:<\/strong><\/td>\n<td style=\"width: 50%;\">38,5 mln<\/td>\n<\/tr>\n<tr>\n<td style=\"width: 50%;\"><strong>Stolica:<\/strong><\/td>\n<td style=\"width: 50%;\">Warszawa (1,7 mln mieszka\u0144c\u00f3w)<\/td>\n<\/tr>\n<tr>\n<td style=\"width: 50%;\"><strong>Cz\u0142onkostwo u UE:<\/strong><\/td>\n<td style=\"width: 50%;\">1 maja 2004<\/td>\n<\/tr>\n<tr>\n<td style=\"width: 50%;\"><strong>Waluta:<\/strong><\/td>\n<td style=\"width: 50%;\">1 PLN (z\u0142oty) = 100 groszy<\/td>\n<\/tr>\n<tr>\n<td style=\"width: 50%;\"><strong>J\u0119zyk:<\/strong><\/td>\n<td style=\"width: 50%;\">polski<\/td>\n<\/tr>\n<tr>\n<td style=\"width: 50%;\"><strong>\u015awi\u0119to narodowe:<\/strong><\/td>\n<td style=\"width: 50%;\">3 maja \u2013 Dzie\u0144 Konstytucji (pierwsza polska konstytucja 1791)<br>11 listopada \u2013 \u015awi\u0119to Niepodleg\u0142o\u015bci (odzyskanie niepodleg\u0142o\u015bci 1918)<\/td>\n<\/tr>\n<\/tbody>\n<\/table>\n<p>&nbsp;<\/p>\n\n\n\n<div class=\"wp-block-columns has-2-columns is-layout-flex wp-container-core-columns-is-layout-1 wp-block-columns-is-layout-flex\">\n<div class=\"wp-block-column is-layout-flow wp-block-column-is-layout-flow\">\n<h4>God\u0142o<\/h4>\n<p><img loading=\"lazy\" decoding=\"async\" class=\"alignnone size-full wp-image-457\" src=\"https:\/\/instytutpolski.pl\/wieden\/wp-content\/uploads\/sites\/2\/2019\/05\/godlo-polski-pcv.jpg\" alt=\"\" width=\"160\" height=\"120\"><\/p>\n<p>&nbsp;<\/p>\n<\/div>\n\n\n\n<div class=\"wp-block-column is-layout-flow wp-block-column-is-layout-flow\">\n<h4>Flaga<\/h4>\n<p><img loading=\"lazy\" decoding=\"async\" class=\"img-flag alignnone wp-image-456 size-full\" src=\"https:\/\/instytutpolski.pl\/wieden\/wp-content\/uploads\/sites\/2\/2019\/05\/flaga_polski.png\" alt=\"\" width=\"190\" height=\"120\"><\/p>\n<\/div>\n<\/div>\n\n\n\n<h4>Hymn<\/h4>\n<div class=\"one_col first_col\">\n<p><strong>&#8222;Mazurek D\u0105browskiego&#8221;<\/strong><br><br><em>Jeszcze Polska nie zgin\u0119\u0142a,<br>Kiedy my \u017cyjemy. <br>Co nam obca przemoc wzi\u0119\u0142a, <br>Szabl\u0105 odbierzemy. <br><\/em><\/p>\n<p><em>Marsz, marsz D\u0105browski, <br>Z ziemi w\u0142oskiej do Polski. <br>Za twoim przewodem <br>Z\u0142\u0105czym si\u0119 z narodem. <br><\/em><\/p>\n<p><em>Przejdziem Wis\u0142\u0119, przejdziem Wart\u0119,<br>B\u0119dziem Polakami. <br>Da\u0142 nam przyk\u0142ad Bonaparte, <br>Jak zwyci\u0119\u017ca\u0107 mamy.<\/em><\/p>\n<\/div>\n<div class=\"one_col\">\n<p><em>Marsz, marsz &#8230; <br><\/em><\/p>\n<p><em>Jak Czarniecki do Poznania <br>Po szwedzkim zaborze, <br>Dla ojczyzny ratowania <br>Wr\u00f3cim si\u0119 przez morze. <br><\/em><\/p>\n<p><em>Marsz, marsz &#8230; <br><\/em><\/p>\n<p><em>Ju\u017c tam ojciec do swej Basi <br>M\u00f3wi zap\u0142akany &#8211; <br>S\u0142uchaj jeno, pono nasi <br>Bij\u0105 w tarabany.<br><\/em><\/p>\n<p><em>Marsz, marsz &#8230;<br><br><\/em> S\u0142owa: J\u00f3zef Wybicki (1797), autor melodii nieznany<\/p>\n<h4>Najwa\u017cniejsze instytucje pa\u0144stwowe:<\/h4>\n<table style=\"border-collapse: collapse; width: 100%; height: 69px;\">\n<tbody>\n<tr style=\"height: 23px;\">\n<td style=\"width: 50%; height: 23px;\"><strong>W\u0142adza ustawodawcza:<\/strong><\/td>\n<td style=\"width: 50%; height: 23px;\">Sejm Rzeczypospolitej Polskiej <br><a href=\"http:\/\/www.sejm.gov.pl\/\" target=\"_blank\" rel=\"noopener noreferrer\">www.sejm.gov.pl<\/a><br>Senat Rzeczypospolitej Polskiej<br><a href=\"http:\/\/www.senat.gov.pl\/\" target=\"_blank\" rel=\"noopener noreferrer\">www.senat.gov.pl<\/a><\/td>\n<\/tr>\n<tr style=\"height: 23px;\">\n<td style=\"width: 50%; height: 23px;\"><strong>W\u0142adza wykonawcza:<\/strong><\/td>\n<td style=\"width: 50%; height: 23px;\">Prezydent Rzeczypospolitej Polskiej <br><a href=\"http:\/\/www.prezydent.pl\/\" target=\"_blank\" rel=\"noopener noreferrer\">www.prezydent.pl<\/a><br>Kancelaria Prezesa Rady Ministr\u00f3w <br><a href=\"http:\/\/www.premier.gov.pl\/\" target=\"_blank\" rel=\"noopener noreferrer\">www.premier.gov.pl<\/a><\/td>\n<\/tr>\n<tr style=\"height: 23px;\">\n<td style=\"width: 50%; height: 23px;\"><strong>W\u0142adza s\u0105downicza:<\/strong><\/td>\n<td style=\"width: 50%; height: 23px;\">S\u0105d Najwy\u017cszy Rzeczypospolitej Polskiej<br><a href=\"http:\/\/www.sn.pl\/\" target=\"_blank\" rel=\"noopener noreferrer\">www.sn.pl<\/a><\/td>\n<\/tr>\n<\/tbody>\n<\/table>\n<\/div>\n<h4>&nbsp;<\/h4>\n<p><img loading=\"lazy\" decoding=\"async\" class=\"size-full wp-image-462 aligncenter\" src=\"https:\/\/instytutpolski.pl\/wieden\/wp-content\/uploads\/sites\/2\/2019\/05\/Polandpl_logo.jpg\" alt=\"\" width=\"115\" height=\"70\"><\/p>\n<h4>Portal <a href=\"http:\/\/www.poland.pl\" target=\"_blank\" rel=\"noopener noreferrer\">www.poland.pl<\/a><\/h4>\n<p>Oficjalny portal informacyjny o Polsce. Portal dost\u0119pny jest w wersji angielskiej.<\/p>\n<p>&nbsp;<\/p>\n<p><img loading=\"lazy\" decoding=\"async\" class=\"size-full wp-image-463 aligncenter\" src=\"https:\/\/instytutpolski.pl\/wieden\/wp-content\/uploads\/sites\/2\/2019\/05\/Polskie-Radio.jpg\" alt=\"\" width=\"220\" height=\"70\"><\/p>\n<h4>Radio Poland<\/h4>\n<p>Program Polskiego Radia adresowany do obcokrajowc\u00f3w oraz Polonii. W ramach dzia\u0142alno\u015bci rozg\u0142o\u015bni funkcjonuje redakcja niemiecka. Radio Poland informuje o wydarzeniach w Polsce, za\u0142o\u017ceniach polskiej polityki zagranicznej. Przekazuje wiadomo\u015bci na tematy gospodarcze, w tym biznesu i inwestycji zagranicznych.<\/p>\n<p><a href=\"http:\/\/www.radiozagranica.pl\" target=\"_blank\" rel=\"noopener noreferrer\">http:\/\/www.radiozagranica.pl<\/a><\/p>\n<p>&nbsp;<\/p>\n<p><img loading=\"lazy\" decoding=\"async\" class=\"size-full wp-image-464 aligncenter\" src=\"https:\/\/instytutpolski.pl\/wieden\/wp-content\/uploads\/sites\/2\/2019\/05\/pap-1.jpg\" alt=\"\" width=\"115\" height=\"70\"><\/p>\n<h4>Polska Agencja Prasowa<\/h4>\n<p>Pa\u0144stwowa agencja informacyjna w Polsce. Do jej zada\u0144 nale\u017cy uzyskiwanie i przekazywanie odbiorcom wszechstronnych informacji z kraju i z zagranicy.<\/p>\n<p><a href=\"http:\/\/www.pap.pl\" target=\"_blank\" rel=\"noopener noreferrer\">www.pap.pl<\/a><\/p>\n","protected":false},"excerpt":{"rendered":"<p>Informacje og\u00f3lne Oficjalna nazwa: Rzeczpospolita Polska Powierzchnia: 312.683 km2 Liczba ludno\u015bci: 38,5 mln Stolica: Warszawa (1,7 mln mieszka\u0144c\u00f3w) Cz\u0142onkostwo u UE: 1 maja 2004 Waluta: 1 PLN (z\u0142oty) = 100 groszy J\u0119zyk: polski \u015awi\u0119to narodowe: 3 maja \u2013 Dzie\u0144 Konstytucji (pierwsza polska konstytucja 1791)11 listopada \u2013 \u015awi\u0119to Niepodleg\u0142o\u015bci (odzyskanie niepodleg\u0142o\u015bci 1918) &nbsp; God\u0142o &nbsp; Flaga [&hellip;]<\/p>\n","protected":false},"author":1,"featured_media":712,"parent":782,"menu_order":0,"comment_status":"closed","ping_status":"closed","template":"","meta":{"inline_featured_image":false,"_monsterinsights_skip_tracking":false,"_monsterinsights_sitenote_active":false,"_monsterinsights_sitenote_note":"","_monsterinsights_sitenote_category":0,"footnotes":""},"class_list":["post-451","page","type-page","status-publish","has-post-thumbnail","hentry"],"yoast_head":"<!-- This site is optimized with the Yoast SEO plugin v24.6 - https:\/\/yoast.com\/wordpress\/plugins\/seo\/ -->\n<title>O Polsce - Instytut Polski w Wiedniu<\/title>\n<meta name=\"robots\" content=\"index, follow, max-snippet:-1, max-image-preview:large, max-video-preview:-1\" \/>\n<link rel=\"canonical\" href=\"https:\/\/instytutpolski.pl\/wien\/pl\/poznaj-polske\/o-polsce\/\" \/>\n<meta property=\"og:locale\" content=\"pl_PL\" \/>\n<meta property=\"og:type\" content=\"article\" \/>\n<meta property=\"og:title\" content=\"O Polsce - Instytut Polski w Wiedniu\" \/>\n<meta property=\"og:description\" content=\"Informacje og\u00f3lne Oficjalna nazwa: Rzeczpospolita Polska Powierzchnia: 312.683 km2 Liczba ludno\u015bci: 38,5 mln Stolica: Warszawa (1,7 mln mieszka\u0144c\u00f3w) Cz\u0142onkostwo u UE: 1 maja 2004 Waluta: 1 PLN (z\u0142oty) = 100 groszy J\u0119zyk: polski \u015awi\u0119to narodowe: 3 maja \u2013 Dzie\u0144 Konstytucji (pierwsza polska konstytucja 1791)11 listopada \u2013 \u015awi\u0119to Niepodleg\u0142o\u015bci (odzyskanie niepodleg\u0142o\u015bci 1918) &nbsp; God\u0142o &nbsp; Flaga [&hellip;]\" \/>\n<meta property=\"og:url\" content=\"https:\/\/instytutpolski.pl\/wien\/pl\/poznaj-polske\/o-polsce\/\" \/>\n<meta property=\"og:site_name\" content=\"Instytut Polski w Wiedniu\" \/>\n<meta property=\"article:modified_time\" content=\"2019-06-25T06:43:57+00:00\" \/>\n<meta property=\"og:image\" content=\"https:\/\/instytutpolski.pl\/wien\/wp-content\/uploads\/sites\/2\/2019\/06\/o-polsce.jpg\" \/>\n\t<meta property=\"og:image:width\" content=\"1920\" \/>\n\t<meta property=\"og:image:height\" content=\"700\" \/>\n\t<meta property=\"og:image:type\" content=\"image\/jpeg\" \/>\n<meta name=\"twitter:card\" content=\"summary_large_image\" \/>\n<meta name=\"twitter:label1\" content=\"Szacowany czas czytania\" \/>\n\t<meta name=\"twitter:data1\" content=\"2 minuty\" \/>\n<script type=\"application\/ld+json\" class=\"yoast-schema-graph\">{\"@context\":\"https:\/\/schema.org\",\"@graph\":[{\"@type\":\"WebPage\",\"@id\":\"https:\/\/instytutpolski.pl\/wien\/pl\/poznaj-polske\/o-polsce\/\",\"url\":\"https:\/\/instytutpolski.pl\/wien\/pl\/poznaj-polske\/o-polsce\/\",\"name\":\"O Polsce - Instytut Polski w Wiedniu\",\"isPartOf\":{\"@id\":\"https:\/\/instytutpolski.pl\/wien\/#website\"},\"primaryImageOfPage\":{\"@id\":\"https:\/\/instytutpolski.pl\/wien\/pl\/poznaj-polske\/o-polsce\/#primaryimage\"},\"image\":{\"@id\":\"https:\/\/instytutpolski.pl\/wien\/pl\/poznaj-polske\/o-polsce\/#primaryimage\"},\"thumbnailUrl\":\"https:\/\/instytutpolski.pl\/wien\/wp-content\/uploads\/sites\/2\/2019\/06\/o-polsce.jpg\",\"datePublished\":\"2019-05-23T08:08:54+00:00\",\"dateModified\":\"2019-06-25T06:43:57+00:00\",\"breadcrumb\":{\"@id\":\"https:\/\/instytutpolski.pl\/wien\/pl\/poznaj-polske\/o-polsce\/#breadcrumb\"},\"inLanguage\":\"pl-PL\",\"potentialAction\":[{\"@type\":\"ReadAction\",\"target\":[\"https:\/\/instytutpolski.pl\/wien\/pl\/poznaj-polske\/o-polsce\/\"]}]},{\"@type\":\"ImageObject\",\"inLanguage\":\"pl-PL\",\"@id\":\"https:\/\/instytutpolski.pl\/wien\/pl\/poznaj-polske\/o-polsce\/#primaryimage\",\"url\":\"https:\/\/instytutpolski.pl\/wien\/wp-content\/uploads\/sites\/2\/2019\/06\/o-polsce.jpg\",\"contentUrl\":\"https:\/\/instytutpolski.pl\/wien\/wp-content\/uploads\/sites\/2\/2019\/06\/o-polsce.jpg\",\"width\":1920,\"height\":700},{\"@type\":\"BreadcrumbList\",\"@id\":\"https:\/\/instytutpolski.pl\/wien\/pl\/poznaj-polske\/o-polsce\/#breadcrumb\",\"itemListElement\":[{\"@type\":\"ListItem\",\"position\":1,\"name\":\"Home\",\"item\":\"https:\/\/instytutpolski.pl\/wien\/pl\/\"},{\"@type\":\"ListItem\",\"position\":2,\"name\":\"Poznaj Polsk\u0119\",\"item\":\"https:\/\/instytutpolski.pl\/wien\/pl\/poznaj-polske\/\"},{\"@type\":\"ListItem\",\"position\":3,\"name\":\"O Polsce\"}]},{\"@type\":\"WebSite\",\"@id\":\"https:\/\/instytutpolski.pl\/wien\/#website\",\"url\":\"https:\/\/instytutpolski.pl\/wien\/\",\"name\":\"Instytut Polski w Wiedniu\",\"description\":\"Instytuty Polskie\",\"potentialAction\":[{\"@type\":\"SearchAction\",\"target\":{\"@type\":\"EntryPoint\",\"urlTemplate\":\"https:\/\/instytutpolski.pl\/wien\/?s={search_term_string}\"},\"query-input\":{\"@type\":\"PropertyValueSpecification\",\"valueRequired\":true,\"valueName\":\"search_term_string\"}}],\"inLanguage\":\"pl-PL\"}]}<\/script>\n<!-- \/ Yoast SEO plugin. -->","yoast_head_json":{"title":"O Polsce - Instytut Polski w Wiedniu","robots":{"index":"index","follow":"follow","max-snippet":"max-snippet:-1","max-image-preview":"max-image-preview:large","max-video-preview":"max-video-preview:-1"},"canonical":"https:\/\/instytutpolski.pl\/wien\/pl\/poznaj-polske\/o-polsce\/","og_locale":"pl_PL","og_type":"article","og_title":"O Polsce - Instytut Polski w Wiedniu","og_description":"Informacje og\u00f3lne Oficjalna nazwa: Rzeczpospolita Polska Powierzchnia: 312.683 km2 Liczba ludno\u015bci: 38,5 mln Stolica: Warszawa (1,7 mln mieszka\u0144c\u00f3w) Cz\u0142onkostwo u UE: 1 maja 2004 Waluta: 1 PLN (z\u0142oty) = 100 groszy J\u0119zyk: polski \u015awi\u0119to narodowe: 3 maja \u2013 Dzie\u0144 Konstytucji (pierwsza polska konstytucja 1791)11 listopada \u2013 \u015awi\u0119to Niepodleg\u0142o\u015bci (odzyskanie niepodleg\u0142o\u015bci 1918) &nbsp; God\u0142o &nbsp; Flaga [&hellip;]","og_url":"https:\/\/instytutpolski.pl\/wien\/pl\/poznaj-polske\/o-polsce\/","og_site_name":"Instytut Polski w Wiedniu","article_modified_time":"2019-06-25T06:43:57+00:00","og_image":[{"width":1920,"height":700,"url":"https:\/\/instytutpolski.pl\/wien\/wp-content\/uploads\/sites\/2\/2019\/06\/o-polsce.jpg","type":"image\/jpeg"}],"twitter_card":"summary_large_image","twitter_misc":{"Szacowany czas czytania":"2 minuty"},"schema":{"@context":"https:\/\/schema.org","@graph":[{"@type":"WebPage","@id":"https:\/\/instytutpolski.pl\/wien\/pl\/poznaj-polske\/o-polsce\/","url":"https:\/\/instytutpolski.pl\/wien\/pl\/poznaj-polske\/o-polsce\/","name":"O Polsce - Instytut Polski w Wiedniu","isPartOf":{"@id":"https:\/\/instytutpolski.pl\/wien\/#website"},"primaryImageOfPage":{"@id":"https:\/\/instytutpolski.pl\/wien\/pl\/poznaj-polske\/o-polsce\/#primaryimage"},"image":{"@id":"https:\/\/instytutpolski.pl\/wien\/pl\/poznaj-polske\/o-polsce\/#primaryimage"},"thumbnailUrl":"https:\/\/instytutpolski.pl\/wien\/wp-content\/uploads\/sites\/2\/2019\/06\/o-polsce.jpg","datePublished":"2019-05-23T08:08:54+00:00","dateModified":"2019-06-25T06:43:57+00:00","breadcrumb":{"@id":"https:\/\/instytutpolski.pl\/wien\/pl\/poznaj-polske\/o-polsce\/#breadcrumb"},"inLanguage":"pl-PL","potentialAction":[{"@type":"ReadAction","target":["https:\/\/instytutpolski.pl\/wien\/pl\/poznaj-polske\/o-polsce\/"]}]},{"@type":"ImageObject","inLanguage":"pl-PL","@id":"https:\/\/instytutpolski.pl\/wien\/pl\/poznaj-polske\/o-polsce\/#primaryimage","url":"https:\/\/instytutpolski.pl\/wien\/wp-content\/uploads\/sites\/2\/2019\/06\/o-polsce.jpg","contentUrl":"https:\/\/instytutpolski.pl\/wien\/wp-content\/uploads\/sites\/2\/2019\/06\/o-polsce.jpg","width":1920,"height":700},{"@type":"BreadcrumbList","@id":"https:\/\/instytutpolski.pl\/wien\/pl\/poznaj-polske\/o-polsce\/#breadcrumb","itemListElement":[{"@type":"ListItem","position":1,"name":"Home","item":"https:\/\/instytutpolski.pl\/wien\/pl\/"},{"@type":"ListItem","position":2,"name":"Poznaj Polsk\u0119","item":"https:\/\/instytutpolski.pl\/wien\/pl\/poznaj-polske\/"},{"@type":"ListItem","position":3,"name":"O Polsce"}]},{"@type":"WebSite","@id":"https:\/\/instytutpolski.pl\/wien\/#website","url":"https:\/\/instytutpolski.pl\/wien\/","name":"Instytut Polski w Wiedniu","description":"Instytuty Polskie","potentialAction":[{"@type":"SearchAction","target":{"@type":"EntryPoint","urlTemplate":"https:\/\/instytutpolski.pl\/wien\/?s={search_term_string}"},"query-input":{"@type":"PropertyValueSpecification","valueRequired":true,"valueName":"search_term_string"}}],"inLanguage":"pl-PL"}]}},"_links":{"self":[{"href":"https:\/\/instytutpolski.pl\/wien\/wp-json\/wp\/v2\/pages\/451","targetHints":{"allow":["GET"]}}],"collection":[{"href":"https:\/\/instytutpolski.pl\/wien\/wp-json\/wp\/v2\/pages"}],"about":[{"href":"https:\/\/instytutpolski.pl\/wien\/wp-json\/wp\/v2\/types\/page"}],"author":[{"embeddable":true,"href":"https:\/\/instytutpolski.pl\/wien\/wp-json\/wp\/v2\/users\/1"}],"replies":[{"embeddable":true,"href":"https:\/\/instytutpolski.pl\/wien\/wp-json\/wp\/v2\/comments?post=451"}],"version-history":[{"count":11,"href":"https:\/\/instytutpolski.pl\/wien\/wp-json\/wp\/v2\/pages\/451\/revisions"}],"predecessor-version":[{"id":739,"href":"https:\/\/instytutpolski.pl\/wien\/wp-json\/wp\/v2\/pages\/451\/revisions\/739"}],"up":[{"embeddable":true,"href":"https:\/\/instytutpolski.pl\/wien\/wp-json\/wp\/v2\/pages\/782"}],"wp:featuredmedia":[{"embeddable":true,"href":"https:\/\/instytutpolski.pl\/wien\/wp-json\/wp\/v2\/media\/712"}],"wp:attachment":[{"href":"https:\/\/instytutpolski.pl\/wien\/wp-json\/wp\/v2\/media?parent=451"}],"curies":[{"name":"wp","href":"https:\/\/api.w.org\/{rel}","templated":true}]}}