{"id":510,"date":"2019-05-23T13:54:59","date_gmt":"2019-05-23T11:54:59","guid":{"rendered":"https:\/\/instytutpolski.pl\/wieden\/?page_id=510"},"modified":"2020-07-17T14:45:20","modified_gmt":"2020-07-17T12:45:20","slug":"historia","status":"publish","type":"page","link":"https:\/\/instytutpolski.pl\/wien\/pl\/poznaj-polske\/o-polsce\/historia\/","title":{"rendered":"Historia"},"content":{"rendered":"\n<div class=\"wp-block-columns has-2-columns is-layout-flex wp-container-core-columns-is-layout-1 wp-block-columns-is-layout-flex\">\n<div class=\"wp-block-column is-layout-flow wp-block-column-is-layout-flow\">\n<div class=\"wp-block-image\"><figure class=\"aligncenter\"><img loading=\"lazy\" decoding=\"async\" width=\"225\" height=\"79\" src=\"https:\/\/instytutpolski.pl\/wieden\/wp-content\/uploads\/sites\/2\/2019\/05\/ipn_subpage.jpg\" alt=\"\" class=\"wp-image-511\" \/><\/figure><\/div>\n<\/div>\n\n\n\n<div class=\"wp-block-column is-layout-flow wp-block-column-is-layout-flow\">\n<p><strong><a href=\"http:\/\/www.ipn.gov.pl\/\" target=\"_blank\" rel=\"noopener noreferrer\">Instytut Pami\u0119ci Narodowej<\/a><\/strong><\/p>\n<p class=\"desc\">Instytut Pami\u0119ci Narodowej \u2013 Komisja \u015acigania Zbrodni przeciwko Narodowi Polskiemu, jest instytucj\u0105 naukow\u0105 o uprawnieniach \u015bledczych. G\u0142\u00f3wne zadania IPN to gromadzenie i zarz\u0105dzanie dokumentami organ\u00f3w bezpiecze\u0144stwa pa\u0144stwa, sporz\u0105dzonymi od 22 lipca 1944 do 31 grudnia 1989; \u015bciganie zbrodni nazistowskich i komunistycznych oraz prowadzenie szeroko rozumianej dzia\u0142alno\u015bci edukacyjnej i badawczej.<br>Portal dost\u0119pny jest w wersjach polskiej i angielskiej.<\/p>\n<\/div>\n<\/div>\n\n\n\n<div class=\"wp-block-columns has-2-columns is-layout-flex wp-container-core-columns-is-layout-2 wp-block-columns-is-layout-flex\">\n<div class=\"wp-block-column is-layout-flow wp-block-column-is-layout-flow\">\n<div class=\"wp-block-image\"><figure class=\"aligncenter\"><img loading=\"lazy\" decoding=\"async\" width=\"225\" height=\"126\" src=\"https:\/\/instytutpolski.pl\/wieden\/wp-content\/uploads\/sites\/2\/2019\/05\/ecs_subpage.jpg\" alt=\"\" class=\"wp-image-516\" \/><\/figure><\/div>\n<\/div>\n\n\n\n<div class=\"wp-block-column is-layout-flow wp-block-column-is-layout-flow\">\n<p><strong><a href=\"http:\/\/www.ecs.gda.pl\/\" target=\"_blank\" rel=\"noopener noreferrer\">Europejskie Centrum Solidarno\u015bci<\/a><\/strong><\/p>\n<p>Jest instytucj\u0105 \u0142\u0105cz\u0105c\u0105 dzia\u0142alno\u015b\u0107 naukow\u0105, kulturaln\u0105 i edukacyjn\u0105 z nowoczesn\u0105 plac\u00f3wk\u0105 muzealn\u0105 oraz archiwum dokumentuj\u0105cym dzia\u0142ania ruch\u00f3w demokratycznych i wolno\u015bciowych w najnowszej historii Polski i Europy.<br>Portal dost\u0119pny jest w wersjach polskiej, angielskiej, niemieckiej i rosyjskiej.<\/p>\n<\/div>\n<\/div>\n\n\n\n<div class=\"wp-block-columns has-2-columns is-layout-flex wp-container-core-columns-is-layout-3 wp-block-columns-is-layout-flex\">\n<div class=\"wp-block-column is-layout-flow wp-block-column-is-layout-flow\"><\/div>\n\n\n\n<div class=\"wp-block-column is-layout-flow wp-block-column-is-layout-flow\"><\/div>\n<\/div>\n\n\n\n<div class=\"wp-block-columns has-2-columns is-layout-flex wp-container-core-columns-is-layout-4 wp-block-columns-is-layout-flex\">\n<div class=\"wp-block-column is-layout-flow wp-block-column-is-layout-flow\">\n<div class=\"wp-block-image\"><figure class=\"aligncenter\"><img loading=\"lazy\" decoding=\"async\" width=\"225\" height=\"54\" src=\"https:\/\/instytutpolski.pl\/wieden\/wp-content\/uploads\/sites\/2\/2019\/05\/karta_subpage.jpg\" alt=\"\" class=\"wp-image-512\" \/><\/figure><\/div>\n<\/div>\n\n\n\n<div class=\"wp-block-column is-layout-flow wp-block-column-is-layout-flow\">\n<p><strong><a href=\"http:\/\/www.karta.org.pl\/\" target=\"_blank\" rel=\"noopener noreferrer\">O\u015brodek Karta<\/a><\/strong><\/p>\n<p>Ta niezale\u017cna organizacja pozarz\u0105dowa zajmuje si\u0119 dokumentowaniem i upowszechnianiem historii najnowszej Polski i Europy \u015arodkowo-Wschodniej (od pocz\u0105tk\u00f3w XX wieku do roku 1989) oraz szerzeniem tolerancji i demokracji.<br>Portal dost\u0119pny jest w wersji polskiej.<\/p>\n<\/div>\n<\/div>\n\n\n\n<div class=\"wp-block-columns has-2-columns is-layout-flex wp-container-core-columns-is-layout-5 wp-block-columns-is-layout-flex\">\n<div class=\"wp-block-column is-layout-flow wp-block-column-is-layout-flow\">\n<div class=\"wp-block-image\"><figure class=\"aligncenter\"><img loading=\"lazy\" decoding=\"async\" width=\"225\" height=\"178\" src=\"https:\/\/instytutpolski.pl\/wieden\/wp-content\/uploads\/sites\/2\/2019\/05\/logo_archiwa.jpg\" alt=\"\" class=\"wp-image-513\" \/><\/figure><\/div>\n<\/div>\n\n\n\n<div class=\"wp-block-column is-layout-flow wp-block-column-is-layout-flow\">\n<p><strong>Portal <\/strong><a href=\"http:\/\/www.archiwa.gov.pl\/\" target=\"_blank\" rel=\"noopener noreferrer\"><strong>www.archiwa.gov.pl<\/strong><\/a><\/p>\n<p>Portal zawieraj\u0105cy obszerne informacje o przesz\u0142o\u015bci Polski oraz baz\u0119 danych. Prezentuje r\u00f3wnie\u017c informacje na temat wystaw i publikacji naukowych.<br>Portal dost\u0119pny jest w wersjach polskiej i angielskiej.<\/p>\n<\/div>\n<\/div>\n\n\n\n<div class=\"wp-block-columns has-2-columns is-layout-flex wp-container-core-columns-is-layout-6 wp-block-columns-is-layout-flex\">\n<div class=\"wp-block-column is-layout-flow wp-block-column-is-layout-flow\">\n<div class=\"wp-block-image\"><figure class=\"aligncenter\"><img loading=\"lazy\" decoding=\"async\" width=\"225\" height=\"72\" src=\"https:\/\/instytutpolski.pl\/wieden\/wp-content\/uploads\/sites\/2\/2019\/05\/dzieje_logo.jpg\" alt=\"\" class=\"wp-image-515\" \/><\/figure><\/div>\n<\/div>\n\n\n\n<div class=\"wp-block-column is-layout-flow wp-block-column-is-layout-flow\">\n<p><strong>Portal <\/strong><a href=\"https:\/\/dzieje.pl\/\" target=\"_blank\" rel=\"noopener noreferrer\"><strong>www.dzieje.pl<\/strong><\/a><\/p>\n<p>Portal przedstawiaj\u0105cy bie\u017c\u0105ce informacje o polskiej historii i najnowszych badaniach nad ni\u0105, jak r\u00f3wnie\u017c obszerny dzia\u0142 dotycz\u0105cy Polski XX wieku.<br \/>Portal dost\u0119pny w wersji polskiej.<\/p>\n<\/div>\n<\/div>\n\n\n\n<div class=\"wp-block-columns has-2-columns is-layout-flex wp-container-core-columns-is-layout-7 wp-block-columns-is-layout-flex\">\n<div class=\"wp-block-column is-layout-flow wp-block-column-is-layout-flow\"><\/div>\n\n\n\n<div class=\"wp-block-column is-layout-flow wp-block-column-is-layout-flow\"><\/div>\n<\/div>\n","protected":false},"excerpt":{"rendered":"<p>Instytut Pami\u0119ci Narodowej Instytut Pami\u0119ci Narodowej \u2013 Komisja \u015acigania Zbrodni przeciwko Narodowi Polskiemu, jest instytucj\u0105 naukow\u0105 o uprawnieniach \u015bledczych. G\u0142\u00f3wne zadania IPN to gromadzenie i zarz\u0105dzanie dokumentami organ\u00f3w bezpiecze\u0144stwa pa\u0144stwa, sporz\u0105dzonymi od 22 lipca 1944 do 31 grudnia 1989; \u015bciganie zbrodni nazistowskich i komunistycznych oraz prowadzenie szeroko rozumianej dzia\u0142alno\u015bci edukacyjnej i badawczej.Portal dost\u0119pny jest w [&hellip;]<\/p>\n","protected":false},"author":1,"featured_media":824,"parent":451,"menu_order":0,"comment_status":"closed","ping_status":"closed","template":"","meta":{"inline_featured_image":false,"_monsterinsights_skip_tracking":false,"_monsterinsights_sitenote_active":false,"_monsterinsights_sitenote_note":"","_monsterinsights_sitenote_category":0,"footnotes":""},"class_list":["post-510","page","type-page","status-publish","has-post-thumbnail","hentry"],"yoast_head":"<!-- This site is optimized with the Yoast SEO plugin v24.6 - https:\/\/yoast.com\/wordpress\/plugins\/seo\/ -->\n<title>Historia - Instytut Polski w Wiedniu<\/title>\n<meta name=\"robots\" content=\"index, follow, max-snippet:-1, max-image-preview:large, max-video-preview:-1\" \/>\n<link rel=\"canonical\" href=\"https:\/\/instytutpolski.pl\/wien\/pl\/poznaj-polske\/o-polsce\/historia\/\" \/>\n<meta property=\"og:locale\" content=\"pl_PL\" \/>\n<meta property=\"og:type\" content=\"article\" \/>\n<meta property=\"og:title\" content=\"Historia - Instytut Polski w Wiedniu\" \/>\n<meta property=\"og:description\" content=\"Instytut Pami\u0119ci Narodowej Instytut Pami\u0119ci Narodowej \u2013 Komisja \u015acigania Zbrodni przeciwko Narodowi Polskiemu, jest instytucj\u0105 naukow\u0105 o uprawnieniach \u015bledczych. G\u0142\u00f3wne zadania IPN to gromadzenie i zarz\u0105dzanie dokumentami organ\u00f3w bezpiecze\u0144stwa pa\u0144stwa, sporz\u0105dzonymi od 22 lipca 1944 do 31 grudnia 1989; \u015bciganie zbrodni nazistowskich i komunistycznych oraz prowadzenie szeroko rozumianej dzia\u0142alno\u015bci edukacyjnej i badawczej.Portal dost\u0119pny jest w [&hellip;]\" \/>\n<meta property=\"og:url\" content=\"https:\/\/instytutpolski.pl\/wien\/pl\/poznaj-polske\/o-polsce\/historia\/\" \/>\n<meta property=\"og:site_name\" content=\"Instytut Polski w Wiedniu\" \/>\n<meta property=\"article:modified_time\" content=\"2020-07-17T12:45:20+00:00\" \/>\n<meta property=\"og:image\" content=\"https:\/\/instytutpolski.pl\/wien\/wp-content\/uploads\/sites\/2\/2019\/06\/polskie-uczelnie-1.jpg\" \/>\n\t<meta property=\"og:image:width\" content=\"1920\" \/>\n\t<meta property=\"og:image:height\" content=\"700\" \/>\n\t<meta property=\"og:image:type\" content=\"image\/jpeg\" \/>\n<meta name=\"twitter:card\" content=\"summary_large_image\" \/>\n<meta name=\"twitter:label1\" content=\"Szacowany czas czytania\" \/>\n\t<meta name=\"twitter:data1\" content=\"1 minuta\" \/>\n<script type=\"application\/ld+json\" class=\"yoast-schema-graph\">{\"@context\":\"https:\/\/schema.org\",\"@graph\":[{\"@type\":\"WebPage\",\"@id\":\"https:\/\/instytutpolski.pl\/wien\/pl\/poznaj-polske\/o-polsce\/historia\/\",\"url\":\"https:\/\/instytutpolski.pl\/wien\/pl\/poznaj-polske\/o-polsce\/historia\/\",\"name\":\"Historia - Instytut Polski w Wiedniu\",\"isPartOf\":{\"@id\":\"https:\/\/instytutpolski.pl\/wien\/#website\"},\"primaryImageOfPage\":{\"@id\":\"https:\/\/instytutpolski.pl\/wien\/pl\/poznaj-polske\/o-polsce\/historia\/#primaryimage\"},\"image\":{\"@id\":\"https:\/\/instytutpolski.pl\/wien\/pl\/poznaj-polske\/o-polsce\/historia\/#primaryimage\"},\"thumbnailUrl\":\"https:\/\/instytutpolski.pl\/wien\/wp-content\/uploads\/sites\/2\/2019\/06\/polskie-uczelnie-1.jpg\",\"datePublished\":\"2019-05-23T11:54:59+00:00\",\"dateModified\":\"2020-07-17T12:45:20+00:00\",\"breadcrumb\":{\"@id\":\"https:\/\/instytutpolski.pl\/wien\/pl\/poznaj-polske\/o-polsce\/historia\/#breadcrumb\"},\"inLanguage\":\"pl-PL\",\"potentialAction\":[{\"@type\":\"ReadAction\",\"target\":[\"https:\/\/instytutpolski.pl\/wien\/pl\/poznaj-polske\/o-polsce\/historia\/\"]}]},{\"@type\":\"ImageObject\",\"inLanguage\":\"pl-PL\",\"@id\":\"https:\/\/instytutpolski.pl\/wien\/pl\/poznaj-polske\/o-polsce\/historia\/#primaryimage\",\"url\":\"https:\/\/instytutpolski.pl\/wien\/wp-content\/uploads\/sites\/2\/2019\/06\/polskie-uczelnie-1.jpg\",\"contentUrl\":\"https:\/\/instytutpolski.pl\/wien\/wp-content\/uploads\/sites\/2\/2019\/06\/polskie-uczelnie-1.jpg\",\"width\":1920,\"height\":700},{\"@type\":\"BreadcrumbList\",\"@id\":\"https:\/\/instytutpolski.pl\/wien\/pl\/poznaj-polske\/o-polsce\/historia\/#breadcrumb\",\"itemListElement\":[{\"@type\":\"ListItem\",\"position\":1,\"name\":\"Home\",\"item\":\"https:\/\/instytutpolski.pl\/wien\/pl\/\"},{\"@type\":\"ListItem\",\"position\":2,\"name\":\"Poznaj Polsk\u0119\",\"item\":\"https:\/\/instytutpolski.pl\/wien\/pl\/poznaj-polske\/\"},{\"@type\":\"ListItem\",\"position\":3,\"name\":\"O Polsce\",\"item\":\"https:\/\/instytutpolski.pl\/wien\/pl\/poznaj-polske\/o-polsce\/\"},{\"@type\":\"ListItem\",\"position\":4,\"name\":\"Historia\"}]},{\"@type\":\"WebSite\",\"@id\":\"https:\/\/instytutpolski.pl\/wien\/#website\",\"url\":\"https:\/\/instytutpolski.pl\/wien\/\",\"name\":\"Instytut Polski w Wiedniu\",\"description\":\"Instytuty Polskie\",\"potentialAction\":[{\"@type\":\"SearchAction\",\"target\":{\"@type\":\"EntryPoint\",\"urlTemplate\":\"https:\/\/instytutpolski.pl\/wien\/?s={search_term_string}\"},\"query-input\":{\"@type\":\"PropertyValueSpecification\",\"valueRequired\":true,\"valueName\":\"search_term_string\"}}],\"inLanguage\":\"pl-PL\"}]}<\/script>\n<!-- \/ Yoast SEO plugin. -->","yoast_head_json":{"title":"Historia - Instytut Polski w Wiedniu","robots":{"index":"index","follow":"follow","max-snippet":"max-snippet:-1","max-image-preview":"max-image-preview:large","max-video-preview":"max-video-preview:-1"},"canonical":"https:\/\/instytutpolski.pl\/wien\/pl\/poznaj-polske\/o-polsce\/historia\/","og_locale":"pl_PL","og_type":"article","og_title":"Historia - Instytut Polski w Wiedniu","og_description":"Instytut Pami\u0119ci Narodowej Instytut Pami\u0119ci Narodowej \u2013 Komisja \u015acigania Zbrodni przeciwko Narodowi Polskiemu, jest instytucj\u0105 naukow\u0105 o uprawnieniach \u015bledczych. G\u0142\u00f3wne zadania IPN to gromadzenie i zarz\u0105dzanie dokumentami organ\u00f3w bezpiecze\u0144stwa pa\u0144stwa, sporz\u0105dzonymi od 22 lipca 1944 do 31 grudnia 1989; \u015bciganie zbrodni nazistowskich i komunistycznych oraz prowadzenie szeroko rozumianej dzia\u0142alno\u015bci edukacyjnej i badawczej.Portal dost\u0119pny jest w [&hellip;]","og_url":"https:\/\/instytutpolski.pl\/wien\/pl\/poznaj-polske\/o-polsce\/historia\/","og_site_name":"Instytut Polski w Wiedniu","article_modified_time":"2020-07-17T12:45:20+00:00","og_image":[{"width":1920,"height":700,"url":"https:\/\/instytutpolski.pl\/wien\/wp-content\/uploads\/sites\/2\/2019\/06\/polskie-uczelnie-1.jpg","type":"image\/jpeg"}],"twitter_card":"summary_large_image","twitter_misc":{"Szacowany czas czytania":"1 minuta"},"schema":{"@context":"https:\/\/schema.org","@graph":[{"@type":"WebPage","@id":"https:\/\/instytutpolski.pl\/wien\/pl\/poznaj-polske\/o-polsce\/historia\/","url":"https:\/\/instytutpolski.pl\/wien\/pl\/poznaj-polske\/o-polsce\/historia\/","name":"Historia - Instytut Polski w Wiedniu","isPartOf":{"@id":"https:\/\/instytutpolski.pl\/wien\/#website"},"primaryImageOfPage":{"@id":"https:\/\/instytutpolski.pl\/wien\/pl\/poznaj-polske\/o-polsce\/historia\/#primaryimage"},"image":{"@id":"https:\/\/instytutpolski.pl\/wien\/pl\/poznaj-polske\/o-polsce\/historia\/#primaryimage"},"thumbnailUrl":"https:\/\/instytutpolski.pl\/wien\/wp-content\/uploads\/sites\/2\/2019\/06\/polskie-uczelnie-1.jpg","datePublished":"2019-05-23T11:54:59+00:00","dateModified":"2020-07-17T12:45:20+00:00","breadcrumb":{"@id":"https:\/\/instytutpolski.pl\/wien\/pl\/poznaj-polske\/o-polsce\/historia\/#breadcrumb"},"inLanguage":"pl-PL","potentialAction":[{"@type":"ReadAction","target":["https:\/\/instytutpolski.pl\/wien\/pl\/poznaj-polske\/o-polsce\/historia\/"]}]},{"@type":"ImageObject","inLanguage":"pl-PL","@id":"https:\/\/instytutpolski.pl\/wien\/pl\/poznaj-polske\/o-polsce\/historia\/#primaryimage","url":"https:\/\/instytutpolski.pl\/wien\/wp-content\/uploads\/sites\/2\/2019\/06\/polskie-uczelnie-1.jpg","contentUrl":"https:\/\/instytutpolski.pl\/wien\/wp-content\/uploads\/sites\/2\/2019\/06\/polskie-uczelnie-1.jpg","width":1920,"height":700},{"@type":"BreadcrumbList","@id":"https:\/\/instytutpolski.pl\/wien\/pl\/poznaj-polske\/o-polsce\/historia\/#breadcrumb","itemListElement":[{"@type":"ListItem","position":1,"name":"Home","item":"https:\/\/instytutpolski.pl\/wien\/pl\/"},{"@type":"ListItem","position":2,"name":"Poznaj Polsk\u0119","item":"https:\/\/instytutpolski.pl\/wien\/pl\/poznaj-polske\/"},{"@type":"ListItem","position":3,"name":"O Polsce","item":"https:\/\/instytutpolski.pl\/wien\/pl\/poznaj-polske\/o-polsce\/"},{"@type":"ListItem","position":4,"name":"Historia"}]},{"@type":"WebSite","@id":"https:\/\/instytutpolski.pl\/wien\/#website","url":"https:\/\/instytutpolski.pl\/wien\/","name":"Instytut Polski w Wiedniu","description":"Instytuty Polskie","potentialAction":[{"@type":"SearchAction","target":{"@type":"EntryPoint","urlTemplate":"https:\/\/instytutpolski.pl\/wien\/?s={search_term_string}"},"query-input":{"@type":"PropertyValueSpecification","valueRequired":true,"valueName":"search_term_string"}}],"inLanguage":"pl-PL"}]}},"_links":{"self":[{"href":"https:\/\/instytutpolski.pl\/wien\/wp-json\/wp\/v2\/pages\/510","targetHints":{"allow":["GET"]}}],"collection":[{"href":"https:\/\/instytutpolski.pl\/wien\/wp-json\/wp\/v2\/pages"}],"about":[{"href":"https:\/\/instytutpolski.pl\/wien\/wp-json\/wp\/v2\/types\/page"}],"author":[{"embeddable":true,"href":"https:\/\/instytutpolski.pl\/wien\/wp-json\/wp\/v2\/users\/1"}],"replies":[{"embeddable":true,"href":"https:\/\/instytutpolski.pl\/wien\/wp-json\/wp\/v2\/comments?post=510"}],"version-history":[{"count":7,"href":"https:\/\/instytutpolski.pl\/wien\/wp-json\/wp\/v2\/pages\/510\/revisions"}],"predecessor-version":[{"id":4932,"href":"https:\/\/instytutpolski.pl\/wien\/wp-json\/wp\/v2\/pages\/510\/revisions\/4932"}],"up":[{"embeddable":true,"href":"https:\/\/instytutpolski.pl\/wien\/wp-json\/wp\/v2\/pages\/451"}],"wp:featuredmedia":[{"embeddable":true,"href":"https:\/\/instytutpolski.pl\/wien\/wp-json\/wp\/v2\/media\/824"}],"wp:attachment":[{"href":"https:\/\/instytutpolski.pl\/wien\/wp-json\/wp\/v2\/media?parent=510"}],"curies":[{"name":"wp","href":"https:\/\/api.w.org\/{rel}","templated":true}]}}