{"id":521,"date":"2019-05-23T14:34:07","date_gmt":"2019-05-23T12:34:07","guid":{"rendered":"https:\/\/instytutpolski.pl\/wieden\/?page_id=521"},"modified":"2019-05-23T14:34:07","modified_gmt":"2019-05-23T12:34:07","slug":"przedstawicielstwa","status":"publish","type":"page","link":"https:\/\/instytutpolski.pl\/wien\/pl\/poznaj-polske\/o-polsce\/przedstawicielstwa\/","title":{"rendered":"Przedstawicielstwa"},"content":{"rendered":"\n<p><strong>Ambasada RP w Austrii<\/strong><br \/>Hietzinger Hauptstra\u00dfe 42c, 1130 Wiede\u0144<br \/>Tel.: +43 1\u00a0870 15 100<br \/>E-mail: <a href=\"mailto:wieden.amb.sekretariat@msz.gov.pl\">wieden.amb.sekretariat@msz.gov.pl<\/a><br \/><a title=\"www.msz.gov.pl\" href=\"http:\/\/www.wieden.msz.gov.pl\" target=\"_blank\" rel=\"noopener noreferrer\">www.wieden.msz.gov.pl<\/a><\/p>\n<p><strong>Wydzia\u0142 Konsularny Ambasady RP w Austrii<\/strong><br \/>Auhofstrasse 19 B, 1130 Wiede\u0144<br \/>Tel.: +43 1 870 15-0, 87015-100<br \/>E-mail: <a href=\"mailto:wieden.amb.wk@msz.gov.pl\">wieden.amb.wk@msz.gov.pl<\/a><br \/><a title=\"www.wieden.msz.gov.pl\" href=\"http:\/\/www.wieden.msz.gov.pl\" target=\"_blank\" rel=\"noopener noreferrer\">www.wieden.msz.gov.pl<\/a><\/p>\n<p><strong>Sta\u0142e Przedstawicielstwo RP przy Biurze Narod\u00f3w Zjednoczonych<br \/>i organizacjach mi\u0119dzynarodowych w Wiedniu<\/strong><br \/>Hietzinger Hauptstra\u00dfe 42c, 1130 Wiede\u0144<br \/>Tel.: +43 1 870 15-804, 870 15-816<br \/>E-mail: <a href=\"mailto:un.vienna@msz.gov.pl\">un.vienna@msz.gov.pl<\/a><br \/><a title=\"www.wiedenonz.msz.gov.pl\" href=\"http:\/\/www.wiedenonz.msz.gov.pl\/\" target=\"_blank\" rel=\"noopener noreferrer\">www.wiedenonz.msz.gov.pl<\/a><\/p>\n<p><strong>Wydzia\u0142 Promocji Handlu i Inwestycji<\/strong><br \/>Titlgasse 15, 1130 Wiede\u0144<br \/>Tel.: +43 1 877 63 42, 877 73 12, 877 63 43<br \/>E-Mail: <a href=\"mailto:wien@trade.gov.pl\">wien@trade.gov.pl<\/a><br \/><a href=\"http:\/\/www.wien.trade.gov.pl\/\">www.wien.trade.gov.pl<\/a><\/p>\n<p><strong>Polski O\u015brodek Informacji Turystycznej<\/strong><br \/>Fleschgasse 34\/2a, 1130 Wiede\u0144<br \/>Tel.: +43 1 524 71 91<br \/>E-mail: <a href=\"mailto:wien@pot.gov.pl\">wien@pot.gov.pl<\/a><br \/><a href=\"http:\/\/www.polen.travel\/\">www.polen.travel<\/a><\/p>\n<p><strong>Stacja Naukowa PAN w Wiedniu<\/strong><br \/>Boerhaavegasse 25, 1030 Wiede\u0144<br \/>Tel.: +43 1 713 59 29<br \/>E-mail: <a href=\"mailto:office@viennapan.org\">office@viennapan.org<\/a><br \/><a href=\"http:\/\/www.viennapan.org\/\">www.viennapan.org<\/a><\/p>\n","protected":false},"excerpt":{"rendered":"<p>Ambasada RP w AustriiHietzinger Hauptstra\u00dfe 42c, 1130 Wiede\u0144Tel.: +43 1\u00a0870 15 100E-mail: wieden.amb.sekretariat@msz.gov.plwww.wieden.msz.gov.pl Wydzia\u0142 Konsularny Ambasady RP w AustriiAuhofstrasse 19 B, 1130 Wiede\u0144Tel.: +43 1 870 15-0, 87015-100E-mail: wieden.amb.wk@msz.gov.plwww.wieden.msz.gov.pl Sta\u0142e Przedstawicielstwo RP przy Biurze Narod\u00f3w Zjednoczonychi organizacjach mi\u0119dzynarodowych w WiedniuHietzinger Hauptstra\u00dfe 42c, 1130 Wiede\u0144Tel.: +43 1 870 15-804, 870 15-816E-mail: un.vienna@msz.gov.plwww.wiedenonz.msz.gov.pl Wydzia\u0142 Promocji Handlu i [&hellip;]<\/p>\n","protected":false},"author":1,"featured_media":0,"parent":451,"menu_order":0,"comment_status":"closed","ping_status":"closed","template":"","meta":{"inline_featured_image":false,"_monsterinsights_skip_tracking":false,"_monsterinsights_sitenote_active":false,"_monsterinsights_sitenote_note":"","_monsterinsights_sitenote_category":0,"footnotes":""},"class_list":["post-521","page","type-page","status-publish","hentry"],"yoast_head":"<!-- This site is optimized with the Yoast SEO plugin v24.6 - https:\/\/yoast.com\/wordpress\/plugins\/seo\/ -->\n<title>Przedstawicielstwa - Instytut Polski w Wiedniu<\/title>\n<meta name=\"robots\" content=\"index, follow, max-snippet:-1, max-image-preview:large, max-video-preview:-1\" \/>\n<link rel=\"canonical\" href=\"https:\/\/instytutpolski.pl\/wien\/pl\/poznaj-polske\/o-polsce\/przedstawicielstwa\/\" \/>\n<meta property=\"og:locale\" content=\"pl_PL\" \/>\n<meta property=\"og:type\" content=\"article\" \/>\n<meta property=\"og:title\" content=\"Przedstawicielstwa - Instytut Polski w Wiedniu\" \/>\n<meta property=\"og:description\" content=\"Ambasada RP w AustriiHietzinger Hauptstra\u00dfe 42c, 1130 Wiede\u0144Tel.: +43 1\u00a0870 15 100E-mail: wieden.amb.sekretariat@msz.gov.plwww.wieden.msz.gov.pl Wydzia\u0142 Konsularny Ambasady RP w AustriiAuhofstrasse 19 B, 1130 Wiede\u0144Tel.: +43 1 870 15-0, 87015-100E-mail: wieden.amb.wk@msz.gov.plwww.wieden.msz.gov.pl Sta\u0142e Przedstawicielstwo RP przy Biurze Narod\u00f3w Zjednoczonychi organizacjach mi\u0119dzynarodowych w WiedniuHietzinger Hauptstra\u00dfe 42c, 1130 Wiede\u0144Tel.: +43 1 870 15-804, 870 15-816E-mail: un.vienna@msz.gov.plwww.wiedenonz.msz.gov.pl Wydzia\u0142 Promocji Handlu i [&hellip;]\" \/>\n<meta property=\"og:url\" content=\"https:\/\/instytutpolski.pl\/wien\/pl\/poznaj-polske\/o-polsce\/przedstawicielstwa\/\" \/>\n<meta property=\"og:site_name\" content=\"Instytut Polski w Wiedniu\" \/>\n<meta name=\"twitter:card\" content=\"summary_large_image\" \/>\n<meta name=\"twitter:label1\" content=\"Szacowany czas czytania\" \/>\n\t<meta name=\"twitter:data1\" content=\"1 minuta\" \/>\n<script type=\"application\/ld+json\" class=\"yoast-schema-graph\">{\"@context\":\"https:\/\/schema.org\",\"@graph\":[{\"@type\":\"WebPage\",\"@id\":\"https:\/\/instytutpolski.pl\/wien\/pl\/poznaj-polske\/o-polsce\/przedstawicielstwa\/\",\"url\":\"https:\/\/instytutpolski.pl\/wien\/pl\/poznaj-polske\/o-polsce\/przedstawicielstwa\/\",\"name\":\"Przedstawicielstwa - Instytut Polski w Wiedniu\",\"isPartOf\":{\"@id\":\"https:\/\/instytutpolski.pl\/wien\/#website\"},\"datePublished\":\"2019-05-23T12:34:07+00:00\",\"breadcrumb\":{\"@id\":\"https:\/\/instytutpolski.pl\/wien\/pl\/poznaj-polske\/o-polsce\/przedstawicielstwa\/#breadcrumb\"},\"inLanguage\":\"pl-PL\",\"potentialAction\":[{\"@type\":\"ReadAction\",\"target\":[\"https:\/\/instytutpolski.pl\/wien\/pl\/poznaj-polske\/o-polsce\/przedstawicielstwa\/\"]}]},{\"@type\":\"BreadcrumbList\",\"@id\":\"https:\/\/instytutpolski.pl\/wien\/pl\/poznaj-polske\/o-polsce\/przedstawicielstwa\/#breadcrumb\",\"itemListElement\":[{\"@type\":\"ListItem\",\"position\":1,\"name\":\"Home\",\"item\":\"https:\/\/instytutpolski.pl\/wien\/pl\/\"},{\"@type\":\"ListItem\",\"position\":2,\"name\":\"Poznaj Polsk\u0119\",\"item\":\"https:\/\/instytutpolski.pl\/wien\/pl\/poznaj-polske\/\"},{\"@type\":\"ListItem\",\"position\":3,\"name\":\"O Polsce\",\"item\":\"https:\/\/instytutpolski.pl\/wien\/pl\/poznaj-polske\/o-polsce\/\"},{\"@type\":\"ListItem\",\"position\":4,\"name\":\"Przedstawicielstwa\"}]},{\"@type\":\"WebSite\",\"@id\":\"https:\/\/instytutpolski.pl\/wien\/#website\",\"url\":\"https:\/\/instytutpolski.pl\/wien\/\",\"name\":\"Instytut Polski w Wiedniu\",\"description\":\"Instytuty Polskie\",\"potentialAction\":[{\"@type\":\"SearchAction\",\"target\":{\"@type\":\"EntryPoint\",\"urlTemplate\":\"https:\/\/instytutpolski.pl\/wien\/?s={search_term_string}\"},\"query-input\":{\"@type\":\"PropertyValueSpecification\",\"valueRequired\":true,\"valueName\":\"search_term_string\"}}],\"inLanguage\":\"pl-PL\"}]}<\/script>\n<!-- \/ Yoast SEO plugin. -->","yoast_head_json":{"title":"Przedstawicielstwa - Instytut Polski w Wiedniu","robots":{"index":"index","follow":"follow","max-snippet":"max-snippet:-1","max-image-preview":"max-image-preview:large","max-video-preview":"max-video-preview:-1"},"canonical":"https:\/\/instytutpolski.pl\/wien\/pl\/poznaj-polske\/o-polsce\/przedstawicielstwa\/","og_locale":"pl_PL","og_type":"article","og_title":"Przedstawicielstwa - Instytut Polski w Wiedniu","og_description":"Ambasada RP w AustriiHietzinger Hauptstra\u00dfe 42c, 1130 Wiede\u0144Tel.: +43 1\u00a0870 15 100E-mail: wieden.amb.sekretariat@msz.gov.plwww.wieden.msz.gov.pl Wydzia\u0142 Konsularny Ambasady RP w AustriiAuhofstrasse 19 B, 1130 Wiede\u0144Tel.: +43 1 870 15-0, 87015-100E-mail: wieden.amb.wk@msz.gov.plwww.wieden.msz.gov.pl Sta\u0142e Przedstawicielstwo RP przy Biurze Narod\u00f3w Zjednoczonychi organizacjach mi\u0119dzynarodowych w WiedniuHietzinger Hauptstra\u00dfe 42c, 1130 Wiede\u0144Tel.: +43 1 870 15-804, 870 15-816E-mail: un.vienna@msz.gov.plwww.wiedenonz.msz.gov.pl Wydzia\u0142 Promocji Handlu i [&hellip;]","og_url":"https:\/\/instytutpolski.pl\/wien\/pl\/poznaj-polske\/o-polsce\/przedstawicielstwa\/","og_site_name":"Instytut Polski w Wiedniu","twitter_card":"summary_large_image","twitter_misc":{"Szacowany czas czytania":"1 minuta"},"schema":{"@context":"https:\/\/schema.org","@graph":[{"@type":"WebPage","@id":"https:\/\/instytutpolski.pl\/wien\/pl\/poznaj-polske\/o-polsce\/przedstawicielstwa\/","url":"https:\/\/instytutpolski.pl\/wien\/pl\/poznaj-polske\/o-polsce\/przedstawicielstwa\/","name":"Przedstawicielstwa - Instytut Polski w Wiedniu","isPartOf":{"@id":"https:\/\/instytutpolski.pl\/wien\/#website"},"datePublished":"2019-05-23T12:34:07+00:00","breadcrumb":{"@id":"https:\/\/instytutpolski.pl\/wien\/pl\/poznaj-polske\/o-polsce\/przedstawicielstwa\/#breadcrumb"},"inLanguage":"pl-PL","potentialAction":[{"@type":"ReadAction","target":["https:\/\/instytutpolski.pl\/wien\/pl\/poznaj-polske\/o-polsce\/przedstawicielstwa\/"]}]},{"@type":"BreadcrumbList","@id":"https:\/\/instytutpolski.pl\/wien\/pl\/poznaj-polske\/o-polsce\/przedstawicielstwa\/#breadcrumb","itemListElement":[{"@type":"ListItem","position":1,"name":"Home","item":"https:\/\/instytutpolski.pl\/wien\/pl\/"},{"@type":"ListItem","position":2,"name":"Poznaj Polsk\u0119","item":"https:\/\/instytutpolski.pl\/wien\/pl\/poznaj-polske\/"},{"@type":"ListItem","position":3,"name":"O Polsce","item":"https:\/\/instytutpolski.pl\/wien\/pl\/poznaj-polske\/o-polsce\/"},{"@type":"ListItem","position":4,"name":"Przedstawicielstwa"}]},{"@type":"WebSite","@id":"https:\/\/instytutpolski.pl\/wien\/#website","url":"https:\/\/instytutpolski.pl\/wien\/","name":"Instytut Polski w Wiedniu","description":"Instytuty Polskie","potentialAction":[{"@type":"SearchAction","target":{"@type":"EntryPoint","urlTemplate":"https:\/\/instytutpolski.pl\/wien\/?s={search_term_string}"},"query-input":{"@type":"PropertyValueSpecification","valueRequired":true,"valueName":"search_term_string"}}],"inLanguage":"pl-PL"}]}},"_links":{"self":[{"href":"https:\/\/instytutpolski.pl\/wien\/wp-json\/wp\/v2\/pages\/521","targetHints":{"allow":["GET"]}}],"collection":[{"href":"https:\/\/instytutpolski.pl\/wien\/wp-json\/wp\/v2\/pages"}],"about":[{"href":"https:\/\/instytutpolski.pl\/wien\/wp-json\/wp\/v2\/types\/page"}],"author":[{"embeddable":true,"href":"https:\/\/instytutpolski.pl\/wien\/wp-json\/wp\/v2\/users\/1"}],"replies":[{"embeddable":true,"href":"https:\/\/instytutpolski.pl\/wien\/wp-json\/wp\/v2\/comments?post=521"}],"version-history":[{"count":2,"href":"https:\/\/instytutpolski.pl\/wien\/wp-json\/wp\/v2\/pages\/521\/revisions"}],"predecessor-version":[{"id":523,"href":"https:\/\/instytutpolski.pl\/wien\/wp-json\/wp\/v2\/pages\/521\/revisions\/523"}],"up":[{"embeddable":true,"href":"https:\/\/instytutpolski.pl\/wien\/wp-json\/wp\/v2\/pages\/451"}],"wp:attachment":[{"href":"https:\/\/instytutpolski.pl\/wien\/wp-json\/wp\/v2\/media?parent=521"}],"curies":[{"name":"wp","href":"https:\/\/api.w.org\/{rel}","templated":true}]}}