{"id":5282,"date":"2020-09-08T14:17:16","date_gmt":"2020-09-08T12:17:16","guid":{"rendered":"https:\/\/instytutpolski.pl\/wien\/?page_id=5282"},"modified":"2020-09-09T15:17:34","modified_gmt":"2020-09-09T13:17:34","slug":"covid-19","status":"publish","type":"page","link":"https:\/\/instytutpolski.pl\/wien\/covid-19\/","title":{"rendered":"COVID-19"},"content":{"rendered":"\n<p>Liebe BesucherInnen!<\/p>\n<p>Die Sicherheit unserer G\u00e4ste und MitarbeiterInnen hat f\u00fcr uns die oberste Priorit\u00e4t. Bitte halten Sie folgende Regeln ein, um sich und andere nicht zu gef\u00e4hrden:<\/p>\n<p>Anmeldung \/ Registrierung<\/p>\n<p>\u00b7 Anmeldung zu den Veranstaltungen des Polnischen Instituts ist erforderlich und erfolgt ausschlie\u00dflich per E-Mail (event.wien@instytutpolski.org, bitte in Betreff \u201eAnmeldung\u201c + Datum der Veranstaltung anzugeben).<\/p>\n<p>\u00b7 Wir bitten Sie, bei Anmeldung Ihre Kontaktdaten und Kontaktdaten Ihrer Begleitung anzugeben (Vor- und Nachname, E-Mail).<\/p>\n<p>Einlass<\/p>\n<p>\u00b7 Kommen Sie nur, wenn Sie gesund sind.<\/p>\n<p>\u00b7 Einlass beginnt 30 Minuten vor der Veranstaltung und endet 15 Minuten nach ihrer Beginn.<\/p>\n<p>\u00b7 Bitte bringen Sie das ausgef\u00fcllte Kontaktformular mit. Die G\u00e4steliste wird beim Eingang kontrolliert.<\/p>\n<p>\u00b7 Bitte halten Sie einen Mindestabstand von 1-1,5 Metern zu anderen Menschen ein. Das gilt auch f\u00fcr den Aufenthalt in den Eingangs- und Ausgangsbereichen, im Foyer, im Aufzug und in den Toiletten.<\/p>\n<p>\u00b7 Es besteht die Pflicht zum Tragen eines Mund-Nasen-Schutzes. Wir bitten Sie, diese mitzubringen und aufzubehalten, bis Sie Ihren Platz eingenommen haben. In der Galerie des Instituts besteht die Mund-Nasen-Schutz-Pflicht w\u00e4hrend des ganzen Aufenthalts.<\/p>\n<p>\u00b7 Bitte desinfizieren Sie Ihre H\u00e4nde. Desinfektionsmittelspender befinden sich an<\/p>\n<p>allen Eing\u00e4ngen.<\/p>\n<p>\u00b7 Die Aufz\u00fcge k\u00f6nnen jeweils von 2 Personen ben\u00fctzt werden.<\/p>\n<p>\u00b7 Bitte minimieren Sie pers\u00f6nliche Kontakte.<\/p>\n<p>W\u00e4hrend der Veranstaltung \/ in der Pause<\/p>\n<p>\u00b7 Sobald Sie Ihren Sitzplatz eingenommen haben, k\u00f6nnen Sie den Mund-Nasen-Schutz abnehmen.<\/p>\n<p>\u00b7 Bitte setzen Sie Ihren Mund-Nasen-Schutz auf, wenn Sie w\u00e4hrend der Veranstaltung zur Toilette gehen oder die Pause zum Flanieren in Ihrem zugewiesenen Bereich n\u00fctzen wollen.<\/p>\n<p>Nach der Veranstaltung<\/p>\n<p>Bitte setzen Sie den Mund-Nasen-Schutz auf, sobald Sie Ihren Sitzplatz verlassen. Damit es zu keinen unerw\u00fcnschten Staus kommt, laden wir Sie ein, noch ein wenig in unserem Zuschauerraum zu verweilen und die Veranstaltung nachklingen zu lassen.<\/p>\n<p>Wir z\u00e4hlen auf Sie!<\/p>\n<p>\u00a0<\/p>\n\n\n\n<div class=\"wp-block-file\"><a href=\"https:\/\/instytutpolski.pl\/wien\/wp-content\/uploads\/sites\/2\/2020\/09\/Kontakdatenblatt_Besucher-1.pdf\">Kontaktformular<\/a><a href=\"https:\/\/instytutpolski.pl\/wien\/wp-content\/uploads\/sites\/2\/2020\/09\/Kontakdatenblatt_Besucher-1.pdf\" class=\"wp-block-file__button\" download>Download<\/a><\/div>\n\n\n","protected":false},"excerpt":{"rendered":"<p>Liebe BesucherInnen! Die Sicherheit unserer G\u00e4ste und MitarbeiterInnen hat f\u00fcr uns die oberste Priorit\u00e4t. Bitte halten Sie folgende Regeln ein, um sich und andere nicht zu gef\u00e4hrden: Anmeldung \/ Registrierung \u00b7 Anmeldung zu den Veranstaltungen des Polnischen Instituts ist erforderlich und erfolgt ausschlie\u00dflich per E-Mail (event.wien@instytutpolski.org, bitte in Betreff \u201eAnmeldung\u201c + Datum der Veranstaltung anzugeben). [&hellip;]<\/p>\n","protected":false},"author":85,"featured_media":1939,"parent":0,"menu_order":0,"comment_status":"closed","ping_status":"closed","template":"","meta":{"inline_featured_image":false,"_monsterinsights_skip_tracking":false,"_monsterinsights_sitenote_active":false,"_monsterinsights_sitenote_note":"","_monsterinsights_sitenote_category":0,"footnotes":""},"class_list":["post-5282","page","type-page","status-publish","has-post-thumbnail","hentry"],"yoast_head":"<!-- This site is optimized with the Yoast SEO plugin v24.6 - https:\/\/yoast.com\/wordpress\/plugins\/seo\/ -->\n<title>COVID-19 - Instytut Polski w Wiedniu<\/title>\n<meta name=\"robots\" content=\"index, follow, max-snippet:-1, max-image-preview:large, max-video-preview:-1\" \/>\n<link rel=\"canonical\" href=\"https:\/\/instytutpolski.pl\/wien\/covid-19\/\" \/>\n<meta property=\"og:locale\" content=\"pl_PL\" \/>\n<meta property=\"og:type\" content=\"article\" \/>\n<meta property=\"og:title\" content=\"COVID-19 - Instytut Polski w Wiedniu\" \/>\n<meta property=\"og:description\" content=\"Liebe BesucherInnen! Die Sicherheit unserer G\u00e4ste und MitarbeiterInnen hat f\u00fcr uns die oberste Priorit\u00e4t. Bitte halten Sie folgende Regeln ein, um sich und andere nicht zu gef\u00e4hrden: Anmeldung \/ Registrierung \u00b7 Anmeldung zu den Veranstaltungen des Polnischen Instituts ist erforderlich und erfolgt ausschlie\u00dflich per E-Mail (event.wien@instytutpolski.org, bitte in Betreff \u201eAnmeldung\u201c + Datum der Veranstaltung anzugeben). [&hellip;]\" \/>\n<meta property=\"og:url\" content=\"https:\/\/instytutpolski.pl\/wien\/covid-19\/\" \/>\n<meta property=\"og:site_name\" content=\"Instytut Polski w Wiedniu\" \/>\n<meta property=\"article:modified_time\" content=\"2020-09-09T13:17:34+00:00\" \/>\n<meta property=\"og:image\" content=\"https:\/\/instytutpolski.pl\/wien\/wp-content\/uploads\/sites\/2\/2020\/01\/mniejszy.jpg\" \/>\n\t<meta property=\"og:image:width\" content=\"1748\" \/>\n\t<meta property=\"og:image:height\" content=\"1141\" \/>\n\t<meta property=\"og:image:type\" content=\"image\/jpeg\" \/>\n<meta name=\"twitter:card\" content=\"summary_large_image\" \/>\n<meta name=\"twitter:label1\" content=\"Szacowany czas czytania\" \/>\n\t<meta name=\"twitter:data1\" content=\"1 minuta\" \/>\n<script type=\"application\/ld+json\" class=\"yoast-schema-graph\">{\"@context\":\"https:\/\/schema.org\",\"@graph\":[{\"@type\":\"WebPage\",\"@id\":\"https:\/\/instytutpolski.pl\/wien\/covid-19\/\",\"url\":\"https:\/\/instytutpolski.pl\/wien\/covid-19\/\",\"name\":\"COVID-19 - Instytut Polski w Wiedniu\",\"isPartOf\":{\"@id\":\"https:\/\/instytutpolski.pl\/wien\/#website\"},\"primaryImageOfPage\":{\"@id\":\"https:\/\/instytutpolski.pl\/wien\/covid-19\/#primaryimage\"},\"image\":{\"@id\":\"https:\/\/instytutpolski.pl\/wien\/covid-19\/#primaryimage\"},\"thumbnailUrl\":\"https:\/\/instytutpolski.pl\/wien\/wp-content\/uploads\/sites\/2\/2020\/01\/mniejszy.jpg\",\"datePublished\":\"2020-09-08T12:17:16+00:00\",\"dateModified\":\"2020-09-09T13:17:34+00:00\",\"breadcrumb\":{\"@id\":\"https:\/\/instytutpolski.pl\/wien\/covid-19\/#breadcrumb\"},\"inLanguage\":\"pl-PL\",\"potentialAction\":[{\"@type\":\"ReadAction\",\"target\":[\"https:\/\/instytutpolski.pl\/wien\/covid-19\/\"]}]},{\"@type\":\"ImageObject\",\"inLanguage\":\"pl-PL\",\"@id\":\"https:\/\/instytutpolski.pl\/wien\/covid-19\/#primaryimage\",\"url\":\"https:\/\/instytutpolski.pl\/wien\/wp-content\/uploads\/sites\/2\/2020\/01\/mniejszy.jpg\",\"contentUrl\":\"https:\/\/instytutpolski.pl\/wien\/wp-content\/uploads\/sites\/2\/2020\/01\/mniejszy.jpg\",\"width\":1748,\"height\":1141,\"caption\":\"\u00a9 Pixabay\"},{\"@type\":\"BreadcrumbList\",\"@id\":\"https:\/\/instytutpolski.pl\/wien\/covid-19\/#breadcrumb\",\"itemListElement\":[{\"@type\":\"ListItem\",\"position\":1,\"name\":\"Home\",\"item\":\"https:\/\/instytutpolski.pl\/wien\/pl\/\"},{\"@type\":\"ListItem\",\"position\":2,\"name\":\"COVID-19\"}]},{\"@type\":\"WebSite\",\"@id\":\"https:\/\/instytutpolski.pl\/wien\/#website\",\"url\":\"https:\/\/instytutpolski.pl\/wien\/\",\"name\":\"Instytut Polski w Wiedniu\",\"description\":\"Instytuty Polskie\",\"potentialAction\":[{\"@type\":\"SearchAction\",\"target\":{\"@type\":\"EntryPoint\",\"urlTemplate\":\"https:\/\/instytutpolski.pl\/wien\/?s={search_term_string}\"},\"query-input\":{\"@type\":\"PropertyValueSpecification\",\"valueRequired\":true,\"valueName\":\"search_term_string\"}}],\"inLanguage\":\"pl-PL\"}]}<\/script>\n<!-- \/ Yoast SEO plugin. -->","yoast_head_json":{"title":"COVID-19 - Instytut Polski w Wiedniu","robots":{"index":"index","follow":"follow","max-snippet":"max-snippet:-1","max-image-preview":"max-image-preview:large","max-video-preview":"max-video-preview:-1"},"canonical":"https:\/\/instytutpolski.pl\/wien\/covid-19\/","og_locale":"pl_PL","og_type":"article","og_title":"COVID-19 - Instytut Polski w Wiedniu","og_description":"Liebe BesucherInnen! Die Sicherheit unserer G\u00e4ste und MitarbeiterInnen hat f\u00fcr uns die oberste Priorit\u00e4t. Bitte halten Sie folgende Regeln ein, um sich und andere nicht zu gef\u00e4hrden: Anmeldung \/ Registrierung \u00b7 Anmeldung zu den Veranstaltungen des Polnischen Instituts ist erforderlich und erfolgt ausschlie\u00dflich per E-Mail (event.wien@instytutpolski.org, bitte in Betreff \u201eAnmeldung\u201c + Datum der Veranstaltung anzugeben). [&hellip;]","og_url":"https:\/\/instytutpolski.pl\/wien\/covid-19\/","og_site_name":"Instytut Polski w Wiedniu","article_modified_time":"2020-09-09T13:17:34+00:00","og_image":[{"width":1748,"height":1141,"url":"https:\/\/instytutpolski.pl\/wien\/wp-content\/uploads\/sites\/2\/2020\/01\/mniejszy.jpg","type":"image\/jpeg"}],"twitter_card":"summary_large_image","twitter_misc":{"Szacowany czas czytania":"1 minuta"},"schema":{"@context":"https:\/\/schema.org","@graph":[{"@type":"WebPage","@id":"https:\/\/instytutpolski.pl\/wien\/covid-19\/","url":"https:\/\/instytutpolski.pl\/wien\/covid-19\/","name":"COVID-19 - Instytut Polski w Wiedniu","isPartOf":{"@id":"https:\/\/instytutpolski.pl\/wien\/#website"},"primaryImageOfPage":{"@id":"https:\/\/instytutpolski.pl\/wien\/covid-19\/#primaryimage"},"image":{"@id":"https:\/\/instytutpolski.pl\/wien\/covid-19\/#primaryimage"},"thumbnailUrl":"https:\/\/instytutpolski.pl\/wien\/wp-content\/uploads\/sites\/2\/2020\/01\/mniejszy.jpg","datePublished":"2020-09-08T12:17:16+00:00","dateModified":"2020-09-09T13:17:34+00:00","breadcrumb":{"@id":"https:\/\/instytutpolski.pl\/wien\/covid-19\/#breadcrumb"},"inLanguage":"pl-PL","potentialAction":[{"@type":"ReadAction","target":["https:\/\/instytutpolski.pl\/wien\/covid-19\/"]}]},{"@type":"ImageObject","inLanguage":"pl-PL","@id":"https:\/\/instytutpolski.pl\/wien\/covid-19\/#primaryimage","url":"https:\/\/instytutpolski.pl\/wien\/wp-content\/uploads\/sites\/2\/2020\/01\/mniejszy.jpg","contentUrl":"https:\/\/instytutpolski.pl\/wien\/wp-content\/uploads\/sites\/2\/2020\/01\/mniejszy.jpg","width":1748,"height":1141,"caption":"\u00a9 Pixabay"},{"@type":"BreadcrumbList","@id":"https:\/\/instytutpolski.pl\/wien\/covid-19\/#breadcrumb","itemListElement":[{"@type":"ListItem","position":1,"name":"Home","item":"https:\/\/instytutpolski.pl\/wien\/pl\/"},{"@type":"ListItem","position":2,"name":"COVID-19"}]},{"@type":"WebSite","@id":"https:\/\/instytutpolski.pl\/wien\/#website","url":"https:\/\/instytutpolski.pl\/wien\/","name":"Instytut Polski w Wiedniu","description":"Instytuty Polskie","potentialAction":[{"@type":"SearchAction","target":{"@type":"EntryPoint","urlTemplate":"https:\/\/instytutpolski.pl\/wien\/?s={search_term_string}"},"query-input":{"@type":"PropertyValueSpecification","valueRequired":true,"valueName":"search_term_string"}}],"inLanguage":"pl-PL"}]}},"_links":{"self":[{"href":"https:\/\/instytutpolski.pl\/wien\/wp-json\/wp\/v2\/pages\/5282","targetHints":{"allow":["GET"]}}],"collection":[{"href":"https:\/\/instytutpolski.pl\/wien\/wp-json\/wp\/v2\/pages"}],"about":[{"href":"https:\/\/instytutpolski.pl\/wien\/wp-json\/wp\/v2\/types\/page"}],"author":[{"embeddable":true,"href":"https:\/\/instytutpolski.pl\/wien\/wp-json\/wp\/v2\/users\/85"}],"replies":[{"embeddable":true,"href":"https:\/\/instytutpolski.pl\/wien\/wp-json\/wp\/v2\/comments?post=5282"}],"version-history":[{"count":18,"href":"https:\/\/instytutpolski.pl\/wien\/wp-json\/wp\/v2\/pages\/5282\/revisions"}],"predecessor-version":[{"id":5363,"href":"https:\/\/instytutpolski.pl\/wien\/wp-json\/wp\/v2\/pages\/5282\/revisions\/5363"}],"wp:featuredmedia":[{"embeddable":true,"href":"https:\/\/instytutpolski.pl\/wien\/wp-json\/wp\/v2\/media\/1939"}],"wp:attachment":[{"href":"https:\/\/instytutpolski.pl\/wien\/wp-json\/wp\/v2\/media?parent=5282"}],"curies":[{"name":"wp","href":"https:\/\/api.w.org\/{rel}","templated":true}]}}