{"id":543,"date":"2019-05-28T10:08:42","date_gmt":"2019-05-28T08:08:42","guid":{"rendered":"https:\/\/instytutpolski.pl\/wieden\/?page_id=543"},"modified":"2019-05-28T10:09:04","modified_gmt":"2019-05-28T08:09:04","slug":"think-tanki","status":"publish","type":"page","link":"https:\/\/instytutpolski.pl\/wien\/pl\/poznaj-polske\/o-polsce\/think-tanki\/","title":{"rendered":"Think Tanki"},"content":{"rendered":"\n<div class=\"wp-block-columns has-2-columns is-layout-flex wp-container-core-columns-is-layout-1 wp-block-columns-is-layout-flex\">\n<div class=\"wp-block-column is-layout-flow wp-block-column-is-layout-flow\">\n<div class=\"wp-block-image\"><figure class=\"aligncenter\"><img loading=\"lazy\" decoding=\"async\" width=\"225\" height=\"27\" src=\"https:\/\/instytutpolski.pl\/wieden\/wp-content\/uploads\/sites\/2\/2019\/05\/logo_PISM.jpg\" alt=\"\" class=\"wp-image-544\"\/><\/figure><\/div>\n<\/div>\n\n\n\n<div class=\"wp-block-column is-layout-flow wp-block-column-is-layout-flow\">\n<p><strong><a href=\"http:\/\/www.pism.pl\/pl\" target=\"_blank\" rel=\"noopener noreferrer\">Polski Instytut Spraw Mi\u0119dzynarodowych<\/a><\/strong><\/p>\n<p>Polski Instytut Spraw Mi\u0119dzynarodowych jest jednym z najwa\u017cniejszych \u015brodkowoeuropejskich think tank\u00f3w. Zajmuje si\u0119 polityk\u0105 zagraniczn\u0105, integracj\u0105 europejsk\u0105, bezpiecze\u0144stwem oraz mi\u0119dzynarodowymi stosunkami gospodarczymi. Sytuuj\u0105c si\u0119 mi\u0119dzy \u015bwiatem polityki a niezale\u017cn\u0105 analiz\u0105, PISM jest propagatorem idei wspieraj\u0105cych polsk\u0105 dyplomacj\u0119 oraz rozw\u00f3j stosunk\u00f3w mi\u0119dzynarodowych.<br>Portal dost\u0119pny jest w wersjach polskiej i angielskiej.<\/p>\n<\/div>\n<\/div>\n\n\n\n<div class=\"wp-block-columns has-2-columns is-layout-flex wp-container-core-columns-is-layout-2 wp-block-columns-is-layout-flex\">\n<div class=\"wp-block-column is-layout-flow wp-block-column-is-layout-flow\">\n<div class=\"wp-block-image\"><figure class=\"aligncenter\"><img loading=\"lazy\" decoding=\"async\" width=\"225\" height=\"87\" src=\"https:\/\/instytutpolski.pl\/wieden\/wp-content\/uploads\/sites\/2\/2019\/05\/OSW_kolor.jpg\" alt=\"\" class=\"wp-image-546\"\/><\/figure><\/div>\n<\/div>\n\n\n\n<div class=\"wp-block-column is-layout-flow wp-block-column-is-layout-flow\">\n<p><a href=\"http:\/\/www.osw.waw.pl\/\" target=\"_blank\" rel=\"noopener noreferrer\"><strong>O\u015brodek Studi\u00f3w Wschodnich<\/strong><\/a><\/p>\n<p>O\u015brodek Studi\u00f3w Wschodnich jest instytucj\u0105 eksperck\u0105 zajmuj\u0105c\u0105 si\u0119 analiz\u0105 sytuacji politycznej, gospodarczej i spo\u0142ecznej w pa\u0144stwach s\u0105siaduj\u0105cych z Polsk\u0105 na obszarze Europy \u015arodkowej, Europy Wschodniej, P\u00f3\u0142wyspu Ba\u0142ka\u0144skiego, Kaukazu Po\u0142udniowego, Azji Centralnej i Niemiec. OSW szczeg\u00f3lnie aktywnie w\u0142\u0105cza si\u0119 w dyskusj\u0119 dotycz\u0105c\u0105 polityki wschodniej Unii Europejskiej, wyzwa\u0144 zwi\u0105zanych z bezpiecze\u0144stwem energetycznym oraz proces\u00f3w transformacji politycznej i spo\u0142eczno-gospodarczej s\u0105siad\u00f3w Polski. Celem OSW jest zar\u00f3wno stymulowanie debaty eksperckiej jak i wsparcie informacyjne i analityczne polskich decydent\u00f3w.<br>Portal dost\u0119pny jest w wersjach polskiej i angielskiej.<\/p>\n<\/div>\n<\/div>\n\n\n\n<div class=\"wp-block-columns has-2-columns is-layout-flex wp-container-core-columns-is-layout-3 wp-block-columns-is-layout-flex\">\n<div class=\"wp-block-column is-layout-flow wp-block-column-is-layout-flow\">\n<div class=\"wp-block-image\"><figure class=\"aligncenter\"><img loading=\"lazy\" decoding=\"async\" width=\"225\" height=\"58\" src=\"https:\/\/instytutpolski.pl\/wieden\/wp-content\/uploads\/sites\/2\/2019\/05\/logoCSM.jpg\" alt=\"\" class=\"wp-image-547\"\/><\/figure><\/div>\n<\/div>\n\n\n\n<div class=\"wp-block-column is-layout-flow wp-block-column-is-layout-flow\">\n<p><a href=\"http:\/\/csm.org.pl\/\" target=\"_blank\" rel=\"noopener noreferrer\"><strong>Centrum Stosunk\u00f3w Mi\u0119dzynarodowych<\/strong><\/a><\/p>\n<p>Centrum Stosunk\u00f3w Mi\u0119dzynarodowych jest niezale\u017cnym, pozarz\u0105dowym o\u015brodkiem analitycznym zajmuj\u0105cym si\u0119 polsk\u0105 polityk\u0105 zagraniczn\u0105 i najwa\u017cniejszymi problemami polityki mi\u0119dzynarodowej. W szczeg\u00f3lno\u015bci NATO i bezpiecze\u0144stwem mi\u0119dzynarodowym, integracj\u0105 europejsk\u0105 oraz funkcjonowaniem Polski w UE, stosunkami transatlantyckimi, polityk\u0105 wschodni\u0105, migracj\u0105, polityk\u0105 klimatyczn\u0105 i energetyczn\u0105 oraz bilateralnymi i multilateralnymi kierunkami polskiej polityki zagranicznej. CSM realizuje projekty badawcze i edukacyjne, wsp\u00f3\u0142pracuje z podobnymi instytucjami z wielu kraj\u00f3w.<br>Strona dost\u0119pna jest w j\u0119zyku polskim i angielskim.<\/p>\n<\/div>\n<\/div>\n\n\n\n<div class=\"wp-block-columns has-2-columns is-layout-flex wp-container-core-columns-is-layout-4 wp-block-columns-is-layout-flex\">\n<div class=\"wp-block-column is-layout-flow wp-block-column-is-layout-flow\">\n<div class=\"wp-block-image\"><figure class=\"aligncenter\"><img loading=\"lazy\" decoding=\"async\" width=\"225\" height=\"255\" src=\"https:\/\/instytutpolski.pl\/wieden\/wp-content\/uploads\/sites\/2\/2019\/05\/logoPL_demoseuropa_RGB.jpg\" alt=\"\" class=\"wp-image-545\"\/><\/figure><\/div>\n<\/div>\n\n\n\n<div class=\"wp-block-column is-layout-flow wp-block-column-is-layout-flow\">\n<p><a href=\"http:\/\/www.demoseuropa.eu\/\" target=\"_blank\" rel=\"noopener noreferrer\"><strong>demosEUROPA<\/strong><\/a><\/p>\n<p>Fundacja demosEUROPA &#8211; Centrum Strategii Europejskiej, jest niezale\u017cnym, mi\u0119dzynarodowym o\u015brodkiem analitycznym i zajmuje si\u0119 analiz\u0105 strategicznych aspekt\u00f3w funkcjonowania Unii Europejskiej oraz jej polityki.<br>Strona dost\u0119pna jest w j\u0119zyku polskim i angielskim.<\/p>\n<\/div>\n<\/div>\n","protected":false},"excerpt":{"rendered":"<p>Polski Instytut Spraw Mi\u0119dzynarodowych Polski Instytut Spraw Mi\u0119dzynarodowych jest jednym z najwa\u017cniejszych \u015brodkowoeuropejskich think tank\u00f3w. Zajmuje si\u0119 polityk\u0105 zagraniczn\u0105, integracj\u0105 europejsk\u0105, bezpiecze\u0144stwem oraz mi\u0119dzynarodowymi stosunkami gospodarczymi. Sytuuj\u0105c si\u0119 mi\u0119dzy \u015bwiatem polityki a niezale\u017cn\u0105 analiz\u0105, PISM jest propagatorem idei wspieraj\u0105cych polsk\u0105 dyplomacj\u0119 oraz rozw\u00f3j stosunk\u00f3w mi\u0119dzynarodowych.Portal dost\u0119pny jest w wersjach polskiej i angielskiej. O\u015brodek Studi\u00f3w Wschodnich [&hellip;]<\/p>\n","protected":false},"author":1,"featured_media":0,"parent":451,"menu_order":0,"comment_status":"closed","ping_status":"closed","template":"","meta":{"inline_featured_image":false,"_monsterinsights_skip_tracking":false,"_monsterinsights_sitenote_active":false,"_monsterinsights_sitenote_note":"","_monsterinsights_sitenote_category":0,"footnotes":""},"class_list":["post-543","page","type-page","status-publish","hentry"],"yoast_head":"<!-- This site is optimized with the Yoast SEO plugin v24.6 - https:\/\/yoast.com\/wordpress\/plugins\/seo\/ -->\n<title>Think Tanki - Instytut Polski w Wiedniu<\/title>\n<meta name=\"robots\" content=\"index, follow, max-snippet:-1, max-image-preview:large, max-video-preview:-1\" \/>\n<link rel=\"canonical\" href=\"https:\/\/instytutpolski.pl\/wien\/pl\/poznaj-polske\/o-polsce\/think-tanki\/\" \/>\n<meta property=\"og:locale\" content=\"pl_PL\" \/>\n<meta property=\"og:type\" content=\"article\" \/>\n<meta property=\"og:title\" content=\"Think Tanki - Instytut Polski w Wiedniu\" \/>\n<meta property=\"og:description\" content=\"Polski Instytut Spraw Mi\u0119dzynarodowych Polski Instytut Spraw Mi\u0119dzynarodowych jest jednym z najwa\u017cniejszych \u015brodkowoeuropejskich think tank\u00f3w. Zajmuje si\u0119 polityk\u0105 zagraniczn\u0105, integracj\u0105 europejsk\u0105, bezpiecze\u0144stwem oraz mi\u0119dzynarodowymi stosunkami gospodarczymi. Sytuuj\u0105c si\u0119 mi\u0119dzy \u015bwiatem polityki a niezale\u017cn\u0105 analiz\u0105, PISM jest propagatorem idei wspieraj\u0105cych polsk\u0105 dyplomacj\u0119 oraz rozw\u00f3j stosunk\u00f3w mi\u0119dzynarodowych.Portal dost\u0119pny jest w wersjach polskiej i angielskiej. O\u015brodek Studi\u00f3w Wschodnich [&hellip;]\" \/>\n<meta property=\"og:url\" content=\"https:\/\/instytutpolski.pl\/wien\/pl\/poznaj-polske\/o-polsce\/think-tanki\/\" \/>\n<meta property=\"og:site_name\" content=\"Instytut Polski w Wiedniu\" \/>\n<meta property=\"article:modified_time\" content=\"2019-05-28T08:09:04+00:00\" \/>\n<meta property=\"og:image\" content=\"https:\/\/instytutpolski.pl\/wieden\/wp-content\/uploads\/sites\/2\/2019\/05\/logo_PISM.jpg\" \/>\n<meta name=\"twitter:card\" content=\"summary_large_image\" \/>\n<meta name=\"twitter:label1\" content=\"Szacowany czas czytania\" \/>\n\t<meta name=\"twitter:data1\" content=\"2 minuty\" \/>\n<script type=\"application\/ld+json\" class=\"yoast-schema-graph\">{\"@context\":\"https:\/\/schema.org\",\"@graph\":[{\"@type\":\"WebPage\",\"@id\":\"https:\/\/instytutpolski.pl\/wien\/pl\/poznaj-polske\/o-polsce\/think-tanki\/\",\"url\":\"https:\/\/instytutpolski.pl\/wien\/pl\/poznaj-polske\/o-polsce\/think-tanki\/\",\"name\":\"Think Tanki - Instytut Polski w Wiedniu\",\"isPartOf\":{\"@id\":\"https:\/\/instytutpolski.pl\/wien\/#website\"},\"primaryImageOfPage\":{\"@id\":\"https:\/\/instytutpolski.pl\/wien\/pl\/poznaj-polske\/o-polsce\/think-tanki\/#primaryimage\"},\"image\":{\"@id\":\"https:\/\/instytutpolski.pl\/wien\/pl\/poznaj-polske\/o-polsce\/think-tanki\/#primaryimage\"},\"thumbnailUrl\":\"https:\/\/instytutpolski.pl\/wieden\/wp-content\/uploads\/sites\/2\/2019\/05\/logo_PISM.jpg\",\"datePublished\":\"2019-05-28T08:08:42+00:00\",\"dateModified\":\"2019-05-28T08:09:04+00:00\",\"breadcrumb\":{\"@id\":\"https:\/\/instytutpolski.pl\/wien\/pl\/poznaj-polske\/o-polsce\/think-tanki\/#breadcrumb\"},\"inLanguage\":\"pl-PL\",\"potentialAction\":[{\"@type\":\"ReadAction\",\"target\":[\"https:\/\/instytutpolski.pl\/wien\/pl\/poznaj-polske\/o-polsce\/think-tanki\/\"]}]},{\"@type\":\"ImageObject\",\"inLanguage\":\"pl-PL\",\"@id\":\"https:\/\/instytutpolski.pl\/wien\/pl\/poznaj-polske\/o-polsce\/think-tanki\/#primaryimage\",\"url\":\"https:\/\/instytutpolski.pl\/wieden\/wp-content\/uploads\/sites\/2\/2019\/05\/logo_PISM.jpg\",\"contentUrl\":\"https:\/\/instytutpolski.pl\/wieden\/wp-content\/uploads\/sites\/2\/2019\/05\/logo_PISM.jpg\"},{\"@type\":\"BreadcrumbList\",\"@id\":\"https:\/\/instytutpolski.pl\/wien\/pl\/poznaj-polske\/o-polsce\/think-tanki\/#breadcrumb\",\"itemListElement\":[{\"@type\":\"ListItem\",\"position\":1,\"name\":\"Home\",\"item\":\"https:\/\/instytutpolski.pl\/wien\/pl\/\"},{\"@type\":\"ListItem\",\"position\":2,\"name\":\"Poznaj Polsk\u0119\",\"item\":\"https:\/\/instytutpolski.pl\/wien\/pl\/poznaj-polske\/\"},{\"@type\":\"ListItem\",\"position\":3,\"name\":\"O Polsce\",\"item\":\"https:\/\/instytutpolski.pl\/wien\/pl\/poznaj-polske\/o-polsce\/\"},{\"@type\":\"ListItem\",\"position\":4,\"name\":\"Think Tanki\"}]},{\"@type\":\"WebSite\",\"@id\":\"https:\/\/instytutpolski.pl\/wien\/#website\",\"url\":\"https:\/\/instytutpolski.pl\/wien\/\",\"name\":\"Instytut Polski w Wiedniu\",\"description\":\"Instytuty Polskie\",\"potentialAction\":[{\"@type\":\"SearchAction\",\"target\":{\"@type\":\"EntryPoint\",\"urlTemplate\":\"https:\/\/instytutpolski.pl\/wien\/?s={search_term_string}\"},\"query-input\":{\"@type\":\"PropertyValueSpecification\",\"valueRequired\":true,\"valueName\":\"search_term_string\"}}],\"inLanguage\":\"pl-PL\"}]}<\/script>\n<!-- \/ Yoast SEO plugin. -->","yoast_head_json":{"title":"Think Tanki - Instytut Polski w Wiedniu","robots":{"index":"index","follow":"follow","max-snippet":"max-snippet:-1","max-image-preview":"max-image-preview:large","max-video-preview":"max-video-preview:-1"},"canonical":"https:\/\/instytutpolski.pl\/wien\/pl\/poznaj-polske\/o-polsce\/think-tanki\/","og_locale":"pl_PL","og_type":"article","og_title":"Think Tanki - Instytut Polski w Wiedniu","og_description":"Polski Instytut Spraw Mi\u0119dzynarodowych Polski Instytut Spraw Mi\u0119dzynarodowych jest jednym z najwa\u017cniejszych \u015brodkowoeuropejskich think tank\u00f3w. Zajmuje si\u0119 polityk\u0105 zagraniczn\u0105, integracj\u0105 europejsk\u0105, bezpiecze\u0144stwem oraz mi\u0119dzynarodowymi stosunkami gospodarczymi. Sytuuj\u0105c si\u0119 mi\u0119dzy \u015bwiatem polityki a niezale\u017cn\u0105 analiz\u0105, PISM jest propagatorem idei wspieraj\u0105cych polsk\u0105 dyplomacj\u0119 oraz rozw\u00f3j stosunk\u00f3w mi\u0119dzynarodowych.Portal dost\u0119pny jest w wersjach polskiej i angielskiej. O\u015brodek Studi\u00f3w Wschodnich [&hellip;]","og_url":"https:\/\/instytutpolski.pl\/wien\/pl\/poznaj-polske\/o-polsce\/think-tanki\/","og_site_name":"Instytut Polski w Wiedniu","article_modified_time":"2019-05-28T08:09:04+00:00","og_image":[{"url":"https:\/\/instytutpolski.pl\/wieden\/wp-content\/uploads\/sites\/2\/2019\/05\/logo_PISM.jpg","type":"","width":"","height":""}],"twitter_card":"summary_large_image","twitter_misc":{"Szacowany czas czytania":"2 minuty"},"schema":{"@context":"https:\/\/schema.org","@graph":[{"@type":"WebPage","@id":"https:\/\/instytutpolski.pl\/wien\/pl\/poznaj-polske\/o-polsce\/think-tanki\/","url":"https:\/\/instytutpolski.pl\/wien\/pl\/poznaj-polske\/o-polsce\/think-tanki\/","name":"Think Tanki - Instytut Polski w Wiedniu","isPartOf":{"@id":"https:\/\/instytutpolski.pl\/wien\/#website"},"primaryImageOfPage":{"@id":"https:\/\/instytutpolski.pl\/wien\/pl\/poznaj-polske\/o-polsce\/think-tanki\/#primaryimage"},"image":{"@id":"https:\/\/instytutpolski.pl\/wien\/pl\/poznaj-polske\/o-polsce\/think-tanki\/#primaryimage"},"thumbnailUrl":"https:\/\/instytutpolski.pl\/wieden\/wp-content\/uploads\/sites\/2\/2019\/05\/logo_PISM.jpg","datePublished":"2019-05-28T08:08:42+00:00","dateModified":"2019-05-28T08:09:04+00:00","breadcrumb":{"@id":"https:\/\/instytutpolski.pl\/wien\/pl\/poznaj-polske\/o-polsce\/think-tanki\/#breadcrumb"},"inLanguage":"pl-PL","potentialAction":[{"@type":"ReadAction","target":["https:\/\/instytutpolski.pl\/wien\/pl\/poznaj-polske\/o-polsce\/think-tanki\/"]}]},{"@type":"ImageObject","inLanguage":"pl-PL","@id":"https:\/\/instytutpolski.pl\/wien\/pl\/poznaj-polske\/o-polsce\/think-tanki\/#primaryimage","url":"https:\/\/instytutpolski.pl\/wieden\/wp-content\/uploads\/sites\/2\/2019\/05\/logo_PISM.jpg","contentUrl":"https:\/\/instytutpolski.pl\/wieden\/wp-content\/uploads\/sites\/2\/2019\/05\/logo_PISM.jpg"},{"@type":"BreadcrumbList","@id":"https:\/\/instytutpolski.pl\/wien\/pl\/poznaj-polske\/o-polsce\/think-tanki\/#breadcrumb","itemListElement":[{"@type":"ListItem","position":1,"name":"Home","item":"https:\/\/instytutpolski.pl\/wien\/pl\/"},{"@type":"ListItem","position":2,"name":"Poznaj Polsk\u0119","item":"https:\/\/instytutpolski.pl\/wien\/pl\/poznaj-polske\/"},{"@type":"ListItem","position":3,"name":"O Polsce","item":"https:\/\/instytutpolski.pl\/wien\/pl\/poznaj-polske\/o-polsce\/"},{"@type":"ListItem","position":4,"name":"Think Tanki"}]},{"@type":"WebSite","@id":"https:\/\/instytutpolski.pl\/wien\/#website","url":"https:\/\/instytutpolski.pl\/wien\/","name":"Instytut Polski w Wiedniu","description":"Instytuty Polskie","potentialAction":[{"@type":"SearchAction","target":{"@type":"EntryPoint","urlTemplate":"https:\/\/instytutpolski.pl\/wien\/?s={search_term_string}"},"query-input":{"@type":"PropertyValueSpecification","valueRequired":true,"valueName":"search_term_string"}}],"inLanguage":"pl-PL"}]}},"_links":{"self":[{"href":"https:\/\/instytutpolski.pl\/wien\/wp-json\/wp\/v2\/pages\/543","targetHints":{"allow":["GET"]}}],"collection":[{"href":"https:\/\/instytutpolski.pl\/wien\/wp-json\/wp\/v2\/pages"}],"about":[{"href":"https:\/\/instytutpolski.pl\/wien\/wp-json\/wp\/v2\/types\/page"}],"author":[{"embeddable":true,"href":"https:\/\/instytutpolski.pl\/wien\/wp-json\/wp\/v2\/users\/1"}],"replies":[{"embeddable":true,"href":"https:\/\/instytutpolski.pl\/wien\/wp-json\/wp\/v2\/comments?post=543"}],"version-history":[{"count":2,"href":"https:\/\/instytutpolski.pl\/wien\/wp-json\/wp\/v2\/pages\/543\/revisions"}],"predecessor-version":[{"id":549,"href":"https:\/\/instytutpolski.pl\/wien\/wp-json\/wp\/v2\/pages\/543\/revisions\/549"}],"up":[{"embeddable":true,"href":"https:\/\/instytutpolski.pl\/wien\/wp-json\/wp\/v2\/pages\/451"}],"wp:attachment":[{"href":"https:\/\/instytutpolski.pl\/wien\/wp-json\/wp\/v2\/media?parent=543"}],"curies":[{"name":"wp","href":"https:\/\/api.w.org\/{rel}","templated":true}]}}