{"id":551,"date":"2019-05-23T10:08:54","date_gmt":"2019-05-23T08:08:54","guid":{"rendered":"https:\/\/instytutpolski.pl\/wieden\/?page_id=551"},"modified":"2025-07-24T14:36:15","modified_gmt":"2025-07-24T12:36:15","slug":"uber-polen-2","status":"publish","type":"page","link":"https:\/\/instytutpolski.pl\/wien\/lernen-sie-polen-kennen\/uber-polen-2\/","title":{"rendered":"\u00dcber Polen"},"content":{"rendered":"\n<h4>Polen allgemein<\/h4>\n<table style=\"border-collapse: collapse;width: 100%;height: 250px\">\n<tbody>\n<tr style=\"height: 23px\">\n<td style=\"width: 50%;height: 23px\"><strong>Offizieller Name:<\/strong><\/td>\n<td style=\"width: 50%;height: 23px\">Republik Polen<\/td>\n<\/tr>\n<tr style=\"height: 26px\">\n<td style=\"width: 50%;height: 26px\"><strong>Fl\u00e4che:<\/strong><\/td>\n<td style=\"width: 50%;height: 26px\">312.683 km<sup>2<\/sup><\/td>\n<\/tr>\n<tr style=\"height: 23px\">\n<td style=\"width: 50%;height: 23px\"><strong>Bev\u00f6lkerungszahl:<\/strong><\/td>\n<td style=\"width: 50%;height: 23px\">38,5 Mio.<\/td>\n<\/tr>\n<tr style=\"height: 23px\">\n<td style=\"width: 50%;height: 23px\"><strong>Hauptstadt:<\/strong><\/td>\n<td style=\"width: 50%;height: 23px\">Warschau (1,86 Mio. Einwohner)<\/td>\n<\/tr>\n<tr style=\"height: 23px\">\n<td style=\"width: 50%;height: 23px\"><strong>EU-Mitgliedschaft:<\/strong><\/td>\n<td style=\"width: 50%;height: 23px\">1. Mai 2004<\/td>\n<\/tr>\n<tr style=\"height: 23px\">\n<td style=\"width: 50%;height: 23px\"><strong>W\u00e4hrung:<\/strong><\/td>\n<td style=\"width: 50%;height: 23px\">PLN (Zloty) = 100 Groszy<\/td>\n<\/tr>\n<tr style=\"height: 23px\">\n<td style=\"width: 50%;height: 23px\"><strong>Sprache:<\/strong><\/td>\n<td style=\"width: 50%;height: 23px\">Polnisch<\/td>\n<\/tr>\n<tr style=\"height: 86px\">\n<td style=\"width: 50%;height: 86px\"><strong>Nationalfeiertag:<\/strong><\/td>\n<td style=\"width: 50%;height: 86px\">3. Mai \u2013 Tag der Verfassung (erste polnische Verfassung 1791) 11. November \u2013 Unabh\u00e4ngigkeitsfeiertag (Wiedererlangung der Unabh\u00e4ngigkeit 1918)<\/td>\n<\/tr>\n<\/tbody>\n<\/table>\n<p>\u00a0<\/p>\n\n\n\n<div class=\"wp-block-columns has-2-columns is-layout-flex wp-container-core-columns-is-layout-1 wp-block-columns-is-layout-flex\">\n<div class=\"wp-block-column is-layout-flow wp-block-column-is-layout-flow\">\n<h4>Staatswappen<\/h4>\n<p><img loading=\"lazy\" decoding=\"async\" class=\"alignnone size-full wp-image-457\" src=\"https:\/\/instytutpolski.pl\/wieden\/wp-content\/uploads\/sites\/2\/2019\/05\/godlo-polski-pcv.jpg\" alt=\"\" width=\"160\" height=\"120\"><\/p>\n<p>&nbsp;<\/p>\n<\/div>\n\n\n\n<div class=\"wp-block-column is-layout-flow wp-block-column-is-layout-flow\">\n<h4>Flagge<\/h4>\n<p><img loading=\"lazy\" decoding=\"async\" class=\"img-flag alignnone wp-image-456 size-full\" src=\"https:\/\/instytutpolski.pl\/wieden\/wp-content\/uploads\/sites\/2\/2019\/05\/flaga_polski.png\" alt=\"\" width=\"190\" height=\"120\"><\/p>\n<\/div>\n<\/div>\n\n\n\n<h4>Nationalhymne<\/h4>\n<div class=\"one_col first_col\">\n<p><strong>&#8222;Mazurek D\u0105browskiego&#8221;<\/strong><\/p>\n<p><em>Noch ist Polen nicht verloren,<\/em><br \/><em>Solange wir leben.<\/em><br \/><em>Was uns fremde \u00dcbermacht nahm,<\/em><br \/><em>werden wir uns mit dem S\u00e4bel zur\u00fcckholen.<\/em><\/p>\n<p><em>Marsch, marsch, D\u0105browski,<\/em><br \/><em>Aus dem italienischen Land nach Polen.<\/em><br \/><em>Unter deiner F\u00fchrung<\/em><br \/><em>Vereinen wir uns mit der Nation.<\/em><\/p>\n<p><em>Wir werden Weichsel und Warthe durchschreiten,<\/em><br \/><em>Wir werden Polen sein,<\/em><br \/><em>Bonaparte gab uns vor,<\/em><br \/><em>Wie wir zu siegen haben.<\/em><\/p>\n<p><br \/><em>Marsch, marsch, D\u0105browski \u2026<\/em><\/p>\n<p><em>Wie Czarniecki bis nach Posen<\/em><br \/><em>Nach der schwedischen Besetzung<\/em><br \/><em>Zur Rettung des Vaterlands<\/em><br \/><em>Kehren wir \u00fcbers Meer zur\u00fcck.<\/em><\/p>\n<p><em>Marsch, marsch, D\u0105browski \u2026<\/em><\/p>\n<p><em>Da spricht schon ein Vater zu seiner Basia<\/em><br \/><em>Weinend:<\/em><br \/><em>&#8222;H\u00f6re nur, es hei\u00dft, dass die Unseren<\/em><br \/><em>Die Kesselpauken schlagen.\u201c<\/em><\/p>\n<p><em>Marsch, marsch, D\u0105browski \u2026<\/em><\/p>\n<p>Text: J\u00f3zef Wybicki (1797), der Autor der Melodie ist unbekannt<\/p>\n<\/div>\n<div class=\"one_col\">\n<h4>Die wichtigsten Staatsinstitutionen:<\/h4>\n<table style=\"border-collapse: collapse;width: 100%;height: 69px\">\n<tbody>\n<tr style=\"height: 23px\">\n<td style=\"width: 50%;height: 23px\"><strong>Legislative:<\/strong><\/td>\n<td style=\"width: 50%;height: 23px\">Sejm der Republik Polen<br \/><a href=\"http:\/\/www.sejm.gov.pl\/\" target=\"_blank\" rel=\"noopener noreferrer\">www.sejm.gov.pl<\/a><br \/>Senat der Republik Polen<br \/><a href=\"http:\/\/www.senat.gov.pl\/\" target=\"_blank\" rel=\"noopener noreferrer\">www.senat.gov.pl<\/a><\/td>\n<\/tr>\n<tr style=\"height: 23px\">\n<td style=\"width: 50%;height: 23px\"><strong>Exekutive:<\/strong><\/td>\n<td style=\"width: 50%;height: 23px\">Pr\u00e4sident der Republik Polen<br \/><a href=\"http:\/\/www.prezydent.pl\/\" target=\"_blank\" rel=\"noopener noreferrer\">www.prezydent.pl<\/a><br \/>Kanzlei des Ministerpr\u00e4sidenten <br \/><a href=\"http:\/\/www.premier.gov.pl\/\" target=\"_blank\" rel=\"noopener noreferrer\">www.premier.gov.pl<\/a><\/td>\n<\/tr>\n<tr style=\"height: 23px\">\n<td style=\"width: 50%;height: 23px\"><strong>Rechtsprechende Gewalt:<\/strong><\/td>\n<td style=\"width: 50%;height: 23px\">Das Oberste Gericht der Republik Polen<br \/><a href=\"http:\/\/www.sn.pl\/\" target=\"_blank\" rel=\"noopener noreferrer\">www.sn.pl<\/a><\/td>\n<\/tr>\n<\/tbody>\n<\/table>\n<\/div>\n<h4>\u00a0<\/h4>\n<p><img loading=\"lazy\" decoding=\"async\" class=\"size-full wp-image-462 aligncenter\" src=\"https:\/\/instytutpolski.pl\/wieden\/wp-content\/uploads\/sites\/2\/2019\/05\/Polandpl_logo.jpg\" alt=\"\" width=\"115\" height=\"70\" \/><\/p>\n<h4>Portal <a href=\"http:\/\/www.poland.pl\" target=\"_blank\" rel=\"noopener noreferrer\">www.poland.pl<\/a><\/h4>\n<p class=\"one_col\">Die offizielle Informationsplattform \u00fcber Polen h\u00e4lt grundlegende und n\u00fctzliche Informationen \u00fcber Land, Tourismus, Wissenschaft und Gesch\u00e4ftsleben bereit.<\/p>\n<p class=\"one_col\">Das Portal ist in englischer Version verf\u00fcgbar.<\/p>\n<p>\u00a0<\/p>\n<p><img loading=\"lazy\" decoding=\"async\" class=\"size-full wp-image-463 aligncenter\" src=\"https:\/\/instytutpolski.pl\/wieden\/wp-content\/uploads\/sites\/2\/2019\/05\/Polskie-Radio.jpg\" alt=\"\" width=\"220\" height=\"70\" \/><\/p>\n<h4>Radio Poland<\/h4>\n<p>Der Sender des Polnischen Rundfunks wendet sich an die Ausl\u00e4nder und Auslandspolen. Der Auslandsdienst des Polnischen Run<span class=\"text_exposed_show\">dfunks ist auch auf Deutsch verf\u00fcgbar<\/span>. Radio Poland berichtet \u00fcber Ereignisse in Polen, polnische Auslandspolitik, Wirtschaft, Business und Auslandsinvestitionen.<\/p>\n<p><a href=\"http:\/\/www.radiozagranica.pl\" target=\"_blank\" rel=\"noopener noreferrer\">http:\/\/www.radiozagranica.pl<\/a><\/p>\n<p>\u00a0<\/p>\n<p><img loading=\"lazy\" decoding=\"async\" class=\"size-full wp-image-464 aligncenter\" src=\"https:\/\/instytutpolski.pl\/wieden\/wp-content\/uploads\/sites\/2\/2019\/05\/pap-1.jpg\" alt=\"\" width=\"115\" height=\"70\" \/><\/p>\n<h4>Polnische Presseagentur<\/h4>\n<p>Polnische Presseagentur ist die staatliche Nachrichtenagentur des Landes Polen. Ihre Aufgabe besteht in der Vermittlung der Nachrichten aus In- und Ausland.<\/p>\n<p><a href=\"http:\/\/www.pap.pl\" target=\"_blank\" rel=\"noopener noreferrer\">www.pap.pl<\/a><\/p>\n","protected":false},"excerpt":{"rendered":"<p>Polen allgemein Offizieller Name: Republik Polen Fl\u00e4che: 312.683 km2 Bev\u00f6lkerungszahl: 38,5 Mio. Hauptstadt: Warschau (1,86 Mio. Einwohner) EU-Mitgliedschaft: 1. Mai 2004 W\u00e4hrung: PLN (Zloty) = 100 Groszy Sprache: Polnisch Nationalfeiertag: 3. Mai \u2013 Tag der Verfassung (erste polnische Verfassung 1791) 11. November \u2013 Unabh\u00e4ngigkeitsfeiertag (Wiedererlangung der Unabh\u00e4ngigkeit 1918) \u00a0 Staatswappen &nbsp; Flagge Nationalhymne &#8222;Mazurek D\u0105browskiego&#8221; [&hellip;]<\/p>\n","protected":false},"author":1,"featured_media":712,"parent":778,"menu_order":0,"comment_status":"closed","ping_status":"closed","template":"","meta":{"inline_featured_image":false,"_monsterinsights_skip_tracking":false,"_monsterinsights_sitenote_active":false,"_monsterinsights_sitenote_note":"","_monsterinsights_sitenote_category":0,"footnotes":""},"class_list":["post-551","page","type-page","status-publish","has-post-thumbnail","hentry"],"yoast_head":"<!-- This site is optimized with the Yoast SEO plugin v24.6 - https:\/\/yoast.com\/wordpress\/plugins\/seo\/ -->\n<title>\u00dcber Polen - Instytut Polski w Wiedniu<\/title>\n<meta name=\"robots\" content=\"index, follow, max-snippet:-1, max-image-preview:large, max-video-preview:-1\" \/>\n<link rel=\"canonical\" href=\"https:\/\/instytutpolski.pl\/wien\/lernen-sie-polen-kennen\/uber-polen-2\/\" \/>\n<meta property=\"og:locale\" content=\"pl_PL\" \/>\n<meta property=\"og:type\" content=\"article\" \/>\n<meta property=\"og:title\" content=\"\u00dcber Polen - Instytut Polski w Wiedniu\" \/>\n<meta property=\"og:description\" content=\"Polen allgemein Offizieller Name: Republik Polen Fl\u00e4che: 312.683 km2 Bev\u00f6lkerungszahl: 38,5 Mio. Hauptstadt: Warschau (1,86 Mio. Einwohner) EU-Mitgliedschaft: 1. Mai 2004 W\u00e4hrung: PLN (Zloty) = 100 Groszy Sprache: Polnisch Nationalfeiertag: 3. Mai \u2013 Tag der Verfassung (erste polnische Verfassung 1791) 11. November \u2013 Unabh\u00e4ngigkeitsfeiertag (Wiedererlangung der Unabh\u00e4ngigkeit 1918) \u00a0 Staatswappen &nbsp; Flagge Nationalhymne &#8222;Mazurek D\u0105browskiego&#8221; [&hellip;]\" \/>\n<meta property=\"og:url\" content=\"https:\/\/instytutpolski.pl\/wien\/lernen-sie-polen-kennen\/uber-polen-2\/\" \/>\n<meta property=\"og:site_name\" content=\"Instytut Polski w Wiedniu\" \/>\n<meta property=\"article:modified_time\" content=\"2025-07-24T12:36:15+00:00\" \/>\n<meta property=\"og:image\" content=\"https:\/\/instytutpolski.pl\/wien\/wp-content\/uploads\/sites\/2\/2019\/06\/o-polsce.jpg\" \/>\n\t<meta property=\"og:image:width\" content=\"1920\" \/>\n\t<meta property=\"og:image:height\" content=\"700\" \/>\n\t<meta property=\"og:image:type\" content=\"image\/jpeg\" \/>\n<meta name=\"twitter:card\" content=\"summary_large_image\" \/>\n<meta name=\"twitter:label1\" content=\"Szacowany czas czytania\" \/>\n\t<meta name=\"twitter:data1\" content=\"3 minuty\" \/>\n<script type=\"application\/ld+json\" class=\"yoast-schema-graph\">{\"@context\":\"https:\/\/schema.org\",\"@graph\":[{\"@type\":\"WebPage\",\"@id\":\"https:\/\/instytutpolski.pl\/wien\/lernen-sie-polen-kennen\/uber-polen-2\/\",\"url\":\"https:\/\/instytutpolski.pl\/wien\/lernen-sie-polen-kennen\/uber-polen-2\/\",\"name\":\"\u00dcber Polen - Instytut Polski w Wiedniu\",\"isPartOf\":{\"@id\":\"https:\/\/instytutpolski.pl\/wien\/#website\"},\"primaryImageOfPage\":{\"@id\":\"https:\/\/instytutpolski.pl\/wien\/lernen-sie-polen-kennen\/uber-polen-2\/#primaryimage\"},\"image\":{\"@id\":\"https:\/\/instytutpolski.pl\/wien\/lernen-sie-polen-kennen\/uber-polen-2\/#primaryimage\"},\"thumbnailUrl\":\"https:\/\/instytutpolski.pl\/wien\/wp-content\/uploads\/sites\/2\/2019\/06\/o-polsce.jpg\",\"datePublished\":\"2019-05-23T08:08:54+00:00\",\"dateModified\":\"2025-07-24T12:36:15+00:00\",\"breadcrumb\":{\"@id\":\"https:\/\/instytutpolski.pl\/wien\/lernen-sie-polen-kennen\/uber-polen-2\/#breadcrumb\"},\"inLanguage\":\"pl-PL\",\"potentialAction\":[{\"@type\":\"ReadAction\",\"target\":[\"https:\/\/instytutpolski.pl\/wien\/lernen-sie-polen-kennen\/uber-polen-2\/\"]}]},{\"@type\":\"ImageObject\",\"inLanguage\":\"pl-PL\",\"@id\":\"https:\/\/instytutpolski.pl\/wien\/lernen-sie-polen-kennen\/uber-polen-2\/#primaryimage\",\"url\":\"https:\/\/instytutpolski.pl\/wien\/wp-content\/uploads\/sites\/2\/2019\/06\/o-polsce.jpg\",\"contentUrl\":\"https:\/\/instytutpolski.pl\/wien\/wp-content\/uploads\/sites\/2\/2019\/06\/o-polsce.jpg\",\"width\":1920,\"height\":700},{\"@type\":\"BreadcrumbList\",\"@id\":\"https:\/\/instytutpolski.pl\/wien\/lernen-sie-polen-kennen\/uber-polen-2\/#breadcrumb\",\"itemListElement\":[{\"@type\":\"ListItem\",\"position\":1,\"name\":\"Home\",\"item\":\"https:\/\/instytutpolski.pl\/wien\/pl\/\"},{\"@type\":\"ListItem\",\"position\":2,\"name\":\"Lernen Sie Polen kennen\",\"item\":\"https:\/\/instytutpolski.pl\/wien\/lernen-sie-polen-kennen\/\"},{\"@type\":\"ListItem\",\"position\":3,\"name\":\"\u00dcber Polen\"}]},{\"@type\":\"WebSite\",\"@id\":\"https:\/\/instytutpolski.pl\/wien\/#website\",\"url\":\"https:\/\/instytutpolski.pl\/wien\/\",\"name\":\"Instytut Polski w Wiedniu\",\"description\":\"Instytuty Polskie\",\"potentialAction\":[{\"@type\":\"SearchAction\",\"target\":{\"@type\":\"EntryPoint\",\"urlTemplate\":\"https:\/\/instytutpolski.pl\/wien\/?s={search_term_string}\"},\"query-input\":{\"@type\":\"PropertyValueSpecification\",\"valueRequired\":true,\"valueName\":\"search_term_string\"}}],\"inLanguage\":\"pl-PL\"}]}<\/script>\n<!-- \/ Yoast SEO plugin. -->","yoast_head_json":{"title":"\u00dcber Polen - Instytut Polski w Wiedniu","robots":{"index":"index","follow":"follow","max-snippet":"max-snippet:-1","max-image-preview":"max-image-preview:large","max-video-preview":"max-video-preview:-1"},"canonical":"https:\/\/instytutpolski.pl\/wien\/lernen-sie-polen-kennen\/uber-polen-2\/","og_locale":"pl_PL","og_type":"article","og_title":"\u00dcber Polen - Instytut Polski w Wiedniu","og_description":"Polen allgemein Offizieller Name: Republik Polen Fl\u00e4che: 312.683 km2 Bev\u00f6lkerungszahl: 38,5 Mio. Hauptstadt: Warschau (1,86 Mio. Einwohner) EU-Mitgliedschaft: 1. Mai 2004 W\u00e4hrung: PLN (Zloty) = 100 Groszy Sprache: Polnisch Nationalfeiertag: 3. Mai \u2013 Tag der Verfassung (erste polnische Verfassung 1791) 11. November \u2013 Unabh\u00e4ngigkeitsfeiertag (Wiedererlangung der Unabh\u00e4ngigkeit 1918) \u00a0 Staatswappen &nbsp; Flagge Nationalhymne &#8222;Mazurek D\u0105browskiego&#8221; [&hellip;]","og_url":"https:\/\/instytutpolski.pl\/wien\/lernen-sie-polen-kennen\/uber-polen-2\/","og_site_name":"Instytut Polski w Wiedniu","article_modified_time":"2025-07-24T12:36:15+00:00","og_image":[{"width":1920,"height":700,"url":"https:\/\/instytutpolski.pl\/wien\/wp-content\/uploads\/sites\/2\/2019\/06\/o-polsce.jpg","type":"image\/jpeg"}],"twitter_card":"summary_large_image","twitter_misc":{"Szacowany czas czytania":"3 minuty"},"schema":{"@context":"https:\/\/schema.org","@graph":[{"@type":"WebPage","@id":"https:\/\/instytutpolski.pl\/wien\/lernen-sie-polen-kennen\/uber-polen-2\/","url":"https:\/\/instytutpolski.pl\/wien\/lernen-sie-polen-kennen\/uber-polen-2\/","name":"\u00dcber Polen - Instytut Polski w Wiedniu","isPartOf":{"@id":"https:\/\/instytutpolski.pl\/wien\/#website"},"primaryImageOfPage":{"@id":"https:\/\/instytutpolski.pl\/wien\/lernen-sie-polen-kennen\/uber-polen-2\/#primaryimage"},"image":{"@id":"https:\/\/instytutpolski.pl\/wien\/lernen-sie-polen-kennen\/uber-polen-2\/#primaryimage"},"thumbnailUrl":"https:\/\/instytutpolski.pl\/wien\/wp-content\/uploads\/sites\/2\/2019\/06\/o-polsce.jpg","datePublished":"2019-05-23T08:08:54+00:00","dateModified":"2025-07-24T12:36:15+00:00","breadcrumb":{"@id":"https:\/\/instytutpolski.pl\/wien\/lernen-sie-polen-kennen\/uber-polen-2\/#breadcrumb"},"inLanguage":"pl-PL","potentialAction":[{"@type":"ReadAction","target":["https:\/\/instytutpolski.pl\/wien\/lernen-sie-polen-kennen\/uber-polen-2\/"]}]},{"@type":"ImageObject","inLanguage":"pl-PL","@id":"https:\/\/instytutpolski.pl\/wien\/lernen-sie-polen-kennen\/uber-polen-2\/#primaryimage","url":"https:\/\/instytutpolski.pl\/wien\/wp-content\/uploads\/sites\/2\/2019\/06\/o-polsce.jpg","contentUrl":"https:\/\/instytutpolski.pl\/wien\/wp-content\/uploads\/sites\/2\/2019\/06\/o-polsce.jpg","width":1920,"height":700},{"@type":"BreadcrumbList","@id":"https:\/\/instytutpolski.pl\/wien\/lernen-sie-polen-kennen\/uber-polen-2\/#breadcrumb","itemListElement":[{"@type":"ListItem","position":1,"name":"Home","item":"https:\/\/instytutpolski.pl\/wien\/pl\/"},{"@type":"ListItem","position":2,"name":"Lernen Sie Polen kennen","item":"https:\/\/instytutpolski.pl\/wien\/lernen-sie-polen-kennen\/"},{"@type":"ListItem","position":3,"name":"\u00dcber Polen"}]},{"@type":"WebSite","@id":"https:\/\/instytutpolski.pl\/wien\/#website","url":"https:\/\/instytutpolski.pl\/wien\/","name":"Instytut Polski w Wiedniu","description":"Instytuty Polskie","potentialAction":[{"@type":"SearchAction","target":{"@type":"EntryPoint","urlTemplate":"https:\/\/instytutpolski.pl\/wien\/?s={search_term_string}"},"query-input":{"@type":"PropertyValueSpecification","valueRequired":true,"valueName":"search_term_string"}}],"inLanguage":"pl-PL"}]}},"_links":{"self":[{"href":"https:\/\/instytutpolski.pl\/wien\/wp-json\/wp\/v2\/pages\/551","targetHints":{"allow":["GET"]}}],"collection":[{"href":"https:\/\/instytutpolski.pl\/wien\/wp-json\/wp\/v2\/pages"}],"about":[{"href":"https:\/\/instytutpolski.pl\/wien\/wp-json\/wp\/v2\/types\/page"}],"author":[{"embeddable":true,"href":"https:\/\/instytutpolski.pl\/wien\/wp-json\/wp\/v2\/users\/1"}],"replies":[{"embeddable":true,"href":"https:\/\/instytutpolski.pl\/wien\/wp-json\/wp\/v2\/comments?post=551"}],"version-history":[{"count":11,"href":"https:\/\/instytutpolski.pl\/wien\/wp-json\/wp\/v2\/pages\/551\/revisions"}],"predecessor-version":[{"id":27228,"href":"https:\/\/instytutpolski.pl\/wien\/wp-json\/wp\/v2\/pages\/551\/revisions\/27228"}],"up":[{"embeddable":true,"href":"https:\/\/instytutpolski.pl\/wien\/wp-json\/wp\/v2\/pages\/778"}],"wp:featuredmedia":[{"embeddable":true,"href":"https:\/\/instytutpolski.pl\/wien\/wp-json\/wp\/v2\/media\/712"}],"wp:attachment":[{"href":"https:\/\/instytutpolski.pl\/wien\/wp-json\/wp\/v2\/media?parent=551"}],"curies":[{"name":"wp","href":"https:\/\/api.w.org\/{rel}","templated":true}]}}