{"id":572,"date":"2019-05-23T13:54:59","date_gmt":"2019-05-23T11:54:59","guid":{"rendered":"https:\/\/instytutpolski.pl\/wieden\/?page_id=572"},"modified":"2025-07-30T12:04:50","modified_gmt":"2025-07-30T10:04:50","slug":"geschichte","status":"publish","type":"page","link":"https:\/\/instytutpolski.pl\/wien\/lernen-sie-polen-kennen\/uber-polen-2\/geschichte\/","title":{"rendered":"Geschichte"},"content":{"rendered":"\n<div class=\"wp-block-columns has-2-columns is-layout-flex wp-container-core-columns-is-layout-1 wp-block-columns-is-layout-flex\">\n<div class=\"wp-block-column is-layout-flow wp-block-column-is-layout-flow\"><div class=\"wp-block-image\">\n<figure class=\"aligncenter is-resized\"><img loading=\"lazy\" decoding=\"async\" width=\"225\" height=\"79\" src=\"https:\/\/instytutpolski.pl\/wieden\/wp-content\/uploads\/sites\/2\/2019\/05\/ipn_subpage.jpg\" alt=\"\" class=\"wp-image-511\" style=\"width:267px;height:auto\" \/><\/figure><\/div><\/div>\n\n\n\n<div class=\"wp-block-column is-layout-flow wp-block-column-is-layout-flow\">\n<p><a href=\"http:\/\/www.ipn.gov.pl\/\"><strong>Institut f\u00fcr Nationales Gedenken \/ Instytut Pami\u0119ci Narodowej (IPN)<\/strong><\/a><\/p>\n<p>Institut f\u00fcr Nationales Gedenken \u2013 Die Kommission zur Strafverfolgung von Verbrechen gegen das polnische Volk ist eine wissenschaftliche Institution mit Berechtigungen zur Durchf\u00fchrung von Ermittlungen. Die Hauptaufgaben des IPN sind die Sammlung und Verwaltung von Dokumenten der Sicherheitsorgane des Staates, die in der Zeit zwischen 22. Juli 1944 und 31. Dezember 1989 erstellt wurden, die Verfolgung von nationalsozialistischen und kommunistischen Verbrechen sowie eine inhaltlich sehr breit angelegte Bildungs- und Forschungst\u00e4tigkeit.<\/p>\n<p>Das Portal ist in polnischer und englischer Version verf\u00fcgbar.<\/p>\n<\/div>\n<\/div>\n\n\n\n<div class=\"wp-block-columns has-2-columns is-layout-flex wp-container-core-columns-is-layout-2 wp-block-columns-is-layout-flex\">\n<div class=\"wp-block-column is-layout-flow wp-block-column-is-layout-flow\"><div class=\"wp-block-image\">\n<figure class=\"aligncenter size-full is-resized\"><img loading=\"lazy\" decoding=\"async\" width=\"287\" height=\"90\" src=\"https:\/\/instytutpolski.pl\/wien\/wp-content\/uploads\/sites\/2\/2025\/07\/logo-color-2.jpg\" alt=\"\" class=\"wp-image-27261\" style=\"width:239px;height:auto\" \/><\/figure><\/div><\/div>\n\n\n\n<div class=\"wp-block-column is-layout-flow wp-block-column-is-layout-flow\">\n<p><a href=\"http:\/\/www.ecs.gda.pl\/\" target=\"_blank\" rel=\"noopener noreferrer\"><strong>Europ\u00e4isches Solidarit\u00e4tszentrum \/ Europejskie Centrum Solidarno\u015bci<\/strong><\/a><\/p>\n<p>Das Europ\u00e4ische Solidarno\u015b\u0107-Zentrum ist eine Institution, die Wissenschafts-, Kultur- und Weiterbildungst\u00e4tigkeiten mit einem modernen Museum und einem Archiv, das Aktivit\u00e4ten der Demokratie- und Befreiungsbewegungen in der j\u00fcngsten Geschichte Polens und Europas dokumentiert, verbindet.<\/p>\n<p>Das Portal ist in polnischer, englischer, deutscher und russischer Version verf\u00fcgbar.<\/p>\n<\/div>\n<\/div>\n\n\n\n<div class=\"wp-block-columns has-2-columns is-layout-flex wp-container-core-columns-is-layout-3 wp-block-columns-is-layout-flex\">\n<div class=\"wp-block-column is-layout-flow wp-block-column-is-layout-flow\"><\/div>\n\n\n\n<div class=\"wp-block-column is-layout-flow wp-block-column-is-layout-flow\"><\/div>\n<\/div>\n\n\n\n<div class=\"wp-block-columns has-2-columns is-layout-flex wp-container-core-columns-is-layout-4 wp-block-columns-is-layout-flex\">\n<div class=\"wp-block-column is-layout-flow wp-block-column-is-layout-flow\"><div class=\"wp-block-image\">\n<figure class=\"aligncenter is-resized\"><img loading=\"lazy\" decoding=\"async\" width=\"225\" height=\"54\" src=\"https:\/\/instytutpolski.pl\/wieden\/wp-content\/uploads\/sites\/2\/2019\/05\/karta_subpage.jpg\" alt=\"\" class=\"wp-image-512\" style=\"width:272px;height:auto\" \/><\/figure><\/div><\/div>\n\n\n\n<div class=\"wp-block-column is-layout-flow wp-block-column-is-layout-flow\">\n<p><strong><a href=\"http:\/\/www.karta.org.pl\/\" target=\"_blank\" rel=\"noopener noreferrer\">KARTA-Zentrum (Polnisches Zentrum f\u00fcr Zeitgeschichte) \/ O\u015brodek Karta<\/a><\/strong><\/p>\n<p>Die unabh\u00e4ngige Nichtregierungsorganisation befasst sich mit dem Dokumentieren und Vermitteln der j\u00fcngsten Geschichte Polens und Ostmitteleuropas (von den Anf\u00e4ngen des 20. Jahrhunderts bis zum Jahr 1989) und f\u00f6rdert die Verbreitung von Toleranz und Demokratie.<\/p>\n<p>Das Portal ist in polnischer Version verf\u00fcgbar.<\/p>\n<\/div>\n<\/div>\n\n\n\n<div class=\"wp-block-columns has-2-columns is-layout-flex wp-container-core-columns-is-layout-5 wp-block-columns-is-layout-flex\">\n<div class=\"wp-block-column is-layout-flow wp-block-column-is-layout-flow\"><div class=\"wp-block-image\">\n<figure class=\"aligncenter is-resized\"><img loading=\"lazy\" decoding=\"async\" width=\"225\" height=\"178\" src=\"https:\/\/instytutpolski.pl\/wieden\/wp-content\/uploads\/sites\/2\/2019\/05\/logo_archiwa.jpg\" alt=\"\" class=\"wp-image-513\" style=\"width:217px;height:auto\" \/><\/figure><\/div><\/div>\n\n\n\n<div class=\"wp-block-column is-layout-flow wp-block-column-is-layout-flow\">\n<p style=\"text-align: left\"><strong><a href=\"https:\/\/archiwa.gov.pl\/en\/\" target=\"_blank\" rel=\"noopener noreferrer\">Hauptdirektion der Staatlichen Archive Polens \/ Naczelna Dyrekcja Archiw\u00f3w Pa\u0144stwowych<\/a><\/strong><\/p>\n<p style=\"text-align: left\">Dieses Portal enth\u00e4lt umfangreiche Informationen \u00fcber die Vergangenheit Polens sowie eine Datenbank. Zudem stellt es Informationen \u00fcber wissenschaftliche Ausstellungen und Ver\u00f6ffentlichungen zur allgemeinen Verf\u00fcgung.<\/p>\n<p>Das Portal ist in polnischer und englischer Version verf\u00fcgbar.<\/p>\n<\/div>\n<\/div>\n\n\n\n<div class=\"wp-block-columns has-2-columns is-layout-flex wp-container-core-columns-is-layout-6 wp-block-columns-is-layout-flex\">\n<div class=\"wp-block-column is-layout-flow wp-block-column-is-layout-flow\"><div class=\"wp-block-image\">\n<figure class=\"aligncenter size-large is-resized\"><img loading=\"lazy\" decoding=\"async\" width=\"1024\" height=\"536\" src=\"https:\/\/instytutpolski.pl\/wien\/wp-content\/uploads\/sites\/2\/2025\/07\/LOGO_DZIEJE-1024x536.jpg\" alt=\"\" class=\"wp-image-27272\" style=\"width:239px;height:auto\" srcset=\"https:\/\/instytutpolski.pl\/wien\/wp-content\/uploads\/sites\/2\/2025\/07\/LOGO_DZIEJE-1024x536.jpg 1024w, https:\/\/instytutpolski.pl\/wien\/wp-content\/uploads\/sites\/2\/2025\/07\/LOGO_DZIEJE-300x157.jpg 300w, https:\/\/instytutpolski.pl\/wien\/wp-content\/uploads\/sites\/2\/2025\/07\/LOGO_DZIEJE-768x402.jpg 768w, https:\/\/instytutpolski.pl\/wien\/wp-content\/uploads\/sites\/2\/2025\/07\/LOGO_DZIEJE-1536x804.jpg 1536w, https:\/\/instytutpolski.pl\/wien\/wp-content\/uploads\/sites\/2\/2025\/07\/LOGO_DZIEJE-2048x1072.jpg 2048w\" sizes=\"auto, (max-width: 1024px) 100vw, 1024px\" \/><\/figure><\/div><\/div>\n\n\n\n<div class=\"wp-block-column is-layout-flow wp-block-column-is-layout-flow\">\n<p><a href=\"https:\/\/dzieje.pl\/\" target=\"_blank\" rel=\"noopener noreferrer\"><strong> Dzieje.pl \u2013 Das polnische Geschichtsportal \/ dzieje.pl <\/strong><\/a><strong><a href=\"https:\/\/dzieje.pl\/\" target=\"_blank\" rel=\"noopener noreferrer\">\u2013 portal historyczny\u00a0<\/a><\/strong><\/p>\n<p>Das Online-Portal bietet t\u00e4glich aktualisierte Inhalte zur polnischen Geschichte des 20. und 21. Jahrhunderts, darunter Artikel, Videos, Dokumentarfilme, Archivfotografien, Infografiken sowie historische Karten. Dzieje.pl informiert \u00fcber historische Jahrestage, aktuelle Gedenkveranstaltungen und \u00fcber die neuesten Forschungsergebnisse.\u00a0<br \/>Die Website wird von JournalistInnen der Polnischen Presseagentur (PAP) betreut.<br data-start=\"692\" data-end=\"695\" \/>Herausgeber ist das Museum der Geschichte Polens in Zusammenarbeit mit der PAP.<br data-start=\"778\" data-end=\"781\" \/>Offizieller Partner ist das Ministerium f\u00fcr Kultur und Nationales Erbe.<\/p>\n<p>Das Portal ist in polnischer Version verf\u00fcgbar.<\/p>\n<p>\u00a0<\/p>\n<\/div>\n<\/div>\n\n\n\n<div class=\"wp-block-columns has-2-columns is-layout-flex wp-container-core-columns-is-layout-7 wp-block-columns-is-layout-flex\">\n<div class=\"wp-block-column is-layout-flow wp-block-column-is-layout-flow\"><\/div>\n\n\n\n<div class=\"wp-block-column is-layout-flow wp-block-column-is-layout-flow\"><\/div>\n<\/div>\n","protected":false},"excerpt":{"rendered":"<p>Institut f\u00fcr Nationales Gedenken \/ Instytut Pami\u0119ci Narodowej (IPN) Institut f\u00fcr Nationales Gedenken \u2013 Die Kommission zur Strafverfolgung von Verbrechen gegen das polnische Volk ist eine wissenschaftliche Institution mit Berechtigungen zur Durchf\u00fchrung von Ermittlungen. Die Hauptaufgaben des IPN sind die Sammlung und Verwaltung von Dokumenten der Sicherheitsorgane des Staates, die in der Zeit zwischen 22. [&hellip;]<\/p>\n","protected":false},"author":1,"featured_media":824,"parent":551,"menu_order":0,"comment_status":"closed","ping_status":"closed","template":"","meta":{"inline_featured_image":false,"_monsterinsights_skip_tracking":false,"_monsterinsights_sitenote_active":false,"_monsterinsights_sitenote_note":"","_monsterinsights_sitenote_category":0,"footnotes":""},"class_list":["post-572","page","type-page","status-publish","has-post-thumbnail","hentry"],"yoast_head":"<!-- This site is optimized with the Yoast SEO plugin v24.6 - https:\/\/yoast.com\/wordpress\/plugins\/seo\/ -->\n<title>Geschichte - Instytut Polski w Wiedniu<\/title>\n<meta name=\"robots\" content=\"index, follow, max-snippet:-1, max-image-preview:large, max-video-preview:-1\" \/>\n<link rel=\"canonical\" href=\"https:\/\/instytutpolski.pl\/wien\/lernen-sie-polen-kennen\/uber-polen-2\/geschichte\/\" \/>\n<meta property=\"og:locale\" content=\"pl_PL\" \/>\n<meta property=\"og:type\" content=\"article\" \/>\n<meta property=\"og:title\" content=\"Geschichte - Instytut Polski w Wiedniu\" \/>\n<meta property=\"og:description\" content=\"Institut f\u00fcr Nationales Gedenken \/ Instytut Pami\u0119ci Narodowej (IPN) Institut f\u00fcr Nationales Gedenken \u2013 Die Kommission zur Strafverfolgung von Verbrechen gegen das polnische Volk ist eine wissenschaftliche Institution mit Berechtigungen zur Durchf\u00fchrung von Ermittlungen. Die Hauptaufgaben des IPN sind die Sammlung und Verwaltung von Dokumenten der Sicherheitsorgane des Staates, die in der Zeit zwischen 22. [&hellip;]\" \/>\n<meta property=\"og:url\" content=\"https:\/\/instytutpolski.pl\/wien\/lernen-sie-polen-kennen\/uber-polen-2\/geschichte\/\" \/>\n<meta property=\"og:site_name\" content=\"Instytut Polski w Wiedniu\" \/>\n<meta property=\"article:modified_time\" content=\"2025-07-30T10:04:50+00:00\" \/>\n<meta property=\"og:image\" content=\"https:\/\/instytutpolski.pl\/wien\/wp-content\/uploads\/sites\/2\/2019\/06\/polskie-uczelnie-1.jpg\" \/>\n\t<meta property=\"og:image:width\" content=\"1920\" \/>\n\t<meta property=\"og:image:height\" content=\"700\" \/>\n\t<meta property=\"og:image:type\" content=\"image\/jpeg\" \/>\n<meta name=\"twitter:card\" content=\"summary_large_image\" \/>\n<meta name=\"twitter:label1\" content=\"Szacowany czas czytania\" \/>\n\t<meta name=\"twitter:data1\" content=\"4 minuty\" \/>\n<script type=\"application\/ld+json\" class=\"yoast-schema-graph\">{\"@context\":\"https:\/\/schema.org\",\"@graph\":[{\"@type\":\"WebPage\",\"@id\":\"https:\/\/instytutpolski.pl\/wien\/lernen-sie-polen-kennen\/uber-polen-2\/geschichte\/\",\"url\":\"https:\/\/instytutpolski.pl\/wien\/lernen-sie-polen-kennen\/uber-polen-2\/geschichte\/\",\"name\":\"Geschichte - Instytut Polski w Wiedniu\",\"isPartOf\":{\"@id\":\"https:\/\/instytutpolski.pl\/wien\/#website\"},\"primaryImageOfPage\":{\"@id\":\"https:\/\/instytutpolski.pl\/wien\/lernen-sie-polen-kennen\/uber-polen-2\/geschichte\/#primaryimage\"},\"image\":{\"@id\":\"https:\/\/instytutpolski.pl\/wien\/lernen-sie-polen-kennen\/uber-polen-2\/geschichte\/#primaryimage\"},\"thumbnailUrl\":\"https:\/\/instytutpolski.pl\/wien\/wp-content\/uploads\/sites\/2\/2019\/06\/polskie-uczelnie-1.jpg\",\"datePublished\":\"2019-05-23T11:54:59+00:00\",\"dateModified\":\"2025-07-30T10:04:50+00:00\",\"breadcrumb\":{\"@id\":\"https:\/\/instytutpolski.pl\/wien\/lernen-sie-polen-kennen\/uber-polen-2\/geschichte\/#breadcrumb\"},\"inLanguage\":\"pl-PL\",\"potentialAction\":[{\"@type\":\"ReadAction\",\"target\":[\"https:\/\/instytutpolski.pl\/wien\/lernen-sie-polen-kennen\/uber-polen-2\/geschichte\/\"]}]},{\"@type\":\"ImageObject\",\"inLanguage\":\"pl-PL\",\"@id\":\"https:\/\/instytutpolski.pl\/wien\/lernen-sie-polen-kennen\/uber-polen-2\/geschichte\/#primaryimage\",\"url\":\"https:\/\/instytutpolski.pl\/wien\/wp-content\/uploads\/sites\/2\/2019\/06\/polskie-uczelnie-1.jpg\",\"contentUrl\":\"https:\/\/instytutpolski.pl\/wien\/wp-content\/uploads\/sites\/2\/2019\/06\/polskie-uczelnie-1.jpg\",\"width\":1920,\"height\":700},{\"@type\":\"BreadcrumbList\",\"@id\":\"https:\/\/instytutpolski.pl\/wien\/lernen-sie-polen-kennen\/uber-polen-2\/geschichte\/#breadcrumb\",\"itemListElement\":[{\"@type\":\"ListItem\",\"position\":1,\"name\":\"Home\",\"item\":\"https:\/\/instytutpolski.pl\/wien\/pl\/\"},{\"@type\":\"ListItem\",\"position\":2,\"name\":\"Lernen Sie Polen kennen\",\"item\":\"https:\/\/instytutpolski.pl\/wien\/lernen-sie-polen-kennen\/\"},{\"@type\":\"ListItem\",\"position\":3,\"name\":\"\u00dcber Polen\",\"item\":\"https:\/\/instytutpolski.pl\/wien\/lernen-sie-polen-kennen\/uber-polen-2\/\"},{\"@type\":\"ListItem\",\"position\":4,\"name\":\"Geschichte\"}]},{\"@type\":\"WebSite\",\"@id\":\"https:\/\/instytutpolski.pl\/wien\/#website\",\"url\":\"https:\/\/instytutpolski.pl\/wien\/\",\"name\":\"Instytut Polski w Wiedniu\",\"description\":\"Instytuty Polskie\",\"potentialAction\":[{\"@type\":\"SearchAction\",\"target\":{\"@type\":\"EntryPoint\",\"urlTemplate\":\"https:\/\/instytutpolski.pl\/wien\/?s={search_term_string}\"},\"query-input\":{\"@type\":\"PropertyValueSpecification\",\"valueRequired\":true,\"valueName\":\"search_term_string\"}}],\"inLanguage\":\"pl-PL\"}]}<\/script>\n<!-- \/ Yoast SEO plugin. -->","yoast_head_json":{"title":"Geschichte - Instytut Polski w Wiedniu","robots":{"index":"index","follow":"follow","max-snippet":"max-snippet:-1","max-image-preview":"max-image-preview:large","max-video-preview":"max-video-preview:-1"},"canonical":"https:\/\/instytutpolski.pl\/wien\/lernen-sie-polen-kennen\/uber-polen-2\/geschichte\/","og_locale":"pl_PL","og_type":"article","og_title":"Geschichte - Instytut Polski w Wiedniu","og_description":"Institut f\u00fcr Nationales Gedenken \/ Instytut Pami\u0119ci Narodowej (IPN) Institut f\u00fcr Nationales Gedenken \u2013 Die Kommission zur Strafverfolgung von Verbrechen gegen das polnische Volk ist eine wissenschaftliche Institution mit Berechtigungen zur Durchf\u00fchrung von Ermittlungen. Die Hauptaufgaben des IPN sind die Sammlung und Verwaltung von Dokumenten der Sicherheitsorgane des Staates, die in der Zeit zwischen 22. [&hellip;]","og_url":"https:\/\/instytutpolski.pl\/wien\/lernen-sie-polen-kennen\/uber-polen-2\/geschichte\/","og_site_name":"Instytut Polski w Wiedniu","article_modified_time":"2025-07-30T10:04:50+00:00","og_image":[{"width":1920,"height":700,"url":"https:\/\/instytutpolski.pl\/wien\/wp-content\/uploads\/sites\/2\/2019\/06\/polskie-uczelnie-1.jpg","type":"image\/jpeg"}],"twitter_card":"summary_large_image","twitter_misc":{"Szacowany czas czytania":"4 minuty"},"schema":{"@context":"https:\/\/schema.org","@graph":[{"@type":"WebPage","@id":"https:\/\/instytutpolski.pl\/wien\/lernen-sie-polen-kennen\/uber-polen-2\/geschichte\/","url":"https:\/\/instytutpolski.pl\/wien\/lernen-sie-polen-kennen\/uber-polen-2\/geschichte\/","name":"Geschichte - Instytut Polski w Wiedniu","isPartOf":{"@id":"https:\/\/instytutpolski.pl\/wien\/#website"},"primaryImageOfPage":{"@id":"https:\/\/instytutpolski.pl\/wien\/lernen-sie-polen-kennen\/uber-polen-2\/geschichte\/#primaryimage"},"image":{"@id":"https:\/\/instytutpolski.pl\/wien\/lernen-sie-polen-kennen\/uber-polen-2\/geschichte\/#primaryimage"},"thumbnailUrl":"https:\/\/instytutpolski.pl\/wien\/wp-content\/uploads\/sites\/2\/2019\/06\/polskie-uczelnie-1.jpg","datePublished":"2019-05-23T11:54:59+00:00","dateModified":"2025-07-30T10:04:50+00:00","breadcrumb":{"@id":"https:\/\/instytutpolski.pl\/wien\/lernen-sie-polen-kennen\/uber-polen-2\/geschichte\/#breadcrumb"},"inLanguage":"pl-PL","potentialAction":[{"@type":"ReadAction","target":["https:\/\/instytutpolski.pl\/wien\/lernen-sie-polen-kennen\/uber-polen-2\/geschichte\/"]}]},{"@type":"ImageObject","inLanguage":"pl-PL","@id":"https:\/\/instytutpolski.pl\/wien\/lernen-sie-polen-kennen\/uber-polen-2\/geschichte\/#primaryimage","url":"https:\/\/instytutpolski.pl\/wien\/wp-content\/uploads\/sites\/2\/2019\/06\/polskie-uczelnie-1.jpg","contentUrl":"https:\/\/instytutpolski.pl\/wien\/wp-content\/uploads\/sites\/2\/2019\/06\/polskie-uczelnie-1.jpg","width":1920,"height":700},{"@type":"BreadcrumbList","@id":"https:\/\/instytutpolski.pl\/wien\/lernen-sie-polen-kennen\/uber-polen-2\/geschichte\/#breadcrumb","itemListElement":[{"@type":"ListItem","position":1,"name":"Home","item":"https:\/\/instytutpolski.pl\/wien\/pl\/"},{"@type":"ListItem","position":2,"name":"Lernen Sie Polen kennen","item":"https:\/\/instytutpolski.pl\/wien\/lernen-sie-polen-kennen\/"},{"@type":"ListItem","position":3,"name":"\u00dcber Polen","item":"https:\/\/instytutpolski.pl\/wien\/lernen-sie-polen-kennen\/uber-polen-2\/"},{"@type":"ListItem","position":4,"name":"Geschichte"}]},{"@type":"WebSite","@id":"https:\/\/instytutpolski.pl\/wien\/#website","url":"https:\/\/instytutpolski.pl\/wien\/","name":"Instytut Polski w Wiedniu","description":"Instytuty Polskie","potentialAction":[{"@type":"SearchAction","target":{"@type":"EntryPoint","urlTemplate":"https:\/\/instytutpolski.pl\/wien\/?s={search_term_string}"},"query-input":{"@type":"PropertyValueSpecification","valueRequired":true,"valueName":"search_term_string"}}],"inLanguage":"pl-PL"}]}},"_links":{"self":[{"href":"https:\/\/instytutpolski.pl\/wien\/wp-json\/wp\/v2\/pages\/572","targetHints":{"allow":["GET"]}}],"collection":[{"href":"https:\/\/instytutpolski.pl\/wien\/wp-json\/wp\/v2\/pages"}],"about":[{"href":"https:\/\/instytutpolski.pl\/wien\/wp-json\/wp\/v2\/types\/page"}],"author":[{"embeddable":true,"href":"https:\/\/instytutpolski.pl\/wien\/wp-json\/wp\/v2\/users\/1"}],"replies":[{"embeddable":true,"href":"https:\/\/instytutpolski.pl\/wien\/wp-json\/wp\/v2\/comments?post=572"}],"version-history":[{"count":17,"href":"https:\/\/instytutpolski.pl\/wien\/wp-json\/wp\/v2\/pages\/572\/revisions"}],"predecessor-version":[{"id":27298,"href":"https:\/\/instytutpolski.pl\/wien\/wp-json\/wp\/v2\/pages\/572\/revisions\/27298"}],"up":[{"embeddable":true,"href":"https:\/\/instytutpolski.pl\/wien\/wp-json\/wp\/v2\/pages\/551"}],"wp:featuredmedia":[{"embeddable":true,"href":"https:\/\/instytutpolski.pl\/wien\/wp-json\/wp\/v2\/media\/824"}],"wp:attachment":[{"href":"https:\/\/instytutpolski.pl\/wien\/wp-json\/wp\/v2\/media?parent=572"}],"curies":[{"name":"wp","href":"https:\/\/api.w.org\/{rel}","templated":true}]}}