{"id":574,"date":"2019-05-28T10:08:42","date_gmt":"2019-05-28T08:08:42","guid":{"rendered":"https:\/\/instytutpolski.pl\/wieden\/?page_id=574"},"modified":"2019-05-28T13:03:09","modified_gmt":"2019-05-28T11:03:09","slug":"think-tanks","status":"publish","type":"page","link":"https:\/\/instytutpolski.pl\/wien\/lernen-sie-polen-kennen\/uber-polen-2\/think-tanks\/","title":{"rendered":"Think Tanks"},"content":{"rendered":"\n<div class=\"wp-block-columns has-2-columns is-layout-flex wp-container-core-columns-is-layout-1 wp-block-columns-is-layout-flex\">\n<div class=\"wp-block-column is-layout-flow wp-block-column-is-layout-flow\">\n<div class=\"wp-block-image\"><figure class=\"aligncenter\"><img loading=\"lazy\" decoding=\"async\" width=\"225\" height=\"27\" src=\"https:\/\/instytutpolski.pl\/wieden\/wp-content\/uploads\/sites\/2\/2019\/05\/logo_PISM.jpg\" alt=\"\" class=\"wp-image-544\"\/><\/figure><\/div>\n<\/div>\n\n\n\n<div class=\"wp-block-column is-layout-flow wp-block-column-is-layout-flow\">\n<p><strong><a href=\"http:\/\/www.pism.pl\/pl\" target=\"_blank\" rel=\"noopener noreferrer\">Polnisches Institut f\u00fcr Internationale Angelegenheiten \/ Polski Instytut Spraw Mi\u0119dzynarodowych (PISM)<\/a><\/strong><\/p>\n<p>Das Polnische Institut f\u00fcr Internationale Angelegenheiten ist einer der wichtigsten mitteleurop\u00e4ischen Thinktanks. Das PISM befasst sich mit der Au\u00dfenpolitik, der europ\u00e4ischen Integration, der Sicherheit und internationalen Wirtschaftsbeziehungen. Indem es sich zwischen der Welt der Politik und der unabh\u00e4ngigen Analyse positioniert, f\u00f6rdert das PISM Denkmodelle, die die polnische Diplomatie sowie die Entwicklung der internationalen Beziehungen unterst\u00fctzen.<\/p>\n<p>Das Portal ist in polnischer und englischer Version verf\u00fcgbar.<\/p>\n<\/div>\n<\/div>\n\n\n\n<div class=\"wp-block-columns has-2-columns is-layout-flex wp-container-core-columns-is-layout-2 wp-block-columns-is-layout-flex\">\n<div class=\"wp-block-column is-layout-flow wp-block-column-is-layout-flow\">\n<div class=\"wp-block-image\"><figure class=\"aligncenter\"><img loading=\"lazy\" decoding=\"async\" width=\"225\" height=\"87\" src=\"https:\/\/instytutpolski.pl\/wieden\/wp-content\/uploads\/sites\/2\/2019\/05\/OSW_kolor.jpg\" alt=\"\" class=\"wp-image-546\"\/><\/figure><\/div>\n<\/div>\n\n\n\n<div class=\"wp-block-column is-layout-flow wp-block-column-is-layout-flow\">\n<p><a href=\"http:\/\/www.osw.waw.pl\/\" target=\"_blank\" rel=\"noopener noreferrer\"><strong>Zentrum f\u00fcr Oststudien \/ O\u015brodek Studi\u00f3w Wschodnich (OSW)<\/strong><\/a><\/p>\n<p>Das Zentrum f\u00fcr Oststudien ist ein Experteninstitut, das sich der Analyse der politischen, wirtschaftlichen und sozialen Situation in den Nachbarl\u00e4ndern Polens auf dem Gebiet Mitteleuropas, Osteuropas, der Balkanhalbinsel, des S\u00fcdkaukasus, Zentralasiens und Deutschlands widmet. Das OSW schaltet sich besonders aktiv in die Diskussion \u00fcber die Ostpolitik der Europ\u00e4ischen Union, die mit der Sicherstellung der Verf\u00fcgbarkeit von Energieressourcen verbundenen Herausforderungen sowie in die politischen und sozialwirtschaftlichen Transformationsprozesse der Nachbarn Polens ein. Das OSW sieht seine Aufgabe sowohl in der Anregung von Expertendebatten als auch in der informativen und analytischen F\u00f6rderung der polnischen Entscheidungstr\u00e4ger.<\/p>\n<p>Das Portal ist in polnischer und englischer Version verf\u00fcgbar.<\/p>\n<\/div>\n<\/div>\n\n\n\n<div class=\"wp-block-columns has-2-columns is-layout-flex wp-container-core-columns-is-layout-3 wp-block-columns-is-layout-flex\">\n<div class=\"wp-block-column is-layout-flow wp-block-column-is-layout-flow\">\n<div class=\"wp-block-image\"><figure class=\"aligncenter\"><img loading=\"lazy\" decoding=\"async\" width=\"225\" height=\"58\" src=\"https:\/\/instytutpolski.pl\/wieden\/wp-content\/uploads\/sites\/2\/2019\/05\/logoCSM.jpg\" alt=\"\" class=\"wp-image-547\"\/><\/figure><\/div>\n<\/div>\n\n\n\n<div class=\"wp-block-column is-layout-flow wp-block-column-is-layout-flow\">\n<p><a href=\"http:\/\/csm.org.pl\/\" target=\"_blank\" rel=\"noopener noreferrer\"><strong>Zentrum F\u00fcr Internationale Beziehungen \/ Centrum Stosunk\u00f3w Mi\u0119dzynarodowych (CSM)<\/strong><\/a><\/p>\n<p>Das Zentrum f\u00fcr Internationale Beziehungen befasst sich als unabh\u00e4ngige Nichtregierungsorganisation mit der Analyse der polnischen Au\u00dfenpolitik und den wichtigsten Problemen der internationalen Politik \u2013 insbesondere mit den Belangen der NATO und der internationalen Sicherheit, der europ\u00e4ischen Integration und der Position Polens in der EU, den transatlantischen Beziehungen, der Ostpolitik, der Migration, der Klima- und Energiepolitik sowie der bilateralen und multilateralen Ausrichtung der polnischen Au\u00dfenpolitik. Das CSM f\u00fchrt Forschungs- und Bildungsprojekte durch und arbeitet mit gleichwertigen Institutionen aus vielen verschiedenen L\u00e4ndern zusammen.<\/p>\n<p>Das Portal ist in polnischer und englischer Sprache verf\u00fcgbar.<\/p>\n<\/div>\n<\/div>\n\n\n\n<div class=\"wp-block-columns has-2-columns is-layout-flex wp-container-core-columns-is-layout-4 wp-block-columns-is-layout-flex\">\n<div class=\"wp-block-column is-layout-flow wp-block-column-is-layout-flow\">\n<div class=\"wp-block-image\"><figure class=\"aligncenter\"><img loading=\"lazy\" decoding=\"async\" width=\"225\" height=\"255\" src=\"https:\/\/instytutpolski.pl\/wieden\/wp-content\/uploads\/sites\/2\/2019\/05\/logoPL_demoseuropa_RGB.jpg\" alt=\"\" class=\"wp-image-545\"\/><\/figure><\/div>\n<\/div>\n\n\n\n<div class=\"wp-block-column is-layout-flow wp-block-column-is-layout-flow\">\n<p><a href=\"http:\/\/www.demoseuropa.eu\/\" target=\"_blank\" rel=\"noopener noreferrer\"><strong>demosEUROPA<\/strong><\/a><\/p>\n<p>Die Stiftung demosEUROPA \u2013 das Zentrum f\u00fcr Europ\u00e4ische Strategien \u2013 ist ein unabh\u00e4ngiges, internationales Zentrum und widmet sich der Analyse der strategischen Ausrichtung der Europ\u00e4ischen Union und ihrer Politik.<\/p>\n<p>Das Portal ist in polnischer und englischer Sprache verf\u00fcgbar.<\/p>\n<\/div>\n<\/div>\n","protected":false},"excerpt":{"rendered":"<p>Polnisches Institut f\u00fcr Internationale Angelegenheiten \/ Polski Instytut Spraw Mi\u0119dzynarodowych (PISM) Das Polnische Institut f\u00fcr Internationale Angelegenheiten ist einer der wichtigsten mitteleurop\u00e4ischen Thinktanks. Das PISM befasst sich mit der Au\u00dfenpolitik, der europ\u00e4ischen Integration, der Sicherheit und internationalen Wirtschaftsbeziehungen. Indem es sich zwischen der Welt der Politik und der unabh\u00e4ngigen Analyse positioniert, f\u00f6rdert das PISM Denkmodelle, [&hellip;]<\/p>\n","protected":false},"author":1,"featured_media":0,"parent":551,"menu_order":0,"comment_status":"closed","ping_status":"closed","template":"","meta":{"inline_featured_image":false,"_monsterinsights_skip_tracking":false,"_monsterinsights_sitenote_active":false,"_monsterinsights_sitenote_note":"","_monsterinsights_sitenote_category":0,"footnotes":""},"class_list":["post-574","page","type-page","status-publish","hentry"],"yoast_head":"<!-- This site is optimized with the Yoast SEO plugin v24.6 - https:\/\/yoast.com\/wordpress\/plugins\/seo\/ -->\n<title>Think Tanks - Instytut Polski w Wiedniu<\/title>\n<meta name=\"robots\" content=\"index, follow, max-snippet:-1, max-image-preview:large, max-video-preview:-1\" \/>\n<link rel=\"canonical\" href=\"https:\/\/instytutpolski.pl\/wien\/lernen-sie-polen-kennen\/uber-polen-2\/think-tanks\/\" \/>\n<meta property=\"og:locale\" content=\"pl_PL\" \/>\n<meta property=\"og:type\" content=\"article\" \/>\n<meta property=\"og:title\" content=\"Think Tanks - Instytut Polski w Wiedniu\" \/>\n<meta property=\"og:description\" content=\"Polnisches Institut f\u00fcr Internationale Angelegenheiten \/ Polski Instytut Spraw Mi\u0119dzynarodowych (PISM) Das Polnische Institut f\u00fcr Internationale Angelegenheiten ist einer der wichtigsten mitteleurop\u00e4ischen Thinktanks. Das PISM befasst sich mit der Au\u00dfenpolitik, der europ\u00e4ischen Integration, der Sicherheit und internationalen Wirtschaftsbeziehungen. Indem es sich zwischen der Welt der Politik und der unabh\u00e4ngigen Analyse positioniert, f\u00f6rdert das PISM Denkmodelle, [&hellip;]\" \/>\n<meta property=\"og:url\" content=\"https:\/\/instytutpolski.pl\/wien\/lernen-sie-polen-kennen\/uber-polen-2\/think-tanks\/\" \/>\n<meta property=\"og:site_name\" content=\"Instytut Polski w Wiedniu\" \/>\n<meta property=\"article:modified_time\" content=\"2019-05-28T11:03:09+00:00\" \/>\n<meta property=\"og:image\" content=\"https:\/\/instytutpolski.pl\/wieden\/wp-content\/uploads\/sites\/2\/2019\/05\/logo_PISM.jpg\" \/>\n<meta name=\"twitter:card\" content=\"summary_large_image\" \/>\n<meta name=\"twitter:label1\" content=\"Szacowany czas czytania\" \/>\n\t<meta name=\"twitter:data1\" content=\"2 minuty\" \/>\n<script type=\"application\/ld+json\" class=\"yoast-schema-graph\">{\"@context\":\"https:\/\/schema.org\",\"@graph\":[{\"@type\":\"WebPage\",\"@id\":\"https:\/\/instytutpolski.pl\/wien\/lernen-sie-polen-kennen\/uber-polen-2\/think-tanks\/\",\"url\":\"https:\/\/instytutpolski.pl\/wien\/lernen-sie-polen-kennen\/uber-polen-2\/think-tanks\/\",\"name\":\"Think Tanks - Instytut Polski w Wiedniu\",\"isPartOf\":{\"@id\":\"https:\/\/instytutpolski.pl\/wien\/#website\"},\"primaryImageOfPage\":{\"@id\":\"https:\/\/instytutpolski.pl\/wien\/lernen-sie-polen-kennen\/uber-polen-2\/think-tanks\/#primaryimage\"},\"image\":{\"@id\":\"https:\/\/instytutpolski.pl\/wien\/lernen-sie-polen-kennen\/uber-polen-2\/think-tanks\/#primaryimage\"},\"thumbnailUrl\":\"https:\/\/instytutpolski.pl\/wieden\/wp-content\/uploads\/sites\/2\/2019\/05\/logo_PISM.jpg\",\"datePublished\":\"2019-05-28T08:08:42+00:00\",\"dateModified\":\"2019-05-28T11:03:09+00:00\",\"breadcrumb\":{\"@id\":\"https:\/\/instytutpolski.pl\/wien\/lernen-sie-polen-kennen\/uber-polen-2\/think-tanks\/#breadcrumb\"},\"inLanguage\":\"pl-PL\",\"potentialAction\":[{\"@type\":\"ReadAction\",\"target\":[\"https:\/\/instytutpolski.pl\/wien\/lernen-sie-polen-kennen\/uber-polen-2\/think-tanks\/\"]}]},{\"@type\":\"ImageObject\",\"inLanguage\":\"pl-PL\",\"@id\":\"https:\/\/instytutpolski.pl\/wien\/lernen-sie-polen-kennen\/uber-polen-2\/think-tanks\/#primaryimage\",\"url\":\"https:\/\/instytutpolski.pl\/wieden\/wp-content\/uploads\/sites\/2\/2019\/05\/logo_PISM.jpg\",\"contentUrl\":\"https:\/\/instytutpolski.pl\/wieden\/wp-content\/uploads\/sites\/2\/2019\/05\/logo_PISM.jpg\"},{\"@type\":\"BreadcrumbList\",\"@id\":\"https:\/\/instytutpolski.pl\/wien\/lernen-sie-polen-kennen\/uber-polen-2\/think-tanks\/#breadcrumb\",\"itemListElement\":[{\"@type\":\"ListItem\",\"position\":1,\"name\":\"Home\",\"item\":\"https:\/\/instytutpolski.pl\/wien\/pl\/\"},{\"@type\":\"ListItem\",\"position\":2,\"name\":\"Lernen Sie Polen kennen\",\"item\":\"https:\/\/instytutpolski.pl\/wien\/lernen-sie-polen-kennen\/\"},{\"@type\":\"ListItem\",\"position\":3,\"name\":\"\u00dcber Polen\",\"item\":\"https:\/\/instytutpolski.pl\/wien\/lernen-sie-polen-kennen\/uber-polen-2\/\"},{\"@type\":\"ListItem\",\"position\":4,\"name\":\"Think Tanks\"}]},{\"@type\":\"WebSite\",\"@id\":\"https:\/\/instytutpolski.pl\/wien\/#website\",\"url\":\"https:\/\/instytutpolski.pl\/wien\/\",\"name\":\"Instytut Polski w Wiedniu\",\"description\":\"Instytuty Polskie\",\"potentialAction\":[{\"@type\":\"SearchAction\",\"target\":{\"@type\":\"EntryPoint\",\"urlTemplate\":\"https:\/\/instytutpolski.pl\/wien\/?s={search_term_string}\"},\"query-input\":{\"@type\":\"PropertyValueSpecification\",\"valueRequired\":true,\"valueName\":\"search_term_string\"}}],\"inLanguage\":\"pl-PL\"}]}<\/script>\n<!-- \/ Yoast SEO plugin. -->","yoast_head_json":{"title":"Think Tanks - Instytut Polski w Wiedniu","robots":{"index":"index","follow":"follow","max-snippet":"max-snippet:-1","max-image-preview":"max-image-preview:large","max-video-preview":"max-video-preview:-1"},"canonical":"https:\/\/instytutpolski.pl\/wien\/lernen-sie-polen-kennen\/uber-polen-2\/think-tanks\/","og_locale":"pl_PL","og_type":"article","og_title":"Think Tanks - Instytut Polski w Wiedniu","og_description":"Polnisches Institut f\u00fcr Internationale Angelegenheiten \/ Polski Instytut Spraw Mi\u0119dzynarodowych (PISM) Das Polnische Institut f\u00fcr Internationale Angelegenheiten ist einer der wichtigsten mitteleurop\u00e4ischen Thinktanks. Das PISM befasst sich mit der Au\u00dfenpolitik, der europ\u00e4ischen Integration, der Sicherheit und internationalen Wirtschaftsbeziehungen. Indem es sich zwischen der Welt der Politik und der unabh\u00e4ngigen Analyse positioniert, f\u00f6rdert das PISM Denkmodelle, [&hellip;]","og_url":"https:\/\/instytutpolski.pl\/wien\/lernen-sie-polen-kennen\/uber-polen-2\/think-tanks\/","og_site_name":"Instytut Polski w Wiedniu","article_modified_time":"2019-05-28T11:03:09+00:00","og_image":[{"url":"https:\/\/instytutpolski.pl\/wieden\/wp-content\/uploads\/sites\/2\/2019\/05\/logo_PISM.jpg","type":"","width":"","height":""}],"twitter_card":"summary_large_image","twitter_misc":{"Szacowany czas czytania":"2 minuty"},"schema":{"@context":"https:\/\/schema.org","@graph":[{"@type":"WebPage","@id":"https:\/\/instytutpolski.pl\/wien\/lernen-sie-polen-kennen\/uber-polen-2\/think-tanks\/","url":"https:\/\/instytutpolski.pl\/wien\/lernen-sie-polen-kennen\/uber-polen-2\/think-tanks\/","name":"Think Tanks - Instytut Polski w Wiedniu","isPartOf":{"@id":"https:\/\/instytutpolski.pl\/wien\/#website"},"primaryImageOfPage":{"@id":"https:\/\/instytutpolski.pl\/wien\/lernen-sie-polen-kennen\/uber-polen-2\/think-tanks\/#primaryimage"},"image":{"@id":"https:\/\/instytutpolski.pl\/wien\/lernen-sie-polen-kennen\/uber-polen-2\/think-tanks\/#primaryimage"},"thumbnailUrl":"https:\/\/instytutpolski.pl\/wieden\/wp-content\/uploads\/sites\/2\/2019\/05\/logo_PISM.jpg","datePublished":"2019-05-28T08:08:42+00:00","dateModified":"2019-05-28T11:03:09+00:00","breadcrumb":{"@id":"https:\/\/instytutpolski.pl\/wien\/lernen-sie-polen-kennen\/uber-polen-2\/think-tanks\/#breadcrumb"},"inLanguage":"pl-PL","potentialAction":[{"@type":"ReadAction","target":["https:\/\/instytutpolski.pl\/wien\/lernen-sie-polen-kennen\/uber-polen-2\/think-tanks\/"]}]},{"@type":"ImageObject","inLanguage":"pl-PL","@id":"https:\/\/instytutpolski.pl\/wien\/lernen-sie-polen-kennen\/uber-polen-2\/think-tanks\/#primaryimage","url":"https:\/\/instytutpolski.pl\/wieden\/wp-content\/uploads\/sites\/2\/2019\/05\/logo_PISM.jpg","contentUrl":"https:\/\/instytutpolski.pl\/wieden\/wp-content\/uploads\/sites\/2\/2019\/05\/logo_PISM.jpg"},{"@type":"BreadcrumbList","@id":"https:\/\/instytutpolski.pl\/wien\/lernen-sie-polen-kennen\/uber-polen-2\/think-tanks\/#breadcrumb","itemListElement":[{"@type":"ListItem","position":1,"name":"Home","item":"https:\/\/instytutpolski.pl\/wien\/pl\/"},{"@type":"ListItem","position":2,"name":"Lernen Sie Polen kennen","item":"https:\/\/instytutpolski.pl\/wien\/lernen-sie-polen-kennen\/"},{"@type":"ListItem","position":3,"name":"\u00dcber Polen","item":"https:\/\/instytutpolski.pl\/wien\/lernen-sie-polen-kennen\/uber-polen-2\/"},{"@type":"ListItem","position":4,"name":"Think Tanks"}]},{"@type":"WebSite","@id":"https:\/\/instytutpolski.pl\/wien\/#website","url":"https:\/\/instytutpolski.pl\/wien\/","name":"Instytut Polski w Wiedniu","description":"Instytuty Polskie","potentialAction":[{"@type":"SearchAction","target":{"@type":"EntryPoint","urlTemplate":"https:\/\/instytutpolski.pl\/wien\/?s={search_term_string}"},"query-input":{"@type":"PropertyValueSpecification","valueRequired":true,"valueName":"search_term_string"}}],"inLanguage":"pl-PL"}]}},"_links":{"self":[{"href":"https:\/\/instytutpolski.pl\/wien\/wp-json\/wp\/v2\/pages\/574","targetHints":{"allow":["GET"]}}],"collection":[{"href":"https:\/\/instytutpolski.pl\/wien\/wp-json\/wp\/v2\/pages"}],"about":[{"href":"https:\/\/instytutpolski.pl\/wien\/wp-json\/wp\/v2\/types\/page"}],"author":[{"embeddable":true,"href":"https:\/\/instytutpolski.pl\/wien\/wp-json\/wp\/v2\/users\/1"}],"replies":[{"embeddable":true,"href":"https:\/\/instytutpolski.pl\/wien\/wp-json\/wp\/v2\/comments?post=574"}],"version-history":[{"count":1,"href":"https:\/\/instytutpolski.pl\/wien\/wp-json\/wp\/v2\/pages\/574\/revisions"}],"predecessor-version":[{"id":575,"href":"https:\/\/instytutpolski.pl\/wien\/wp-json\/wp\/v2\/pages\/574\/revisions\/575"}],"up":[{"embeddable":true,"href":"https:\/\/instytutpolski.pl\/wien\/wp-json\/wp\/v2\/pages\/551"}],"wp:attachment":[{"href":"https:\/\/instytutpolski.pl\/wien\/wp-json\/wp\/v2\/media?parent=574"}],"curies":[{"name":"wp","href":"https:\/\/api.w.org\/{rel}","templated":true}]}}